{"id":259354,"date":"2023-12-11T22:21:33","date_gmt":"2023-12-11T22:21:33","guid":{"rendered":"https:\/\/new.staging.swizzle.se\/produkt\/mike-tyson-cbd-blunts-i-2-pack\/"},"modified":"2026-02-04T13:53:32","modified_gmt":"2026-02-04T13:53:32","slug":"mike-tyson-hampa-blunts-1-pack","status":"publish","type":"product","link":"https:\/\/staging.swizzle.se\/en\/product-2\/mike-tyson-hampa-blunts-1-pack\/","title":{"rendered":"Mike Tyson \u2013 Hampa Blunts &#8211; 1 pack"},"content":{"rendered":"<p><strong>Mike Tyson \u2013 Hampa Blunts &#8211; 1 pack<\/strong><\/p>\n<p>Vi presenterar Tyson 2.0 x Futurola Terpene Infused Tobacco-Free Blunt Cones. Denna produkt kombinerar den legendariska Mike Tysons passion f\u00f6r enast\u00e5ende r\u00f6kupplevelser med Futurolas expertis inom rullningsl\u00f6sningar. Dessa trubbiga kottar \u00e4r noggrant skapade f\u00f6r att lyfta dina r\u00f6kritualer till nya niv\u00e5er genom att erbjuda bekv\u00e4mlighet, fantastisk smak och finaste hantverk. Det \u00e4r viktigt att notera att dessa blunts \u00e4r tillverkade av hampa och \u00e4r helt fria fr\u00e5n b\u00e5de tobak och nikotin, vilket g\u00f6r dem till ett h\u00e4lsosamt alternativ f\u00f6r r\u00f6kare.<\/p>\n<p><strong>Obs!<\/strong><br \/>\nDu m\u00e5ste vara minst 18 \u00e5r f\u00f6r att k\u00f6pa denna produkt. Den \u00e4r inte avsedd som l\u00e4kemedel, kosttillskott eller naturprodukt. Vi uppmuntrar inte till konsumtion eller r\u00f6kning av produkten. F\u00f6rvara den utom r\u00e4ckh\u00e5ll f\u00f6r barn.Vi friskriver oss fr\u00e5n hur du som kund anv\u00e4nder v\u00e5ra produkter. Vi s\u00e4ljer dem f\u00f6r samlings- och prydnadssyften.<\/p>\n<p>&nbsp;<\/p>\n<p>&nbsp;<\/p>","protected":false},"excerpt":{"rendered":"<p><strong>Mike Tyson \u2013 Hampa Blunts &#8211; 1 pack.<\/strong><\/p>\n<p>Vi presenterar Tyson 2.0 x Futurola Terpene Infused Tobacco-Free Blunt Cones. Dessa blunts \u00e4r tillverkade av hampa och fri fr\u00e5n b\u00e5de tobak &amp; nikotin.<\/p>","protected":false},"featured_media":260897,"comment_status":"open","ping_status":"closed","template":"","meta":{"site-sidebar-layout":"default","site-content-layout":"","ast-site-content-layout":"default","site-content-style":"default","site-sidebar-style":"default","ast-global-header-display":"","ast-banner-title-visibility":"","ast-main-header-display":"","ast-hfb-above-header-display":"","ast-hfb-below-header-display":"","ast-hfb-mobile-header-display":"","site-post-title":"","ast-breadcrumbs-content":"","ast-featured-img":"","footer-sml-layout":"","ast-disable-related-posts":"","theme-transparent-header-meta":"","adv-header-id-meta":"","stick-header-meta":"","header-above-stick-meta":"","header-main-stick-meta":"","header-below-stick-meta":"","astra-migrate-meta-layouts":"default","ast-page-background-enabled":"default","ast-page-background-meta":{"desktop":{"background-color":"var(--ast-global-color-4)","background-image":"","background-repeat":"repeat","background-position":"center center","background-size":"auto","background-attachment":"scroll","background-type":"","background-media":"","overlay-type":"","overlay-color":"","overlay-opacity":"","overlay-gradient":""},"tablet":{"background-color":"","background-image":"","background-repeat":"repeat","background-position":"center center","background-size":"auto","background-attachment":"scroll","background-type":"","background-media":"","overlay-type":"","overlay-color":"","overlay-opacity":"","overlay-gradient":""},"mobile":{"background-color":"","background-image":"","background-repeat":"repeat","background-position":"center center","background-size":"auto","background-attachment":"scroll","background-type":"","background-media":"","overlay-type":"","overlay-color":"","overlay-opacity":"","overlay-gradient":""}},"ast-content-background-meta":{"desktop":{"background-color":"var(--ast-global-color-5)","background-image":"","background-repeat":"repeat","background-position":"center center","background-size":"auto","background-attachment":"scroll","background-type":"","background-media":"","overlay-type":"","overlay-color":"","overlay-opacity":"","overlay-gradient":""},"tablet":{"background-color":"var(--ast-global-color-5)","background-image":"","background-repeat":"repeat","background-position":"center center","background-size":"auto","background-attachment":"scroll","background-type":"","background-media":"","overlay-type":"","overlay-color":"","overlay-opacity":"","overlay-gradient":""},"mobile":{"background-color":"var(--ast-global-color-5)","background-image":"","background-repeat":"repeat","background-position":"center center","background-size":"auto","background-attachment":"scroll","background-type":"","background-media":"","overlay-type":"","overlay-color":"","overlay-opacity":"","overlay-gradient":""}}},"product_brand":[768],"product_cat":[284,285,348],"product_tag":[],"superdeal":[],"product_variant_id":[],"class_list":{"0":"post-259354","1":"product","2":"type-product","3":"status-publish","4":"has-post-thumbnail","6":"product_brand-tyson","7":"product_cat-roktillbehor","8":"product_cat-rullpapper","9":"product_cat-tyson","10":"desktop-align-center","11":"tablet-align-left","12":"mobile-align-left","13":"ast-product-gallery-layout-horizontal-slider","14":"ast-product-gallery-with-no-image","15":"ast-magnify-disabled","16":"ast-product-tabs-layout-horizontal","18":"first","19":"outofstock","20":"sale","21":"taxable","22":"shipping-taxable","23":"purchasable","24":"product-type-simple"},"yoast_head":"<!-- This site is optimized with the Yoast SEO Premium plugin v26.9 (Yoast SEO v26.9) - https:\/\/yoast.com\/product\/yoast-seo-premium-wordpress\/ -->\n<title>Mike Tyson \u2013 Hampa Blunts - 1 pack<\/title>\n<meta name=\"description\" content=\"Mike Tyson \u2013 Hampa Blunts - 1 pack. Vi presenterar Tyson 2.0 x Futurola Terpene Infused Tobacco-Free Blunt Cones. Fri fr\u00e5n b\u00e5de tobak &amp; nikotin.\" \/>\n<meta name=\"robots\" content=\"noindex, follow, max-snippet:-1, max-image-preview:large, max-video-preview:-1\" \/>\n<meta property=\"og:locale\" content=\"en_GB\" \/>\n<meta property=\"og:type\" content=\"article\" \/>\n<meta property=\"og:title\" content=\"Mike Tyson \u2013 Hampa Blunts - 1 pack\" \/>\n<meta property=\"og:description\" content=\"Mike Tyson \u2013 Hampa Blunts - 1 pack. Vi presenterar Tyson 2.0 x Futurola Terpene Infused Tobacco-Free Blunt Cones. Fri fr\u00e5n b\u00e5de tobak &amp; nikotin.\" \/>\n<meta property=\"og:url\" content=\"https:\/\/www.swizzle.se\/produkt\/mike-tyson-hampa-blunts-1-pack\/\" \/>\n<meta property=\"og:site_name\" content=\"Swizzle\" \/>\n<meta property=\"article:modified_time\" content=\"2026-02-04T13:53:32+00:00\" \/>\n<meta property=\"og:image\" content=\"https:\/\/www.swizzle.se\/wp-content\/uploads\/2025\/06\/Tyson-2.0-Blunt-Cone-the-toad-ks-box-front_11_11zon.jpg\" \/>\n\t<meta property=\"og:image:width\" content=\"800\" \/>\n\t<meta property=\"og:image:height\" content=\"1000\" \/>\n\t<meta property=\"og:image:type\" content=\"image\/jpeg\" \/>\n<meta name=\"twitter:card\" content=\"summary_large_image\" \/>\n<meta name=\"twitter:title\" content=\"Mike Tyson \u2013 Hampa Blunts - 1 pack\" \/>\n<meta name=\"twitter:description\" content=\"Mike Tyson \u2013 Hampa Blunts - 1 pack. Vi presenterar Tyson 2.0 x Futurola Terpene Infused Tobacco-Free Blunt Cones. Fri fr\u00e5n b\u00e5de tobak &amp; nikotin.\" \/>\n<meta name=\"twitter:label1\" content=\"Price\" \/>\n\t<meta name=\"twitter:data1\" content=\"50.00&nbsp;&#107;&#114;\" \/>\n\t<meta name=\"twitter:label2\" content=\"Availability\" \/>\n\t<meta name=\"twitter:data2\" content=\"Out of stock\" \/>\n<script type=\"application\/ld+json\" class=\"yoast-schema-graph\">{\"@context\":\"https:\/\/schema.org\",\"@graph\":[{\"@type\":\"WebPage\",\"@id\":\"https:\/\/www.swizzle.se\/produkt\/mike-tyson-hampa-blunts-1-pack\/\",\"url\":\"https:\/\/www.swizzle.se\/produkt\/mike-tyson-hampa-blunts-1-pack\/\",\"name\":\"Mike Tyson \u2013 Hampa Blunts - 1 pack\",\"isPartOf\":{\"@id\":\"https:\/\/staging.swizzle.se\/#website\"},\"primaryImageOfPage\":{\"@id\":\"https:\/\/www.swizzle.se\/produkt\/mike-tyson-hampa-blunts-1-pack\/#primaryimage\"},\"image\":{\"@id\":\"https:\/\/www.swizzle.se\/produkt\/mike-tyson-hampa-blunts-1-pack\/#primaryimage\"},\"thumbnailUrl\":\"https:\/\/staging.swizzle.se\/wp-content\/uploads\/2025\/06\/Tyson-2.0-Blunt-Cone-the-toad-ks-box-front_11_11zon.jpg\",\"datePublished\":\"2023-12-11T22:21:33+00:00\",\"dateModified\":\"2026-02-04T13:53:32+00:00\",\"description\":\"Mike Tyson \u2013 Hampa Blunts - 1 pack. Vi presenterar Tyson 2.0 x Futurola Terpene Infused Tobacco-Free Blunt Cones. Fri fr\u00e5n b\u00e5de tobak & nikotin.\",\"breadcrumb\":{\"@id\":\"https:\/\/www.swizzle.se\/produkt\/mike-tyson-hampa-blunts-1-pack\/#breadcrumb\"},\"inLanguage\":\"en-GB\",\"potentialAction\":[{\"@type\":\"ReadAction\",\"target\":[\"https:\/\/www.swizzle.se\/produkt\/mike-tyson-hampa-blunts-1-pack\/\"]}]},{\"@type\":\"ImageObject\",\"inLanguage\":\"en-GB\",\"@id\":\"https:\/\/www.swizzle.se\/produkt\/mike-tyson-hampa-blunts-1-pack\/#primaryimage\",\"url\":\"https:\/\/staging.swizzle.se\/wp-content\/uploads\/2025\/06\/Tyson-2.0-Blunt-Cone-the-toad-ks-box-front_11_11zon.jpg\",\"contentUrl\":\"https:\/\/staging.swizzle.se\/wp-content\/uploads\/2025\/06\/Tyson-2.0-Blunt-Cone-the-toad-ks-box-front_11_11zon.jpg\",\"width\":800,\"height\":1000,\"caption\":\"Bild tyson\"},{\"@type\":\"BreadcrumbList\",\"@id\":\"https:\/\/www.swizzle.se\/produkt\/mike-tyson-hampa-blunts-1-pack\/#breadcrumb\",\"itemListElement\":[{\"@type\":\"ListItem\",\"position\":1,\"name\":\"Home\",\"item\":\"https:\/\/www.swizzle.se\/\"},{\"@type\":\"ListItem\",\"position\":2,\"name\":\"Shop\",\"item\":\"https:\/\/www.swizzle.se\/shop\/\"},{\"@type\":\"ListItem\",\"position\":3,\"name\":\"R\u00d6KTILLBEH\u00d6R\",\"item\":\"https:\/\/www.swizzle.se\/produkt-kategori\/roktillbehor\/\"},{\"@type\":\"ListItem\",\"position\":4,\"name\":\"RULLPAPPER\",\"item\":\"https:\/\/www.swizzle.se\/produkt-kategori\/roktillbehor\/rullpapper\/\"},{\"@type\":\"ListItem\",\"position\":5,\"name\":\"TYSON\",\"item\":\"https:\/\/www.swizzle.se\/produkt-kategori\/roktillbehor\/rullpapper\/tyson\/\"},{\"@type\":\"ListItem\",\"position\":6,\"name\":\"Mike Tyson \u2013 Hampa Blunts &#8211; 1 pack\"}]},{\"@type\":\"WebSite\",\"@id\":\"https:\/\/staging.swizzle.se\/#website\",\"url\":\"https:\/\/staging.swizzle.se\/\",\"name\":\"Swizzle\",\"description\":\"Nikotin CBD Vapes Snus White Portion\",\"publisher\":{\"@id\":\"https:\/\/staging.swizzle.se\/#organization\"},\"potentialAction\":[{\"@type\":\"SearchAction\",\"target\":{\"@type\":\"EntryPoint\",\"urlTemplate\":\"https:\/\/staging.swizzle.se\/?s={search_term_string}\"},\"query-input\":{\"@type\":\"PropertyValueSpecification\",\"valueRequired\":true,\"valueName\":\"search_term_string\"}}],\"inLanguage\":\"en-GB\"},{\"@type\":\"Organization\",\"@id\":\"https:\/\/staging.swizzle.se\/#organization\",\"name\":\"Swizzle\",\"url\":\"https:\/\/staging.swizzle.se\/\",\"logo\":{\"@type\":\"ImageObject\",\"inLanguage\":\"en-GB\",\"@id\":\"https:\/\/staging.swizzle.se\/#\/schema\/logo\/image\/\",\"url\":\"https:\/\/staging.swizzle.se\/wp-content\/uploads\/2025\/10\/cropped-SWIZZLE.-4.png\",\"contentUrl\":\"https:\/\/staging.swizzle.se\/wp-content\/uploads\/2025\/10\/cropped-SWIZZLE.-4.png\",\"width\":800,\"height\":267,\"caption\":\"Swizzle\"},\"image\":{\"@id\":\"https:\/\/staging.swizzle.se\/#\/schema\/logo\/image\/\"},\"hasMerchantReturnPolicy\":{\"@type\":\"MerchantReturnPolicy\",\"merchantReturnLink\":\"https:\/\/staging.swizzle.se\/en\/villkor\/\"}}]}<\/script>\n<meta property=\"product:price:amount\" content=\"50.00\" \/>\n<meta property=\"product:price:currency\" content=\"SEK\" \/>\n<meta property=\"og:availability\" content=\"out of stock\" \/>\n<meta property=\"product:availability\" content=\"out of stock\" \/>\n<meta property=\"product:retailer_item_id\" content=\"876275627\" \/>\n<meta property=\"product:condition\" content=\"new\" \/>\n<!-- \/ Yoast SEO Premium plugin. -->","yoast_head_json":{"title":"Mike Tyson \u2013 Hampa Blunts - 1 pack","description":"Mike Tyson \u2013 Hampa Blunts - 1 pack. Vi presenterar Tyson 2.0 x Futurola Terpene Infused Tobacco-Free Blunt Cones. Fri fr\u00e5n b\u00e5de tobak & nikotin.","robots":{"index":"noindex","follow":"follow","max-snippet":"max-snippet:-1","max-image-preview":"max-image-preview:large","max-video-preview":"max-video-preview:-1"},"og_locale":"en_GB","og_type":"article","og_title":"Mike Tyson \u2013 Hampa Blunts - 1 pack","og_description":"Mike Tyson \u2013 Hampa Blunts - 1 pack. Vi presenterar Tyson 2.0 x Futurola Terpene Infused Tobacco-Free Blunt Cones. Fri fr\u00e5n b\u00e5de tobak & nikotin.","og_url":"https:\/\/www.swizzle.se\/produkt\/mike-tyson-hampa-blunts-1-pack\/","og_site_name":"Swizzle","article_modified_time":"2026-02-04T13:53:32+00:00","og_image":[{"width":800,"height":1000,"url":"https:\/\/www.swizzle.se\/wp-content\/uploads\/2025\/06\/Tyson-2.0-Blunt-Cone-the-toad-ks-box-front_11_11zon.jpg","type":"image\/jpeg"}],"twitter_card":"summary_large_image","twitter_title":"Mike Tyson \u2013 Hampa Blunts - 1 pack","twitter_description":"Mike Tyson \u2013 Hampa Blunts - 1 pack. Vi presenterar Tyson 2.0 x Futurola Terpene Infused Tobacco-Free Blunt Cones. Fri fr\u00e5n b\u00e5de tobak & nikotin.","twitter_misc":{"Price":"50.00&nbsp;&#107;&#114;","Availability":"Out of stock"},"schema":{"@context":"https:\/\/schema.org","@graph":[{"@type":"WebPage","@id":"https:\/\/www.swizzle.se\/produkt\/mike-tyson-hampa-blunts-1-pack\/","url":"https:\/\/www.swizzle.se\/produkt\/mike-tyson-hampa-blunts-1-pack\/","name":"Mike Tyson \u2013 Hampa Blunts - 1 pack","isPartOf":{"@id":"https:\/\/staging.swizzle.se\/#website"},"primaryImageOfPage":{"@id":"https:\/\/www.swizzle.se\/produkt\/mike-tyson-hampa-blunts-1-pack\/#primaryimage"},"image":{"@id":"https:\/\/www.swizzle.se\/produkt\/mike-tyson-hampa-blunts-1-pack\/#primaryimage"},"thumbnailUrl":"https:\/\/staging.swizzle.se\/wp-content\/uploads\/2025\/06\/Tyson-2.0-Blunt-Cone-the-toad-ks-box-front_11_11zon.jpg","datePublished":"2023-12-11T22:21:33+00:00","dateModified":"2026-02-04T13:53:32+00:00","description":"Mike Tyson \u2013 Hampa Blunts - 1 pack. Vi presenterar Tyson 2.0 x Futurola Terpene Infused Tobacco-Free Blunt Cones. Fri fr\u00e5n b\u00e5de tobak & nikotin.","breadcrumb":{"@id":"https:\/\/www.swizzle.se\/produkt\/mike-tyson-hampa-blunts-1-pack\/#breadcrumb"},"inLanguage":"en-GB","potentialAction":[{"@type":"ReadAction","target":["https:\/\/www.swizzle.se\/produkt\/mike-tyson-hampa-blunts-1-pack\/"]}]},{"@type":"ImageObject","inLanguage":"en-GB","@id":"https:\/\/www.swizzle.se\/produkt\/mike-tyson-hampa-blunts-1-pack\/#primaryimage","url":"https:\/\/staging.swizzle.se\/wp-content\/uploads\/2025\/06\/Tyson-2.0-Blunt-Cone-the-toad-ks-box-front_11_11zon.jpg","contentUrl":"https:\/\/staging.swizzle.se\/wp-content\/uploads\/2025\/06\/Tyson-2.0-Blunt-Cone-the-toad-ks-box-front_11_11zon.jpg","width":800,"height":1000,"caption":"Bild tyson"},{"@type":"BreadcrumbList","@id":"https:\/\/www.swizzle.se\/produkt\/mike-tyson-hampa-blunts-1-pack\/#breadcrumb","itemListElement":[{"@type":"ListItem","position":1,"name":"Home","item":"https:\/\/www.swizzle.se\/"},{"@type":"ListItem","position":2,"name":"Shop","item":"https:\/\/www.swizzle.se\/shop\/"},{"@type":"ListItem","position":3,"name":"R\u00d6KTILLBEH\u00d6R","item":"https:\/\/www.swizzle.se\/produkt-kategori\/roktillbehor\/"},{"@type":"ListItem","position":4,"name":"RULLPAPPER","item":"https:\/\/www.swizzle.se\/produkt-kategori\/roktillbehor\/rullpapper\/"},{"@type":"ListItem","position":5,"name":"TYSON","item":"https:\/\/www.swizzle.se\/produkt-kategori\/roktillbehor\/rullpapper\/tyson\/"},{"@type":"ListItem","position":6,"name":"Mike Tyson \u2013 Hampa Blunts &#8211; 1 pack"}]},{"@type":"WebSite","@id":"https:\/\/staging.swizzle.se\/#website","url":"https:\/\/staging.swizzle.se\/","name":"Swizzle","description":"Nicotine CBD Vapes Snus White Portion","publisher":{"@id":"https:\/\/staging.swizzle.se\/#organization"},"potentialAction":[{"@type":"SearchAction","target":{"@type":"EntryPoint","urlTemplate":"https:\/\/staging.swizzle.se\/?s={search_term_string}"},"query-input":{"@type":"PropertyValueSpecification","valueRequired":true,"valueName":"search_term_string"}}],"inLanguage":"en-GB"},{"@type":"Organization","@id":"https:\/\/staging.swizzle.se\/#organization","name":"Swizzle","url":"https:\/\/staging.swizzle.se\/","logo":{"@type":"ImageObject","inLanguage":"en-GB","@id":"https:\/\/staging.swizzle.se\/#\/schema\/logo\/image\/","url":"https:\/\/staging.swizzle.se\/wp-content\/uploads\/2025\/10\/cropped-SWIZZLE.-4.png","contentUrl":"https:\/\/staging.swizzle.se\/wp-content\/uploads\/2025\/10\/cropped-SWIZZLE.-4.png","width":800,"height":267,"caption":"Swizzle"},"image":{"@id":"https:\/\/staging.swizzle.se\/#\/schema\/logo\/image\/"},"hasMerchantReturnPolicy":{"@type":"MerchantReturnPolicy","merchantReturnLink":"https:\/\/staging.swizzle.se\/en\/villkor\/"}}]},"product_price_amount":"50.00","product_price_currency":"SEK","og_availability":"out of stock","product_availability":"out of stock","product_retailer_item_id":"876275627","product_condition":"new"},"tiered_pricing_type":"fixed","tiered_pricing_fixed_rules":[],"tiered_pricing_product_settings":{"layout":"default","base_unit_name":{"singular":null,"plural":null},"default_variation":null},"tiered_pricing_minimum_quantity":null,"tiered_pricing_roles_data":[],"tiered_pricing_percentage_rules":[],"tiered_pricing_maximum_quantity":null,"tiered_pricing_quantity_step":null,"_links":{"self":[{"href":"https:\/\/staging.swizzle.se\/en\/wp-json\/wp\/v2\/product\/259354","targetHints":{"allow":["GET"]}}],"collection":[{"href":"https:\/\/staging.swizzle.se\/en\/wp-json\/wp\/v2\/product"}],"about":[{"href":"https:\/\/staging.swizzle.se\/en\/wp-json\/wp\/v2\/types\/product"}],"replies":[{"embeddable":true,"href":"https:\/\/staging.swizzle.se\/en\/wp-json\/wp\/v2\/comments?post=259354"}],"version-history":[{"count":0,"href":"https:\/\/staging.swizzle.se\/en\/wp-json\/wp\/v2\/product\/259354\/revisions"}],"wp:featuredmedia":[{"embeddable":true,"href":"https:\/\/staging.swizzle.se\/en\/wp-json\/wp\/v2\/media\/260897"}],"wp:attachment":[{"href":"https:\/\/staging.swizzle.se\/en\/wp-json\/wp\/v2\/media?parent=259354"}],"wp:term":[{"taxonomy":"product_brand","embeddable":true,"href":"https:\/\/staging.swizzle.se\/en\/wp-json\/wp\/v2\/product_brand?post=259354"},{"taxonomy":"product_cat","embeddable":true,"href":"https:\/\/staging.swizzle.se\/en\/wp-json\/wp\/v2\/product_cat?post=259354"},{"taxonomy":"product_tag","embeddable":true,"href":"https:\/\/staging.swizzle.se\/en\/wp-json\/wp\/v2\/product_tag?post=259354"},{"taxonomy":"superdeal","embeddable":true,"href":"https:\/\/staging.swizzle.se\/en\/wp-json\/wp\/v2\/superdeal?post=259354"},{"taxonomy":"product_variant_id","embeddable":true,"href":"https:\/\/staging.swizzle.se\/en\/wp-json\/wp\/v2\/product_variant_id?post=259354"}],"curies":[{"name":"wp","href":"https:\/\/api.w.org\/{rel}","templated":true}]}}