{"id":259340,"date":"2023-12-11T21:58:10","date_gmt":"2023-12-11T21:58:10","guid":{"rendered":"https:\/\/new.staging.swizzle.se\/produkt\/g-rollz-tropical-pulp-cbd-blunts-i-2-pack\/"},"modified":"2026-02-04T14:09:16","modified_gmt":"2026-02-04T14:09:16","slug":"g-rollz-tropical-pulp-cbd-blunts-i-2-pack","status":"publish","type":"product","link":"https:\/\/staging.swizzle.se\/en\/product-2\/g-rollz-tropical-pulp-cbd-blunts-i-2-pack\/","title":{"rendered":"G Rollz | Tropical Pulp \u2013 Hampa Blunts I 2 pack"},"content":{"rendered":"<p>H\u00e4r presenterar vi den exklusiva produkten av trubbiga blunts, designade av G-Rollz i samarbete med de ikoniska Cheech och Chong. V\u00e5ra G-Rollz trubbiga CBD-Blunts \u00e4r tillverkade av h\u00f6gkvalitativ CBD-blomma som odlas i USA och smaks\u00e4tts med terpener fr\u00e5n cannabis.<\/p>\n<p>Varje blunt kon kommer i ett luftt\u00e4tt glasr\u00f6r som inneh\u00e5ller 2 st blunts. V\u00e5ra Blunts har G-Rollz patenterade konskydd f\u00f6r att s\u00e4kerst\u00e4lla b\u00e5de skydd och enkel fyllning.<\/p>\n<p>Det \u00e4r viktigt att notera att v\u00e5ra produkter \u00e4r tobak- och nikotinfria f\u00f6r en h\u00e4lsosam r\u00f6kningsupplevelse. Smaken p\u00e5 dessa trubbiga blunts \u00e4r Tropical Pulp, vilket ger en tropisk och l\u00e4cker smak n\u00e4r du anv\u00e4nder dem.<\/p>","protected":false},"excerpt":{"rendered":"<p>H\u00e4r presenterar vi den exklusiva produkten av trubbiga blunts, designade av G-Rollz i samarbete med de ikoniska Cheech och Chong. V\u00e5ra G-Rollz trubbiga CBD-Blunts \u00e4r tillverkade av h\u00f6gkvalitativ CBD-blomma som odlas i USA och smaks\u00e4tts med terpener fr\u00e5n cannabis. Varje blunt kon kommer i ett luftt\u00e4tt glasr\u00f6r som inneh\u00e5ller 2 st blunts. V\u00e5ra Blunts har [&hellip;]<\/p>","protected":false},"featured_media":0,"comment_status":"open","ping_status":"closed","template":"","meta":{"site-sidebar-layout":"default","site-content-layout":"","ast-site-content-layout":"default","site-content-style":"default","site-sidebar-style":"default","ast-global-header-display":"","ast-banner-title-visibility":"","ast-main-header-display":"","ast-hfb-above-header-display":"","ast-hfb-below-header-display":"","ast-hfb-mobile-header-display":"","site-post-title":"","ast-breadcrumbs-content":"","ast-featured-img":"","footer-sml-layout":"","ast-disable-related-posts":"","theme-transparent-header-meta":"","adv-header-id-meta":"","stick-header-meta":"","header-above-stick-meta":"","header-main-stick-meta":"","header-below-stick-meta":"","astra-migrate-meta-layouts":"default","ast-page-background-enabled":"default","ast-page-background-meta":{"desktop":{"background-color":"var(--ast-global-color-4)","background-image":"","background-repeat":"repeat","background-position":"center center","background-size":"auto","background-attachment":"scroll","background-type":"","background-media":"","overlay-type":"","overlay-color":"","overlay-opacity":"","overlay-gradient":""},"tablet":{"background-color":"","background-image":"","background-repeat":"repeat","background-position":"center center","background-size":"auto","background-attachment":"scroll","background-type":"","background-media":"","overlay-type":"","overlay-color":"","overlay-opacity":"","overlay-gradient":""},"mobile":{"background-color":"","background-image":"","background-repeat":"repeat","background-position":"center center","background-size":"auto","background-attachment":"scroll","background-type":"","background-media":"","overlay-type":"","overlay-color":"","overlay-opacity":"","overlay-gradient":""}},"ast-content-background-meta":{"desktop":{"background-color":"var(--ast-global-color-5)","background-image":"","background-repeat":"repeat","background-position":"center center","background-size":"auto","background-attachment":"scroll","background-type":"","background-media":"","overlay-type":"","overlay-color":"","overlay-opacity":"","overlay-gradient":""},"tablet":{"background-color":"var(--ast-global-color-5)","background-image":"","background-repeat":"repeat","background-position":"center center","background-size":"auto","background-attachment":"scroll","background-type":"","background-media":"","overlay-type":"","overlay-color":"","overlay-opacity":"","overlay-gradient":""},"mobile":{"background-color":"var(--ast-global-color-5)","background-image":"","background-repeat":"repeat","background-position":"center center","background-size":"auto","background-attachment":"scroll","background-type":"","background-media":"","overlay-type":"","overlay-color":"","overlay-opacity":"","overlay-gradient":""}}},"product_brand":[742],"product_cat":[284],"product_tag":[],"superdeal":[],"product_variant_id":[],"class_list":{"0":"post-259340","1":"product","2":"type-product","3":"status-publish","5":"product_brand-g-rollz","6":"product_cat-roktillbehor","7":"desktop-align-center","8":"tablet-align-left","9":"mobile-align-left","10":"ast-product-gallery-layout-horizontal-slider","11":"ast-product-gallery-with-no-image","12":"ast-magnify-disabled","13":"ast-product-tabs-layout-horizontal","15":"first","16":"outofstock","17":"sale","18":"taxable","19":"shipping-taxable","20":"purchasable","21":"product-type-simple"},"yoast_head":"<!-- This site is optimized with the Yoast SEO Premium plugin v26.9 (Yoast SEO v26.9) - https:\/\/yoast.com\/product\/yoast-seo-premium-wordpress\/ -->\n<title>G Rollz | Tropical Pulp \u2013 CBD++ Blunts I 2 pack<\/title>\n<meta name=\"description\" content=\"Varje blunt kon kommer i ett luftt\u00e4tt glasr\u00f6r som inneh\u00e5ller 2 st blunts. V\u00e5ra Blunts har G-Rollz patenterade konskydd f\u00f6r att s\u00e4kerst\u00e4lla enkel fyllning\" \/>\n<meta name=\"robots\" content=\"noindex, follow, max-snippet:-1, max-image-preview:large, max-video-preview:-1\" \/>\n<meta property=\"og:locale\" content=\"en_GB\" \/>\n<meta property=\"og:type\" content=\"article\" \/>\n<meta property=\"og:title\" content=\"G Rollz | Tropical Pulp \u2013 Hampa Blunts I 2 pack\" \/>\n<meta property=\"og:description\" content=\"Varje blunt kon kommer i ett luftt\u00e4tt glasr\u00f6r som inneh\u00e5ller 2 st blunts. V\u00e5ra Blunts har G-Rollz patenterade konskydd f\u00f6r att s\u00e4kerst\u00e4lla enkel fyllning\" \/>\n<meta property=\"og:url\" content=\"https:\/\/www.swizzle.se\/produkt\/g-rollz-tropical-pulp-cbd-blunts-i-2-pack\/\" \/>\n<meta property=\"og:site_name\" content=\"Swizzle\" \/>\n<meta property=\"article:modified_time\" content=\"2026-02-04T14:09:16+00:00\" \/>\n<meta name=\"twitter:card\" content=\"summary_large_image\" \/>\n<meta name=\"twitter:label1\" content=\"Price\" \/>\n\t<meta name=\"twitter:data1\" content=\"25.00&nbsp;&#107;&#114;\" \/>\n\t<meta name=\"twitter:label2\" content=\"Availability\" \/>\n\t<meta name=\"twitter:data2\" content=\"Out of stock\" \/>\n<script type=\"application\/ld+json\" class=\"yoast-schema-graph\">{\"@context\":\"https:\/\/schema.org\",\"@graph\":[{\"@type\":\"WebPage\",\"@id\":\"https:\/\/www.swizzle.se\/produkt\/g-rollz-tropical-pulp-cbd-blunts-i-2-pack\/\",\"url\":\"https:\/\/www.swizzle.se\/produkt\/g-rollz-tropical-pulp-cbd-blunts-i-2-pack\/\",\"name\":\"G Rollz | Tropical Pulp \u2013 CBD++ Blunts I 2 pack\",\"isPartOf\":{\"@id\":\"https:\/\/staging.swizzle.se\/#website\"},\"datePublished\":\"2023-12-11T21:58:10+00:00\",\"dateModified\":\"2026-02-04T14:09:16+00:00\",\"description\":\"Varje blunt kon kommer i ett luftt\u00e4tt glasr\u00f6r som inneh\u00e5ller 2 st blunts. V\u00e5ra Blunts har G-Rollz patenterade konskydd f\u00f6r att s\u00e4kerst\u00e4lla enkel fyllning\",\"breadcrumb\":{\"@id\":\"https:\/\/www.swizzle.se\/produkt\/g-rollz-tropical-pulp-cbd-blunts-i-2-pack\/#breadcrumb\"},\"inLanguage\":\"en-GB\",\"potentialAction\":[{\"@type\":\"ReadAction\",\"target\":[\"https:\/\/www.swizzle.se\/produkt\/g-rollz-tropical-pulp-cbd-blunts-i-2-pack\/\"]}]},{\"@type\":\"BreadcrumbList\",\"@id\":\"https:\/\/www.swizzle.se\/produkt\/g-rollz-tropical-pulp-cbd-blunts-i-2-pack\/#breadcrumb\",\"itemListElement\":[{\"@type\":\"ListItem\",\"position\":1,\"name\":\"Home\",\"item\":\"https:\/\/www.swizzle.se\/\"},{\"@type\":\"ListItem\",\"position\":2,\"name\":\"Shop\",\"item\":\"https:\/\/www.swizzle.se\/shop\/\"},{\"@type\":\"ListItem\",\"position\":3,\"name\":\"R\u00d6KTILLBEH\u00d6R\",\"item\":\"https:\/\/www.swizzle.se\/produkt-kategori\/roktillbehor\/\"},{\"@type\":\"ListItem\",\"position\":4,\"name\":\"G Rollz | Tropical Pulp \u2013 Hampa Blunts I 2 pack\"}]},{\"@type\":\"WebSite\",\"@id\":\"https:\/\/staging.swizzle.se\/#website\",\"url\":\"https:\/\/staging.swizzle.se\/\",\"name\":\"Swizzle\",\"description\":\"Nikotin CBD Vapes Snus White Portion\",\"publisher\":{\"@id\":\"https:\/\/staging.swizzle.se\/#organization\"},\"potentialAction\":[{\"@type\":\"SearchAction\",\"target\":{\"@type\":\"EntryPoint\",\"urlTemplate\":\"https:\/\/staging.swizzle.se\/?s={search_term_string}\"},\"query-input\":{\"@type\":\"PropertyValueSpecification\",\"valueRequired\":true,\"valueName\":\"search_term_string\"}}],\"inLanguage\":\"en-GB\"},{\"@type\":\"Organization\",\"@id\":\"https:\/\/staging.swizzle.se\/#organization\",\"name\":\"Swizzle\",\"url\":\"https:\/\/staging.swizzle.se\/\",\"logo\":{\"@type\":\"ImageObject\",\"inLanguage\":\"en-GB\",\"@id\":\"https:\/\/staging.swizzle.se\/#\/schema\/logo\/image\/\",\"url\":\"https:\/\/staging.swizzle.se\/wp-content\/uploads\/2025\/10\/cropped-SWIZZLE.-4.png\",\"contentUrl\":\"https:\/\/staging.swizzle.se\/wp-content\/uploads\/2025\/10\/cropped-SWIZZLE.-4.png\",\"width\":800,\"height\":267,\"caption\":\"Swizzle\"},\"image\":{\"@id\":\"https:\/\/staging.swizzle.se\/#\/schema\/logo\/image\/\"},\"hasMerchantReturnPolicy\":{\"@type\":\"MerchantReturnPolicy\",\"merchantReturnLink\":\"https:\/\/staging.swizzle.se\/en\/villkor\/\"}}]}<\/script>\n<meta property=\"product:price:amount\" content=\"25.00\" \/>\n<meta property=\"product:price:currency\" content=\"SEK\" \/>\n<meta property=\"og:availability\" content=\"out of stock\" \/>\n<meta property=\"product:availability\" content=\"out of stock\" \/>\n<meta property=\"product:retailer_item_id\" content=\"872136\" \/>\n<meta property=\"product:condition\" content=\"new\" \/>\n<!-- \/ Yoast SEO Premium plugin. -->","yoast_head_json":{"title":"G Rollz | Tropical Pulp \u2013 CBD++ Blunts I 2 pack","description":"Varje blunt kon kommer i ett luftt\u00e4tt glasr\u00f6r som inneh\u00e5ller 2 st blunts. V\u00e5ra Blunts har G-Rollz patenterade konskydd f\u00f6r att s\u00e4kerst\u00e4lla enkel fyllning","robots":{"index":"noindex","follow":"follow","max-snippet":"max-snippet:-1","max-image-preview":"max-image-preview:large","max-video-preview":"max-video-preview:-1"},"og_locale":"en_GB","og_type":"article","og_title":"G Rollz | Tropical Pulp \u2013 Hampa Blunts I 2 pack","og_description":"Varje blunt kon kommer i ett luftt\u00e4tt glasr\u00f6r som inneh\u00e5ller 2 st blunts. V\u00e5ra Blunts har G-Rollz patenterade konskydd f\u00f6r att s\u00e4kerst\u00e4lla enkel fyllning","og_url":"https:\/\/www.swizzle.se\/produkt\/g-rollz-tropical-pulp-cbd-blunts-i-2-pack\/","og_site_name":"Swizzle","article_modified_time":"2026-02-04T14:09:16+00:00","twitter_card":"summary_large_image","twitter_misc":{"Price":"25.00&nbsp;&#107;&#114;","Availability":"Out of stock"},"schema":{"@context":"https:\/\/schema.org","@graph":[{"@type":"WebPage","@id":"https:\/\/www.swizzle.se\/produkt\/g-rollz-tropical-pulp-cbd-blunts-i-2-pack\/","url":"https:\/\/www.swizzle.se\/produkt\/g-rollz-tropical-pulp-cbd-blunts-i-2-pack\/","name":"G Rollz | Tropical Pulp \u2013 CBD++ Blunts I 2 pack","isPartOf":{"@id":"https:\/\/staging.swizzle.se\/#website"},"datePublished":"2023-12-11T21:58:10+00:00","dateModified":"2026-02-04T14:09:16+00:00","description":"Varje blunt kon kommer i ett luftt\u00e4tt glasr\u00f6r som inneh\u00e5ller 2 st blunts. V\u00e5ra Blunts har G-Rollz patenterade konskydd f\u00f6r att s\u00e4kerst\u00e4lla enkel fyllning","breadcrumb":{"@id":"https:\/\/www.swizzle.se\/produkt\/g-rollz-tropical-pulp-cbd-blunts-i-2-pack\/#breadcrumb"},"inLanguage":"en-GB","potentialAction":[{"@type":"ReadAction","target":["https:\/\/www.swizzle.se\/produkt\/g-rollz-tropical-pulp-cbd-blunts-i-2-pack\/"]}]},{"@type":"BreadcrumbList","@id":"https:\/\/www.swizzle.se\/produkt\/g-rollz-tropical-pulp-cbd-blunts-i-2-pack\/#breadcrumb","itemListElement":[{"@type":"ListItem","position":1,"name":"Home","item":"https:\/\/www.swizzle.se\/"},{"@type":"ListItem","position":2,"name":"Shop","item":"https:\/\/www.swizzle.se\/shop\/"},{"@type":"ListItem","position":3,"name":"R\u00d6KTILLBEH\u00d6R","item":"https:\/\/www.swizzle.se\/produkt-kategori\/roktillbehor\/"},{"@type":"ListItem","position":4,"name":"G Rollz | Tropical Pulp \u2013 Hampa Blunts I 2 pack"}]},{"@type":"WebSite","@id":"https:\/\/staging.swizzle.se\/#website","url":"https:\/\/staging.swizzle.se\/","name":"Swizzle","description":"Nicotine CBD Vapes Snus White Portion","publisher":{"@id":"https:\/\/staging.swizzle.se\/#organization"},"potentialAction":[{"@type":"SearchAction","target":{"@type":"EntryPoint","urlTemplate":"https:\/\/staging.swizzle.se\/?s={search_term_string}"},"query-input":{"@type":"PropertyValueSpecification","valueRequired":true,"valueName":"search_term_string"}}],"inLanguage":"en-GB"},{"@type":"Organization","@id":"https:\/\/staging.swizzle.se\/#organization","name":"Swizzle","url":"https:\/\/staging.swizzle.se\/","logo":{"@type":"ImageObject","inLanguage":"en-GB","@id":"https:\/\/staging.swizzle.se\/#\/schema\/logo\/image\/","url":"https:\/\/staging.swizzle.se\/wp-content\/uploads\/2025\/10\/cropped-SWIZZLE.-4.png","contentUrl":"https:\/\/staging.swizzle.se\/wp-content\/uploads\/2025\/10\/cropped-SWIZZLE.-4.png","width":800,"height":267,"caption":"Swizzle"},"image":{"@id":"https:\/\/staging.swizzle.se\/#\/schema\/logo\/image\/"},"hasMerchantReturnPolicy":{"@type":"MerchantReturnPolicy","merchantReturnLink":"https:\/\/staging.swizzle.se\/en\/villkor\/"}}]},"product_price_amount":"25.00","product_price_currency":"SEK","og_availability":"out of stock","product_availability":"out of stock","product_retailer_item_id":"872136","product_condition":"new"},"tiered_pricing_type":"fixed","tiered_pricing_fixed_rules":[],"tiered_pricing_product_settings":{"layout":"default","base_unit_name":{"singular":null,"plural":null},"default_variation":null},"tiered_pricing_minimum_quantity":null,"tiered_pricing_roles_data":[],"tiered_pricing_percentage_rules":[],"tiered_pricing_maximum_quantity":null,"tiered_pricing_quantity_step":null,"_links":{"self":[{"href":"https:\/\/staging.swizzle.se\/en\/wp-json\/wp\/v2\/product\/259340","targetHints":{"allow":["GET"]}}],"collection":[{"href":"https:\/\/staging.swizzle.se\/en\/wp-json\/wp\/v2\/product"}],"about":[{"href":"https:\/\/staging.swizzle.se\/en\/wp-json\/wp\/v2\/types\/product"}],"replies":[{"embeddable":true,"href":"https:\/\/staging.swizzle.se\/en\/wp-json\/wp\/v2\/comments?post=259340"}],"version-history":[{"count":0,"href":"https:\/\/staging.swizzle.se\/en\/wp-json\/wp\/v2\/product\/259340\/revisions"}],"wp:attachment":[{"href":"https:\/\/staging.swizzle.se\/en\/wp-json\/wp\/v2\/media?parent=259340"}],"wp:term":[{"taxonomy":"product_brand","embeddable":true,"href":"https:\/\/staging.swizzle.se\/en\/wp-json\/wp\/v2\/product_brand?post=259340"},{"taxonomy":"product_cat","embeddable":true,"href":"https:\/\/staging.swizzle.se\/en\/wp-json\/wp\/v2\/product_cat?post=259340"},{"taxonomy":"product_tag","embeddable":true,"href":"https:\/\/staging.swizzle.se\/en\/wp-json\/wp\/v2\/product_tag?post=259340"},{"taxonomy":"superdeal","embeddable":true,"href":"https:\/\/staging.swizzle.se\/en\/wp-json\/wp\/v2\/superdeal?post=259340"},{"taxonomy":"product_variant_id","embeddable":true,"href":"https:\/\/staging.swizzle.se\/en\/wp-json\/wp\/v2\/product_variant_id?post=259340"}],"curies":[{"name":"wp","href":"https:\/\/api.w.org\/{rel}","templated":true}]}}