{"id":259316,"date":"2023-12-11T21:12:22","date_gmt":"2023-12-11T21:12:22","guid":{"rendered":"https:\/\/new.staging.swizzle.se\/produkt\/g-rollz-berry-sweet-hampa-blunts\/"},"modified":"2026-02-04T14:09:17","modified_gmt":"2026-02-04T14:09:17","slug":"g-rollz-berry-sweet-hampa-blunts","status":"publish","type":"product","link":"https:\/\/staging.swizzle.se\/en\/product-2\/g-rollz-berry-sweet-hampa-blunts\/","title":{"rendered":"G-Rollz | Berry Sweet Terpene Infused Blunt Cones (2-pack)"},"content":{"rendered":"<p>I v\u00e5r 2-pack produkt hittar du tv\u00e5 hampa blunts\/wraps, vars form \u00e4r speciellt utformad f\u00f6r enkel rullning. Varje f\u00f6rpackning inneh\u00e5ller 2 av dessa blunts, vilket inneb\u00e4r att du f\u00e5r totalt 2 blunts med varje k\u00f6p.<\/p>\n<p>V\u00e5ra blunts \u00e4r noggrant tillverkade av h\u00f6gkvalitativ amerikansk ekologisk hampa, och vi garanterar att de \u00e4r helt fria fr\u00e5n sprickor eller brister. Den ekologiska hampans naturliga egenskaper ger v\u00e5ra wraps \u00f6kad rivstyrka och f\u00f6rm\u00e5ga att beh\u00e5lla fukt, vilket g\u00f6r dem l\u00e4tta att fylla utan kr\u00e5ngel. Dessa blunts har en b\u00e4rs\u00f6t smak som ger en extra dimension till din r\u00f6kningsupplevelse.<\/p>\n<p><strong>Blunts \u00e4r en popul\u00e4r metod f\u00f6r att r\u00f6ka cannabis eller tobak<\/strong><\/p>\n<p>Blunts anv\u00e4nds ist\u00e4llet f\u00f6r rullpapper och \u00e4r gjord av hampa eller liknande material. De anv\u00e4nds ofta f\u00f6r att r\u00f6ka cannabis eller tobak, och de kan rullas f\u00f6r hand f\u00f6r att inneh\u00e5lla \u00f6nskat r\u00f6kningsmaterial.<\/p>\n<p>Det \u00e4r viktigt att vara medveten om och ansvarsfull med anv\u00e4ndningen av blunts och att f\u00f6lja lagar och f\u00f6reskrifter i ditt omr\u00e5de. R\u00f6kning av n\u00e5got slag kan ha potentiella h\u00e4lsorisker.<\/p>","protected":false},"excerpt":{"rendered":"<p>I v\u00e5r 2-pack produkt hittar du tv\u00e5 hampa blunts\/wraps, vars form \u00e4r speciellt utformad f\u00f6r enkel rullning. Varje f\u00f6rpackning inneh\u00e5ller 2 av dessa blunts, vilket inneb\u00e4r att du f\u00e5r totalt 2 blunts med varje k\u00f6p. V\u00e5ra blunts \u00e4r noggrant tillverkade av h\u00f6gkvalitativ amerikansk ekologisk hampa, och vi garanterar att de \u00e4r helt fria fr\u00e5n sprickor [&hellip;]<\/p>","protected":false},"featured_media":259318,"comment_status":"open","ping_status":"closed","template":"","meta":{"site-sidebar-layout":"default","site-content-layout":"","ast-site-content-layout":"default","site-content-style":"default","site-sidebar-style":"default","ast-global-header-display":"","ast-banner-title-visibility":"","ast-main-header-display":"","ast-hfb-above-header-display":"","ast-hfb-below-header-display":"","ast-hfb-mobile-header-display":"","site-post-title":"","ast-breadcrumbs-content":"","ast-featured-img":"","footer-sml-layout":"","ast-disable-related-posts":"","theme-transparent-header-meta":"","adv-header-id-meta":"","stick-header-meta":"","header-above-stick-meta":"","header-main-stick-meta":"","header-below-stick-meta":"","astra-migrate-meta-layouts":"default","ast-page-background-enabled":"default","ast-page-background-meta":{"desktop":{"background-color":"var(--ast-global-color-4)","background-image":"","background-repeat":"repeat","background-position":"center center","background-size":"auto","background-attachment":"scroll","background-type":"","background-media":"","overlay-type":"","overlay-color":"","overlay-opacity":"","overlay-gradient":""},"tablet":{"background-color":"","background-image":"","background-repeat":"repeat","background-position":"center center","background-size":"auto","background-attachment":"scroll","background-type":"","background-media":"","overlay-type":"","overlay-color":"","overlay-opacity":"","overlay-gradient":""},"mobile":{"background-color":"","background-image":"","background-repeat":"repeat","background-position":"center center","background-size":"auto","background-attachment":"scroll","background-type":"","background-media":"","overlay-type":"","overlay-color":"","overlay-opacity":"","overlay-gradient":""}},"ast-content-background-meta":{"desktop":{"background-color":"var(--ast-global-color-5)","background-image":"","background-repeat":"repeat","background-position":"center center","background-size":"auto","background-attachment":"scroll","background-type":"","background-media":"","overlay-type":"","overlay-color":"","overlay-opacity":"","overlay-gradient":""},"tablet":{"background-color":"var(--ast-global-color-5)","background-image":"","background-repeat":"repeat","background-position":"center center","background-size":"auto","background-attachment":"scroll","background-type":"","background-media":"","overlay-type":"","overlay-color":"","overlay-opacity":"","overlay-gradient":""},"mobile":{"background-color":"var(--ast-global-color-5)","background-image":"","background-repeat":"repeat","background-position":"center center","background-size":"auto","background-attachment":"scroll","background-type":"","background-media":"","overlay-type":"","overlay-color":"","overlay-opacity":"","overlay-gradient":""}}},"product_brand":[742],"product_cat":[286,284,285],"product_tag":[],"superdeal":[],"product_variant_id":[],"class_list":{"0":"post-259316","1":"product","2":"type-product","3":"status-publish","4":"has-post-thumbnail","6":"product_brand-g-rollz","7":"product_cat-g-rollz-rullpapper-roktillbehor","8":"product_cat-roktillbehor","9":"product_cat-rullpapper","10":"desktop-align-center","11":"tablet-align-left","12":"mobile-align-left","13":"ast-product-gallery-layout-horizontal-slider","14":"ast-product-gallery-with-no-image","15":"ast-magnify-disabled","16":"ast-product-tabs-layout-horizontal","18":"first","19":"outofstock","20":"taxable","21":"shipping-taxable","22":"purchasable","23":"product-type-simple"},"yoast_head":"<!-- This site is optimized with the Yoast SEO Premium plugin v26.9 (Yoast SEO v26.9) - https:\/\/yoast.com\/product\/yoast-seo-premium-wordpress\/ -->\n<title>G Rollz | Berry Sweet - hampa Blunts<\/title>\n<meta name=\"description\" content=\"Dessa blunts har en b\u00e4rs\u00f6t smak som ger en extra dimension till din r\u00f6kningsupplevelse. Blunts anv\u00e4nds ist\u00e4llet f\u00f6r rullpapper och \u00e4r gjord av hampa\" \/>\n<meta name=\"robots\" content=\"noindex, follow, max-snippet:-1, max-image-preview:large, max-video-preview:-1\" \/>\n<meta property=\"og:locale\" content=\"en_GB\" \/>\n<meta property=\"og:type\" content=\"article\" \/>\n<meta property=\"og:title\" content=\"G-Rollz | Berry Sweet Terpene Infused Blunt Cones (2-pack)\" \/>\n<meta property=\"og:description\" content=\"Dessa blunts har en b\u00e4rs\u00f6t smak som ger en extra dimension till din r\u00f6kningsupplevelse. Blunts anv\u00e4nds ist\u00e4llet f\u00f6r rullpapper och \u00e4r gjord av hampa\" \/>\n<meta property=\"og:url\" content=\"https:\/\/www.swizzle.se\/produkt\/g-rollz-berry-sweet-hampa-blunts\/\" \/>\n<meta property=\"og:site_name\" content=\"Swizzle\" \/>\n<meta property=\"article:modified_time\" content=\"2026-02-04T14:09:17+00:00\" \/>\n<meta property=\"og:image\" content=\"https:\/\/www.swizzle.se\/wp-content\/uploads\/2025\/05\/grollz-terpeninfuserade-blunt-cones-2st-berry-sweet.jpg\" \/>\n\t<meta property=\"og:image:width\" content=\"800\" \/>\n\t<meta property=\"og:image:height\" content=\"800\" \/>\n\t<meta property=\"og:image:type\" content=\"image\/jpeg\" \/>\n<meta name=\"twitter:card\" content=\"summary_large_image\" \/>\n<meta name=\"twitter:label1\" content=\"Price\" \/>\n\t<meta name=\"twitter:data1\" content=\"39.00&nbsp;&#107;&#114;\" \/>\n\t<meta name=\"twitter:label2\" content=\"Availability\" \/>\n\t<meta name=\"twitter:data2\" content=\"Out of stock\" \/>\n<script type=\"application\/ld+json\" class=\"yoast-schema-graph\">{\"@context\":\"https:\/\/schema.org\",\"@graph\":[{\"@type\":\"WebPage\",\"@id\":\"https:\/\/www.swizzle.se\/produkt\/g-rollz-berry-sweet-hampa-blunts\/\",\"url\":\"https:\/\/www.swizzle.se\/produkt\/g-rollz-berry-sweet-hampa-blunts\/\",\"name\":\"G Rollz | Berry Sweet - hampa Blunts\",\"isPartOf\":{\"@id\":\"https:\/\/staging.swizzle.se\/#website\"},\"primaryImageOfPage\":{\"@id\":\"https:\/\/www.swizzle.se\/produkt\/g-rollz-berry-sweet-hampa-blunts\/#primaryimage\"},\"image\":{\"@id\":\"https:\/\/www.swizzle.se\/produkt\/g-rollz-berry-sweet-hampa-blunts\/#primaryimage\"},\"thumbnailUrl\":\"https:\/\/staging.swizzle.se\/wp-content\/uploads\/2025\/05\/grollz-terpeninfuserade-blunt-cones-2st-berry-sweet.jpg\",\"datePublished\":\"2023-12-11T21:12:22+00:00\",\"dateModified\":\"2026-02-04T14:09:17+00:00\",\"description\":\"Dessa blunts har en b\u00e4rs\u00f6t smak som ger en extra dimension till din r\u00f6kningsupplevelse. Blunts anv\u00e4nds ist\u00e4llet f\u00f6r rullpapper och \u00e4r gjord av hampa\",\"breadcrumb\":{\"@id\":\"https:\/\/www.swizzle.se\/produkt\/g-rollz-berry-sweet-hampa-blunts\/#breadcrumb\"},\"inLanguage\":\"en-GB\",\"potentialAction\":[{\"@type\":\"ReadAction\",\"target\":[\"https:\/\/www.swizzle.se\/produkt\/g-rollz-berry-sweet-hampa-blunts\/\"]}]},{\"@type\":\"ImageObject\",\"inLanguage\":\"en-GB\",\"@id\":\"https:\/\/www.swizzle.se\/produkt\/g-rollz-berry-sweet-hampa-blunts\/#primaryimage\",\"url\":\"https:\/\/staging.swizzle.se\/wp-content\/uploads\/2025\/05\/grollz-terpeninfuserade-blunt-cones-2st-berry-sweet.jpg\",\"contentUrl\":\"https:\/\/staging.swizzle.se\/wp-content\/uploads\/2025\/05\/grollz-terpeninfuserade-blunt-cones-2st-berry-sweet.jpg\",\"width\":800,\"height\":800,\"caption\":\"G-Rollz\"},{\"@type\":\"BreadcrumbList\",\"@id\":\"https:\/\/www.swizzle.se\/produkt\/g-rollz-berry-sweet-hampa-blunts\/#breadcrumb\",\"itemListElement\":[{\"@type\":\"ListItem\",\"position\":1,\"name\":\"Home\",\"item\":\"https:\/\/www.swizzle.se\/\"},{\"@type\":\"ListItem\",\"position\":2,\"name\":\"Shop\",\"item\":\"https:\/\/www.swizzle.se\/shop\/\"},{\"@type\":\"ListItem\",\"position\":3,\"name\":\"R\u00d6KTILLBEH\u00d6R\",\"item\":\"https:\/\/www.swizzle.se\/produkt-kategori\/roktillbehor\/\"},{\"@type\":\"ListItem\",\"position\":4,\"name\":\"RULLPAPPER\",\"item\":\"https:\/\/www.swizzle.se\/produkt-kategori\/roktillbehor\/rullpapper\/\"},{\"@type\":\"ListItem\",\"position\":5,\"name\":\"G-ROLLZ\",\"item\":\"https:\/\/www.swizzle.se\/produkt-kategori\/roktillbehor\/rullpapper\/g-rollz-rullpapper-roktillbehor\/\"},{\"@type\":\"ListItem\",\"position\":6,\"name\":\"G-Rollz | Berry Sweet Terpene Infused Blunt Cones (2-pack)\"}]},{\"@type\":\"WebSite\",\"@id\":\"https:\/\/staging.swizzle.se\/#website\",\"url\":\"https:\/\/staging.swizzle.se\/\",\"name\":\"Swizzle\",\"description\":\"Nikotin CBD Vapes Snus White Portion\",\"publisher\":{\"@id\":\"https:\/\/staging.swizzle.se\/#organization\"},\"potentialAction\":[{\"@type\":\"SearchAction\",\"target\":{\"@type\":\"EntryPoint\",\"urlTemplate\":\"https:\/\/staging.swizzle.se\/?s={search_term_string}\"},\"query-input\":{\"@type\":\"PropertyValueSpecification\",\"valueRequired\":true,\"valueName\":\"search_term_string\"}}],\"inLanguage\":\"en-GB\"},{\"@type\":\"Organization\",\"@id\":\"https:\/\/staging.swizzle.se\/#organization\",\"name\":\"Swizzle\",\"url\":\"https:\/\/staging.swizzle.se\/\",\"logo\":{\"@type\":\"ImageObject\",\"inLanguage\":\"en-GB\",\"@id\":\"https:\/\/staging.swizzle.se\/#\/schema\/logo\/image\/\",\"url\":\"https:\/\/staging.swizzle.se\/wp-content\/uploads\/2025\/10\/cropped-SWIZZLE.-4.png\",\"contentUrl\":\"https:\/\/staging.swizzle.se\/wp-content\/uploads\/2025\/10\/cropped-SWIZZLE.-4.png\",\"width\":800,\"height\":267,\"caption\":\"Swizzle\"},\"image\":{\"@id\":\"https:\/\/staging.swizzle.se\/#\/schema\/logo\/image\/\"},\"hasMerchantReturnPolicy\":{\"@type\":\"MerchantReturnPolicy\",\"merchantReturnLink\":\"https:\/\/staging.swizzle.se\/en\/villkor\/\"}}]}<\/script>\n<meta property=\"product:price:amount\" content=\"39.00\" \/>\n<meta property=\"product:price:currency\" content=\"SEK\" \/>\n<meta property=\"og:availability\" content=\"out of stock\" \/>\n<meta property=\"product:availability\" content=\"out of stock\" \/>\n<meta property=\"product:retailer_item_id\" content=\"83323245\" \/>\n<meta property=\"product:condition\" content=\"new\" \/>\n<!-- \/ Yoast SEO Premium plugin. -->","yoast_head_json":{"title":"G Rollz | Berry Sweet - hampa Blunts","description":"Dessa blunts har en b\u00e4rs\u00f6t smak som ger en extra dimension till din r\u00f6kningsupplevelse. Blunts anv\u00e4nds ist\u00e4llet f\u00f6r rullpapper och \u00e4r gjord av hampa","robots":{"index":"noindex","follow":"follow","max-snippet":"max-snippet:-1","max-image-preview":"max-image-preview:large","max-video-preview":"max-video-preview:-1"},"og_locale":"en_GB","og_type":"article","og_title":"G-Rollz | Berry Sweet Terpene Infused Blunt Cones (2-pack)","og_description":"Dessa blunts har en b\u00e4rs\u00f6t smak som ger en extra dimension till din r\u00f6kningsupplevelse. Blunts anv\u00e4nds ist\u00e4llet f\u00f6r rullpapper och \u00e4r gjord av hampa","og_url":"https:\/\/www.swizzle.se\/produkt\/g-rollz-berry-sweet-hampa-blunts\/","og_site_name":"Swizzle","article_modified_time":"2026-02-04T14:09:17+00:00","og_image":[{"width":800,"height":800,"url":"https:\/\/www.swizzle.se\/wp-content\/uploads\/2025\/05\/grollz-terpeninfuserade-blunt-cones-2st-berry-sweet.jpg","type":"image\/jpeg"}],"twitter_card":"summary_large_image","twitter_misc":{"Price":"39.00&nbsp;&#107;&#114;","Availability":"Out of stock"},"schema":{"@context":"https:\/\/schema.org","@graph":[{"@type":"WebPage","@id":"https:\/\/www.swizzle.se\/produkt\/g-rollz-berry-sweet-hampa-blunts\/","url":"https:\/\/www.swizzle.se\/produkt\/g-rollz-berry-sweet-hampa-blunts\/","name":"G Rollz | Berry Sweet - hampa Blunts","isPartOf":{"@id":"https:\/\/staging.swizzle.se\/#website"},"primaryImageOfPage":{"@id":"https:\/\/www.swizzle.se\/produkt\/g-rollz-berry-sweet-hampa-blunts\/#primaryimage"},"image":{"@id":"https:\/\/www.swizzle.se\/produkt\/g-rollz-berry-sweet-hampa-blunts\/#primaryimage"},"thumbnailUrl":"https:\/\/staging.swizzle.se\/wp-content\/uploads\/2025\/05\/grollz-terpeninfuserade-blunt-cones-2st-berry-sweet.jpg","datePublished":"2023-12-11T21:12:22+00:00","dateModified":"2026-02-04T14:09:17+00:00","description":"Dessa blunts har en b\u00e4rs\u00f6t smak som ger en extra dimension till din r\u00f6kningsupplevelse. Blunts anv\u00e4nds ist\u00e4llet f\u00f6r rullpapper och \u00e4r gjord av hampa","breadcrumb":{"@id":"https:\/\/www.swizzle.se\/produkt\/g-rollz-berry-sweet-hampa-blunts\/#breadcrumb"},"inLanguage":"en-GB","potentialAction":[{"@type":"ReadAction","target":["https:\/\/www.swizzle.se\/produkt\/g-rollz-berry-sweet-hampa-blunts\/"]}]},{"@type":"ImageObject","inLanguage":"en-GB","@id":"https:\/\/www.swizzle.se\/produkt\/g-rollz-berry-sweet-hampa-blunts\/#primaryimage","url":"https:\/\/staging.swizzle.se\/wp-content\/uploads\/2025\/05\/grollz-terpeninfuserade-blunt-cones-2st-berry-sweet.jpg","contentUrl":"https:\/\/staging.swizzle.se\/wp-content\/uploads\/2025\/05\/grollz-terpeninfuserade-blunt-cones-2st-berry-sweet.jpg","width":800,"height":800,"caption":"G-Rollz"},{"@type":"BreadcrumbList","@id":"https:\/\/www.swizzle.se\/produkt\/g-rollz-berry-sweet-hampa-blunts\/#breadcrumb","itemListElement":[{"@type":"ListItem","position":1,"name":"Home","item":"https:\/\/www.swizzle.se\/"},{"@type":"ListItem","position":2,"name":"Shop","item":"https:\/\/www.swizzle.se\/shop\/"},{"@type":"ListItem","position":3,"name":"R\u00d6KTILLBEH\u00d6R","item":"https:\/\/www.swizzle.se\/produkt-kategori\/roktillbehor\/"},{"@type":"ListItem","position":4,"name":"RULLPAPPER","item":"https:\/\/www.swizzle.se\/produkt-kategori\/roktillbehor\/rullpapper\/"},{"@type":"ListItem","position":5,"name":"G-ROLLZ","item":"https:\/\/www.swizzle.se\/produkt-kategori\/roktillbehor\/rullpapper\/g-rollz-rullpapper-roktillbehor\/"},{"@type":"ListItem","position":6,"name":"G-Rollz | Berry Sweet Terpene Infused Blunt Cones (2-pack)"}]},{"@type":"WebSite","@id":"https:\/\/staging.swizzle.se\/#website","url":"https:\/\/staging.swizzle.se\/","name":"Swizzle","description":"Nicotine CBD Vapes Snus White Portion","publisher":{"@id":"https:\/\/staging.swizzle.se\/#organization"},"potentialAction":[{"@type":"SearchAction","target":{"@type":"EntryPoint","urlTemplate":"https:\/\/staging.swizzle.se\/?s={search_term_string}"},"query-input":{"@type":"PropertyValueSpecification","valueRequired":true,"valueName":"search_term_string"}}],"inLanguage":"en-GB"},{"@type":"Organization","@id":"https:\/\/staging.swizzle.se\/#organization","name":"Swizzle","url":"https:\/\/staging.swizzle.se\/","logo":{"@type":"ImageObject","inLanguage":"en-GB","@id":"https:\/\/staging.swizzle.se\/#\/schema\/logo\/image\/","url":"https:\/\/staging.swizzle.se\/wp-content\/uploads\/2025\/10\/cropped-SWIZZLE.-4.png","contentUrl":"https:\/\/staging.swizzle.se\/wp-content\/uploads\/2025\/10\/cropped-SWIZZLE.-4.png","width":800,"height":267,"caption":"Swizzle"},"image":{"@id":"https:\/\/staging.swizzle.se\/#\/schema\/logo\/image\/"},"hasMerchantReturnPolicy":{"@type":"MerchantReturnPolicy","merchantReturnLink":"https:\/\/staging.swizzle.se\/en\/villkor\/"}}]},"product_price_amount":"39.00","product_price_currency":"SEK","og_availability":"out of stock","product_availability":"out of stock","product_retailer_item_id":"83323245","product_condition":"new"},"tiered_pricing_type":"fixed","tiered_pricing_fixed_rules":[],"tiered_pricing_product_settings":{"layout":"default","base_unit_name":{"singular":null,"plural":null},"default_variation":null},"tiered_pricing_minimum_quantity":null,"tiered_pricing_roles_data":[],"tiered_pricing_percentage_rules":[],"tiered_pricing_maximum_quantity":null,"tiered_pricing_quantity_step":null,"_links":{"self":[{"href":"https:\/\/staging.swizzle.se\/en\/wp-json\/wp\/v2\/product\/259316","targetHints":{"allow":["GET"]}}],"collection":[{"href":"https:\/\/staging.swizzle.se\/en\/wp-json\/wp\/v2\/product"}],"about":[{"href":"https:\/\/staging.swizzle.se\/en\/wp-json\/wp\/v2\/types\/product"}],"replies":[{"embeddable":true,"href":"https:\/\/staging.swizzle.se\/en\/wp-json\/wp\/v2\/comments?post=259316"}],"version-history":[{"count":0,"href":"https:\/\/staging.swizzle.se\/en\/wp-json\/wp\/v2\/product\/259316\/revisions"}],"wp:featuredmedia":[{"embeddable":true,"href":"https:\/\/staging.swizzle.se\/en\/wp-json\/wp\/v2\/media\/259318"}],"wp:attachment":[{"href":"https:\/\/staging.swizzle.se\/en\/wp-json\/wp\/v2\/media?parent=259316"}],"wp:term":[{"taxonomy":"product_brand","embeddable":true,"href":"https:\/\/staging.swizzle.se\/en\/wp-json\/wp\/v2\/product_brand?post=259316"},{"taxonomy":"product_cat","embeddable":true,"href":"https:\/\/staging.swizzle.se\/en\/wp-json\/wp\/v2\/product_cat?post=259316"},{"taxonomy":"product_tag","embeddable":true,"href":"https:\/\/staging.swizzle.se\/en\/wp-json\/wp\/v2\/product_tag?post=259316"},{"taxonomy":"superdeal","embeddable":true,"href":"https:\/\/staging.swizzle.se\/en\/wp-json\/wp\/v2\/superdeal?post=259316"},{"taxonomy":"product_variant_id","embeddable":true,"href":"https:\/\/staging.swizzle.se\/en\/wp-json\/wp\/v2\/product_variant_id?post=259316"}],"curies":[{"name":"wp","href":"https:\/\/api.w.org\/{rel}","templated":true}]}}