{"id":275528,"date":"2025-10-02T06:21:10","date_gmt":"2025-10-02T06:21:10","guid":{"rendered":"https:\/\/staging.swizzle.se\/?page_id=275528"},"modified":"2026-02-04T20:58:22","modified_gmt":"2026-02-04T20:58:22","slug":"trade-marks","status":"publish","type":"page","link":"https:\/\/staging.swizzle.se\/en\/trade-marks\/","title":{"rendered":"Trade marks"},"content":{"rendered":"<div data-elementor-type=\"wp-page\" data-elementor-id=\"275528\" class=\"elementor elementor-275528\" data-elementor-post-type=\"page\">\n\t\t\t\t<div class=\"elementor-element elementor-element-0ab0e7b e-flex e-con-boxed e-con e-parent\" data-id=\"0ab0e7b\" data-element_type=\"container\" data-e-type=\"container\">\n\t\t\t\t\t<div class=\"e-con-inner\">\n\t\t\t\t<div class=\"elementor-element elementor-element-db89129 elementor-widget elementor-widget-shortcode\" data-id=\"db89129\" data-element_type=\"widget\" data-e-type=\"widget\" data-widget_type=\"shortcode.default\">\n\t\t\t\t<div class=\"elementor-widget-container\">\n\t\t\t\t\t\t\t<div class=\"elementor-shortcode\"><style>.brands-atoz { display: grid; grid-template-columns: repeat(4, 1fr); gap: 2rem 2.5rem; margin: 1.5rem 0; }\n\t\t.brands-atoz-group { break-inside: avoid; }\n\t\t.brands-atoz-letter { font-size: 1.5rem; font-weight: 700; margin: 0 0 0.75rem 0; line-height: 1.2; }\n\t\t.brands-atoz-list { list-style: disc; margin: 0 0 0 1.25rem; padding: 0; }\n\t\t.brands-atoz-list li { margin-bottom: 0.35rem; }\n\t\t.brands-atoz-list a { text-decoration: none; }\n\t\t.brands-atoz-list a:hover { text-decoration: underline; }\n\t\t.brands-atoz-empty { margin: 1rem 0; padding: 1rem; }\n\t\t@media (max-width: 992px) { .brands-atoz { grid-template-columns: repeat(3, 1fr); } }\n\t\t@media (max-width: 576px) { .brands-atoz { grid-template-columns: repeat(2, 1fr); gap: 1.5rem 1.25rem; } }<\/style>\t<div class=\"brands-atoz\">\n\t\t\t\t\t<div class=\"brands-atoz-group\">\n\t\t\t\t<h3 class=\"brands-atoz-letter\">B<\/h3>\n\t\t\t\t<ul class=\"brands-atoz-list\">\n\t\t\t\t\t\t\t\t\t\t\t<li><a href=\"https:\/\/staging.swizzle.se\/en\/trade-marks\/bestbuds\/\">Best Buds<\/a><\/li>\n\t\t\t\t\t\t\t\t\t\t\t<li><a href=\"https:\/\/staging.swizzle.se\/en\/trade-marks\/black-sheep\/\">Black sheep<\/a><\/li>\n\t\t\t\t\t\t\t\t\t\t\t<li><a href=\"https:\/\/staging.swizzle.se\/en\/trade-marks\/bubbly-billy\/\">Bubbly Billy<\/a><\/li>\n\t\t\t\t\t\t\t\t\t<\/ul>\n\t\t\t<\/div>\n\t\t\t\t\t<div class=\"brands-atoz-group\">\n\t\t\t\t<h3 class=\"brands-atoz-letter\">C<\/h3>\n\t\t\t\t<ul class=\"brands-atoz-list\">\n\t\t\t\t\t\t\t\t\t\t\t<li><a href=\"https:\/\/staging.swizzle.se\/en\/trade-marks\/cali-terpenes\/\">Cali Terpenes<\/a><\/li>\n\t\t\t\t\t\t\t\t\t\t\t<li><a href=\"https:\/\/staging.swizzle.se\/en\/trade-marks\/cannabisbakehouse\/\">Cannabis Bakehouse<\/a><\/li>\n\t\t\t\t\t\t\t\t\t\t\t<li><a href=\"https:\/\/staging.swizzle.se\/en\/trade-marks\/ccell\/\">Ccell<\/a><\/li>\n\t\t\t\t\t\t\t\t\t\t\t<li><a href=\"https:\/\/staging.swizzle.se\/en\/trade-marks\/champ-high\/\">Champ High<\/a><\/li>\n\t\t\t\t\t\t\t\t\t\t\t<li><a href=\"https:\/\/staging.swizzle.se\/en\/trade-marks\/chubby-salts\/\">Chubby Salts<\/a><\/li>\n\t\t\t\t\t\t\t\t\t\t\t<li><a href=\"https:\/\/staging.swizzle.se\/en\/trade-marks\/cocori-kush\/\">Cocori Kush<\/a><\/li>\n\t\t\t\t\t\t\t\t\t\t\t<li><a href=\"https:\/\/staging.swizzle.se\/en\/trade-marks\/cookies\/\">Cookies<\/a><\/li>\n\t\t\t\t\t\t\t\t\t<\/ul>\n\t\t\t<\/div>\n\t\t\t\t\t<div class=\"brands-atoz-group\">\n\t\t\t\t<h3 class=\"brands-atoz-letter\">D<\/h3>\n\t\t\t\t<ul class=\"brands-atoz-list\">\n\t\t\t\t\t\t\t\t\t\t\t<li><a href=\"https:\/\/staging.swizzle.se\/en\/trade-marks\/diamond-leaf\/\">Diamond Leaf<\/a><\/li>\n\t\t\t\t\t\t\t\t\t\t\t<li><a href=\"https:\/\/staging.swizzle.se\/en\/trade-marks\/drifter\/\">Drifter<\/a><\/li>\n\t\t\t\t\t\t\t\t\t\t\t<li><a href=\"https:\/\/staging.swizzle.se\/en\/trade-marks\/dripped\/\">Dripped<\/a><\/li>\n\t\t\t\t\t\t\t\t\t\t\t<li><a href=\"https:\/\/staging.swizzle.se\/en\/trade-marks\/dynavap\/\">Dynavap<\/a><\/li>\n\t\t\t\t\t\t\t\t\t<\/ul>\n\t\t\t<\/div>\n\t\t\t\t\t<div class=\"brands-atoz-group\">\n\t\t\t\t<h3 class=\"brands-atoz-letter\">E<\/h3>\n\t\t\t\t<ul class=\"brands-atoz-list\">\n\t\t\t\t\t\t\t\t\t\t\t<li><a href=\"https:\/\/staging.swizzle.se\/en\/trade-marks\/euphoria\/\">Euphoria<\/a><\/li>\n\t\t\t\t\t\t\t\t\t<\/ul>\n\t\t\t<\/div>\n\t\t\t\t\t<div class=\"brands-atoz-group\">\n\t\t\t\t<h3 class=\"brands-atoz-letter\">F<\/h3>\n\t\t\t\t<ul class=\"brands-atoz-list\">\n\t\t\t\t\t\t\t\t\t\t\t<li><a href=\"https:\/\/staging.swizzle.se\/en\/trade-marks\/fizzy-juice\/\">Fizzy Juice<\/a><\/li>\n\t\t\t\t\t\t\t\t\t\t\t<li><a href=\"https:\/\/staging.swizzle.se\/en\/trade-marks\/flowermate\/\">Flowermate<\/a><\/li>\n\t\t\t\t\t\t\t\t\t\t\t<li><a href=\"https:\/\/staging.swizzle.se\/en\/trade-marks\/fumi\/\">Fumi<\/a><\/li>\n\t\t\t\t\t\t\t\t\t<\/ul>\n\t\t\t<\/div>\n\t\t\t\t\t<div class=\"brands-atoz-group\">\n\t\t\t\t<h3 class=\"brands-atoz-letter\">G<\/h3>\n\t\t\t\t<ul class=\"brands-atoz-list\">\n\t\t\t\t\t\t\t\t\t\t\t<li><a href=\"https:\/\/staging.swizzle.se\/en\/trade-marks\/g-rollz\/\">G-Roll<\/a><\/li>\n\t\t\t\t\t\t\t\t\t\t\t<li><a href=\"https:\/\/staging.swizzle.se\/en\/trade-marks\/green_brothers\/\">Green Brothers<\/a><\/li>\n\t\t\t\t\t\t\t\t\t\t\t<li><a href=\"https:\/\/staging.swizzle.se\/en\/trade-marks\/grenco-science\/\">Grenco Science<\/a><\/li>\n\t\t\t\t\t\t\t\t\t<\/ul>\n\t\t\t<\/div>\n\t\t\t\t\t<div class=\"brands-atoz-group\">\n\t\t\t\t<h3 class=\"brands-atoz-letter\">H<\/h3>\n\t\t\t\t<ul class=\"brands-atoz-list\">\n\t\t\t\t\t\t\t\t\t\t\t<li><a href=\"https:\/\/staging.swizzle.se\/en\/trade-marks\/happy-caps\/\">Happy Caps<\/a><\/li>\n\t\t\t\t\t\t\t\t\t\t\t<li><a href=\"https:\/\/staging.swizzle.se\/en\/trade-marks\/harmony\/\">Harmony<\/a><\/li>\n\t\t\t\t\t\t\t\t\t\t\t<li><a href=\"https:\/\/staging.swizzle.se\/en\/trade-marks\/helwit\/\">Helicopter<\/a><\/li>\n\t\t\t\t\t\t\t\t\t<\/ul>\n\t\t\t<\/div>\n\t\t\t\t\t<div class=\"brands-atoz-group\">\n\t\t\t\t<h3 class=\"brands-atoz-letter\">J<\/h3>\n\t\t\t\t<ul class=\"brands-atoz-list\">\n\t\t\t\t\t\t\t\t\t\t\t<li><a href=\"https:\/\/staging.swizzle.se\/en\/trade-marks\/just-nic-it\/\">Just Nic It<\/a><\/li>\n\t\t\t\t\t\t\t\t\t<\/ul>\n\t\t\t<\/div>\n\t\t\t\t\t<div class=\"brands-atoz-group\">\n\t\t\t\t<h3 class=\"brands-atoz-letter\">K<\/h3>\n\t\t\t\t<ul class=\"brands-atoz-list\">\n\t\t\t\t\t\t\t\t\t\t\t<li><a href=\"https:\/\/staging.swizzle.se\/en\/trade-marks\/katalyzer\/\">Catalysers<\/a><\/li>\n\t\t\t\t\t\t\t\t\t\t\t<li><a href=\"https:\/\/staging.swizzle.se\/en\/trade-marks\/king-palm\/\">King Palm<\/a><\/li>\n\t\t\t\t\t\t\t\t\t\t\t<li><a href=\"https:\/\/staging.swizzle.se\/en\/trade-marks\/kush-cbd\/\">Kush CBD<\/a><\/li>\n\t\t\t\t\t\t\t\t\t<\/ul>\n\t\t\t<\/div>\n\t\t\t\t\t<div class=\"brands-atoz-group\">\n\t\t\t\t<h3 class=\"brands-atoz-letter\">L<\/h3>\n\t\t\t\t<ul class=\"brands-atoz-list\">\n\t\t\t\t\t\t\t\t\t\t\t<li><a href=\"https:\/\/staging.swizzle.se\/en\/trade-marks\/lewa\/\">LEWA<\/a><\/li>\n\t\t\t\t\t\t\t\t\t\t\t<li><a href=\"https:\/\/staging.swizzle.se\/en\/trade-marks\/loop\/\">Loop<\/a><\/li>\n\t\t\t\t\t\t\t\t\t\t\t<li><a href=\"https:\/\/staging.swizzle.se\/en\/trade-marks\/lundgrens\/\">Lundgrens<\/a><\/li>\n\t\t\t\t\t\t\t\t\t<\/ul>\n\t\t\t<\/div>\n\t\t\t\t\t<div class=\"brands-atoz-group\">\n\t\t\t\t<h3 class=\"brands-atoz-letter\">M<\/h3>\n\t\t\t\t<ul class=\"brands-atoz-list\">\n\t\t\t\t\t\t\t\t\t\t\t<li><a href=\"https:\/\/staging.swizzle.se\/en\/trade-marks\/magic-farmers\/\">Magic Farmers<\/a><\/li>\n\t\t\t\t\t\t\t\t\t\t\t<li><a href=\"https:\/\/staging.swizzle.se\/en\/trade-marks\/monkey-king\/\">Monkey King<\/a><\/li>\n\t\t\t\t\t\t\t\t\t<\/ul>\n\t\t\t<\/div>\n\t\t\t\t\t<div class=\"brands-atoz-group\">\n\t\t\t\t<h3 class=\"brands-atoz-letter\">N<\/h3>\n\t\t\t\t<ul class=\"brands-atoz-list\">\n\t\t\t\t\t\t\t\t\t\t\t<li><a href=\"https:\/\/staging.swizzle.se\/en\/trade-marks\/narcos\/\">Narcos<\/a><\/li>\n\t\t\t\t\t\t\t\t\t<\/ul>\n\t\t\t<\/div>\n\t\t\t\t\t<div class=\"brands-atoz-group\">\n\t\t\t\t<h3 class=\"brands-atoz-letter\">O<\/h3>\n\t\t\t\t<ul class=\"brands-atoz-list\">\n\t\t\t\t\t\t\t\t\t\t\t<li><a href=\"https:\/\/staging.swizzle.se\/en\/trade-marks\/ocb\/\">CCO<\/a><\/li>\n\t\t\t\t\t\t\t\t\t\t\t<li><a href=\"https:\/\/staging.swizzle.se\/en\/trade-marks\/orange-county\/\">Orange County<\/a><\/li>\n\t\t\t\t\t\t\t\t\t<\/ul>\n\t\t\t<\/div>\n\t\t\t\t\t<div class=\"brands-atoz-group\">\n\t\t\t\t<h3 class=\"brands-atoz-letter\">P<\/h3>\n\t\t\t\t<ul class=\"brands-atoz-list\">\n\t\t\t\t\t\t\t\t\t\t\t<li><a href=\"https:\/\/staging.swizzle.se\/en\/trade-marks\/plant-of-life\/\">Plant of life<\/a><\/li>\n\t\t\t\t\t\t\t\t\t\t\t<li><a href=\"https:\/\/staging.swizzle.se\/en\/trade-marks\/prof\/\">Prof<\/a><\/li>\n\t\t\t\t\t\t\t\t\t\t\t<li><a href=\"https:\/\/staging.swizzle.se\/en\/trade-marks\/puffco\/\">Puffco<\/a><\/li>\n\t\t\t\t\t\t\t\t\t<\/ul>\n\t\t\t<\/div>\n\t\t\t\t\t<div class=\"brands-atoz-group\">\n\t\t\t\t<h3 class=\"brands-atoz-letter\">R<\/h3>\n\t\t\t\t<ul class=\"brands-atoz-list\">\n\t\t\t\t\t\t\t\t\t\t\t<li><a href=\"https:\/\/staging.swizzle.se\/en\/trade-marks\/raw\/\">RAW<\/a><\/li>\n\t\t\t\t\t\t\t\t\t<\/ul>\n\t\t\t<\/div>\n\t\t\t\t\t<div class=\"brands-atoz-group\">\n\t\t\t\t<h3 class=\"brands-atoz-letter\">S<\/h3>\n\t\t\t\t<ul class=\"brands-atoz-list\">\n\t\t\t\t\t\t\t\t\t\t\t<li><a href=\"https:\/\/staging.swizzle.se\/en\/trade-marks\/sixty-8\/\">Sixty 8<\/a><\/li>\n\t\t\t\t\t\t\t\t\t\t\t<li><a href=\"https:\/\/staging.swizzle.se\/en\/trade-marks\/swizzle\/\">Swizzle<\/a><\/li>\n\t\t\t\t\t\t\t\t\t<\/ul>\n\t\t\t<\/div>\n\t\t\t\t\t<div class=\"brands-atoz-group\">\n\t\t\t\t<h3 class=\"brands-atoz-letter\">T<\/h3>\n\t\t\t\t<ul class=\"brands-atoz-list\">\n\t\t\t\t\t\t\t\t\t\t\t<li><a href=\"https:\/\/staging.swizzle.se\/en\/trade-marks\/the-bulldog\/\">The Bulldog<\/a><\/li>\n\t\t\t\t\t\t\t\t\t\t\t<li><a href=\"https:\/\/staging.swizzle.se\/en\/trade-marks\/tyson\/\">Tyson 2.0<\/a><\/li>\n\t\t\t\t\t\t\t\t\t<\/ul>\n\t\t\t<\/div>\n\t\t\t\t\t<div class=\"brands-atoz-group\">\n\t\t\t\t<h3 class=\"brands-atoz-letter\">U<\/h3>\n\t\t\t\t<ul class=\"brands-atoz-list\">\n\t\t\t\t\t\t\t\t\t\t\t<li><a href=\"https:\/\/staging.swizzle.se\/en\/trade-marks\/urban-crew\/\">Urban Crew<\/a><\/li>\n\t\t\t\t\t\t\t\t\t<\/ul>\n\t\t\t<\/div>\n\t\t\t\t\t<div class=\"brands-atoz-group\">\n\t\t\t\t<h3 class=\"brands-atoz-letter\">V<\/h3>\n\t\t\t\t<ul class=\"brands-atoz-list\">\n\t\t\t\t\t\t\t\t\t\t\t<li><a href=\"https:\/\/staging.swizzle.se\/en\/trade-marks\/velo\/\">Bicycle<\/a><\/li>\n\t\t\t\t\t\t\t\t\t\t\t<li><a href=\"https:\/\/staging.swizzle.se\/en\/trade-marks\/vibes\/\">Vibes<\/a><\/li>\n\t\t\t\t\t\t\t\t\t\t\t<li><a href=\"https:\/\/staging.swizzle.se\/en\/trade-marks\/vozol\/\">Vozol<\/a><\/li>\n\t\t\t\t\t\t\t\t\t<\/ul>\n\t\t\t<\/div>\n\t\t\t\t\t<div class=\"brands-atoz-group\">\n\t\t\t\t<h3 class=\"brands-atoz-letter\">X<\/h3>\n\t\t\t\t<ul class=\"brands-atoz-list\">\n\t\t\t\t\t\t\t\t\t\t\t<li><a href=\"https:\/\/staging.swizzle.se\/en\/trade-marks\/xqs\/\">XQS<\/a><\/li>\n\t\t\t\t\t\t\t\t\t\t\t<li><a href=\"https:\/\/staging.swizzle.se\/en\/trade-marks\/xvape\/\">xvape<\/a><\/li>\n\t\t\t\t\t\t\t\t\t<\/ul>\n\t\t\t<\/div>\n\t\t\t\t\t<div class=\"brands-atoz-group\">\n\t\t\t\t<h3 class=\"brands-atoz-letter\">Z<\/h3>\n\t\t\t\t<ul class=\"brands-atoz-list\">\n\t\t\t\t\t\t\t\t\t\t\t<li><a href=\"https:\/\/staging.swizzle.se\/en\/trade-marks\/zyn\/\">ZYN<\/a><\/li>\n\t\t\t\t\t\t\t\t\t<\/ul>\n\t\t\t<\/div>\n\t\t\t<\/div>\n\t<\/div>\n\t\t\t\t\t\t<\/div>\n\t\t\t\t<\/div>\n\t\t\t\t\t<\/div>\n\t\t\t\t<\/div>\n\t\t\t\t<\/div>","protected":false},"excerpt":{"rendered":"","protected":false},"author":2,"featured_media":0,"parent":0,"menu_order":0,"comment_status":"closed","ping_status":"closed","template":"","meta":{"site-sidebar-layout":"no-sidebar","site-content-layout":"page-builder","ast-site-content-layout":"full-width-container","site-content-style":"default","site-sidebar-style":"default","ast-global-header-display":"","ast-banner-title-visibility":"disabled","ast-main-header-display":"","ast-hfb-above-header-display":"","ast-hfb-below-header-display":"","ast-hfb-mobile-header-display":"","site-post-title":"","ast-breadcrumbs-content":"","ast-featured-img":"disabled","footer-sml-layout":"","ast-disable-related-posts":"","theme-transparent-header-meta":"","adv-header-id-meta":"","stick-header-meta":"","header-above-stick-meta":"","header-main-stick-meta":"","header-below-stick-meta":"","astra-migrate-meta-layouts":"set","ast-page-background-enabled":"default","ast-page-background-meta":{"desktop":{"background-color":"var(--ast-global-color-4)","background-image":"","background-repeat":"repeat","background-position":"center center","background-size":"auto","background-attachment":"scroll","background-type":"","background-media":"","overlay-type":"","overlay-color":"","overlay-opacity":"","overlay-gradient":""},"tablet":{"background-color":"","background-image":"","background-repeat":"repeat","background-position":"center center","background-size":"auto","background-attachment":"scroll","background-type":"","background-media":"","overlay-type":"","overlay-color":"","overlay-opacity":"","overlay-gradient":""},"mobile":{"background-color":"","background-image":"","background-repeat":"repeat","background-position":"center center","background-size":"auto","background-attachment":"scroll","background-type":"","background-media":"","overlay-type":"","overlay-color":"","overlay-opacity":"","overlay-gradient":""}},"ast-content-background-meta":{"desktop":{"background-color":"var(--ast-global-color-5)","background-image":"","background-repeat":"repeat","background-position":"center center","background-size":"auto","background-attachment":"scroll","background-type":"","background-media":"","overlay-type":"","overlay-color":"","overlay-opacity":"","overlay-gradient":""},"tablet":{"background-color":"var(--ast-global-color-5)","background-image":"","background-repeat":"repeat","background-position":"center center","background-size":"auto","background-attachment":"scroll","background-type":"","background-media":"","overlay-type":"","overlay-color":"","overlay-opacity":"","overlay-gradient":""},"mobile":{"background-color":"var(--ast-global-color-5)","background-image":"","background-repeat":"repeat","background-position":"center center","background-size":"auto","background-attachment":"scroll","background-type":"","background-media":"","overlay-type":"","overlay-color":"","overlay-opacity":"","overlay-gradient":""}},"footnotes":""},"class_list":["post-275528","page","type-page","status-publish","hentry"],"yoast_head":"<!-- This site is optimized with the Yoast SEO Premium plugin v26.9 (Yoast SEO v26.9) - https:\/\/yoast.com\/product\/yoast-seo-premium-wordpress\/ -->\n<title>Varum\u00e4rken - Swizzle<\/title>\n<meta name=\"description\" content=\"H\u00e4r finner ni de varum\u00e4rken som Swizzle.se s\u00e4ljer. Dessa \u00e4r alltifr\u00e5n Green Brothers, Magic Farmers, Cookies, Zyn, och m\u00e5nga fler.\" \/>\n<meta name=\"robots\" content=\"noindex, follow, max-snippet:-1, max-image-preview:large, max-video-preview:-1\" \/>\n<meta property=\"og:locale\" content=\"en_GB\" \/>\n<meta property=\"og:type\" content=\"article\" \/>\n<meta property=\"og:title\" content=\"Varum\u00e4rken\" \/>\n<meta property=\"og:description\" content=\"H\u00e4r finner ni de varum\u00e4rken som Swizzle.se s\u00e4ljer. Dessa \u00e4r alltifr\u00e5n Green Brothers, Magic Farmers, Cookies, Zyn, och m\u00e5nga fler.\" \/>\n<meta property=\"og:url\" content=\"https:\/\/www.swizzle.se\/varumarken\/\" \/>\n<meta property=\"og:site_name\" content=\"Swizzle\" \/>\n<meta property=\"article:modified_time\" content=\"2026-02-04T20:58:22+00:00\" \/>\n<meta name=\"twitter:card\" content=\"summary_large_image\" \/>\n<script type=\"application\/ld+json\" class=\"yoast-schema-graph\">{\"@context\":\"https:\/\/schema.org\",\"@graph\":[{\"@type\":[\"Article\",\"BlogPosting\"],\"@id\":\"https:\/\/www.swizzle.se\/varumarken\/#article\",\"isPartOf\":{\"@id\":\"https:\/\/www.swizzle.se\/varumarken\/\"},\"author\":{\"name\":\"Darthvader\",\"@id\":\"https:\/\/staging.swizzle.se\/#\/schema\/person\/86a51b6126cb7f68978b7751718a0800\"},\"headline\":\"Varum\u00e4rken\",\"datePublished\":\"2025-10-02T06:21:10+00:00\",\"dateModified\":\"2026-02-04T20:58:22+00:00\",\"mainEntityOfPage\":{\"@id\":\"https:\/\/www.swizzle.se\/varumarken\/\"},\"wordCount\":3,\"publisher\":{\"@id\":\"https:\/\/staging.swizzle.se\/#organization\"},\"inLanguage\":\"en-GB\"},{\"@type\":\"WebPage\",\"@id\":\"https:\/\/www.swizzle.se\/varumarken\/\",\"url\":\"https:\/\/www.swizzle.se\/varumarken\/\",\"name\":\"Varum\u00e4rken - Swizzle\",\"isPartOf\":{\"@id\":\"https:\/\/staging.swizzle.se\/#website\"},\"datePublished\":\"2025-10-02T06:21:10+00:00\",\"dateModified\":\"2026-02-04T20:58:22+00:00\",\"description\":\"H\u00e4r finner ni de varum\u00e4rken som Swizzle.se s\u00e4ljer. Dessa \u00e4r alltifr\u00e5n Green Brothers, Magic Farmers, Cookies, Zyn, och m\u00e5nga fler.\",\"breadcrumb\":{\"@id\":\"https:\/\/www.swizzle.se\/varumarken\/#breadcrumb\"},\"inLanguage\":\"en-GB\",\"potentialAction\":[{\"@type\":\"ReadAction\",\"target\":[\"https:\/\/www.swizzle.se\/varumarken\/\"]}]},{\"@type\":\"BreadcrumbList\",\"@id\":\"https:\/\/www.swizzle.se\/varumarken\/#breadcrumb\",\"itemListElement\":[{\"@type\":\"ListItem\",\"position\":1,\"name\":\"Home\",\"item\":\"https:\/\/www.swizzle.se\/\"},{\"@type\":\"ListItem\",\"position\":2,\"name\":\"Varum\u00e4rken\"}]},{\"@type\":\"WebSite\",\"@id\":\"https:\/\/staging.swizzle.se\/#website\",\"url\":\"https:\/\/staging.swizzle.se\/\",\"name\":\"Swizzle\",\"description\":\"Nikotin CBD Vapes Snus White Portion\",\"publisher\":{\"@id\":\"https:\/\/staging.swizzle.se\/#organization\"},\"potentialAction\":[{\"@type\":\"SearchAction\",\"target\":{\"@type\":\"EntryPoint\",\"urlTemplate\":\"https:\/\/staging.swizzle.se\/?s={search_term_string}\"},\"query-input\":{\"@type\":\"PropertyValueSpecification\",\"valueRequired\":true,\"valueName\":\"search_term_string\"}}],\"inLanguage\":\"en-GB\"},{\"@type\":\"Organization\",\"@id\":\"https:\/\/staging.swizzle.se\/#organization\",\"name\":\"Swizzle\",\"url\":\"https:\/\/staging.swizzle.se\/\",\"logo\":{\"@type\":\"ImageObject\",\"inLanguage\":\"en-GB\",\"@id\":\"https:\/\/staging.swizzle.se\/#\/schema\/logo\/image\/\",\"url\":\"https:\/\/staging.swizzle.se\/wp-content\/uploads\/2025\/10\/cropped-SWIZZLE.-4.png\",\"contentUrl\":\"https:\/\/staging.swizzle.se\/wp-content\/uploads\/2025\/10\/cropped-SWIZZLE.-4.png\",\"width\":800,\"height\":267,\"caption\":\"Swizzle\"},\"image\":{\"@id\":\"https:\/\/staging.swizzle.se\/#\/schema\/logo\/image\/\"},\"hasMerchantReturnPolicy\":{\"@type\":\"MerchantReturnPolicy\",\"merchantReturnLink\":\"https:\/\/staging.swizzle.se\/en\/villkor\/\"}},{\"@type\":\"Person\",\"@id\":\"https:\/\/staging.swizzle.se\/#\/schema\/person\/86a51b6126cb7f68978b7751718a0800\",\"name\":\"Darthvader\",\"image\":{\"@type\":\"ImageObject\",\"inLanguage\":\"en-GB\",\"@id\":\"https:\/\/staging.swizzle.se\/#\/schema\/person\/image\/\",\"url\":\"https:\/\/secure.gravatar.com\/avatar\/64e9a5baedde60b877ef6d40a5c88e2996b335678b549a32c4bf0e983abbe2a1?s=96&d=mm&r=g\",\"contentUrl\":\"https:\/\/secure.gravatar.com\/avatar\/64e9a5baedde60b877ef6d40a5c88e2996b335678b549a32c4bf0e983abbe2a1?s=96&d=mm&r=g\",\"caption\":\"Darthvader\"}}]}<\/script>\n<!-- \/ Yoast SEO Premium plugin. -->","yoast_head_json":{"title":"Trade marks - Swizzle","description":"Here you will find the brands that Swizzle.se sells. These range from Green Brothers, Magic Farmers, Cookies, Zyn, and many more.","robots":{"index":"noindex","follow":"follow","max-snippet":"max-snippet:-1","max-image-preview":"max-image-preview:large","max-video-preview":"max-video-preview:-1"},"og_locale":"en_GB","og_type":"article","og_title":"Varum\u00e4rken","og_description":"H\u00e4r finner ni de varum\u00e4rken som Swizzle.se s\u00e4ljer. Dessa \u00e4r alltifr\u00e5n Green Brothers, Magic Farmers, Cookies, Zyn, och m\u00e5nga fler.","og_url":"https:\/\/www.swizzle.se\/varumarken\/","og_site_name":"Swizzle","article_modified_time":"2026-02-04T20:58:22+00:00","twitter_card":"summary_large_image","schema":{"@context":"https:\/\/schema.org","@graph":[{"@type":["Article","BlogPosting"],"@id":"https:\/\/www.swizzle.se\/varumarken\/#article","isPartOf":{"@id":"https:\/\/www.swizzle.se\/varumarken\/"},"author":{"name":"Darthvader","@id":"https:\/\/staging.swizzle.se\/#\/schema\/person\/86a51b6126cb7f68978b7751718a0800"},"headline":"Varum\u00e4rken","datePublished":"2025-10-02T06:21:10+00:00","dateModified":"2026-02-04T20:58:22+00:00","mainEntityOfPage":{"@id":"https:\/\/www.swizzle.se\/varumarken\/"},"wordCount":3,"publisher":{"@id":"https:\/\/staging.swizzle.se\/#organization"},"inLanguage":"en-GB"},{"@type":"WebPage","@id":"https:\/\/www.swizzle.se\/varumarken\/","url":"https:\/\/www.swizzle.se\/varumarken\/","name":"Trade marks - Swizzle","isPartOf":{"@id":"https:\/\/staging.swizzle.se\/#website"},"datePublished":"2025-10-02T06:21:10+00:00","dateModified":"2026-02-04T20:58:22+00:00","description":"Here you will find the brands that Swizzle.se sells. These range from Green Brothers, Magic Farmers, Cookies, Zyn, and many more.","breadcrumb":{"@id":"https:\/\/www.swizzle.se\/varumarken\/#breadcrumb"},"inLanguage":"en-GB","potentialAction":[{"@type":"ReadAction","target":["https:\/\/www.swizzle.se\/varumarken\/"]}]},{"@type":"BreadcrumbList","@id":"https:\/\/www.swizzle.se\/varumarken\/#breadcrumb","itemListElement":[{"@type":"ListItem","position":1,"name":"Home","item":"https:\/\/www.swizzle.se\/"},{"@type":"ListItem","position":2,"name":"Varum\u00e4rken"}]},{"@type":"WebSite","@id":"https:\/\/staging.swizzle.se\/#website","url":"https:\/\/staging.swizzle.se\/","name":"Swizzle","description":"Nicotine CBD Vapes Snus White Portion","publisher":{"@id":"https:\/\/staging.swizzle.se\/#organization"},"potentialAction":[{"@type":"SearchAction","target":{"@type":"EntryPoint","urlTemplate":"https:\/\/staging.swizzle.se\/?s={search_term_string}"},"query-input":{"@type":"PropertyValueSpecification","valueRequired":true,"valueName":"search_term_string"}}],"inLanguage":"en-GB"},{"@type":"Organization","@id":"https:\/\/staging.swizzle.se\/#organization","name":"Swizzle","url":"https:\/\/staging.swizzle.se\/","logo":{"@type":"ImageObject","inLanguage":"en-GB","@id":"https:\/\/staging.swizzle.se\/#\/schema\/logo\/image\/","url":"https:\/\/staging.swizzle.se\/wp-content\/uploads\/2025\/10\/cropped-SWIZZLE.-4.png","contentUrl":"https:\/\/staging.swizzle.se\/wp-content\/uploads\/2025\/10\/cropped-SWIZZLE.-4.png","width":800,"height":267,"caption":"Swizzle"},"image":{"@id":"https:\/\/staging.swizzle.se\/#\/schema\/logo\/image\/"},"hasMerchantReturnPolicy":{"@type":"MerchantReturnPolicy","merchantReturnLink":"https:\/\/staging.swizzle.se\/en\/villkor\/"}},{"@type":"Person","@id":"https:\/\/staging.swizzle.se\/#\/schema\/person\/86a51b6126cb7f68978b7751718a0800","name":"Darth Vader","image":{"@type":"ImageObject","inLanguage":"en-GB","@id":"https:\/\/staging.swizzle.se\/#\/schema\/person\/image\/","url":"https:\/\/secure.gravatar.com\/avatar\/64e9a5baedde60b877ef6d40a5c88e2996b335678b549a32c4bf0e983abbe2a1?s=96&d=mm&r=g","contentUrl":"https:\/\/secure.gravatar.com\/avatar\/64e9a5baedde60b877ef6d40a5c88e2996b335678b549a32c4bf0e983abbe2a1?s=96&d=mm&r=g","caption":"Darthvader"}}]}},"_links":{"self":[{"href":"https:\/\/staging.swizzle.se\/en\/wp-json\/wp\/v2\/pages\/275528","targetHints":{"allow":["GET"]}}],"collection":[{"href":"https:\/\/staging.swizzle.se\/en\/wp-json\/wp\/v2\/pages"}],"about":[{"href":"https:\/\/staging.swizzle.se\/en\/wp-json\/wp\/v2\/types\/page"}],"author":[{"embeddable":true,"href":"https:\/\/staging.swizzle.se\/en\/wp-json\/wp\/v2\/users\/2"}],"replies":[{"embeddable":true,"href":"https:\/\/staging.swizzle.se\/en\/wp-json\/wp\/v2\/comments?post=275528"}],"version-history":[{"count":0,"href":"https:\/\/staging.swizzle.se\/en\/wp-json\/wp\/v2\/pages\/275528\/revisions"}],"wp:attachment":[{"href":"https:\/\/staging.swizzle.se\/en\/wp-json\/wp\/v2\/media?parent=275528"}],"curies":[{"name":"wp","href":"https:\/\/api.w.org\/{rel}","templated":true}]}}