{"id":227342,"date":"2023-03-30T18:18:42","date_gmt":"2023-03-30T18:18:42","guid":{"rendered":"https:\/\/new.staging.swizzle.se\/cookie-policy\/"},"modified":"2025-04-14T20:30:22","modified_gmt":"2025-04-14T20:30:22","slug":"cookie-policy","status":"publish","type":"page","link":"https:\/\/staging.swizzle.se\/en\/cookie-policy\/","title":{"rendered":"Cookie Policy"},"content":{"rendered":"<div data-elementor-type=\"wp-page\" data-elementor-id=\"227342\" class=\"elementor elementor-227342\" data-elementor-post-type=\"page\">\n\t\t\t\t<div class=\"elementor-element elementor-element-21725dde e-flex e-con-boxed e-con e-parent\" data-id=\"21725dde\" data-element_type=\"container\" data-e-type=\"container\">\n\t\t\t\t\t<div class=\"e-con-inner\">\n\t\t\t\t<div class=\"elementor-element elementor-element-39aa3438 elementor-widget elementor-widget-text-editor\" data-id=\"39aa3438\" data-element_type=\"widget\" data-e-type=\"widget\" data-widget_type=\"text-editor.default\">\n\t\t\t\t<div class=\"elementor-widget-container\">\n\t\t\t\t\t\t\t\t\t\n<p>P\u00e5 <a href=\"\/en\/\\&quot;https:\/\/staging.swizzle.se\/\\&quot;\/\">Swizzle.se<\/a> anv\u00e4nder vi Cookies f\u00f6r att f\u00f6rb\u00e4ttra din webbupplevelse och ge dig personligt anpassat inneh\u00e5ll och annonsering. Denna policy f\u00f6rklarar vad kakor \u00e4r, hur vi anv\u00e4nder dem och hur du kan kontrollera dem.<\/p>\n\n<h4>Vad \u00e4r Cookie?<\/h4>\n\n<p>Enligt EU:s lag om elektronisk kommunikation (LEK) kr\u00e4vs det att bes\u00f6kare p\u00e5 webbplatser informeras om att webbplatsen anv\u00e4nder kakor samt hur och varf\u00f6r de anv\u00e4nds. Innan kakor lagras eller h\u00e4mtas, m\u00e5ste bes\u00f6karen ge sitt samtycke till att kakor anv\u00e4nds p\u00e5 detta s\u00e4tt.<\/p>\n\n<p>Dataskyddsf\u00f6rordningen (GDPR) reglerar ocks\u00e5 anv\u00e4ndningen av kakor, och Integritetsskyddsmyndigheten (IMY) \u00e4r tillsynsmyndighet \u00f6ver dess efterlevnad. Best\u00e4mmelsen syftar till att skydda dig som anv\u00e4ndare och din personliga integritet. Kakor anv\u00e4nds p\u00e5 m\u00e5nga webbplatser f\u00f6r att ge dig tillg\u00e5ng till olika funktioner. Informationen i kakan \u00e4r ocks\u00e5 m\u00f6jlig att anv\u00e4nda f\u00f6r att f\u00f6lja ditt surfande, s\u00e4rskilt om det handlar om tredjepartskakor som f\u00f6rekommer p\u00e5 m\u00e5nga webbplatser. Kakor kan \u00e4ven samla in och analysera den information som du l\u00e4mnar efter dig n\u00e4r du surfar p\u00e5 n\u00e4tet.<\/p>\n\n<p><a href=\"\/en\/\\&quot;https:\/\/gdpr.eu\/cookies\/\\&quot;\/\">Kakor<\/a> \u00e4r sm\u00e5 datafiler som placeras p\u00e5 din enhet n\u00e4r du bes\u00f6ker en webbplats. Dessa filer inneh\u00e5ller information om dina inst\u00e4llningar, aktiviteter och preferenser p\u00e5 webbplatsen. Detta g\u00f6r det m\u00f6jligt f\u00f6r webbplatsen att anpassa din upplevelse och erbjuda en smidigare anv\u00e4ndarupplevelse.<\/p>\n\t\t\t\t\t\t\t\t<\/div>\n\t\t\t\t<\/div>\n\t\t\t\t\t<\/div>\n\t\t\t\t<\/div>\n\t\t\t\t<\/div>","protected":false},"excerpt":{"rendered":"<p>P\u00e5 Swizzle.se anv\u00e4nder vi Cookies f\u00f6r att f\u00f6rb\u00e4ttra din webbupplevelse och ge dig personligt anpassat inneh\u00e5ll och annonsering. Denna policy f\u00f6rklarar vad kakor \u00e4r, hur vi anv\u00e4nder dem och hur du kan kontrollera dem. Vad \u00e4r Cookie? Enligt EU:s lag om elektronisk kommunikation (LEK) kr\u00e4vs det att bes\u00f6kare p\u00e5 webbplatser informeras om att webbplatsen anv\u00e4nder [&hellip;]<\/p>","protected":false},"author":1,"featured_media":0,"parent":0,"menu_order":0,"comment_status":"closed","ping_status":"closed","template":"elementor_theme","meta":{"site-sidebar-layout":"default","site-content-layout":"","ast-site-content-layout":"default","site-content-style":"default","site-sidebar-style":"default","ast-global-header-display":"","ast-banner-title-visibility":"","ast-main-header-display":"","ast-hfb-above-header-display":"","ast-hfb-below-header-display":"","ast-hfb-mobile-header-display":"","site-post-title":"","ast-breadcrumbs-content":"","ast-featured-img":"","footer-sml-layout":"","ast-disable-related-posts":"","theme-transparent-header-meta":"","adv-header-id-meta":"","stick-header-meta":"","header-above-stick-meta":"","header-main-stick-meta":"","header-below-stick-meta":"","astra-migrate-meta-layouts":"set","ast-page-background-enabled":"default","ast-page-background-meta":{"desktop":{"background-color":"var(--ast-global-color-4)","background-image":"","background-repeat":"repeat","background-position":"center center","background-size":"auto","background-attachment":"scroll","background-type":"","background-media":"","overlay-type":"","overlay-color":"","overlay-opacity":"","overlay-gradient":""},"tablet":{"background-color":"","background-image":"","background-repeat":"repeat","background-position":"center center","background-size":"auto","background-attachment":"scroll","background-type":"","background-media":"","overlay-type":"","overlay-color":"","overlay-opacity":"","overlay-gradient":""},"mobile":{"background-color":"","background-image":"","background-repeat":"repeat","background-position":"center center","background-size":"auto","background-attachment":"scroll","background-type":"","background-media":"","overlay-type":"","overlay-color":"","overlay-opacity":"","overlay-gradient":""}},"ast-content-background-meta":{"desktop":{"background-color":"var(--ast-global-color-5)","background-image":"","background-repeat":"repeat","background-position":"center center","background-size":"auto","background-attachment":"scroll","background-type":"","background-media":"","overlay-type":"","overlay-color":"","overlay-opacity":"","overlay-gradient":""},"tablet":{"background-color":"var(--ast-global-color-5)","background-image":"","background-repeat":"repeat","background-position":"center center","background-size":"auto","background-attachment":"scroll","background-type":"","background-media":"","overlay-type":"","overlay-color":"","overlay-opacity":"","overlay-gradient":""},"mobile":{"background-color":"var(--ast-global-color-5)","background-image":"","background-repeat":"repeat","background-position":"center center","background-size":"auto","background-attachment":"scroll","background-type":"","background-media":"","overlay-type":"","overlay-color":"","overlay-opacity":"","overlay-gradient":""}},"footnotes":""},"class_list":["post-227342","page","type-page","status-publish","hentry"],"yoast_head":"<!-- This site is optimized with the Yoast SEO Premium plugin v26.9 (Yoast SEO v26.9) - https:\/\/yoast.com\/product\/yoast-seo-premium-wordpress\/ -->\n<title>Cookie Policy - Swizzle<\/title>\n<meta name=\"description\" content=\"P\u00e5 Swizzle.se anv\u00e4nder vi Cookies f\u00f6r att f\u00f6rb\u00e4ttra din webbupplevelse och ge dig personligt anpassat inneh\u00e5ll och annonsering.\" \/>\n<meta name=\"robots\" content=\"noindex, follow, max-snippet:-1, max-image-preview:large, max-video-preview:-1\" \/>\n<meta property=\"og:locale\" content=\"en_GB\" \/>\n<meta property=\"og:type\" content=\"article\" \/>\n<meta property=\"og:title\" content=\"Cookie Policy\" \/>\n<meta property=\"og:description\" content=\"P\u00e5 Swizzle.se anv\u00e4nder vi Cookies f\u00f6r att f\u00f6rb\u00e4ttra din webbupplevelse och ge dig personligt anpassat inneh\u00e5ll och annonsering.\" \/>\n<meta property=\"og:url\" content=\"https:\/\/www.swizzle.se\/cookie-policy\/\" \/>\n<meta property=\"og:site_name\" content=\"Swizzle\" \/>\n<meta property=\"article:modified_time\" content=\"2025-04-14T20:30:22+00:00\" \/>\n<meta name=\"twitter:card\" content=\"summary_large_image\" \/>\n<meta name=\"twitter:label1\" content=\"Estimated reading time\" \/>\n\t<meta name=\"twitter:data1\" content=\"2 minutes\" \/>\n<script type=\"application\/ld+json\" class=\"yoast-schema-graph\">{\"@context\":\"https:\/\/schema.org\",\"@graph\":[{\"@type\":[\"Article\",\"BlogPosting\"],\"@id\":\"https:\/\/www.swizzle.se\/cookie-policy\/#article\",\"isPartOf\":{\"@id\":\"https:\/\/www.swizzle.se\/cookie-policy\/\"},\"author\":{\"name\":\"swizzle\",\"@id\":\"https:\/\/staging.swizzle.se\/#\/schema\/person\/6a5d2987838f1fe7332c6632334462ad\"},\"headline\":\"Cookie Policy\",\"datePublished\":\"2023-03-30T18:18:42+00:00\",\"dateModified\":\"2025-04-14T20:30:22+00:00\",\"mainEntityOfPage\":{\"@id\":\"https:\/\/www.swizzle.se\/cookie-policy\/\"},\"wordCount\":250,\"publisher\":{\"@id\":\"https:\/\/staging.swizzle.se\/#organization\"},\"inLanguage\":\"en-GB\"},{\"@type\":\"WebPage\",\"@id\":\"https:\/\/www.swizzle.se\/cookie-policy\/\",\"url\":\"https:\/\/www.swizzle.se\/cookie-policy\/\",\"name\":\"Cookie Policy - Swizzle\",\"isPartOf\":{\"@id\":\"https:\/\/staging.swizzle.se\/#website\"},\"datePublished\":\"2023-03-30T18:18:42+00:00\",\"dateModified\":\"2025-04-14T20:30:22+00:00\",\"description\":\"P\u00e5 Swizzle.se anv\u00e4nder vi Cookies f\u00f6r att f\u00f6rb\u00e4ttra din webbupplevelse och ge dig personligt anpassat inneh\u00e5ll och annonsering.\",\"breadcrumb\":{\"@id\":\"https:\/\/www.swizzle.se\/cookie-policy\/#breadcrumb\"},\"inLanguage\":\"en-GB\",\"potentialAction\":[{\"@type\":\"ReadAction\",\"target\":[\"https:\/\/www.swizzle.se\/cookie-policy\/\"]}]},{\"@type\":\"BreadcrumbList\",\"@id\":\"https:\/\/www.swizzle.se\/cookie-policy\/#breadcrumb\",\"itemListElement\":[{\"@type\":\"ListItem\",\"position\":1,\"name\":\"Home\",\"item\":\"https:\/\/www.swizzle.se\/\"},{\"@type\":\"ListItem\",\"position\":2,\"name\":\"Cookie Policy\"}]},{\"@type\":\"WebSite\",\"@id\":\"https:\/\/staging.swizzle.se\/#website\",\"url\":\"https:\/\/staging.swizzle.se\/\",\"name\":\"Swizzle\",\"description\":\"Nikotin CBD Vapes Snus White Portion\",\"publisher\":{\"@id\":\"https:\/\/staging.swizzle.se\/#organization\"},\"potentialAction\":[{\"@type\":\"SearchAction\",\"target\":{\"@type\":\"EntryPoint\",\"urlTemplate\":\"https:\/\/staging.swizzle.se\/?s={search_term_string}\"},\"query-input\":{\"@type\":\"PropertyValueSpecification\",\"valueRequired\":true,\"valueName\":\"search_term_string\"}}],\"inLanguage\":\"en-GB\"},{\"@type\":\"Organization\",\"@id\":\"https:\/\/staging.swizzle.se\/#organization\",\"name\":\"Swizzle\",\"url\":\"https:\/\/staging.swizzle.se\/\",\"logo\":{\"@type\":\"ImageObject\",\"inLanguage\":\"en-GB\",\"@id\":\"https:\/\/staging.swizzle.se\/#\/schema\/logo\/image\/\",\"url\":\"https:\/\/staging.swizzle.se\/wp-content\/uploads\/2025\/10\/cropped-SWIZZLE.-4.png\",\"contentUrl\":\"https:\/\/staging.swizzle.se\/wp-content\/uploads\/2025\/10\/cropped-SWIZZLE.-4.png\",\"width\":800,\"height\":267,\"caption\":\"Swizzle\"},\"image\":{\"@id\":\"https:\/\/staging.swizzle.se\/#\/schema\/logo\/image\/\"},\"hasMerchantReturnPolicy\":{\"@type\":\"MerchantReturnPolicy\",\"merchantReturnLink\":\"https:\/\/staging.swizzle.se\/en\/villkor\/\"}},{\"@type\":\"Person\",\"@id\":\"https:\/\/staging.swizzle.se\/#\/schema\/person\/6a5d2987838f1fe7332c6632334462ad\",\"name\":\"swizzle\",\"image\":{\"@type\":\"ImageObject\",\"inLanguage\":\"en-GB\",\"@id\":\"https:\/\/staging.swizzle.se\/#\/schema\/person\/image\/\",\"url\":\"https:\/\/secure.gravatar.com\/avatar\/ec47099af09d54eecd5129e5f28d899047f08b53fd84760131cd5897b2bcce7f?s=96&d=mm&r=g\",\"contentUrl\":\"https:\/\/secure.gravatar.com\/avatar\/ec47099af09d54eecd5129e5f28d899047f08b53fd84760131cd5897b2bcce7f?s=96&d=mm&r=g\",\"caption\":\"swizzle\"},\"sameAs\":[\"https:\/\/new.staging.swizzle.se\"]}]}<\/script>\n<!-- \/ Yoast SEO Premium plugin. -->","yoast_head_json":{"title":"Cookie Policy - Swizzle","description":"P\u00e5 Swizzle.se anv\u00e4nder vi Cookies f\u00f6r att f\u00f6rb\u00e4ttra din webbupplevelse och ge dig personligt anpassat inneh\u00e5ll och annonsering.","robots":{"index":"noindex","follow":"follow","max-snippet":"max-snippet:-1","max-image-preview":"max-image-preview:large","max-video-preview":"max-video-preview:-1"},"og_locale":"en_GB","og_type":"article","og_title":"Cookie Policy","og_description":"P\u00e5 Swizzle.se anv\u00e4nder vi Cookies f\u00f6r att f\u00f6rb\u00e4ttra din webbupplevelse och ge dig personligt anpassat inneh\u00e5ll och annonsering.","og_url":"https:\/\/www.swizzle.se\/cookie-policy\/","og_site_name":"Swizzle","article_modified_time":"2025-04-14T20:30:22+00:00","twitter_card":"summary_large_image","twitter_misc":{"Estimated reading time":"2 minutes"},"schema":{"@context":"https:\/\/schema.org","@graph":[{"@type":["Article","BlogPosting"],"@id":"https:\/\/www.swizzle.se\/cookie-policy\/#article","isPartOf":{"@id":"https:\/\/www.swizzle.se\/cookie-policy\/"},"author":{"name":"swizzle","@id":"https:\/\/staging.swizzle.se\/#\/schema\/person\/6a5d2987838f1fe7332c6632334462ad"},"headline":"Cookie Policy","datePublished":"2023-03-30T18:18:42+00:00","dateModified":"2025-04-14T20:30:22+00:00","mainEntityOfPage":{"@id":"https:\/\/www.swizzle.se\/cookie-policy\/"},"wordCount":250,"publisher":{"@id":"https:\/\/staging.swizzle.se\/#organization"},"inLanguage":"en-GB"},{"@type":"WebPage","@id":"https:\/\/www.swizzle.se\/cookie-policy\/","url":"https:\/\/www.swizzle.se\/cookie-policy\/","name":"Cookie Policy - Swizzle","isPartOf":{"@id":"https:\/\/staging.swizzle.se\/#website"},"datePublished":"2023-03-30T18:18:42+00:00","dateModified":"2025-04-14T20:30:22+00:00","description":"P\u00e5 Swizzle.se anv\u00e4nder vi Cookies f\u00f6r att f\u00f6rb\u00e4ttra din webbupplevelse och ge dig personligt anpassat inneh\u00e5ll och annonsering.","breadcrumb":{"@id":"https:\/\/www.swizzle.se\/cookie-policy\/#breadcrumb"},"inLanguage":"en-GB","potentialAction":[{"@type":"ReadAction","target":["https:\/\/www.swizzle.se\/cookie-policy\/"]}]},{"@type":"BreadcrumbList","@id":"https:\/\/www.swizzle.se\/cookie-policy\/#breadcrumb","itemListElement":[{"@type":"ListItem","position":1,"name":"Home","item":"https:\/\/www.swizzle.se\/"},{"@type":"ListItem","position":2,"name":"Cookie Policy"}]},{"@type":"WebSite","@id":"https:\/\/staging.swizzle.se\/#website","url":"https:\/\/staging.swizzle.se\/","name":"Swizzle","description":"Nicotine CBD Vapes Snus White Portion","publisher":{"@id":"https:\/\/staging.swizzle.se\/#organization"},"potentialAction":[{"@type":"SearchAction","target":{"@type":"EntryPoint","urlTemplate":"https:\/\/staging.swizzle.se\/?s={search_term_string}"},"query-input":{"@type":"PropertyValueSpecification","valueRequired":true,"valueName":"search_term_string"}}],"inLanguage":"en-GB"},{"@type":"Organization","@id":"https:\/\/staging.swizzle.se\/#organization","name":"Swizzle","url":"https:\/\/staging.swizzle.se\/","logo":{"@type":"ImageObject","inLanguage":"en-GB","@id":"https:\/\/staging.swizzle.se\/#\/schema\/logo\/image\/","url":"https:\/\/staging.swizzle.se\/wp-content\/uploads\/2025\/10\/cropped-SWIZZLE.-4.png","contentUrl":"https:\/\/staging.swizzle.se\/wp-content\/uploads\/2025\/10\/cropped-SWIZZLE.-4.png","width":800,"height":267,"caption":"Swizzle"},"image":{"@id":"https:\/\/staging.swizzle.se\/#\/schema\/logo\/image\/"},"hasMerchantReturnPolicy":{"@type":"MerchantReturnPolicy","merchantReturnLink":"https:\/\/staging.swizzle.se\/en\/villkor\/"}},{"@type":"Person","@id":"https:\/\/staging.swizzle.se\/#\/schema\/person\/6a5d2987838f1fe7332c6632334462ad","name":"swizzle","image":{"@type":"ImageObject","inLanguage":"en-GB","@id":"https:\/\/staging.swizzle.se\/#\/schema\/person\/image\/","url":"https:\/\/secure.gravatar.com\/avatar\/ec47099af09d54eecd5129e5f28d899047f08b53fd84760131cd5897b2bcce7f?s=96&d=mm&r=g","contentUrl":"https:\/\/secure.gravatar.com\/avatar\/ec47099af09d54eecd5129e5f28d899047f08b53fd84760131cd5897b2bcce7f?s=96&d=mm&r=g","caption":"swizzle"},"sameAs":["https:\/\/new.staging.swizzle.se"]}]}},"_links":{"self":[{"href":"https:\/\/staging.swizzle.se\/en\/wp-json\/wp\/v2\/pages\/227342","targetHints":{"allow":["GET"]}}],"collection":[{"href":"https:\/\/staging.swizzle.se\/en\/wp-json\/wp\/v2\/pages"}],"about":[{"href":"https:\/\/staging.swizzle.se\/en\/wp-json\/wp\/v2\/types\/page"}],"author":[{"embeddable":true,"href":"https:\/\/staging.swizzle.se\/en\/wp-json\/wp\/v2\/users\/1"}],"replies":[{"embeddable":true,"href":"https:\/\/staging.swizzle.se\/en\/wp-json\/wp\/v2\/comments?post=227342"}],"version-history":[{"count":0,"href":"https:\/\/staging.swizzle.se\/en\/wp-json\/wp\/v2\/pages\/227342\/revisions"}],"wp:attachment":[{"href":"https:\/\/staging.swizzle.se\/en\/wp-json\/wp\/v2\/media?parent=227342"}],"curies":[{"name":"wp","href":"https:\/\/api.w.org\/{rel}","templated":true}]}}