{"id":297080,"date":"2026-03-01T20:19:22","date_gmt":"2026-03-01T20:19:22","guid":{"rendered":"https:\/\/staging.swizzle.se\/?post_type=product&#038;p=297080"},"modified":"2026-03-03T07:01:18","modified_gmt":"2026-03-03T07:01:18","slug":"thca-joint-jungle-monkey-99-2g","status":"publish","type":"product","link":"https:\/\/staging.swizzle.se\/dk\/product-2\/thca-joint-jungle-monkey-99-2g\/","title":{"rendered":"THCA Joint Jungle Monkey 99% 2g"},"content":{"rendered":"<p>THCA Joint Jungle Monkey 99% 2g fr\u00e5n Canapuff \u00e4r en premiumprodukt f\u00f6r dig som s\u00f6ker en ren, naturlig och kraftfull upplevelse. Den f\u00e4rdigrullade jointen har ett imponerande THCA-inneh\u00e5ll p\u00e5 hela 99 %, vilket ger en autentisk k\u00e4nsla av blomman utan kompromisser. Smakprofilen \u00e4r djup, jordig med inslag av \u00f6rter och subtilt tr\u00e4 \u2013 perfekt f\u00f6r dig som uppskattar naturliga och klassiska toner. Jungle Monkey \u00e4r noggrant framst\u00e4lld f\u00f6r j\u00e4mn rullning och fast struktur, alltid med fokus p\u00e5 kvalitet. Handla tryggt online d\u00e4r v\u00e5r snabba EU-leverans garanterar att du f\u00e5r din produkt snabbt hem till d\u00f6rren. Kundsupport finns alltid n\u00e4ra till hands vid fr\u00e5gor!<\/p>","protected":false},"excerpt":{"rendered":"<p>THCA Joint Jungle Monkey 99% 2g fr\u00e5n Canapuff \u00e4r en f\u00e4rdigpackad joint med premium THCA-blommor. Produkten inneh\u00e5ller 99 % THCA och har en jordig, \u00f6rtig arom med subtila tr\u00e4toner. F\u00f6rpackningen rymmer 2 gram och erbjuder en enkel, naturlig sammans\u00e4ttning utan tillsatser. Laboratorietestad och helt laglig produkt.<\/p>","protected":false},"featured_media":297112,"comment_status":"open","ping_status":"closed","template":"","meta":{"site-sidebar-layout":"default","site-content-layout":"","ast-site-content-layout":"default","site-content-style":"default","site-sidebar-style":"default","ast-global-header-display":"","ast-banner-title-visibility":"","ast-main-header-display":"","ast-hfb-above-header-display":"","ast-hfb-below-header-display":"","ast-hfb-mobile-header-display":"","site-post-title":"","ast-breadcrumbs-content":"","ast-featured-img":"","footer-sml-layout":"","ast-disable-related-posts":"","theme-transparent-header-meta":"default","adv-header-id-meta":"","stick-header-meta":"default","header-above-stick-meta":"","header-main-stick-meta":"","header-below-stick-meta":"","astra-migrate-meta-layouts":"set","ast-page-background-enabled":"default","ast-page-background-meta":{"desktop":{"background-color":"var(--ast-global-color-4)","background-image":"","background-repeat":"repeat","background-position":"center center","background-size":"auto","background-attachment":"scroll","background-type":"","background-media":"","overlay-type":"","overlay-color":"","overlay-opacity":"","overlay-gradient":""},"tablet":{"background-color":"","background-image":"","background-repeat":"repeat","background-position":"center center","background-size":"auto","background-attachment":"scroll","background-type":"","background-media":"","overlay-type":"","overlay-color":"","overlay-opacity":"","overlay-gradient":""},"mobile":{"background-color":"","background-image":"","background-repeat":"repeat","background-position":"center center","background-size":"auto","background-attachment":"scroll","background-type":"","background-media":"","overlay-type":"","overlay-color":"","overlay-opacity":"","overlay-gradient":""}},"ast-content-background-meta":{"desktop":{"background-color":"var(--ast-global-color-5)","background-image":"","background-repeat":"repeat","background-position":"center center","background-size":"auto","background-attachment":"scroll","background-type":"","background-media":"","overlay-type":"","overlay-color":"","overlay-opacity":"","overlay-gradient":""},"tablet":{"background-color":"var(--ast-global-color-5)","background-image":"","background-repeat":"repeat","background-position":"center center","background-size":"auto","background-attachment":"scroll","background-type":"","background-media":"","overlay-type":"","overlay-color":"","overlay-opacity":"","overlay-gradient":""},"mobile":{"background-color":"var(--ast-global-color-5)","background-image":"","background-repeat":"repeat","background-position":"center center","background-size":"auto","background-attachment":"scroll","background-type":"","background-media":"","overlay-type":"","overlay-color":"","overlay-opacity":"","overlay-gradient":""}}},"product_brand":[],"product_cat":[326],"product_tag":[],"superdeal":[],"product_variant_id":[783],"class_list":{"0":"post-297080","1":"product","2":"type-product","3":"status-publish","4":"has-post-thumbnail","6":"product_cat-thca-pre-roll","7":"product_variant_id-thca-joint","8":"desktop-align-center","9":"tablet-align-left","10":"mobile-align-left","11":"ast-product-gallery-layout-horizontal-slider","12":"ast-product-gallery-with-no-image","13":"ast-magnify-disabled","14":"ast-product-tabs-layout-horizontal","16":"first","17":"instock","18":"taxable","19":"shipping-taxable","20":"purchasable","21":"product-type-simple"},"yoast_head":"<!-- This site is optimized with the Yoast SEO Premium plugin v26.9 (Yoast SEO v26.9) - https:\/\/yoast.com\/product\/yoast-seo-premium-wordpress\/ -->\n<title>THCA Joint Jungle Monkey 99% 2g h\u00f6g styrka r\u00f6kf\u00e4rdig - Swizzle<\/title>\n<meta name=\"description\" content=\"THCA Joint Jungle Monkey 99% 2g ger kraftfull effekt och h\u00f6g renhet, perfekt f\u00f6r avkoppling eller en unik upplevelse. K\u00f6p online\" \/>\n<meta name=\"robots\" content=\"noindex, follow, max-snippet:-1, max-image-preview:large, max-video-preview:-1\" \/>\n<meta property=\"og:locale\" content=\"da_DK\" \/>\n<meta property=\"og:type\" content=\"article\" \/>\n<meta property=\"og:title\" content=\"THCA Joint Jungle Monkey 99% 2g\" \/>\n<meta property=\"og:description\" content=\"THCA Joint Jungle Monkey 99% 2g ger kraftfull effekt och h\u00f6g renhet, perfekt f\u00f6r avkoppling eller en unik upplevelse. K\u00f6p online\" \/>\n<meta property=\"og:url\" content=\"https:\/\/staging.swizzle.se\/dk\/product-2\/thca-joint-jungle-monkey-99-2g\/\" \/>\n<meta property=\"og:site_name\" content=\"Swizzle\" \/>\n<meta property=\"article:modified_time\" content=\"2026-03-03T07:01:18+00:00\" \/>\n<meta property=\"og:image\" content=\"https:\/\/staging.swizzle.se\/wp-content\/uploads\/2026\/03\/jungle_monkey_thca-camera_720.webp\" \/>\n\t<meta property=\"og:image:width\" content=\"700\" \/>\n\t<meta property=\"og:image:height\" content=\"700\" \/>\n\t<meta property=\"og:image:type\" content=\"image\/webp\" \/>\n<meta name=\"twitter:card\" content=\"summary_large_image\" \/>\n<meta name=\"twitter:label1\" content=\"Pris\" \/>\n\t<meta name=\"twitter:data1\" content=\"51.19&nbsp;&#107;&#114;\" \/>\n\t<meta name=\"twitter:label2\" content=\"Tilg\u00e6ngelighed\" \/>\n\t<meta name=\"twitter:data2\" content=\"P\u00e5 lager\" \/>\n<script type=\"application\/ld+json\" class=\"yoast-schema-graph\">{\"@context\":\"https:\/\/schema.org\",\"@graph\":[{\"@type\":\"WebPage\",\"@id\":\"https:\/\/staging.swizzle.se\/produkt\/thca-joint-jungle-monkey-99-2g\/\",\"url\":\"https:\/\/staging.swizzle.se\/produkt\/thca-joint-jungle-monkey-99-2g\/\",\"name\":\"THCA Joint Jungle Monkey 99% 2g h\u00f6g styrka r\u00f6kf\u00e4rdig - Swizzle\",\"isPartOf\":{\"@id\":\"https:\/\/staging.swizzle.se\/#website\"},\"primaryImageOfPage\":{\"@id\":\"https:\/\/staging.swizzle.se\/produkt\/thca-joint-jungle-monkey-99-2g\/#primaryimage\"},\"image\":{\"@id\":\"https:\/\/staging.swizzle.se\/produkt\/thca-joint-jungle-monkey-99-2g\/#primaryimage\"},\"thumbnailUrl\":\"https:\/\/staging.swizzle.se\/wp-content\/uploads\/2026\/03\/jungle_monkey_thca-camera_720.webp\",\"datePublished\":\"2026-03-01T20:19:22+00:00\",\"dateModified\":\"2026-03-03T07:01:18+00:00\",\"description\":\"THCA Joint Jungle Monkey 99% 2g ger kraftfull effekt och h\u00f6g renhet, perfekt f\u00f6r avkoppling eller en unik upplevelse. K\u00f6p online\",\"breadcrumb\":{\"@id\":\"https:\/\/staging.swizzle.se\/produkt\/thca-joint-jungle-monkey-99-2g\/#breadcrumb\"},\"inLanguage\":\"da-DK\",\"potentialAction\":[{\"@type\":\"ReadAction\",\"target\":[\"https:\/\/staging.swizzle.se\/produkt\/thca-joint-jungle-monkey-99-2g\/\"]}]},{\"@type\":\"ImageObject\",\"inLanguage\":\"da-DK\",\"@id\":\"https:\/\/staging.swizzle.se\/produkt\/thca-joint-jungle-monkey-99-2g\/#primaryimage\",\"url\":\"https:\/\/staging.swizzle.se\/wp-content\/uploads\/2026\/03\/jungle_monkey_thca-camera_720.webp\",\"contentUrl\":\"https:\/\/staging.swizzle.se\/wp-content\/uploads\/2026\/03\/jungle_monkey_thca-camera_720.webp\",\"width\":700,\"height\":700},{\"@type\":\"BreadcrumbList\",\"@id\":\"https:\/\/staging.swizzle.se\/produkt\/thca-joint-jungle-monkey-99-2g\/#breadcrumb\",\"itemListElement\":[{\"@type\":\"ListItem\",\"position\":1,\"name\":\"Home\",\"item\":\"https:\/\/www.swizzle.se\/\"},{\"@type\":\"ListItem\",\"position\":2,\"name\":\"Shop\",\"item\":\"https:\/\/www.swizzle.se\/shop\/\"},{\"@type\":\"ListItem\",\"position\":3,\"name\":\"THCA\",\"item\":\"https:\/\/www.swizzle.se\/produkt-kategori\/thca\/\"},{\"@type\":\"ListItem\",\"position\":4,\"name\":\"THCA PRE-ROLL\",\"item\":\"https:\/\/www.swizzle.se\/produkt-kategori\/thca\/thca-pre-roll\/\"},{\"@type\":\"ListItem\",\"position\":5,\"name\":\"THCA Joint Jungle Monkey 99% 2g\"}]},{\"@type\":\"WebSite\",\"@id\":\"https:\/\/staging.swizzle.se\/#website\",\"url\":\"https:\/\/staging.swizzle.se\/\",\"name\":\"Swizzle\",\"description\":\"Nikotin CBD Vapes Snus White Portion\",\"publisher\":{\"@id\":\"https:\/\/staging.swizzle.se\/#organization\"},\"potentialAction\":[{\"@type\":\"SearchAction\",\"target\":{\"@type\":\"EntryPoint\",\"urlTemplate\":\"https:\/\/staging.swizzle.se\/?s={search_term_string}\"},\"query-input\":{\"@type\":\"PropertyValueSpecification\",\"valueRequired\":true,\"valueName\":\"search_term_string\"}}],\"inLanguage\":\"da-DK\"},{\"@type\":\"Organization\",\"@id\":\"https:\/\/staging.swizzle.se\/#organization\",\"name\":\"Swizzle\",\"url\":\"https:\/\/staging.swizzle.se\/\",\"logo\":{\"@type\":\"ImageObject\",\"inLanguage\":\"da-DK\",\"@id\":\"https:\/\/staging.swizzle.se\/#\/schema\/logo\/image\/\",\"url\":\"https:\/\/staging.swizzle.se\/wp-content\/uploads\/2025\/10\/cropped-SWIZZLE.-4.png\",\"contentUrl\":\"https:\/\/staging.swizzle.se\/wp-content\/uploads\/2025\/10\/cropped-SWIZZLE.-4.png\",\"width\":800,\"height\":267,\"caption\":\"Swizzle\"},\"image\":{\"@id\":\"https:\/\/staging.swizzle.se\/#\/schema\/logo\/image\/\"},\"hasMerchantReturnPolicy\":{\"@type\":\"MerchantReturnPolicy\",\"merchantReturnLink\":\"https:\/\/staging.swizzle.se\/dk\/villkor\/\"}}]}<\/script>\n<meta property=\"product:price:amount\" content=\"51.19\" \/>\n<meta property=\"product:price:currency\" content=\"SEK\" \/>\n<meta property=\"og:availability\" content=\"instock\" \/>\n<meta property=\"product:availability\" content=\"instock\" \/>\n<meta property=\"product:retailer_item_id\" content=\"000246\" \/>\n<meta property=\"product:condition\" content=\"new\" \/>\n<!-- \/ Yoast SEO Premium plugin. -->","yoast_head_json":{"title":"THCA Joint Jungle Monkey 99% 2g h\u00f6g styrka r\u00f6kf\u00e4rdig - Swizzle","description":"THCA Joint Jungle Monkey 99% 2g ger kraftfull effekt och h\u00f6g renhet, perfekt f\u00f6r avkoppling eller en unik upplevelse. K\u00f6p online","robots":{"index":"noindex","follow":"follow","max-snippet":"max-snippet:-1","max-image-preview":"max-image-preview:large","max-video-preview":"max-video-preview:-1"},"og_locale":"da_DK","og_type":"article","og_title":"THCA Joint Jungle Monkey 99% 2g","og_description":"THCA Joint Jungle Monkey 99% 2g ger kraftfull effekt och h\u00f6g renhet, perfekt f\u00f6r avkoppling eller en unik upplevelse. K\u00f6p online","og_url":"https:\/\/staging.swizzle.se\/dk\/product-2\/thca-joint-jungle-monkey-99-2g\/","og_site_name":"Swizzle","article_modified_time":"2026-03-03T07:01:18+00:00","og_image":[{"width":700,"height":700,"url":"https:\/\/staging.swizzle.se\/wp-content\/uploads\/2026\/03\/jungle_monkey_thca-camera_720.webp","type":"image\/webp"}],"twitter_card":"summary_large_image","twitter_misc":{"Pris":"51.19&nbsp;&#107;&#114;","Tilg\u00e6ngelighed":"P\u00e5 lager"},"schema":{"@context":"https:\/\/schema.org","@graph":[{"@type":"WebPage","@id":"https:\/\/staging.swizzle.se\/produkt\/thca-joint-jungle-monkey-99-2g\/","url":"https:\/\/staging.swizzle.se\/produkt\/thca-joint-jungle-monkey-99-2g\/","name":"THCA Joint Jungle Monkey 99% 2g h\u00f6g styrka r\u00f6kf\u00e4rdig - Swizzle","isPartOf":{"@id":"https:\/\/staging.swizzle.se\/#website"},"primaryImageOfPage":{"@id":"https:\/\/staging.swizzle.se\/produkt\/thca-joint-jungle-monkey-99-2g\/#primaryimage"},"image":{"@id":"https:\/\/staging.swizzle.se\/produkt\/thca-joint-jungle-monkey-99-2g\/#primaryimage"},"thumbnailUrl":"https:\/\/staging.swizzle.se\/wp-content\/uploads\/2026\/03\/jungle_monkey_thca-camera_720.webp","datePublished":"2026-03-01T20:19:22+00:00","dateModified":"2026-03-03T07:01:18+00:00","description":"THCA Joint Jungle Monkey 99% 2g ger kraftfull effekt och h\u00f6g renhet, perfekt f\u00f6r avkoppling eller en unik upplevelse. K\u00f6p online","breadcrumb":{"@id":"https:\/\/staging.swizzle.se\/produkt\/thca-joint-jungle-monkey-99-2g\/#breadcrumb"},"inLanguage":"da-DK","potentialAction":[{"@type":"ReadAction","target":["https:\/\/staging.swizzle.se\/produkt\/thca-joint-jungle-monkey-99-2g\/"]}]},{"@type":"ImageObject","inLanguage":"da-DK","@id":"https:\/\/staging.swizzle.se\/produkt\/thca-joint-jungle-monkey-99-2g\/#primaryimage","url":"https:\/\/staging.swizzle.se\/wp-content\/uploads\/2026\/03\/jungle_monkey_thca-camera_720.webp","contentUrl":"https:\/\/staging.swizzle.se\/wp-content\/uploads\/2026\/03\/jungle_monkey_thca-camera_720.webp","width":700,"height":700},{"@type":"BreadcrumbList","@id":"https:\/\/staging.swizzle.se\/produkt\/thca-joint-jungle-monkey-99-2g\/#breadcrumb","itemListElement":[{"@type":"ListItem","position":1,"name":"Home","item":"https:\/\/www.swizzle.se\/"},{"@type":"ListItem","position":2,"name":"Shop","item":"https:\/\/www.swizzle.se\/shop\/"},{"@type":"ListItem","position":3,"name":"THCA","item":"https:\/\/www.swizzle.se\/produkt-kategori\/thca\/"},{"@type":"ListItem","position":4,"name":"THCA PRE-ROLL","item":"https:\/\/www.swizzle.se\/produkt-kategori\/thca\/thca-pre-roll\/"},{"@type":"ListItem","position":5,"name":"THCA Joint Jungle Monkey 99% 2g"}]},{"@type":"WebSite","@id":"https:\/\/staging.swizzle.se\/#website","url":"https:\/\/staging.swizzle.se\/","name":"Swizzle","description":"Nikotin CBD Vapes Snus Hvid Portion","publisher":{"@id":"https:\/\/staging.swizzle.se\/#organization"},"potentialAction":[{"@type":"SearchAction","target":{"@type":"EntryPoint","urlTemplate":"https:\/\/staging.swizzle.se\/?s={search_term_string}"},"query-input":{"@type":"PropertyValueSpecification","valueRequired":true,"valueName":"search_term_string"}}],"inLanguage":"da-DK"},{"@type":"Organization","@id":"https:\/\/staging.swizzle.se\/#organization","name":"Swizzle","url":"https:\/\/staging.swizzle.se\/","logo":{"@type":"ImageObject","inLanguage":"da-DK","@id":"https:\/\/staging.swizzle.se\/#\/schema\/logo\/image\/","url":"https:\/\/staging.swizzle.se\/wp-content\/uploads\/2025\/10\/cropped-SWIZZLE.-4.png","contentUrl":"https:\/\/staging.swizzle.se\/wp-content\/uploads\/2025\/10\/cropped-SWIZZLE.-4.png","width":800,"height":267,"caption":"Swizzle"},"image":{"@id":"https:\/\/staging.swizzle.se\/#\/schema\/logo\/image\/"},"hasMerchantReturnPolicy":{"@type":"MerchantReturnPolicy","merchantReturnLink":"https:\/\/staging.swizzle.se\/dk\/villkor\/"}}]},"product_price_amount":"51.19","product_price_currency":"SEK","og_availability":"instock","product_availability":"instock","product_retailer_item_id":"000246","product_condition":"new"},"tiered_pricing_type":"fixed","tiered_pricing_fixed_rules":[],"tiered_pricing_product_settings":{"layout":"default","base_unit_name":{"singular":null,"plural":null},"default_variation":null},"tiered_pricing_minimum_quantity":null,"tiered_pricing_roles_data":[],"tiered_pricing_percentage_rules":[],"tiered_pricing_maximum_quantity":null,"tiered_pricing_quantity_step":null,"_links":{"self":[{"href":"https:\/\/staging.swizzle.se\/dk\/wp-json\/wp\/v2\/product\/297080","targetHints":{"allow":["GET"]}}],"collection":[{"href":"https:\/\/staging.swizzle.se\/dk\/wp-json\/wp\/v2\/product"}],"about":[{"href":"https:\/\/staging.swizzle.se\/dk\/wp-json\/wp\/v2\/types\/product"}],"replies":[{"embeddable":true,"href":"https:\/\/staging.swizzle.se\/dk\/wp-json\/wp\/v2\/comments?post=297080"}],"version-history":[{"count":0,"href":"https:\/\/staging.swizzle.se\/dk\/wp-json\/wp\/v2\/product\/297080\/revisions"}],"wp:featuredmedia":[{"embeddable":true,"href":"https:\/\/staging.swizzle.se\/dk\/wp-json\/wp\/v2\/media\/297112"}],"wp:attachment":[{"href":"https:\/\/staging.swizzle.se\/dk\/wp-json\/wp\/v2\/media?parent=297080"}],"wp:term":[{"taxonomy":"product_brand","embeddable":true,"href":"https:\/\/staging.swizzle.se\/dk\/wp-json\/wp\/v2\/product_brand?post=297080"},{"taxonomy":"product_cat","embeddable":true,"href":"https:\/\/staging.swizzle.se\/dk\/wp-json\/wp\/v2\/product_cat?post=297080"},{"taxonomy":"product_tag","embeddable":true,"href":"https:\/\/staging.swizzle.se\/dk\/wp-json\/wp\/v2\/product_tag?post=297080"},{"taxonomy":"superdeal","embeddable":true,"href":"https:\/\/staging.swizzle.se\/dk\/wp-json\/wp\/v2\/superdeal?post=297080"},{"taxonomy":"product_variant_id","embeddable":true,"href":"https:\/\/staging.swizzle.se\/dk\/wp-json\/wp\/v2\/product_variant_id?post=297080"}],"curies":[{"name":"wp","href":"https:\/\/api.w.org\/{rel}","templated":true}]}}