{"id":296624,"date":"2026-02-04T13:01:07","date_gmt":"2026-02-04T13:01:07","guid":{"rendered":"https:\/\/staging.swizzle.se\/?post_type=product&#038;p=296624"},"modified":"2026-02-04T22:52:53","modified_gmt":"2026-02-04T22:52:53","slug":"cbd-tuggummi-strawberry-bubbly-billy","status":"publish","type":"product","link":"https:\/\/staging.swizzle.se\/dk\/product-2\/cbd-tuggummi-strawberry-bubbly-billy\/","title":{"rendered":"CBD Tuggummi Strawberry &#8211; Bubbly Billy"},"content":{"rendered":"<h2>CBD Tuggummi Strawberry &#8211; Bubbly Billy<\/h2>\n<h3>Cannabis Sativa Tuggummi<\/h3>\n<p>&nbsp;<\/p>\n<div class=\"wd-single-content wd-wpb wd-rs-67ac929bb68b0 vc_custom_1739362977012\">\n<h5>Sweet And Beneficial<\/h5>\n<p>Let your customers create a new sensation for their buds with these new, exciting Bubbly Billy Buds strawberry-flavored lollipops.<\/p>\n<p><strong>Wholesale Cannabis Strawberry Chewing Gum 17 mg CBD THC Free is quite popular amongst many buyers.<\/strong>There\u2019s something wholesome about the aroma that makes it more desirable. Each pack of refreshing, edible CBD contains 24 pieces of gums, each having 17 mg of CBD.<\/p>\n<p>The wholesale Bubbly Billy Buds Cannabis Strawberry Chewing Gum in Strawberry has a sweetness to it that makes the user experience with utmost pleasure, all that while enjoying the excellent scent.There\u2019s no need to worry about psychoactive effects as these products are 100% THC free.\u00a0The captivating package along with the numerous benefits is worth buying. Your customers need only see these on your shelves, so quickly gain interest and purchase them.<\/p>\n<\/div>\n<h3>Varf\u00f6r v\u00e4lja v\u00e5rt tuggummi?<\/h3>\n<ul>\n<li><strong>Naturlig smakprofil:<\/strong> Strawberry<\/li>\n<li><strong>Inneh\u00e5ller premium Cannabis Sativa-extrakt<\/strong><\/li>\n<li><strong>Helt socker- och aspartamfritt<\/strong> \u2013 utan kompromisser p\u00e5 smak<\/li>\n<li><strong>12 tuggummin per f\u00f6rpackning<\/strong> \u2013 alltid n\u00e4ra till hands<\/li>\n<li><strong>Perfekt f\u00f6r resor, arbete eller tr\u00e4ning<\/strong><\/li>\n<li><strong>Veganskt och fritt fr\u00e5n konstgjorda tillsatser<\/strong><\/li>\n<\/ul>\n<h3>Naturligt st\u00f6d i tuggummiform<\/h3>\n<p>Genom att kombinera v\u00e4xtbaserade ingredienser med funktionella smaker, erbjuder detta tuggummi en enkel v\u00e4g till vardaglig balans. Det \u00e4r ett perfekt alternativ f\u00f6r dig som vill ha n\u00e5got fr\u00e4scht att tugga p\u00e5, samtidigt som du drar nytta av hampans naturliga egenskaper.<\/p>\n<h3>Smidigt \u2013 var du \u00e4n \u00e4r<\/h3>\n<p>Med sitt praktiska format \u00e4r detta tuggummi l\u00e4tt att ta med \u00f6verallt \u2013 i v\u00e4skan, fickan eller tr\u00e4ningsv\u00e4skan. Oavsett om du beh\u00f6ver en uppfr\u00e4schning efter lunchen eller s\u00f6ker ett naturligt komplement under stressiga dagar, \u00e4r Cannabis Sativa-tuggummit ett smart och modernt val.<\/p>\n<p>&nbsp;<\/p>\n<p>Se\u00a0<a href=\"https:\/\/staging.swizzle.se\/dk\/product-2\/gummies-ashwagandha-passionfruit-cannabis-bakehouse\/\">Gummies Ashwagandha<\/a><\/p>\n<p>Bem\u00e6rk!<br \/>\nDu skal v\u00e6re mindst 18 \u00e5r gammel for at k\u00f8be dette produkt. Det er ikke beregnet som medicin, kosttilskud eller naturprodukt. Vi opfordrer ikke til at indtage eller ryge dette produkt. Opbevar det utilg\u00e6ngeligt for b\u00f8rn Vi fraskriver os ethvert ansvar for, hvordan du som kunde bruger vores produkter. Vi s\u00e6lger dem til indsamlings- og prydform\u00e5l.<\/p>","protected":false},"excerpt":{"rendered":"<h2>CBD Tuggummi Strawberry &#8211; Bubbly Billy<\/h2>\n<h3>Cannabis Sativa Tuggummi \u2013 Pepparmint<\/h3>\n<p>D<\/p>\n<div class=\"wd-single-content wd-wpb wd-rs-67ac929bb68b0 vc_custom_1739362977012\">\n<h2>Sweet And Beneficial<\/h2>\n<p>Let your customers create a new sensation for their buds with these new, exciting Bubbly Billy Buds strawberry-flavored lollipops.<\/p>\n<p><strong>Wholesale Cannabis Strawberry Chewing Gum 17 mg CBD THC Free is quite popular amongst many buyers.<\/strong>There\u2019s something wholesome about the aroma that makes it more desirable. Each pack of refreshing, edible CBD contains 24 pieces of gums, each having 17 mg of CBD.<\/p>\n<p>The wholesale Bubbly Billy Buds Cannabis Strawberry Chewing Gum in Strawberry has a sweetness to it that makes the user experience with utmost pleasure, all that while enjoying the excellent scent.There\u2019s no need to worry about psychoactive effects as these products are 100% THC free.\u00a0The captivating package along with the numerous benefits is worth buying. Your customers need only see these on your shelves, so quickly gain interest and purchase them.<\/p>\n<\/div>","protected":false},"featured_media":296625,"comment_status":"open","ping_status":"closed","template":"","meta":{"site-sidebar-layout":"default","site-content-layout":"","ast-site-content-layout":"default","site-content-style":"default","site-sidebar-style":"default","ast-global-header-display":"","ast-banner-title-visibility":"","ast-main-header-display":"","ast-hfb-above-header-display":"","ast-hfb-below-header-display":"","ast-hfb-mobile-header-display":"","site-post-title":"","ast-breadcrumbs-content":"","ast-featured-img":"","footer-sml-layout":"","ast-disable-related-posts":"","theme-transparent-header-meta":"default","adv-header-id-meta":"","stick-header-meta":"default","header-above-stick-meta":"","header-main-stick-meta":"","header-below-stick-meta":"","astra-migrate-meta-layouts":"set","ast-page-background-enabled":"default","ast-page-background-meta":{"desktop":{"background-color":"var(--ast-global-color-4)","background-image":"","background-repeat":"repeat","background-position":"center center","background-size":"auto","background-attachment":"scroll","background-type":"","background-media":"","overlay-type":"","overlay-color":"","overlay-opacity":"","overlay-gradient":""},"tablet":{"background-color":"","background-image":"","background-repeat":"repeat","background-position":"center center","background-size":"auto","background-attachment":"scroll","background-type":"","background-media":"","overlay-type":"","overlay-color":"","overlay-opacity":"","overlay-gradient":""},"mobile":{"background-color":"","background-image":"","background-repeat":"repeat","background-position":"center center","background-size":"auto","background-attachment":"scroll","background-type":"","background-media":"","overlay-type":"","overlay-color":"","overlay-opacity":"","overlay-gradient":""}},"ast-content-background-meta":{"desktop":{"background-color":"var(--ast-global-color-5)","background-image":"","background-repeat":"repeat","background-position":"center center","background-size":"auto","background-attachment":"scroll","background-type":"","background-media":"","overlay-type":"","overlay-color":"","overlay-opacity":"","overlay-gradient":""},"tablet":{"background-color":"var(--ast-global-color-5)","background-image":"","background-repeat":"repeat","background-position":"center center","background-size":"auto","background-attachment":"scroll","background-type":"","background-media":"","overlay-type":"","overlay-color":"","overlay-opacity":"","overlay-gradient":""},"mobile":{"background-color":"var(--ast-global-color-5)","background-image":"","background-repeat":"repeat","background-position":"center center","background-size":"auto","background-attachment":"scroll","background-type":"","background-media":"","overlay-type":"","overlay-color":"","overlay-opacity":"","overlay-gradient":""}}},"product_brand":[778],"product_cat":[354,386],"product_tag":[],"superdeal":[],"product_variant_id":[],"class_list":{"0":"post-296624","1":"product","2":"type-product","3":"status-publish","4":"has-post-thumbnail","6":"product_brand-bubbly-billy","7":"product_cat-edibles","8":"product_cat-cbd-tuggummi","9":"desktop-align-center","10":"tablet-align-left","11":"mobile-align-left","12":"ast-product-gallery-layout-horizontal-slider","13":"ast-product-gallery-with-no-image","14":"ast-magnify-disabled","15":"ast-product-tabs-layout-horizontal","17":"first","18":"instock","19":"taxable","20":"shipping-taxable","21":"purchasable","22":"product-type-simple"},"yoast_head":"<!-- This site is optimized with the Yoast SEO Premium plugin v26.9 (Yoast SEO v26.9) - https:\/\/yoast.com\/product\/yoast-seo-premium-wordpress\/ -->\n<title>CBD Tuggummi Strawberry - Bubbly Billy<\/title>\n<meta name=\"description\" content=\"CBD Tuggummi Strawberry - Bubbly Billy . En smakfull kombination av naturens kraft med v\u00e5rt tuggummi i den fr\u00e4scha smaken Lime.\" \/>\n<meta name=\"robots\" content=\"noindex, follow, max-snippet:-1, max-image-preview:large, max-video-preview:-1\" \/>\n<meta property=\"og:locale\" content=\"da_DK\" \/>\n<meta property=\"og:type\" content=\"article\" \/>\n<meta property=\"og:title\" content=\"CBD Tuggummi Strawberry - Bubbly Billy\" \/>\n<meta property=\"og:description\" content=\"CBD Tuggummi Strawberry - Bubbly Billy . En smakfull kombination av naturens kraft med v\u00e5rt tuggummi i den fr\u00e4scha smaken Lime.\" \/>\n<meta property=\"og:url\" content=\"https:\/\/www.swizzle.se\/produkt\/cbd-tuggummi-strawberry-bubbly-billy\/\" \/>\n<meta property=\"og:site_name\" content=\"Swizzle\" \/>\n<meta property=\"article:modified_time\" content=\"2026-02-04T22:52:53+00:00\" \/>\n<meta property=\"og:image\" content=\"https:\/\/www.swizzle.se\/wp-content\/uploads\/2026\/02\/bubbly-billy-buds-cannabis-strawberry.jpg\" \/>\n\t<meta property=\"og:image:width\" content=\"1000\" \/>\n\t<meta property=\"og:image:height\" content=\"1000\" \/>\n\t<meta property=\"og:image:type\" content=\"image\/jpeg\" \/>\n<meta name=\"twitter:card\" content=\"summary_large_image\" \/>\n<meta name=\"twitter:label1\" content=\"Pris\" \/>\n\t<meta name=\"twitter:data1\" content=\"69.00&nbsp;&#107;&#114;\" \/>\n\t<meta name=\"twitter:label2\" content=\"Tilg\u00e6ngelighed\" \/>\n\t<meta name=\"twitter:data2\" content=\"P\u00e5 lager\" \/>\n<script type=\"application\/ld+json\" class=\"yoast-schema-graph\">{\"@context\":\"https:\/\/schema.org\",\"@graph\":[{\"@type\":\"WebPage\",\"@id\":\"https:\/\/www.swizzle.se\/produkt\/cbd-tuggummi-strawberry-bubbly-billy\/\",\"url\":\"https:\/\/www.swizzle.se\/produkt\/cbd-tuggummi-strawberry-bubbly-billy\/\",\"name\":\"CBD Tuggummi Strawberry - Bubbly Billy\",\"isPartOf\":{\"@id\":\"https:\/\/staging.swizzle.se\/#website\"},\"primaryImageOfPage\":{\"@id\":\"https:\/\/www.swizzle.se\/produkt\/cbd-tuggummi-strawberry-bubbly-billy\/#primaryimage\"},\"image\":{\"@id\":\"https:\/\/www.swizzle.se\/produkt\/cbd-tuggummi-strawberry-bubbly-billy\/#primaryimage\"},\"thumbnailUrl\":\"https:\/\/staging.swizzle.se\/wp-content\/uploads\/2026\/02\/bubbly-billy-buds-cannabis-strawberry.jpg\",\"datePublished\":\"2026-02-04T13:01:07+00:00\",\"dateModified\":\"2026-02-04T22:52:53+00:00\",\"description\":\"CBD Tuggummi Strawberry - Bubbly Billy . En smakfull kombination av naturens kraft med v\u00e5rt tuggummi i den fr\u00e4scha smaken Lime.\",\"breadcrumb\":{\"@id\":\"https:\/\/www.swizzle.se\/produkt\/cbd-tuggummi-strawberry-bubbly-billy\/#breadcrumb\"},\"inLanguage\":\"da-DK\",\"potentialAction\":[{\"@type\":\"ReadAction\",\"target\":[\"https:\/\/www.swizzle.se\/produkt\/cbd-tuggummi-strawberry-bubbly-billy\/\"]}]},{\"@type\":\"ImageObject\",\"inLanguage\":\"da-DK\",\"@id\":\"https:\/\/www.swizzle.se\/produkt\/cbd-tuggummi-strawberry-bubbly-billy\/#primaryimage\",\"url\":\"https:\/\/staging.swizzle.se\/wp-content\/uploads\/2026\/02\/bubbly-billy-buds-cannabis-strawberry.jpg\",\"contentUrl\":\"https:\/\/staging.swizzle.se\/wp-content\/uploads\/2026\/02\/bubbly-billy-buds-cannabis-strawberry.jpg\",\"width\":1000,\"height\":1000,\"caption\":\"CBD Tuggummi Strawberry - Bubbly Billy\"},{\"@type\":\"BreadcrumbList\",\"@id\":\"https:\/\/www.swizzle.se\/produkt\/cbd-tuggummi-strawberry-bubbly-billy\/#breadcrumb\",\"itemListElement\":[{\"@type\":\"ListItem\",\"position\":1,\"name\":\"Home\",\"item\":\"https:\/\/www.swizzle.se\/\"},{\"@type\":\"ListItem\",\"position\":2,\"name\":\"Shop\",\"item\":\"https:\/\/www.swizzle.se\/shop\/\"},{\"@type\":\"ListItem\",\"position\":3,\"name\":\"EDIBLES\",\"item\":\"https:\/\/www.swizzle.se\/produkt-kategori\/edibles\/\"},{\"@type\":\"ListItem\",\"position\":4,\"name\":\"CBD Tuggummi Strawberry &#8211; Bubbly Billy\"}]},{\"@type\":\"WebSite\",\"@id\":\"https:\/\/staging.swizzle.se\/#website\",\"url\":\"https:\/\/staging.swizzle.se\/\",\"name\":\"Swizzle\",\"description\":\"Nikotin CBD Vapes Snus White Portion\",\"publisher\":{\"@id\":\"https:\/\/staging.swizzle.se\/#organization\"},\"potentialAction\":[{\"@type\":\"SearchAction\",\"target\":{\"@type\":\"EntryPoint\",\"urlTemplate\":\"https:\/\/staging.swizzle.se\/?s={search_term_string}\"},\"query-input\":{\"@type\":\"PropertyValueSpecification\",\"valueRequired\":true,\"valueName\":\"search_term_string\"}}],\"inLanguage\":\"da-DK\"},{\"@type\":\"Organization\",\"@id\":\"https:\/\/staging.swizzle.se\/#organization\",\"name\":\"Swizzle\",\"url\":\"https:\/\/staging.swizzle.se\/\",\"logo\":{\"@type\":\"ImageObject\",\"inLanguage\":\"da-DK\",\"@id\":\"https:\/\/staging.swizzle.se\/#\/schema\/logo\/image\/\",\"url\":\"https:\/\/staging.swizzle.se\/wp-content\/uploads\/2025\/10\/cropped-SWIZZLE.-4.png\",\"contentUrl\":\"https:\/\/staging.swizzle.se\/wp-content\/uploads\/2025\/10\/cropped-SWIZZLE.-4.png\",\"width\":800,\"height\":267,\"caption\":\"Swizzle\"},\"image\":{\"@id\":\"https:\/\/staging.swizzle.se\/#\/schema\/logo\/image\/\"},\"hasMerchantReturnPolicy\":{\"@type\":\"MerchantReturnPolicy\",\"merchantReturnLink\":\"https:\/\/staging.swizzle.se\/dk\/villkor\/\"}}]}<\/script>\n<meta property=\"product:price:amount\" content=\"69.00\" \/>\n<meta property=\"product:price:currency\" content=\"SEK\" \/>\n<meta property=\"og:availability\" content=\"instock\" \/>\n<meta property=\"product:availability\" content=\"instock\" \/>\n<meta property=\"product:retailer_item_id\" content=\"BBchewinggumstrawb-1\" \/>\n<meta property=\"product:condition\" content=\"new\" \/>\n<!-- \/ Yoast SEO Premium plugin. -->","yoast_head_json":{"title":"CBD Tuggummi Strawberry - Bubbly Billy","description":"CBD Tuggummi Strawberry - Bubbly Billy . En smakfull kombination av naturens kraft med v\u00e5rt tuggummi i den fr\u00e4scha smaken Lime.","robots":{"index":"noindex","follow":"follow","max-snippet":"max-snippet:-1","max-image-preview":"max-image-preview:large","max-video-preview":"max-video-preview:-1"},"og_locale":"da_DK","og_type":"article","og_title":"CBD Tuggummi Strawberry - Bubbly Billy","og_description":"CBD Tuggummi Strawberry - Bubbly Billy . En smakfull kombination av naturens kraft med v\u00e5rt tuggummi i den fr\u00e4scha smaken Lime.","og_url":"https:\/\/www.swizzle.se\/produkt\/cbd-tuggummi-strawberry-bubbly-billy\/","og_site_name":"Swizzle","article_modified_time":"2026-02-04T22:52:53+00:00","og_image":[{"width":1000,"height":1000,"url":"https:\/\/www.swizzle.se\/wp-content\/uploads\/2026\/02\/bubbly-billy-buds-cannabis-strawberry.jpg","type":"image\/jpeg"}],"twitter_card":"summary_large_image","twitter_misc":{"Pris":"69.00&nbsp;&#107;&#114;","Tilg\u00e6ngelighed":"P\u00e5 lager"},"schema":{"@context":"https:\/\/schema.org","@graph":[{"@type":"WebPage","@id":"https:\/\/www.swizzle.se\/produkt\/cbd-tuggummi-strawberry-bubbly-billy\/","url":"https:\/\/www.swizzle.se\/produkt\/cbd-tuggummi-strawberry-bubbly-billy\/","name":"CBD Tuggummi Strawberry - Bubbly Billy","isPartOf":{"@id":"https:\/\/staging.swizzle.se\/#website"},"primaryImageOfPage":{"@id":"https:\/\/www.swizzle.se\/produkt\/cbd-tuggummi-strawberry-bubbly-billy\/#primaryimage"},"image":{"@id":"https:\/\/www.swizzle.se\/produkt\/cbd-tuggummi-strawberry-bubbly-billy\/#primaryimage"},"thumbnailUrl":"https:\/\/staging.swizzle.se\/wp-content\/uploads\/2026\/02\/bubbly-billy-buds-cannabis-strawberry.jpg","datePublished":"2026-02-04T13:01:07+00:00","dateModified":"2026-02-04T22:52:53+00:00","description":"CBD Tuggummi Strawberry - Bubbly Billy . En smakfull kombination av naturens kraft med v\u00e5rt tuggummi i den fr\u00e4scha smaken Lime.","breadcrumb":{"@id":"https:\/\/www.swizzle.se\/produkt\/cbd-tuggummi-strawberry-bubbly-billy\/#breadcrumb"},"inLanguage":"da-DK","potentialAction":[{"@type":"ReadAction","target":["https:\/\/www.swizzle.se\/produkt\/cbd-tuggummi-strawberry-bubbly-billy\/"]}]},{"@type":"ImageObject","inLanguage":"da-DK","@id":"https:\/\/www.swizzle.se\/produkt\/cbd-tuggummi-strawberry-bubbly-billy\/#primaryimage","url":"https:\/\/staging.swizzle.se\/wp-content\/uploads\/2026\/02\/bubbly-billy-buds-cannabis-strawberry.jpg","contentUrl":"https:\/\/staging.swizzle.se\/wp-content\/uploads\/2026\/02\/bubbly-billy-buds-cannabis-strawberry.jpg","width":1000,"height":1000,"caption":"CBD Tuggummi Strawberry - Bubbly Billy"},{"@type":"BreadcrumbList","@id":"https:\/\/www.swizzle.se\/produkt\/cbd-tuggummi-strawberry-bubbly-billy\/#breadcrumb","itemListElement":[{"@type":"ListItem","position":1,"name":"Home","item":"https:\/\/www.swizzle.se\/"},{"@type":"ListItem","position":2,"name":"Shop","item":"https:\/\/www.swizzle.se\/shop\/"},{"@type":"ListItem","position":3,"name":"EDIBLES","item":"https:\/\/www.swizzle.se\/produkt-kategori\/edibles\/"},{"@type":"ListItem","position":4,"name":"CBD Tuggummi Strawberry &#8211; Bubbly Billy"}]},{"@type":"WebSite","@id":"https:\/\/staging.swizzle.se\/#website","url":"https:\/\/staging.swizzle.se\/","name":"Swizzle","description":"Nikotin CBD Vapes Snus Hvid Portion","publisher":{"@id":"https:\/\/staging.swizzle.se\/#organization"},"potentialAction":[{"@type":"SearchAction","target":{"@type":"EntryPoint","urlTemplate":"https:\/\/staging.swizzle.se\/?s={search_term_string}"},"query-input":{"@type":"PropertyValueSpecification","valueRequired":true,"valueName":"search_term_string"}}],"inLanguage":"da-DK"},{"@type":"Organization","@id":"https:\/\/staging.swizzle.se\/#organization","name":"Swizzle","url":"https:\/\/staging.swizzle.se\/","logo":{"@type":"ImageObject","inLanguage":"da-DK","@id":"https:\/\/staging.swizzle.se\/#\/schema\/logo\/image\/","url":"https:\/\/staging.swizzle.se\/wp-content\/uploads\/2025\/10\/cropped-SWIZZLE.-4.png","contentUrl":"https:\/\/staging.swizzle.se\/wp-content\/uploads\/2025\/10\/cropped-SWIZZLE.-4.png","width":800,"height":267,"caption":"Swizzle"},"image":{"@id":"https:\/\/staging.swizzle.se\/#\/schema\/logo\/image\/"},"hasMerchantReturnPolicy":{"@type":"MerchantReturnPolicy","merchantReturnLink":"https:\/\/staging.swizzle.se\/dk\/villkor\/"}}]},"product_price_amount":"69.00","product_price_currency":"SEK","og_availability":"instock","product_availability":"instock","product_retailer_item_id":"BBchewinggumstrawb-1","product_condition":"new"},"tiered_pricing_type":"fixed","tiered_pricing_fixed_rules":[],"tiered_pricing_product_settings":{"layout":"default","base_unit_name":{"singular":null,"plural":null},"default_variation":null},"tiered_pricing_minimum_quantity":null,"tiered_pricing_roles_data":[],"tiered_pricing_percentage_rules":[],"tiered_pricing_maximum_quantity":null,"tiered_pricing_quantity_step":null,"_links":{"self":[{"href":"https:\/\/staging.swizzle.se\/dk\/wp-json\/wp\/v2\/product\/296624","targetHints":{"allow":["GET"]}}],"collection":[{"href":"https:\/\/staging.swizzle.se\/dk\/wp-json\/wp\/v2\/product"}],"about":[{"href":"https:\/\/staging.swizzle.se\/dk\/wp-json\/wp\/v2\/types\/product"}],"replies":[{"embeddable":true,"href":"https:\/\/staging.swizzle.se\/dk\/wp-json\/wp\/v2\/comments?post=296624"}],"version-history":[{"count":0,"href":"https:\/\/staging.swizzle.se\/dk\/wp-json\/wp\/v2\/product\/296624\/revisions"}],"wp:featuredmedia":[{"embeddable":true,"href":"https:\/\/staging.swizzle.se\/dk\/wp-json\/wp\/v2\/media\/296625"}],"wp:attachment":[{"href":"https:\/\/staging.swizzle.se\/dk\/wp-json\/wp\/v2\/media?parent=296624"}],"wp:term":[{"taxonomy":"product_brand","embeddable":true,"href":"https:\/\/staging.swizzle.se\/dk\/wp-json\/wp\/v2\/product_brand?post=296624"},{"taxonomy":"product_cat","embeddable":true,"href":"https:\/\/staging.swizzle.se\/dk\/wp-json\/wp\/v2\/product_cat?post=296624"},{"taxonomy":"product_tag","embeddable":true,"href":"https:\/\/staging.swizzle.se\/dk\/wp-json\/wp\/v2\/product_tag?post=296624"},{"taxonomy":"superdeal","embeddable":true,"href":"https:\/\/staging.swizzle.se\/dk\/wp-json\/wp\/v2\/superdeal?post=296624"},{"taxonomy":"product_variant_id","embeddable":true,"href":"https:\/\/staging.swizzle.se\/dk\/wp-json\/wp\/v2\/product_variant_id?post=296624"}],"curies":[{"name":"wp","href":"https:\/\/api.w.org\/{rel}","templated":true}]}}