{"id":296535,"date":"2026-02-03T12:56:30","date_gmt":"2026-02-03T12:56:30","guid":{"rendered":"https:\/\/staging.swizzle.se\/?post_type=product&#038;p=296535"},"modified":"2026-02-06T04:26:09","modified_gmt":"2026-02-06T04:26:09","slug":"superdeal-watermelon-kush-thcha-buds-10g","status":"publish","type":"product","link":"https:\/\/staging.swizzle.se\/dk\/product-2\/superdeal-watermelon-kush-thcha-buds-10g\/","title":{"rendered":"SUPERDEAL! THCA buds Watermelon Kush 30% 10g"},"content":{"rendered":"<header>\n<h1 class=\"product_title entry-title\"><strong>THCA buds Watermelon Kush 30%\u00a0<\/strong><\/h1>\n<p><b>UDNYT DETTE FANTASTISKE TILBUD! 10 g <\/b>THCA Buds Strawberry Sherbert 29%<\/p>\n<p><b><\/b><b>f\u00f6r 699kr! (69.9 kr\/g)<\/b><\/p>\n<p><strong>Hybrid med s\u00f6t b\u00e4rarom och citrusprofil<\/strong><br \/>\n<strong>THCA Watermelon Kush 30%<\/strong>\u00a0\u00e4r en\u00a0<strong>indica<\/strong>\u00a0cannabis-stam med ett rikt inneh\u00e5ll av tetrahydrocannabinolsyra (THCA). Den kombinerar en s\u00f6t och kr\u00e4mig jordgubbssmak med friska citrusinslag f\u00f6r en komplex aromatisk upplevelse som sticker ut i kategorin THCA buds.<\/p>\n<\/header>\n<section>\n<h2>Produktbeskrivelse<\/h2>\n<div class=\"summary entry-summary\">\n<div class=\"woocommerce-product-details__short-description\">\n<p><strong>THCA Watermelon<\/strong> (\u00e4ven k\u00e4nd som Watermelon Kush, Watermelon OG eller Watermelon Z) \u00e4r en indica-dominant strain som k\u00e4nnetecknas av sin s\u00f6ta och fruktiga arom, ofta kombinerad med tydliga undertoner.<\/p>\n<\/div>\n<\/div>\n<\/section>\n<section>\n<h2>Vigtige fakta<\/h2>\n<ul>\n<li><strong>Sortere:<\/strong> <strong>Watermelon Kush 30% (Indica)<\/strong><\/li>\n<li><strong>Type:<\/strong>\u00a0THCA-belagte popcornknopper<\/li>\n<li><strong>Stop:<\/strong> 33 % THCA<\/li>\n<li><strong>THC:<\/strong>\u00a0under 0,2 %<\/li>\n<li><strong>Struktur:<\/strong>\u00a0T\u00e6t, krystalrig og glat<\/li>\n<\/ul>\n<\/section>\n<section>\n<h2>Hvad er THCA?<\/h2>\n<p><strong>THCA (tetrahydrocannabinolisk syre)<\/strong>\u00a0er en naturligt forekommende cannabinoid, der findes i r\u00e5 hamp- og cannabisplanter.<br \/>\nDet er\u00a0<strong>ikke-psykoaktiv<\/strong>\u00a0i sin naturlige tilstand og adskiller sig fra THC, som kun dannes, n\u00e5r det opvarmes af<br \/>\n<em>decarboxylering<\/em>. Det g\u00f8r THCA til et interessant emne for forskning, samlere og aromatiske anvendelser.<\/p>\n<\/section>\n<section>\n<h2>Juridisk information<\/h2>\n<p>Dette produkt kommer fra\u00a0<strong>EU-certificeret industriel hamp<\/strong>\u00a0og opfylde kravene i\u00a0<strong>SOU 2016:93<\/strong><br \/>\nmed et maksimum p\u00e5 0,2 % THC. Industriel hamp er udelukket fra narkotikadefinitionen.<br \/>\nProduktet s\u00e6lges som en\u00a0<strong>Landbrugsprodukt<\/strong>\u00a0og b\u00f8r ikke betragtes som mad, kosttilskud eller medicin.<br \/>\nVi fral\u00e6gger os ethvert ansvar for, hvordan den enkelte bruger v\u00e6lger at h\u00e5ndtere produktet.<\/p>\n<p>Se ogs\u00e5 her:\u00a0<a href=\"https:\/\/staging.swizzle.se\/dk\/product-2\/thca-buds-wonderland-haze-21-magic-farmers-2\/\">THCA BUDS - Wonderland Haze 21% - Magiske landm\u00e6nd<\/a><\/p>\n<\/section>\n<footer><\/footer>\n<p>Bem\u00e6rk!<br \/>\nDu skal v\u00e6re mindst 18 \u00e5r gammel for at k\u00f8be dette produkt. Det er ikke beregnet som medicin, kosttilskud eller naturprodukt. Vi opfordrer ikke til at indtage eller ryge dette produkt. Opbevar det utilg\u00e6ngeligt for b\u00f8rn Vi fraskriver os ethvert ansvar for, hvordan du som kunde bruger vores produkter. Vi s\u00e6lger dem til indsamlings- og prydform\u00e5l.<\/p>","protected":false},"excerpt":{"rendered":"<h1 class=\"product_title entry-title\"><strong>THCA buds Watermelon Kush 30% 10g<\/strong><\/h1>\n<p><b>PASSA P\u00c5 DETTA GRYMMA ERBJUDANDE! <strong>THCA Watermelon Kush 30%<\/strong><\/b><b>\u00a0buds f\u00f6r 699kr! (69.9 kr\/g)<\/b><\/p>\n<p><strong>THCA Watermelon Kush 30%<\/strong>er kompakte <em>THCA-belagte popcornknopper<\/em>\u00a0med et imponerende niveau af\u00a0<strong>33 % THCA<\/strong>.<\/p>\n<ul>\n<li><strong>Sort: THCA Watermelon Kush 30% (Indica)<\/strong><\/li>\n<li><strong>Type:<\/strong> THCA-coated Medium<\/li>\n<li><strong>Stop:<\/strong> 30 % THCA<\/li>\n<li><strong>THC:<\/strong>\u00a0under 0,2 %<\/li>\n<li><strong>Struktur:<\/strong>\u00a0T\u00e6t, krystalrig og glat<\/li>\n<\/ul>\n<p>Dette produkt har en mindsteprisgaranti, l\u00e6s mere om, hvad det betyder.<a href=\"https:\/\/staging.swizzle.se\/dk\/lagsta-pris-garanti\/\"><b>\u00a0her<\/b><\/a>.<\/p>","protected":false},"featured_media":296537,"comment_status":"closed","ping_status":"closed","template":"","meta":{"site-sidebar-layout":"default","site-content-layout":"","ast-site-content-layout":"default","site-content-style":"default","site-sidebar-style":"default","ast-global-header-display":"","ast-banner-title-visibility":"","ast-main-header-display":"","ast-hfb-above-header-display":"","ast-hfb-below-header-display":"","ast-hfb-mobile-header-display":"","site-post-title":"","ast-breadcrumbs-content":"","ast-featured-img":"","footer-sml-layout":"","ast-disable-related-posts":"","theme-transparent-header-meta":"default","adv-header-id-meta":"","stick-header-meta":"default","header-above-stick-meta":"","header-main-stick-meta":"","header-below-stick-meta":"","astra-migrate-meta-layouts":"set","ast-page-background-enabled":"default","ast-page-background-meta":{"desktop":{"background-color":"var(--ast-global-color-4)","background-image":"","background-repeat":"repeat","background-position":"center center","background-size":"auto","background-attachment":"scroll","background-type":"","background-media":"","overlay-type":"","overlay-color":"","overlay-opacity":"","overlay-gradient":""},"tablet":{"background-color":"","background-image":"","background-repeat":"repeat","background-position":"center center","background-size":"auto","background-attachment":"scroll","background-type":"","background-media":"","overlay-type":"","overlay-color":"","overlay-opacity":"","overlay-gradient":""},"mobile":{"background-color":"","background-image":"","background-repeat":"repeat","background-position":"center center","background-size":"auto","background-attachment":"scroll","background-type":"","background-media":"","overlay-type":"","overlay-color":"","overlay-opacity":"","overlay-gradient":""}},"ast-content-background-meta":{"desktop":{"background-color":"var(--ast-global-color-5)","background-image":"","background-repeat":"repeat","background-position":"center center","background-size":"auto","background-attachment":"scroll","background-type":"","background-media":"","overlay-type":"","overlay-color":"","overlay-opacity":"","overlay-gradient":""},"tablet":{"background-color":"var(--ast-global-color-5)","background-image":"","background-repeat":"repeat","background-position":"center center","background-size":"auto","background-attachment":"scroll","background-type":"","background-media":"","overlay-type":"","overlay-color":"","overlay-opacity":"","overlay-gradient":""},"mobile":{"background-color":"var(--ast-global-color-5)","background-image":"","background-repeat":"repeat","background-position":"center center","background-size":"auto","background-attachment":"scroll","background-type":"","background-media":"","overlay-type":"","overlay-color":"","overlay-opacity":"","overlay-gradient":""}}},"product_brand":[],"product_cat":[338,671,303,317],"product_tag":[],"superdeal":[],"product_variant_id":[],"class_list":{"0":"post-296535","1":"product","2":"type-product","3":"status-publish","4":"has-post-thumbnail","6":"product_cat-deals","7":"product_cat-superdeals","8":"product_cat-thca","9":"product_cat-thca-buds-blommor","10":"desktop-align-center","11":"tablet-align-left","12":"mobile-align-left","13":"ast-product-gallery-layout-horizontal-slider","14":"ast-product-gallery-with-no-image","15":"ast-magnify-disabled","16":"ast-product-tabs-layout-horizontal","18":"first","19":"instock","20":"sale","21":"taxable","22":"shipping-taxable","23":"purchasable","24":"product-type-simple"},"yoast_head":"<!-- This site is optimized with the Yoast SEO Premium plugin v26.9 (Yoast SEO v26.9) - https:\/\/yoast.com\/product\/yoast-seo-premium-wordpress\/ -->\n<title>THCA buds Watermelon Kush 30% 10g<\/title>\n<meta name=\"description\" content=\"THCA buds Watermelon Kush 30% 10g. PASSA P\u00c5 DETTA GRYMMA ERBJUDANDE! 10 g h\u00f6gkvalitativa buds f\u00f6r 699kr! (69.9 kr\/g) Se v\u00e5ra superdeals p\u00e5 swizzle.se.\" \/>\n<meta name=\"robots\" content=\"noindex, follow, max-snippet:-1, max-image-preview:large, max-video-preview:-1\" \/>\n<meta property=\"og:locale\" content=\"da_DK\" \/>\n<meta property=\"og:type\" content=\"article\" \/>\n<meta property=\"og:title\" content=\"SUPERDEAL! THCA buds Watermelon Kush 30% 10g\" \/>\n<meta property=\"og:description\" content=\"THCA buds Watermelon Kush 30% 10g. PASSA P\u00c5 DETTA GRYMMA ERBJUDANDE! 10 g h\u00f6gkvalitativa buds f\u00f6r 699kr! (69.9 kr\/g) Se v\u00e5ra superdeals p\u00e5 swizzle.se.\" \/>\n<meta property=\"og:url\" content=\"https:\/\/www.swizzle.se\/produkt\/superdeal-watermelon-kush-thcha-buds-10g\/\" \/>\n<meta property=\"og:site_name\" content=\"Swizzle\" \/>\n<meta property=\"article:modified_time\" content=\"2026-02-06T04:26:09+00:00\" \/>\n<meta property=\"og:image\" content=\"https:\/\/www.swizzle.se\/wp-content\/uploads\/2026\/02\/Superdeal-Strawberry-Watermeleo-Kush-10.jpg\" \/>\n\t<meta property=\"og:image:width\" content=\"600\" \/>\n\t<meta property=\"og:image:height\" content=\"600\" \/>\n\t<meta property=\"og:image:type\" content=\"image\/jpeg\" \/>\n<meta name=\"twitter:card\" content=\"summary_large_image\" \/>\n<meta name=\"twitter:label1\" content=\"Pris\" \/>\n\t<meta name=\"twitter:data1\" content=\"699.00&nbsp;&#107;&#114;\" \/>\n\t<meta name=\"twitter:label2\" content=\"Tilg\u00e6ngelighed\" \/>\n\t<meta name=\"twitter:data2\" content=\"P\u00e5 lager\" \/>\n<script type=\"application\/ld+json\" class=\"yoast-schema-graph\">{\"@context\":\"https:\/\/schema.org\",\"@graph\":[{\"@type\":\"WebPage\",\"@id\":\"https:\/\/www.swizzle.se\/produkt\/superdeal-watermelon-kush-thcha-buds-10g\/\",\"url\":\"https:\/\/www.swizzle.se\/produkt\/superdeal-watermelon-kush-thcha-buds-10g\/\",\"name\":\"THCA buds Watermelon Kush 30% 10g\",\"isPartOf\":{\"@id\":\"https:\/\/staging.swizzle.se\/#website\"},\"primaryImageOfPage\":{\"@id\":\"https:\/\/www.swizzle.se\/produkt\/superdeal-watermelon-kush-thcha-buds-10g\/#primaryimage\"},\"image\":{\"@id\":\"https:\/\/www.swizzle.se\/produkt\/superdeal-watermelon-kush-thcha-buds-10g\/#primaryimage\"},\"thumbnailUrl\":\"https:\/\/staging.swizzle.se\/wp-content\/uploads\/2026\/02\/Superdeal-Strawberry-Watermeleo-Kush-10.jpg\",\"datePublished\":\"2026-02-03T12:56:30+00:00\",\"dateModified\":\"2026-02-06T04:26:09+00:00\",\"description\":\"THCA buds Watermelon Kush 30% 10g. PASSA P\u00c5 DETTA GRYMMA ERBJUDANDE! 10 g h\u00f6gkvalitativa buds f\u00f6r 699kr! (69.9 kr\/g) Se v\u00e5ra superdeals p\u00e5 swizzle.se.\",\"breadcrumb\":{\"@id\":\"https:\/\/www.swizzle.se\/produkt\/superdeal-watermelon-kush-thcha-buds-10g\/#breadcrumb\"},\"inLanguage\":\"da-DK\",\"potentialAction\":[{\"@type\":\"ReadAction\",\"target\":[\"https:\/\/www.swizzle.se\/produkt\/superdeal-watermelon-kush-thcha-buds-10g\/\"]}]},{\"@type\":\"ImageObject\",\"inLanguage\":\"da-DK\",\"@id\":\"https:\/\/www.swizzle.se\/produkt\/superdeal-watermelon-kush-thcha-buds-10g\/#primaryimage\",\"url\":\"https:\/\/staging.swizzle.se\/wp-content\/uploads\/2026\/02\/Superdeal-Strawberry-Watermeleo-Kush-10.jpg\",\"contentUrl\":\"https:\/\/staging.swizzle.se\/wp-content\/uploads\/2026\/02\/Superdeal-Strawberry-Watermeleo-Kush-10.jpg\",\"width\":600,\"height\":600,\"caption\":\"Superdeal Watermeleon Kush THCA 10g\"},{\"@type\":\"BreadcrumbList\",\"@id\":\"https:\/\/www.swizzle.se\/produkt\/superdeal-watermelon-kush-thcha-buds-10g\/#breadcrumb\",\"itemListElement\":[{\"@type\":\"ListItem\",\"position\":1,\"name\":\"Home\",\"item\":\"https:\/\/www.swizzle.se\/\"},{\"@type\":\"ListItem\",\"position\":2,\"name\":\"Shop\",\"item\":\"https:\/\/www.swizzle.se\/shop\/\"},{\"@type\":\"ListItem\",\"position\":3,\"name\":\"THCA\",\"item\":\"https:\/\/www.swizzle.se\/produkt-kategori\/thca\/\"},{\"@type\":\"ListItem\",\"position\":4,\"name\":\"SUPERDEAL! THCA buds Watermelon Kush 30% 10g\"}]},{\"@type\":\"WebSite\",\"@id\":\"https:\/\/staging.swizzle.se\/#website\",\"url\":\"https:\/\/staging.swizzle.se\/\",\"name\":\"Swizzle\",\"description\":\"Nikotin CBD Vapes Snus White Portion\",\"publisher\":{\"@id\":\"https:\/\/staging.swizzle.se\/#organization\"},\"potentialAction\":[{\"@type\":\"SearchAction\",\"target\":{\"@type\":\"EntryPoint\",\"urlTemplate\":\"https:\/\/staging.swizzle.se\/?s={search_term_string}\"},\"query-input\":{\"@type\":\"PropertyValueSpecification\",\"valueRequired\":true,\"valueName\":\"search_term_string\"}}],\"inLanguage\":\"da-DK\"},{\"@type\":\"Organization\",\"@id\":\"https:\/\/staging.swizzle.se\/#organization\",\"name\":\"Swizzle\",\"url\":\"https:\/\/staging.swizzle.se\/\",\"logo\":{\"@type\":\"ImageObject\",\"inLanguage\":\"da-DK\",\"@id\":\"https:\/\/staging.swizzle.se\/#\/schema\/logo\/image\/\",\"url\":\"https:\/\/staging.swizzle.se\/wp-content\/uploads\/2025\/10\/cropped-SWIZZLE.-4.png\",\"contentUrl\":\"https:\/\/staging.swizzle.se\/wp-content\/uploads\/2025\/10\/cropped-SWIZZLE.-4.png\",\"width\":800,\"height\":267,\"caption\":\"Swizzle\"},\"image\":{\"@id\":\"https:\/\/staging.swizzle.se\/#\/schema\/logo\/image\/\"},\"hasMerchantReturnPolicy\":{\"@type\":\"MerchantReturnPolicy\",\"merchantReturnLink\":\"https:\/\/staging.swizzle.se\/dk\/villkor\/\"}}]}<\/script>\n<meta property=\"product:price:amount\" content=\"699.00\" \/>\n<meta property=\"product:price:currency\" content=\"SEK\" \/>\n<meta property=\"og:availability\" content=\"instock\" \/>\n<meta property=\"product:availability\" content=\"instock\" \/>\n<meta property=\"product:retailer_item_id\" content=\"superdealwatermelonkush10\" \/>\n<meta property=\"product:condition\" content=\"new\" \/>\n<!-- \/ Yoast SEO Premium plugin. -->","yoast_head_json":{"title":"THCA buds Watermelon Kush 30% 10g","description":"THCA buds Watermelon Kush 30% 10g. PASSA P\u00c5 DETTA GRYMMA ERBJUDANDE! 10 g h\u00f6gkvalitativa buds f\u00f6r 699kr! (69.9 kr\/g) Se v\u00e5ra superdeals p\u00e5 swizzle.se.","robots":{"index":"noindex","follow":"follow","max-snippet":"max-snippet:-1","max-image-preview":"max-image-preview:large","max-video-preview":"max-video-preview:-1"},"og_locale":"da_DK","og_type":"article","og_title":"SUPERDEAL! THCA buds Watermelon Kush 30% 10g","og_description":"THCA buds Watermelon Kush 30% 10g. PASSA P\u00c5 DETTA GRYMMA ERBJUDANDE! 10 g h\u00f6gkvalitativa buds f\u00f6r 699kr! (69.9 kr\/g) Se v\u00e5ra superdeals p\u00e5 swizzle.se.","og_url":"https:\/\/www.swizzle.se\/produkt\/superdeal-watermelon-kush-thcha-buds-10g\/","og_site_name":"Swizzle","article_modified_time":"2026-02-06T04:26:09+00:00","og_image":[{"width":600,"height":600,"url":"https:\/\/www.swizzle.se\/wp-content\/uploads\/2026\/02\/Superdeal-Strawberry-Watermeleo-Kush-10.jpg","type":"image\/jpeg"}],"twitter_card":"summary_large_image","twitter_misc":{"Pris":"699.00&nbsp;&#107;&#114;","Tilg\u00e6ngelighed":"P\u00e5 lager"},"schema":{"@context":"https:\/\/schema.org","@graph":[{"@type":"WebPage","@id":"https:\/\/www.swizzle.se\/produkt\/superdeal-watermelon-kush-thcha-buds-10g\/","url":"https:\/\/www.swizzle.se\/produkt\/superdeal-watermelon-kush-thcha-buds-10g\/","name":"THCA buds Watermelon Kush 30% 10g","isPartOf":{"@id":"https:\/\/staging.swizzle.se\/#website"},"primaryImageOfPage":{"@id":"https:\/\/www.swizzle.se\/produkt\/superdeal-watermelon-kush-thcha-buds-10g\/#primaryimage"},"image":{"@id":"https:\/\/www.swizzle.se\/produkt\/superdeal-watermelon-kush-thcha-buds-10g\/#primaryimage"},"thumbnailUrl":"https:\/\/staging.swizzle.se\/wp-content\/uploads\/2026\/02\/Superdeal-Strawberry-Watermeleo-Kush-10.jpg","datePublished":"2026-02-03T12:56:30+00:00","dateModified":"2026-02-06T04:26:09+00:00","description":"THCA buds Watermelon Kush 30% 10g. PASSA P\u00c5 DETTA GRYMMA ERBJUDANDE! 10 g h\u00f6gkvalitativa buds f\u00f6r 699kr! (69.9 kr\/g) Se v\u00e5ra superdeals p\u00e5 swizzle.se.","breadcrumb":{"@id":"https:\/\/www.swizzle.se\/produkt\/superdeal-watermelon-kush-thcha-buds-10g\/#breadcrumb"},"inLanguage":"da-DK","potentialAction":[{"@type":"ReadAction","target":["https:\/\/www.swizzle.se\/produkt\/superdeal-watermelon-kush-thcha-buds-10g\/"]}]},{"@type":"ImageObject","inLanguage":"da-DK","@id":"https:\/\/www.swizzle.se\/produkt\/superdeal-watermelon-kush-thcha-buds-10g\/#primaryimage","url":"https:\/\/staging.swizzle.se\/wp-content\/uploads\/2026\/02\/Superdeal-Strawberry-Watermeleo-Kush-10.jpg","contentUrl":"https:\/\/staging.swizzle.se\/wp-content\/uploads\/2026\/02\/Superdeal-Strawberry-Watermeleo-Kush-10.jpg","width":600,"height":600,"caption":"Superdeal Watermeleon Kush THCA 10g"},{"@type":"BreadcrumbList","@id":"https:\/\/www.swizzle.se\/produkt\/superdeal-watermelon-kush-thcha-buds-10g\/#breadcrumb","itemListElement":[{"@type":"ListItem","position":1,"name":"Home","item":"https:\/\/www.swizzle.se\/"},{"@type":"ListItem","position":2,"name":"Shop","item":"https:\/\/www.swizzle.se\/shop\/"},{"@type":"ListItem","position":3,"name":"THCA","item":"https:\/\/www.swizzle.se\/produkt-kategori\/thca\/"},{"@type":"ListItem","position":4,"name":"SUPERDEAL! THCA buds Watermelon Kush 30% 10g"}]},{"@type":"WebSite","@id":"https:\/\/staging.swizzle.se\/#website","url":"https:\/\/staging.swizzle.se\/","name":"Swizzle","description":"Nikotin CBD Vapes Snus Hvid Portion","publisher":{"@id":"https:\/\/staging.swizzle.se\/#organization"},"potentialAction":[{"@type":"SearchAction","target":{"@type":"EntryPoint","urlTemplate":"https:\/\/staging.swizzle.se\/?s={search_term_string}"},"query-input":{"@type":"PropertyValueSpecification","valueRequired":true,"valueName":"search_term_string"}}],"inLanguage":"da-DK"},{"@type":"Organization","@id":"https:\/\/staging.swizzle.se\/#organization","name":"Swizzle","url":"https:\/\/staging.swizzle.se\/","logo":{"@type":"ImageObject","inLanguage":"da-DK","@id":"https:\/\/staging.swizzle.se\/#\/schema\/logo\/image\/","url":"https:\/\/staging.swizzle.se\/wp-content\/uploads\/2025\/10\/cropped-SWIZZLE.-4.png","contentUrl":"https:\/\/staging.swizzle.se\/wp-content\/uploads\/2025\/10\/cropped-SWIZZLE.-4.png","width":800,"height":267,"caption":"Swizzle"},"image":{"@id":"https:\/\/staging.swizzle.se\/#\/schema\/logo\/image\/"},"hasMerchantReturnPolicy":{"@type":"MerchantReturnPolicy","merchantReturnLink":"https:\/\/staging.swizzle.se\/dk\/villkor\/"}}]},"product_price_amount":"699.00","product_price_currency":"SEK","og_availability":"instock","product_availability":"instock","product_retailer_item_id":"superdealwatermelonkush10","product_condition":"new"},"tiered_pricing_type":"fixed","tiered_pricing_fixed_rules":[],"tiered_pricing_product_settings":{"layout":"default","base_unit_name":{"singular":null,"plural":null},"default_variation":null},"tiered_pricing_minimum_quantity":null,"tiered_pricing_roles_data":[],"tiered_pricing_percentage_rules":[],"tiered_pricing_maximum_quantity":null,"tiered_pricing_quantity_step":null,"_links":{"self":[{"href":"https:\/\/staging.swizzle.se\/dk\/wp-json\/wp\/v2\/product\/296535","targetHints":{"allow":["GET"]}}],"collection":[{"href":"https:\/\/staging.swizzle.se\/dk\/wp-json\/wp\/v2\/product"}],"about":[{"href":"https:\/\/staging.swizzle.se\/dk\/wp-json\/wp\/v2\/types\/product"}],"replies":[{"embeddable":true,"href":"https:\/\/staging.swizzle.se\/dk\/wp-json\/wp\/v2\/comments?post=296535"}],"version-history":[{"count":0,"href":"https:\/\/staging.swizzle.se\/dk\/wp-json\/wp\/v2\/product\/296535\/revisions"}],"wp:featuredmedia":[{"embeddable":true,"href":"https:\/\/staging.swizzle.se\/dk\/wp-json\/wp\/v2\/media\/296537"}],"wp:attachment":[{"href":"https:\/\/staging.swizzle.se\/dk\/wp-json\/wp\/v2\/media?parent=296535"}],"wp:term":[{"taxonomy":"product_brand","embeddable":true,"href":"https:\/\/staging.swizzle.se\/dk\/wp-json\/wp\/v2\/product_brand?post=296535"},{"taxonomy":"product_cat","embeddable":true,"href":"https:\/\/staging.swizzle.se\/dk\/wp-json\/wp\/v2\/product_cat?post=296535"},{"taxonomy":"product_tag","embeddable":true,"href":"https:\/\/staging.swizzle.se\/dk\/wp-json\/wp\/v2\/product_tag?post=296535"},{"taxonomy":"superdeal","embeddable":true,"href":"https:\/\/staging.swizzle.se\/dk\/wp-json\/wp\/v2\/superdeal?post=296535"},{"taxonomy":"product_variant_id","embeddable":true,"href":"https:\/\/staging.swizzle.se\/dk\/wp-json\/wp\/v2\/product_variant_id?post=296535"}],"curies":[{"name":"wp","href":"https:\/\/api.w.org\/{rel}","templated":true}]}}