{"id":296443,"date":"2026-02-02T13:26:49","date_gmt":"2026-02-02T13:26:49","guid":{"rendered":"https:\/\/staging.swizzle.se\/?post_type=product&#038;p=296443"},"modified":"2026-02-05T15:39:57","modified_gmt":"2026-02-05T15:39:57","slug":"manali-cream-40-thca-hash","status":"publish","type":"product","link":"https:\/\/staging.swizzle.se\/dk\/product-2\/manali-cream-40-thca-hash\/","title":{"rendered":"Manali Cream 40% THCA Hash"},"content":{"rendered":"<h1>Manali Cream 40% THCA Hash<\/h1>\n<p>Manali Cream hash uppvisar en t\u00e4t, traditionellt pressad konsistens med medelmjukhet och en fast yta.<\/p>\n<p>Angivna THCA-niv\u00e5er \u00e4r baserade p\u00e5 m\u00e5linfusionsprocenten.<\/p>\n<p>Denna produkt har infunderats med 400 gram THCA-isolat per kg komplett produkt.<\/p>\n<p>Faktiska testade niv\u00e5er kan d\u00e4rf\u00f6r variera fr\u00e5n den m\u00e5linriktade m\u00e4ngden THCA.<\/p>\n<p>F\u00f6rvaring:<\/p>\n<ul>\n<li>Alla THCA-produkter m\u00e5ste f\u00f6rvaras svalt och m\u00f6rkt vid temperaturer under 5\u00b0C.<\/li>\n<li>Torrt<\/li>\n<li>Luftt\u00e4t och helst vacuum.<\/li>\n<li>THC-fri<\/li>\n<\/ul>\n<p>Se ogs\u00e5 her:\u00a0<a href=\"https:\/\/staging.swizzle.se\/dk\/product-2\/bubble-hash-50-thca\/\">Bubble Hash 50% THCA<\/a><\/p>\n<p><strong>Bem\u00e6rk!<\/strong><br \/>\nDu skal v\u00e6re mindst 18 \u00e5r gammel for at k\u00f8be dette produkt. Det er ikke beregnet som medicin, kosttilskud eller naturprodukt. Vi opfordrer ikke til at indtage eller ryge dette produkt. Opbevar det utilg\u00e6ngeligt for b\u00f8rn Vi fraskriver os ethvert ansvar for, hvordan du som kunde bruger vores produkter. Vi s\u00e6lger dem til indsamlings- og prydform\u00e5l.<\/p>","protected":false},"excerpt":{"rendered":"<p>Manali Cream 40% THCA Hash<\/p>\n<p>Manali Cream hash uppvisar en t\u00e4t, traditionellt pressad konsistens med medelmjukhet och en fast yta.<\/p>\n<p>&nbsp;<\/p>\n<ul>\n<li>Alla THCA-produkter m\u00e5ste f\u00f6rvaras svalt och m\u00f6rkt vid temperaturer under 5\u00b0C.<\/li>\n<li>Torrt<\/li>\n<li>Luftt\u00e4t och helst vacuum.<\/li>\n<li>THC-fri<\/li>\n<\/ul>\n<p>Dette produkt har en mindsteprisgaranti, l\u00e6s mere om, hvad det betyder.<a href=\"https:\/\/staging.swizzle.se\/dk\/lagsta-pris-garanti\/\"><b> her<\/b><\/a>.<\/p>","protected":false},"featured_media":296446,"comment_status":"open","ping_status":"closed","template":"","meta":{"site-sidebar-layout":"default","site-content-layout":"","ast-site-content-layout":"default","site-content-style":"default","site-sidebar-style":"default","ast-global-header-display":"","ast-banner-title-visibility":"","ast-main-header-display":"","ast-hfb-above-header-display":"","ast-hfb-below-header-display":"","ast-hfb-mobile-header-display":"","site-post-title":"","ast-breadcrumbs-content":"","ast-featured-img":"","footer-sml-layout":"","ast-disable-related-posts":"","theme-transparent-header-meta":"default","adv-header-id-meta":"","stick-header-meta":"default","header-above-stick-meta":"","header-main-stick-meta":"","header-below-stick-meta":"","astra-migrate-meta-layouts":"set","ast-page-background-enabled":"default","ast-page-background-meta":{"desktop":{"background-color":"var(--ast-global-color-4)","background-image":"","background-repeat":"repeat","background-position":"center center","background-size":"auto","background-attachment":"scroll","background-type":"","background-media":"","overlay-type":"","overlay-color":"","overlay-opacity":"","overlay-gradient":""},"tablet":{"background-color":"","background-image":"","background-repeat":"repeat","background-position":"center center","background-size":"auto","background-attachment":"scroll","background-type":"","background-media":"","overlay-type":"","overlay-color":"","overlay-opacity":"","overlay-gradient":""},"mobile":{"background-color":"","background-image":"","background-repeat":"repeat","background-position":"center center","background-size":"auto","background-attachment":"scroll","background-type":"","background-media":"","overlay-type":"","overlay-color":"","overlay-opacity":"","overlay-gradient":""}},"ast-content-background-meta":{"desktop":{"background-color":"var(--ast-global-color-5)","background-image":"","background-repeat":"repeat","background-position":"center center","background-size":"auto","background-attachment":"scroll","background-type":"","background-media":"","overlay-type":"","overlay-color":"","overlay-opacity":"","overlay-gradient":""},"tablet":{"background-color":"var(--ast-global-color-5)","background-image":"","background-repeat":"repeat","background-position":"center center","background-size":"auto","background-attachment":"scroll","background-type":"","background-media":"","overlay-type":"","overlay-color":"","overlay-opacity":"","overlay-gradient":""},"mobile":{"background-color":"var(--ast-global-color-5)","background-image":"","background-repeat":"repeat","background-position":"center center","background-size":"auto","background-attachment":"scroll","background-type":"","background-media":"","overlay-type":"","overlay-color":"","overlay-opacity":"","overlay-gradient":""}}},"product_brand":[],"product_cat":[303,325],"product_tag":[],"superdeal":[],"product_variant_id":[],"class_list":{"0":"post-296443","1":"product","2":"type-product","3":"status-publish","4":"has-post-thumbnail","6":"product_cat-thca","7":"product_cat-thca-hash","8":"desktop-align-center","9":"tablet-align-left","10":"mobile-align-left","11":"ast-product-gallery-layout-horizontal-slider","12":"ast-magnify-disabled","13":"ast-product-tabs-layout-horizontal","15":"first","16":"instock","17":"taxable","18":"shipping-taxable","19":"purchasable","20":"product-type-simple"},"yoast_head":"<!-- This site is optimized with the Yoast SEO Premium plugin v26.9 (Yoast SEO v26.9) - https:\/\/yoast.com\/product\/yoast-seo-premium-wordpress\/ -->\n<title>Manali Cream 40% THCA Hash<\/title>\n<meta name=\"description\" content=\"Manali Cream 40% THCA Hash. Manali Cream hash uppvisar en t\u00e4t, traditionellt pressad konsistens med medelmjukhet och en fast yta.\" \/>\n<meta name=\"robots\" content=\"noindex, follow, max-snippet:-1, max-image-preview:large, max-video-preview:-1\" \/>\n<meta property=\"og:locale\" content=\"da_DK\" \/>\n<meta property=\"og:type\" content=\"article\" \/>\n<meta property=\"og:title\" content=\"Hash Gold Bar 33% THCA - Magic Farmers\" \/>\n<meta property=\"og:description\" content=\"Hash Gold Bar 33% THCA - Magic Farmers. H\u00f6gkvalitets hash fr\u00e5n schweiziska Magic Farmers. En len sm\u00f6rig smak med mjuka honungstoner.\" \/>\n<meta property=\"og:url\" content=\"https:\/\/www.swizzle.se\/produkt\/manali-cream-40-thca-hash\/\" \/>\n<meta property=\"og:site_name\" content=\"Swizzle\" \/>\n<meta property=\"article:modified_time\" content=\"2026-02-05T15:39:57+00:00\" \/>\n<meta property=\"og:image\" content=\"https:\/\/www.swizzle.se\/wp-content\/uploads\/2026\/02\/Manali-Cream-40-THCA-Hash.webp\" \/>\n\t<meta property=\"og:image:width\" content=\"768\" \/>\n\t<meta property=\"og:image:height\" content=\"768\" \/>\n\t<meta property=\"og:image:type\" content=\"image\/webp\" \/>\n<meta name=\"twitter:card\" content=\"summary_large_image\" \/>\n<meta name=\"twitter:title\" content=\"Hash Gold Bar 33% THCA - Magic Farmers\" \/>\n<meta name=\"twitter:description\" content=\"Hash Gold Bar 33% THCA - Magic Farmers. H\u00f6gkvalitets hash fr\u00e5n schweiziska Magic Farmers. En len sm\u00f6rig smak med mjuka honungstoner.\" \/>\n<meta name=\"twitter:label1\" content=\"Pris\" \/>\n\t<meta name=\"twitter:data1\" content=\"159.00&nbsp;&#107;&#114;\" \/>\n\t<meta name=\"twitter:label2\" content=\"Tilg\u00e6ngelighed\" \/>\n\t<meta name=\"twitter:data2\" content=\"P\u00e5 lager\" \/>\n<script type=\"application\/ld+json\" class=\"yoast-schema-graph\">{\"@context\":\"https:\/\/schema.org\",\"@graph\":[{\"@type\":\"WebPage\",\"@id\":\"https:\/\/www.swizzle.se\/produkt\/manali-cream-40-thca-hash\/\",\"url\":\"https:\/\/www.swizzle.se\/produkt\/manali-cream-40-thca-hash\/\",\"name\":\"Manali Cream 40% THCA Hash\",\"isPartOf\":{\"@id\":\"https:\/\/staging.swizzle.se\/#website\"},\"primaryImageOfPage\":{\"@id\":\"https:\/\/www.swizzle.se\/produkt\/manali-cream-40-thca-hash\/#primaryimage\"},\"image\":{\"@id\":\"https:\/\/www.swizzle.se\/produkt\/manali-cream-40-thca-hash\/#primaryimage\"},\"thumbnailUrl\":\"https:\/\/staging.swizzle.se\/wp-content\/uploads\/2026\/02\/Manali-Cream-40-THCA-Hash.webp\",\"datePublished\":\"2026-02-02T13:26:49+00:00\",\"dateModified\":\"2026-02-05T15:39:57+00:00\",\"description\":\"Manali Cream 40% THCA Hash. Manali Cream hash uppvisar en t\u00e4t, traditionellt pressad konsistens med medelmjukhet och en fast yta.\",\"breadcrumb\":{\"@id\":\"https:\/\/www.swizzle.se\/produkt\/manali-cream-40-thca-hash\/#breadcrumb\"},\"inLanguage\":\"da-DK\",\"potentialAction\":[{\"@type\":\"ReadAction\",\"target\":[\"https:\/\/www.swizzle.se\/produkt\/manali-cream-40-thca-hash\/\"]}]},{\"@type\":\"ImageObject\",\"inLanguage\":\"da-DK\",\"@id\":\"https:\/\/www.swizzle.se\/produkt\/manali-cream-40-thca-hash\/#primaryimage\",\"url\":\"https:\/\/staging.swizzle.se\/wp-content\/uploads\/2026\/02\/Manali-Cream-40-THCA-Hash.webp\",\"contentUrl\":\"https:\/\/staging.swizzle.se\/wp-content\/uploads\/2026\/02\/Manali-Cream-40-THCA-Hash.webp\",\"width\":768,\"height\":768,\"caption\":\"Manali Cream 40% THCA Hash\"},{\"@type\":\"BreadcrumbList\",\"@id\":\"https:\/\/www.swizzle.se\/produkt\/manali-cream-40-thca-hash\/#breadcrumb\",\"itemListElement\":[{\"@type\":\"ListItem\",\"position\":1,\"name\":\"Home\",\"item\":\"https:\/\/www.swizzle.se\/\"},{\"@type\":\"ListItem\",\"position\":2,\"name\":\"Shop\",\"item\":\"https:\/\/www.swizzle.se\/shop\/\"},{\"@type\":\"ListItem\",\"position\":3,\"name\":\"THCA\",\"item\":\"https:\/\/www.swizzle.se\/produkt-kategori\/thca\/\"},{\"@type\":\"ListItem\",\"position\":4,\"name\":\"THCA HASH\",\"item\":\"https:\/\/www.swizzle.se\/produkt-kategori\/thca\/thca-hash\/\"},{\"@type\":\"ListItem\",\"position\":5,\"name\":\"Manali Cream 40% THCA Hash\"}]},{\"@type\":\"WebSite\",\"@id\":\"https:\/\/staging.swizzle.se\/#website\",\"url\":\"https:\/\/staging.swizzle.se\/\",\"name\":\"Swizzle\",\"description\":\"Nikotin CBD Vapes Snus White Portion\",\"publisher\":{\"@id\":\"https:\/\/staging.swizzle.se\/#organization\"},\"potentialAction\":[{\"@type\":\"SearchAction\",\"target\":{\"@type\":\"EntryPoint\",\"urlTemplate\":\"https:\/\/staging.swizzle.se\/?s={search_term_string}\"},\"query-input\":{\"@type\":\"PropertyValueSpecification\",\"valueRequired\":true,\"valueName\":\"search_term_string\"}}],\"inLanguage\":\"da-DK\"},{\"@type\":\"Organization\",\"@id\":\"https:\/\/staging.swizzle.se\/#organization\",\"name\":\"Swizzle\",\"url\":\"https:\/\/staging.swizzle.se\/\",\"logo\":{\"@type\":\"ImageObject\",\"inLanguage\":\"da-DK\",\"@id\":\"https:\/\/staging.swizzle.se\/#\/schema\/logo\/image\/\",\"url\":\"https:\/\/staging.swizzle.se\/wp-content\/uploads\/2025\/10\/cropped-SWIZZLE.-4.png\",\"contentUrl\":\"https:\/\/staging.swizzle.se\/wp-content\/uploads\/2025\/10\/cropped-SWIZZLE.-4.png\",\"width\":800,\"height\":267,\"caption\":\"Swizzle\"},\"image\":{\"@id\":\"https:\/\/staging.swizzle.se\/#\/schema\/logo\/image\/\"},\"hasMerchantReturnPolicy\":{\"@type\":\"MerchantReturnPolicy\",\"merchantReturnLink\":\"https:\/\/staging.swizzle.se\/dk\/villkor\/\"}}]}<\/script>\n<meta property=\"product:price:amount\" content=\"159.00\" \/>\n<meta property=\"product:price:currency\" content=\"SEK\" \/>\n<meta property=\"og:availability\" content=\"instock\" \/>\n<meta property=\"product:availability\" content=\"instock\" \/>\n<meta property=\"product:retailer_item_id\" content=\"ManaliHash\" \/>\n<meta property=\"product:condition\" content=\"new\" \/>\n<!-- \/ Yoast SEO Premium plugin. -->","yoast_head_json":{"title":"Manali Cream 40% THCA Hash","description":"Manali Cream 40% THCA Hash. Manali Cream hash uppvisar en t\u00e4t, traditionellt pressad konsistens med medelmjukhet och en fast yta.","robots":{"index":"noindex","follow":"follow","max-snippet":"max-snippet:-1","max-image-preview":"max-image-preview:large","max-video-preview":"max-video-preview:-1"},"og_locale":"da_DK","og_type":"article","og_title":"Hash Gold Bar 33% THCA - Magic Farmers","og_description":"Hash Gold Bar 33% THCA - Magic Farmers. H\u00f6gkvalitets hash fr\u00e5n schweiziska Magic Farmers. En len sm\u00f6rig smak med mjuka honungstoner.","og_url":"https:\/\/www.swizzle.se\/produkt\/manali-cream-40-thca-hash\/","og_site_name":"Swizzle","article_modified_time":"2026-02-05T15:39:57+00:00","og_image":[{"width":768,"height":768,"url":"https:\/\/www.swizzle.se\/wp-content\/uploads\/2026\/02\/Manali-Cream-40-THCA-Hash.webp","type":"image\/webp"}],"twitter_card":"summary_large_image","twitter_title":"Hash Gold Bar 33% THCA - Magic Farmers","twitter_description":"Hash Gold Bar 33% THCA - Magic Farmers. H\u00f6gkvalitets hash fr\u00e5n schweiziska Magic Farmers. En len sm\u00f6rig smak med mjuka honungstoner.","twitter_misc":{"Pris":"159.00&nbsp;&#107;&#114;","Tilg\u00e6ngelighed":"P\u00e5 lager"},"schema":{"@context":"https:\/\/schema.org","@graph":[{"@type":"WebPage","@id":"https:\/\/www.swizzle.se\/produkt\/manali-cream-40-thca-hash\/","url":"https:\/\/www.swizzle.se\/produkt\/manali-cream-40-thca-hash\/","name":"Manali Cream 40% THCA Hash","isPartOf":{"@id":"https:\/\/staging.swizzle.se\/#website"},"primaryImageOfPage":{"@id":"https:\/\/www.swizzle.se\/produkt\/manali-cream-40-thca-hash\/#primaryimage"},"image":{"@id":"https:\/\/www.swizzle.se\/produkt\/manali-cream-40-thca-hash\/#primaryimage"},"thumbnailUrl":"https:\/\/staging.swizzle.se\/wp-content\/uploads\/2026\/02\/Manali-Cream-40-THCA-Hash.webp","datePublished":"2026-02-02T13:26:49+00:00","dateModified":"2026-02-05T15:39:57+00:00","description":"Manali Cream 40% THCA Hash. Manali Cream hash uppvisar en t\u00e4t, traditionellt pressad konsistens med medelmjukhet och en fast yta.","breadcrumb":{"@id":"https:\/\/www.swizzle.se\/produkt\/manali-cream-40-thca-hash\/#breadcrumb"},"inLanguage":"da-DK","potentialAction":[{"@type":"ReadAction","target":["https:\/\/www.swizzle.se\/produkt\/manali-cream-40-thca-hash\/"]}]},{"@type":"ImageObject","inLanguage":"da-DK","@id":"https:\/\/www.swizzle.se\/produkt\/manali-cream-40-thca-hash\/#primaryimage","url":"https:\/\/staging.swizzle.se\/wp-content\/uploads\/2026\/02\/Manali-Cream-40-THCA-Hash.webp","contentUrl":"https:\/\/staging.swizzle.se\/wp-content\/uploads\/2026\/02\/Manali-Cream-40-THCA-Hash.webp","width":768,"height":768,"caption":"Manali Cream 40% THCA Hash"},{"@type":"BreadcrumbList","@id":"https:\/\/www.swizzle.se\/produkt\/manali-cream-40-thca-hash\/#breadcrumb","itemListElement":[{"@type":"ListItem","position":1,"name":"Home","item":"https:\/\/www.swizzle.se\/"},{"@type":"ListItem","position":2,"name":"Shop","item":"https:\/\/www.swizzle.se\/shop\/"},{"@type":"ListItem","position":3,"name":"THCA","item":"https:\/\/www.swizzle.se\/produkt-kategori\/thca\/"},{"@type":"ListItem","position":4,"name":"THCA HASH","item":"https:\/\/www.swizzle.se\/produkt-kategori\/thca\/thca-hash\/"},{"@type":"ListItem","position":5,"name":"Manali Cream 40% THCA Hash"}]},{"@type":"WebSite","@id":"https:\/\/staging.swizzle.se\/#website","url":"https:\/\/staging.swizzle.se\/","name":"Swizzle","description":"Nikotin CBD Vapes Snus Hvid Portion","publisher":{"@id":"https:\/\/staging.swizzle.se\/#organization"},"potentialAction":[{"@type":"SearchAction","target":{"@type":"EntryPoint","urlTemplate":"https:\/\/staging.swizzle.se\/?s={search_term_string}"},"query-input":{"@type":"PropertyValueSpecification","valueRequired":true,"valueName":"search_term_string"}}],"inLanguage":"da-DK"},{"@type":"Organization","@id":"https:\/\/staging.swizzle.se\/#organization","name":"Swizzle","url":"https:\/\/staging.swizzle.se\/","logo":{"@type":"ImageObject","inLanguage":"da-DK","@id":"https:\/\/staging.swizzle.se\/#\/schema\/logo\/image\/","url":"https:\/\/staging.swizzle.se\/wp-content\/uploads\/2025\/10\/cropped-SWIZZLE.-4.png","contentUrl":"https:\/\/staging.swizzle.se\/wp-content\/uploads\/2025\/10\/cropped-SWIZZLE.-4.png","width":800,"height":267,"caption":"Swizzle"},"image":{"@id":"https:\/\/staging.swizzle.se\/#\/schema\/logo\/image\/"},"hasMerchantReturnPolicy":{"@type":"MerchantReturnPolicy","merchantReturnLink":"https:\/\/staging.swizzle.se\/dk\/villkor\/"}}]},"product_price_amount":"159.00","product_price_currency":"SEK","og_availability":"instock","product_availability":"instock","product_retailer_item_id":"ManaliHash","product_condition":"new"},"tiered_pricing_type":"fixed","tiered_pricing_fixed_rules":[],"tiered_pricing_product_settings":{"layout":"default","base_unit_name":{"singular":null,"plural":null},"default_variation":null},"tiered_pricing_minimum_quantity":null,"tiered_pricing_roles_data":[],"tiered_pricing_percentage_rules":[],"tiered_pricing_maximum_quantity":null,"tiered_pricing_quantity_step":null,"_links":{"self":[{"href":"https:\/\/staging.swizzle.se\/dk\/wp-json\/wp\/v2\/product\/296443","targetHints":{"allow":["GET"]}}],"collection":[{"href":"https:\/\/staging.swizzle.se\/dk\/wp-json\/wp\/v2\/product"}],"about":[{"href":"https:\/\/staging.swizzle.se\/dk\/wp-json\/wp\/v2\/types\/product"}],"replies":[{"embeddable":true,"href":"https:\/\/staging.swizzle.se\/dk\/wp-json\/wp\/v2\/comments?post=296443"}],"version-history":[{"count":0,"href":"https:\/\/staging.swizzle.se\/dk\/wp-json\/wp\/v2\/product\/296443\/revisions"}],"wp:featuredmedia":[{"embeddable":true,"href":"https:\/\/staging.swizzle.se\/dk\/wp-json\/wp\/v2\/media\/296446"}],"wp:attachment":[{"href":"https:\/\/staging.swizzle.se\/dk\/wp-json\/wp\/v2\/media?parent=296443"}],"wp:term":[{"taxonomy":"product_brand","embeddable":true,"href":"https:\/\/staging.swizzle.se\/dk\/wp-json\/wp\/v2\/product_brand?post=296443"},{"taxonomy":"product_cat","embeddable":true,"href":"https:\/\/staging.swizzle.se\/dk\/wp-json\/wp\/v2\/product_cat?post=296443"},{"taxonomy":"product_tag","embeddable":true,"href":"https:\/\/staging.swizzle.se\/dk\/wp-json\/wp\/v2\/product_tag?post=296443"},{"taxonomy":"superdeal","embeddable":true,"href":"https:\/\/staging.swizzle.se\/dk\/wp-json\/wp\/v2\/superdeal?post=296443"},{"taxonomy":"product_variant_id","embeddable":true,"href":"https:\/\/staging.swizzle.se\/dk\/wp-json\/wp\/v2\/product_variant_id?post=296443"}],"curies":[{"name":"wp","href":"https:\/\/api.w.org\/{rel}","templated":true}]}}