{"id":296179,"date":"2026-01-28T11:02:43","date_gmt":"2026-01-28T11:02:43","guid":{"rendered":"https:\/\/staging.swizzle.se\/?post_type=product&#038;p=296179"},"modified":"2026-02-04T14:08:55","modified_gmt":"2026-02-04T14:08:55","slug":"bubble-hash-50-thca","status":"publish","type":"product","link":"https:\/\/staging.swizzle.se\/dk\/product-2\/bubble-hash-50-thca\/","title":{"rendered":"Bubble Hash 50% THCA"},"content":{"rendered":"<h1>Bubble Hash 50% THCA<\/h1>\n<p>Har en t\u00e4t, traditionellt pressad konsistens med medelmjukhet och ett sl\u00e4tt yttre.<\/p>\n<p>Angivna THCA-niv\u00e5er \u00e4r baserade p\u00e5 m\u00e5linfusionsprocenten.<\/p>\n<p>Denna produkt har infunderats med 500 gram THCA-isolat per kg komplett produkt.<\/p>\n<p>Faktiska testade niv\u00e5er kan d\u00e4rf\u00f6r variera fr\u00e5n den m\u00e5linriktade m\u00e4ngden THCA.<\/p>\n<p>F\u00f6rvaring:<\/p>\n<ul>\n<li>Torrt<\/li>\n<li>Luftt\u00e4t och helst vacuum.<\/li>\n<li>THC-fri<\/li>\n<\/ul>\n<p class=\"p1\">Bubble hash framst\u00e4lls genom att <span class=\"s1\"><b>trikomer (hartsk\u00f6rtlar)<\/b><\/span> separeras fr\u00e5n cannabisplantan med hj\u00e4lp av <span class=\"s1\"><b>isvatten och filtrering<\/b><\/span>. Sedan blandas detta med THCA isolat.<\/p>\n<p>Se ogs\u00e5 her:\u00a0<a href=\"https:\/\/staging.swizzle.se\/dk\/product-2\/hash-gold-bar-33-thca-magic-farmers\/\">Hash Gold Bar 33% THCA\u00a0 Magic Farmers<\/a><\/p>\n<p><strong>Bem\u00e6rk!<\/strong><br \/>\nDu skal v\u00e6re mindst 18 \u00e5r gammel for at k\u00f8be dette produkt. Det er ikke beregnet som medicin, kosttilskud eller naturprodukt. Vi opfordrer ikke til at indtage eller ryge dette produkt. Opbevar det utilg\u00e6ngeligt for b\u00f8rn Vi fraskriver os ethvert ansvar for, hvordan du som kunde bruger vores produkter. Vi s\u00e6lger dem til indsamlings- og prydform\u00e5l.<\/p>","protected":false},"excerpt":{"rendered":"<p>Bubble Hash 50% THCA<\/p>\n<p>Bubble Hash 50% THCA har en t\u00e4t, traditionellt pressad konsistens med medelmjukhet och ett sl\u00e4tt yttre.<\/p>\n<ul>\n<li>Torrt<\/li>\n<li>Luftt\u00e4t och helst vacuum.<\/li>\n<li>THC-fri<\/li>\n<\/ul>\n<p>Dette produkt har en mindsteprisgaranti, l\u00e6s mere om, hvad det betyder.<a href=\"https:\/\/staging.swizzle.se\/dk\/lagsta-pris-garanti\/\"><b> her<\/b><\/a>.<\/p>","protected":false},"featured_media":296189,"comment_status":"open","ping_status":"closed","template":"","meta":{"site-sidebar-layout":"default","site-content-layout":"","ast-site-content-layout":"default","site-content-style":"default","site-sidebar-style":"default","ast-global-header-display":"","ast-banner-title-visibility":"","ast-main-header-display":"","ast-hfb-above-header-display":"","ast-hfb-below-header-display":"","ast-hfb-mobile-header-display":"","site-post-title":"","ast-breadcrumbs-content":"","ast-featured-img":"","footer-sml-layout":"","ast-disable-related-posts":"","theme-transparent-header-meta":"default","adv-header-id-meta":"","stick-header-meta":"default","header-above-stick-meta":"","header-main-stick-meta":"","header-below-stick-meta":"","astra-migrate-meta-layouts":"set","ast-page-background-enabled":"default","ast-page-background-meta":{"desktop":{"background-color":"var(--ast-global-color-4)","background-image":"","background-repeat":"repeat","background-position":"center center","background-size":"auto","background-attachment":"scroll","background-type":"","background-media":"","overlay-type":"","overlay-color":"","overlay-opacity":"","overlay-gradient":""},"tablet":{"background-color":"","background-image":"","background-repeat":"repeat","background-position":"center center","background-size":"auto","background-attachment":"scroll","background-type":"","background-media":"","overlay-type":"","overlay-color":"","overlay-opacity":"","overlay-gradient":""},"mobile":{"background-color":"","background-image":"","background-repeat":"repeat","background-position":"center center","background-size":"auto","background-attachment":"scroll","background-type":"","background-media":"","overlay-type":"","overlay-color":"","overlay-opacity":"","overlay-gradient":""}},"ast-content-background-meta":{"desktop":{"background-color":"var(--ast-global-color-5)","background-image":"","background-repeat":"repeat","background-position":"center center","background-size":"auto","background-attachment":"scroll","background-type":"","background-media":"","overlay-type":"","overlay-color":"","overlay-opacity":"","overlay-gradient":""},"tablet":{"background-color":"var(--ast-global-color-5)","background-image":"","background-repeat":"repeat","background-position":"center center","background-size":"auto","background-attachment":"scroll","background-type":"","background-media":"","overlay-type":"","overlay-color":"","overlay-opacity":"","overlay-gradient":""},"mobile":{"background-color":"var(--ast-global-color-5)","background-image":"","background-repeat":"repeat","background-position":"center center","background-size":"auto","background-attachment":"scroll","background-type":"","background-media":"","overlay-type":"","overlay-color":"","overlay-opacity":"","overlay-gradient":""}}},"product_brand":[],"product_cat":[303,325],"product_tag":[],"superdeal":[],"product_variant_id":[],"class_list":{"0":"post-296179","1":"product","2":"type-product","3":"status-publish","4":"has-post-thumbnail","6":"product_cat-thca","7":"product_cat-thca-hash","8":"desktop-align-center","9":"tablet-align-left","10":"mobile-align-left","11":"ast-product-gallery-layout-horizontal-slider","12":"ast-product-gallery-with-no-image","13":"ast-magnify-disabled","14":"ast-product-tabs-layout-horizontal","16":"first","17":"instock","18":"taxable","19":"shipping-taxable","20":"purchasable","21":"product-type-simple"},"yoast_head":"<!-- This site is optimized with the Yoast SEO Premium plugin v26.9 (Yoast SEO v26.9) - https:\/\/yoast.com\/product\/yoast-seo-premium-wordpress\/ -->\n<title>Bubble Hash 50% THCA<\/title>\n<meta name=\"description\" content=\"Bubble Hash 50% THCA har en t\u00e4t, traditionellt pressad konsistens med medelmjukhet och ett sl\u00e4tt yttre. S\u00e4ljer snabbt slut.\" \/>\n<meta name=\"robots\" content=\"noindex, follow, max-snippet:-1, max-image-preview:large, max-video-preview:-1\" \/>\n<meta property=\"og:locale\" content=\"da_DK\" \/>\n<meta property=\"og:type\" content=\"article\" \/>\n<meta property=\"og:title\" content=\"Hash Gold Bar 33% THCA - Magic Farmers\" \/>\n<meta property=\"og:description\" content=\"Hash Gold Bar 33% THCA - Magic Farmers. H\u00f6gkvalitets hash fr\u00e5n schweiziska Magic Farmers. En len sm\u00f6rig smak med mjuka honungstoner.\" \/>\n<meta property=\"og:url\" content=\"https:\/\/www.swizzle.se\/produkt\/bubble-hash-50-thca\/\" \/>\n<meta property=\"og:site_name\" content=\"Swizzle\" \/>\n<meta property=\"article:modified_time\" content=\"2026-02-04T14:08:55+00:00\" \/>\n<meta property=\"og:image\" content=\"https:\/\/www.swizzle.se\/wp-content\/uploads\/2026\/01\/Bubble-Hash-50.png\" \/>\n\t<meta property=\"og:image:width\" content=\"1200\" \/>\n\t<meta property=\"og:image:height\" content=\"1200\" \/>\n\t<meta property=\"og:image:type\" content=\"image\/png\" \/>\n<meta name=\"twitter:card\" content=\"summary_large_image\" \/>\n<meta name=\"twitter:title\" content=\"Hash Gold Bar 33% THCA - Magic Farmers\" \/>\n<meta name=\"twitter:description\" content=\"Hash Gold Bar 33% THCA - Magic Farmers. H\u00f6gkvalitets hash fr\u00e5n schweiziska Magic Farmers. En len sm\u00f6rig smak med mjuka honungstoner.\" \/>\n<meta name=\"twitter:label1\" content=\"Pris\" \/>\n\t<meta name=\"twitter:data1\" content=\"149.00&nbsp;&#107;&#114;\" \/>\n\t<meta name=\"twitter:label2\" content=\"Tilg\u00e6ngelighed\" \/>\n\t<meta name=\"twitter:data2\" content=\"P\u00e5 lager\" \/>\n<script type=\"application\/ld+json\" class=\"yoast-schema-graph\">{\"@context\":\"https:\/\/schema.org\",\"@graph\":[{\"@type\":\"WebPage\",\"@id\":\"https:\/\/www.swizzle.se\/produkt\/bubble-hash-50-thca\/\",\"url\":\"https:\/\/www.swizzle.se\/produkt\/bubble-hash-50-thca\/\",\"name\":\"Bubble Hash 50% THCA\",\"isPartOf\":{\"@id\":\"https:\/\/staging.swizzle.se\/#website\"},\"primaryImageOfPage\":{\"@id\":\"https:\/\/www.swizzle.se\/produkt\/bubble-hash-50-thca\/#primaryimage\"},\"image\":{\"@id\":\"https:\/\/www.swizzle.se\/produkt\/bubble-hash-50-thca\/#primaryimage\"},\"thumbnailUrl\":\"https:\/\/staging.swizzle.se\/wp-content\/uploads\/2026\/01\/Bubble-Hash-50.png\",\"datePublished\":\"2026-01-28T11:02:43+00:00\",\"dateModified\":\"2026-02-04T14:08:55+00:00\",\"description\":\"Bubble Hash 50% THCA har en t\u00e4t, traditionellt pressad konsistens med medelmjukhet och ett sl\u00e4tt yttre. S\u00e4ljer snabbt slut.\",\"breadcrumb\":{\"@id\":\"https:\/\/www.swizzle.se\/produkt\/bubble-hash-50-thca\/#breadcrumb\"},\"inLanguage\":\"da-DK\",\"potentialAction\":[{\"@type\":\"ReadAction\",\"target\":[\"https:\/\/www.swizzle.se\/produkt\/bubble-hash-50-thca\/\"]}]},{\"@type\":\"ImageObject\",\"inLanguage\":\"da-DK\",\"@id\":\"https:\/\/www.swizzle.se\/produkt\/bubble-hash-50-thca\/#primaryimage\",\"url\":\"https:\/\/staging.swizzle.se\/wp-content\/uploads\/2026\/01\/Bubble-Hash-50.png\",\"contentUrl\":\"https:\/\/staging.swizzle.se\/wp-content\/uploads\/2026\/01\/Bubble-Hash-50.png\",\"width\":1200,\"height\":1200,\"caption\":\"Bubble HAsh 50% THCA 3\"},{\"@type\":\"BreadcrumbList\",\"@id\":\"https:\/\/www.swizzle.se\/produkt\/bubble-hash-50-thca\/#breadcrumb\",\"itemListElement\":[{\"@type\":\"ListItem\",\"position\":1,\"name\":\"Home\",\"item\":\"https:\/\/www.swizzle.se\/\"},{\"@type\":\"ListItem\",\"position\":2,\"name\":\"Shop\",\"item\":\"https:\/\/www.swizzle.se\/shop\/\"},{\"@type\":\"ListItem\",\"position\":3,\"name\":\"THCA\",\"item\":\"https:\/\/www.swizzle.se\/produkt-kategori\/thca\/\"},{\"@type\":\"ListItem\",\"position\":4,\"name\":\"THCA HASH\",\"item\":\"https:\/\/www.swizzle.se\/produkt-kategori\/thca\/thca-hash\/\"},{\"@type\":\"ListItem\",\"position\":5,\"name\":\"Bubble Hash 50% THCA\"}]},{\"@type\":\"WebSite\",\"@id\":\"https:\/\/staging.swizzle.se\/#website\",\"url\":\"https:\/\/staging.swizzle.se\/\",\"name\":\"Swizzle\",\"description\":\"Nikotin CBD Vapes Snus White Portion\",\"publisher\":{\"@id\":\"https:\/\/staging.swizzle.se\/#organization\"},\"potentialAction\":[{\"@type\":\"SearchAction\",\"target\":{\"@type\":\"EntryPoint\",\"urlTemplate\":\"https:\/\/staging.swizzle.se\/?s={search_term_string}\"},\"query-input\":{\"@type\":\"PropertyValueSpecification\",\"valueRequired\":true,\"valueName\":\"search_term_string\"}}],\"inLanguage\":\"da-DK\"},{\"@type\":\"Organization\",\"@id\":\"https:\/\/staging.swizzle.se\/#organization\",\"name\":\"Swizzle\",\"url\":\"https:\/\/staging.swizzle.se\/\",\"logo\":{\"@type\":\"ImageObject\",\"inLanguage\":\"da-DK\",\"@id\":\"https:\/\/staging.swizzle.se\/#\/schema\/logo\/image\/\",\"url\":\"https:\/\/staging.swizzle.se\/wp-content\/uploads\/2025\/10\/cropped-SWIZZLE.-4.png\",\"contentUrl\":\"https:\/\/staging.swizzle.se\/wp-content\/uploads\/2025\/10\/cropped-SWIZZLE.-4.png\",\"width\":800,\"height\":267,\"caption\":\"Swizzle\"},\"image\":{\"@id\":\"https:\/\/staging.swizzle.se\/#\/schema\/logo\/image\/\"},\"hasMerchantReturnPolicy\":{\"@type\":\"MerchantReturnPolicy\",\"merchantReturnLink\":\"https:\/\/staging.swizzle.se\/dk\/villkor\/\"}}]}<\/script>\n<meta property=\"product:price:amount\" content=\"149.00\" \/>\n<meta property=\"product:price:currency\" content=\"SEK\" \/>\n<meta property=\"og:availability\" content=\"instock\" \/>\n<meta property=\"product:availability\" content=\"instock\" \/>\n<meta property=\"product:retailer_item_id\" content=\"bubblehash50\" \/>\n<meta property=\"product:condition\" content=\"new\" \/>\n<!-- \/ Yoast SEO Premium plugin. -->","yoast_head_json":{"title":"Bubble Hash 50% THCA","description":"Bubble Hash 50% THCA har en t\u00e4t, traditionellt pressad konsistens med medelmjukhet och ett sl\u00e4tt yttre. S\u00e4ljer snabbt slut.","robots":{"index":"noindex","follow":"follow","max-snippet":"max-snippet:-1","max-image-preview":"max-image-preview:large","max-video-preview":"max-video-preview:-1"},"og_locale":"da_DK","og_type":"article","og_title":"Hash Gold Bar 33% THCA - Magic Farmers","og_description":"Hash Gold Bar 33% THCA - Magic Farmers. H\u00f6gkvalitets hash fr\u00e5n schweiziska Magic Farmers. En len sm\u00f6rig smak med mjuka honungstoner.","og_url":"https:\/\/www.swizzle.se\/produkt\/bubble-hash-50-thca\/","og_site_name":"Swizzle","article_modified_time":"2026-02-04T14:08:55+00:00","og_image":[{"width":1200,"height":1200,"url":"https:\/\/www.swizzle.se\/wp-content\/uploads\/2026\/01\/Bubble-Hash-50.png","type":"image\/png"}],"twitter_card":"summary_large_image","twitter_title":"Hash Gold Bar 33% THCA - Magic Farmers","twitter_description":"Hash Gold Bar 33% THCA - Magic Farmers. H\u00f6gkvalitets hash fr\u00e5n schweiziska Magic Farmers. En len sm\u00f6rig smak med mjuka honungstoner.","twitter_misc":{"Pris":"149.00&nbsp;&#107;&#114;","Tilg\u00e6ngelighed":"P\u00e5 lager"},"schema":{"@context":"https:\/\/schema.org","@graph":[{"@type":"WebPage","@id":"https:\/\/www.swizzle.se\/produkt\/bubble-hash-50-thca\/","url":"https:\/\/www.swizzle.se\/produkt\/bubble-hash-50-thca\/","name":"Bubble Hash 50% THCA","isPartOf":{"@id":"https:\/\/staging.swizzle.se\/#website"},"primaryImageOfPage":{"@id":"https:\/\/www.swizzle.se\/produkt\/bubble-hash-50-thca\/#primaryimage"},"image":{"@id":"https:\/\/www.swizzle.se\/produkt\/bubble-hash-50-thca\/#primaryimage"},"thumbnailUrl":"https:\/\/staging.swizzle.se\/wp-content\/uploads\/2026\/01\/Bubble-Hash-50.png","datePublished":"2026-01-28T11:02:43+00:00","dateModified":"2026-02-04T14:08:55+00:00","description":"Bubble Hash 50% THCA har en t\u00e4t, traditionellt pressad konsistens med medelmjukhet och ett sl\u00e4tt yttre. S\u00e4ljer snabbt slut.","breadcrumb":{"@id":"https:\/\/www.swizzle.se\/produkt\/bubble-hash-50-thca\/#breadcrumb"},"inLanguage":"da-DK","potentialAction":[{"@type":"ReadAction","target":["https:\/\/www.swizzle.se\/produkt\/bubble-hash-50-thca\/"]}]},{"@type":"ImageObject","inLanguage":"da-DK","@id":"https:\/\/www.swizzle.se\/produkt\/bubble-hash-50-thca\/#primaryimage","url":"https:\/\/staging.swizzle.se\/wp-content\/uploads\/2026\/01\/Bubble-Hash-50.png","contentUrl":"https:\/\/staging.swizzle.se\/wp-content\/uploads\/2026\/01\/Bubble-Hash-50.png","width":1200,"height":1200,"caption":"Bubble HAsh 50% THCA 3"},{"@type":"BreadcrumbList","@id":"https:\/\/www.swizzle.se\/produkt\/bubble-hash-50-thca\/#breadcrumb","itemListElement":[{"@type":"ListItem","position":1,"name":"Home","item":"https:\/\/www.swizzle.se\/"},{"@type":"ListItem","position":2,"name":"Shop","item":"https:\/\/www.swizzle.se\/shop\/"},{"@type":"ListItem","position":3,"name":"THCA","item":"https:\/\/www.swizzle.se\/produkt-kategori\/thca\/"},{"@type":"ListItem","position":4,"name":"THCA HASH","item":"https:\/\/www.swizzle.se\/produkt-kategori\/thca\/thca-hash\/"},{"@type":"ListItem","position":5,"name":"Bubble Hash 50% THCA"}]},{"@type":"WebSite","@id":"https:\/\/staging.swizzle.se\/#website","url":"https:\/\/staging.swizzle.se\/","name":"Swizzle","description":"Nikotin CBD Vapes Snus Hvid Portion","publisher":{"@id":"https:\/\/staging.swizzle.se\/#organization"},"potentialAction":[{"@type":"SearchAction","target":{"@type":"EntryPoint","urlTemplate":"https:\/\/staging.swizzle.se\/?s={search_term_string}"},"query-input":{"@type":"PropertyValueSpecification","valueRequired":true,"valueName":"search_term_string"}}],"inLanguage":"da-DK"},{"@type":"Organization","@id":"https:\/\/staging.swizzle.se\/#organization","name":"Swizzle","url":"https:\/\/staging.swizzle.se\/","logo":{"@type":"ImageObject","inLanguage":"da-DK","@id":"https:\/\/staging.swizzle.se\/#\/schema\/logo\/image\/","url":"https:\/\/staging.swizzle.se\/wp-content\/uploads\/2025\/10\/cropped-SWIZZLE.-4.png","contentUrl":"https:\/\/staging.swizzle.se\/wp-content\/uploads\/2025\/10\/cropped-SWIZZLE.-4.png","width":800,"height":267,"caption":"Swizzle"},"image":{"@id":"https:\/\/staging.swizzle.se\/#\/schema\/logo\/image\/"},"hasMerchantReturnPolicy":{"@type":"MerchantReturnPolicy","merchantReturnLink":"https:\/\/staging.swizzle.se\/dk\/villkor\/"}}]},"product_price_amount":"149.00","product_price_currency":"SEK","og_availability":"instock","product_availability":"instock","product_retailer_item_id":"bubblehash50","product_condition":"new"},"tiered_pricing_type":"fixed","tiered_pricing_fixed_rules":[],"tiered_pricing_product_settings":{"layout":"default","base_unit_name":{"singular":null,"plural":null},"default_variation":null},"tiered_pricing_minimum_quantity":null,"tiered_pricing_roles_data":[],"tiered_pricing_percentage_rules":[],"tiered_pricing_maximum_quantity":null,"tiered_pricing_quantity_step":null,"_links":{"self":[{"href":"https:\/\/staging.swizzle.se\/dk\/wp-json\/wp\/v2\/product\/296179","targetHints":{"allow":["GET"]}}],"collection":[{"href":"https:\/\/staging.swizzle.se\/dk\/wp-json\/wp\/v2\/product"}],"about":[{"href":"https:\/\/staging.swizzle.se\/dk\/wp-json\/wp\/v2\/types\/product"}],"replies":[{"embeddable":true,"href":"https:\/\/staging.swizzle.se\/dk\/wp-json\/wp\/v2\/comments?post=296179"}],"version-history":[{"count":0,"href":"https:\/\/staging.swizzle.se\/dk\/wp-json\/wp\/v2\/product\/296179\/revisions"}],"wp:featuredmedia":[{"embeddable":true,"href":"https:\/\/staging.swizzle.se\/dk\/wp-json\/wp\/v2\/media\/296189"}],"wp:attachment":[{"href":"https:\/\/staging.swizzle.se\/dk\/wp-json\/wp\/v2\/media?parent=296179"}],"wp:term":[{"taxonomy":"product_brand","embeddable":true,"href":"https:\/\/staging.swizzle.se\/dk\/wp-json\/wp\/v2\/product_brand?post=296179"},{"taxonomy":"product_cat","embeddable":true,"href":"https:\/\/staging.swizzle.se\/dk\/wp-json\/wp\/v2\/product_cat?post=296179"},{"taxonomy":"product_tag","embeddable":true,"href":"https:\/\/staging.swizzle.se\/dk\/wp-json\/wp\/v2\/product_tag?post=296179"},{"taxonomy":"superdeal","embeddable":true,"href":"https:\/\/staging.swizzle.se\/dk\/wp-json\/wp\/v2\/superdeal?post=296179"},{"taxonomy":"product_variant_id","embeddable":true,"href":"https:\/\/staging.swizzle.se\/dk\/wp-json\/wp\/v2\/product_variant_id?post=296179"}],"curies":[{"name":"wp","href":"https:\/\/api.w.org\/{rel}","templated":true}]}}