{"id":295105,"date":"2026-01-11T17:52:30","date_gmt":"2026-01-11T17:52:30","guid":{"rendered":"https:\/\/staging.swizzle.se\/?post_type=product&#038;p=295105"},"modified":"2026-02-04T16:08:58","modified_gmt":"2026-02-04T16:08:58","slug":"superdeal-3st-magic-sauce-vapes-99-magic-farmers","status":"publish","type":"product","link":"https:\/\/staging.swizzle.se\/dk\/product-2\/superdeal-3st-magic-sauce-vapes-99-magic-farmers\/","title":{"rendered":"SUPERDEAL! 3st Magic Sauce vapes 99% &#8211; Magic Farmers"},"content":{"rendered":"<div class=\"woocommerce-tabs wc-tabs-wrapper\">\n<div id=\"tab-description\" class=\"woocommerce-Tabs-panel woocommerce-Tabs-panel--description panel entry-content wc-tab\" role=\"tabpanel\" aria-labelledby=\"tab-title-description\">\n<h2>SUPERDEAL! 3st Magic Sauce vapes 99% &#8211; Magic Farmers<\/h2>\n<p>Uppt\u00e4ck Magic Sauce \u2013 eng\u00e5ngsvape som tar din samling till n\u00e4sta niv\u00e5 med intensiva och unika aromprofiler. Varje 2 ml vape \u00e4r fylld med h\u00f6gkvalitativa aromer som ger en distinkt och karakt\u00e4rsfull upplevelse.<\/p>\n<h2>Varf\u00f6r Magic Sauce?<\/h2>\n<p>Varje vape \u00e4r 2ml kompakt och l\u00e4tt att hantera, perfekt f\u00f6r samlare som vill ha n\u00e5got unikt i sin samling. Den tydliga identiteten och starka karakt\u00e4ren hos varje smak g\u00f6r dem till ett blickf\u00e5ng och ger en upplevelse som sticker ut fr\u00e5n m\u00e4ngden.<\/p>\n<h2>Utforska fler aromprodukter<\/h2>\n<p>Uppt\u00e4ck fler produkter som passar din samling och komplettera med andra premium cartridges och aromprodukter:<\/p>\n<ul>\n<li><a href=\"https:\/\/staging.swizzle.se\/dk\/product-category\/vapes\/\" target=\"_blank\" rel=\"noopener\">Alla vapes &amp; cartridges<\/a><\/li>\n<li><a href=\"https:\/\/staging.swizzle.se\/dk\/product-category\/vapes\/cartridges\/\" target=\"_blank\" rel=\"noopener\">Cartridges &amp; arompatroner<\/a><\/li>\n<li><a href=\"https:\/\/staging.swizzle.se\/dk\/product-category\/roktillbehor\/\" target=\"_blank\" rel=\"noopener\">Andra R\u00f6ktillbeh\u00f6r<\/a><\/li>\n<\/ul>\n<p><em>Bem\u00e6rk!<br \/>\nDu m\u00e5ste vara minst 18 \u00e5r f\u00f6r att k\u00f6pa denna produkt. Den \u00e4r inte avsedd som l\u00e4kemedel, kosttillskott eller naturprodukt. Vi uppmuntrar inte till konsumtion eller r\u00f6kning av produkten. F\u00f6rvara den utom r\u00e4ckh\u00e5ll f\u00f6r barn. Vi friskriver oss fr\u00e5n hur du som kund anv\u00e4nder v\u00e5ra produkter. Vi s\u00e4ljer dem f\u00f6r samlings- och prydnadssyften.<\/em><\/p>\n<p>Popul\u00e4ra smaker:<\/p>\n<p><a href=\"https:\/\/staging.swizzle.se\/dk\/product-2\/thca-vape-99-magic-farmers\/\">THCA Vape 99% Magic Farmers Cherry Sour<\/a><\/p>\n<p><a href=\"https:\/\/staging.swizzle.se\/dk\/product-2\/thca-vape-99-magic-farmers-kiwi-sorbet\/\">THCA Vape 99% Magic Farmers Kiwi Sorbet<\/a><\/p>\n<p>Se hela kategorin h\u00e4r:\u00a0<a href=\"http:\/\/staging.swizzle.se\/dk\/product-category\/thca-2\/thca-vapes\/\">H\u00c4R<\/a><\/p>\n<p>&nbsp;<\/p>\n<p>Bem\u00e6rk!<br \/>\nDu skal v\u00e6re mindst 18 \u00e5r gammel for at k\u00f8be dette produkt. Det er ikke beregnet som medicin, kosttilskud eller naturprodukt. Vi opfordrer ikke til at indtage eller ryge dette produkt. Opbevar det utilg\u00e6ngeligt for b\u00f8rn Vi fraskriver os ethvert ansvar for, hvordan du som kunde bruger vores produkter. Vi s\u00e6lger dem til indsamlings- og prydform\u00e5l.<\/p>\n<\/div>\n<\/div>","protected":false},"excerpt":{"rendered":"<h1>SUPERDEAL! 3st Magic Sauce vapes 99% &#8211; Magic Farmers<\/h1>\n<p>Passa p\u00e5 denna superdeal,<strong> 3 st<\/strong> Magic Sauce vapes fr\u00e5n Magic Farmers f\u00f6r endast <strong>1573kr <\/strong>( 30% rabatt).<\/p>\n<p><strong>SKRIV VILKA SMAKER DU VILL HA I KASSAN.\u00a0<\/strong>Vi skickar efter tillg\u00e5ng! Om n\u00e5gon smak du \u00f6nskar saknas s\u00e5 ers\u00e4tter vi den med en annan.<\/p>\n<p>Smaker:<\/p>\n<p>Gorilla Cookies<\/p>\n<p>Samurai Jack<br \/>\nYoda Ice Cream<br \/>\nCrazy Dog<br \/>\nHigh Pepito<\/p>\n<p>&nbsp;<\/p>\n<p>&nbsp;<\/p>\n<p>&nbsp;<\/p>\n<p><strong>Specifikationer:<br \/>\n<\/strong><\/p>\n<ul>\n<li><strong>Kapacitet:<\/strong> 2 ml \/vape<\/li>\n<li><strong>Puffs:<\/strong> Upp till 1000 \/vape<\/li>\n<li><strong>Inneh\u00e5ll:<\/strong>\u00a099% THCA, fr\u00e5n isolat<\/li>\n<li><strong>THC-fri<\/strong><\/li>\n<\/ul>","protected":false},"featured_media":296495,"comment_status":"open","ping_status":"closed","template":"","meta":{"site-sidebar-layout":"default","site-content-layout":"","ast-site-content-layout":"default","site-content-style":"default","site-sidebar-style":"default","ast-global-header-display":"","ast-banner-title-visibility":"","ast-main-header-display":"","ast-hfb-above-header-display":"","ast-hfb-below-header-display":"","ast-hfb-mobile-header-display":"","site-post-title":"","ast-breadcrumbs-content":"","ast-featured-img":"","footer-sml-layout":"","ast-disable-related-posts":"","theme-transparent-header-meta":"default","adv-header-id-meta":"","stick-header-meta":"default","header-above-stick-meta":"","header-main-stick-meta":"","header-below-stick-meta":"","astra-migrate-meta-layouts":"set","ast-page-background-enabled":"default","ast-page-background-meta":{"desktop":{"background-color":"var(--ast-global-color-4)","background-image":"","background-repeat":"repeat","background-position":"center center","background-size":"auto","background-attachment":"scroll","background-type":"","background-media":"","overlay-type":"","overlay-color":"","overlay-opacity":"","overlay-gradient":""},"tablet":{"background-color":"","background-image":"","background-repeat":"repeat","background-position":"center center","background-size":"auto","background-attachment":"scroll","background-type":"","background-media":"","overlay-type":"","overlay-color":"","overlay-opacity":"","overlay-gradient":""},"mobile":{"background-color":"","background-image":"","background-repeat":"repeat","background-position":"center center","background-size":"auto","background-attachment":"scroll","background-type":"","background-media":"","overlay-type":"","overlay-color":"","overlay-opacity":"","overlay-gradient":""}},"ast-content-background-meta":{"desktop":{"background-color":"var(--ast-global-color-5)","background-image":"","background-repeat":"repeat","background-position":"center center","background-size":"auto","background-attachment":"scroll","background-type":"","background-media":"","overlay-type":"","overlay-color":"","overlay-opacity":"","overlay-gradient":""},"tablet":{"background-color":"var(--ast-global-color-5)","background-image":"","background-repeat":"repeat","background-position":"center center","background-size":"auto","background-attachment":"scroll","background-type":"","background-media":"","overlay-type":"","overlay-color":"","overlay-opacity":"","overlay-gradient":""},"mobile":{"background-color":"var(--ast-global-color-5)","background-image":"","background-repeat":"repeat","background-position":"center center","background-size":"auto","background-attachment":"scroll","background-type":"","background-media":"","overlay-type":"","overlay-color":"","overlay-opacity":"","overlay-gradient":""}}},"product_brand":[756],"product_cat":[338,509,656,671],"product_tag":[],"superdeal":[],"product_variant_id":[],"class_list":{"0":"post-295105","1":"product","2":"type-product","3":"status-publish","4":"has-post-thumbnail","6":"product_brand-magic-farmers","7":"product_cat-deals","8":"product_cat-magic-sauce","9":"product_cat-magic-sauce-vapes","10":"product_cat-superdeals","11":"desktop-align-center","12":"tablet-align-left","13":"mobile-align-left","14":"ast-product-gallery-layout-horizontal-slider","15":"ast-product-gallery-with-no-image","16":"ast-magnify-disabled","17":"ast-product-tabs-layout-horizontal","19":"first","20":"instock","21":"sale","22":"taxable","23":"shipping-taxable","24":"purchasable","25":"product-type-simple"},"yoast_head":"<!-- This site is optimized with the Yoast SEO Premium plugin v26.9 (Yoast SEO v26.9) - https:\/\/yoast.com\/product\/yoast-seo-premium-wordpress\/ -->\n<title>SUPERDEAL! 3st Magic Sauce vapes 99% - Magic Farmers<\/title>\n<meta name=\"description\" content=\"SUPERDEAL! 3st THCA vapes 99% - Magic Farmers. Passa p\u00e5 denna superdeal, 3 st THCA vapes fr\u00e5n Magic Farmers, spara 782 kr.\" \/>\n<meta name=\"robots\" content=\"noindex, follow, max-snippet:-1, max-image-preview:large, max-video-preview:-1\" \/>\n<meta property=\"og:locale\" content=\"da_DK\" \/>\n<meta property=\"og:type\" content=\"article\" \/>\n<meta property=\"og:title\" content=\"SUPERDEAL! 3st Magic Sauce vapes 99% - Magic Farmers\" \/>\n<meta property=\"og:description\" content=\"SUPERDEAL! 3st THCA vapes 99% - Magic Farmers. Passa p\u00e5 denna superdeal, 3 st THCA vapes fr\u00e5n Magic Farmers, spara 782 kr.\" \/>\n<meta property=\"og:url\" content=\"https:\/\/www.swizzle.se\/produkt\/superdeal-3st-magic-sauce-vapes-99-magic-farmers\/\" \/>\n<meta property=\"og:site_name\" content=\"Swizzle\" \/>\n<meta property=\"article:modified_time\" content=\"2026-02-04T16:08:58+00:00\" \/>\n<meta property=\"og:image\" content=\"https:\/\/www.swizzle.se\/wp-content\/uploads\/2026\/01\/Magic-Sauce-Vapes-Superdeal-3st-1.jpg\" \/>\n\t<meta property=\"og:image:width\" content=\"600\" \/>\n\t<meta property=\"og:image:height\" content=\"600\" \/>\n\t<meta property=\"og:image:type\" content=\"image\/jpeg\" \/>\n<meta name=\"twitter:card\" content=\"summary_large_image\" \/>\n<meta name=\"twitter:label1\" content=\"Pris\" \/>\n\t<meta name=\"twitter:data1\" content=\"1 ,505.00&nbsp;&#107;&#114;\" \/>\n\t<meta name=\"twitter:label2\" content=\"Tilg\u00e6ngelighed\" \/>\n\t<meta name=\"twitter:data2\" content=\"P\u00e5 lager\" \/>\n<script type=\"application\/ld+json\" class=\"yoast-schema-graph\">{\"@context\":\"https:\/\/schema.org\",\"@graph\":[{\"@type\":\"WebPage\",\"@id\":\"https:\/\/www.swizzle.se\/produkt\/superdeal-3st-magic-sauce-vapes-99-magic-farmers\/\",\"url\":\"https:\/\/www.swizzle.se\/produkt\/superdeal-3st-magic-sauce-vapes-99-magic-farmers\/\",\"name\":\"SUPERDEAL! 3st Magic Sauce vapes 99% - Magic Farmers\",\"isPartOf\":{\"@id\":\"https:\/\/staging.swizzle.se\/#website\"},\"primaryImageOfPage\":{\"@id\":\"https:\/\/www.swizzle.se\/produkt\/superdeal-3st-magic-sauce-vapes-99-magic-farmers\/#primaryimage\"},\"image\":{\"@id\":\"https:\/\/www.swizzle.se\/produkt\/superdeal-3st-magic-sauce-vapes-99-magic-farmers\/#primaryimage\"},\"thumbnailUrl\":\"https:\/\/staging.swizzle.se\/wp-content\/uploads\/2026\/01\/Magic-Sauce-Vapes-Superdeal-3st-1.jpg\",\"datePublished\":\"2026-01-11T17:52:30+00:00\",\"dateModified\":\"2026-02-04T16:08:58+00:00\",\"description\":\"SUPERDEAL! 3st THCA vapes 99% - Magic Farmers. Passa p\u00e5 denna superdeal, 3 st THCA vapes fr\u00e5n Magic Farmers, spara 782 kr.\",\"breadcrumb\":{\"@id\":\"https:\/\/www.swizzle.se\/produkt\/superdeal-3st-magic-sauce-vapes-99-magic-farmers\/#breadcrumb\"},\"inLanguage\":\"da-DK\",\"potentialAction\":[{\"@type\":\"ReadAction\",\"target\":[\"https:\/\/www.swizzle.se\/produkt\/superdeal-3st-magic-sauce-vapes-99-magic-farmers\/\"]}]},{\"@type\":\"ImageObject\",\"inLanguage\":\"da-DK\",\"@id\":\"https:\/\/www.swizzle.se\/produkt\/superdeal-3st-magic-sauce-vapes-99-magic-farmers\/#primaryimage\",\"url\":\"https:\/\/staging.swizzle.se\/wp-content\/uploads\/2026\/01\/Magic-Sauce-Vapes-Superdeal-3st-1.jpg\",\"contentUrl\":\"https:\/\/staging.swizzle.se\/wp-content\/uploads\/2026\/01\/Magic-Sauce-Vapes-Superdeal-3st-1.jpg\",\"width\":600,\"height\":600,\"caption\":\"Magic Sauce Vapes Superdeal 3st\"},{\"@type\":\"BreadcrumbList\",\"@id\":\"https:\/\/www.swizzle.se\/produkt\/superdeal-3st-magic-sauce-vapes-99-magic-farmers\/#breadcrumb\",\"itemListElement\":[{\"@type\":\"ListItem\",\"position\":1,\"name\":\"Home\",\"item\":\"https:\/\/www.swizzle.se\/\"},{\"@type\":\"ListItem\",\"position\":2,\"name\":\"Shop\",\"item\":\"https:\/\/www.swizzle.se\/shop\/\"},{\"@type\":\"ListItem\",\"position\":3,\"name\":\"DEALS\",\"item\":\"https:\/\/www.swizzle.se\/produkt-kategori\/deals\/\"},{\"@type\":\"ListItem\",\"position\":4,\"name\":\"SUPERDEAL! 3st Magic Sauce vapes 99% &#8211; Magic Farmers\"}]},{\"@type\":\"WebSite\",\"@id\":\"https:\/\/staging.swizzle.se\/#website\",\"url\":\"https:\/\/staging.swizzle.se\/\",\"name\":\"Swizzle\",\"description\":\"Nikotin CBD Vapes Snus White Portion\",\"publisher\":{\"@id\":\"https:\/\/staging.swizzle.se\/#organization\"},\"potentialAction\":[{\"@type\":\"SearchAction\",\"target\":{\"@type\":\"EntryPoint\",\"urlTemplate\":\"https:\/\/staging.swizzle.se\/?s={search_term_string}\"},\"query-input\":{\"@type\":\"PropertyValueSpecification\",\"valueRequired\":true,\"valueName\":\"search_term_string\"}}],\"inLanguage\":\"da-DK\"},{\"@type\":\"Organization\",\"@id\":\"https:\/\/staging.swizzle.se\/#organization\",\"name\":\"Swizzle\",\"url\":\"https:\/\/staging.swizzle.se\/\",\"logo\":{\"@type\":\"ImageObject\",\"inLanguage\":\"da-DK\",\"@id\":\"https:\/\/staging.swizzle.se\/#\/schema\/logo\/image\/\",\"url\":\"https:\/\/staging.swizzle.se\/wp-content\/uploads\/2025\/10\/cropped-SWIZZLE.-4.png\",\"contentUrl\":\"https:\/\/staging.swizzle.se\/wp-content\/uploads\/2025\/10\/cropped-SWIZZLE.-4.png\",\"width\":800,\"height\":267,\"caption\":\"Swizzle\"},\"image\":{\"@id\":\"https:\/\/staging.swizzle.se\/#\/schema\/logo\/image\/\"},\"hasMerchantReturnPolicy\":{\"@type\":\"MerchantReturnPolicy\",\"merchantReturnLink\":\"https:\/\/staging.swizzle.se\/dk\/villkor\/\"}}]}<\/script>\n<meta property=\"product:price:amount\" content=\"1505.00\" \/>\n<meta property=\"product:price:currency\" content=\"SEK\" \/>\n<meta property=\"og:availability\" content=\"instock\" \/>\n<meta property=\"product:availability\" content=\"instock\" \/>\n<meta property=\"product:retailer_item_id\" content=\"dealvapesMS3\" \/>\n<meta property=\"product:condition\" content=\"new\" \/>\n<!-- \/ Yoast SEO Premium plugin. -->","yoast_head_json":{"title":"SUPERDEAL! 3st Magic Sauce vapes 99% - Magic Farmers","description":"SUPERDEAL! 3st THCA vapes 99% - Magic Farmers. Passa p\u00e5 denna superdeal, 3 st THCA vapes fr\u00e5n Magic Farmers, spara 782 kr.","robots":{"index":"noindex","follow":"follow","max-snippet":"max-snippet:-1","max-image-preview":"max-image-preview:large","max-video-preview":"max-video-preview:-1"},"og_locale":"da_DK","og_type":"article","og_title":"SUPERDEAL! 3st Magic Sauce vapes 99% - Magic Farmers","og_description":"SUPERDEAL! 3st THCA vapes 99% - Magic Farmers. Passa p\u00e5 denna superdeal, 3 st THCA vapes fr\u00e5n Magic Farmers, spara 782 kr.","og_url":"https:\/\/www.swizzle.se\/produkt\/superdeal-3st-magic-sauce-vapes-99-magic-farmers\/","og_site_name":"Swizzle","article_modified_time":"2026-02-04T16:08:58+00:00","og_image":[{"width":600,"height":600,"url":"https:\/\/www.swizzle.se\/wp-content\/uploads\/2026\/01\/Magic-Sauce-Vapes-Superdeal-3st-1.jpg","type":"image\/jpeg"}],"twitter_card":"summary_large_image","twitter_misc":{"Pris":"1 ,505.00&nbsp;&#107;&#114;","Tilg\u00e6ngelighed":"P\u00e5 lager"},"schema":{"@context":"https:\/\/schema.org","@graph":[{"@type":"WebPage","@id":"https:\/\/www.swizzle.se\/produkt\/superdeal-3st-magic-sauce-vapes-99-magic-farmers\/","url":"https:\/\/www.swizzle.se\/produkt\/superdeal-3st-magic-sauce-vapes-99-magic-farmers\/","name":"SUPERDEAL! 3st Magic Sauce vapes 99% - Magic Farmers","isPartOf":{"@id":"https:\/\/staging.swizzle.se\/#website"},"primaryImageOfPage":{"@id":"https:\/\/www.swizzle.se\/produkt\/superdeal-3st-magic-sauce-vapes-99-magic-farmers\/#primaryimage"},"image":{"@id":"https:\/\/www.swizzle.se\/produkt\/superdeal-3st-magic-sauce-vapes-99-magic-farmers\/#primaryimage"},"thumbnailUrl":"https:\/\/staging.swizzle.se\/wp-content\/uploads\/2026\/01\/Magic-Sauce-Vapes-Superdeal-3st-1.jpg","datePublished":"2026-01-11T17:52:30+00:00","dateModified":"2026-02-04T16:08:58+00:00","description":"SUPERDEAL! 3st THCA vapes 99% - Magic Farmers. Passa p\u00e5 denna superdeal, 3 st THCA vapes fr\u00e5n Magic Farmers, spara 782 kr.","breadcrumb":{"@id":"https:\/\/www.swizzle.se\/produkt\/superdeal-3st-magic-sauce-vapes-99-magic-farmers\/#breadcrumb"},"inLanguage":"da-DK","potentialAction":[{"@type":"ReadAction","target":["https:\/\/www.swizzle.se\/produkt\/superdeal-3st-magic-sauce-vapes-99-magic-farmers\/"]}]},{"@type":"ImageObject","inLanguage":"da-DK","@id":"https:\/\/www.swizzle.se\/produkt\/superdeal-3st-magic-sauce-vapes-99-magic-farmers\/#primaryimage","url":"https:\/\/staging.swizzle.se\/wp-content\/uploads\/2026\/01\/Magic-Sauce-Vapes-Superdeal-3st-1.jpg","contentUrl":"https:\/\/staging.swizzle.se\/wp-content\/uploads\/2026\/01\/Magic-Sauce-Vapes-Superdeal-3st-1.jpg","width":600,"height":600,"caption":"Magic Sauce Vapes Superdeal 3st"},{"@type":"BreadcrumbList","@id":"https:\/\/www.swizzle.se\/produkt\/superdeal-3st-magic-sauce-vapes-99-magic-farmers\/#breadcrumb","itemListElement":[{"@type":"ListItem","position":1,"name":"Home","item":"https:\/\/www.swizzle.se\/"},{"@type":"ListItem","position":2,"name":"Shop","item":"https:\/\/www.swizzle.se\/shop\/"},{"@type":"ListItem","position":3,"name":"DEALS","item":"https:\/\/www.swizzle.se\/produkt-kategori\/deals\/"},{"@type":"ListItem","position":4,"name":"SUPERDEAL! 3st Magic Sauce vapes 99% &#8211; Magic Farmers"}]},{"@type":"WebSite","@id":"https:\/\/staging.swizzle.se\/#website","url":"https:\/\/staging.swizzle.se\/","name":"Swizzle","description":"Nikotin CBD Vapes Snus Hvid Portion","publisher":{"@id":"https:\/\/staging.swizzle.se\/#organization"},"potentialAction":[{"@type":"SearchAction","target":{"@type":"EntryPoint","urlTemplate":"https:\/\/staging.swizzle.se\/?s={search_term_string}"},"query-input":{"@type":"PropertyValueSpecification","valueRequired":true,"valueName":"search_term_string"}}],"inLanguage":"da-DK"},{"@type":"Organization","@id":"https:\/\/staging.swizzle.se\/#organization","name":"Swizzle","url":"https:\/\/staging.swizzle.se\/","logo":{"@type":"ImageObject","inLanguage":"da-DK","@id":"https:\/\/staging.swizzle.se\/#\/schema\/logo\/image\/","url":"https:\/\/staging.swizzle.se\/wp-content\/uploads\/2025\/10\/cropped-SWIZZLE.-4.png","contentUrl":"https:\/\/staging.swizzle.se\/wp-content\/uploads\/2025\/10\/cropped-SWIZZLE.-4.png","width":800,"height":267,"caption":"Swizzle"},"image":{"@id":"https:\/\/staging.swizzle.se\/#\/schema\/logo\/image\/"},"hasMerchantReturnPolicy":{"@type":"MerchantReturnPolicy","merchantReturnLink":"https:\/\/staging.swizzle.se\/dk\/villkor\/"}}]},"product_price_amount":"1505.00","product_price_currency":"SEK","og_availability":"instock","product_availability":"instock","product_retailer_item_id":"dealvapesMS3","product_condition":"new"},"tiered_pricing_type":"fixed","tiered_pricing_fixed_rules":[],"tiered_pricing_product_settings":{"layout":"default","base_unit_name":{"singular":null,"plural":null},"default_variation":null},"tiered_pricing_minimum_quantity":null,"tiered_pricing_roles_data":[],"tiered_pricing_percentage_rules":[],"tiered_pricing_maximum_quantity":null,"tiered_pricing_quantity_step":null,"_links":{"self":[{"href":"https:\/\/staging.swizzle.se\/dk\/wp-json\/wp\/v2\/product\/295105","targetHints":{"allow":["GET"]}}],"collection":[{"href":"https:\/\/staging.swizzle.se\/dk\/wp-json\/wp\/v2\/product"}],"about":[{"href":"https:\/\/staging.swizzle.se\/dk\/wp-json\/wp\/v2\/types\/product"}],"replies":[{"embeddable":true,"href":"https:\/\/staging.swizzle.se\/dk\/wp-json\/wp\/v2\/comments?post=295105"}],"version-history":[{"count":0,"href":"https:\/\/staging.swizzle.se\/dk\/wp-json\/wp\/v2\/product\/295105\/revisions"}],"wp:featuredmedia":[{"embeddable":true,"href":"https:\/\/staging.swizzle.se\/dk\/wp-json\/wp\/v2\/media\/296495"}],"wp:attachment":[{"href":"https:\/\/staging.swizzle.se\/dk\/wp-json\/wp\/v2\/media?parent=295105"}],"wp:term":[{"taxonomy":"product_brand","embeddable":true,"href":"https:\/\/staging.swizzle.se\/dk\/wp-json\/wp\/v2\/product_brand?post=295105"},{"taxonomy":"product_cat","embeddable":true,"href":"https:\/\/staging.swizzle.se\/dk\/wp-json\/wp\/v2\/product_cat?post=295105"},{"taxonomy":"product_tag","embeddable":true,"href":"https:\/\/staging.swizzle.se\/dk\/wp-json\/wp\/v2\/product_tag?post=295105"},{"taxonomy":"superdeal","embeddable":true,"href":"https:\/\/staging.swizzle.se\/dk\/wp-json\/wp\/v2\/superdeal?post=295105"},{"taxonomy":"product_variant_id","embeddable":true,"href":"https:\/\/staging.swizzle.se\/dk\/wp-json\/wp\/v2\/product_variant_id?post=295105"}],"curies":[{"name":"wp","href":"https:\/\/api.w.org\/{rel}","templated":true}]}}