{"id":294255,"date":"2025-12-22T09:24:26","date_gmt":"2025-12-22T09:24:26","guid":{"rendered":"https:\/\/staging.swizzle.se\/?post_type=product&#038;p=294255"},"modified":"2026-02-04T13:42:07","modified_gmt":"2026-02-04T13:42:07","slug":"magic-sauce-buds-50-gorilla-cookies-2","status":"publish","type":"product","link":"https:\/\/staging.swizzle.se\/dk\/product-2\/magic-sauce-buds-50-gorilla-cookies-2\/","title":{"rendered":"SUPERDEAL! 10g Gorilla Cookies Magic Sauce"},"content":{"rendered":"<header>\n<h1>Magic Sauce Buds 50% &#8211; Gorilla Cookies<\/h1>\n<p><strong>PASSA P\u00c5 DENNA SUPERDEAL, 10g GORILLA COOKIES F\u00d6R ENDAST 799kr (79.9kr\/g)<\/strong><\/p>\n<p>L\u00e5t tankarna ta nya v\u00e4gar med Magic Sauce Buds 50% &#8211; Gorilla Cookies fr\u00e5n Magic Farmers\u2013 en blommande topp som bjuder p\u00e5 intensiv mental klarhet tack vare sin kraftfulla\u00a0<strong>Magic Sauce-formel med hela 50 %<\/strong>\u00a0aktiva plantkomplex.<\/p>\n<\/header>\n<section>\n<ul>\n<li><strong>50 % Magic Sauce<\/strong>\u00a0\u2013 kraftfull formula<\/li>\n<li><strong>THC &lt;0,2 %<\/strong><\/li>\n<li><strong>Premium blomstruktur<\/strong>\u00a0\u2013 t\u00e4t, aromatisk och handplockad<\/li>\n<\/ul>\n<\/section>\n<section>Passar utm\u00e4rkt vid arbete, studier eller skapande aktiviteter. Endast avsett f\u00f6r samlar-, forsknings- eller aromatiskt bruk.Se \u00e4ven:\u00a0<a href=\"https:\/\/staging.swizzle.se\/dk\/product-2\/magic-sauce-buds-50-samourai-jack\/\">Magic Sauce Buds 50% Samourai Jack Magic Farmers<\/a><\/section>\n<section><strong>Bem\u00e6rk!<\/strong><br \/>\nDu skal v\u00e6re mindst 18 \u00e5r gammel for at k\u00f8be dette produkt. Det er ikke beregnet som medicin, kosttilskud eller naturprodukt. Vi opfordrer ikke til at indtage eller ryge dette produkt. Opbevar det utilg\u00e6ngeligt for b\u00f8rn Vi fraskriver os ethvert ansvar for, hvordan du som kunde bruger vores produkter. Vi s\u00e6lger dem til indsamlings- og prydform\u00e5l.<\/section>","protected":false},"excerpt":{"rendered":"<header><strong>Magic Sauce Buds 50% &#8211; Gorilla Cookies- Magic Farmers<\/strong><\/header>\n<header><strong>PASSA P\u00c5 DENNA SUPERDEAL, 10g GORILLA COOKIES F\u00d6R ENDAST 799kr (79.9kr\/g)<\/strong><\/header>\n<header><\/header>\n<header><\/header>\n<header><\/header>\n<header>L\u00e5t tankarna ta nya v\u00e4gar med Magic Sauce Buds 50% &#8211; Gorilla Cookies &#8211; Magic Farmers \u2013 en blommande topp som bjuder p\u00e5 intensiv mental klarhet tack vare sin kraftfulla\u00a0<strong>Magic Sauce-formel med hela 50 %<\/strong>\u00a0aktiva plantkomplex.<\/header>\n<section>\n<ul>\n<li><strong>50 % Magic Sauce<\/strong>\u00a0\u2013 kraftfull formula<\/li>\n<li><strong>THC &lt;0,2 %<\/strong><\/li>\n<li><strong>Premium blomstruktur<\/strong>\u00a0\u2013 t\u00e4t, aromatisk och handplockad<\/li>\n<\/ul>\n<\/section>","protected":false},"featured_media":294257,"comment_status":"closed","ping_status":"closed","template":"","meta":{"site-sidebar-layout":"default","site-content-layout":"","ast-site-content-layout":"default","site-content-style":"default","site-sidebar-style":"default","ast-global-header-display":"","ast-banner-title-visibility":"","ast-main-header-display":"","ast-hfb-above-header-display":"","ast-hfb-below-header-display":"","ast-hfb-mobile-header-display":"","site-post-title":"","ast-breadcrumbs-content":"","ast-featured-img":"","footer-sml-layout":"","ast-disable-related-posts":"","theme-transparent-header-meta":"default","adv-header-id-meta":"","stick-header-meta":"default","header-above-stick-meta":"","header-main-stick-meta":"","header-below-stick-meta":"","astra-migrate-meta-layouts":"set","ast-page-background-enabled":"default","ast-page-background-meta":{"desktop":{"background-color":"var(--ast-global-color-4)","background-image":"","background-repeat":"repeat","background-position":"center center","background-size":"auto","background-attachment":"scroll","background-type":"","background-media":"","overlay-type":"","overlay-color":"","overlay-opacity":"","overlay-gradient":""},"tablet":{"background-color":"","background-image":"","background-repeat":"repeat","background-position":"center center","background-size":"auto","background-attachment":"scroll","background-type":"","background-media":"","overlay-type":"","overlay-color":"","overlay-opacity":"","overlay-gradient":""},"mobile":{"background-color":"","background-image":"","background-repeat":"repeat","background-position":"center center","background-size":"auto","background-attachment":"scroll","background-type":"","background-media":"","overlay-type":"","overlay-color":"","overlay-opacity":"","overlay-gradient":""}},"ast-content-background-meta":{"desktop":{"background-color":"var(--ast-global-color-5)","background-image":"","background-repeat":"repeat","background-position":"center center","background-size":"auto","background-attachment":"scroll","background-type":"","background-media":"","overlay-type":"","overlay-color":"","overlay-opacity":"","overlay-gradient":""},"tablet":{"background-color":"var(--ast-global-color-5)","background-image":"","background-repeat":"repeat","background-position":"center center","background-size":"auto","background-attachment":"scroll","background-type":"","background-media":"","overlay-type":"","overlay-color":"","overlay-opacity":"","overlay-gradient":""},"mobile":{"background-color":"var(--ast-global-color-5)","background-image":"","background-repeat":"repeat","background-position":"center center","background-size":"auto","background-attachment":"scroll","background-type":"","background-media":"","overlay-type":"","overlay-color":"","overlay-opacity":"","overlay-gradient":""}}},"product_brand":[756],"product_cat":[334,338,509,654,671],"product_tag":[],"superdeal":[710],"product_variant_id":[],"class_list":{"0":"post-294255","1":"product","2":"type-product","3":"status-publish","4":"has-post-thumbnail","6":"product_brand-magic-farmers","7":"product_cat-cannabinoider","8":"product_cat-deals","9":"product_cat-magic-sauce","10":"product_cat-magic-sauce-buds","11":"product_cat-superdeals","12":"superdeal-buds","13":"desktop-align-center","14":"tablet-align-left","15":"mobile-align-left","16":"ast-product-gallery-layout-horizontal-slider","17":"ast-product-gallery-with-no-image","18":"ast-magnify-disabled","19":"ast-product-tabs-layout-horizontal","21":"first","22":"instock","23":"sale","24":"taxable","25":"shipping-taxable","26":"purchasable","27":"product-type-simple"},"yoast_head":"<!-- This site is optimized with the Yoast SEO Premium plugin v26.9 (Yoast SEO v26.9) - https:\/\/yoast.com\/product\/yoast-seo-premium-wordpress\/ -->\n<title>Magic Sauce Buds 50% - Gorilla Cookies<\/title>\n<meta name=\"description\" content=\"Magic Sauce Buds 50% - Gorilla Cookies. PASSA P\u00c5 DENNA SUPERDEAL, 10g GORILLA COOKIES F\u00d6R ENDAST 799kr (79.9kr\/g) Swizzle.se\" \/>\n<meta name=\"robots\" content=\"noindex, follow, max-snippet:-1, max-image-preview:large, max-video-preview:-1\" \/>\n<meta property=\"og:locale\" content=\"da_DK\" \/>\n<meta property=\"og:type\" content=\"article\" \/>\n<meta property=\"og:title\" content=\"SUPERDEAL! 10g Gorilla Cookies Magic Sauce\" \/>\n<meta property=\"og:description\" content=\"Magic Sauce Buds 50% - Gorilla Cookies. PASSA P\u00c5 DENNA SUPERDEAL, 10g GORILLA COOKIES F\u00d6R ENDAST 799kr (79.9kr\/g) Swizzle.se\" \/>\n<meta property=\"og:url\" content=\"https:\/\/www.swizzle.se\/produkt\/magic-sauce-buds-50-gorilla-cookies-2\/\" \/>\n<meta property=\"og:site_name\" content=\"Swizzle\" \/>\n<meta property=\"article:modified_time\" content=\"2026-02-04T13:42:07+00:00\" \/>\n<meta property=\"og:image\" content=\"https:\/\/www.swizzle.se\/wp-content\/uploads\/2025\/12\/gorilla-cookies.jpg\" \/>\n\t<meta property=\"og:image:width\" content=\"600\" \/>\n\t<meta property=\"og:image:height\" content=\"600\" \/>\n\t<meta property=\"og:image:type\" content=\"image\/jpeg\" \/>\n<meta name=\"twitter:card\" content=\"summary_large_image\" \/>\n<meta name=\"twitter:label1\" content=\"Pris\" \/>\n\t<meta name=\"twitter:data1\" content=\"799.00&nbsp;&#107;&#114;\" \/>\n\t<meta name=\"twitter:label2\" content=\"Tilg\u00e6ngelighed\" \/>\n\t<meta name=\"twitter:data2\" content=\"P\u00e5 lager\" \/>\n<script type=\"application\/ld+json\" class=\"yoast-schema-graph\">{\"@context\":\"https:\/\/schema.org\",\"@graph\":[{\"@type\":\"WebPage\",\"@id\":\"https:\/\/www.swizzle.se\/produkt\/magic-sauce-buds-50-gorilla-cookies-2\/\",\"url\":\"https:\/\/www.swizzle.se\/produkt\/magic-sauce-buds-50-gorilla-cookies-2\/\",\"name\":\"Magic Sauce Buds 50% - Gorilla Cookies\",\"isPartOf\":{\"@id\":\"https:\/\/staging.swizzle.se\/#website\"},\"primaryImageOfPage\":{\"@id\":\"https:\/\/www.swizzle.se\/produkt\/magic-sauce-buds-50-gorilla-cookies-2\/#primaryimage\"},\"image\":{\"@id\":\"https:\/\/www.swizzle.se\/produkt\/magic-sauce-buds-50-gorilla-cookies-2\/#primaryimage\"},\"thumbnailUrl\":\"https:\/\/staging.swizzle.se\/wp-content\/uploads\/2025\/12\/gorilla-cookies.jpg\",\"datePublished\":\"2025-12-22T09:24:26+00:00\",\"dateModified\":\"2026-02-04T13:42:07+00:00\",\"description\":\"Magic Sauce Buds 50% - Gorilla Cookies. PASSA P\u00c5 DENNA SUPERDEAL, 10g GORILLA COOKIES F\u00d6R ENDAST 799kr (79.9kr\/g) Swizzle.se\",\"breadcrumb\":{\"@id\":\"https:\/\/www.swizzle.se\/produkt\/magic-sauce-buds-50-gorilla-cookies-2\/#breadcrumb\"},\"inLanguage\":\"da-DK\",\"potentialAction\":[{\"@type\":\"ReadAction\",\"target\":[\"https:\/\/www.swizzle.se\/produkt\/magic-sauce-buds-50-gorilla-cookies-2\/\"]}]},{\"@type\":\"ImageObject\",\"inLanguage\":\"da-DK\",\"@id\":\"https:\/\/www.swizzle.se\/produkt\/magic-sauce-buds-50-gorilla-cookies-2\/#primaryimage\",\"url\":\"https:\/\/staging.swizzle.se\/wp-content\/uploads\/2025\/12\/gorilla-cookies.jpg\",\"contentUrl\":\"https:\/\/staging.swizzle.se\/wp-content\/uploads\/2025\/12\/gorilla-cookies.jpg\",\"width\":600,\"height\":600,\"caption\":\"gorilla cookies\"},{\"@type\":\"BreadcrumbList\",\"@id\":\"https:\/\/www.swizzle.se\/produkt\/magic-sauce-buds-50-gorilla-cookies-2\/#breadcrumb\",\"itemListElement\":[{\"@type\":\"ListItem\",\"position\":1,\"name\":\"Home\",\"item\":\"https:\/\/www.swizzle.se\/\"},{\"@type\":\"ListItem\",\"position\":2,\"name\":\"Shop\",\"item\":\"https:\/\/www.swizzle.se\/shop\/\"},{\"@type\":\"ListItem\",\"position\":3,\"name\":\"CANNABINOIDER\",\"item\":\"https:\/\/www.swizzle.se\/produkt-kategori\/cannabinoider\/\"},{\"@type\":\"ListItem\",\"position\":4,\"name\":\"SUPERDEAL! 10g Gorilla Cookies Magic Sauce\"}]},{\"@type\":\"WebSite\",\"@id\":\"https:\/\/staging.swizzle.se\/#website\",\"url\":\"https:\/\/staging.swizzle.se\/\",\"name\":\"Swizzle\",\"description\":\"Nikotin CBD Vapes Snus White Portion\",\"publisher\":{\"@id\":\"https:\/\/staging.swizzle.se\/#organization\"},\"potentialAction\":[{\"@type\":\"SearchAction\",\"target\":{\"@type\":\"EntryPoint\",\"urlTemplate\":\"https:\/\/staging.swizzle.se\/?s={search_term_string}\"},\"query-input\":{\"@type\":\"PropertyValueSpecification\",\"valueRequired\":true,\"valueName\":\"search_term_string\"}}],\"inLanguage\":\"da-DK\"},{\"@type\":\"Organization\",\"@id\":\"https:\/\/staging.swizzle.se\/#organization\",\"name\":\"Swizzle\",\"url\":\"https:\/\/staging.swizzle.se\/\",\"logo\":{\"@type\":\"ImageObject\",\"inLanguage\":\"da-DK\",\"@id\":\"https:\/\/staging.swizzle.se\/#\/schema\/logo\/image\/\",\"url\":\"https:\/\/staging.swizzle.se\/wp-content\/uploads\/2025\/10\/cropped-SWIZZLE.-4.png\",\"contentUrl\":\"https:\/\/staging.swizzle.se\/wp-content\/uploads\/2025\/10\/cropped-SWIZZLE.-4.png\",\"width\":800,\"height\":267,\"caption\":\"Swizzle\"},\"image\":{\"@id\":\"https:\/\/staging.swizzle.se\/#\/schema\/logo\/image\/\"},\"hasMerchantReturnPolicy\":{\"@type\":\"MerchantReturnPolicy\",\"merchantReturnLink\":\"https:\/\/staging.swizzle.se\/dk\/villkor\/\"}}]}<\/script>\n<meta property=\"product:price:amount\" content=\"799.00\" \/>\n<meta property=\"product:price:currency\" content=\"SEK\" \/>\n<meta property=\"og:availability\" content=\"instock\" \/>\n<meta property=\"product:availability\" content=\"instock\" \/>\n<meta property=\"product:retailer_item_id\" content=\"superdealGC\" \/>\n<meta property=\"product:condition\" content=\"new\" \/>\n<!-- \/ Yoast SEO Premium plugin. -->","yoast_head_json":{"title":"Magic Sauce Buds 50% - Gorilla Cookies","description":"Magic Sauce Buds 50% - Gorilla Cookies. PASSA P\u00c5 DENNA SUPERDEAL, 10g GORILLA COOKIES F\u00d6R ENDAST 799kr (79.9kr\/g) Swizzle.se","robots":{"index":"noindex","follow":"follow","max-snippet":"max-snippet:-1","max-image-preview":"max-image-preview:large","max-video-preview":"max-video-preview:-1"},"og_locale":"da_DK","og_type":"article","og_title":"SUPERDEAL! 10g Gorilla Cookies Magic Sauce","og_description":"Magic Sauce Buds 50% - Gorilla Cookies. PASSA P\u00c5 DENNA SUPERDEAL, 10g GORILLA COOKIES F\u00d6R ENDAST 799kr (79.9kr\/g) Swizzle.se","og_url":"https:\/\/www.swizzle.se\/produkt\/magic-sauce-buds-50-gorilla-cookies-2\/","og_site_name":"Swizzle","article_modified_time":"2026-02-04T13:42:07+00:00","og_image":[{"width":600,"height":600,"url":"https:\/\/www.swizzle.se\/wp-content\/uploads\/2025\/12\/gorilla-cookies.jpg","type":"image\/jpeg"}],"twitter_card":"summary_large_image","twitter_misc":{"Pris":"799.00&nbsp;&#107;&#114;","Tilg\u00e6ngelighed":"P\u00e5 lager"},"schema":{"@context":"https:\/\/schema.org","@graph":[{"@type":"WebPage","@id":"https:\/\/www.swizzle.se\/produkt\/magic-sauce-buds-50-gorilla-cookies-2\/","url":"https:\/\/www.swizzle.se\/produkt\/magic-sauce-buds-50-gorilla-cookies-2\/","name":"Magic Sauce Buds 50% - Gorilla Cookies","isPartOf":{"@id":"https:\/\/staging.swizzle.se\/#website"},"primaryImageOfPage":{"@id":"https:\/\/www.swizzle.se\/produkt\/magic-sauce-buds-50-gorilla-cookies-2\/#primaryimage"},"image":{"@id":"https:\/\/www.swizzle.se\/produkt\/magic-sauce-buds-50-gorilla-cookies-2\/#primaryimage"},"thumbnailUrl":"https:\/\/staging.swizzle.se\/wp-content\/uploads\/2025\/12\/gorilla-cookies.jpg","datePublished":"2025-12-22T09:24:26+00:00","dateModified":"2026-02-04T13:42:07+00:00","description":"Magic Sauce Buds 50% - Gorilla Cookies. PASSA P\u00c5 DENNA SUPERDEAL, 10g GORILLA COOKIES F\u00d6R ENDAST 799kr (79.9kr\/g) Swizzle.se","breadcrumb":{"@id":"https:\/\/www.swizzle.se\/produkt\/magic-sauce-buds-50-gorilla-cookies-2\/#breadcrumb"},"inLanguage":"da-DK","potentialAction":[{"@type":"ReadAction","target":["https:\/\/www.swizzle.se\/produkt\/magic-sauce-buds-50-gorilla-cookies-2\/"]}]},{"@type":"ImageObject","inLanguage":"da-DK","@id":"https:\/\/www.swizzle.se\/produkt\/magic-sauce-buds-50-gorilla-cookies-2\/#primaryimage","url":"https:\/\/staging.swizzle.se\/wp-content\/uploads\/2025\/12\/gorilla-cookies.jpg","contentUrl":"https:\/\/staging.swizzle.se\/wp-content\/uploads\/2025\/12\/gorilla-cookies.jpg","width":600,"height":600,"caption":"gorilla cookies"},{"@type":"BreadcrumbList","@id":"https:\/\/www.swizzle.se\/produkt\/magic-sauce-buds-50-gorilla-cookies-2\/#breadcrumb","itemListElement":[{"@type":"ListItem","position":1,"name":"Home","item":"https:\/\/www.swizzle.se\/"},{"@type":"ListItem","position":2,"name":"Shop","item":"https:\/\/www.swizzle.se\/shop\/"},{"@type":"ListItem","position":3,"name":"CANNABINOIDER","item":"https:\/\/www.swizzle.se\/produkt-kategori\/cannabinoider\/"},{"@type":"ListItem","position":4,"name":"SUPERDEAL! 10g Gorilla Cookies Magic Sauce"}]},{"@type":"WebSite","@id":"https:\/\/staging.swizzle.se\/#website","url":"https:\/\/staging.swizzle.se\/","name":"Swizzle","description":"Nikotin CBD Vapes Snus Hvid Portion","publisher":{"@id":"https:\/\/staging.swizzle.se\/#organization"},"potentialAction":[{"@type":"SearchAction","target":{"@type":"EntryPoint","urlTemplate":"https:\/\/staging.swizzle.se\/?s={search_term_string}"},"query-input":{"@type":"PropertyValueSpecification","valueRequired":true,"valueName":"search_term_string"}}],"inLanguage":"da-DK"},{"@type":"Organization","@id":"https:\/\/staging.swizzle.se\/#organization","name":"Swizzle","url":"https:\/\/staging.swizzle.se\/","logo":{"@type":"ImageObject","inLanguage":"da-DK","@id":"https:\/\/staging.swizzle.se\/#\/schema\/logo\/image\/","url":"https:\/\/staging.swizzle.se\/wp-content\/uploads\/2025\/10\/cropped-SWIZZLE.-4.png","contentUrl":"https:\/\/staging.swizzle.se\/wp-content\/uploads\/2025\/10\/cropped-SWIZZLE.-4.png","width":800,"height":267,"caption":"Swizzle"},"image":{"@id":"https:\/\/staging.swizzle.se\/#\/schema\/logo\/image\/"},"hasMerchantReturnPolicy":{"@type":"MerchantReturnPolicy","merchantReturnLink":"https:\/\/staging.swizzle.se\/dk\/villkor\/"}}]},"product_price_amount":"799.00","product_price_currency":"SEK","og_availability":"instock","product_availability":"instock","product_retailer_item_id":"superdealGC","product_condition":"new"},"tiered_pricing_type":"fixed","tiered_pricing_fixed_rules":[],"tiered_pricing_product_settings":{"layout":"default","base_unit_name":{"singular":null,"plural":null},"default_variation":null},"tiered_pricing_minimum_quantity":null,"tiered_pricing_roles_data":[],"tiered_pricing_percentage_rules":[],"tiered_pricing_maximum_quantity":null,"tiered_pricing_quantity_step":null,"_links":{"self":[{"href":"https:\/\/staging.swizzle.se\/dk\/wp-json\/wp\/v2\/product\/294255","targetHints":{"allow":["GET"]}}],"collection":[{"href":"https:\/\/staging.swizzle.se\/dk\/wp-json\/wp\/v2\/product"}],"about":[{"href":"https:\/\/staging.swizzle.se\/dk\/wp-json\/wp\/v2\/types\/product"}],"replies":[{"embeddable":true,"href":"https:\/\/staging.swizzle.se\/dk\/wp-json\/wp\/v2\/comments?post=294255"}],"version-history":[{"count":0,"href":"https:\/\/staging.swizzle.se\/dk\/wp-json\/wp\/v2\/product\/294255\/revisions"}],"wp:featuredmedia":[{"embeddable":true,"href":"https:\/\/staging.swizzle.se\/dk\/wp-json\/wp\/v2\/media\/294257"}],"wp:attachment":[{"href":"https:\/\/staging.swizzle.se\/dk\/wp-json\/wp\/v2\/media?parent=294255"}],"wp:term":[{"taxonomy":"product_brand","embeddable":true,"href":"https:\/\/staging.swizzle.se\/dk\/wp-json\/wp\/v2\/product_brand?post=294255"},{"taxonomy":"product_cat","embeddable":true,"href":"https:\/\/staging.swizzle.se\/dk\/wp-json\/wp\/v2\/product_cat?post=294255"},{"taxonomy":"product_tag","embeddable":true,"href":"https:\/\/staging.swizzle.se\/dk\/wp-json\/wp\/v2\/product_tag?post=294255"},{"taxonomy":"superdeal","embeddable":true,"href":"https:\/\/staging.swizzle.se\/dk\/wp-json\/wp\/v2\/superdeal?post=294255"},{"taxonomy":"product_variant_id","embeddable":true,"href":"https:\/\/staging.swizzle.se\/dk\/wp-json\/wp\/v2\/product_variant_id?post=294255"}],"curies":[{"name":"wp","href":"https:\/\/api.w.org\/{rel}","templated":true}]}}