{"id":280868,"date":"2025-12-08T14:13:42","date_gmt":"2025-12-08T14:13:42","guid":{"rendered":"https:\/\/staging.swizzle.se\/?post_type=product&#038;p=280868"},"modified":"2026-02-05T13:32:26","modified_gmt":"2026-02-05T13:32:26","slug":"thca-buds-bangkok-sativa-22-2","status":"publish","type":"product","link":"https:\/\/staging.swizzle.se\/dk\/product-2\/thca-buds-bangkok-sativa-22-2\/","title":{"rendered":"SUPERDEAL! 10 g THCA-knopper Bangkok Sativa"},"content":{"rendered":"<h1>THCA Buds &#8211; Bangkok Sativa 22% \u2013 Premium Indoor Sativa fr\u00e5n Wild Mountain B.V.<\/h1>\n<p><strong>PASSA P\u00c5 DETTA GRYMMA ERBJUDANDE. 10g THCA buds Bangkok Sativa F\u00d6R 699 kr (69.9kr\/g)<\/strong><\/p>\n<p>Uppt\u00e4ck\u00a0<strong>THCA Buds 22%<\/strong>\u00a0fr\u00e5n Wild Mountain B.V. \u2013 en exklusiv indoor-odlad\u00a0<strong>Sativa<\/strong>\u00a0som erbjuder h\u00f6g renhet, toppkvalitet och en aromprofil som uppskattas av samlare och entusiaster. Med hela\u00a0<strong>22% THCA<\/strong>\u00a0\u00e4r denna premiumhampa ett av de mest efterfr\u00e5gade alternativen inom dekorativa och samlingsbara cannabisblommor.<\/p>\n<h2>H\u00f6gkvalitativ THCA-hampa<\/h2>\n<p>THCA (Tetrahydrocannabinolsyra) \u00e4r en naturligt f\u00f6rekommande\u00a0<strong>icke-psykoaktiv cannabinoid<\/strong>\u00a0som fr\u00e4mst \u00e5terfinns i f\u00e4rska, nysk\u00f6rdade plantor. Denna produkt best\u00e5r av noggrant handtrimmade, EU-godk\u00e4nda hampablommor som bibeh\u00e5llits i optimalt skick f\u00f6r maximal kvalitet och autenticitet.<\/p>\n<h2>F\u00f6rvaring &amp; kvalitet<\/h2>\n<p>F\u00f6r att bevara blomman i sitt b\u00e4sta m\u00f6jliga skick rekommenderas att du f\u00f6rvarar den i kylsk\u00e5p under\u00a0<strong>15\u00b0C<\/strong>. Vid h\u00f6gre temperaturer kan en naturlig process som kallas dekarboxylering p\u00e5b\u00f6rjas, vilket f\u00f6r\u00e4ndrar det kemiska inneh\u00e5llet. Kall f\u00f6rvaring s\u00e4kerst\u00e4ller att THCA-halten f\u00f6rblir stabil.<\/p>\n<h2>Arom &amp; struktur<\/h2>\n<p>Dessa Indoor Sativa-buds k\u00e4nnetecknas av en fyllig, naturlig aromprofil med t\u00e4t struktur \u2013 perfekt f\u00f6r dig som uppskattar h\u00f6gklassiga blommor f\u00f6r visuell bed\u00f6mning och samlingssyften.<\/p>\n<h2>Uppt\u00e4ck fler liknande produkter hos Swizzle<\/h2>\n<ul>\n<li><a href=\"https:\/\/staging.swizzle.se\/dk\/product-category\/cbd-blommor\/\" target=\"_blank\" rel=\"noopener\">CBD-blommor<\/a><\/li>\n<li><a href=\"https:\/\/staging.swizzle.se\/dk\/product-category\/cbg-produkter\/\" target=\"_blank\" rel=\"noopener\">CBG-produkter<\/a><\/li>\n<li><a href=\"https:\/\/staging.swizzle.se\/dk\/product-category\/vapes\/\" target=\"_blank\" rel=\"noopener\">Vapes &amp; cartridges<\/a><\/li>\n<\/ul>\n<p><em>Bem\u00e6rk!<br \/>\nDu m\u00e5ste vara minst 18 \u00e5r f\u00f6r att k\u00f6pa denna produkt. Den \u00e4r inte avsedd som l\u00e4kemedel, kosttillskott eller naturprodukt. Vi uppmuntrar inte till konsumtion eller r\u00f6kning av produkten. F\u00f6rvara den utom r\u00e4ckh\u00e5ll f\u00f6r barn. Vi friskriver oss fr\u00e5n hur du som kund anv\u00e4nder v\u00e5ra produkter. Vi s\u00e4ljer dem f\u00f6r samlings- och prydnadssyften.<\/em><\/p>","protected":false},"excerpt":{"rendered":"<p>THCA Buds &#8211; Bangkok Sativa 22% <strong>\u2013 Premium Indoor Sativa fr\u00e5n Wild Mountain B.V.<\/strong><\/p>\n<p><strong>PASSA P\u00c5 DETTA GRYMMA ERBJUDANDE. 10g THCA buds Bangkok Sativa F\u00d6R 699 kr (69.9kr\/g)<\/strong><\/p>\n<p>Uppt\u00e4ck\u00a0<strong>THCA Buds 22%<\/strong>\u00a0fr\u00e5n Wild Mountain B.V. \u2013 en exklusiv indoor-odlad\u00a0<strong>Sativa<\/strong>\u00a0som erbjuder h\u00f6g renhet, toppkvalitet och en aromprofil som uppskattas av samlare och entusiaster. Med hela\u00a0<strong>22% THCA<\/strong>\u00a0\u00e4r denna premiumhampa ett av de mest efterfr\u00e5gade alternativen inom dekorativa och samlingsbara cannabisblommor.<\/p>","protected":false},"featured_media":280873,"comment_status":"closed","ping_status":"closed","template":"","meta":{"site-sidebar-layout":"default","site-content-layout":"","ast-site-content-layout":"default","site-content-style":"default","site-sidebar-style":"default","ast-global-header-display":"","ast-banner-title-visibility":"","ast-main-header-display":"","ast-hfb-above-header-display":"","ast-hfb-below-header-display":"","ast-hfb-mobile-header-display":"","site-post-title":"","ast-breadcrumbs-content":"","ast-featured-img":"","footer-sml-layout":"","ast-disable-related-posts":"","theme-transparent-header-meta":"default","adv-header-id-meta":"","stick-header-meta":"default","header-above-stick-meta":"","header-main-stick-meta":"","header-below-stick-meta":"","astra-migrate-meta-layouts":"set","ast-page-background-enabled":"default","ast-page-background-meta":{"desktop":{"background-color":"var(--ast-global-color-4)","background-image":"","background-repeat":"repeat","background-position":"center center","background-size":"auto","background-attachment":"scroll","background-type":"","background-media":"","overlay-type":"","overlay-color":"","overlay-opacity":"","overlay-gradient":""},"tablet":{"background-color":"","background-image":"","background-repeat":"repeat","background-position":"center center","background-size":"auto","background-attachment":"scroll","background-type":"","background-media":"","overlay-type":"","overlay-color":"","overlay-opacity":"","overlay-gradient":""},"mobile":{"background-color":"","background-image":"","background-repeat":"repeat","background-position":"center center","background-size":"auto","background-attachment":"scroll","background-type":"","background-media":"","overlay-type":"","overlay-color":"","overlay-opacity":"","overlay-gradient":""}},"ast-content-background-meta":{"desktop":{"background-color":"var(--ast-global-color-5)","background-image":"","background-repeat":"repeat","background-position":"center center","background-size":"auto","background-attachment":"scroll","background-type":"","background-media":"","overlay-type":"","overlay-color":"","overlay-opacity":"","overlay-gradient":""},"tablet":{"background-color":"var(--ast-global-color-5)","background-image":"","background-repeat":"repeat","background-position":"center center","background-size":"auto","background-attachment":"scroll","background-type":"","background-media":"","overlay-type":"","overlay-color":"","overlay-opacity":"","overlay-gradient":""},"mobile":{"background-color":"var(--ast-global-color-5)","background-image":"","background-repeat":"repeat","background-position":"center center","background-size":"auto","background-attachment":"scroll","background-type":"","background-media":"","overlay-type":"","overlay-color":"","overlay-opacity":"","overlay-gradient":""}}},"product_brand":[],"product_cat":[671,303],"product_tag":[],"superdeal":[],"product_variant_id":[],"class_list":{"0":"post-280868","1":"product","2":"type-product","3":"status-publish","4":"has-post-thumbnail","6":"product_cat-superdeals","7":"product_cat-thca","8":"desktop-align-center","9":"tablet-align-left","10":"mobile-align-left","11":"ast-product-gallery-layout-horizontal-slider","12":"ast-magnify-disabled","13":"ast-product-tabs-layout-horizontal","15":"first","16":"instock","17":"sale","18":"taxable","19":"shipping-taxable","20":"purchasable","21":"product-type-simple"},"yoast_head":"<!-- This site is optimized with the Yoast SEO Premium plugin v26.9 (Yoast SEO v26.9) - https:\/\/yoast.com\/product\/yoast-seo-premium-wordpress\/ -->\n<title>THCA Buds - Bangkok Sativa 22%<\/title>\n<meta name=\"description\" content=\"THCA Buds - Bangkok Sativa 22%. PASSA P\u00c5 DETTA GRYMMA ERBJUDANDE. 10g THCA buds Bangkok Sativa F\u00d6R 699 kr (69.9kr\/g). www.swizzle.se.\" \/>\n<meta name=\"robots\" content=\"noindex, follow, max-snippet:-1, max-image-preview:large, max-video-preview:-1\" \/>\n<meta property=\"og:locale\" content=\"da_DK\" \/>\n<meta property=\"og:type\" content=\"article\" \/>\n<meta property=\"og:title\" content=\"SUPERDEAL! 10g THCA buds Bangkok Sativa\" \/>\n<meta property=\"og:description\" content=\"THCA Buds - Bangkok Sativa 22%. PASSA P\u00c5 DETTA GRYMMA ERBJUDANDE. 10g THCA buds Bangkok Sativa F\u00d6R 699 kr (69.9kr\/g). www.swizzle.se.\" \/>\n<meta property=\"og:url\" content=\"https:\/\/www.swizzle.se\/produkt\/thca-buds-bangkok-sativa-22-2\/\" \/>\n<meta property=\"og:site_name\" content=\"Swizzle\" \/>\n<meta property=\"article:modified_time\" content=\"2026-02-05T13:32:26+00:00\" \/>\n<meta property=\"og:image\" content=\"https:\/\/www.swizzle.se\/wp-content\/uploads\/2025\/12\/ratt-bakrund-canadips-2025-12-08T151229.737.jpg\" \/>\n\t<meta property=\"og:image:width\" content=\"600\" \/>\n\t<meta property=\"og:image:height\" content=\"600\" \/>\n\t<meta property=\"og:image:type\" content=\"image\/jpeg\" \/>\n<meta name=\"twitter:card\" content=\"summary_large_image\" \/>\n<meta name=\"twitter:label1\" content=\"Pris\" \/>\n\t<meta name=\"twitter:data1\" content=\"699.00&nbsp;&#107;&#114;\" \/>\n\t<meta name=\"twitter:label2\" content=\"Tilg\u00e6ngelighed\" \/>\n\t<meta name=\"twitter:data2\" content=\"P\u00e5 lager\" \/>\n<script type=\"application\/ld+json\" class=\"yoast-schema-graph\">{\"@context\":\"https:\/\/schema.org\",\"@graph\":[{\"@type\":\"WebPage\",\"@id\":\"https:\/\/www.swizzle.se\/produkt\/thca-buds-bangkok-sativa-22-2\/\",\"url\":\"https:\/\/www.swizzle.se\/produkt\/thca-buds-bangkok-sativa-22-2\/\",\"name\":\"THCA Buds - Bangkok Sativa 22%\",\"isPartOf\":{\"@id\":\"https:\/\/staging.swizzle.se\/#website\"},\"primaryImageOfPage\":{\"@id\":\"https:\/\/www.swizzle.se\/produkt\/thca-buds-bangkok-sativa-22-2\/#primaryimage\"},\"image\":{\"@id\":\"https:\/\/www.swizzle.se\/produkt\/thca-buds-bangkok-sativa-22-2\/#primaryimage\"},\"thumbnailUrl\":\"https:\/\/staging.swizzle.se\/wp-content\/uploads\/2025\/12\/ratt-bakrund-canadips-2025-12-08T151229.737.jpg\",\"datePublished\":\"2025-12-08T14:13:42+00:00\",\"dateModified\":\"2026-02-05T13:32:26+00:00\",\"description\":\"THCA Buds - Bangkok Sativa 22%. PASSA P\u00c5 DETTA GRYMMA ERBJUDANDE. 10g THCA buds Bangkok Sativa F\u00d6R 699 kr (69.9kr\/g). www.swizzle.se.\",\"breadcrumb\":{\"@id\":\"https:\/\/www.swizzle.se\/produkt\/thca-buds-bangkok-sativa-22-2\/#breadcrumb\"},\"inLanguage\":\"da-DK\",\"potentialAction\":[{\"@type\":\"ReadAction\",\"target\":[\"https:\/\/www.swizzle.se\/produkt\/thca-buds-bangkok-sativa-22-2\/\"]}]},{\"@type\":\"ImageObject\",\"inLanguage\":\"da-DK\",\"@id\":\"https:\/\/www.swizzle.se\/produkt\/thca-buds-bangkok-sativa-22-2\/#primaryimage\",\"url\":\"https:\/\/staging.swizzle.se\/wp-content\/uploads\/2025\/12\/ratt-bakrund-canadips-2025-12-08T151229.737.jpg\",\"contentUrl\":\"https:\/\/staging.swizzle.se\/wp-content\/uploads\/2025\/12\/ratt-bakrund-canadips-2025-12-08T151229.737.jpg\",\"width\":600,\"height\":600,\"caption\":\"superdeal bangkok sativa 10g\"},{\"@type\":\"BreadcrumbList\",\"@id\":\"https:\/\/www.swizzle.se\/produkt\/thca-buds-bangkok-sativa-22-2\/#breadcrumb\",\"itemListElement\":[{\"@type\":\"ListItem\",\"position\":1,\"name\":\"Home\",\"item\":\"https:\/\/www.swizzle.se\/\"},{\"@type\":\"ListItem\",\"position\":2,\"name\":\"Shop\",\"item\":\"https:\/\/www.swizzle.se\/shop\/\"},{\"@type\":\"ListItem\",\"position\":3,\"name\":\"SUPERDEALS\",\"item\":\"https:\/\/www.swizzle.se\/produkt-kategori\/superdeals\/\"},{\"@type\":\"ListItem\",\"position\":4,\"name\":\"SUPERDEAL! 10g THCA buds Bangkok Sativa\"}]},{\"@type\":\"WebSite\",\"@id\":\"https:\/\/staging.swizzle.se\/#website\",\"url\":\"https:\/\/staging.swizzle.se\/\",\"name\":\"Swizzle\",\"description\":\"Nikotin CBD Vapes Snus White Portion\",\"publisher\":{\"@id\":\"https:\/\/staging.swizzle.se\/#organization\"},\"potentialAction\":[{\"@type\":\"SearchAction\",\"target\":{\"@type\":\"EntryPoint\",\"urlTemplate\":\"https:\/\/staging.swizzle.se\/?s={search_term_string}\"},\"query-input\":{\"@type\":\"PropertyValueSpecification\",\"valueRequired\":true,\"valueName\":\"search_term_string\"}}],\"inLanguage\":\"da-DK\"},{\"@type\":\"Organization\",\"@id\":\"https:\/\/staging.swizzle.se\/#organization\",\"name\":\"Swizzle\",\"url\":\"https:\/\/staging.swizzle.se\/\",\"logo\":{\"@type\":\"ImageObject\",\"inLanguage\":\"da-DK\",\"@id\":\"https:\/\/staging.swizzle.se\/#\/schema\/logo\/image\/\",\"url\":\"https:\/\/staging.swizzle.se\/wp-content\/uploads\/2025\/10\/cropped-SWIZZLE.-4.png\",\"contentUrl\":\"https:\/\/staging.swizzle.se\/wp-content\/uploads\/2025\/10\/cropped-SWIZZLE.-4.png\",\"width\":800,\"height\":267,\"caption\":\"Swizzle\"},\"image\":{\"@id\":\"https:\/\/staging.swizzle.se\/#\/schema\/logo\/image\/\"},\"hasMerchantReturnPolicy\":{\"@type\":\"MerchantReturnPolicy\",\"merchantReturnLink\":\"https:\/\/staging.swizzle.se\/dk\/villkor\/\"}}]}<\/script>\n<meta property=\"product:price:amount\" content=\"699.00\" \/>\n<meta property=\"product:price:currency\" content=\"SEK\" \/>\n<meta property=\"og:availability\" content=\"instock\" \/>\n<meta property=\"product:availability\" content=\"instock\" \/>\n<meta property=\"product:condition\" content=\"new\" \/>\n<!-- \/ Yoast SEO Premium plugin. -->","yoast_head_json":{"title":"THCA Buds - Bangkok Sativa 22%","description":"THCA Buds - Bangkok Sativa 22%. PASSA P\u00c5 DETTA GRYMMA ERBJUDANDE. 10g THCA buds Bangkok Sativa F\u00d6R 699 kr (69.9kr\/g). www.swizzle.se.","robots":{"index":"noindex","follow":"follow","max-snippet":"max-snippet:-1","max-image-preview":"max-image-preview:large","max-video-preview":"max-video-preview:-1"},"og_locale":"da_DK","og_type":"article","og_title":"SUPERDEAL! 10g THCA buds Bangkok Sativa","og_description":"THCA Buds - Bangkok Sativa 22%. PASSA P\u00c5 DETTA GRYMMA ERBJUDANDE. 10g THCA buds Bangkok Sativa F\u00d6R 699 kr (69.9kr\/g). www.swizzle.se.","og_url":"https:\/\/www.swizzle.se\/produkt\/thca-buds-bangkok-sativa-22-2\/","og_site_name":"Swizzle","article_modified_time":"2026-02-05T13:32:26+00:00","og_image":[{"width":600,"height":600,"url":"https:\/\/www.swizzle.se\/wp-content\/uploads\/2025\/12\/ratt-bakrund-canadips-2025-12-08T151229.737.jpg","type":"image\/jpeg"}],"twitter_card":"summary_large_image","twitter_misc":{"Pris":"699.00&nbsp;&#107;&#114;","Tilg\u00e6ngelighed":"P\u00e5 lager"},"schema":{"@context":"https:\/\/schema.org","@graph":[{"@type":"WebPage","@id":"https:\/\/www.swizzle.se\/produkt\/thca-buds-bangkok-sativa-22-2\/","url":"https:\/\/www.swizzle.se\/produkt\/thca-buds-bangkok-sativa-22-2\/","name":"THCA Buds - Bangkok Sativa 22%","isPartOf":{"@id":"https:\/\/staging.swizzle.se\/#website"},"primaryImageOfPage":{"@id":"https:\/\/www.swizzle.se\/produkt\/thca-buds-bangkok-sativa-22-2\/#primaryimage"},"image":{"@id":"https:\/\/www.swizzle.se\/produkt\/thca-buds-bangkok-sativa-22-2\/#primaryimage"},"thumbnailUrl":"https:\/\/staging.swizzle.se\/wp-content\/uploads\/2025\/12\/ratt-bakrund-canadips-2025-12-08T151229.737.jpg","datePublished":"2025-12-08T14:13:42+00:00","dateModified":"2026-02-05T13:32:26+00:00","description":"THCA Buds - Bangkok Sativa 22%. PASSA P\u00c5 DETTA GRYMMA ERBJUDANDE. 10g THCA buds Bangkok Sativa F\u00d6R 699 kr (69.9kr\/g). www.swizzle.se.","breadcrumb":{"@id":"https:\/\/www.swizzle.se\/produkt\/thca-buds-bangkok-sativa-22-2\/#breadcrumb"},"inLanguage":"da-DK","potentialAction":[{"@type":"ReadAction","target":["https:\/\/www.swizzle.se\/produkt\/thca-buds-bangkok-sativa-22-2\/"]}]},{"@type":"ImageObject","inLanguage":"da-DK","@id":"https:\/\/www.swizzle.se\/produkt\/thca-buds-bangkok-sativa-22-2\/#primaryimage","url":"https:\/\/staging.swizzle.se\/wp-content\/uploads\/2025\/12\/ratt-bakrund-canadips-2025-12-08T151229.737.jpg","contentUrl":"https:\/\/staging.swizzle.se\/wp-content\/uploads\/2025\/12\/ratt-bakrund-canadips-2025-12-08T151229.737.jpg","width":600,"height":600,"caption":"superdeal bangkok sativa 10g"},{"@type":"BreadcrumbList","@id":"https:\/\/www.swizzle.se\/produkt\/thca-buds-bangkok-sativa-22-2\/#breadcrumb","itemListElement":[{"@type":"ListItem","position":1,"name":"Home","item":"https:\/\/www.swizzle.se\/"},{"@type":"ListItem","position":2,"name":"Shop","item":"https:\/\/www.swizzle.se\/shop\/"},{"@type":"ListItem","position":3,"name":"SUPERDEALS","item":"https:\/\/www.swizzle.se\/produkt-kategori\/superdeals\/"},{"@type":"ListItem","position":4,"name":"SUPERDEAL! 10g THCA buds Bangkok Sativa"}]},{"@type":"WebSite","@id":"https:\/\/staging.swizzle.se\/#website","url":"https:\/\/staging.swizzle.se\/","name":"Swizzle","description":"Nikotin CBD Vapes Snus Hvid Portion","publisher":{"@id":"https:\/\/staging.swizzle.se\/#organization"},"potentialAction":[{"@type":"SearchAction","target":{"@type":"EntryPoint","urlTemplate":"https:\/\/staging.swizzle.se\/?s={search_term_string}"},"query-input":{"@type":"PropertyValueSpecification","valueRequired":true,"valueName":"search_term_string"}}],"inLanguage":"da-DK"},{"@type":"Organization","@id":"https:\/\/staging.swizzle.se\/#organization","name":"Swizzle","url":"https:\/\/staging.swizzle.se\/","logo":{"@type":"ImageObject","inLanguage":"da-DK","@id":"https:\/\/staging.swizzle.se\/#\/schema\/logo\/image\/","url":"https:\/\/staging.swizzle.se\/wp-content\/uploads\/2025\/10\/cropped-SWIZZLE.-4.png","contentUrl":"https:\/\/staging.swizzle.se\/wp-content\/uploads\/2025\/10\/cropped-SWIZZLE.-4.png","width":800,"height":267,"caption":"Swizzle"},"image":{"@id":"https:\/\/staging.swizzle.se\/#\/schema\/logo\/image\/"},"hasMerchantReturnPolicy":{"@type":"MerchantReturnPolicy","merchantReturnLink":"https:\/\/staging.swizzle.se\/dk\/villkor\/"}}]},"product_price_amount":"699.00","product_price_currency":"SEK","og_availability":"instock","product_availability":"instock","product_condition":"new"},"tiered_pricing_type":"fixed","tiered_pricing_fixed_rules":[],"tiered_pricing_product_settings":{"layout":"default","base_unit_name":{"singular":null,"plural":null},"default_variation":null},"tiered_pricing_minimum_quantity":null,"tiered_pricing_roles_data":[],"tiered_pricing_percentage_rules":[],"tiered_pricing_maximum_quantity":null,"tiered_pricing_quantity_step":null,"_links":{"self":[{"href":"https:\/\/staging.swizzle.se\/dk\/wp-json\/wp\/v2\/product\/280868","targetHints":{"allow":["GET"]}}],"collection":[{"href":"https:\/\/staging.swizzle.se\/dk\/wp-json\/wp\/v2\/product"}],"about":[{"href":"https:\/\/staging.swizzle.se\/dk\/wp-json\/wp\/v2\/types\/product"}],"replies":[{"embeddable":true,"href":"https:\/\/staging.swizzle.se\/dk\/wp-json\/wp\/v2\/comments?post=280868"}],"version-history":[{"count":0,"href":"https:\/\/staging.swizzle.se\/dk\/wp-json\/wp\/v2\/product\/280868\/revisions"}],"wp:featuredmedia":[{"embeddable":true,"href":"https:\/\/staging.swizzle.se\/dk\/wp-json\/wp\/v2\/media\/280873"}],"wp:attachment":[{"href":"https:\/\/staging.swizzle.se\/dk\/wp-json\/wp\/v2\/media?parent=280868"}],"wp:term":[{"taxonomy":"product_brand","embeddable":true,"href":"https:\/\/staging.swizzle.se\/dk\/wp-json\/wp\/v2\/product_brand?post=280868"},{"taxonomy":"product_cat","embeddable":true,"href":"https:\/\/staging.swizzle.se\/dk\/wp-json\/wp\/v2\/product_cat?post=280868"},{"taxonomy":"product_tag","embeddable":true,"href":"https:\/\/staging.swizzle.se\/dk\/wp-json\/wp\/v2\/product_tag?post=280868"},{"taxonomy":"superdeal","embeddable":true,"href":"https:\/\/staging.swizzle.se\/dk\/wp-json\/wp\/v2\/superdeal?post=280868"},{"taxonomy":"product_variant_id","embeddable":true,"href":"https:\/\/staging.swizzle.se\/dk\/wp-json\/wp\/v2\/product_variant_id?post=280868"}],"curies":[{"name":"wp","href":"https:\/\/api.w.org\/{rel}","templated":true}]}}