{"id":280246,"date":"2025-11-27T12:04:34","date_gmt":"2025-11-27T12:04:34","guid":{"rendered":"https:\/\/staging.swizzle.se\/?post_type=product&#038;p=280246"},"modified":"2025-12-11T13:52:52","modified_gmt":"2025-12-11T13:52:52","slug":"superdeal-50g-thca-isolat","status":"publish","type":"product","link":"https:\/\/staging.swizzle.se\/dk\/product-2\/superdeal-50g-thca-isolat\/","title":{"rendered":"SUPERDEAL! 50 g THCA-isolat"},"content":{"rendered":"<p><b>PASSA P\u00c5 DETTA GRYMMA ERBJUDANDE!<\/b><\/p>\n<p><b>Tidsbegr\u00e4nsad deal, 50g THCA isolat 99% f\u00f6r 4699kr! (57% rabatt)\u00a0<\/b><\/p>\n<p>THCA isolat 99% \u00e4r ett rent, kristallint pulver som best\u00e5r av \u00f6ver 99 % THCA. Detta isolat \u00e4r odlat och producerat av en schweizisk producent. D\u00e4rav den h\u00f6ga kvaliteten. Leder till en konsistens som \u00e4r helt utan st\u00f6rre kristalliseringar och kan n\u00e4rmast liknas vid talk \/ baby puder.<\/p>\n<p>THCA isolat 99% \u00e4r ett f\u00f6rstadium av THC, f\u00f6rblir i sitt naturliga tillst\u00e5nd tills det uts\u00e4tts f\u00f6r v\u00e4rme eller UV-belysning. Hampav\u00e4xtens oljor, vaxer, klorofyll och andra komponenter avl\u00e4gsnas helt under bearbetningen. Denna h\u00f6ga renhetsniv\u00e5 m\u00f6jligg\u00f6r exakt dosering.<\/p>\n<p><strong>Produktinformation:<\/strong><\/p>\n<ul>\n<li><strong>Produkt:<\/strong>\u00a0THCA isolat 99%<\/li>\n<li><strong>F\u00f6rpackning:<\/strong>\u00a0T\u00e4tslutande och skyddande f\u00f6r optimal kvalitet<\/li>\n<\/ul>\n<p>Bem\u00e6rk!<br \/>\nDu skal v\u00e6re mindst 18 \u00e5r gammel for at k\u00f8be dette produkt. Det er ikke beregnet som medicin, kosttilskud eller naturprodukt. Vi opfordrer ikke til at indtage eller ryge dette produkt. Opbevar det utilg\u00e6ngeligt for b\u00f8rn Vi fraskriver os ethvert ansvar for, hvordan du som kunde bruger vores produkter. Vi s\u00e6lger dem til indsamlings- og prydform\u00e5l.<\/p>","protected":false},"excerpt":{"rendered":"<p class=\"ai-optimize-40 ai-optimize-introduction\">THCA isolat 99% \u00e4r ett rent, kristallint pulver som best\u00e5r av \u00f6ver 99 % THCA. Detta isolat \u00e4r odlat och producerat av en schweizisk producent i h\u00f6g kvalit\u00e9.<\/p>\n<p><b>PASSA P\u00c5 DETTA GRYMMA ERBJUDANDE!<\/b><\/p>\n<p><b>Tidsbegr\u00e4nsad deal, 50g THCA isolat 99% f\u00f6r 4699kr! (57% rabatt)\u00a0<\/b><\/p>\n<p class=\"ai-optimize-41\"><strong>Produktinformation:<\/strong><\/p>\n<ul>\n<li class=\"ai-optimize-42\"><strong>Produkt:<\/strong>\u00a0THCA isolat 99%<\/li>\n<li class=\"ai-optimize-43\"><strong>F\u00f6rpackning:<\/strong>\u00a0T\u00e4tslutande och skyddande f\u00f6r optimal kvalitet<\/li>\n<\/ul>\n<p class=\"ai-optimize-45\"><strong>Produkten levereras i zip-p\u00e5se p\u00e5 best\u00e4llningar under 5g och i pl\u00e5tburk 5g och \u00f6ver.\u00a0<\/strong><\/p>\n<p>Dette produkt har en mindsteprisgaranti, l\u00e6s mere om, hvad det betyder.<a href=\"https:\/\/staging.swizzle.se\/dk\/lagsta-pris-garanti\/\"><b>\u00a0her<\/b><\/a>.<\/p>","protected":false},"featured_media":280247,"comment_status":"closed","ping_status":"closed","template":"","meta":{"site-sidebar-layout":"default","site-content-layout":"","ast-site-content-layout":"default","site-content-style":"default","site-sidebar-style":"default","ast-global-header-display":"","ast-banner-title-visibility":"","ast-main-header-display":"","ast-hfb-above-header-display":"","ast-hfb-below-header-display":"","ast-hfb-mobile-header-display":"","site-post-title":"","ast-breadcrumbs-content":"","ast-featured-img":"","footer-sml-layout":"","ast-disable-related-posts":"","theme-transparent-header-meta":"default","adv-header-id-meta":"","stick-header-meta":"default","header-above-stick-meta":"","header-main-stick-meta":"","header-below-stick-meta":"","astra-migrate-meta-layouts":"set","ast-page-background-enabled":"default","ast-page-background-meta":{"desktop":{"background-color":"var(--ast-global-color-4)","background-image":"","background-repeat":"repeat","background-position":"center center","background-size":"auto","background-attachment":"scroll","background-type":"","background-media":"","overlay-type":"","overlay-color":"","overlay-opacity":"","overlay-gradient":""},"tablet":{"background-color":"","background-image":"","background-repeat":"repeat","background-position":"center center","background-size":"auto","background-attachment":"scroll","background-type":"","background-media":"","overlay-type":"","overlay-color":"","overlay-opacity":"","overlay-gradient":""},"mobile":{"background-color":"","background-image":"","background-repeat":"repeat","background-position":"center center","background-size":"auto","background-attachment":"scroll","background-type":"","background-media":"","overlay-type":"","overlay-color":"","overlay-opacity":"","overlay-gradient":""}},"ast-content-background-meta":{"desktop":{"background-color":"var(--ast-global-color-5)","background-image":"","background-repeat":"repeat","background-position":"center center","background-size":"auto","background-attachment":"scroll","background-type":"","background-media":"","overlay-type":"","overlay-color":"","overlay-opacity":"","overlay-gradient":""},"tablet":{"background-color":"var(--ast-global-color-5)","background-image":"","background-repeat":"repeat","background-position":"center center","background-size":"auto","background-attachment":"scroll","background-type":"","background-media":"","overlay-type":"","overlay-color":"","overlay-opacity":"","overlay-gradient":""},"mobile":{"background-color":"var(--ast-global-color-5)","background-image":"","background-repeat":"repeat","background-position":"center center","background-size":"auto","background-attachment":"scroll","background-type":"","background-media":"","overlay-type":"","overlay-color":"","overlay-opacity":"","overlay-gradient":""}}},"product_brand":[],"product_cat":[338,671,303,324],"product_tag":[],"superdeal":[],"product_variant_id":[],"class_list":{"0":"post-280246","1":"product","2":"type-product","3":"status-publish","4":"has-post-thumbnail","6":"product_cat-deals","7":"product_cat-superdeals","8":"product_cat-thca","9":"product_cat-thca-isolat","10":"desktop-align-center","11":"tablet-align-left","12":"mobile-align-left","13":"ast-product-gallery-layout-horizontal-slider","14":"ast-product-gallery-with-no-image","15":"ast-magnify-disabled","16":"ast-product-tabs-layout-horizontal","18":"first","19":"instock","20":"sale","21":"taxable","22":"shipping-taxable","23":"purchasable","24":"product-type-simple"},"yoast_head":"<!-- This site is optimized with the Yoast SEO Premium plugin v26.9 (Yoast SEO v26.9) - https:\/\/yoast.com\/product\/yoast-seo-premium-wordpress\/ -->\n<title>SUPERDEAL! 50g THCA isolat<\/title>\n<meta name=\"description\" content=\"SUPERDEAL! 50g THCA isolat PASSA P\u00c5 DETTA GRYMMA ERBJUDANDE!Tidsbegr\u00e4nsad deal, 50g THCA isolat 99% f\u00f6r 4699kr! (57% rabatt)\u00a0t)\u00a0\" \/>\n<meta name=\"robots\" content=\"noindex, follow, max-snippet:-1, max-image-preview:large, max-video-preview:-1\" \/>\n<meta property=\"og:locale\" content=\"da_DK\" \/>\n<meta property=\"og:type\" content=\"article\" \/>\n<meta property=\"og:title\" content=\"SUPERDEAL! 50g THCA isolat\" \/>\n<meta property=\"og:description\" content=\"SUPERDEAL! 50g THCA isolat PASSA P\u00c5 DETTA GRYMMA ERBJUDANDE!Tidsbegr\u00e4nsad deal, 50g THCA isolat 99% f\u00f6r 4699kr! (57% rabatt)\u00a0t)\u00a0\" \/>\n<meta property=\"og:url\" content=\"https:\/\/www.swizzle.se\/produkt\/superdeal-50g-thca-isolat\/\" \/>\n<meta property=\"og:site_name\" content=\"Swizzle\" \/>\n<meta property=\"article:modified_time\" content=\"2025-12-11T13:52:52+00:00\" \/>\n<meta property=\"og:image\" content=\"https:\/\/www.swizzle.se\/wp-content\/uploads\/2025\/11\/ratt-bakrund-canadips-2025-11-27T130902.607.jpg\" \/>\n\t<meta property=\"og:image:width\" content=\"600\" \/>\n\t<meta property=\"og:image:height\" content=\"600\" \/>\n\t<meta property=\"og:image:type\" content=\"image\/jpeg\" \/>\n<meta name=\"twitter:card\" content=\"summary_large_image\" \/>\n<meta name=\"twitter:label1\" content=\"Pris\" \/>\n\t<meta name=\"twitter:data1\" content=\"4 ,699.00&nbsp;&#107;&#114;\" \/>\n\t<meta name=\"twitter:label2\" content=\"Tilg\u00e6ngelighed\" \/>\n\t<meta name=\"twitter:data2\" content=\"P\u00e5 lager\" \/>\n<script type=\"application\/ld+json\" class=\"yoast-schema-graph\">{\"@context\":\"https:\/\/schema.org\",\"@graph\":[{\"@type\":\"WebPage\",\"@id\":\"https:\/\/www.swizzle.se\/produkt\/superdeal-50g-thca-isolat\/\",\"url\":\"https:\/\/www.swizzle.se\/produkt\/superdeal-50g-thca-isolat\/\",\"name\":\"SUPERDEAL! 50g THCA isolat\",\"isPartOf\":{\"@id\":\"https:\/\/staging.swizzle.se\/#website\"},\"primaryImageOfPage\":{\"@id\":\"https:\/\/www.swizzle.se\/produkt\/superdeal-50g-thca-isolat\/#primaryimage\"},\"image\":{\"@id\":\"https:\/\/www.swizzle.se\/produkt\/superdeal-50g-thca-isolat\/#primaryimage\"},\"thumbnailUrl\":\"https:\/\/staging.swizzle.se\/wp-content\/uploads\/2025\/11\/ratt-bakrund-canadips-2025-11-27T130902.607.jpg\",\"datePublished\":\"2025-11-27T12:04:34+00:00\",\"dateModified\":\"2025-12-11T13:52:52+00:00\",\"description\":\"SUPERDEAL! 50g THCA isolat PASSA P\u00c5 DETTA GRYMMA ERBJUDANDE!Tidsbegr\u00e4nsad deal, 50g THCA isolat 99% f\u00f6r 4699kr! (57% rabatt)\u00a0t)\u00a0\",\"breadcrumb\":{\"@id\":\"https:\/\/www.swizzle.se\/produkt\/superdeal-50g-thca-isolat\/#breadcrumb\"},\"inLanguage\":\"da-DK\",\"potentialAction\":[{\"@type\":\"ReadAction\",\"target\":[\"https:\/\/www.swizzle.se\/produkt\/superdeal-50g-thca-isolat\/\"]}]},{\"@type\":\"ImageObject\",\"inLanguage\":\"da-DK\",\"@id\":\"https:\/\/www.swizzle.se\/produkt\/superdeal-50g-thca-isolat\/#primaryimage\",\"url\":\"https:\/\/staging.swizzle.se\/wp-content\/uploads\/2025\/11\/ratt-bakrund-canadips-2025-11-27T130902.607.jpg\",\"contentUrl\":\"https:\/\/staging.swizzle.se\/wp-content\/uploads\/2025\/11\/ratt-bakrund-canadips-2025-11-27T130902.607.jpg\",\"width\":600,\"height\":600,\"caption\":\"SUPERDEAL! 50g THCA isolat\"},{\"@type\":\"BreadcrumbList\",\"@id\":\"https:\/\/www.swizzle.se\/produkt\/superdeal-50g-thca-isolat\/#breadcrumb\",\"itemListElement\":[{\"@type\":\"ListItem\",\"position\":1,\"name\":\"Home\",\"item\":\"https:\/\/www.swizzle.se\/\"},{\"@type\":\"ListItem\",\"position\":2,\"name\":\"Shop\",\"item\":\"https:\/\/www.swizzle.se\/shop\/\"},{\"@type\":\"ListItem\",\"position\":3,\"name\":\"THCA\",\"item\":\"https:\/\/www.swizzle.se\/produkt-kategori\/thca\/\"},{\"@type\":\"ListItem\",\"position\":4,\"name\":\"THCA ISOLAT\",\"item\":\"https:\/\/www.swizzle.se\/produkt-kategori\/thca\/thca-isolat\/\"},{\"@type\":\"ListItem\",\"position\":5,\"name\":\"SUPERDEAL! 50g THCA isolat\"}]},{\"@type\":\"WebSite\",\"@id\":\"https:\/\/staging.swizzle.se\/#website\",\"url\":\"https:\/\/staging.swizzle.se\/\",\"name\":\"Swizzle\",\"description\":\"Nikotin CBD Vapes Snus White Portion\",\"publisher\":{\"@id\":\"https:\/\/staging.swizzle.se\/#organization\"},\"potentialAction\":[{\"@type\":\"SearchAction\",\"target\":{\"@type\":\"EntryPoint\",\"urlTemplate\":\"https:\/\/staging.swizzle.se\/?s={search_term_string}\"},\"query-input\":{\"@type\":\"PropertyValueSpecification\",\"valueRequired\":true,\"valueName\":\"search_term_string\"}}],\"inLanguage\":\"da-DK\"},{\"@type\":\"Organization\",\"@id\":\"https:\/\/staging.swizzle.se\/#organization\",\"name\":\"Swizzle\",\"url\":\"https:\/\/staging.swizzle.se\/\",\"logo\":{\"@type\":\"ImageObject\",\"inLanguage\":\"da-DK\",\"@id\":\"https:\/\/staging.swizzle.se\/#\/schema\/logo\/image\/\",\"url\":\"https:\/\/staging.swizzle.se\/wp-content\/uploads\/2025\/10\/cropped-SWIZZLE.-4.png\",\"contentUrl\":\"https:\/\/staging.swizzle.se\/wp-content\/uploads\/2025\/10\/cropped-SWIZZLE.-4.png\",\"width\":800,\"height\":267,\"caption\":\"Swizzle\"},\"image\":{\"@id\":\"https:\/\/staging.swizzle.se\/#\/schema\/logo\/image\/\"},\"hasMerchantReturnPolicy\":{\"@type\":\"MerchantReturnPolicy\",\"merchantReturnLink\":\"https:\/\/staging.swizzle.se\/dk\/villkor\/\"}}]}<\/script>\n<meta property=\"product:price:amount\" content=\"4699.00\" \/>\n<meta property=\"product:price:currency\" content=\"SEK\" \/>\n<meta property=\"og:availability\" content=\"instock\" \/>\n<meta property=\"product:availability\" content=\"instock\" \/>\n<meta property=\"product:retailer_item_id\" content=\"dealisolat50\" \/>\n<meta property=\"product:condition\" content=\"new\" \/>\n<!-- \/ Yoast SEO Premium plugin. -->","yoast_head_json":{"title":"SUPERDEAL! 50 g THCA-isolat","description":"SUPERDEAL! 50g THCA isolat PASSA P\u00c5 DETTA GRYMMA ERBJUDANDE!Tidsbegr\u00e4nsad deal, 50g THCA isolat 99% f\u00f6r 4699kr! (57% rabatt)\u00a0t)\u00a0","robots":{"index":"noindex","follow":"follow","max-snippet":"max-snippet:-1","max-image-preview":"max-image-preview:large","max-video-preview":"max-video-preview:-1"},"og_locale":"da_DK","og_type":"article","og_title":"SUPERDEAL! 50g THCA isolat","og_description":"SUPERDEAL! 50g THCA isolat PASSA P\u00c5 DETTA GRYMMA ERBJUDANDE!Tidsbegr\u00e4nsad deal, 50g THCA isolat 99% f\u00f6r 4699kr! (57% rabatt)\u00a0t)\u00a0","og_url":"https:\/\/www.swizzle.se\/produkt\/superdeal-50g-thca-isolat\/","og_site_name":"Swizzle","article_modified_time":"2025-12-11T13:52:52+00:00","og_image":[{"width":600,"height":600,"url":"https:\/\/www.swizzle.se\/wp-content\/uploads\/2025\/11\/ratt-bakrund-canadips-2025-11-27T130902.607.jpg","type":"image\/jpeg"}],"twitter_card":"summary_large_image","twitter_misc":{"Pris":"4 ,699.00&nbsp;&#107;&#114;","Tilg\u00e6ngelighed":"P\u00e5 lager"},"schema":{"@context":"https:\/\/schema.org","@graph":[{"@type":"WebPage","@id":"https:\/\/www.swizzle.se\/produkt\/superdeal-50g-thca-isolat\/","url":"https:\/\/www.swizzle.se\/produkt\/superdeal-50g-thca-isolat\/","name":"SUPERDEAL! 50 g THCA-isolat","isPartOf":{"@id":"https:\/\/staging.swizzle.se\/#website"},"primaryImageOfPage":{"@id":"https:\/\/www.swizzle.se\/produkt\/superdeal-50g-thca-isolat\/#primaryimage"},"image":{"@id":"https:\/\/www.swizzle.se\/produkt\/superdeal-50g-thca-isolat\/#primaryimage"},"thumbnailUrl":"https:\/\/staging.swizzle.se\/wp-content\/uploads\/2025\/11\/ratt-bakrund-canadips-2025-11-27T130902.607.jpg","datePublished":"2025-11-27T12:04:34+00:00","dateModified":"2025-12-11T13:52:52+00:00","description":"SUPERDEAL! 50g THCA isolat PASSA P\u00c5 DETTA GRYMMA ERBJUDANDE!Tidsbegr\u00e4nsad deal, 50g THCA isolat 99% f\u00f6r 4699kr! (57% rabatt)\u00a0t)\u00a0","breadcrumb":{"@id":"https:\/\/www.swizzle.se\/produkt\/superdeal-50g-thca-isolat\/#breadcrumb"},"inLanguage":"da-DK","potentialAction":[{"@type":"ReadAction","target":["https:\/\/www.swizzle.se\/produkt\/superdeal-50g-thca-isolat\/"]}]},{"@type":"ImageObject","inLanguage":"da-DK","@id":"https:\/\/www.swizzle.se\/produkt\/superdeal-50g-thca-isolat\/#primaryimage","url":"https:\/\/staging.swizzle.se\/wp-content\/uploads\/2025\/11\/ratt-bakrund-canadips-2025-11-27T130902.607.jpg","contentUrl":"https:\/\/staging.swizzle.se\/wp-content\/uploads\/2025\/11\/ratt-bakrund-canadips-2025-11-27T130902.607.jpg","width":600,"height":600,"caption":"SUPERDEAL! 50g THCA isolat"},{"@type":"BreadcrumbList","@id":"https:\/\/www.swizzle.se\/produkt\/superdeal-50g-thca-isolat\/#breadcrumb","itemListElement":[{"@type":"ListItem","position":1,"name":"Home","item":"https:\/\/www.swizzle.se\/"},{"@type":"ListItem","position":2,"name":"Shop","item":"https:\/\/www.swizzle.se\/shop\/"},{"@type":"ListItem","position":3,"name":"THCA","item":"https:\/\/www.swizzle.se\/produkt-kategori\/thca\/"},{"@type":"ListItem","position":4,"name":"THCA ISOLAT","item":"https:\/\/www.swizzle.se\/produkt-kategori\/thca\/thca-isolat\/"},{"@type":"ListItem","position":5,"name":"SUPERDEAL! 50g THCA isolat"}]},{"@type":"WebSite","@id":"https:\/\/staging.swizzle.se\/#website","url":"https:\/\/staging.swizzle.se\/","name":"Swizzle","description":"Nikotin CBD Vapes Snus Hvid Portion","publisher":{"@id":"https:\/\/staging.swizzle.se\/#organization"},"potentialAction":[{"@type":"SearchAction","target":{"@type":"EntryPoint","urlTemplate":"https:\/\/staging.swizzle.se\/?s={search_term_string}"},"query-input":{"@type":"PropertyValueSpecification","valueRequired":true,"valueName":"search_term_string"}}],"inLanguage":"da-DK"},{"@type":"Organization","@id":"https:\/\/staging.swizzle.se\/#organization","name":"Swizzle","url":"https:\/\/staging.swizzle.se\/","logo":{"@type":"ImageObject","inLanguage":"da-DK","@id":"https:\/\/staging.swizzle.se\/#\/schema\/logo\/image\/","url":"https:\/\/staging.swizzle.se\/wp-content\/uploads\/2025\/10\/cropped-SWIZZLE.-4.png","contentUrl":"https:\/\/staging.swizzle.se\/wp-content\/uploads\/2025\/10\/cropped-SWIZZLE.-4.png","width":800,"height":267,"caption":"Swizzle"},"image":{"@id":"https:\/\/staging.swizzle.se\/#\/schema\/logo\/image\/"},"hasMerchantReturnPolicy":{"@type":"MerchantReturnPolicy","merchantReturnLink":"https:\/\/staging.swizzle.se\/dk\/villkor\/"}}]},"product_price_amount":"4699.00","product_price_currency":"SEK","og_availability":"instock","product_availability":"instock","product_retailer_item_id":"dealisolat50","product_condition":"new"},"tiered_pricing_type":"fixed","tiered_pricing_fixed_rules":[],"tiered_pricing_product_settings":{"layout":"default","base_unit_name":{"singular":null,"plural":null},"default_variation":null},"tiered_pricing_minimum_quantity":null,"tiered_pricing_roles_data":[],"tiered_pricing_percentage_rules":[],"tiered_pricing_maximum_quantity":null,"tiered_pricing_quantity_step":null,"_links":{"self":[{"href":"https:\/\/staging.swizzle.se\/dk\/wp-json\/wp\/v2\/product\/280246","targetHints":{"allow":["GET"]}}],"collection":[{"href":"https:\/\/staging.swizzle.se\/dk\/wp-json\/wp\/v2\/product"}],"about":[{"href":"https:\/\/staging.swizzle.se\/dk\/wp-json\/wp\/v2\/types\/product"}],"replies":[{"embeddable":true,"href":"https:\/\/staging.swizzle.se\/dk\/wp-json\/wp\/v2\/comments?post=280246"}],"version-history":[{"count":0,"href":"https:\/\/staging.swizzle.se\/dk\/wp-json\/wp\/v2\/product\/280246\/revisions"}],"wp:featuredmedia":[{"embeddable":true,"href":"https:\/\/staging.swizzle.se\/dk\/wp-json\/wp\/v2\/media\/280247"}],"wp:attachment":[{"href":"https:\/\/staging.swizzle.se\/dk\/wp-json\/wp\/v2\/media?parent=280246"}],"wp:term":[{"taxonomy":"product_brand","embeddable":true,"href":"https:\/\/staging.swizzle.se\/dk\/wp-json\/wp\/v2\/product_brand?post=280246"},{"taxonomy":"product_cat","embeddable":true,"href":"https:\/\/staging.swizzle.se\/dk\/wp-json\/wp\/v2\/product_cat?post=280246"},{"taxonomy":"product_tag","embeddable":true,"href":"https:\/\/staging.swizzle.se\/dk\/wp-json\/wp\/v2\/product_tag?post=280246"},{"taxonomy":"superdeal","embeddable":true,"href":"https:\/\/staging.swizzle.se\/dk\/wp-json\/wp\/v2\/superdeal?post=280246"},{"taxonomy":"product_variant_id","embeddable":true,"href":"https:\/\/staging.swizzle.se\/dk\/wp-json\/wp\/v2\/product_variant_id?post=280246"}],"curies":[{"name":"wp","href":"https:\/\/api.w.org\/{rel}","templated":true}]}}