{"id":280234,"date":"2025-11-27T10:50:58","date_gmt":"2025-11-27T10:50:58","guid":{"rendered":"https:\/\/staging.swizzle.se\/?post_type=product&#038;p=280234"},"modified":"2026-02-04T13:45:41","modified_gmt":"2026-02-04T13:45:41","slug":"superdeal-100g-thca-wonderland-haze","status":"publish","type":"product","link":"https:\/\/staging.swizzle.se\/dk\/product-2\/superdeal-100g-thca-wonderland-haze\/","title":{"rendered":"SUPERDEAL! 100g THCA Wonderland Haze"},"content":{"rendered":"<h2>SUPERDEAL! 100g THCA Wonderland Haze<\/h2>\n<p><b>PASSA P\u00c5 DETTA GRYMMA ERBJUDANDE!<\/b><\/p>\n<p><b>Black Week deal, 100 g WONDERLAND HAZE f\u00f6r 3725kr! (37,25kr\/g)<\/b><\/p>\n<p>THCA Buds 21% Wonderland Haze &#8211; Magic Farmers \u00e4r en sp\u00e4nnande produkt f\u00f6r de som vill samla p\u00e5 en kraftfull och ren THCA utan att \u00f6verskrida de lagliga gr\u00e4nserna f\u00f6r THC. Den \u00e4r infuserad med en imponerande\u00a0<strong>THCA-halt p\u00e5 21%<\/strong>, medan\u00a0<strong>THC-halten \u00e4r mycket l\u00e5g p\u00e5 endast 0,18%.\u00f7<\/strong><\/p>\n<ul>\n<li>Magiske landm\u00e6nd<\/li>\n<li>THC &#8211; Free<\/li>\n<li>21% THCA<\/li>\n<\/ul>\n<p>Se ogs\u00e5 her:\u00a0<a href=\"https:\/\/staging.swizzle.se\/dk\/product-2\/thca-buds-blue-mist-21-magic-farmers\/\">THCA BUDS\u00a0 Blue Mist 21% \u00a0<\/a>&amp;\u00a0<a href=\"https:\/\/staging.swizzle.se\/dk\/product-2\/thca-moon-rocks-65-magic-farmers\/\">THCA Moon Rocks 65%<\/a><\/p>\n<p><strong>Bem\u00e6rk!<\/strong><br \/>\nDu skal v\u00e6re mindst 18 \u00e5r gammel for at k\u00f8be dette produkt. Det er ikke beregnet som medicin, kosttilskud eller naturprodukt. Vi opfordrer ikke til at indtage eller ryge dette produkt. Opbevar det utilg\u00e6ngeligt for b\u00f8rn Vi fraskriver os ethvert ansvar for, hvordan du som kunde bruger vores produkter. Vi s\u00e6lger dem til indsamlings- og prydform\u00e5l.<\/p>","protected":false},"excerpt":{"rendered":"<h2>SUPERDEAL! 100g THCA Wonderland Haze<\/h2>\n<p><b>PASSA P\u00c5 DETTA GRYMMA ERBJUDANDE!<\/b><\/p>\n<p><b>Black Week deal, 100 g WONDERLAND HAZE f\u00f6r 3725kr! (37,25kr\/g)<\/b><\/p>\n<p>Wonderland Haze THCA buds \u00e4r en sp\u00e4nnande produkt f\u00f6r de som vill samla p\u00e5 en kraftfull och ren THCA-effekt utan att \u00f6verskrida de lagliga gr\u00e4nserna f\u00f6r THC. Den \u00e4r infuserad med en imponerande\u00a0<strong>THCA-halt p\u00e5 21%<\/strong>, medan\u00a0<strong>THC-halten \u00e4r mycket l\u00e5g p\u00e5 endast 0,18%<\/strong>.<\/p>\n<ul>\n<li>Magiske landm\u00e6nd<\/li>\n<li>THC &#8211; Free<\/li>\n<li>21% THCA<\/li>\n<\/ul>","protected":false},"featured_media":280237,"comment_status":"closed","ping_status":"closed","template":"","meta":{"site-sidebar-layout":"default","site-content-layout":"","ast-site-content-layout":"default","site-content-style":"default","site-sidebar-style":"default","ast-global-header-display":"","ast-banner-title-visibility":"","ast-main-header-display":"","ast-hfb-above-header-display":"","ast-hfb-below-header-display":"","ast-hfb-mobile-header-display":"","site-post-title":"","ast-breadcrumbs-content":"","ast-featured-img":"","footer-sml-layout":"","ast-disable-related-posts":"","theme-transparent-header-meta":"default","adv-header-id-meta":"","stick-header-meta":"default","header-above-stick-meta":"","header-main-stick-meta":"","header-below-stick-meta":"","astra-migrate-meta-layouts":"set","ast-page-background-enabled":"default","ast-page-background-meta":{"desktop":{"background-color":"var(--ast-global-color-4)","background-image":"","background-repeat":"repeat","background-position":"center center","background-size":"auto","background-attachment":"scroll","background-type":"","background-media":"","overlay-type":"","overlay-color":"","overlay-opacity":"","overlay-gradient":""},"tablet":{"background-color":"","background-image":"","background-repeat":"repeat","background-position":"center center","background-size":"auto","background-attachment":"scroll","background-type":"","background-media":"","overlay-type":"","overlay-color":"","overlay-opacity":"","overlay-gradient":""},"mobile":{"background-color":"","background-image":"","background-repeat":"repeat","background-position":"center center","background-size":"auto","background-attachment":"scroll","background-type":"","background-media":"","overlay-type":"","overlay-color":"","overlay-opacity":"","overlay-gradient":""}},"ast-content-background-meta":{"desktop":{"background-color":"var(--ast-global-color-5)","background-image":"","background-repeat":"repeat","background-position":"center center","background-size":"auto","background-attachment":"scroll","background-type":"","background-media":"","overlay-type":"","overlay-color":"","overlay-opacity":"","overlay-gradient":""},"tablet":{"background-color":"var(--ast-global-color-5)","background-image":"","background-repeat":"repeat","background-position":"center center","background-size":"auto","background-attachment":"scroll","background-type":"","background-media":"","overlay-type":"","overlay-color":"","overlay-opacity":"","overlay-gradient":""},"mobile":{"background-color":"var(--ast-global-color-5)","background-image":"","background-repeat":"repeat","background-position":"center center","background-size":"auto","background-attachment":"scroll","background-type":"","background-media":"","overlay-type":"","overlay-color":"","overlay-opacity":"","overlay-gradient":""}}},"product_brand":[756],"product_cat":[338,671,303,317],"product_tag":[],"superdeal":[],"product_variant_id":[],"class_list":{"0":"post-280234","1":"product","2":"type-product","3":"status-publish","4":"has-post-thumbnail","6":"product_brand-magic-farmers","7":"product_cat-deals","8":"product_cat-superdeals","9":"product_cat-thca","10":"product_cat-thca-buds-blommor","11":"desktop-align-center","12":"tablet-align-left","13":"mobile-align-left","14":"ast-product-gallery-layout-horizontal-slider","15":"ast-product-gallery-with-no-image","16":"ast-magnify-disabled","17":"ast-product-tabs-layout-horizontal","19":"first","20":"outofstock","21":"sale","22":"taxable","23":"shipping-taxable","24":"purchasable","25":"product-type-simple"},"yoast_head":"<!-- This site is optimized with the Yoast SEO Premium plugin v26.9 (Yoast SEO v26.9) - https:\/\/yoast.com\/product\/yoast-seo-premium-wordpress\/ -->\n<title>SUPERDEAL! 50g THCA Wonderland Haze<\/title>\n<meta name=\"description\" content=\"SUPERDEAL! 50g THCA Wonderland Haze, Black Week deal, 100 g WONDERLAND HAZE f\u00f6r 3725kr! (37,25kr\/g) Magic Farmers THC - Free.\" \/>\n<meta name=\"robots\" content=\"noindex, follow, max-snippet:-1, max-image-preview:large, max-video-preview:-1\" \/>\n<meta property=\"og:locale\" content=\"da_DK\" \/>\n<meta property=\"og:type\" content=\"article\" \/>\n<meta property=\"og:title\" content=\"SUPERDEAL! 100g THCA Wonderland Haze\" \/>\n<meta property=\"og:description\" content=\"SUPERDEAL! 50g THCA Wonderland Haze, Black Week deal, 100 g WONDERLAND HAZE f\u00f6r 3725kr! (37,25kr\/g) Magic Farmers THC - Free.\" \/>\n<meta property=\"og:url\" content=\"https:\/\/www.swizzle.se\/produkt\/superdeal-100g-thca-wonderland-haze\/\" \/>\n<meta property=\"og:site_name\" content=\"Swizzle\" \/>\n<meta property=\"article:modified_time\" content=\"2026-02-04T13:45:41+00:00\" \/>\n<meta property=\"og:image\" content=\"https:\/\/www.swizzle.se\/wp-content\/uploads\/2025\/11\/ratt-bakrund-canadips-2025-11-27T115428.669.jpg\" \/>\n\t<meta property=\"og:image:width\" content=\"600\" \/>\n\t<meta property=\"og:image:height\" content=\"600\" \/>\n\t<meta property=\"og:image:type\" content=\"image\/jpeg\" \/>\n<meta name=\"twitter:card\" content=\"summary_large_image\" \/>\n<meta name=\"twitter:label1\" content=\"Pris\" \/>\n\t<meta name=\"twitter:data1\" content=\"3 ,725.00&nbsp;&#107;&#114;\" \/>\n\t<meta name=\"twitter:label2\" content=\"Tilg\u00e6ngelighed\" \/>\n\t<meta name=\"twitter:data2\" content=\"Ikke p\u00e5 lager\" \/>\n<script type=\"application\/ld+json\" class=\"yoast-schema-graph\">{\"@context\":\"https:\/\/schema.org\",\"@graph\":[{\"@type\":\"WebPage\",\"@id\":\"https:\/\/www.swizzle.se\/produkt\/superdeal-100g-thca-wonderland-haze\/\",\"url\":\"https:\/\/www.swizzle.se\/produkt\/superdeal-100g-thca-wonderland-haze\/\",\"name\":\"SUPERDEAL! 50g THCA Wonderland Haze\",\"isPartOf\":{\"@id\":\"https:\/\/staging.swizzle.se\/#website\"},\"primaryImageOfPage\":{\"@id\":\"https:\/\/www.swizzle.se\/produkt\/superdeal-100g-thca-wonderland-haze\/#primaryimage\"},\"image\":{\"@id\":\"https:\/\/www.swizzle.se\/produkt\/superdeal-100g-thca-wonderland-haze\/#primaryimage\"},\"thumbnailUrl\":\"https:\/\/staging.swizzle.se\/wp-content\/uploads\/2025\/11\/ratt-bakrund-canadips-2025-11-27T115428.669.jpg\",\"datePublished\":\"2025-11-27T10:50:58+00:00\",\"dateModified\":\"2026-02-04T13:45:41+00:00\",\"description\":\"SUPERDEAL! 50g THCA Wonderland Haze, Black Week deal, 100 g WONDERLAND HAZE f\u00f6r 3725kr! (37,25kr\/g) Magic Farmers THC - Free.\",\"breadcrumb\":{\"@id\":\"https:\/\/www.swizzle.se\/produkt\/superdeal-100g-thca-wonderland-haze\/#breadcrumb\"},\"inLanguage\":\"da-DK\",\"potentialAction\":[{\"@type\":\"ReadAction\",\"target\":[\"https:\/\/www.swizzle.se\/produkt\/superdeal-100g-thca-wonderland-haze\/\"]}]},{\"@type\":\"ImageObject\",\"inLanguage\":\"da-DK\",\"@id\":\"https:\/\/www.swizzle.se\/produkt\/superdeal-100g-thca-wonderland-haze\/#primaryimage\",\"url\":\"https:\/\/staging.swizzle.se\/wp-content\/uploads\/2025\/11\/ratt-bakrund-canadips-2025-11-27T115428.669.jpg\",\"contentUrl\":\"https:\/\/staging.swizzle.se\/wp-content\/uploads\/2025\/11\/ratt-bakrund-canadips-2025-11-27T115428.669.jpg\",\"width\":600,\"height\":600,\"caption\":\"SUPERDEAL! 100g THCA Wonderland Haze\"},{\"@type\":\"BreadcrumbList\",\"@id\":\"https:\/\/www.swizzle.se\/produkt\/superdeal-100g-thca-wonderland-haze\/#breadcrumb\",\"itemListElement\":[{\"@type\":\"ListItem\",\"position\":1,\"name\":\"Home\",\"item\":\"https:\/\/www.swizzle.se\/\"},{\"@type\":\"ListItem\",\"position\":2,\"name\":\"Shop\",\"item\":\"https:\/\/www.swizzle.se\/shop\/\"},{\"@type\":\"ListItem\",\"position\":3,\"name\":\"THCA\",\"item\":\"https:\/\/www.swizzle.se\/produkt-kategori\/thca\/\"},{\"@type\":\"ListItem\",\"position\":4,\"name\":\"SUPERDEAL! 100g THCA Wonderland Haze\"}]},{\"@type\":\"WebSite\",\"@id\":\"https:\/\/staging.swizzle.se\/#website\",\"url\":\"https:\/\/staging.swizzle.se\/\",\"name\":\"Swizzle\",\"description\":\"Nikotin CBD Vapes Snus White Portion\",\"publisher\":{\"@id\":\"https:\/\/staging.swizzle.se\/#organization\"},\"potentialAction\":[{\"@type\":\"SearchAction\",\"target\":{\"@type\":\"EntryPoint\",\"urlTemplate\":\"https:\/\/staging.swizzle.se\/?s={search_term_string}\"},\"query-input\":{\"@type\":\"PropertyValueSpecification\",\"valueRequired\":true,\"valueName\":\"search_term_string\"}}],\"inLanguage\":\"da-DK\"},{\"@type\":\"Organization\",\"@id\":\"https:\/\/staging.swizzle.se\/#organization\",\"name\":\"Swizzle\",\"url\":\"https:\/\/staging.swizzle.se\/\",\"logo\":{\"@type\":\"ImageObject\",\"inLanguage\":\"da-DK\",\"@id\":\"https:\/\/staging.swizzle.se\/#\/schema\/logo\/image\/\",\"url\":\"https:\/\/staging.swizzle.se\/wp-content\/uploads\/2025\/10\/cropped-SWIZZLE.-4.png\",\"contentUrl\":\"https:\/\/staging.swizzle.se\/wp-content\/uploads\/2025\/10\/cropped-SWIZZLE.-4.png\",\"width\":800,\"height\":267,\"caption\":\"Swizzle\"},\"image\":{\"@id\":\"https:\/\/staging.swizzle.se\/#\/schema\/logo\/image\/\"},\"hasMerchantReturnPolicy\":{\"@type\":\"MerchantReturnPolicy\",\"merchantReturnLink\":\"https:\/\/staging.swizzle.se\/dk\/villkor\/\"}}]}<\/script>\n<meta property=\"product:price:amount\" content=\"3725.00\" \/>\n<meta property=\"product:price:currency\" content=\"SEK\" \/>\n<meta property=\"og:availability\" content=\"out of stock\" \/>\n<meta property=\"product:availability\" content=\"out of stock\" \/>\n<meta property=\"product:condition\" content=\"new\" \/>\n<!-- \/ Yoast SEO Premium plugin. -->","yoast_head_json":{"title":"SUPERDEAL! 50g THCA Wonderland Haze","description":"SUPERDEAL! 50g THCA Wonderland Haze, Black Week deal, 100 g WONDERLAND HAZE f\u00f6r 3725kr! (37,25kr\/g) Magic Farmers THC - Free.","robots":{"index":"noindex","follow":"follow","max-snippet":"max-snippet:-1","max-image-preview":"max-image-preview:large","max-video-preview":"max-video-preview:-1"},"og_locale":"da_DK","og_type":"article","og_title":"SUPERDEAL! 100g THCA Wonderland Haze","og_description":"SUPERDEAL! 50g THCA Wonderland Haze, Black Week deal, 100 g WONDERLAND HAZE f\u00f6r 3725kr! (37,25kr\/g) Magic Farmers THC - Free.","og_url":"https:\/\/www.swizzle.se\/produkt\/superdeal-100g-thca-wonderland-haze\/","og_site_name":"Swizzle","article_modified_time":"2026-02-04T13:45:41+00:00","og_image":[{"width":600,"height":600,"url":"https:\/\/www.swizzle.se\/wp-content\/uploads\/2025\/11\/ratt-bakrund-canadips-2025-11-27T115428.669.jpg","type":"image\/jpeg"}],"twitter_card":"summary_large_image","twitter_misc":{"Pris":"3 ,725.00&nbsp;&#107;&#114;","Tilg\u00e6ngelighed":"Ikke p\u00e5 lager"},"schema":{"@context":"https:\/\/schema.org","@graph":[{"@type":"WebPage","@id":"https:\/\/www.swizzle.se\/produkt\/superdeal-100g-thca-wonderland-haze\/","url":"https:\/\/www.swizzle.se\/produkt\/superdeal-100g-thca-wonderland-haze\/","name":"SUPERDEAL! 50g THCA Wonderland Haze","isPartOf":{"@id":"https:\/\/staging.swizzle.se\/#website"},"primaryImageOfPage":{"@id":"https:\/\/www.swizzle.se\/produkt\/superdeal-100g-thca-wonderland-haze\/#primaryimage"},"image":{"@id":"https:\/\/www.swizzle.se\/produkt\/superdeal-100g-thca-wonderland-haze\/#primaryimage"},"thumbnailUrl":"https:\/\/staging.swizzle.se\/wp-content\/uploads\/2025\/11\/ratt-bakrund-canadips-2025-11-27T115428.669.jpg","datePublished":"2025-11-27T10:50:58+00:00","dateModified":"2026-02-04T13:45:41+00:00","description":"SUPERDEAL! 50g THCA Wonderland Haze, Black Week deal, 100 g WONDERLAND HAZE f\u00f6r 3725kr! (37,25kr\/g) Magic Farmers THC - Free.","breadcrumb":{"@id":"https:\/\/www.swizzle.se\/produkt\/superdeal-100g-thca-wonderland-haze\/#breadcrumb"},"inLanguage":"da-DK","potentialAction":[{"@type":"ReadAction","target":["https:\/\/www.swizzle.se\/produkt\/superdeal-100g-thca-wonderland-haze\/"]}]},{"@type":"ImageObject","inLanguage":"da-DK","@id":"https:\/\/www.swizzle.se\/produkt\/superdeal-100g-thca-wonderland-haze\/#primaryimage","url":"https:\/\/staging.swizzle.se\/wp-content\/uploads\/2025\/11\/ratt-bakrund-canadips-2025-11-27T115428.669.jpg","contentUrl":"https:\/\/staging.swizzle.se\/wp-content\/uploads\/2025\/11\/ratt-bakrund-canadips-2025-11-27T115428.669.jpg","width":600,"height":600,"caption":"SUPERDEAL! 100g THCA Wonderland Haze"},{"@type":"BreadcrumbList","@id":"https:\/\/www.swizzle.se\/produkt\/superdeal-100g-thca-wonderland-haze\/#breadcrumb","itemListElement":[{"@type":"ListItem","position":1,"name":"Home","item":"https:\/\/www.swizzle.se\/"},{"@type":"ListItem","position":2,"name":"Shop","item":"https:\/\/www.swizzle.se\/shop\/"},{"@type":"ListItem","position":3,"name":"THCA","item":"https:\/\/www.swizzle.se\/produkt-kategori\/thca\/"},{"@type":"ListItem","position":4,"name":"SUPERDEAL! 100g THCA Wonderland Haze"}]},{"@type":"WebSite","@id":"https:\/\/staging.swizzle.se\/#website","url":"https:\/\/staging.swizzle.se\/","name":"Swizzle","description":"Nikotin CBD Vapes Snus Hvid Portion","publisher":{"@id":"https:\/\/staging.swizzle.se\/#organization"},"potentialAction":[{"@type":"SearchAction","target":{"@type":"EntryPoint","urlTemplate":"https:\/\/staging.swizzle.se\/?s={search_term_string}"},"query-input":{"@type":"PropertyValueSpecification","valueRequired":true,"valueName":"search_term_string"}}],"inLanguage":"da-DK"},{"@type":"Organization","@id":"https:\/\/staging.swizzle.se\/#organization","name":"Swizzle","url":"https:\/\/staging.swizzle.se\/","logo":{"@type":"ImageObject","inLanguage":"da-DK","@id":"https:\/\/staging.swizzle.se\/#\/schema\/logo\/image\/","url":"https:\/\/staging.swizzle.se\/wp-content\/uploads\/2025\/10\/cropped-SWIZZLE.-4.png","contentUrl":"https:\/\/staging.swizzle.se\/wp-content\/uploads\/2025\/10\/cropped-SWIZZLE.-4.png","width":800,"height":267,"caption":"Swizzle"},"image":{"@id":"https:\/\/staging.swizzle.se\/#\/schema\/logo\/image\/"},"hasMerchantReturnPolicy":{"@type":"MerchantReturnPolicy","merchantReturnLink":"https:\/\/staging.swizzle.se\/dk\/villkor\/"}}]},"product_price_amount":"3725.00","product_price_currency":"SEK","og_availability":"out of stock","product_availability":"out of stock","product_condition":"new"},"tiered_pricing_type":"fixed","tiered_pricing_fixed_rules":[],"tiered_pricing_product_settings":{"layout":"default","base_unit_name":{"singular":null,"plural":null},"default_variation":null},"tiered_pricing_minimum_quantity":null,"tiered_pricing_roles_data":[],"tiered_pricing_percentage_rules":[],"tiered_pricing_maximum_quantity":null,"tiered_pricing_quantity_step":null,"_links":{"self":[{"href":"https:\/\/staging.swizzle.se\/dk\/wp-json\/wp\/v2\/product\/280234","targetHints":{"allow":["GET"]}}],"collection":[{"href":"https:\/\/staging.swizzle.se\/dk\/wp-json\/wp\/v2\/product"}],"about":[{"href":"https:\/\/staging.swizzle.se\/dk\/wp-json\/wp\/v2\/types\/product"}],"replies":[{"embeddable":true,"href":"https:\/\/staging.swizzle.se\/dk\/wp-json\/wp\/v2\/comments?post=280234"}],"version-history":[{"count":0,"href":"https:\/\/staging.swizzle.se\/dk\/wp-json\/wp\/v2\/product\/280234\/revisions"}],"wp:featuredmedia":[{"embeddable":true,"href":"https:\/\/staging.swizzle.se\/dk\/wp-json\/wp\/v2\/media\/280237"}],"wp:attachment":[{"href":"https:\/\/staging.swizzle.se\/dk\/wp-json\/wp\/v2\/media?parent=280234"}],"wp:term":[{"taxonomy":"product_brand","embeddable":true,"href":"https:\/\/staging.swizzle.se\/dk\/wp-json\/wp\/v2\/product_brand?post=280234"},{"taxonomy":"product_cat","embeddable":true,"href":"https:\/\/staging.swizzle.se\/dk\/wp-json\/wp\/v2\/product_cat?post=280234"},{"taxonomy":"product_tag","embeddable":true,"href":"https:\/\/staging.swizzle.se\/dk\/wp-json\/wp\/v2\/product_tag?post=280234"},{"taxonomy":"superdeal","embeddable":true,"href":"https:\/\/staging.swizzle.se\/dk\/wp-json\/wp\/v2\/superdeal?post=280234"},{"taxonomy":"product_variant_id","embeddable":true,"href":"https:\/\/staging.swizzle.se\/dk\/wp-json\/wp\/v2\/product_variant_id?post=280234"}],"curies":[{"name":"wp","href":"https:\/\/api.w.org\/{rel}","templated":true}]}}