{"id":279822,"date":"2025-11-24T10:12:33","date_gmt":"2025-11-24T10:12:33","guid":{"rendered":"https:\/\/staging.swizzle.se\/?post_type=product&#038;p=279822"},"modified":"2026-01-19T17:47:51","modified_gmt":"2026-01-19T17:47:51","slug":"superdeal-25g-thca-mazar-sharif","status":"publish","type":"product","link":"https:\/\/staging.swizzle.se\/dk\/product-2\/superdeal-25g-thca-mazar-sharif\/","title":{"rendered":"SUPERDEAL! 25g THCA Mazar Sharif"},"content":{"rendered":"<div class=\"woocommerce-tabs wc-tabs-wrapper\">\n<div id=\"tab-description\" class=\"woocommerce-Tabs-panel woocommerce-Tabs-panel--description panel entry-content wc-tab\" role=\"tabpanel\" aria-labelledby=\"tab-title-description\">\n<h1>Mazar Sharif 31% THCA Hash Magic Farmers<\/h1>\n<p><b>PASSA P\u00c5 DETTA GRYMMA ERBJUDANDE!<\/b><\/p>\n<p><b>Black Week Deal, 25 g MAZAR SHARIF f\u00f6r 1499kr! (59.9 kr\/g)<\/b><\/p>\n<p>Ett hash som utstr\u00e5lar renhet, med sin m\u00f6rkt bruna och kolaaktiga konsistens&#8230; Mazar Sharif 31% THCA Hash Magic Farmers \u00e4r eliten bland hash, perfekt f\u00f6r dem som letar efter en rik och intensiv upplevelse.<\/p>\n<p>Denna lilla p\u00e4rla med sina 31% THCA lovar djup avslappning som lugnar kropp och sj\u00e4l. Mazar Sharif \u00e4r utvecklad i Schweiz och imponerar med sin kvalitet och kolaliknande karrakt\u00e4r; den erbjuder en n\u00e5got s\u00f6t smak och avslutas med mix av kryddor Oavsett om du vill koppla av efter en l\u00e5ng dag eller f\u00f6r en stunds lugn &#8211; detta hash erbjuder en upplevelse som lever upp till sin f\u00f6rstklassiga kvalitet.<\/p>\n<p>F\u00f6rvaring:<\/p>\n<ul>\n<li>Torrt<\/li>\n<li>Luftt\u00e4t och helst vacuum.<\/li>\n<li>THC-fri<\/li>\n<\/ul>\n<p>Se ogs\u00e5 her:\u00a0<a href=\"https:\/\/staging.swizzle.se\/dk\/product-2\/hash-gold-bar-33-thca-magic-farmers\/\">Hash Gold Bar 33% THCA\u00a0 Magic Farmers<\/a><\/p>\n<p><strong>Bem\u00e6rk!<\/strong><br \/>\nDu skal v\u00e6re mindst 18 \u00e5r gammel for at k\u00f8be dette produkt. Det er ikke beregnet som medicin, kosttilskud eller naturprodukt. Vi opfordrer ikke til at indtage eller ryge dette produkt. Opbevar det utilg\u00e6ngeligt for b\u00f8rn Vi fraskriver os ethvert ansvar for, hvordan du som kunde bruger vores produkter. Vi s\u00e6lger dem til indsamlings- og prydform\u00e5l.<\/p>\n<\/div>\n<\/div>","protected":false},"excerpt":{"rendered":"<p><strong>Mazar Sharif 31% THCA Hash Magic Farmers<\/strong><\/p>\n<p><b>PASSA P\u00c5 DETTA GRYMMA ERBJUDANDE!<\/b><\/p>\n<p><b>Black Week Deal, 25 g MAZAR SHARIF f\u00f6r 1499kr! (59.9 kr\/g)<\/b><\/p>\n<p>Ett hash som utstr\u00e5lar renhet, med sin m\u00f6rkt bruna och kolaaktiga konsistens&#8230; Mazar Sharif 31% THCA Hash Magic Farmers \u00e4r eliten bland hash, perfekt f\u00f6r dem som letar efter en rik och intensiv upplevelse.<\/p>\n<ul>\n<li>Torrt<\/li>\n<li>Luftt\u00e4t och helst vacuum.<\/li>\n<li>THC-fri<\/li>\n<\/ul>\n<p>Dette produkt har en mindsteprisgaranti, l\u00e6s mere om, hvad det betyder.<a href=\"https:\/\/staging.swizzle.se\/dk\/lagsta-pris-garanti\/\"><b>\u00a0her<\/b><\/a>.<\/p>","protected":false},"featured_media":279823,"comment_status":"closed","ping_status":"closed","template":"","meta":{"site-sidebar-layout":"default","site-content-layout":"","ast-site-content-layout":"default","site-content-style":"default","site-sidebar-style":"default","ast-global-header-display":"","ast-banner-title-visibility":"","ast-main-header-display":"","ast-hfb-above-header-display":"","ast-hfb-below-header-display":"","ast-hfb-mobile-header-display":"","site-post-title":"","ast-breadcrumbs-content":"","ast-featured-img":"","footer-sml-layout":"","ast-disable-related-posts":"","theme-transparent-header-meta":"default","adv-header-id-meta":"","stick-header-meta":"default","header-above-stick-meta":"","header-main-stick-meta":"","header-below-stick-meta":"","astra-migrate-meta-layouts":"set","ast-page-background-enabled":"default","ast-page-background-meta":{"desktop":{"background-color":"var(--ast-global-color-4)","background-image":"","background-repeat":"repeat","background-position":"center center","background-size":"auto","background-attachment":"scroll","background-type":"","background-media":"","overlay-type":"","overlay-color":"","overlay-opacity":"","overlay-gradient":""},"tablet":{"background-color":"","background-image":"","background-repeat":"repeat","background-position":"center center","background-size":"auto","background-attachment":"scroll","background-type":"","background-media":"","overlay-type":"","overlay-color":"","overlay-opacity":"","overlay-gradient":""},"mobile":{"background-color":"","background-image":"","background-repeat":"repeat","background-position":"center center","background-size":"auto","background-attachment":"scroll","background-type":"","background-media":"","overlay-type":"","overlay-color":"","overlay-opacity":"","overlay-gradient":""}},"ast-content-background-meta":{"desktop":{"background-color":"var(--ast-global-color-5)","background-image":"","background-repeat":"repeat","background-position":"center center","background-size":"auto","background-attachment":"scroll","background-type":"","background-media":"","overlay-type":"","overlay-color":"","overlay-opacity":"","overlay-gradient":""},"tablet":{"background-color":"var(--ast-global-color-5)","background-image":"","background-repeat":"repeat","background-position":"center center","background-size":"auto","background-attachment":"scroll","background-type":"","background-media":"","overlay-type":"","overlay-color":"","overlay-opacity":"","overlay-gradient":""},"mobile":{"background-color":"var(--ast-global-color-5)","background-image":"","background-repeat":"repeat","background-position":"center center","background-size":"auto","background-attachment":"scroll","background-type":"","background-media":"","overlay-type":"","overlay-color":"","overlay-opacity":"","overlay-gradient":""}}},"product_brand":[],"product_cat":[338,671,303,325],"product_tag":[],"superdeal":[],"product_variant_id":[],"class_list":{"0":"post-279822","1":"product","2":"type-product","3":"status-publish","4":"has-post-thumbnail","6":"product_cat-deals","7":"product_cat-superdeals","8":"product_cat-thca","9":"product_cat-thca-hash","10":"desktop-align-center","11":"tablet-align-left","12":"mobile-align-left","13":"ast-product-gallery-layout-horizontal-slider","14":"ast-product-gallery-with-no-image","15":"ast-magnify-disabled","16":"ast-product-tabs-layout-horizontal","18":"first","19":"outofstock","20":"sale","21":"taxable","22":"shipping-taxable","23":"purchasable","24":"product-type-simple"},"yoast_head":"<!-- This site is optimized with the Yoast SEO Premium plugin v26.9 (Yoast SEO v26.9) - https:\/\/yoast.com\/product\/yoast-seo-premium-wordpress\/ -->\n<title>SUPERDEAL! 25g THCA Mazar Sharif<\/title>\n<meta name=\"description\" content=\"SUPERDEAL! 25g THCA Mazar Sharif. PASSA P\u00c5 DETTA GRYMMA ERBJUDANDE!Black Week Deal, 25 g MAZAR SHARIF f\u00f6r 1499kr! (59.9 kr\/g)\" \/>\n<meta name=\"robots\" content=\"noindex, follow, max-snippet:-1, max-image-preview:large, max-video-preview:-1\" \/>\n<meta property=\"og:locale\" content=\"da_DK\" \/>\n<meta property=\"og:type\" content=\"article\" \/>\n<meta property=\"og:title\" content=\"SUPERDEAL! 25g THCA Mazar Sharif\" \/>\n<meta property=\"og:description\" content=\"SUPERDEAL! 25g THCA Mazar Sharif. PASSA P\u00c5 DETTA GRYMMA ERBJUDANDE!Black Week Deal, 25 g MAZAR SHARIF f\u00f6r 1499kr! (59.9 kr\/g)\" \/>\n<meta property=\"og:url\" content=\"https:\/\/www.swizzle.se\/produkt\/superdeal-25g-thca-mazar-sharif\/\" \/>\n<meta property=\"og:site_name\" content=\"Swizzle\" \/>\n<meta property=\"article:modified_time\" content=\"2026-01-19T17:47:51+00:00\" \/>\n<meta property=\"og:image\" content=\"https:\/\/www.swizzle.se\/wp-content\/uploads\/2025\/11\/ratt-bakrund-canadips-2025-11-24T111441.179.jpg\" \/>\n\t<meta property=\"og:image:width\" content=\"600\" \/>\n\t<meta property=\"og:image:height\" content=\"600\" \/>\n\t<meta property=\"og:image:type\" content=\"image\/jpeg\" \/>\n<meta name=\"twitter:card\" content=\"summary_large_image\" \/>\n<meta name=\"twitter:label1\" content=\"Pris\" \/>\n\t<meta name=\"twitter:data1\" content=\"1 ,499.00&nbsp;&#107;&#114;\" \/>\n\t<meta name=\"twitter:label2\" content=\"Tilg\u00e6ngelighed\" \/>\n\t<meta name=\"twitter:data2\" content=\"Ikke p\u00e5 lager\" \/>\n<script type=\"application\/ld+json\" class=\"yoast-schema-graph\">{\"@context\":\"https:\/\/schema.org\",\"@graph\":[{\"@type\":\"WebPage\",\"@id\":\"https:\/\/www.swizzle.se\/produkt\/superdeal-25g-thca-mazar-sharif\/\",\"url\":\"https:\/\/www.swizzle.se\/produkt\/superdeal-25g-thca-mazar-sharif\/\",\"name\":\"SUPERDEAL! 25g THCA Mazar Sharif\",\"isPartOf\":{\"@id\":\"https:\/\/staging.swizzle.se\/#website\"},\"primaryImageOfPage\":{\"@id\":\"https:\/\/www.swizzle.se\/produkt\/superdeal-25g-thca-mazar-sharif\/#primaryimage\"},\"image\":{\"@id\":\"https:\/\/www.swizzle.se\/produkt\/superdeal-25g-thca-mazar-sharif\/#primaryimage\"},\"thumbnailUrl\":\"https:\/\/staging.swizzle.se\/wp-content\/uploads\/2025\/11\/ratt-bakrund-canadips-2025-11-24T111441.179.jpg\",\"datePublished\":\"2025-11-24T10:12:33+00:00\",\"dateModified\":\"2026-01-19T17:47:51+00:00\",\"description\":\"SUPERDEAL! 25g THCA Mazar Sharif. PASSA P\u00c5 DETTA GRYMMA ERBJUDANDE!Black Week Deal, 25 g MAZAR SHARIF f\u00f6r 1499kr! (59.9 kr\/g)\",\"breadcrumb\":{\"@id\":\"https:\/\/www.swizzle.se\/produkt\/superdeal-25g-thca-mazar-sharif\/#breadcrumb\"},\"inLanguage\":\"da-DK\",\"potentialAction\":[{\"@type\":\"ReadAction\",\"target\":[\"https:\/\/www.swizzle.se\/produkt\/superdeal-25g-thca-mazar-sharif\/\"]}]},{\"@type\":\"ImageObject\",\"inLanguage\":\"da-DK\",\"@id\":\"https:\/\/www.swizzle.se\/produkt\/superdeal-25g-thca-mazar-sharif\/#primaryimage\",\"url\":\"https:\/\/staging.swizzle.se\/wp-content\/uploads\/2025\/11\/ratt-bakrund-canadips-2025-11-24T111441.179.jpg\",\"contentUrl\":\"https:\/\/staging.swizzle.se\/wp-content\/uploads\/2025\/11\/ratt-bakrund-canadips-2025-11-24T111441.179.jpg\",\"width\":600,\"height\":600,\"caption\":\"SUPERDEAL! 25g THCA Mazar Sharif\"},{\"@type\":\"BreadcrumbList\",\"@id\":\"https:\/\/www.swizzle.se\/produkt\/superdeal-25g-thca-mazar-sharif\/#breadcrumb\",\"itemListElement\":[{\"@type\":\"ListItem\",\"position\":1,\"name\":\"Home\",\"item\":\"https:\/\/www.swizzle.se\/\"},{\"@type\":\"ListItem\",\"position\":2,\"name\":\"Shop\",\"item\":\"https:\/\/www.swizzle.se\/shop\/\"},{\"@type\":\"ListItem\",\"position\":3,\"name\":\"THCA\",\"item\":\"https:\/\/www.swizzle.se\/produkt-kategori\/thca\/\"},{\"@type\":\"ListItem\",\"position\":4,\"name\":\"SUPERDEAL! 25g THCA Mazar Sharif\"}]},{\"@type\":\"WebSite\",\"@id\":\"https:\/\/staging.swizzle.se\/#website\",\"url\":\"https:\/\/staging.swizzle.se\/\",\"name\":\"Swizzle\",\"description\":\"Nikotin CBD Vapes Snus White Portion\",\"publisher\":{\"@id\":\"https:\/\/staging.swizzle.se\/#organization\"},\"potentialAction\":[{\"@type\":\"SearchAction\",\"target\":{\"@type\":\"EntryPoint\",\"urlTemplate\":\"https:\/\/staging.swizzle.se\/?s={search_term_string}\"},\"query-input\":{\"@type\":\"PropertyValueSpecification\",\"valueRequired\":true,\"valueName\":\"search_term_string\"}}],\"inLanguage\":\"da-DK\"},{\"@type\":\"Organization\",\"@id\":\"https:\/\/staging.swizzle.se\/#organization\",\"name\":\"Swizzle\",\"url\":\"https:\/\/staging.swizzle.se\/\",\"logo\":{\"@type\":\"ImageObject\",\"inLanguage\":\"da-DK\",\"@id\":\"https:\/\/staging.swizzle.se\/#\/schema\/logo\/image\/\",\"url\":\"https:\/\/staging.swizzle.se\/wp-content\/uploads\/2025\/10\/cropped-SWIZZLE.-4.png\",\"contentUrl\":\"https:\/\/staging.swizzle.se\/wp-content\/uploads\/2025\/10\/cropped-SWIZZLE.-4.png\",\"width\":800,\"height\":267,\"caption\":\"Swizzle\"},\"image\":{\"@id\":\"https:\/\/staging.swizzle.se\/#\/schema\/logo\/image\/\"},\"hasMerchantReturnPolicy\":{\"@type\":\"MerchantReturnPolicy\",\"merchantReturnLink\":\"https:\/\/staging.swizzle.se\/dk\/villkor\/\"}}]}<\/script>\n<meta property=\"product:price:amount\" content=\"1499.00\" \/>\n<meta property=\"product:price:currency\" content=\"SEK\" \/>\n<meta property=\"og:availability\" content=\"out of stock\" \/>\n<meta property=\"product:availability\" content=\"out of stock\" \/>\n<meta property=\"product:condition\" content=\"new\" \/>\n<!-- \/ Yoast SEO Premium plugin. -->","yoast_head_json":{"title":"SUPERDEAL! 25g THCA Mazar Sharif","description":"SUPERDEAL! 25g THCA Mazar Sharif. PASSA P\u00c5 DETTA GRYMMA ERBJUDANDE!Black Week Deal, 25 g MAZAR SHARIF f\u00f6r 1499kr! (59.9 kr\/g)","robots":{"index":"noindex","follow":"follow","max-snippet":"max-snippet:-1","max-image-preview":"max-image-preview:large","max-video-preview":"max-video-preview:-1"},"og_locale":"da_DK","og_type":"article","og_title":"SUPERDEAL! 25g THCA Mazar Sharif","og_description":"SUPERDEAL! 25g THCA Mazar Sharif. PASSA P\u00c5 DETTA GRYMMA ERBJUDANDE!Black Week Deal, 25 g MAZAR SHARIF f\u00f6r 1499kr! (59.9 kr\/g)","og_url":"https:\/\/www.swizzle.se\/produkt\/superdeal-25g-thca-mazar-sharif\/","og_site_name":"Swizzle","article_modified_time":"2026-01-19T17:47:51+00:00","og_image":[{"width":600,"height":600,"url":"https:\/\/www.swizzle.se\/wp-content\/uploads\/2025\/11\/ratt-bakrund-canadips-2025-11-24T111441.179.jpg","type":"image\/jpeg"}],"twitter_card":"summary_large_image","twitter_misc":{"Pris":"1 ,499.00&nbsp;&#107;&#114;","Tilg\u00e6ngelighed":"Ikke p\u00e5 lager"},"schema":{"@context":"https:\/\/schema.org","@graph":[{"@type":"WebPage","@id":"https:\/\/www.swizzle.se\/produkt\/superdeal-25g-thca-mazar-sharif\/","url":"https:\/\/www.swizzle.se\/produkt\/superdeal-25g-thca-mazar-sharif\/","name":"SUPERDEAL! 25g THCA Mazar Sharif","isPartOf":{"@id":"https:\/\/staging.swizzle.se\/#website"},"primaryImageOfPage":{"@id":"https:\/\/www.swizzle.se\/produkt\/superdeal-25g-thca-mazar-sharif\/#primaryimage"},"image":{"@id":"https:\/\/www.swizzle.se\/produkt\/superdeal-25g-thca-mazar-sharif\/#primaryimage"},"thumbnailUrl":"https:\/\/staging.swizzle.se\/wp-content\/uploads\/2025\/11\/ratt-bakrund-canadips-2025-11-24T111441.179.jpg","datePublished":"2025-11-24T10:12:33+00:00","dateModified":"2026-01-19T17:47:51+00:00","description":"SUPERDEAL! 25g THCA Mazar Sharif. PASSA P\u00c5 DETTA GRYMMA ERBJUDANDE!Black Week Deal, 25 g MAZAR SHARIF f\u00f6r 1499kr! (59.9 kr\/g)","breadcrumb":{"@id":"https:\/\/www.swizzle.se\/produkt\/superdeal-25g-thca-mazar-sharif\/#breadcrumb"},"inLanguage":"da-DK","potentialAction":[{"@type":"ReadAction","target":["https:\/\/www.swizzle.se\/produkt\/superdeal-25g-thca-mazar-sharif\/"]}]},{"@type":"ImageObject","inLanguage":"da-DK","@id":"https:\/\/www.swizzle.se\/produkt\/superdeal-25g-thca-mazar-sharif\/#primaryimage","url":"https:\/\/staging.swizzle.se\/wp-content\/uploads\/2025\/11\/ratt-bakrund-canadips-2025-11-24T111441.179.jpg","contentUrl":"https:\/\/staging.swizzle.se\/wp-content\/uploads\/2025\/11\/ratt-bakrund-canadips-2025-11-24T111441.179.jpg","width":600,"height":600,"caption":"SUPERDEAL! 25g THCA Mazar Sharif"},{"@type":"BreadcrumbList","@id":"https:\/\/www.swizzle.se\/produkt\/superdeal-25g-thca-mazar-sharif\/#breadcrumb","itemListElement":[{"@type":"ListItem","position":1,"name":"Home","item":"https:\/\/www.swizzle.se\/"},{"@type":"ListItem","position":2,"name":"Shop","item":"https:\/\/www.swizzle.se\/shop\/"},{"@type":"ListItem","position":3,"name":"THCA","item":"https:\/\/www.swizzle.se\/produkt-kategori\/thca\/"},{"@type":"ListItem","position":4,"name":"SUPERDEAL! 25g THCA Mazar Sharif"}]},{"@type":"WebSite","@id":"https:\/\/staging.swizzle.se\/#website","url":"https:\/\/staging.swizzle.se\/","name":"Swizzle","description":"Nikotin CBD Vapes Snus Hvid Portion","publisher":{"@id":"https:\/\/staging.swizzle.se\/#organization"},"potentialAction":[{"@type":"SearchAction","target":{"@type":"EntryPoint","urlTemplate":"https:\/\/staging.swizzle.se\/?s={search_term_string}"},"query-input":{"@type":"PropertyValueSpecification","valueRequired":true,"valueName":"search_term_string"}}],"inLanguage":"da-DK"},{"@type":"Organization","@id":"https:\/\/staging.swizzle.se\/#organization","name":"Swizzle","url":"https:\/\/staging.swizzle.se\/","logo":{"@type":"ImageObject","inLanguage":"da-DK","@id":"https:\/\/staging.swizzle.se\/#\/schema\/logo\/image\/","url":"https:\/\/staging.swizzle.se\/wp-content\/uploads\/2025\/10\/cropped-SWIZZLE.-4.png","contentUrl":"https:\/\/staging.swizzle.se\/wp-content\/uploads\/2025\/10\/cropped-SWIZZLE.-4.png","width":800,"height":267,"caption":"Swizzle"},"image":{"@id":"https:\/\/staging.swizzle.se\/#\/schema\/logo\/image\/"},"hasMerchantReturnPolicy":{"@type":"MerchantReturnPolicy","merchantReturnLink":"https:\/\/staging.swizzle.se\/dk\/villkor\/"}}]},"product_price_amount":"1499.00","product_price_currency":"SEK","og_availability":"out of stock","product_availability":"out of stock","product_condition":"new"},"tiered_pricing_type":"fixed","tiered_pricing_fixed_rules":[],"tiered_pricing_product_settings":{"layout":"default","base_unit_name":{"singular":null,"plural":null},"default_variation":null},"tiered_pricing_minimum_quantity":null,"tiered_pricing_roles_data":[],"tiered_pricing_percentage_rules":[],"tiered_pricing_maximum_quantity":null,"tiered_pricing_quantity_step":null,"_links":{"self":[{"href":"https:\/\/staging.swizzle.se\/dk\/wp-json\/wp\/v2\/product\/279822","targetHints":{"allow":["GET"]}}],"collection":[{"href":"https:\/\/staging.swizzle.se\/dk\/wp-json\/wp\/v2\/product"}],"about":[{"href":"https:\/\/staging.swizzle.se\/dk\/wp-json\/wp\/v2\/types\/product"}],"replies":[{"embeddable":true,"href":"https:\/\/staging.swizzle.se\/dk\/wp-json\/wp\/v2\/comments?post=279822"}],"version-history":[{"count":0,"href":"https:\/\/staging.swizzle.se\/dk\/wp-json\/wp\/v2\/product\/279822\/revisions"}],"wp:featuredmedia":[{"embeddable":true,"href":"https:\/\/staging.swizzle.se\/dk\/wp-json\/wp\/v2\/media\/279823"}],"wp:attachment":[{"href":"https:\/\/staging.swizzle.se\/dk\/wp-json\/wp\/v2\/media?parent=279822"}],"wp:term":[{"taxonomy":"product_brand","embeddable":true,"href":"https:\/\/staging.swizzle.se\/dk\/wp-json\/wp\/v2\/product_brand?post=279822"},{"taxonomy":"product_cat","embeddable":true,"href":"https:\/\/staging.swizzle.se\/dk\/wp-json\/wp\/v2\/product_cat?post=279822"},{"taxonomy":"product_tag","embeddable":true,"href":"https:\/\/staging.swizzle.se\/dk\/wp-json\/wp\/v2\/product_tag?post=279822"},{"taxonomy":"superdeal","embeddable":true,"href":"https:\/\/staging.swizzle.se\/dk\/wp-json\/wp\/v2\/superdeal?post=279822"},{"taxonomy":"product_variant_id","embeddable":true,"href":"https:\/\/staging.swizzle.se\/dk\/wp-json\/wp\/v2\/product_variant_id?post=279822"}],"curies":[{"name":"wp","href":"https:\/\/api.w.org\/{rel}","templated":true}]}}