{"id":279737,"date":"2025-12-11T08:25:01","date_gmt":"2025-12-11T08:25:01","guid":{"rendered":"https:\/\/staging.swizzle.se\/?post_type=product&#038;p=279737"},"modified":"2026-02-24T20:49:59","modified_gmt":"2026-02-24T20:49:59","slug":"xqs-orange-apple-strong","status":"publish","type":"product","link":"https:\/\/staging.swizzle.se\/dk\/product-2\/xqs-orange-apple-strong\/","title":{"rendered":"XQS Orange Apple Strong"},"content":{"rendered":"<h2>XQS Orange Apple Strong \u2013 Extra starkt snus med apelsin &amp; \u00e4pple<\/h2>\n<p><strong>XQS Orange Apple Strong<\/strong> \u00e4r ett tobaksfritt vitt snus i slimformat med samma fruktiga smakkombination av <strong>apelsin och \u00e4pple<\/strong>, men med h\u00f6gre nikotinhalt f\u00f6r dig som vill ha en kraftfull nikotinupplevelse. Varje dosa inneh\u00e5ller 20 prillor och har en nikotinstyrka 8mg per portion (16 mg\/g).<\/p>\n<h3>Smak &amp; styrka<\/h3>\n<ul>\n<li>Smak: Apelsin &amp; \u00e4pple<\/li>\n<li>Nikotinstyrka: 8mg per portion (16 mg\/g)<\/li>\n<li>Format: Slim<\/li>\n<li>Tobaksfritt: Ja (all white)<\/li>\n<li>Portioner per dosa: 20<\/li>\n<\/ul>\n<h3>K\u00f6p XQS Orange Apple Strong online<\/h3>\n<p>Best\u00e4ll <strong>XQS Orange Apple Strong<\/strong> hos Swizzle f\u00f6r snabb leverans \u2013 ett utm\u00e4rkt val f\u00f6r dig som s\u00f6ker h\u00f6g styrka med fruktig karakt\u00e4r.<\/p>\n<h3>Relaterade produkter p\u00e5 Swizzle<\/h3>\n<ul>\n<li><a href=\"https:\/\/staging.swizzle.se\/dk\/product-2\/xqs-orange-apple\/\" target=\"_blank\" rel=\"noopener\">XQS Orange Apple<\/a><\/li>\n<li><a href=\"https:\/\/staging.swizzle.se\/dk\/product-2\/xqs-fizzy-peach-strong\/\" target=\"_blank\" rel=\"noopener\">XQS Fizzy Peach Strong<\/a><\/li>\n<li><a href=\"https:\/\/staging.swizzle.se\/dk\/product-2\/xqs-dark-banana-strong\/\" target=\"_blank\" rel=\"noopener\">XQS Dark Banana Strong<\/a><\/li>\n<\/ul>\n<h3>Om XQS<\/h3>\n<p><strong>XQS<\/strong> erbjuder ett stort utbud av tobaksfria nikotinp\u00e5sar med moderna smaker och styrkor. Deras produkter \u00e4r popul\u00e4ra f\u00f6r sin kvalitet, diskreta design och innovativa profil.<\/p>\n<hr \/>\n<p><strong>\u26a0\ufe0fVarning:<\/strong><br \/>\nDenna produkt inneh\u00e5ller nikotin som \u00e4r ett <strong>mycket beroendeframkallande \u00e4mne<\/strong>. <strong>18 \u00e5rsgr\u00e4ns.<\/strong><\/p>\n<p><strong>Bem\u00e6rk!<\/strong><br \/>\nDu m\u00e5ste vara minst 18 \u00e5r f\u00f6r att k\u00f6pa denna produkt. Den \u00e4r inte avsedd som l\u00e4kemedel, kosttillskott eller naturprodukt. Vi uppmuntrar inte till konsumtion eller r\u00f6kning av produkten.<br \/>\nF\u00f6rvara den utom r\u00e4ckh\u00e5ll f\u00f6r barn. Vi friskriver oss fr\u00e5n hur du som kund anv\u00e4nder v\u00e5ra produkter. Vi s\u00e4ljer dem f\u00f6r samlings- och prydnadssyften.<\/p>","protected":false},"excerpt":{"rendered":"<p><strong>XQS Orange Apple Strong<\/strong> \u00e4r ett tobaksfritt vitt snus i slimformat med samma fruktiga smakkombination av <strong>apelsin och \u00e4pple<\/strong>, men med h\u00f6gre nikotinhalt f\u00f6r dig som vill ha en kraftfull nikotinupplevelse. Varje dosa inneh\u00e5ller 20 prillor och har en nikotinstyrka 8mg per portion (16 mg\/g).<\/p>\n<h3>Smak &amp; styrka<\/h3>\n<ul>\n<li>Smak: Apelsin &amp; \u00e4pple<\/li>\n<li>Nikotinstyrka: 8mg per portion (16 mg\/g)<\/li>\n<li>Format: Slim<\/li>\n<li>Tobaksfritt: Ja (all white)<\/li>\n<li>Portioner per dosa: 20<\/li>\n<\/ul>\n<p><strong>\u26a0\ufe0f <\/strong><strong>Denna produkt inneh\u00e5ller nikotin som \u00e4r ett mycket beroendeframkallande \u00e4mne. 18 \u00e5rsgr\u00e4ns.<\/strong><\/p>","protected":false},"featured_media":279738,"comment_status":"closed","ping_status":"closed","template":"","meta":{"site-sidebar-layout":"default","site-content-layout":"","ast-site-content-layout":"default","site-content-style":"default","site-sidebar-style":"default","ast-global-header-display":"","ast-banner-title-visibility":"","ast-main-header-display":"","ast-hfb-above-header-display":"","ast-hfb-below-header-display":"","ast-hfb-mobile-header-display":"","site-post-title":"","ast-breadcrumbs-content":"","ast-featured-img":"","footer-sml-layout":"","ast-disable-related-posts":"","theme-transparent-header-meta":"default","adv-header-id-meta":"","stick-header-meta":"default","header-above-stick-meta":"","header-main-stick-meta":"","header-below-stick-meta":"","astra-migrate-meta-layouts":"set","ast-page-background-enabled":"default","ast-page-background-meta":{"desktop":{"background-color":"var(--ast-global-color-4)","background-image":"","background-repeat":"repeat","background-position":"center center","background-size":"auto","background-attachment":"scroll","background-type":"","background-media":"","overlay-type":"","overlay-color":"","overlay-opacity":"","overlay-gradient":""},"tablet":{"background-color":"","background-image":"","background-repeat":"repeat","background-position":"center center","background-size":"auto","background-attachment":"scroll","background-type":"","background-media":"","overlay-type":"","overlay-color":"","overlay-opacity":"","overlay-gradient":""},"mobile":{"background-color":"","background-image":"","background-repeat":"repeat","background-position":"center center","background-size":"auto","background-attachment":"scroll","background-type":"","background-media":"","overlay-type":"","overlay-color":"","overlay-opacity":"","overlay-gradient":""}},"ast-content-background-meta":{"desktop":{"background-color":"var(--ast-global-color-5)","background-image":"","background-repeat":"repeat","background-position":"center center","background-size":"auto","background-attachment":"scroll","background-type":"","background-media":"","overlay-type":"","overlay-color":"","overlay-opacity":"","overlay-gradient":""},"tablet":{"background-color":"var(--ast-global-color-5)","background-image":"","background-repeat":"repeat","background-position":"center center","background-size":"auto","background-attachment":"scroll","background-type":"","background-media":"","overlay-type":"","overlay-color":"","overlay-opacity":"","overlay-gradient":""},"mobile":{"background-color":"var(--ast-global-color-5)","background-image":"","background-repeat":"repeat","background-position":"center center","background-size":"auto","background-attachment":"scroll","background-type":"","background-media":"","overlay-type":"","overlay-color":"","overlay-opacity":"","overlay-gradient":""}}},"product_brand":[774],"product_cat":[357,606],"product_tag":[],"superdeal":[780],"product_variant_id":[],"class_list":{"0":"post-279737","1":"product","2":"type-product","3":"status-publish","4":"has-post-thumbnail","6":"product_brand-xqs","7":"product_cat-vitt-snus","8":"product_cat-xqs","9":"superdeal-vitt-snus","10":"desktop-align-center","11":"tablet-align-left","12":"mobile-align-left","13":"ast-product-gallery-layout-horizontal-slider","14":"ast-magnify-disabled","15":"ast-product-tabs-layout-horizontal","17":"first","18":"instock","19":"taxable","20":"shipping-taxable","21":"purchasable","22":"product-type-simple"},"yoast_head":"<!-- This site is optimized with the Yoast SEO Premium plugin v26.9 (Yoast SEO v26.9) - https:\/\/yoast.com\/product\/yoast-seo-premium-wordpress\/ -->\n<title>XQS Orange Apple Strong<\/title>\n<meta name=\"description\" content=\"XQS Orange Apple Strong \u00e4r ett tobaksfritt vitt snus i slimformat med samma fruktiga smakkombination av apelsin och \u00e4pple. Nikotinstyrka: 8mg per portion.\" \/>\n<meta name=\"robots\" content=\"noindex, follow, max-snippet:-1, max-image-preview:large, max-video-preview:-1\" \/>\n<meta property=\"og:locale\" content=\"da_DK\" \/>\n<meta property=\"og:type\" content=\"article\" \/>\n<meta property=\"og:title\" content=\"XQS Orange Apple Strong\" \/>\n<meta property=\"og:description\" content=\"XQS Orange Apple Strong \u00e4r ett tobaksfritt vitt snus i slimformat med samma fruktiga smakkombination av apelsin och \u00e4pple. Nikotinstyrka: 8mg per portion.\" \/>\n<meta property=\"og:url\" content=\"https:\/\/www.swizzle.se\/produkt\/xqs-orange-apple-strong\/\" \/>\n<meta property=\"og:site_name\" content=\"Swizzle\" \/>\n<meta property=\"article:modified_time\" content=\"2026-02-24T20:49:59+00:00\" \/>\n<meta property=\"og:image\" content=\"https:\/\/www.swizzle.se\/wp-content\/uploads\/2025\/11\/plytix-691ee2cca13e79c9c24fc6bb-png.png\" \/>\n\t<meta property=\"og:image:width\" content=\"840\" \/>\n\t<meta property=\"og:image:height\" content=\"840\" \/>\n\t<meta property=\"og:image:type\" content=\"image\/png\" \/>\n<meta name=\"twitter:card\" content=\"summary_large_image\" \/>\n<meta name=\"twitter:label1\" content=\"Pris\" \/>\n\t<meta name=\"twitter:data1\" content=\"42.00&nbsp;&#107;&#114;\" \/>\n\t<meta name=\"twitter:label2\" content=\"Tilg\u00e6ngelighed\" \/>\n\t<meta name=\"twitter:data2\" content=\"P\u00e5 lager\" \/>\n<script type=\"application\/ld+json\" class=\"yoast-schema-graph\">{\"@context\":\"https:\/\/schema.org\",\"@graph\":[{\"@type\":\"WebPage\",\"@id\":\"https:\/\/www.swizzle.se\/produkt\/xqs-orange-apple-strong\/\",\"url\":\"https:\/\/www.swizzle.se\/produkt\/xqs-orange-apple-strong\/\",\"name\":\"XQS Orange Apple Strong\",\"isPartOf\":{\"@id\":\"https:\/\/staging.swizzle.se\/#website\"},\"primaryImageOfPage\":{\"@id\":\"https:\/\/www.swizzle.se\/produkt\/xqs-orange-apple-strong\/#primaryimage\"},\"image\":{\"@id\":\"https:\/\/www.swizzle.se\/produkt\/xqs-orange-apple-strong\/#primaryimage\"},\"thumbnailUrl\":\"https:\/\/staging.swizzle.se\/wp-content\/uploads\/2025\/11\/plytix-691ee2cca13e79c9c24fc6bb-png.png\",\"datePublished\":\"2025-12-11T08:25:01+00:00\",\"dateModified\":\"2026-02-24T20:49:59+00:00\",\"description\":\"XQS Orange Apple Strong \u00e4r ett tobaksfritt vitt snus i slimformat med samma fruktiga smakkombination av apelsin och \u00e4pple. Nikotinstyrka: 8mg per portion.\",\"breadcrumb\":{\"@id\":\"https:\/\/www.swizzle.se\/produkt\/xqs-orange-apple-strong\/#breadcrumb\"},\"inLanguage\":\"da-DK\",\"potentialAction\":[{\"@type\":\"ReadAction\",\"target\":[\"https:\/\/www.swizzle.se\/produkt\/xqs-orange-apple-strong\/\"]}]},{\"@type\":\"ImageObject\",\"inLanguage\":\"da-DK\",\"@id\":\"https:\/\/www.swizzle.se\/produkt\/xqs-orange-apple-strong\/#primaryimage\",\"url\":\"https:\/\/staging.swizzle.se\/wp-content\/uploads\/2025\/11\/plytix-691ee2cca13e79c9c24fc6bb-png.png\",\"contentUrl\":\"https:\/\/staging.swizzle.se\/wp-content\/uploads\/2025\/11\/plytix-691ee2cca13e79c9c24fc6bb-png.png\",\"width\":840,\"height\":840,\"caption\":\"XQS Orange Apple Strong\"},{\"@type\":\"BreadcrumbList\",\"@id\":\"https:\/\/www.swizzle.se\/produkt\/xqs-orange-apple-strong\/#breadcrumb\",\"itemListElement\":[{\"@type\":\"ListItem\",\"position\":1,\"name\":\"Home\",\"item\":\"https:\/\/www.swizzle.se\/\"},{\"@type\":\"ListItem\",\"position\":2,\"name\":\"Shop\",\"item\":\"https:\/\/www.swizzle.se\/shop\/\"},{\"@type\":\"ListItem\",\"position\":3,\"name\":\"VITT SNUS\",\"item\":\"https:\/\/www.swizzle.se\/produkt-kategori\/vitt-snus\/\"},{\"@type\":\"ListItem\",\"position\":4,\"name\":\"XQS\",\"item\":\"https:\/\/www.swizzle.se\/produkt-kategori\/vitt-snus\/xqs\/\"},{\"@type\":\"ListItem\",\"position\":5,\"name\":\"XQS Orange Apple Strong\"}]},{\"@type\":\"WebSite\",\"@id\":\"https:\/\/staging.swizzle.se\/#website\",\"url\":\"https:\/\/staging.swizzle.se\/\",\"name\":\"Swizzle\",\"description\":\"Nikotin CBD Vapes Snus White Portion\",\"publisher\":{\"@id\":\"https:\/\/staging.swizzle.se\/#organization\"},\"potentialAction\":[{\"@type\":\"SearchAction\",\"target\":{\"@type\":\"EntryPoint\",\"urlTemplate\":\"https:\/\/staging.swizzle.se\/?s={search_term_string}\"},\"query-input\":{\"@type\":\"PropertyValueSpecification\",\"valueRequired\":true,\"valueName\":\"search_term_string\"}}],\"inLanguage\":\"da-DK\"},{\"@type\":\"Organization\",\"@id\":\"https:\/\/staging.swizzle.se\/#organization\",\"name\":\"Swizzle\",\"url\":\"https:\/\/staging.swizzle.se\/\",\"logo\":{\"@type\":\"ImageObject\",\"inLanguage\":\"da-DK\",\"@id\":\"https:\/\/staging.swizzle.se\/#\/schema\/logo\/image\/\",\"url\":\"https:\/\/staging.swizzle.se\/wp-content\/uploads\/2025\/10\/cropped-SWIZZLE.-4.png\",\"contentUrl\":\"https:\/\/staging.swizzle.se\/wp-content\/uploads\/2025\/10\/cropped-SWIZZLE.-4.png\",\"width\":800,\"height\":267,\"caption\":\"Swizzle\"},\"image\":{\"@id\":\"https:\/\/staging.swizzle.se\/#\/schema\/logo\/image\/\"},\"hasMerchantReturnPolicy\":{\"@type\":\"MerchantReturnPolicy\",\"merchantReturnLink\":\"https:\/\/staging.swizzle.se\/dk\/villkor\/\"}}]}<\/script>\n<meta property=\"product:price:amount\" content=\"42.00\" \/>\n<meta property=\"product:price:currency\" content=\"SEK\" \/>\n<meta property=\"og:availability\" content=\"instock\" \/>\n<meta property=\"product:availability\" content=\"instock\" \/>\n<meta property=\"product:retailer_item_id\" content=\"XQSOrangeStrong\" \/>\n<meta property=\"product:condition\" content=\"new\" \/>\n<!-- \/ Yoast SEO Premium plugin. -->","yoast_head_json":{"title":"XQS Orange Apple Strong","description":"XQS Orange Apple Strong \u00e4r ett tobaksfritt vitt snus i slimformat med samma fruktiga smakkombination av apelsin och \u00e4pple. Nikotinstyrka: 8mg per portion.","robots":{"index":"noindex","follow":"follow","max-snippet":"max-snippet:-1","max-image-preview":"max-image-preview:large","max-video-preview":"max-video-preview:-1"},"og_locale":"da_DK","og_type":"article","og_title":"XQS Orange Apple Strong","og_description":"XQS Orange Apple Strong \u00e4r ett tobaksfritt vitt snus i slimformat med samma fruktiga smakkombination av apelsin och \u00e4pple. Nikotinstyrka: 8mg per portion.","og_url":"https:\/\/www.swizzle.se\/produkt\/xqs-orange-apple-strong\/","og_site_name":"Swizzle","article_modified_time":"2026-02-24T20:49:59+00:00","og_image":[{"width":840,"height":840,"url":"https:\/\/www.swizzle.se\/wp-content\/uploads\/2025\/11\/plytix-691ee2cca13e79c9c24fc6bb-png.png","type":"image\/png"}],"twitter_card":"summary_large_image","twitter_misc":{"Pris":"42.00&nbsp;&#107;&#114;","Tilg\u00e6ngelighed":"P\u00e5 lager"},"schema":{"@context":"https:\/\/schema.org","@graph":[{"@type":"WebPage","@id":"https:\/\/www.swizzle.se\/produkt\/xqs-orange-apple-strong\/","url":"https:\/\/www.swizzle.se\/produkt\/xqs-orange-apple-strong\/","name":"XQS Orange Apple Strong","isPartOf":{"@id":"https:\/\/staging.swizzle.se\/#website"},"primaryImageOfPage":{"@id":"https:\/\/www.swizzle.se\/produkt\/xqs-orange-apple-strong\/#primaryimage"},"image":{"@id":"https:\/\/www.swizzle.se\/produkt\/xqs-orange-apple-strong\/#primaryimage"},"thumbnailUrl":"https:\/\/staging.swizzle.se\/wp-content\/uploads\/2025\/11\/plytix-691ee2cca13e79c9c24fc6bb-png.png","datePublished":"2025-12-11T08:25:01+00:00","dateModified":"2026-02-24T20:49:59+00:00","description":"XQS Orange Apple Strong \u00e4r ett tobaksfritt vitt snus i slimformat med samma fruktiga smakkombination av apelsin och \u00e4pple. Nikotinstyrka: 8mg per portion.","breadcrumb":{"@id":"https:\/\/www.swizzle.se\/produkt\/xqs-orange-apple-strong\/#breadcrumb"},"inLanguage":"da-DK","potentialAction":[{"@type":"ReadAction","target":["https:\/\/www.swizzle.se\/produkt\/xqs-orange-apple-strong\/"]}]},{"@type":"ImageObject","inLanguage":"da-DK","@id":"https:\/\/www.swizzle.se\/produkt\/xqs-orange-apple-strong\/#primaryimage","url":"https:\/\/staging.swizzle.se\/wp-content\/uploads\/2025\/11\/plytix-691ee2cca13e79c9c24fc6bb-png.png","contentUrl":"https:\/\/staging.swizzle.se\/wp-content\/uploads\/2025\/11\/plytix-691ee2cca13e79c9c24fc6bb-png.png","width":840,"height":840,"caption":"XQS Orange Apple Strong"},{"@type":"BreadcrumbList","@id":"https:\/\/www.swizzle.se\/produkt\/xqs-orange-apple-strong\/#breadcrumb","itemListElement":[{"@type":"ListItem","position":1,"name":"Home","item":"https:\/\/www.swizzle.se\/"},{"@type":"ListItem","position":2,"name":"Shop","item":"https:\/\/www.swizzle.se\/shop\/"},{"@type":"ListItem","position":3,"name":"VITT SNUS","item":"https:\/\/www.swizzle.se\/produkt-kategori\/vitt-snus\/"},{"@type":"ListItem","position":4,"name":"XQS","item":"https:\/\/www.swizzle.se\/produkt-kategori\/vitt-snus\/xqs\/"},{"@type":"ListItem","position":5,"name":"XQS Orange Apple Strong"}]},{"@type":"WebSite","@id":"https:\/\/staging.swizzle.se\/#website","url":"https:\/\/staging.swizzle.se\/","name":"Swizzle","description":"Nikotin CBD Vapes Snus Hvid Portion","publisher":{"@id":"https:\/\/staging.swizzle.se\/#organization"},"potentialAction":[{"@type":"SearchAction","target":{"@type":"EntryPoint","urlTemplate":"https:\/\/staging.swizzle.se\/?s={search_term_string}"},"query-input":{"@type":"PropertyValueSpecification","valueRequired":true,"valueName":"search_term_string"}}],"inLanguage":"da-DK"},{"@type":"Organization","@id":"https:\/\/staging.swizzle.se\/#organization","name":"Swizzle","url":"https:\/\/staging.swizzle.se\/","logo":{"@type":"ImageObject","inLanguage":"da-DK","@id":"https:\/\/staging.swizzle.se\/#\/schema\/logo\/image\/","url":"https:\/\/staging.swizzle.se\/wp-content\/uploads\/2025\/10\/cropped-SWIZZLE.-4.png","contentUrl":"https:\/\/staging.swizzle.se\/wp-content\/uploads\/2025\/10\/cropped-SWIZZLE.-4.png","width":800,"height":267,"caption":"Swizzle"},"image":{"@id":"https:\/\/staging.swizzle.se\/#\/schema\/logo\/image\/"},"hasMerchantReturnPolicy":{"@type":"MerchantReturnPolicy","merchantReturnLink":"https:\/\/staging.swizzle.se\/dk\/villkor\/"}}]},"product_price_amount":"42.00","product_price_currency":"SEK","og_availability":"instock","product_availability":"instock","product_retailer_item_id":"XQSOrangeStrong","product_condition":"new"},"tiered_pricing_type":"fixed","tiered_pricing_fixed_rules":[],"tiered_pricing_product_settings":{"layout":"default","base_unit_name":{"singular":null,"plural":null},"default_variation":null},"tiered_pricing_minimum_quantity":null,"tiered_pricing_roles_data":[],"tiered_pricing_percentage_rules":[],"tiered_pricing_maximum_quantity":null,"tiered_pricing_quantity_step":null,"_links":{"self":[{"href":"https:\/\/staging.swizzle.se\/dk\/wp-json\/wp\/v2\/product\/279737","targetHints":{"allow":["GET"]}}],"collection":[{"href":"https:\/\/staging.swizzle.se\/dk\/wp-json\/wp\/v2\/product"}],"about":[{"href":"https:\/\/staging.swizzle.se\/dk\/wp-json\/wp\/v2\/types\/product"}],"replies":[{"embeddable":true,"href":"https:\/\/staging.swizzle.se\/dk\/wp-json\/wp\/v2\/comments?post=279737"}],"version-history":[{"count":0,"href":"https:\/\/staging.swizzle.se\/dk\/wp-json\/wp\/v2\/product\/279737\/revisions"}],"wp:featuredmedia":[{"embeddable":true,"href":"https:\/\/staging.swizzle.se\/dk\/wp-json\/wp\/v2\/media\/279738"}],"wp:attachment":[{"href":"https:\/\/staging.swizzle.se\/dk\/wp-json\/wp\/v2\/media?parent=279737"}],"wp:term":[{"taxonomy":"product_brand","embeddable":true,"href":"https:\/\/staging.swizzle.se\/dk\/wp-json\/wp\/v2\/product_brand?post=279737"},{"taxonomy":"product_cat","embeddable":true,"href":"https:\/\/staging.swizzle.se\/dk\/wp-json\/wp\/v2\/product_cat?post=279737"},{"taxonomy":"product_tag","embeddable":true,"href":"https:\/\/staging.swizzle.se\/dk\/wp-json\/wp\/v2\/product_tag?post=279737"},{"taxonomy":"superdeal","embeddable":true,"href":"https:\/\/staging.swizzle.se\/dk\/wp-json\/wp\/v2\/superdeal?post=279737"},{"taxonomy":"product_variant_id","embeddable":true,"href":"https:\/\/staging.swizzle.se\/dk\/wp-json\/wp\/v2\/product_variant_id?post=279737"}],"curies":[{"name":"wp","href":"https:\/\/api.w.org\/{rel}","templated":true}]}}