{"id":279711,"date":"2025-11-21T14:05:38","date_gmt":"2025-11-21T14:05:38","guid":{"rendered":"https:\/\/staging.swizzle.se\/?post_type=product&#038;p=279711"},"modified":"2026-02-04T13:47:51","modified_gmt":"2026-02-04T13:47:51","slug":"vape-hec-10-1000-puffs-99-lemon-cheese","status":"publish","type":"product","link":"https:\/\/staging.swizzle.se\/dk\/product-2\/vape-hec-10-1000-puffs-99-lemon-cheese\/","title":{"rendered":"Vape HEC-10 &#8211; 1000 puffs 99% &#8211; Lemon Cheese"},"content":{"rendered":"<h1>Vape HEC-10 &#8211; Lemon Cheese \u2013 Kraftfull arom &amp; intensiv upplevelse<\/h1>\n<p>Vape <strong>HEC-10 <\/strong>Lemon Cheese \u00e4r framtagen f\u00f6r dig som vill ha en modern, kraftfull och smakrik cartridge i sin samling. Enheten kommer f\u00e4rdigfylld med ett koncentrerat HEC-10-extrakt.<\/p>\n<h2><strong>Lemon Cheese \u2013 syrlig citrussmak med intensiva toner<\/strong><\/h2>\n<p>Den karakteristiska smaken <strong>Lemon Cheese<\/strong> levererar en balanserad kombination av frisk syrlighet.<\/p>\n<h2>Vad \u00e4r HEC-10?<\/h2>\n<p><strong>HEC-10 (High Effect Combined)<\/strong> \u00e4r en exklusiv hybridformulering som kombinerar flera naturliga molekyler f\u00f6r att skapa ett djupare, mer helt\u00e4ckande och balanserat helhetsintryck.<\/p>\n<h2>Tekniska specifikationer<\/h2>\n<ul>\n<li><strong>Inneh\u00e5ll:<\/strong> ca 1000 puffar<\/li>\n<li><strong>Arom: Lemon Cheese<\/strong><\/li>\n<li><strong>THC:<\/strong> &lt; 0,2 % (lagligt inom EU)<\/li>\n<li><strong>Batteri:<\/strong> Inbyggt<\/li>\n<li><strong>R\u00e4ckvidd:<\/strong> upp till ca 1000 puffar<\/li>\n<li><strong>Fri fr\u00e5n:<\/strong> nikotin &amp; kombustion<\/li>\n<\/ul>\n<h2>Liknande produkter hos Swizzle<\/h2>\n<p>Utforska fler vapes, cartridges och n\u00e4rliggande produkter:<\/p>\n<ul>\n<li><a href=\"https:\/\/staging.swizzle.se\/dk\/product-category\/vapes\/\" target=\"_blank\" rel=\"noopener\">Se alla vapes<\/a><\/li>\n<li><a href=\"https:\/\/staging.swizzle.se\/dk\/product-category\/vapes\/cartridges\/\" target=\"_blank\" rel=\"noopener\">Cartridges &amp; arompatroner<\/a><\/li>\n<li><a href=\"https:\/\/staging.swizzle.se\/dk\/product-category\/accessoarer\/\" target=\"_blank\" rel=\"noopener\">Tillbeh\u00f6r &amp; vape-accessoarer<\/a><\/li>\n<li><a href=\"https:\/\/staging.swizzle.se\/dk\/product-category\/cannabinoider\/hec-10\/\">Alla HEC-10 produkter<\/a><\/li>\n<\/ul>\n<p><em>Bem\u00e6rk!<br \/>\nDu m\u00e5ste vara minst 18 \u00e5r f\u00f6r att k\u00f6pa denna produkt. Den \u00e4r inte avsedd som l\u00e4kemedel, kosttillskott eller naturprodukt. Vi uppmuntrar inte till konsumtion eller r\u00f6kning av produkten. F\u00f6rvara den utom r\u00e4ckh\u00e5ll f\u00f6r barn. Vi friskriver oss fr\u00e5n hur du som kund anv\u00e4nder v\u00e5ra produkter. Vi s\u00e4ljer dem f\u00f6r samlings- och prydnadssyften.<\/em><\/p>","protected":false},"excerpt":{"rendered":"<p><strong>Vape HEC-10 &#8211; 99% &#8211; Lemon Cheese \u2013 Kraftfull arom &amp; intensiv upplevelse<\/strong><\/p>\n<p><strong>Vape HEC-10 Lemon Cheese<\/strong>\u00a0\u00e4r framtagen f\u00f6r dig som vill ha en modern, kraftfull och smakrik cartridge i sin samling. Enheten kommer f\u00e4rdigfylld med ett koncentrerat HEC-10-extrakt.<\/p>\n<ul>\n<li><strong>Inneh\u00e5ll:<\/strong> ca 1000 puffar<\/li>\n<li><strong>Arom: Lemon Cheese<\/strong><\/li>\n<li><strong>THC:<\/strong> &lt; 0,2 % (lagligt inom EU)<\/li>\n<li><strong>Batteri:<\/strong> Inbyggt<\/li>\n<li><strong>R\u00e4ckvidd:<\/strong> upp till ca 1000 puffar<\/li>\n<li><strong>Fri fr\u00e5n:<\/strong> nikotin &amp; kombustion<\/li>\n<\/ul>","protected":false},"featured_media":279713,"comment_status":"closed","ping_status":"closed","template":"","meta":{"site-sidebar-layout":"default","site-content-layout":"","ast-site-content-layout":"default","site-content-style":"default","site-sidebar-style":"default","ast-global-header-display":"","ast-banner-title-visibility":"","ast-main-header-display":"","ast-hfb-above-header-display":"","ast-hfb-below-header-display":"","ast-hfb-mobile-header-display":"","site-post-title":"","ast-breadcrumbs-content":"","ast-featured-img":"","footer-sml-layout":"","ast-disable-related-posts":"","theme-transparent-header-meta":"default","adv-header-id-meta":"","stick-header-meta":"default","header-above-stick-meta":"","header-main-stick-meta":"","header-below-stick-meta":"","astra-migrate-meta-layouts":"set","ast-page-background-enabled":"default","ast-page-background-meta":{"desktop":{"background-color":"var(--ast-global-color-4)","background-image":"","background-repeat":"repeat","background-position":"center center","background-size":"auto","background-attachment":"scroll","background-type":"","background-media":"","overlay-type":"","overlay-color":"","overlay-opacity":"","overlay-gradient":""},"tablet":{"background-color":"","background-image":"","background-repeat":"repeat","background-position":"center center","background-size":"auto","background-attachment":"scroll","background-type":"","background-media":"","overlay-type":"","overlay-color":"","overlay-opacity":"","overlay-gradient":""},"mobile":{"background-color":"","background-image":"","background-repeat":"repeat","background-position":"center center","background-size":"auto","background-attachment":"scroll","background-type":"","background-media":"","overlay-type":"","overlay-color":"","overlay-opacity":"","overlay-gradient":""}},"ast-content-background-meta":{"desktop":{"background-color":"var(--ast-global-color-5)","background-image":"","background-repeat":"repeat","background-position":"center center","background-size":"auto","background-attachment":"scroll","background-type":"","background-media":"","overlay-type":"","overlay-color":"","overlay-opacity":"","overlay-gradient":""},"tablet":{"background-color":"var(--ast-global-color-5)","background-image":"","background-repeat":"repeat","background-position":"center center","background-size":"auto","background-attachment":"scroll","background-type":"","background-media":"","overlay-type":"","overlay-color":"","overlay-opacity":"","overlay-gradient":""},"mobile":{"background-color":"var(--ast-global-color-5)","background-image":"","background-repeat":"repeat","background-position":"center center","background-size":"auto","background-attachment":"scroll","background-type":"","background-media":"","overlay-type":"","overlay-color":"","overlay-opacity":"","overlay-gradient":""}}},"product_brand":[756],"product_cat":[334,658],"product_tag":[],"superdeal":[],"product_variant_id":[],"class_list":{"0":"post-279711","1":"product","2":"type-product","3":"status-publish","4":"has-post-thumbnail","6":"product_brand-magic-farmers","7":"product_cat-cannabinoider","8":"product_cat-hec-10","9":"desktop-align-center","10":"tablet-align-left","11":"mobile-align-left","12":"ast-product-gallery-layout-horizontal-slider","13":"ast-product-gallery-with-no-image","14":"ast-magnify-disabled","15":"ast-product-tabs-layout-horizontal","17":"first","18":"instock","19":"taxable","20":"shipping-taxable","21":"purchasable","22":"product-type-simple"},"yoast_head":"<!-- This site is optimized with the Yoast SEO Premium plugin v26.9 (Yoast SEO v26.9) - https:\/\/yoast.com\/product\/yoast-seo-premium-wordpress\/ -->\n<title>Vape HEC-10 - 99% - Lemon Cheese<\/title>\n<meta name=\"description\" content=\"Vape HEC-10 - 99% - Lemon Cheese\u00a0\u00e4r framtagen f\u00f6r dig som vill ha en modern, kraftfull och smakrik cartridge i sin samling.\" \/>\n<meta name=\"robots\" content=\"noindex, follow, max-snippet:-1, max-image-preview:large, max-video-preview:-1\" \/>\n<meta property=\"og:locale\" content=\"da_DK\" \/>\n<meta property=\"og:type\" content=\"article\" \/>\n<meta property=\"og:title\" content=\"Vape HEC-10 - 1000 puffs 99% - Lemon Cheese\" \/>\n<meta property=\"og:description\" content=\"Vape HEC-10 - 99% - Lemon Cheese\u00a0\u00e4r framtagen f\u00f6r dig som vill ha en modern, kraftfull och smakrik cartridge i sin samling.\" \/>\n<meta property=\"og:url\" content=\"https:\/\/www.swizzle.se\/produkt\/vape-hec-10-1000-puffs-99-lemon-cheese\/\" \/>\n<meta property=\"og:site_name\" content=\"Swizzle\" \/>\n<meta property=\"article:modified_time\" content=\"2026-02-04T13:47:51+00:00\" \/>\n<meta property=\"og:image\" content=\"https:\/\/www.swizzle.se\/wp-content\/uploads\/2025\/11\/ratt-bakrund-canadips-2025-11-21T150751.827.jpg\" \/>\n\t<meta property=\"og:image:width\" content=\"600\" \/>\n\t<meta property=\"og:image:height\" content=\"600\" \/>\n\t<meta property=\"og:image:type\" content=\"image\/jpeg\" \/>\n<meta name=\"twitter:card\" content=\"summary_large_image\" \/>\n<meta name=\"twitter:label1\" content=\"Pris\" \/>\n\t<meta name=\"twitter:data1\" content=\"639.00&nbsp;&#107;&#114;\" \/>\n\t<meta name=\"twitter:label2\" content=\"Tilg\u00e6ngelighed\" \/>\n\t<meta name=\"twitter:data2\" content=\"P\u00e5 lager\" \/>\n<script type=\"application\/ld+json\" class=\"yoast-schema-graph\">{\"@context\":\"https:\/\/schema.org\",\"@graph\":[{\"@type\":\"WebPage\",\"@id\":\"https:\/\/www.swizzle.se\/produkt\/vape-hec-10-1000-puffs-99-lemon-cheese\/\",\"url\":\"https:\/\/www.swizzle.se\/produkt\/vape-hec-10-1000-puffs-99-lemon-cheese\/\",\"name\":\"Vape HEC-10 - 99% - Lemon Cheese\",\"isPartOf\":{\"@id\":\"https:\/\/staging.swizzle.se\/#website\"},\"primaryImageOfPage\":{\"@id\":\"https:\/\/www.swizzle.se\/produkt\/vape-hec-10-1000-puffs-99-lemon-cheese\/#primaryimage\"},\"image\":{\"@id\":\"https:\/\/www.swizzle.se\/produkt\/vape-hec-10-1000-puffs-99-lemon-cheese\/#primaryimage\"},\"thumbnailUrl\":\"https:\/\/staging.swizzle.se\/wp-content\/uploads\/2025\/11\/ratt-bakrund-canadips-2025-11-21T150751.827.jpg\",\"datePublished\":\"2025-11-21T14:05:38+00:00\",\"dateModified\":\"2026-02-04T13:47:51+00:00\",\"description\":\"Vape HEC-10 - 99% - Lemon Cheese\u00a0\u00e4r framtagen f\u00f6r dig som vill ha en modern, kraftfull och smakrik cartridge i sin samling.\",\"breadcrumb\":{\"@id\":\"https:\/\/www.swizzle.se\/produkt\/vape-hec-10-1000-puffs-99-lemon-cheese\/#breadcrumb\"},\"inLanguage\":\"da-DK\",\"potentialAction\":[{\"@type\":\"ReadAction\",\"target\":[\"https:\/\/www.swizzle.se\/produkt\/vape-hec-10-1000-puffs-99-lemon-cheese\/\"]}]},{\"@type\":\"ImageObject\",\"inLanguage\":\"da-DK\",\"@id\":\"https:\/\/www.swizzle.se\/produkt\/vape-hec-10-1000-puffs-99-lemon-cheese\/#primaryimage\",\"url\":\"https:\/\/staging.swizzle.se\/wp-content\/uploads\/2025\/11\/ratt-bakrund-canadips-2025-11-21T150751.827.jpg\",\"contentUrl\":\"https:\/\/staging.swizzle.se\/wp-content\/uploads\/2025\/11\/ratt-bakrund-canadips-2025-11-21T150751.827.jpg\",\"width\":600,\"height\":600,\"caption\":\"Vape HEC-10 - 1000 puffs 99% - Lemon Cheese\"},{\"@type\":\"BreadcrumbList\",\"@id\":\"https:\/\/www.swizzle.se\/produkt\/vape-hec-10-1000-puffs-99-lemon-cheese\/#breadcrumb\",\"itemListElement\":[{\"@type\":\"ListItem\",\"position\":1,\"name\":\"Home\",\"item\":\"https:\/\/www.swizzle.se\/\"},{\"@type\":\"ListItem\",\"position\":2,\"name\":\"Shop\",\"item\":\"https:\/\/www.swizzle.se\/shop\/\"},{\"@type\":\"ListItem\",\"position\":3,\"name\":\"CANNABINOIDER\",\"item\":\"https:\/\/www.swizzle.se\/produkt-kategori\/cannabinoider\/\"},{\"@type\":\"ListItem\",\"position\":4,\"name\":\"Vape HEC-10 &#8211; 1000 puffs 99% &#8211; Lemon Cheese\"}]},{\"@type\":\"WebSite\",\"@id\":\"https:\/\/staging.swizzle.se\/#website\",\"url\":\"https:\/\/staging.swizzle.se\/\",\"name\":\"Swizzle\",\"description\":\"Nikotin CBD Vapes Snus White Portion\",\"publisher\":{\"@id\":\"https:\/\/staging.swizzle.se\/#organization\"},\"potentialAction\":[{\"@type\":\"SearchAction\",\"target\":{\"@type\":\"EntryPoint\",\"urlTemplate\":\"https:\/\/staging.swizzle.se\/?s={search_term_string}\"},\"query-input\":{\"@type\":\"PropertyValueSpecification\",\"valueRequired\":true,\"valueName\":\"search_term_string\"}}],\"inLanguage\":\"da-DK\"},{\"@type\":\"Organization\",\"@id\":\"https:\/\/staging.swizzle.se\/#organization\",\"name\":\"Swizzle\",\"url\":\"https:\/\/staging.swizzle.se\/\",\"logo\":{\"@type\":\"ImageObject\",\"inLanguage\":\"da-DK\",\"@id\":\"https:\/\/staging.swizzle.se\/#\/schema\/logo\/image\/\",\"url\":\"https:\/\/staging.swizzle.se\/wp-content\/uploads\/2025\/10\/cropped-SWIZZLE.-4.png\",\"contentUrl\":\"https:\/\/staging.swizzle.se\/wp-content\/uploads\/2025\/10\/cropped-SWIZZLE.-4.png\",\"width\":800,\"height\":267,\"caption\":\"Swizzle\"},\"image\":{\"@id\":\"https:\/\/staging.swizzle.se\/#\/schema\/logo\/image\/\"},\"hasMerchantReturnPolicy\":{\"@type\":\"MerchantReturnPolicy\",\"merchantReturnLink\":\"https:\/\/staging.swizzle.se\/dk\/villkor\/\"}}]}<\/script>\n<meta property=\"product:price:amount\" content=\"639.00\" \/>\n<meta property=\"product:price:currency\" content=\"SEK\" \/>\n<meta property=\"og:availability\" content=\"instock\" \/>\n<meta property=\"product:availability\" content=\"instock\" \/>\n<meta property=\"product:retailer_item_id\" content=\"HECvapeLC\" \/>\n<meta property=\"product:condition\" content=\"new\" \/>\n<!-- \/ Yoast SEO Premium plugin. -->","yoast_head_json":{"title":"Vape HEC-10 - 99% - Lemon Cheese","description":"Vape HEC-10 - 99% - Lemon Cheese\u00a0\u00e4r framtagen f\u00f6r dig som vill ha en modern, kraftfull och smakrik cartridge i sin samling.","robots":{"index":"noindex","follow":"follow","max-snippet":"max-snippet:-1","max-image-preview":"max-image-preview:large","max-video-preview":"max-video-preview:-1"},"og_locale":"da_DK","og_type":"article","og_title":"Vape HEC-10 - 1000 puffs 99% - Lemon Cheese","og_description":"Vape HEC-10 - 99% - Lemon Cheese\u00a0\u00e4r framtagen f\u00f6r dig som vill ha en modern, kraftfull och smakrik cartridge i sin samling.","og_url":"https:\/\/www.swizzle.se\/produkt\/vape-hec-10-1000-puffs-99-lemon-cheese\/","og_site_name":"Swizzle","article_modified_time":"2026-02-04T13:47:51+00:00","og_image":[{"width":600,"height":600,"url":"https:\/\/www.swizzle.se\/wp-content\/uploads\/2025\/11\/ratt-bakrund-canadips-2025-11-21T150751.827.jpg","type":"image\/jpeg"}],"twitter_card":"summary_large_image","twitter_misc":{"Pris":"639.00&nbsp;&#107;&#114;","Tilg\u00e6ngelighed":"P\u00e5 lager"},"schema":{"@context":"https:\/\/schema.org","@graph":[{"@type":"WebPage","@id":"https:\/\/www.swizzle.se\/produkt\/vape-hec-10-1000-puffs-99-lemon-cheese\/","url":"https:\/\/www.swizzle.se\/produkt\/vape-hec-10-1000-puffs-99-lemon-cheese\/","name":"Vape HEC-10 - 99% - Lemon Cheese","isPartOf":{"@id":"https:\/\/staging.swizzle.se\/#website"},"primaryImageOfPage":{"@id":"https:\/\/www.swizzle.se\/produkt\/vape-hec-10-1000-puffs-99-lemon-cheese\/#primaryimage"},"image":{"@id":"https:\/\/www.swizzle.se\/produkt\/vape-hec-10-1000-puffs-99-lemon-cheese\/#primaryimage"},"thumbnailUrl":"https:\/\/staging.swizzle.se\/wp-content\/uploads\/2025\/11\/ratt-bakrund-canadips-2025-11-21T150751.827.jpg","datePublished":"2025-11-21T14:05:38+00:00","dateModified":"2026-02-04T13:47:51+00:00","description":"Vape HEC-10 - 99% - Lemon Cheese\u00a0\u00e4r framtagen f\u00f6r dig som vill ha en modern, kraftfull och smakrik cartridge i sin samling.","breadcrumb":{"@id":"https:\/\/www.swizzle.se\/produkt\/vape-hec-10-1000-puffs-99-lemon-cheese\/#breadcrumb"},"inLanguage":"da-DK","potentialAction":[{"@type":"ReadAction","target":["https:\/\/www.swizzle.se\/produkt\/vape-hec-10-1000-puffs-99-lemon-cheese\/"]}]},{"@type":"ImageObject","inLanguage":"da-DK","@id":"https:\/\/www.swizzle.se\/produkt\/vape-hec-10-1000-puffs-99-lemon-cheese\/#primaryimage","url":"https:\/\/staging.swizzle.se\/wp-content\/uploads\/2025\/11\/ratt-bakrund-canadips-2025-11-21T150751.827.jpg","contentUrl":"https:\/\/staging.swizzle.se\/wp-content\/uploads\/2025\/11\/ratt-bakrund-canadips-2025-11-21T150751.827.jpg","width":600,"height":600,"caption":"Vape HEC-10 - 1000 puffs 99% - Lemon Cheese"},{"@type":"BreadcrumbList","@id":"https:\/\/www.swizzle.se\/produkt\/vape-hec-10-1000-puffs-99-lemon-cheese\/#breadcrumb","itemListElement":[{"@type":"ListItem","position":1,"name":"Home","item":"https:\/\/www.swizzle.se\/"},{"@type":"ListItem","position":2,"name":"Shop","item":"https:\/\/www.swizzle.se\/shop\/"},{"@type":"ListItem","position":3,"name":"CANNABINOIDER","item":"https:\/\/www.swizzle.se\/produkt-kategori\/cannabinoider\/"},{"@type":"ListItem","position":4,"name":"Vape HEC-10 &#8211; 1000 puffs 99% &#8211; Lemon Cheese"}]},{"@type":"WebSite","@id":"https:\/\/staging.swizzle.se\/#website","url":"https:\/\/staging.swizzle.se\/","name":"Swizzle","description":"Nikotin CBD Vapes Snus Hvid Portion","publisher":{"@id":"https:\/\/staging.swizzle.se\/#organization"},"potentialAction":[{"@type":"SearchAction","target":{"@type":"EntryPoint","urlTemplate":"https:\/\/staging.swizzle.se\/?s={search_term_string}"},"query-input":{"@type":"PropertyValueSpecification","valueRequired":true,"valueName":"search_term_string"}}],"inLanguage":"da-DK"},{"@type":"Organization","@id":"https:\/\/staging.swizzle.se\/#organization","name":"Swizzle","url":"https:\/\/staging.swizzle.se\/","logo":{"@type":"ImageObject","inLanguage":"da-DK","@id":"https:\/\/staging.swizzle.se\/#\/schema\/logo\/image\/","url":"https:\/\/staging.swizzle.se\/wp-content\/uploads\/2025\/10\/cropped-SWIZZLE.-4.png","contentUrl":"https:\/\/staging.swizzle.se\/wp-content\/uploads\/2025\/10\/cropped-SWIZZLE.-4.png","width":800,"height":267,"caption":"Swizzle"},"image":{"@id":"https:\/\/staging.swizzle.se\/#\/schema\/logo\/image\/"},"hasMerchantReturnPolicy":{"@type":"MerchantReturnPolicy","merchantReturnLink":"https:\/\/staging.swizzle.se\/dk\/villkor\/"}}]},"product_price_amount":"639.00","product_price_currency":"SEK","og_availability":"instock","product_availability":"instock","product_retailer_item_id":"HECvapeLC","product_condition":"new"},"tiered_pricing_type":"fixed","tiered_pricing_fixed_rules":[],"tiered_pricing_product_settings":{"layout":"default","base_unit_name":{"singular":null,"plural":null},"default_variation":null},"tiered_pricing_minimum_quantity":null,"tiered_pricing_roles_data":[],"tiered_pricing_percentage_rules":[],"tiered_pricing_maximum_quantity":null,"tiered_pricing_quantity_step":null,"_links":{"self":[{"href":"https:\/\/staging.swizzle.se\/dk\/wp-json\/wp\/v2\/product\/279711","targetHints":{"allow":["GET"]}}],"collection":[{"href":"https:\/\/staging.swizzle.se\/dk\/wp-json\/wp\/v2\/product"}],"about":[{"href":"https:\/\/staging.swizzle.se\/dk\/wp-json\/wp\/v2\/types\/product"}],"replies":[{"embeddable":true,"href":"https:\/\/staging.swizzle.se\/dk\/wp-json\/wp\/v2\/comments?post=279711"}],"version-history":[{"count":0,"href":"https:\/\/staging.swizzle.se\/dk\/wp-json\/wp\/v2\/product\/279711\/revisions"}],"wp:featuredmedia":[{"embeddable":true,"href":"https:\/\/staging.swizzle.se\/dk\/wp-json\/wp\/v2\/media\/279713"}],"wp:attachment":[{"href":"https:\/\/staging.swizzle.se\/dk\/wp-json\/wp\/v2\/media?parent=279711"}],"wp:term":[{"taxonomy":"product_brand","embeddable":true,"href":"https:\/\/staging.swizzle.se\/dk\/wp-json\/wp\/v2\/product_brand?post=279711"},{"taxonomy":"product_cat","embeddable":true,"href":"https:\/\/staging.swizzle.se\/dk\/wp-json\/wp\/v2\/product_cat?post=279711"},{"taxonomy":"product_tag","embeddable":true,"href":"https:\/\/staging.swizzle.se\/dk\/wp-json\/wp\/v2\/product_tag?post=279711"},{"taxonomy":"superdeal","embeddable":true,"href":"https:\/\/staging.swizzle.se\/dk\/wp-json\/wp\/v2\/superdeal?post=279711"},{"taxonomy":"product_variant_id","embeddable":true,"href":"https:\/\/staging.swizzle.se\/dk\/wp-json\/wp\/v2\/product_variant_id?post=279711"}],"curies":[{"name":"wp","href":"https:\/\/api.w.org\/{rel}","templated":true}]}}