{"id":279560,"date":"2025-12-11T08:18:45","date_gmt":"2025-12-11T08:18:45","guid":{"rendered":"https:\/\/staging.swizzle.se\/?post_type=product&#038;p=279560"},"modified":"2026-02-04T13:49:39","modified_gmt":"2026-02-04T13:49:39","slug":"xqs-cactus-sour-strong","status":"publish","type":"product","link":"https:\/\/staging.swizzle.se\/dk\/product-2\/xqs-cactus-sour-strong\/","title":{"rendered":"XQS Cactus Sour Strong"},"content":{"rendered":"<h2>XQS Cactus Sour Strong\u2013 Tobaksfritt all white snus med kaktussmak<\/h2>\n<p><strong>XQS Cactus Sour<\/strong> <strong>Strong<\/strong> \u00e4r ett tobaksfritt all white-snus i slimformat med en unik smak av <strong>kaktus<\/strong>. Denna variant har nikotinstyrka <strong>8 mg per portion (16 mg\/g)<\/strong> och \u00e4r perfekt f\u00f6r dig som vill ha ett fr\u00e4scht och smakrikt snus i ett diskret, smalt format.<\/p>\n<h3>Smak &amp; Styrka<\/h3>\n<p>Med sin exotiska och syrliga kaktussmak ger <strong>XQS Cactus Sour<\/strong> <strong>Strong<\/strong> en balanserad och fr\u00e4sch nikotinupplevelse. Slim-formatet g\u00f6r p\u00e5sarna l\u00e4tta att anv\u00e4nda diskret under l\u00e4ppen.<\/p>\n<ul>\n<li>Smak: Kaktus<\/li>\n<li>Nikotinhalt: 8 mg per portion (16 mg\/g)<\/li>\n<li>Format: Slim<\/li>\n<li>Tobaksfritt: Ja (all white)<\/li>\n<li>Antal portioner per dosa: 20<\/li>\n<\/ul>\n<h3>K\u00f6p XQS Cactus Sour Online<\/h3>\n<p>Best\u00e4ll <strong>XQS Cactus Sour<\/strong> <strong>Strong<\/strong> online hos Swizzle och f\u00e5 snabb frakt direkt hem. Ett perfekt val f\u00f6r dig som vill ha ett tobaksfritt snus med sp\u00e4nnande smak och l\u00e4ttanv\u00e4nda slim-p\u00e5sar.<\/p>\n<h3>Relaterade produkter hos Swizzle<\/h3>\n<ul>\n<li><a href=\"https:\/\/staging.swizzle.se\/dk\/product-2\/xqs-cactus-sour-strong\/\" target=\"_blank\" rel=\"noopener\">XQS Cactus Sour Strong<\/a><\/li>\n<li><a href=\"https:\/\/staging.swizzle.se\/dk\/product-2\/xqs-blueberry-mint\/\" target=\"_blank\" rel=\"noopener\">XQS Blueberry Mint<\/a><\/li>\n<li><a href=\"https:\/\/staging.swizzle.se\/dk\/product-2\/xqs-tropical-slim\/\" target=\"_blank\" rel=\"noopener\">XQS Tropical<\/a><\/li>\n<li><a href=\"https:\/\/staging.swizzle.se\/dk\/product-2\/xqs-black-cherry\/\" target=\"_blank\" rel=\"noopener\">XQS sort kirseb\u00e6r<\/a><\/li>\n<\/ul>\n<h3>Om XQS<\/h3>\n<p><strong>XQS<\/strong> erbjuder ett brett sortiment av tobaksfria nikotinp\u00e5sar i olika smaker och styrkor. Med fokus p\u00e5 kvalitet och innovativa smakprofiler \u00e4r XQS ett popul\u00e4rt val f\u00f6r dig som s\u00f6ker moderna all white-produkter.<\/p>\n<hr \/>\n<p><strong>\u26a0\ufe0fVarning:<\/strong><br \/>\nDenna produkt inneh\u00e5ller nikotin som \u00e4r ett <strong>mycket beroendeframkallande \u00e4mne<\/strong>. <strong>18 \u00e5rsgr\u00e4ns.<\/strong><\/p>\n<p><strong>Bem\u00e6rk!<\/strong><br \/>\nDu m\u00e5ste vara minst 18 \u00e5r f\u00f6r att k\u00f6pa denna produkt. Den \u00e4r inte avsedd som l\u00e4kemedel, kosttillskott eller naturprodukt. Vi uppmuntrar inte till konsumtion eller r\u00f6kning av produkten. F\u00f6rvara den utom r\u00e4ckh\u00e5ll f\u00f6r barn. Vi friskriver oss fr\u00e5n hur du som kund anv\u00e4nder v\u00e5ra produkter. Vi s\u00e4ljer dem f\u00f6r samlings- och prydnadssyften.<\/p>","protected":false},"excerpt":{"rendered":"<p><strong>XQS Cactus Sour Strong <\/strong>\u00e4r ett tobaksfritt all white-snus i slimformat med en unik smak av <strong>kaktus<\/strong>. Denna variant har nikotinstyrka <strong>8 mg per portion (16 mg\/g)<\/strong> och \u00e4r perfekt f\u00f6r dig som vill ha ett fr\u00e4scht och smakrikt snus i ett diskret, smalt format.<\/p>\n<ul>\n<li>Smak: Kaktus<\/li>\n<li>Nikotinhalt: 8 mg per portion (16 mg\/g)<\/li>\n<li>Format: Slim<\/li>\n<li>Tobaksfritt: Ja (all white)<\/li>\n<li>Antal portioner per dosa: 20<\/li>\n<\/ul>\n<p><strong>\u26a0\ufe0f <\/strong><strong>Denna produkt inneh\u00e5ller nikotin som \u00e4r ett mycket beroendeframkallande \u00e4mne. 18 \u00e5rsgr\u00e4ns.<\/strong><\/p>","protected":false},"featured_media":279561,"comment_status":"closed","ping_status":"closed","template":"","meta":{"site-sidebar-layout":"default","site-content-layout":"","ast-site-content-layout":"default","site-content-style":"default","site-sidebar-style":"default","ast-global-header-display":"","ast-banner-title-visibility":"","ast-main-header-display":"","ast-hfb-above-header-display":"","ast-hfb-below-header-display":"","ast-hfb-mobile-header-display":"","site-post-title":"","ast-breadcrumbs-content":"","ast-featured-img":"","footer-sml-layout":"","ast-disable-related-posts":"","theme-transparent-header-meta":"default","adv-header-id-meta":"","stick-header-meta":"default","header-above-stick-meta":"","header-main-stick-meta":"","header-below-stick-meta":"","astra-migrate-meta-layouts":"set","ast-page-background-enabled":"default","ast-page-background-meta":{"desktop":{"background-color":"var(--ast-global-color-4)","background-image":"","background-repeat":"repeat","background-position":"center center","background-size":"auto","background-attachment":"scroll","background-type":"","background-media":"","overlay-type":"","overlay-color":"","overlay-opacity":"","overlay-gradient":""},"tablet":{"background-color":"","background-image":"","background-repeat":"repeat","background-position":"center center","background-size":"auto","background-attachment":"scroll","background-type":"","background-media":"","overlay-type":"","overlay-color":"","overlay-opacity":"","overlay-gradient":""},"mobile":{"background-color":"","background-image":"","background-repeat":"repeat","background-position":"center center","background-size":"auto","background-attachment":"scroll","background-type":"","background-media":"","overlay-type":"","overlay-color":"","overlay-opacity":"","overlay-gradient":""}},"ast-content-background-meta":{"desktop":{"background-color":"var(--ast-global-color-5)","background-image":"","background-repeat":"repeat","background-position":"center center","background-size":"auto","background-attachment":"scroll","background-type":"","background-media":"","overlay-type":"","overlay-color":"","overlay-opacity":"","overlay-gradient":""},"tablet":{"background-color":"var(--ast-global-color-5)","background-image":"","background-repeat":"repeat","background-position":"center center","background-size":"auto","background-attachment":"scroll","background-type":"","background-media":"","overlay-type":"","overlay-color":"","overlay-opacity":"","overlay-gradient":""},"mobile":{"background-color":"var(--ast-global-color-5)","background-image":"","background-repeat":"repeat","background-position":"center center","background-size":"auto","background-attachment":"scroll","background-type":"","background-media":"","overlay-type":"","overlay-color":"","overlay-opacity":"","overlay-gradient":""}}},"product_brand":[774],"product_cat":[357,606],"product_tag":[],"superdeal":[],"product_variant_id":[],"class_list":{"0":"post-279560","1":"product","2":"type-product","3":"status-publish","4":"has-post-thumbnail","6":"product_brand-xqs","7":"product_cat-vitt-snus","8":"product_cat-xqs","9":"desktop-align-center","10":"tablet-align-left","11":"mobile-align-left","12":"ast-product-gallery-layout-horizontal-slider","13":"ast-magnify-disabled","14":"ast-product-tabs-layout-horizontal","16":"first","17":"instock","18":"taxable","19":"shipping-taxable","20":"purchasable","21":"product-type-simple"},"yoast_head":"<!-- This site is optimized with the Yoast SEO Premium plugin v26.9 (Yoast SEO v26.9) - https:\/\/yoast.com\/product\/yoast-seo-premium-wordpress\/ -->\n<title>XQS Cactus Sour Strong<\/title>\n<meta name=\"description\" content=\"XQS Cactus Sour Strong \u00e4r ett tobaksfritt all white-snus i slimformat med en unik smak av kaktus. Denna variant har nikotinstyrka 8 mg per portion (16 mg\/g)\" \/>\n<meta name=\"robots\" content=\"noindex, follow, max-snippet:-1, max-image-preview:large, max-video-preview:-1\" \/>\n<meta property=\"og:locale\" content=\"da_DK\" \/>\n<meta property=\"og:type\" content=\"article\" \/>\n<meta property=\"og:title\" content=\"XQS Cactus Sour Strong\" \/>\n<meta property=\"og:description\" content=\"XQS Cactus Sour Strong \u00e4r ett tobaksfritt all white-snus i slimformat med en unik smak av kaktus. Denna variant har nikotinstyrka 8 mg per portion (16 mg\/g)\" \/>\n<meta property=\"og:url\" content=\"https:\/\/www.swizzle.se\/produkt\/xqs-cactus-sour-strong\/\" \/>\n<meta property=\"og:site_name\" content=\"Swizzle\" \/>\n<meta property=\"article:modified_time\" content=\"2026-02-04T13:49:39+00:00\" \/>\n<meta property=\"og:image\" content=\"https:\/\/www.swizzle.se\/wp-content\/uploads\/2025\/11\/1-xqs-c-s.webp\" \/>\n\t<meta property=\"og:image:width\" content=\"600\" \/>\n\t<meta property=\"og:image:height\" content=\"600\" \/>\n\t<meta property=\"og:image:type\" content=\"image\/webp\" \/>\n<meta name=\"twitter:card\" content=\"summary_large_image\" \/>\n<meta name=\"twitter:label1\" content=\"Pris\" \/>\n\t<meta name=\"twitter:data1\" content=\"42.00&nbsp;&#107;&#114;\" \/>\n\t<meta name=\"twitter:label2\" content=\"Tilg\u00e6ngelighed\" \/>\n\t<meta name=\"twitter:data2\" content=\"P\u00e5 lager\" \/>\n<script type=\"application\/ld+json\" class=\"yoast-schema-graph\">{\"@context\":\"https:\/\/schema.org\",\"@graph\":[{\"@type\":\"WebPage\",\"@id\":\"https:\/\/www.swizzle.se\/produkt\/xqs-cactus-sour-strong\/\",\"url\":\"https:\/\/www.swizzle.se\/produkt\/xqs-cactus-sour-strong\/\",\"name\":\"XQS Cactus Sour Strong\",\"isPartOf\":{\"@id\":\"https:\/\/staging.swizzle.se\/#website\"},\"primaryImageOfPage\":{\"@id\":\"https:\/\/www.swizzle.se\/produkt\/xqs-cactus-sour-strong\/#primaryimage\"},\"image\":{\"@id\":\"https:\/\/www.swizzle.se\/produkt\/xqs-cactus-sour-strong\/#primaryimage\"},\"thumbnailUrl\":\"https:\/\/staging.swizzle.se\/wp-content\/uploads\/2025\/11\/1-xqs-c-s.webp\",\"datePublished\":\"2025-12-11T08:18:45+00:00\",\"dateModified\":\"2026-02-04T13:49:39+00:00\",\"description\":\"XQS Cactus Sour Strong \u00e4r ett tobaksfritt all white-snus i slimformat med en unik smak av kaktus. Denna variant har nikotinstyrka 8 mg per portion (16 mg\/g)\",\"breadcrumb\":{\"@id\":\"https:\/\/www.swizzle.se\/produkt\/xqs-cactus-sour-strong\/#breadcrumb\"},\"inLanguage\":\"da-DK\",\"potentialAction\":[{\"@type\":\"ReadAction\",\"target\":[\"https:\/\/www.swizzle.se\/produkt\/xqs-cactus-sour-strong\/\"]}]},{\"@type\":\"ImageObject\",\"inLanguage\":\"da-DK\",\"@id\":\"https:\/\/www.swizzle.se\/produkt\/xqs-cactus-sour-strong\/#primaryimage\",\"url\":\"https:\/\/staging.swizzle.se\/wp-content\/uploads\/2025\/11\/1-xqs-c-s.webp\",\"contentUrl\":\"https:\/\/staging.swizzle.se\/wp-content\/uploads\/2025\/11\/1-xqs-c-s.webp\",\"width\":600,\"height\":600,\"caption\":\"XQS Cactus Sour Strong\"},{\"@type\":\"BreadcrumbList\",\"@id\":\"https:\/\/www.swizzle.se\/produkt\/xqs-cactus-sour-strong\/#breadcrumb\",\"itemListElement\":[{\"@type\":\"ListItem\",\"position\":1,\"name\":\"Home\",\"item\":\"https:\/\/www.swizzle.se\/\"},{\"@type\":\"ListItem\",\"position\":2,\"name\":\"Shop\",\"item\":\"https:\/\/www.swizzle.se\/shop\/\"},{\"@type\":\"ListItem\",\"position\":3,\"name\":\"VITT SNUS\",\"item\":\"https:\/\/www.swizzle.se\/produkt-kategori\/vitt-snus\/\"},{\"@type\":\"ListItem\",\"position\":4,\"name\":\"XQS\",\"item\":\"https:\/\/www.swizzle.se\/produkt-kategori\/vitt-snus\/xqs\/\"},{\"@type\":\"ListItem\",\"position\":5,\"name\":\"XQS Cactus Sour Strong\"}]},{\"@type\":\"WebSite\",\"@id\":\"https:\/\/staging.swizzle.se\/#website\",\"url\":\"https:\/\/staging.swizzle.se\/\",\"name\":\"Swizzle\",\"description\":\"Nikotin CBD Vapes Snus White Portion\",\"publisher\":{\"@id\":\"https:\/\/staging.swizzle.se\/#organization\"},\"potentialAction\":[{\"@type\":\"SearchAction\",\"target\":{\"@type\":\"EntryPoint\",\"urlTemplate\":\"https:\/\/staging.swizzle.se\/?s={search_term_string}\"},\"query-input\":{\"@type\":\"PropertyValueSpecification\",\"valueRequired\":true,\"valueName\":\"search_term_string\"}}],\"inLanguage\":\"da-DK\"},{\"@type\":\"Organization\",\"@id\":\"https:\/\/staging.swizzle.se\/#organization\",\"name\":\"Swizzle\",\"url\":\"https:\/\/staging.swizzle.se\/\",\"logo\":{\"@type\":\"ImageObject\",\"inLanguage\":\"da-DK\",\"@id\":\"https:\/\/staging.swizzle.se\/#\/schema\/logo\/image\/\",\"url\":\"https:\/\/staging.swizzle.se\/wp-content\/uploads\/2025\/10\/cropped-SWIZZLE.-4.png\",\"contentUrl\":\"https:\/\/staging.swizzle.se\/wp-content\/uploads\/2025\/10\/cropped-SWIZZLE.-4.png\",\"width\":800,\"height\":267,\"caption\":\"Swizzle\"},\"image\":{\"@id\":\"https:\/\/staging.swizzle.se\/#\/schema\/logo\/image\/\"},\"hasMerchantReturnPolicy\":{\"@type\":\"MerchantReturnPolicy\",\"merchantReturnLink\":\"https:\/\/staging.swizzle.se\/dk\/villkor\/\"}}]}<\/script>\n<meta property=\"product:price:amount\" content=\"42.00\" \/>\n<meta property=\"product:price:currency\" content=\"SEK\" \/>\n<meta property=\"og:availability\" content=\"instock\" \/>\n<meta property=\"product:availability\" content=\"instock\" \/>\n<meta property=\"product:retailer_item_id\" content=\"XQSCactusStrong\" \/>\n<meta property=\"product:condition\" content=\"new\" \/>\n<!-- \/ Yoast SEO Premium plugin. -->","yoast_head_json":{"title":"XQS Cactus Sour Strong","description":"XQS Cactus Sour Strong \u00e4r ett tobaksfritt all white-snus i slimformat med en unik smak av kaktus. Denna variant har nikotinstyrka 8 mg per portion (16 mg\/g)","robots":{"index":"noindex","follow":"follow","max-snippet":"max-snippet:-1","max-image-preview":"max-image-preview:large","max-video-preview":"max-video-preview:-1"},"og_locale":"da_DK","og_type":"article","og_title":"XQS Cactus Sour Strong","og_description":"XQS Cactus Sour Strong \u00e4r ett tobaksfritt all white-snus i slimformat med en unik smak av kaktus. Denna variant har nikotinstyrka 8 mg per portion (16 mg\/g)","og_url":"https:\/\/www.swizzle.se\/produkt\/xqs-cactus-sour-strong\/","og_site_name":"Swizzle","article_modified_time":"2026-02-04T13:49:39+00:00","og_image":[{"width":600,"height":600,"url":"https:\/\/www.swizzle.se\/wp-content\/uploads\/2025\/11\/1-xqs-c-s.webp","type":"image\/webp"}],"twitter_card":"summary_large_image","twitter_misc":{"Pris":"42.00&nbsp;&#107;&#114;","Tilg\u00e6ngelighed":"P\u00e5 lager"},"schema":{"@context":"https:\/\/schema.org","@graph":[{"@type":"WebPage","@id":"https:\/\/www.swizzle.se\/produkt\/xqs-cactus-sour-strong\/","url":"https:\/\/www.swizzle.se\/produkt\/xqs-cactus-sour-strong\/","name":"XQS Cactus Sour Strong","isPartOf":{"@id":"https:\/\/staging.swizzle.se\/#website"},"primaryImageOfPage":{"@id":"https:\/\/www.swizzle.se\/produkt\/xqs-cactus-sour-strong\/#primaryimage"},"image":{"@id":"https:\/\/www.swizzle.se\/produkt\/xqs-cactus-sour-strong\/#primaryimage"},"thumbnailUrl":"https:\/\/staging.swizzle.se\/wp-content\/uploads\/2025\/11\/1-xqs-c-s.webp","datePublished":"2025-12-11T08:18:45+00:00","dateModified":"2026-02-04T13:49:39+00:00","description":"XQS Cactus Sour Strong \u00e4r ett tobaksfritt all white-snus i slimformat med en unik smak av kaktus. Denna variant har nikotinstyrka 8 mg per portion (16 mg\/g)","breadcrumb":{"@id":"https:\/\/www.swizzle.se\/produkt\/xqs-cactus-sour-strong\/#breadcrumb"},"inLanguage":"da-DK","potentialAction":[{"@type":"ReadAction","target":["https:\/\/www.swizzle.se\/produkt\/xqs-cactus-sour-strong\/"]}]},{"@type":"ImageObject","inLanguage":"da-DK","@id":"https:\/\/www.swizzle.se\/produkt\/xqs-cactus-sour-strong\/#primaryimage","url":"https:\/\/staging.swizzle.se\/wp-content\/uploads\/2025\/11\/1-xqs-c-s.webp","contentUrl":"https:\/\/staging.swizzle.se\/wp-content\/uploads\/2025\/11\/1-xqs-c-s.webp","width":600,"height":600,"caption":"XQS Cactus Sour Strong"},{"@type":"BreadcrumbList","@id":"https:\/\/www.swizzle.se\/produkt\/xqs-cactus-sour-strong\/#breadcrumb","itemListElement":[{"@type":"ListItem","position":1,"name":"Home","item":"https:\/\/www.swizzle.se\/"},{"@type":"ListItem","position":2,"name":"Shop","item":"https:\/\/www.swizzle.se\/shop\/"},{"@type":"ListItem","position":3,"name":"VITT SNUS","item":"https:\/\/www.swizzle.se\/produkt-kategori\/vitt-snus\/"},{"@type":"ListItem","position":4,"name":"XQS","item":"https:\/\/www.swizzle.se\/produkt-kategori\/vitt-snus\/xqs\/"},{"@type":"ListItem","position":5,"name":"XQS Cactus Sour Strong"}]},{"@type":"WebSite","@id":"https:\/\/staging.swizzle.se\/#website","url":"https:\/\/staging.swizzle.se\/","name":"Swizzle","description":"Nikotin CBD Vapes Snus Hvid Portion","publisher":{"@id":"https:\/\/staging.swizzle.se\/#organization"},"potentialAction":[{"@type":"SearchAction","target":{"@type":"EntryPoint","urlTemplate":"https:\/\/staging.swizzle.se\/?s={search_term_string}"},"query-input":{"@type":"PropertyValueSpecification","valueRequired":true,"valueName":"search_term_string"}}],"inLanguage":"da-DK"},{"@type":"Organization","@id":"https:\/\/staging.swizzle.se\/#organization","name":"Swizzle","url":"https:\/\/staging.swizzle.se\/","logo":{"@type":"ImageObject","inLanguage":"da-DK","@id":"https:\/\/staging.swizzle.se\/#\/schema\/logo\/image\/","url":"https:\/\/staging.swizzle.se\/wp-content\/uploads\/2025\/10\/cropped-SWIZZLE.-4.png","contentUrl":"https:\/\/staging.swizzle.se\/wp-content\/uploads\/2025\/10\/cropped-SWIZZLE.-4.png","width":800,"height":267,"caption":"Swizzle"},"image":{"@id":"https:\/\/staging.swizzle.se\/#\/schema\/logo\/image\/"},"hasMerchantReturnPolicy":{"@type":"MerchantReturnPolicy","merchantReturnLink":"https:\/\/staging.swizzle.se\/dk\/villkor\/"}}]},"product_price_amount":"42.00","product_price_currency":"SEK","og_availability":"instock","product_availability":"instock","product_retailer_item_id":"XQSCactusStrong","product_condition":"new"},"tiered_pricing_type":"fixed","tiered_pricing_fixed_rules":[],"tiered_pricing_product_settings":{"layout":"default","base_unit_name":{"singular":null,"plural":null},"default_variation":null},"tiered_pricing_minimum_quantity":null,"tiered_pricing_roles_data":[],"tiered_pricing_percentage_rules":[],"tiered_pricing_maximum_quantity":null,"tiered_pricing_quantity_step":null,"_links":{"self":[{"href":"https:\/\/staging.swizzle.se\/dk\/wp-json\/wp\/v2\/product\/279560","targetHints":{"allow":["GET"]}}],"collection":[{"href":"https:\/\/staging.swizzle.se\/dk\/wp-json\/wp\/v2\/product"}],"about":[{"href":"https:\/\/staging.swizzle.se\/dk\/wp-json\/wp\/v2\/types\/product"}],"replies":[{"embeddable":true,"href":"https:\/\/staging.swizzle.se\/dk\/wp-json\/wp\/v2\/comments?post=279560"}],"version-history":[{"count":0,"href":"https:\/\/staging.swizzle.se\/dk\/wp-json\/wp\/v2\/product\/279560\/revisions"}],"wp:featuredmedia":[{"embeddable":true,"href":"https:\/\/staging.swizzle.se\/dk\/wp-json\/wp\/v2\/media\/279561"}],"wp:attachment":[{"href":"https:\/\/staging.swizzle.se\/dk\/wp-json\/wp\/v2\/media?parent=279560"}],"wp:term":[{"taxonomy":"product_brand","embeddable":true,"href":"https:\/\/staging.swizzle.se\/dk\/wp-json\/wp\/v2\/product_brand?post=279560"},{"taxonomy":"product_cat","embeddable":true,"href":"https:\/\/staging.swizzle.se\/dk\/wp-json\/wp\/v2\/product_cat?post=279560"},{"taxonomy":"product_tag","embeddable":true,"href":"https:\/\/staging.swizzle.se\/dk\/wp-json\/wp\/v2\/product_tag?post=279560"},{"taxonomy":"superdeal","embeddable":true,"href":"https:\/\/staging.swizzle.se\/dk\/wp-json\/wp\/v2\/superdeal?post=279560"},{"taxonomy":"product_variant_id","embeddable":true,"href":"https:\/\/staging.swizzle.se\/dk\/wp-json\/wp\/v2\/product_variant_id?post=279560"}],"curies":[{"name":"wp","href":"https:\/\/api.w.org\/{rel}","templated":true}]}}