{"id":279533,"date":"2025-11-20T12:43:27","date_gmt":"2025-11-20T12:43:27","guid":{"rendered":"https:\/\/staging.swizzle.se\/?post_type=product&#038;p=279533"},"modified":"2026-02-05T17:46:28","modified_gmt":"2026-02-05T17:46:28","slug":"vape-magic-sauce-1000-puffs-gorilla-cookies","status":"publish","type":"product","link":"https:\/\/staging.swizzle.se\/dk\/product-2\/vape-magic-sauce-1000-puffs-gorilla-cookies\/","title":{"rendered":"Vape Magic Sauce 1000 puffs &#8211; Gorilla Cookies"},"content":{"rendered":"<h1>Vape Magic Sauce 1000 puffs &#8211; Gorilla Cookies<\/h1>\n<p>Uppt\u00e4ck Magic Sauce \u2013 eng\u00e5ngsvape som tar din samling till n\u00e4sta niv\u00e5 med intensiva och unika aromprofiler. Varje 2 ml vape \u00e4r fylld med h\u00f6gkvalitativa aromer som ger en distinkt och karakt\u00e4rsfull upplevelse.<\/p>\n<h2>Gorilla Cookies \u2013 Robust och Jordig<\/h2>\n<p><strong>Gorilla Cookies<\/strong> bjuder p\u00e5 kraftfulla, jordiga toner med subtila s\u00f6ta undertoner. Denna aromvariant \u00e4r idealisk f\u00f6r dig som uppskattar en fyllig och karakt\u00e4rsfull smak med tydlig identitet. Perfekt f\u00f6r samlare som vill ha n\u00e5got som verkligen sticker ut.<\/p>\n<h2>Varf\u00f6r Magic Sauce?<\/h2>\n<p>Varje vape \u00e4r 2ml kompakt och l\u00e4tt att hantera, perfekt f\u00f6r samlare som vill ha n\u00e5got unikt i sin samling. Den tydliga identiteten och starka karakt\u00e4ren hos varje smak g\u00f6r dem till ett blickf\u00e5ng och ger en upplevelse som sticker ut fr\u00e5n m\u00e4ngden.<\/p>\n<h2>Utforska fler aromprodukter<\/h2>\n<p>Uppt\u00e4ck fler produkter som passar din samling och komplettera med andra premium cartridges och aromprodukter:<\/p>\n<ul>\n<li><a href=\"https:\/\/staging.swizzle.se\/dk\/product-category\/vapes\/\" target=\"_blank\" rel=\"noopener\">Alla vapes &amp; cartridges<\/a><\/li>\n<li><a href=\"https:\/\/staging.swizzle.se\/dk\/product-category\/vapes\/cartridges\/\" target=\"_blank\" rel=\"noopener\">Cartridges &amp; arompatroner<\/a><\/li>\n<li><a href=\"https:\/\/staging.swizzle.se\/dk\/product-category\/roktillbehor\/\" target=\"_blank\" rel=\"noopener\">Andra R\u00f6ktillbeh\u00f6r<\/a><\/li>\n<\/ul>\n<p><em>Bem\u00e6rk!<br \/>\nDu m\u00e5ste vara minst 18 \u00e5r f\u00f6r att k\u00f6pa denna produkt. Den \u00e4r inte avsedd som l\u00e4kemedel, kosttillskott eller naturprodukt. Vi uppmuntrar inte till konsumtion eller r\u00f6kning av produkten. F\u00f6rvara den utom r\u00e4ckh\u00e5ll f\u00f6r barn. Vi friskriver oss fr\u00e5n hur du som kund anv\u00e4nder v\u00e5ra produkter. Vi s\u00e4ljer dem f\u00f6r samlings- och prydnadssyften.<\/em><\/p>","protected":false},"excerpt":{"rendered":"<p><strong>Vape Magic Sauce 1000 puffs &#8211; Gorilla Cookies<\/strong><\/p>\n<p>Uppt\u00e4ck Magic Sauce \u2013 eng\u00e5ngsvape som tar din samling till n\u00e4sta niv\u00e5 med intensiva och unika aromprofiler. Varje 2 ml vape \u00e4r fylld med h\u00f6gkvalitativa aromer som ger en distinkt och karakt\u00e4rsfull upplevelse.<\/p>","protected":false},"featured_media":279569,"comment_status":"closed","ping_status":"closed","template":"","meta":{"site-sidebar-layout":"default","site-content-layout":"","ast-site-content-layout":"default","site-content-style":"default","site-sidebar-style":"default","ast-global-header-display":"","ast-banner-title-visibility":"","ast-main-header-display":"","ast-hfb-above-header-display":"","ast-hfb-below-header-display":"","ast-hfb-mobile-header-display":"","site-post-title":"","ast-breadcrumbs-content":"","ast-featured-img":"","footer-sml-layout":"","ast-disable-related-posts":"","theme-transparent-header-meta":"default","adv-header-id-meta":"","stick-header-meta":"default","header-above-stick-meta":"","header-main-stick-meta":"","header-below-stick-meta":"","astra-migrate-meta-layouts":"set","ast-page-background-enabled":"default","ast-page-background-meta":{"desktop":{"background-color":"var(--ast-global-color-4)","background-image":"","background-repeat":"repeat","background-position":"center center","background-size":"auto","background-attachment":"scroll","background-type":"","background-media":"","overlay-type":"","overlay-color":"","overlay-opacity":"","overlay-gradient":""},"tablet":{"background-color":"","background-image":"","background-repeat":"repeat","background-position":"center center","background-size":"auto","background-attachment":"scroll","background-type":"","background-media":"","overlay-type":"","overlay-color":"","overlay-opacity":"","overlay-gradient":""},"mobile":{"background-color":"","background-image":"","background-repeat":"repeat","background-position":"center center","background-size":"auto","background-attachment":"scroll","background-type":"","background-media":"","overlay-type":"","overlay-color":"","overlay-opacity":"","overlay-gradient":""}},"ast-content-background-meta":{"desktop":{"background-color":"var(--ast-global-color-5)","background-image":"","background-repeat":"repeat","background-position":"center center","background-size":"auto","background-attachment":"scroll","background-type":"","background-media":"","overlay-type":"","overlay-color":"","overlay-opacity":"","overlay-gradient":""},"tablet":{"background-color":"var(--ast-global-color-5)","background-image":"","background-repeat":"repeat","background-position":"center center","background-size":"auto","background-attachment":"scroll","background-type":"","background-media":"","overlay-type":"","overlay-color":"","overlay-opacity":"","overlay-gradient":""},"mobile":{"background-color":"var(--ast-global-color-5)","background-image":"","background-repeat":"repeat","background-position":"center center","background-size":"auto","background-attachment":"scroll","background-type":"","background-media":"","overlay-type":"","overlay-color":"","overlay-opacity":"","overlay-gradient":""}}},"product_brand":[756],"product_cat":[334,509,656],"product_tag":[],"superdeal":[],"product_variant_id":[],"class_list":{"0":"post-279533","1":"product","2":"type-product","3":"status-publish","4":"has-post-thumbnail","6":"product_brand-magic-farmers","7":"product_cat-cannabinoider","8":"product_cat-magic-sauce","9":"product_cat-magic-sauce-vapes","10":"desktop-align-center","11":"tablet-align-left","12":"mobile-align-left","13":"ast-product-gallery-layout-horizontal-slider","14":"ast-product-gallery-with-no-image","15":"ast-magnify-disabled","16":"ast-product-tabs-layout-horizontal","18":"first","19":"instock","20":"taxable","21":"shipping-taxable","22":"purchasable","23":"product-type-simple"},"yoast_head":"<!-- This site is optimized with the Yoast SEO Premium plugin v26.9 (Yoast SEO v26.9) - https:\/\/yoast.com\/product\/yoast-seo-premium-wordpress\/ -->\n<title>Vape Magic Sauce 1000 puffs - Gorilla Cookies<\/title>\n<meta name=\"description\" content=\"Vape Magic Sauce 1000 puffs - Gorilla Cookies, eng\u00e5ngsvape som tar din samling till n\u00e4sta niv\u00e5 med intensiva och unika aromprofiler.\" \/>\n<meta name=\"robots\" content=\"noindex, follow, max-snippet:-1, max-image-preview:large, max-video-preview:-1\" \/>\n<meta property=\"og:locale\" content=\"da_DK\" \/>\n<meta property=\"og:type\" content=\"article\" \/>\n<meta property=\"og:title\" content=\"Vape Magic Sauce 1000 puffs - Gorilla Cookies\" \/>\n<meta property=\"og:description\" content=\"Vape Magic Sauce 1000 puffs - Gorilla Cookies, eng\u00e5ngsvape som tar din samling till n\u00e4sta niv\u00e5 med intensiva och unika aromprofiler.\" \/>\n<meta property=\"og:url\" content=\"https:\/\/www.swizzle.se\/produkt\/vape-magic-sauce-1000-puffs-gorilla-cookies\/\" \/>\n<meta property=\"og:site_name\" content=\"Swizzle\" \/>\n<meta property=\"article:modified_time\" content=\"2026-02-05T17:46:28+00:00\" \/>\n<meta property=\"og:image\" content=\"https:\/\/www.swizzle.se\/wp-content\/uploads\/2025\/11\/1000-PUFF-GORILLA-COOKIES-MF.webp\" \/>\n\t<meta property=\"og:image:width\" content=\"800\" \/>\n\t<meta property=\"og:image:height\" content=\"800\" \/>\n\t<meta property=\"og:image:type\" content=\"image\/webp\" \/>\n<meta name=\"twitter:card\" content=\"summary_large_image\" \/>\n<meta name=\"twitter:label1\" content=\"Pris\" \/>\n\t<meta name=\"twitter:data1\" content=\"749.00&nbsp;&#107;&#114;\" \/>\n\t<meta name=\"twitter:label2\" content=\"Tilg\u00e6ngelighed\" \/>\n\t<meta name=\"twitter:data2\" content=\"P\u00e5 lager\" \/>\n<script type=\"application\/ld+json\" class=\"yoast-schema-graph\">{\"@context\":\"https:\/\/schema.org\",\"@graph\":[{\"@type\":\"WebPage\",\"@id\":\"https:\/\/www.swizzle.se\/produkt\/vape-magic-sauce-1000-puffs-gorilla-cookies\/\",\"url\":\"https:\/\/www.swizzle.se\/produkt\/vape-magic-sauce-1000-puffs-gorilla-cookies\/\",\"name\":\"Vape Magic Sauce 1000 puffs - Gorilla Cookies\",\"isPartOf\":{\"@id\":\"https:\/\/staging.swizzle.se\/#website\"},\"primaryImageOfPage\":{\"@id\":\"https:\/\/www.swizzle.se\/produkt\/vape-magic-sauce-1000-puffs-gorilla-cookies\/#primaryimage\"},\"image\":{\"@id\":\"https:\/\/www.swizzle.se\/produkt\/vape-magic-sauce-1000-puffs-gorilla-cookies\/#primaryimage\"},\"thumbnailUrl\":\"https:\/\/staging.swizzle.se\/wp-content\/uploads\/2025\/11\/1000-PUFF-GORILLA-COOKIES-MF.webp\",\"datePublished\":\"2025-11-20T12:43:27+00:00\",\"dateModified\":\"2026-02-05T17:46:28+00:00\",\"description\":\"Vape Magic Sauce 1000 puffs - Gorilla Cookies, eng\u00e5ngsvape som tar din samling till n\u00e4sta niv\u00e5 med intensiva och unika aromprofiler.\",\"breadcrumb\":{\"@id\":\"https:\/\/www.swizzle.se\/produkt\/vape-magic-sauce-1000-puffs-gorilla-cookies\/#breadcrumb\"},\"inLanguage\":\"da-DK\",\"potentialAction\":[{\"@type\":\"ReadAction\",\"target\":[\"https:\/\/www.swizzle.se\/produkt\/vape-magic-sauce-1000-puffs-gorilla-cookies\/\"]}]},{\"@type\":\"ImageObject\",\"inLanguage\":\"da-DK\",\"@id\":\"https:\/\/www.swizzle.se\/produkt\/vape-magic-sauce-1000-puffs-gorilla-cookies\/#primaryimage\",\"url\":\"https:\/\/staging.swizzle.se\/wp-content\/uploads\/2025\/11\/1000-PUFF-GORILLA-COOKIES-MF.webp\",\"contentUrl\":\"https:\/\/staging.swizzle.se\/wp-content\/uploads\/2025\/11\/1000-PUFF-GORILLA-COOKIES-MF.webp\",\"width\":800,\"height\":800,\"caption\":\"1000-PUFF-GORILLA-COOKIES-MF.\"},{\"@type\":\"BreadcrumbList\",\"@id\":\"https:\/\/www.swizzle.se\/produkt\/vape-magic-sauce-1000-puffs-gorilla-cookies\/#breadcrumb\",\"itemListElement\":[{\"@type\":\"ListItem\",\"position\":1,\"name\":\"Home\",\"item\":\"https:\/\/www.swizzle.se\/\"},{\"@type\":\"ListItem\",\"position\":2,\"name\":\"Shop\",\"item\":\"https:\/\/www.swizzle.se\/shop\/\"},{\"@type\":\"ListItem\",\"position\":3,\"name\":\"CANNABINOIDER\",\"item\":\"https:\/\/www.swizzle.se\/produkt-kategori\/cannabinoider\/\"},{\"@type\":\"ListItem\",\"position\":4,\"name\":\"Magic Sauce\",\"item\":\"https:\/\/www.swizzle.se\/produkt-kategori\/cannabinoider\/magic-sauce\/\"},{\"@type\":\"ListItem\",\"position\":5,\"name\":\"Vape Magic Sauce 1000 puffs &#8211; Gorilla Cookies\"}]},{\"@type\":\"WebSite\",\"@id\":\"https:\/\/staging.swizzle.se\/#website\",\"url\":\"https:\/\/staging.swizzle.se\/\",\"name\":\"Swizzle\",\"description\":\"Nikotin CBD Vapes Snus White Portion\",\"publisher\":{\"@id\":\"https:\/\/staging.swizzle.se\/#organization\"},\"potentialAction\":[{\"@type\":\"SearchAction\",\"target\":{\"@type\":\"EntryPoint\",\"urlTemplate\":\"https:\/\/staging.swizzle.se\/?s={search_term_string}\"},\"query-input\":{\"@type\":\"PropertyValueSpecification\",\"valueRequired\":true,\"valueName\":\"search_term_string\"}}],\"inLanguage\":\"da-DK\"},{\"@type\":\"Organization\",\"@id\":\"https:\/\/staging.swizzle.se\/#organization\",\"name\":\"Swizzle\",\"url\":\"https:\/\/staging.swizzle.se\/\",\"logo\":{\"@type\":\"ImageObject\",\"inLanguage\":\"da-DK\",\"@id\":\"https:\/\/staging.swizzle.se\/#\/schema\/logo\/image\/\",\"url\":\"https:\/\/staging.swizzle.se\/wp-content\/uploads\/2025\/10\/cropped-SWIZZLE.-4.png\",\"contentUrl\":\"https:\/\/staging.swizzle.se\/wp-content\/uploads\/2025\/10\/cropped-SWIZZLE.-4.png\",\"width\":800,\"height\":267,\"caption\":\"Swizzle\"},\"image\":{\"@id\":\"https:\/\/staging.swizzle.se\/#\/schema\/logo\/image\/\"},\"hasMerchantReturnPolicy\":{\"@type\":\"MerchantReturnPolicy\",\"merchantReturnLink\":\"https:\/\/staging.swizzle.se\/dk\/villkor\/\"}}]}<\/script>\n<meta property=\"product:price:amount\" content=\"749.00\" \/>\n<meta property=\"product:price:currency\" content=\"SEK\" \/>\n<meta property=\"og:availability\" content=\"instock\" \/>\n<meta property=\"product:availability\" content=\"instock\" \/>\n<meta property=\"product:retailer_item_id\" content=\"MSvapeGC\" \/>\n<meta property=\"product:condition\" content=\"new\" \/>\n<!-- \/ Yoast SEO Premium plugin. -->","yoast_head_json":{"title":"Vape Magic Sauce 1000 puffs - Gorilla Cookies","description":"Vape Magic Sauce 1000 puffs - Gorilla Cookies, eng\u00e5ngsvape som tar din samling till n\u00e4sta niv\u00e5 med intensiva och unika aromprofiler.","robots":{"index":"noindex","follow":"follow","max-snippet":"max-snippet:-1","max-image-preview":"max-image-preview:large","max-video-preview":"max-video-preview:-1"},"og_locale":"da_DK","og_type":"article","og_title":"Vape Magic Sauce 1000 puffs - Gorilla Cookies","og_description":"Vape Magic Sauce 1000 puffs - Gorilla Cookies, eng\u00e5ngsvape som tar din samling till n\u00e4sta niv\u00e5 med intensiva och unika aromprofiler.","og_url":"https:\/\/www.swizzle.se\/produkt\/vape-magic-sauce-1000-puffs-gorilla-cookies\/","og_site_name":"Swizzle","article_modified_time":"2026-02-05T17:46:28+00:00","og_image":[{"width":800,"height":800,"url":"https:\/\/www.swizzle.se\/wp-content\/uploads\/2025\/11\/1000-PUFF-GORILLA-COOKIES-MF.webp","type":"image\/webp"}],"twitter_card":"summary_large_image","twitter_misc":{"Pris":"749.00&nbsp;&#107;&#114;","Tilg\u00e6ngelighed":"P\u00e5 lager"},"schema":{"@context":"https:\/\/schema.org","@graph":[{"@type":"WebPage","@id":"https:\/\/www.swizzle.se\/produkt\/vape-magic-sauce-1000-puffs-gorilla-cookies\/","url":"https:\/\/www.swizzle.se\/produkt\/vape-magic-sauce-1000-puffs-gorilla-cookies\/","name":"Vape Magic Sauce 1000 puffs - Gorilla Cookies","isPartOf":{"@id":"https:\/\/staging.swizzle.se\/#website"},"primaryImageOfPage":{"@id":"https:\/\/www.swizzle.se\/produkt\/vape-magic-sauce-1000-puffs-gorilla-cookies\/#primaryimage"},"image":{"@id":"https:\/\/www.swizzle.se\/produkt\/vape-magic-sauce-1000-puffs-gorilla-cookies\/#primaryimage"},"thumbnailUrl":"https:\/\/staging.swizzle.se\/wp-content\/uploads\/2025\/11\/1000-PUFF-GORILLA-COOKIES-MF.webp","datePublished":"2025-11-20T12:43:27+00:00","dateModified":"2026-02-05T17:46:28+00:00","description":"Vape Magic Sauce 1000 puffs - Gorilla Cookies, eng\u00e5ngsvape som tar din samling till n\u00e4sta niv\u00e5 med intensiva och unika aromprofiler.","breadcrumb":{"@id":"https:\/\/www.swizzle.se\/produkt\/vape-magic-sauce-1000-puffs-gorilla-cookies\/#breadcrumb"},"inLanguage":"da-DK","potentialAction":[{"@type":"ReadAction","target":["https:\/\/www.swizzle.se\/produkt\/vape-magic-sauce-1000-puffs-gorilla-cookies\/"]}]},{"@type":"ImageObject","inLanguage":"da-DK","@id":"https:\/\/www.swizzle.se\/produkt\/vape-magic-sauce-1000-puffs-gorilla-cookies\/#primaryimage","url":"https:\/\/staging.swizzle.se\/wp-content\/uploads\/2025\/11\/1000-PUFF-GORILLA-COOKIES-MF.webp","contentUrl":"https:\/\/staging.swizzle.se\/wp-content\/uploads\/2025\/11\/1000-PUFF-GORILLA-COOKIES-MF.webp","width":800,"height":800,"caption":"1000-PUFF-GORILLA-COOKIES-MF."},{"@type":"BreadcrumbList","@id":"https:\/\/www.swizzle.se\/produkt\/vape-magic-sauce-1000-puffs-gorilla-cookies\/#breadcrumb","itemListElement":[{"@type":"ListItem","position":1,"name":"Home","item":"https:\/\/www.swizzle.se\/"},{"@type":"ListItem","position":2,"name":"Shop","item":"https:\/\/www.swizzle.se\/shop\/"},{"@type":"ListItem","position":3,"name":"CANNABINOIDER","item":"https:\/\/www.swizzle.se\/produkt-kategori\/cannabinoider\/"},{"@type":"ListItem","position":4,"name":"Magic Sauce","item":"https:\/\/www.swizzle.se\/produkt-kategori\/cannabinoider\/magic-sauce\/"},{"@type":"ListItem","position":5,"name":"Vape Magic Sauce 1000 puffs &#8211; Gorilla Cookies"}]},{"@type":"WebSite","@id":"https:\/\/staging.swizzle.se\/#website","url":"https:\/\/staging.swizzle.se\/","name":"Swizzle","description":"Nikotin CBD Vapes Snus Hvid Portion","publisher":{"@id":"https:\/\/staging.swizzle.se\/#organization"},"potentialAction":[{"@type":"SearchAction","target":{"@type":"EntryPoint","urlTemplate":"https:\/\/staging.swizzle.se\/?s={search_term_string}"},"query-input":{"@type":"PropertyValueSpecification","valueRequired":true,"valueName":"search_term_string"}}],"inLanguage":"da-DK"},{"@type":"Organization","@id":"https:\/\/staging.swizzle.se\/#organization","name":"Swizzle","url":"https:\/\/staging.swizzle.se\/","logo":{"@type":"ImageObject","inLanguage":"da-DK","@id":"https:\/\/staging.swizzle.se\/#\/schema\/logo\/image\/","url":"https:\/\/staging.swizzle.se\/wp-content\/uploads\/2025\/10\/cropped-SWIZZLE.-4.png","contentUrl":"https:\/\/staging.swizzle.se\/wp-content\/uploads\/2025\/10\/cropped-SWIZZLE.-4.png","width":800,"height":267,"caption":"Swizzle"},"image":{"@id":"https:\/\/staging.swizzle.se\/#\/schema\/logo\/image\/"},"hasMerchantReturnPolicy":{"@type":"MerchantReturnPolicy","merchantReturnLink":"https:\/\/staging.swizzle.se\/dk\/villkor\/"}}]},"product_price_amount":"749.00","product_price_currency":"SEK","og_availability":"instock","product_availability":"instock","product_retailer_item_id":"MSvapeGC","product_condition":"new"},"tiered_pricing_type":"fixed","tiered_pricing_fixed_rules":[],"tiered_pricing_product_settings":{"layout":"default","base_unit_name":{"singular":null,"plural":null},"default_variation":null},"tiered_pricing_minimum_quantity":null,"tiered_pricing_roles_data":[],"tiered_pricing_percentage_rules":[],"tiered_pricing_maximum_quantity":null,"tiered_pricing_quantity_step":null,"_links":{"self":[{"href":"https:\/\/staging.swizzle.se\/dk\/wp-json\/wp\/v2\/product\/279533","targetHints":{"allow":["GET"]}}],"collection":[{"href":"https:\/\/staging.swizzle.se\/dk\/wp-json\/wp\/v2\/product"}],"about":[{"href":"https:\/\/staging.swizzle.se\/dk\/wp-json\/wp\/v2\/types\/product"}],"replies":[{"embeddable":true,"href":"https:\/\/staging.swizzle.se\/dk\/wp-json\/wp\/v2\/comments?post=279533"}],"version-history":[{"count":0,"href":"https:\/\/staging.swizzle.se\/dk\/wp-json\/wp\/v2\/product\/279533\/revisions"}],"wp:featuredmedia":[{"embeddable":true,"href":"https:\/\/staging.swizzle.se\/dk\/wp-json\/wp\/v2\/media\/279569"}],"wp:attachment":[{"href":"https:\/\/staging.swizzle.se\/dk\/wp-json\/wp\/v2\/media?parent=279533"}],"wp:term":[{"taxonomy":"product_brand","embeddable":true,"href":"https:\/\/staging.swizzle.se\/dk\/wp-json\/wp\/v2\/product_brand?post=279533"},{"taxonomy":"product_cat","embeddable":true,"href":"https:\/\/staging.swizzle.se\/dk\/wp-json\/wp\/v2\/product_cat?post=279533"},{"taxonomy":"product_tag","embeddable":true,"href":"https:\/\/staging.swizzle.se\/dk\/wp-json\/wp\/v2\/product_tag?post=279533"},{"taxonomy":"superdeal","embeddable":true,"href":"https:\/\/staging.swizzle.se\/dk\/wp-json\/wp\/v2\/superdeal?post=279533"},{"taxonomy":"product_variant_id","embeddable":true,"href":"https:\/\/staging.swizzle.se\/dk\/wp-json\/wp\/v2\/product_variant_id?post=279533"}],"curies":[{"name":"wp","href":"https:\/\/api.w.org\/{rel}","templated":true}]}}