{"id":279525,"date":"2025-11-20T12:27:47","date_gmt":"2025-11-20T12:27:47","guid":{"rendered":"https:\/\/staging.swizzle.se\/?post_type=product&#038;p=279525"},"modified":"2026-02-04T14:03:33","modified_gmt":"2026-02-04T14:03:33","slug":"cartridge-1ml-magic-sauce-samurai-jack","status":"publish","type":"product","link":"https:\/\/staging.swizzle.se\/dk\/product-2\/cartridge-1ml-magic-sauce-samurai-jack\/","title":{"rendered":"Cartridge 1ml Magic Sauce \u2013 Samurai Jack"},"content":{"rendered":"<h1 data-start=\"157\" data-end=\"205\"><strong data-start=\"161\" data-end=\"205\">Cartridge 1ml Magic Sauce \u2013 Samurai Jack<\/strong><\/h1>\n<p data-start=\"207\" data-end=\"481\">Ta din samling till n\u00e4sta niv\u00e5 med <strong data-start=\"242\" data-end=\"270\">Magic Sauce Samurai Jack<\/strong> \u2013 en cartridge med en unik och balanserad aromprofil som utstr\u00e5lar styrka och fokus. Denna variant kombinerar rena, distinkta toner med subtila undertoner, vilket ger en sofistikerad och harmonisk upplevelse.<\/p>\n<p data-start=\"207\" data-end=\"481\"><strong>OBS! alla cartridges m\u00e5ste kombineras med batteri f\u00f6r att anv\u00e4ndas. Vi har flera modeller bland annat denna:\u00a0<a href=\"https:\/\/staging.swizzle.se\/dk\/product-2\/ccell-m3-batteri\/\">CCELL M3 batteri 510 g\u00e4ngning<\/a><\/strong><\/p>\n<p data-start=\"483\" data-end=\"744\">Samurai Jack \u00e4r skapad f\u00f6r dig som vill ha en elegant, stilren och karakt\u00e4rsfull smak. Aromprofilen ger en k\u00e4nsla av precision och balans, vilket g\u00f6r den till ett perfekt tillskott f\u00f6r samlare som uppskattar produkter med tydlig identitet och distinkt design.<\/p>\n<p data-start=\"746\" data-end=\"1001\">Cartridgen rymmer 1 ml och \u00e4r kompakt och l\u00e4tt att hantera, vilket g\u00f6r den enkel att f\u00f6rvara och visa upp. Den starka karakt\u00e4ren och tydliga designen g\u00f6r Samurai Jack till en favorit bland dem som vill ha n\u00e5got b\u00e5de kraftfullt och elegant i sin samling.<\/p>\n<h4 data-start=\"1003\" data-end=\"1022\"><strong data-start=\"1008\" data-end=\"1022\">Egenskaper<\/strong><\/h4>\n<ul data-start=\"1023\" data-end=\"1213\">\n<li data-start=\"1023\" data-end=\"1038\">\n<p data-start=\"1025\" data-end=\"1038\">Volym: 1 ml<\/p>\n<\/li>\n<li data-start=\"1039\" data-end=\"1064\">\n<p data-start=\"1041\" data-end=\"1064\">Variant: Samurai Jack<\/p>\n<\/li>\n<li data-start=\"1065\" data-end=\"1116\">\n<p data-start=\"1067\" data-end=\"1116\">Elegant, balanserad och sofistikerad aromprofil<\/p>\n<\/li>\n<li data-start=\"1117\" data-end=\"1149\">\n<p data-start=\"1119\" data-end=\"1149\">Kompakt och l\u00e4tt att hantera<\/p>\n<\/li>\n<li data-start=\"1150\" data-end=\"1213\">\n<p data-start=\"1152\" data-end=\"1213\">Perfekt f\u00f6r dig som samlar cartridges med karakt\u00e4r och stil<\/p>\n<\/li>\n<\/ul>\n<p data-start=\"1215\" data-end=\"1343\">Samurai Jack \u00e4r det sj\u00e4lvklara valet f\u00f6r dig som vill ha en arom med styrka, fokus och en distinkt personlighet i din samling.<\/p>\n<p data-start=\"1215\" data-end=\"1343\">Se \u00e4ven v\u00e5ra <a href=\"https:\/\/staging.swizzle.se\/dk\/product-category\/cannabinoider\/magic-sauce\/magic-sauce-buds\/\">magic sauce buds<\/a><\/p>\n<hr data-start=\"1345\" data-end=\"1348\" \/>\n<p data-start=\"1350\" data-end=\"1697\" data-is-last-node=\"\" data-is-only-node=\"\"><strong data-start=\"1350\" data-end=\"1358\">Bem\u00e6rk!<\/strong><br data-start=\"1358\" data-end=\"1361\" \/>Du m\u00e5ste vara minst 18 \u00e5r f\u00f6r att k\u00f6pa denna produkt. Den \u00e4r inte avsedd som l\u00e4kemedel, kosttillskott eller naturprodukt. Vi uppmuntrar inte till konsumtion eller r\u00f6kning av denna produkt. F\u00f6rvara den utom r\u00e4ckh\u00e5ll f\u00f6r barn. Vi friskriver oss fr\u00e5n hur du som kund anv\u00e4nder v\u00e5ra produkter. Vi s\u00e4ljer dem f\u00f6r samlings- och prydnadssyften.<\/p>","protected":false},"excerpt":{"rendered":"<p data-start=\"157\" data-end=\"205\"><strong data-start=\"161\" data-end=\"205\">Cartridge 1ml Magic Sauce \u2013 Samurai Jack<\/strong><\/p>\n<p data-start=\"207\" data-end=\"481\">Ta din samling till n\u00e4sta niv\u00e5 med <strong data-start=\"242\" data-end=\"270\">Magic Sauce Samurai Jack<\/strong> \u2013 en cartridge med en unik och balanserad aromprofil som utstr\u00e5lar styrka och fokus. Denna variant kombinerar rena, distinkta toner med subtila undertoner, vilket ger en sofistikerad och harmonisk upplevelse.<\/p>\n<p data-start=\"207\" data-end=\"481\"><strong>OBS! alla cartridges m\u00e5ste kombineras med batteri f\u00f6r att anv\u00e4ndas. Vi har flera modeller bland annat denna:\u00a0<a href=\"https:\/\/staging.swizzle.se\/dk\/product-2\/ccell-m3-batteri\/\">CCELL M3 batteri 510 g\u00e4ngning<\/a><\/strong><\/p>","protected":false},"featured_media":279526,"comment_status":"closed","ping_status":"closed","template":"","meta":{"site-sidebar-layout":"default","site-content-layout":"","ast-site-content-layout":"default","site-content-style":"default","site-sidebar-style":"default","ast-global-header-display":"","ast-banner-title-visibility":"","ast-main-header-display":"","ast-hfb-above-header-display":"","ast-hfb-below-header-display":"","ast-hfb-mobile-header-display":"","site-post-title":"","ast-breadcrumbs-content":"","ast-featured-img":"","footer-sml-layout":"","ast-disable-related-posts":"","theme-transparent-header-meta":"default","adv-header-id-meta":"","stick-header-meta":"default","header-above-stick-meta":"","header-main-stick-meta":"","header-below-stick-meta":"","astra-migrate-meta-layouts":"set","ast-page-background-enabled":"default","ast-page-background-meta":{"desktop":{"background-color":"var(--ast-global-color-4)","background-image":"","background-repeat":"repeat","background-position":"center center","background-size":"auto","background-attachment":"scroll","background-type":"","background-media":"","overlay-type":"","overlay-color":"","overlay-opacity":"","overlay-gradient":""},"tablet":{"background-color":"","background-image":"","background-repeat":"repeat","background-position":"center center","background-size":"auto","background-attachment":"scroll","background-type":"","background-media":"","overlay-type":"","overlay-color":"","overlay-opacity":"","overlay-gradient":""},"mobile":{"background-color":"","background-image":"","background-repeat":"repeat","background-position":"center center","background-size":"auto","background-attachment":"scroll","background-type":"","background-media":"","overlay-type":"","overlay-color":"","overlay-opacity":"","overlay-gradient":""}},"ast-content-background-meta":{"desktop":{"background-color":"var(--ast-global-color-5)","background-image":"","background-repeat":"repeat","background-position":"center center","background-size":"auto","background-attachment":"scroll","background-type":"","background-media":"","overlay-type":"","overlay-color":"","overlay-opacity":"","overlay-gradient":""},"tablet":{"background-color":"var(--ast-global-color-5)","background-image":"","background-repeat":"repeat","background-position":"center center","background-size":"auto","background-attachment":"scroll","background-type":"","background-media":"","overlay-type":"","overlay-color":"","overlay-opacity":"","overlay-gradient":""},"mobile":{"background-color":"var(--ast-global-color-5)","background-image":"","background-repeat":"repeat","background-position":"center center","background-size":"auto","background-attachment":"scroll","background-type":"","background-media":"","overlay-type":"","overlay-color":"","overlay-opacity":"","overlay-gradient":""}}},"product_brand":[756],"product_cat":[334,509,655],"product_tag":[],"superdeal":[],"product_variant_id":[],"class_list":{"0":"post-279525","1":"product","2":"type-product","3":"status-publish","4":"has-post-thumbnail","6":"product_brand-magic-farmers","7":"product_cat-cannabinoider","8":"product_cat-magic-sauce","9":"product_cat-magic-sauce-cartridges","10":"desktop-align-center","11":"tablet-align-left","12":"mobile-align-left","13":"ast-product-gallery-layout-horizontal-slider","14":"ast-product-gallery-with-no-image","15":"ast-magnify-disabled","16":"ast-product-tabs-layout-horizontal","18":"first","19":"instock","20":"taxable","21":"shipping-taxable","22":"purchasable","23":"product-type-simple"},"yoast_head":"<!-- This site is optimized with the Yoast SEO Premium plugin v26.9 (Yoast SEO v26.9) - https:\/\/yoast.com\/product\/yoast-seo-premium-wordpress\/ -->\n<title>Cartridge 1ml Magic Sauce \u2013 Samurai Jack<\/title>\n<meta name=\"description\" content=\"Cartridge 1ml Magic Sauce \u2013 Samurai Jack - en cartridge med en unik och balanserad aromprofil som utstr\u00e5lar styrka och fokus\" \/>\n<meta name=\"robots\" content=\"noindex, follow, max-snippet:-1, max-image-preview:large, max-video-preview:-1\" \/>\n<meta property=\"og:locale\" content=\"da_DK\" \/>\n<meta property=\"og:type\" content=\"article\" \/>\n<meta property=\"og:title\" content=\"Cartridge 1ml Magic Sauce \u2013 Samurai Jack\" \/>\n<meta property=\"og:description\" content=\"Cartridge 1ml Magic Sauce \u2013 Samurai Jack - en cartridge med en unik och balanserad aromprofil som utstr\u00e5lar styrka och fokus\" \/>\n<meta property=\"og:url\" content=\"https:\/\/www.swizzle.se\/produkt\/cartridge-1ml-magic-sauce-samurai-jack\/\" \/>\n<meta property=\"og:site_name\" content=\"Swizzle\" \/>\n<meta property=\"article:modified_time\" content=\"2026-02-04T14:03:33+00:00\" \/>\n<meta property=\"og:image\" content=\"https:\/\/www.swizzle.se\/wp-content\/uploads\/2025\/11\/MOCKUP-VAPE-CARTOUCHE-1-BLANCHE-SAMOURAI-JACK.webp\" \/>\n\t<meta property=\"og:image:width\" content=\"800\" \/>\n\t<meta property=\"og:image:height\" content=\"800\" \/>\n\t<meta property=\"og:image:type\" content=\"image\/webp\" \/>\n<meta name=\"twitter:card\" content=\"summary_large_image\" \/>\n<meta name=\"twitter:label1\" content=\"Pris\" \/>\n\t<meta name=\"twitter:data1\" content=\"389.00&nbsp;&#107;&#114;\" \/>\n\t<meta name=\"twitter:label2\" content=\"Tilg\u00e6ngelighed\" \/>\n\t<meta name=\"twitter:data2\" content=\"P\u00e5 lager\" \/>\n<script type=\"application\/ld+json\" class=\"yoast-schema-graph\">{\"@context\":\"https:\/\/schema.org\",\"@graph\":[{\"@type\":\"WebPage\",\"@id\":\"https:\/\/www.swizzle.se\/produkt\/cartridge-1ml-magic-sauce-samurai-jack\/\",\"url\":\"https:\/\/www.swizzle.se\/produkt\/cartridge-1ml-magic-sauce-samurai-jack\/\",\"name\":\"Cartridge 1ml Magic Sauce \u2013 Samurai Jack\",\"isPartOf\":{\"@id\":\"https:\/\/staging.swizzle.se\/#website\"},\"primaryImageOfPage\":{\"@id\":\"https:\/\/www.swizzle.se\/produkt\/cartridge-1ml-magic-sauce-samurai-jack\/#primaryimage\"},\"image\":{\"@id\":\"https:\/\/www.swizzle.se\/produkt\/cartridge-1ml-magic-sauce-samurai-jack\/#primaryimage\"},\"thumbnailUrl\":\"https:\/\/staging.swizzle.se\/wp-content\/uploads\/2025\/11\/MOCKUP-VAPE-CARTOUCHE-1-BLANCHE-SAMOURAI-JACK.webp\",\"datePublished\":\"2025-11-20T12:27:47+00:00\",\"dateModified\":\"2026-02-04T14:03:33+00:00\",\"description\":\"Cartridge 1ml Magic Sauce \u2013 Samurai Jack - en cartridge med en unik och balanserad aromprofil som utstr\u00e5lar styrka och fokus\",\"breadcrumb\":{\"@id\":\"https:\/\/www.swizzle.se\/produkt\/cartridge-1ml-magic-sauce-samurai-jack\/#breadcrumb\"},\"inLanguage\":\"da-DK\",\"potentialAction\":[{\"@type\":\"ReadAction\",\"target\":[\"https:\/\/www.swizzle.se\/produkt\/cartridge-1ml-magic-sauce-samurai-jack\/\"]}]},{\"@type\":\"ImageObject\",\"inLanguage\":\"da-DK\",\"@id\":\"https:\/\/www.swizzle.se\/produkt\/cartridge-1ml-magic-sauce-samurai-jack\/#primaryimage\",\"url\":\"https:\/\/staging.swizzle.se\/wp-content\/uploads\/2025\/11\/MOCKUP-VAPE-CARTOUCHE-1-BLANCHE-SAMOURAI-JACK.webp\",\"contentUrl\":\"https:\/\/staging.swizzle.se\/wp-content\/uploads\/2025\/11\/MOCKUP-VAPE-CARTOUCHE-1-BLANCHE-SAMOURAI-JACK.webp\",\"width\":800,\"height\":800,\"caption\":\"Cartridge 1ml Magic Sauce \u2013 Samurai Jack\"},{\"@type\":\"BreadcrumbList\",\"@id\":\"https:\/\/www.swizzle.se\/produkt\/cartridge-1ml-magic-sauce-samurai-jack\/#breadcrumb\",\"itemListElement\":[{\"@type\":\"ListItem\",\"position\":1,\"name\":\"Home\",\"item\":\"https:\/\/www.swizzle.se\/\"},{\"@type\":\"ListItem\",\"position\":2,\"name\":\"Shop\",\"item\":\"https:\/\/www.swizzle.se\/shop\/\"},{\"@type\":\"ListItem\",\"position\":3,\"name\":\"CANNABINOIDER\",\"item\":\"https:\/\/www.swizzle.se\/produkt-kategori\/cannabinoider\/\"},{\"@type\":\"ListItem\",\"position\":4,\"name\":\"Cartridge 1ml Magic Sauce \u2013 Samurai Jack\"}]},{\"@type\":\"WebSite\",\"@id\":\"https:\/\/staging.swizzle.se\/#website\",\"url\":\"https:\/\/staging.swizzle.se\/\",\"name\":\"Swizzle\",\"description\":\"Nikotin CBD Vapes Snus White Portion\",\"publisher\":{\"@id\":\"https:\/\/staging.swizzle.se\/#organization\"},\"potentialAction\":[{\"@type\":\"SearchAction\",\"target\":{\"@type\":\"EntryPoint\",\"urlTemplate\":\"https:\/\/staging.swizzle.se\/?s={search_term_string}\"},\"query-input\":{\"@type\":\"PropertyValueSpecification\",\"valueRequired\":true,\"valueName\":\"search_term_string\"}}],\"inLanguage\":\"da-DK\"},{\"@type\":\"Organization\",\"@id\":\"https:\/\/staging.swizzle.se\/#organization\",\"name\":\"Swizzle\",\"url\":\"https:\/\/staging.swizzle.se\/\",\"logo\":{\"@type\":\"ImageObject\",\"inLanguage\":\"da-DK\",\"@id\":\"https:\/\/staging.swizzle.se\/#\/schema\/logo\/image\/\",\"url\":\"https:\/\/staging.swizzle.se\/wp-content\/uploads\/2025\/10\/cropped-SWIZZLE.-4.png\",\"contentUrl\":\"https:\/\/staging.swizzle.se\/wp-content\/uploads\/2025\/10\/cropped-SWIZZLE.-4.png\",\"width\":800,\"height\":267,\"caption\":\"Swizzle\"},\"image\":{\"@id\":\"https:\/\/staging.swizzle.se\/#\/schema\/logo\/image\/\"},\"hasMerchantReturnPolicy\":{\"@type\":\"MerchantReturnPolicy\",\"merchantReturnLink\":\"https:\/\/staging.swizzle.se\/dk\/villkor\/\"}}]}<\/script>\n<meta property=\"product:price:amount\" content=\"389.00\" \/>\n<meta property=\"product:price:currency\" content=\"SEK\" \/>\n<meta property=\"og:availability\" content=\"instock\" \/>\n<meta property=\"product:availability\" content=\"instock\" \/>\n<meta property=\"product:retailer_item_id\" content=\"MScartSJ\" \/>\n<meta property=\"product:condition\" content=\"new\" \/>\n<!-- \/ Yoast SEO Premium plugin. -->","yoast_head_json":{"title":"Cartridge 1ml Magic Sauce \u2013 Samurai Jack","description":"Cartridge 1ml Magic Sauce \u2013 Samurai Jack - en cartridge med en unik och balanserad aromprofil som utstr\u00e5lar styrka och fokus","robots":{"index":"noindex","follow":"follow","max-snippet":"max-snippet:-1","max-image-preview":"max-image-preview:large","max-video-preview":"max-video-preview:-1"},"og_locale":"da_DK","og_type":"article","og_title":"Cartridge 1ml Magic Sauce \u2013 Samurai Jack","og_description":"Cartridge 1ml Magic Sauce \u2013 Samurai Jack - en cartridge med en unik och balanserad aromprofil som utstr\u00e5lar styrka och fokus","og_url":"https:\/\/www.swizzle.se\/produkt\/cartridge-1ml-magic-sauce-samurai-jack\/","og_site_name":"Swizzle","article_modified_time":"2026-02-04T14:03:33+00:00","og_image":[{"width":800,"height":800,"url":"https:\/\/www.swizzle.se\/wp-content\/uploads\/2025\/11\/MOCKUP-VAPE-CARTOUCHE-1-BLANCHE-SAMOURAI-JACK.webp","type":"image\/webp"}],"twitter_card":"summary_large_image","twitter_misc":{"Pris":"389.00&nbsp;&#107;&#114;","Tilg\u00e6ngelighed":"P\u00e5 lager"},"schema":{"@context":"https:\/\/schema.org","@graph":[{"@type":"WebPage","@id":"https:\/\/www.swizzle.se\/produkt\/cartridge-1ml-magic-sauce-samurai-jack\/","url":"https:\/\/www.swizzle.se\/produkt\/cartridge-1ml-magic-sauce-samurai-jack\/","name":"Cartridge 1ml Magic Sauce \u2013 Samurai Jack","isPartOf":{"@id":"https:\/\/staging.swizzle.se\/#website"},"primaryImageOfPage":{"@id":"https:\/\/www.swizzle.se\/produkt\/cartridge-1ml-magic-sauce-samurai-jack\/#primaryimage"},"image":{"@id":"https:\/\/www.swizzle.se\/produkt\/cartridge-1ml-magic-sauce-samurai-jack\/#primaryimage"},"thumbnailUrl":"https:\/\/staging.swizzle.se\/wp-content\/uploads\/2025\/11\/MOCKUP-VAPE-CARTOUCHE-1-BLANCHE-SAMOURAI-JACK.webp","datePublished":"2025-11-20T12:27:47+00:00","dateModified":"2026-02-04T14:03:33+00:00","description":"Cartridge 1ml Magic Sauce \u2013 Samurai Jack - en cartridge med en unik och balanserad aromprofil som utstr\u00e5lar styrka och fokus","breadcrumb":{"@id":"https:\/\/www.swizzle.se\/produkt\/cartridge-1ml-magic-sauce-samurai-jack\/#breadcrumb"},"inLanguage":"da-DK","potentialAction":[{"@type":"ReadAction","target":["https:\/\/www.swizzle.se\/produkt\/cartridge-1ml-magic-sauce-samurai-jack\/"]}]},{"@type":"ImageObject","inLanguage":"da-DK","@id":"https:\/\/www.swizzle.se\/produkt\/cartridge-1ml-magic-sauce-samurai-jack\/#primaryimage","url":"https:\/\/staging.swizzle.se\/wp-content\/uploads\/2025\/11\/MOCKUP-VAPE-CARTOUCHE-1-BLANCHE-SAMOURAI-JACK.webp","contentUrl":"https:\/\/staging.swizzle.se\/wp-content\/uploads\/2025\/11\/MOCKUP-VAPE-CARTOUCHE-1-BLANCHE-SAMOURAI-JACK.webp","width":800,"height":800,"caption":"Cartridge 1ml Magic Sauce \u2013 Samurai Jack"},{"@type":"BreadcrumbList","@id":"https:\/\/www.swizzle.se\/produkt\/cartridge-1ml-magic-sauce-samurai-jack\/#breadcrumb","itemListElement":[{"@type":"ListItem","position":1,"name":"Home","item":"https:\/\/www.swizzle.se\/"},{"@type":"ListItem","position":2,"name":"Shop","item":"https:\/\/www.swizzle.se\/shop\/"},{"@type":"ListItem","position":3,"name":"CANNABINOIDER","item":"https:\/\/www.swizzle.se\/produkt-kategori\/cannabinoider\/"},{"@type":"ListItem","position":4,"name":"Cartridge 1ml Magic Sauce \u2013 Samurai Jack"}]},{"@type":"WebSite","@id":"https:\/\/staging.swizzle.se\/#website","url":"https:\/\/staging.swizzle.se\/","name":"Swizzle","description":"Nikotin CBD Vapes Snus Hvid Portion","publisher":{"@id":"https:\/\/staging.swizzle.se\/#organization"},"potentialAction":[{"@type":"SearchAction","target":{"@type":"EntryPoint","urlTemplate":"https:\/\/staging.swizzle.se\/?s={search_term_string}"},"query-input":{"@type":"PropertyValueSpecification","valueRequired":true,"valueName":"search_term_string"}}],"inLanguage":"da-DK"},{"@type":"Organization","@id":"https:\/\/staging.swizzle.se\/#organization","name":"Swizzle","url":"https:\/\/staging.swizzle.se\/","logo":{"@type":"ImageObject","inLanguage":"da-DK","@id":"https:\/\/staging.swizzle.se\/#\/schema\/logo\/image\/","url":"https:\/\/staging.swizzle.se\/wp-content\/uploads\/2025\/10\/cropped-SWIZZLE.-4.png","contentUrl":"https:\/\/staging.swizzle.se\/wp-content\/uploads\/2025\/10\/cropped-SWIZZLE.-4.png","width":800,"height":267,"caption":"Swizzle"},"image":{"@id":"https:\/\/staging.swizzle.se\/#\/schema\/logo\/image\/"},"hasMerchantReturnPolicy":{"@type":"MerchantReturnPolicy","merchantReturnLink":"https:\/\/staging.swizzle.se\/dk\/villkor\/"}}]},"product_price_amount":"389.00","product_price_currency":"SEK","og_availability":"instock","product_availability":"instock","product_retailer_item_id":"MScartSJ","product_condition":"new"},"tiered_pricing_type":"fixed","tiered_pricing_fixed_rules":[],"tiered_pricing_product_settings":{"layout":"default","base_unit_name":{"singular":null,"plural":null},"default_variation":null},"tiered_pricing_minimum_quantity":null,"tiered_pricing_roles_data":[],"tiered_pricing_percentage_rules":[],"tiered_pricing_maximum_quantity":null,"tiered_pricing_quantity_step":null,"_links":{"self":[{"href":"https:\/\/staging.swizzle.se\/dk\/wp-json\/wp\/v2\/product\/279525","targetHints":{"allow":["GET"]}}],"collection":[{"href":"https:\/\/staging.swizzle.se\/dk\/wp-json\/wp\/v2\/product"}],"about":[{"href":"https:\/\/staging.swizzle.se\/dk\/wp-json\/wp\/v2\/types\/product"}],"replies":[{"embeddable":true,"href":"https:\/\/staging.swizzle.se\/dk\/wp-json\/wp\/v2\/comments?post=279525"}],"version-history":[{"count":0,"href":"https:\/\/staging.swizzle.se\/dk\/wp-json\/wp\/v2\/product\/279525\/revisions"}],"wp:featuredmedia":[{"embeddable":true,"href":"https:\/\/staging.swizzle.se\/dk\/wp-json\/wp\/v2\/media\/279526"}],"wp:attachment":[{"href":"https:\/\/staging.swizzle.se\/dk\/wp-json\/wp\/v2\/media?parent=279525"}],"wp:term":[{"taxonomy":"product_brand","embeddable":true,"href":"https:\/\/staging.swizzle.se\/dk\/wp-json\/wp\/v2\/product_brand?post=279525"},{"taxonomy":"product_cat","embeddable":true,"href":"https:\/\/staging.swizzle.se\/dk\/wp-json\/wp\/v2\/product_cat?post=279525"},{"taxonomy":"product_tag","embeddable":true,"href":"https:\/\/staging.swizzle.se\/dk\/wp-json\/wp\/v2\/product_tag?post=279525"},{"taxonomy":"superdeal","embeddable":true,"href":"https:\/\/staging.swizzle.se\/dk\/wp-json\/wp\/v2\/superdeal?post=279525"},{"taxonomy":"product_variant_id","embeddable":true,"href":"https:\/\/staging.swizzle.se\/dk\/wp-json\/wp\/v2\/product_variant_id?post=279525"}],"curies":[{"name":"wp","href":"https:\/\/api.w.org\/{rel}","templated":true}]}}