{"id":279497,"date":"2025-12-11T08:21:11","date_gmt":"2025-12-11T08:21:11","guid":{"rendered":"https:\/\/staging.swizzle.se\/?post_type=product&#038;p=279497"},"modified":"2026-02-04T13:49:40","modified_gmt":"2026-02-04T13:49:40","slug":"xqs-arctic-freeze-x-strong","status":"publish","type":"product","link":"https:\/\/staging.swizzle.se\/dk\/product-2\/xqs-arctic-freeze-x-strong\/","title":{"rendered":"XQS Arctic Freeze X-Strong"},"content":{"rendered":"<h2>XQS Arctic Freeze X-Strong \u2013 Extra stark nikotinp\u00e5se med intensiv mintsmak<\/h2>\n<p>Ett extra starkt, tobaksfritt all white-snus i slim-format med en kraftfull smak av mint och pepparmynta. Med sin friska kyliga karakt\u00e4r \u00e4r denna produkt ett perfekt val f\u00f6r dig som vill ha en starkare och mer intensiv mintupplevelse.<\/p>\n<h3>Smak &amp; Styrka<\/h3>\n<p>XQS Arctic Freeze X-Strong levererar en ren och kylig mintsmak som h\u00e5ller sig j\u00e4mn fr\u00e5n start till slut. Den extra starka nikotinhalt p\u00e5 <strong>9,6 mg per portion (16 mg\/g)<\/strong> ger den en kraftfull upplevelse i kombination med den fr\u00e4scha pepparminten.<\/p>\n<ul>\n<li>Smak: Mint &amp; pepparmint<\/li>\n<li>Nikotinstyrka: 9,6 mg per portion(16 mg\/g)<\/li>\n<li>Format: Slim<\/li>\n<li>Tobaksfritt: Ja, all white<\/li>\n<li>Antal portioner per dosa: 20<\/li>\n<\/ul>\n<h3>K\u00f6p XQS Arctic Freeze X-Strong online<\/h3>\n<p>Best\u00e4ll <strong>XQS Arctic Freeze X-Strong<\/strong> hos Swizzle f\u00f6r snabb frakt och trygg leverans. En popul\u00e4r produkt bland mint\u00e4lskare som vill ha en tydlig och stark nikotinkick.<\/p>\n<h3>Liknande produkter hos Swizzle<\/h3>\n<ul>\n<li style=\"list-style-type: none\">\n<ul>\n<li><a href=\"https:\/\/staging.swizzle.se\/dk\/product-2\/xqs-wintergreen-slim-strong\/\" target=\"_blank\" rel=\"noopener\">XQS Wintergreen Slim Strong<\/a><\/li>\n<li><a href=\"https:\/\/staging.swizzle.se\/dk\/product-2\/xqs-black-cherry-slim-strong\/\" target=\"_blank\" rel=\"noopener\">XQS Black Cherry Slim Strong<\/a><\/li>\n<\/ul>\n<\/li>\n<\/ul>\n<p>&nbsp;<\/p>\n<h3>Om XQS<\/h3>\n<p><strong>XQS<\/strong> erbjuder ett brett utbud av tobaksfria nikotinp\u00e5sar i flera styrkor och smakprofiler. Varum\u00e4rket \u00e4r k\u00e4nt f\u00f6r sina h\u00f6gkvalitativa all white-produkter och innovativa smaker. Se fler produkter fr\u00e5n XQS h\u00e4r:<br \/>\n<a href=\"https:\/\/staging.swizzle.se\/dk\/varemaerker\/xqs\/\" target=\"_blank\" rel=\"noopener\">XQS hos Swizzle<\/a><\/p>\n<hr \/>\n<p><strong>\u26a0\ufe0fVarning:<\/strong><br \/>\nDenna produkt inneh\u00e5ller nikotin som \u00e4r ett <strong>mycket beroendeframkallande \u00e4mne<\/strong>. <strong>18 \u00e5rsgr\u00e4ns.<\/strong><\/p>\n<p><strong>Bem\u00e6rk!<\/strong><br \/>\nDu m\u00e5ste vara minst 18 \u00e5r f\u00f6r att k\u00f6pa denna produkt. Den \u00e4r inte avsedd som l\u00e4kemedel, kosttillskott eller naturprodukt. Vi uppmuntrar inte till konsumtion eller r\u00f6kning av produkten. F\u00f6rvara den utom r\u00e4ckh\u00e5ll f\u00f6r barn. Vi friskriver oss fr\u00e5n hur du som kund anv\u00e4nder v\u00e5ra produkter. Vi s\u00e4ljer dem f\u00f6r samlings- och prydnadssyften.<\/p>","protected":false},"excerpt":{"rendered":"<p><strong>XQS Arctic Freeze X-Strong<\/strong> \u00e4r ett extra starkt, tobaksfritt all white-snus i slim-format med en kraftfull smak av mint och pepparmynta. Med sin friska kyliga karakt\u00e4r \u00e4r denna produkt ett perfekt val f\u00f6r dig som vill ha en starkare och mer intensiv mintupplevelse.<\/p>\n<ul>\n<li>Smak: Mint &amp; pepparmint<\/li>\n<li>Nikotinstyrka: 9,6 mg per portion(16 mg\/g)<\/li>\n<li>Format: Slim<\/li>\n<li>Tobaksfritt: Ja, all white<\/li>\n<li>Antal portioner per dosa: 20<\/li>\n<\/ul>\n<p><strong>\u26a0\ufe0f Denna produkt inneh\u00e5ller nikotin som \u00e4r ett mycket beroendeframkallande \u00e4mne. 18 \u00e5rsgr\u00e4ns.<\/strong><\/p>","protected":false},"featured_media":279529,"comment_status":"closed","ping_status":"closed","template":"","meta":{"site-sidebar-layout":"default","site-content-layout":"","ast-site-content-layout":"default","site-content-style":"default","site-sidebar-style":"default","ast-global-header-display":"","ast-banner-title-visibility":"","ast-main-header-display":"","ast-hfb-above-header-display":"","ast-hfb-below-header-display":"","ast-hfb-mobile-header-display":"","site-post-title":"","ast-breadcrumbs-content":"","ast-featured-img":"","footer-sml-layout":"","ast-disable-related-posts":"","theme-transparent-header-meta":"default","adv-header-id-meta":"","stick-header-meta":"default","header-above-stick-meta":"","header-main-stick-meta":"","header-below-stick-meta":"","astra-migrate-meta-layouts":"set","ast-page-background-enabled":"default","ast-page-background-meta":{"desktop":{"background-color":"var(--ast-global-color-4)","background-image":"","background-repeat":"repeat","background-position":"center center","background-size":"auto","background-attachment":"scroll","background-type":"","background-media":"","overlay-type":"","overlay-color":"","overlay-opacity":"","overlay-gradient":""},"tablet":{"background-color":"","background-image":"","background-repeat":"repeat","background-position":"center center","background-size":"auto","background-attachment":"scroll","background-type":"","background-media":"","overlay-type":"","overlay-color":"","overlay-opacity":"","overlay-gradient":""},"mobile":{"background-color":"","background-image":"","background-repeat":"repeat","background-position":"center center","background-size":"auto","background-attachment":"scroll","background-type":"","background-media":"","overlay-type":"","overlay-color":"","overlay-opacity":"","overlay-gradient":""}},"ast-content-background-meta":{"desktop":{"background-color":"var(--ast-global-color-5)","background-image":"","background-repeat":"repeat","background-position":"center center","background-size":"auto","background-attachment":"scroll","background-type":"","background-media":"","overlay-type":"","overlay-color":"","overlay-opacity":"","overlay-gradient":""},"tablet":{"background-color":"var(--ast-global-color-5)","background-image":"","background-repeat":"repeat","background-position":"center center","background-size":"auto","background-attachment":"scroll","background-type":"","background-media":"","overlay-type":"","overlay-color":"","overlay-opacity":"","overlay-gradient":""},"mobile":{"background-color":"var(--ast-global-color-5)","background-image":"","background-repeat":"repeat","background-position":"center center","background-size":"auto","background-attachment":"scroll","background-type":"","background-media":"","overlay-type":"","overlay-color":"","overlay-opacity":"","overlay-gradient":""}}},"product_brand":[774],"product_cat":[357,606],"product_tag":[],"superdeal":[],"product_variant_id":[],"class_list":{"0":"post-279497","1":"product","2":"type-product","3":"status-publish","4":"has-post-thumbnail","6":"product_brand-xqs","7":"product_cat-vitt-snus","8":"product_cat-xqs","9":"desktop-align-center","10":"tablet-align-left","11":"mobile-align-left","12":"ast-product-gallery-layout-horizontal-slider","13":"ast-magnify-disabled","14":"ast-product-tabs-layout-horizontal","16":"first","17":"instock","18":"taxable","19":"shipping-taxable","20":"purchasable","21":"product-type-simple"},"yoast_head":"<!-- This site is optimized with the Yoast SEO Premium plugin v26.9 (Yoast SEO v26.9) - https:\/\/yoast.com\/product\/yoast-seo-premium-wordpress\/ -->\n<title>XQS Arctic Freeze X-Strong<\/title>\n<meta name=\"description\" content=\"XQS Arctic Freeze X-Strong \u00e4r ett extra starkt, tobaksfritt all white-snus i slim-format med en kraftfull smak av mint och pepparmynta- 9,6 mg per portion.\" \/>\n<meta name=\"robots\" content=\"noindex, follow, max-snippet:-1, max-image-preview:large, max-video-preview:-1\" \/>\n<meta property=\"og:locale\" content=\"da_DK\" \/>\n<meta property=\"og:type\" content=\"article\" \/>\n<meta property=\"og:title\" content=\"XQS Arctic Freeze X-Strong\" \/>\n<meta property=\"og:description\" content=\"XQS Arctic Freeze X-Strong \u00e4r ett extra starkt, tobaksfritt all white-snus i slim-format med en kraftfull smak av mint och pepparmynta- 9,6 mg per portion.\" \/>\n<meta property=\"og:url\" content=\"https:\/\/www.swizzle.se\/produkt\/xqs-arctic-freeze-x-strong\/\" \/>\n<meta property=\"og:site_name\" content=\"Swizzle\" \/>\n<meta property=\"article:modified_time\" content=\"2026-02-04T13:49:40+00:00\" \/>\n<meta property=\"og:image\" content=\"https:\/\/www.swizzle.se\/wp-content\/uploads\/2025\/11\/xqs-arctic-freeze-x-strong.png.webp\" \/>\n\t<meta property=\"og:image:width\" content=\"800\" \/>\n\t<meta property=\"og:image:height\" content=\"800\" \/>\n\t<meta property=\"og:image:type\" content=\"image\/webp\" \/>\n<meta name=\"twitter:card\" content=\"summary_large_image\" \/>\n<meta name=\"twitter:label1\" content=\"Pris\" \/>\n\t<meta name=\"twitter:data1\" content=\"42.00&nbsp;&#107;&#114;\" \/>\n\t<meta name=\"twitter:label2\" content=\"Tilg\u00e6ngelighed\" \/>\n\t<meta name=\"twitter:data2\" content=\"P\u00e5 lager\" \/>\n<script type=\"application\/ld+json\" class=\"yoast-schema-graph\">{\"@context\":\"https:\/\/schema.org\",\"@graph\":[{\"@type\":\"WebPage\",\"@id\":\"https:\/\/www.swizzle.se\/produkt\/xqs-arctic-freeze-x-strong\/\",\"url\":\"https:\/\/www.swizzle.se\/produkt\/xqs-arctic-freeze-x-strong\/\",\"name\":\"XQS Arctic Freeze X-Strong\",\"isPartOf\":{\"@id\":\"https:\/\/staging.swizzle.se\/#website\"},\"primaryImageOfPage\":{\"@id\":\"https:\/\/www.swizzle.se\/produkt\/xqs-arctic-freeze-x-strong\/#primaryimage\"},\"image\":{\"@id\":\"https:\/\/www.swizzle.se\/produkt\/xqs-arctic-freeze-x-strong\/#primaryimage\"},\"thumbnailUrl\":\"https:\/\/staging.swizzle.se\/wp-content\/uploads\/2025\/11\/xqs-arctic-freeze-x-strong.png.webp\",\"datePublished\":\"2025-12-11T08:21:11+00:00\",\"dateModified\":\"2026-02-04T13:49:40+00:00\",\"description\":\"XQS Arctic Freeze X-Strong \u00e4r ett extra starkt, tobaksfritt all white-snus i slim-format med en kraftfull smak av mint och pepparmynta- 9,6 mg per portion.\",\"breadcrumb\":{\"@id\":\"https:\/\/www.swizzle.se\/produkt\/xqs-arctic-freeze-x-strong\/#breadcrumb\"},\"inLanguage\":\"da-DK\",\"potentialAction\":[{\"@type\":\"ReadAction\",\"target\":[\"https:\/\/www.swizzle.se\/produkt\/xqs-arctic-freeze-x-strong\/\"]}]},{\"@type\":\"ImageObject\",\"inLanguage\":\"da-DK\",\"@id\":\"https:\/\/www.swizzle.se\/produkt\/xqs-arctic-freeze-x-strong\/#primaryimage\",\"url\":\"https:\/\/staging.swizzle.se\/wp-content\/uploads\/2025\/11\/xqs-arctic-freeze-x-strong.png.webp\",\"contentUrl\":\"https:\/\/staging.swizzle.se\/wp-content\/uploads\/2025\/11\/xqs-arctic-freeze-x-strong.png.webp\",\"width\":800,\"height\":800,\"caption\":\"XQS Arctic Freeze X-Strong\"},{\"@type\":\"BreadcrumbList\",\"@id\":\"https:\/\/www.swizzle.se\/produkt\/xqs-arctic-freeze-x-strong\/#breadcrumb\",\"itemListElement\":[{\"@type\":\"ListItem\",\"position\":1,\"name\":\"Home\",\"item\":\"https:\/\/www.swizzle.se\/\"},{\"@type\":\"ListItem\",\"position\":2,\"name\":\"Shop\",\"item\":\"https:\/\/www.swizzle.se\/shop\/\"},{\"@type\":\"ListItem\",\"position\":3,\"name\":\"VITT SNUS\",\"item\":\"https:\/\/www.swizzle.se\/produkt-kategori\/vitt-snus\/\"},{\"@type\":\"ListItem\",\"position\":4,\"name\":\"XQS\",\"item\":\"https:\/\/www.swizzle.se\/produkt-kategori\/vitt-snus\/xqs\/\"},{\"@type\":\"ListItem\",\"position\":5,\"name\":\"XQS Arctic Freeze X-Strong\"}]},{\"@type\":\"WebSite\",\"@id\":\"https:\/\/staging.swizzle.se\/#website\",\"url\":\"https:\/\/staging.swizzle.se\/\",\"name\":\"Swizzle\",\"description\":\"Nikotin CBD Vapes Snus White Portion\",\"publisher\":{\"@id\":\"https:\/\/staging.swizzle.se\/#organization\"},\"potentialAction\":[{\"@type\":\"SearchAction\",\"target\":{\"@type\":\"EntryPoint\",\"urlTemplate\":\"https:\/\/staging.swizzle.se\/?s={search_term_string}\"},\"query-input\":{\"@type\":\"PropertyValueSpecification\",\"valueRequired\":true,\"valueName\":\"search_term_string\"}}],\"inLanguage\":\"da-DK\"},{\"@type\":\"Organization\",\"@id\":\"https:\/\/staging.swizzle.se\/#organization\",\"name\":\"Swizzle\",\"url\":\"https:\/\/staging.swizzle.se\/\",\"logo\":{\"@type\":\"ImageObject\",\"inLanguage\":\"da-DK\",\"@id\":\"https:\/\/staging.swizzle.se\/#\/schema\/logo\/image\/\",\"url\":\"https:\/\/staging.swizzle.se\/wp-content\/uploads\/2025\/10\/cropped-SWIZZLE.-4.png\",\"contentUrl\":\"https:\/\/staging.swizzle.se\/wp-content\/uploads\/2025\/10\/cropped-SWIZZLE.-4.png\",\"width\":800,\"height\":267,\"caption\":\"Swizzle\"},\"image\":{\"@id\":\"https:\/\/staging.swizzle.se\/#\/schema\/logo\/image\/\"},\"hasMerchantReturnPolicy\":{\"@type\":\"MerchantReturnPolicy\",\"merchantReturnLink\":\"https:\/\/staging.swizzle.se\/dk\/villkor\/\"}}]}<\/script>\n<meta property=\"product:price:amount\" content=\"42.00\" \/>\n<meta property=\"product:price:currency\" content=\"SEK\" \/>\n<meta property=\"og:availability\" content=\"instock\" \/>\n<meta property=\"product:availability\" content=\"instock\" \/>\n<meta property=\"product:retailer_item_id\" content=\"XQSArcticX-strong\" \/>\n<meta property=\"product:condition\" content=\"new\" \/>\n<!-- \/ Yoast SEO Premium plugin. -->","yoast_head_json":{"title":"XQS Arctic Freeze X-Strong","description":"XQS Arctic Freeze X-Strong \u00e4r ett extra starkt, tobaksfritt all white-snus i slim-format med en kraftfull smak av mint och pepparmynta- 9,6 mg per portion.","robots":{"index":"noindex","follow":"follow","max-snippet":"max-snippet:-1","max-image-preview":"max-image-preview:large","max-video-preview":"max-video-preview:-1"},"og_locale":"da_DK","og_type":"article","og_title":"XQS Arctic Freeze X-Strong","og_description":"XQS Arctic Freeze X-Strong \u00e4r ett extra starkt, tobaksfritt all white-snus i slim-format med en kraftfull smak av mint och pepparmynta- 9,6 mg per portion.","og_url":"https:\/\/www.swizzle.se\/produkt\/xqs-arctic-freeze-x-strong\/","og_site_name":"Swizzle","article_modified_time":"2026-02-04T13:49:40+00:00","og_image":[{"width":800,"height":800,"url":"https:\/\/www.swizzle.se\/wp-content\/uploads\/2025\/11\/xqs-arctic-freeze-x-strong.png.webp","type":"image\/webp"}],"twitter_card":"summary_large_image","twitter_misc":{"Pris":"42.00&nbsp;&#107;&#114;","Tilg\u00e6ngelighed":"P\u00e5 lager"},"schema":{"@context":"https:\/\/schema.org","@graph":[{"@type":"WebPage","@id":"https:\/\/www.swizzle.se\/produkt\/xqs-arctic-freeze-x-strong\/","url":"https:\/\/www.swizzle.se\/produkt\/xqs-arctic-freeze-x-strong\/","name":"XQS Arctic Freeze X-Strong","isPartOf":{"@id":"https:\/\/staging.swizzle.se\/#website"},"primaryImageOfPage":{"@id":"https:\/\/www.swizzle.se\/produkt\/xqs-arctic-freeze-x-strong\/#primaryimage"},"image":{"@id":"https:\/\/www.swizzle.se\/produkt\/xqs-arctic-freeze-x-strong\/#primaryimage"},"thumbnailUrl":"https:\/\/staging.swizzle.se\/wp-content\/uploads\/2025\/11\/xqs-arctic-freeze-x-strong.png.webp","datePublished":"2025-12-11T08:21:11+00:00","dateModified":"2026-02-04T13:49:40+00:00","description":"XQS Arctic Freeze X-Strong \u00e4r ett extra starkt, tobaksfritt all white-snus i slim-format med en kraftfull smak av mint och pepparmynta- 9,6 mg per portion.","breadcrumb":{"@id":"https:\/\/www.swizzle.se\/produkt\/xqs-arctic-freeze-x-strong\/#breadcrumb"},"inLanguage":"da-DK","potentialAction":[{"@type":"ReadAction","target":["https:\/\/www.swizzle.se\/produkt\/xqs-arctic-freeze-x-strong\/"]}]},{"@type":"ImageObject","inLanguage":"da-DK","@id":"https:\/\/www.swizzle.se\/produkt\/xqs-arctic-freeze-x-strong\/#primaryimage","url":"https:\/\/staging.swizzle.se\/wp-content\/uploads\/2025\/11\/xqs-arctic-freeze-x-strong.png.webp","contentUrl":"https:\/\/staging.swizzle.se\/wp-content\/uploads\/2025\/11\/xqs-arctic-freeze-x-strong.png.webp","width":800,"height":800,"caption":"XQS Arctic Freeze X-Strong"},{"@type":"BreadcrumbList","@id":"https:\/\/www.swizzle.se\/produkt\/xqs-arctic-freeze-x-strong\/#breadcrumb","itemListElement":[{"@type":"ListItem","position":1,"name":"Home","item":"https:\/\/www.swizzle.se\/"},{"@type":"ListItem","position":2,"name":"Shop","item":"https:\/\/www.swizzle.se\/shop\/"},{"@type":"ListItem","position":3,"name":"VITT SNUS","item":"https:\/\/www.swizzle.se\/produkt-kategori\/vitt-snus\/"},{"@type":"ListItem","position":4,"name":"XQS","item":"https:\/\/www.swizzle.se\/produkt-kategori\/vitt-snus\/xqs\/"},{"@type":"ListItem","position":5,"name":"XQS Arctic Freeze X-Strong"}]},{"@type":"WebSite","@id":"https:\/\/staging.swizzle.se\/#website","url":"https:\/\/staging.swizzle.se\/","name":"Swizzle","description":"Nikotin CBD Vapes Snus Hvid Portion","publisher":{"@id":"https:\/\/staging.swizzle.se\/#organization"},"potentialAction":[{"@type":"SearchAction","target":{"@type":"EntryPoint","urlTemplate":"https:\/\/staging.swizzle.se\/?s={search_term_string}"},"query-input":{"@type":"PropertyValueSpecification","valueRequired":true,"valueName":"search_term_string"}}],"inLanguage":"da-DK"},{"@type":"Organization","@id":"https:\/\/staging.swizzle.se\/#organization","name":"Swizzle","url":"https:\/\/staging.swizzle.se\/","logo":{"@type":"ImageObject","inLanguage":"da-DK","@id":"https:\/\/staging.swizzle.se\/#\/schema\/logo\/image\/","url":"https:\/\/staging.swizzle.se\/wp-content\/uploads\/2025\/10\/cropped-SWIZZLE.-4.png","contentUrl":"https:\/\/staging.swizzle.se\/wp-content\/uploads\/2025\/10\/cropped-SWIZZLE.-4.png","width":800,"height":267,"caption":"Swizzle"},"image":{"@id":"https:\/\/staging.swizzle.se\/#\/schema\/logo\/image\/"},"hasMerchantReturnPolicy":{"@type":"MerchantReturnPolicy","merchantReturnLink":"https:\/\/staging.swizzle.se\/dk\/villkor\/"}}]},"product_price_amount":"42.00","product_price_currency":"SEK","og_availability":"instock","product_availability":"instock","product_retailer_item_id":"XQSArcticX-strong","product_condition":"new"},"tiered_pricing_type":"fixed","tiered_pricing_fixed_rules":[],"tiered_pricing_product_settings":{"layout":"default","base_unit_name":{"singular":null,"plural":null},"default_variation":null},"tiered_pricing_minimum_quantity":null,"tiered_pricing_roles_data":[],"tiered_pricing_percentage_rules":[],"tiered_pricing_maximum_quantity":null,"tiered_pricing_quantity_step":null,"_links":{"self":[{"href":"https:\/\/staging.swizzle.se\/dk\/wp-json\/wp\/v2\/product\/279497","targetHints":{"allow":["GET"]}}],"collection":[{"href":"https:\/\/staging.swizzle.se\/dk\/wp-json\/wp\/v2\/product"}],"about":[{"href":"https:\/\/staging.swizzle.se\/dk\/wp-json\/wp\/v2\/types\/product"}],"replies":[{"embeddable":true,"href":"https:\/\/staging.swizzle.se\/dk\/wp-json\/wp\/v2\/comments?post=279497"}],"version-history":[{"count":0,"href":"https:\/\/staging.swizzle.se\/dk\/wp-json\/wp\/v2\/product\/279497\/revisions"}],"wp:featuredmedia":[{"embeddable":true,"href":"https:\/\/staging.swizzle.se\/dk\/wp-json\/wp\/v2\/media\/279529"}],"wp:attachment":[{"href":"https:\/\/staging.swizzle.se\/dk\/wp-json\/wp\/v2\/media?parent=279497"}],"wp:term":[{"taxonomy":"product_brand","embeddable":true,"href":"https:\/\/staging.swizzle.se\/dk\/wp-json\/wp\/v2\/product_brand?post=279497"},{"taxonomy":"product_cat","embeddable":true,"href":"https:\/\/staging.swizzle.se\/dk\/wp-json\/wp\/v2\/product_cat?post=279497"},{"taxonomy":"product_tag","embeddable":true,"href":"https:\/\/staging.swizzle.se\/dk\/wp-json\/wp\/v2\/product_tag?post=279497"},{"taxonomy":"superdeal","embeddable":true,"href":"https:\/\/staging.swizzle.se\/dk\/wp-json\/wp\/v2\/superdeal?post=279497"},{"taxonomy":"product_variant_id","embeddable":true,"href":"https:\/\/staging.swizzle.se\/dk\/wp-json\/wp\/v2\/product_variant_id?post=279497"}],"curies":[{"name":"wp","href":"https:\/\/api.w.org\/{rel}","templated":true}]}}