{"id":278749,"date":"2025-11-13T08:50:33","date_gmt":"2025-11-13T08:50:33","guid":{"rendered":"https:\/\/staging.swizzle.se\/?post_type=product&#038;p=278749"},"modified":"2026-02-05T12:57:05","modified_gmt":"2026-02-05T12:57:05","slug":"thca-vape-99-magic-farmers-2ml-m-a-c","status":"publish","type":"product","link":"https:\/\/staging.swizzle.se\/dk\/product-2\/thca-vape-99-magic-farmers-2ml-m-a-c\/","title":{"rendered":"THCA Vape 99% &#8211; Magic Farmers &#8211; 2ml &#8211; M.A.C"},"content":{"rendered":"<p>THCA Vape 99% &#8211; Magic Farmers &#8211; 2ml &#8211; M.A.C<\/p>\n<div class=\"product-description\">\n<p>Uppt\u00e4ck kraften i naturens egna cannabinoider med v\u00e5r exklusiva <strong>THCA Vape \u2013 Miracle Alien Cookies<\/strong> fr\u00e5n Magic Farmers. En icke-psykoaktiv f\u00f6rening som finns naturligt i r\u00e5a cannabisplantor. Det g\u00f6r vapes till ett effektivt och snabbt s\u00e4tt att f\u00e5 tillg\u00e5ng till cannabinoidens potentiella h\u00e4lsof\u00f6rdelar.<\/p>\n<p><strong>Miracle Alien Cookies(M.A.C)<\/strong><\/p>\n<p>Den \u00e4r perfekt f\u00f6r dig som s\u00f6ker avslappning utan att f\u00f6rlora fokus \u2013 idealisk f\u00f6r lugna kv\u00e4llar, kreativa stunder eller soliga sommardagar.<\/p>\n<p>Se v\u00e5ra andra smaker h\u00e4r: <a href=\"http:\/\/staging.swizzle.se\/dk\/product-category\/thca-2\/thca-vapes\/\">Alla v\u00e5ra THCA vapes<\/a><\/p>\n<p><strong>Specifikationer<\/strong><\/p>\n<ul>\n<li>99% ren THCA \u2013 h\u00f6gsta m\u00f6jliga kvalitet<\/li>\n<li>Frisk smakprofil med toner av citron<\/li>\n<li>2 ml inneh\u00e5ll ger upp till 1000 puffar<\/li>\n<li>Diskret, b\u00e4rbar och enkel att anv\u00e4nda<\/li>\n<\/ul>\n<p>Den h\u00e4r vape-produkten \u00e4r utformad med anv\u00e4ndaren i \u00e5tanke: <strong>enkel att b\u00e4ra, l\u00e4tt att anv\u00e4nda<\/strong> och helt redo att anv\u00e4ndas direkt ur f\u00f6rpackningen. Den \u00e4r perfekt b\u00e5de f\u00f6r nyb\u00f6rjare och erfarna anv\u00e4ndare som vill utforska THCA:s egenskaper p\u00e5 ett bekv\u00e4mt s\u00e4tt.<\/p>\n<p>Upplev naturens renhet och teknikens precision med THCA Vape 99% &#8211; Magic Farmers &#8211; 2ml &#8211; M.A.C f\u00f6r dig som v\u00e4rderar b\u00e5de smak och effekt.<\/p>\n<\/div>\n<p>Gillar du M.A.C tror vi \u00e4ven att du skulle gilla: <a href=\"https:\/\/staging.swizzle.se\/dk\/product-2\/thca-vape-99-magic-farmers-kiwi-sorbet\/\">THCA KIWI SORBET<\/a><\/p>\n<p><strong>Bem\u00e6rk!<\/strong><br \/>\nDu skal v\u00e6re mindst 18 \u00e5r gammel for at k\u00f8be dette produkt. Det er ikke beregnet som medicin, kosttilskud eller naturprodukt. Vi opfordrer ikke til at indtage eller ryge dette produkt. Opbevar det utilg\u00e6ngeligt for b\u00f8rn Vi fraskriver os ethvert ansvar for, hvordan du som kunde bruger vores produkter. Vi s\u00e6lger dem til indsamlings- og prydform\u00e5l.<\/p>","protected":false},"excerpt":{"rendered":"<p id=\"tw-target-text\" class=\"tw-data-text tw-text-large tw-ta ai-optimize-31\" dir=\"ltr\" data-placeholder=\"\u00d6vers\u00e4ttning\" data-ved=\"2ahUKEwiR-Nj0naOKAxVGGRAIHYs_B7AQ3ewLegQICRAU\" aria-label=\"\u00d6versatt text: Potentiella f\u00f6rdelar med THCA vapes \u00c4ven k\u00e4nd som tetrahydrocannabinolsyra, THCA \u00e4r en f\u00f6rening som finns i r\u00e5a cannabisv\u00e4xter. N\u00e4r den v\u00e4rms omvandlas den till delta 9 THC genom en process som kallas dekarboxylering. THCA vapes erbjuder ett snabbt och bekv\u00e4mt s\u00e4tt att f\u00e5 tillg\u00e5ng till de m\u00e5nga potentiella f\u00f6rdelarna med denna cannabinoid, som inkluderar: Neuroprotektiva egenskaper: THCA-produkter kan ge neuroprotektiva f\u00f6rdelar och hj\u00e4lpa till att f\u00f6rebygga och behandla neurodegenerativa tillst\u00e5nd som Alzheimers och Parkinsons. Inflammationsreduktion: Cannabinoiden THCA har naturliga antiinflammatoriska egenskaper. Som s\u00e5dan kan det hj\u00e4lpa till att behandla kroniska tillst\u00e5nd som k\u00e4nnetecknas av svullnad, inklusive multipel skleros, inflammatorisk tarmsjukdom och artrit. Sm\u00e4rtlindring: Vaping THCA kan ge snabb lindring fr\u00e5n inflammation, men det kan ocks\u00e5 ge snabb lindring fr\u00e5n sm\u00e4rta, tack vare f\u00f6reningens sm\u00e4rtstillande egenskaper. Det \u00e4r en lovande potentiell behandling f\u00f6r akut eller kronisk sm\u00e4rta till f\u00f6ljd av skador eller sjukdomar. Aptitstimulering: Cannabinoiden THCA kommunicerar med CB1-receptorer i det endocannabinoida systemet, vilket resulterar i fris\u00e4ttning av hormoner som uppmuntrar hunger. Detta g\u00f6r det till ett attraktivt potentiellt aptitstimulerande medel f\u00f6r individer som k\u00e4mpar med oavsiktlig viktminskning p\u00e5 grund av sjukdom eller medicinska behandlingar som kemoterapi. Lindring av illam\u00e5ende och kr\u00e4kningar: F\u00f6rutom att h\u00f6ja aptiten kan THCA-produkter lindra illam\u00e5ende och kr\u00e4kningar. Dess antiemetiska effekter \u00f6kar dess potentiella terapeutiska v\u00e4rde f\u00f6r individer som g\u00e5r igenom kemoterapi eller hanterar medicinska tillst\u00e5nd som orsakar illam\u00e5ende eller kr\u00e4kningar. Antikonvulsiva och krampl\u00f6sande egenskaper: Denna m\u00e5ngsidiga cannabisv\u00e4xtf\u00f6rening unders\u00f6ks ocks\u00e5 f\u00f6r dess potential att f\u00f6rebygga och lindra anfall och spasmer.\">THCA Vape 99% &#8211; Magic Farmers &#8211; 2ml &#8211; M.A.C<\/p>\n<p class=\"tw-data-text tw-text-large tw-ta ai-optimize-31\" dir=\"ltr\" data-placeholder=\"\u00d6vers\u00e4ttning\" data-ved=\"2ahUKEwiR-Nj0naOKAxVGGRAIHYs_B7AQ3ewLegQICRAU\" aria-label=\"\u00d6versatt text: Potentiella f\u00f6rdelar med THCA vapes \u00c4ven k\u00e4nd som tetrahydrocannabinolsyra, THCA \u00e4r en f\u00f6rening som finns i r\u00e5a cannabisv\u00e4xter. N\u00e4r den v\u00e4rms omvandlas den till delta 9 THC genom en process som kallas dekarboxylering. THCA vapes erbjuder ett snabbt och bekv\u00e4mt s\u00e4tt att f\u00e5 tillg\u00e5ng till de m\u00e5nga potentiella f\u00f6rdelarna med denna cannabinoid, som inkluderar: Neuroprotektiva egenskaper: THCA-produkter kan ge neuroprotektiva f\u00f6rdelar och hj\u00e4lpa till att f\u00f6rebygga och behandla neurodegenerativa tillst\u00e5nd som Alzheimers och Parkinsons. Inflammationsreduktion: Cannabinoiden THCA har naturliga antiinflammatoriska egenskaper. Som s\u00e5dan kan det hj\u00e4lpa till att behandla kroniska tillst\u00e5nd som k\u00e4nnetecknas av svullnad, inklusive multipel skleros, inflammatorisk tarmsjukdom och artrit. Sm\u00e4rtlindring: Vaping THCA kan ge snabb lindring fr\u00e5n inflammation, men det kan ocks\u00e5 ge snabb lindring fr\u00e5n sm\u00e4rta, tack vare f\u00f6reningens sm\u00e4rtstillande egenskaper. Det \u00e4r en lovande potentiell behandling f\u00f6r akut eller kronisk sm\u00e4rta till f\u00f6ljd av skador eller sjukdomar. Aptitstimulering: Cannabinoiden THCA kommunicerar med CB1-receptorer i det endocannabinoida systemet, vilket resulterar i fris\u00e4ttning av hormoner som uppmuntrar hunger. Detta g\u00f6r det till ett attraktivt potentiellt aptitstimulerande medel f\u00f6r individer som k\u00e4mpar med oavsiktlig viktminskning p\u00e5 grund av sjukdom eller medicinska behandlingar som kemoterapi. Lindring av illam\u00e5ende och kr\u00e4kningar: F\u00f6rutom att h\u00f6ja aptiten kan THCA-produkter lindra illam\u00e5ende och kr\u00e4kningar. Dess antiemetiska effekter \u00f6kar dess potentiella terapeutiska v\u00e4rde f\u00f6r individer som g\u00e5r igenom kemoterapi eller hanterar medicinska tillst\u00e5nd som orsakar illam\u00e5ende eller kr\u00e4kningar. Antikonvulsiva och krampl\u00f6sande egenskaper: Denna m\u00e5ngsidiga cannabisv\u00e4xtf\u00f6rening unders\u00f6ks ocks\u00e5 f\u00f6r dess potential att f\u00f6rebygga och lindra anfall och spasmer.\"><span style=\"font-weight: 400;\">Upplev sommarsmakerna med v\u00e5r THCA Vape &#8211; Miracle Alien Cookies\u00a0Denna vape erbjuder en perfekt kombination av smak och effekt, vilket g\u00f6r den till ett utm\u00e4rkt val f\u00f6r kv\u00e4llen eller de soliga dagarna. Med en volym p\u00e5 2 ml och upp till 1000 puffs, kan du njuta l\u00e4nge.\u00a0<\/span><\/p>\n<p class=\"ai-optimize-33\"><strong>Specifikationer:<\/strong><\/p>\n<ul>\n<li class=\"ai-optimize-34\"><span style=\"font-weight: 400;\"><strong>Kapacitet:<\/strong> 2 ml<\/span><\/li>\n<li class=\"ai-optimize-35\"><strong>Puffs:<\/strong> Upp till 1000<\/li>\n<li class=\"ai-optimize-36\"><strong>Inneh\u00e5ll:<\/strong> 99% THCA fr\u00e5n isolat<\/li>\n<li class=\"ai-optimize-37\"><strong>THC-fri<\/strong><\/li>\n<\/ul>\n<p>Dette produkt har en mindsteprisgaranti, l\u00e6s mere om, hvad det betyder.<a href=\"https:\/\/staging.swizzle.se\/dk\/lagsta-pris-garanti\/\"><b> her<\/b><\/a>.<\/p>","protected":false},"featured_media":279004,"comment_status":"open","ping_status":"closed","template":"","meta":{"site-sidebar-layout":"default","site-content-layout":"","ast-site-content-layout":"default","site-content-style":"default","site-sidebar-style":"default","ast-global-header-display":"","ast-banner-title-visibility":"","ast-main-header-display":"","ast-hfb-above-header-display":"","ast-hfb-below-header-display":"","ast-hfb-mobile-header-display":"","site-post-title":"","ast-breadcrumbs-content":"","ast-featured-img":"","footer-sml-layout":"","ast-disable-related-posts":"","theme-transparent-header-meta":"default","adv-header-id-meta":"","stick-header-meta":"default","header-above-stick-meta":"","header-main-stick-meta":"","header-below-stick-meta":"","astra-migrate-meta-layouts":"set","ast-page-background-enabled":"default","ast-page-background-meta":{"desktop":{"background-color":"var(--ast-global-color-4)","background-image":"","background-repeat":"repeat","background-position":"center center","background-size":"auto","background-attachment":"scroll","background-type":"","background-media":"","overlay-type":"","overlay-color":"","overlay-opacity":"","overlay-gradient":""},"tablet":{"background-color":"","background-image":"","background-repeat":"repeat","background-position":"center center","background-size":"auto","background-attachment":"scroll","background-type":"","background-media":"","overlay-type":"","overlay-color":"","overlay-opacity":"","overlay-gradient":""},"mobile":{"background-color":"","background-image":"","background-repeat":"repeat","background-position":"center center","background-size":"auto","background-attachment":"scroll","background-type":"","background-media":"","overlay-type":"","overlay-color":"","overlay-opacity":"","overlay-gradient":""}},"ast-content-background-meta":{"desktop":{"background-color":"var(--ast-global-color-5)","background-image":"","background-repeat":"repeat","background-position":"center center","background-size":"auto","background-attachment":"scroll","background-type":"","background-media":"","overlay-type":"","overlay-color":"","overlay-opacity":"","overlay-gradient":""},"tablet":{"background-color":"var(--ast-global-color-5)","background-image":"","background-repeat":"repeat","background-position":"center center","background-size":"auto","background-attachment":"scroll","background-type":"","background-media":"","overlay-type":"","overlay-color":"","overlay-opacity":"","overlay-gradient":""},"mobile":{"background-color":"var(--ast-global-color-5)","background-image":"","background-repeat":"repeat","background-position":"center center","background-size":"auto","background-attachment":"scroll","background-type":"","background-media":"","overlay-type":"","overlay-color":"","overlay-opacity":"","overlay-gradient":""}}},"product_brand":[756],"product_cat":[303,464],"product_tag":[],"superdeal":[],"product_variant_id":[],"class_list":{"0":"post-278749","1":"product","2":"type-product","3":"status-publish","4":"has-post-thumbnail","6":"product_brand-magic-farmers","7":"product_cat-thca","8":"product_cat-thca-vapes","9":"pa_storlek-2ml","10":"desktop-align-center","11":"tablet-align-left","12":"mobile-align-left","13":"ast-product-gallery-layout-horizontal-slider","14":"ast-magnify-disabled","15":"ast-product-tabs-layout-horizontal","17":"first","18":"instock","19":"taxable","20":"shipping-taxable","21":"purchasable","22":"product-type-simple"},"yoast_head":"<!-- This site is optimized with the Yoast SEO Premium plugin v26.9 (Yoast SEO v26.9) - https:\/\/yoast.com\/product\/yoast-seo-premium-wordpress\/ -->\n<title>THCA Vape 99% Magic Farmers M.A.C<\/title>\n<meta name=\"description\" content=\"THCA Vape 99% Magic Farmers M.A.C- relativt ny uppt\u00e4ckt inom cannabisforskningen. M.A.C. Kapacitet: 2 ml Puffs: Upp till 1000\" \/>\n<meta name=\"robots\" content=\"noindex, follow, max-snippet:-1, max-image-preview:large, max-video-preview:-1\" \/>\n<meta property=\"og:locale\" content=\"da_DK\" \/>\n<meta property=\"og:type\" content=\"article\" \/>\n<meta property=\"og:title\" content=\"THCA Vape 99% Magic Farmers - Lemon Cheese\" \/>\n<meta property=\"og:description\" content=\"THCA Vape 99% Magic Farmers - Lemon Cheese - relativt ny uppt\u00e4ckt inom cannabisforskningen. Lemon Cheese.\" \/>\n<meta property=\"og:url\" content=\"https:\/\/www.swizzle.se\/produkt\/thca-vape-99-magic-farmers-2ml-m-a-c\/\" \/>\n<meta property=\"og:site_name\" content=\"Swizzle\" \/>\n<meta property=\"article:modified_time\" content=\"2026-02-05T12:57:05+00:00\" \/>\n<meta property=\"og:image\" content=\"https:\/\/www.swizzle.se\/wp-content\/uploads\/2025\/11\/THCA_PUFF1000_ALIEN.webp\" \/>\n\t<meta property=\"og:image:width\" content=\"800\" \/>\n\t<meta property=\"og:image:height\" content=\"800\" \/>\n\t<meta property=\"og:image:type\" content=\"image\/webp\" \/>\n<meta name=\"twitter:card\" content=\"summary_large_image\" \/>\n<meta name=\"twitter:title\" content=\"THCA Vape 99% Magic Farmers - Lemon Cheese\" \/>\n<meta name=\"twitter:description\" content=\"THCA Vape \u2013 Lemon Cheese 99% \u2013 2ML 1000 puffar - Lemon Cheese - relativt ny uppt\u00e4ckt inom cannabisforskningen. Lemon Cheese.\" \/>\n<meta name=\"twitter:label1\" content=\"Pris\" \/>\n\t<meta name=\"twitter:data1\" content=\"899.00&nbsp;&#107;&#114;\" \/>\n\t<meta name=\"twitter:label2\" content=\"Tilg\u00e6ngelighed\" \/>\n\t<meta name=\"twitter:data2\" content=\"P\u00e5 lager\" \/>\n<script type=\"application\/ld+json\" class=\"yoast-schema-graph\">{\"@context\":\"https:\/\/schema.org\",\"@graph\":[{\"@type\":\"WebPage\",\"@id\":\"https:\/\/www.swizzle.se\/produkt\/thca-vape-99-magic-farmers-2ml-m-a-c\/\",\"url\":\"https:\/\/www.swizzle.se\/produkt\/thca-vape-99-magic-farmers-2ml-m-a-c\/\",\"name\":\"THCA Vape 99% Magic Farmers M.A.C\",\"isPartOf\":{\"@id\":\"https:\/\/staging.swizzle.se\/#website\"},\"primaryImageOfPage\":{\"@id\":\"https:\/\/www.swizzle.se\/produkt\/thca-vape-99-magic-farmers-2ml-m-a-c\/#primaryimage\"},\"image\":{\"@id\":\"https:\/\/www.swizzle.se\/produkt\/thca-vape-99-magic-farmers-2ml-m-a-c\/#primaryimage\"},\"thumbnailUrl\":\"https:\/\/staging.swizzle.se\/wp-content\/uploads\/2025\/11\/THCA_PUFF1000_ALIEN.webp\",\"datePublished\":\"2025-11-13T08:50:33+00:00\",\"dateModified\":\"2026-02-05T12:57:05+00:00\",\"description\":\"THCA Vape 99% Magic Farmers M.A.C- relativt ny uppt\u00e4ckt inom cannabisforskningen. M.A.C. Kapacitet: 2 ml Puffs: Upp till 1000\",\"breadcrumb\":{\"@id\":\"https:\/\/www.swizzle.se\/produkt\/thca-vape-99-magic-farmers-2ml-m-a-c\/#breadcrumb\"},\"inLanguage\":\"da-DK\",\"potentialAction\":[{\"@type\":\"ReadAction\",\"target\":[\"https:\/\/www.swizzle.se\/produkt\/thca-vape-99-magic-farmers-2ml-m-a-c\/\"]}]},{\"@type\":\"ImageObject\",\"inLanguage\":\"da-DK\",\"@id\":\"https:\/\/www.swizzle.se\/produkt\/thca-vape-99-magic-farmers-2ml-m-a-c\/#primaryimage\",\"url\":\"https:\/\/staging.swizzle.se\/wp-content\/uploads\/2025\/11\/THCA_PUFF1000_ALIEN.webp\",\"contentUrl\":\"https:\/\/staging.swizzle.se\/wp-content\/uploads\/2025\/11\/THCA_PUFF1000_ALIEN.webp\",\"width\":800,\"height\":800,\"caption\":\"thca vape miracle alien cookies\"},{\"@type\":\"BreadcrumbList\",\"@id\":\"https:\/\/www.swizzle.se\/produkt\/thca-vape-99-magic-farmers-2ml-m-a-c\/#breadcrumb\",\"itemListElement\":[{\"@type\":\"ListItem\",\"position\":1,\"name\":\"Home\",\"item\":\"https:\/\/www.swizzle.se\/\"},{\"@type\":\"ListItem\",\"position\":2,\"name\":\"Shop\",\"item\":\"https:\/\/www.swizzle.se\/shop\/\"},{\"@type\":\"ListItem\",\"position\":3,\"name\":\"THCA\",\"item\":\"https:\/\/www.swizzle.se\/produkt-kategori\/thca\/\"},{\"@type\":\"ListItem\",\"position\":4,\"name\":\"THCA VAPES\",\"item\":\"https:\/\/www.swizzle.se\/produkt-kategori\/thca\/thca-vapes\/\"},{\"@type\":\"ListItem\",\"position\":5,\"name\":\"THCA Vape 99% &#8211; Magic Farmers &#8211; 2ml &#8211; M.A.C\"}]},{\"@type\":\"WebSite\",\"@id\":\"https:\/\/staging.swizzle.se\/#website\",\"url\":\"https:\/\/staging.swizzle.se\/\",\"name\":\"Swizzle\",\"description\":\"Nikotin CBD Vapes Snus White Portion\",\"publisher\":{\"@id\":\"https:\/\/staging.swizzle.se\/#organization\"},\"potentialAction\":[{\"@type\":\"SearchAction\",\"target\":{\"@type\":\"EntryPoint\",\"urlTemplate\":\"https:\/\/staging.swizzle.se\/?s={search_term_string}\"},\"query-input\":{\"@type\":\"PropertyValueSpecification\",\"valueRequired\":true,\"valueName\":\"search_term_string\"}}],\"inLanguage\":\"da-DK\"},{\"@type\":\"Organization\",\"@id\":\"https:\/\/staging.swizzle.se\/#organization\",\"name\":\"Swizzle\",\"url\":\"https:\/\/staging.swizzle.se\/\",\"logo\":{\"@type\":\"ImageObject\",\"inLanguage\":\"da-DK\",\"@id\":\"https:\/\/staging.swizzle.se\/#\/schema\/logo\/image\/\",\"url\":\"https:\/\/staging.swizzle.se\/wp-content\/uploads\/2025\/10\/cropped-SWIZZLE.-4.png\",\"contentUrl\":\"https:\/\/staging.swizzle.se\/wp-content\/uploads\/2025\/10\/cropped-SWIZZLE.-4.png\",\"width\":800,\"height\":267,\"caption\":\"Swizzle\"},\"image\":{\"@id\":\"https:\/\/staging.swizzle.se\/#\/schema\/logo\/image\/\"},\"hasMerchantReturnPolicy\":{\"@type\":\"MerchantReturnPolicy\",\"merchantReturnLink\":\"https:\/\/staging.swizzle.se\/dk\/villkor\/\"}}]}<\/script>\n<meta property=\"product:price:amount\" content=\"899.00\" \/>\n<meta property=\"product:price:currency\" content=\"SEK\" \/>\n<meta property=\"og:availability\" content=\"instock\" \/>\n<meta property=\"product:availability\" content=\"instock\" \/>\n<meta property=\"product:retailer_item_id\" content=\"MF54203-2-1\" \/>\n<meta property=\"product:condition\" content=\"new\" \/>\n<!-- \/ Yoast SEO Premium plugin. -->","yoast_head_json":{"title":"THCA Vape 99% Magic Farmers M.A.C","description":"THCA Vape 99% Magic Farmers M.A.C- relativt ny uppt\u00e4ckt inom cannabisforskningen. M.A.C. Kapacitet: 2 ml Puffs: Upp till 1000","robots":{"index":"noindex","follow":"follow","max-snippet":"max-snippet:-1","max-image-preview":"max-image-preview:large","max-video-preview":"max-video-preview:-1"},"og_locale":"da_DK","og_type":"article","og_title":"THCA Vape 99% Magic Farmers - Lemon Cheese","og_description":"THCA Vape 99% Magic Farmers - Lemon Cheese - relativt ny uppt\u00e4ckt inom cannabisforskningen. Lemon Cheese.","og_url":"https:\/\/www.swizzle.se\/produkt\/thca-vape-99-magic-farmers-2ml-m-a-c\/","og_site_name":"Swizzle","article_modified_time":"2026-02-05T12:57:05+00:00","og_image":[{"width":800,"height":800,"url":"https:\/\/www.swizzle.se\/wp-content\/uploads\/2025\/11\/THCA_PUFF1000_ALIEN.webp","type":"image\/webp"}],"twitter_card":"summary_large_image","twitter_title":"THCA Vape 99% Magic Farmers - Lemon Cheese","twitter_description":"THCA Vape \u2013 Lemon Cheese 99% \u2013 2ML 1000 puffar - Lemon Cheese - relativt ny uppt\u00e4ckt inom cannabisforskningen. Lemon Cheese.","twitter_misc":{"Pris":"899.00&nbsp;&#107;&#114;","Tilg\u00e6ngelighed":"P\u00e5 lager"},"schema":{"@context":"https:\/\/schema.org","@graph":[{"@type":"WebPage","@id":"https:\/\/www.swizzle.se\/produkt\/thca-vape-99-magic-farmers-2ml-m-a-c\/","url":"https:\/\/www.swizzle.se\/produkt\/thca-vape-99-magic-farmers-2ml-m-a-c\/","name":"THCA Vape 99% Magic Farmers M.A.C","isPartOf":{"@id":"https:\/\/staging.swizzle.se\/#website"},"primaryImageOfPage":{"@id":"https:\/\/www.swizzle.se\/produkt\/thca-vape-99-magic-farmers-2ml-m-a-c\/#primaryimage"},"image":{"@id":"https:\/\/www.swizzle.se\/produkt\/thca-vape-99-magic-farmers-2ml-m-a-c\/#primaryimage"},"thumbnailUrl":"https:\/\/staging.swizzle.se\/wp-content\/uploads\/2025\/11\/THCA_PUFF1000_ALIEN.webp","datePublished":"2025-11-13T08:50:33+00:00","dateModified":"2026-02-05T12:57:05+00:00","description":"THCA Vape 99% Magic Farmers M.A.C- relativt ny uppt\u00e4ckt inom cannabisforskningen. M.A.C. Kapacitet: 2 ml Puffs: Upp till 1000","breadcrumb":{"@id":"https:\/\/www.swizzle.se\/produkt\/thca-vape-99-magic-farmers-2ml-m-a-c\/#breadcrumb"},"inLanguage":"da-DK","potentialAction":[{"@type":"ReadAction","target":["https:\/\/www.swizzle.se\/produkt\/thca-vape-99-magic-farmers-2ml-m-a-c\/"]}]},{"@type":"ImageObject","inLanguage":"da-DK","@id":"https:\/\/www.swizzle.se\/produkt\/thca-vape-99-magic-farmers-2ml-m-a-c\/#primaryimage","url":"https:\/\/staging.swizzle.se\/wp-content\/uploads\/2025\/11\/THCA_PUFF1000_ALIEN.webp","contentUrl":"https:\/\/staging.swizzle.se\/wp-content\/uploads\/2025\/11\/THCA_PUFF1000_ALIEN.webp","width":800,"height":800,"caption":"thca vape miracle alien cookies"},{"@type":"BreadcrumbList","@id":"https:\/\/www.swizzle.se\/produkt\/thca-vape-99-magic-farmers-2ml-m-a-c\/#breadcrumb","itemListElement":[{"@type":"ListItem","position":1,"name":"Home","item":"https:\/\/www.swizzle.se\/"},{"@type":"ListItem","position":2,"name":"Shop","item":"https:\/\/www.swizzle.se\/shop\/"},{"@type":"ListItem","position":3,"name":"THCA","item":"https:\/\/www.swizzle.se\/produkt-kategori\/thca\/"},{"@type":"ListItem","position":4,"name":"THCA VAPES","item":"https:\/\/www.swizzle.se\/produkt-kategori\/thca\/thca-vapes\/"},{"@type":"ListItem","position":5,"name":"THCA Vape 99% &#8211; Magic Farmers &#8211; 2ml &#8211; M.A.C"}]},{"@type":"WebSite","@id":"https:\/\/staging.swizzle.se\/#website","url":"https:\/\/staging.swizzle.se\/","name":"Swizzle","description":"Nikotin CBD Vapes Snus Hvid Portion","publisher":{"@id":"https:\/\/staging.swizzle.se\/#organization"},"potentialAction":[{"@type":"SearchAction","target":{"@type":"EntryPoint","urlTemplate":"https:\/\/staging.swizzle.se\/?s={search_term_string}"},"query-input":{"@type":"PropertyValueSpecification","valueRequired":true,"valueName":"search_term_string"}}],"inLanguage":"da-DK"},{"@type":"Organization","@id":"https:\/\/staging.swizzle.se\/#organization","name":"Swizzle","url":"https:\/\/staging.swizzle.se\/","logo":{"@type":"ImageObject","inLanguage":"da-DK","@id":"https:\/\/staging.swizzle.se\/#\/schema\/logo\/image\/","url":"https:\/\/staging.swizzle.se\/wp-content\/uploads\/2025\/10\/cropped-SWIZZLE.-4.png","contentUrl":"https:\/\/staging.swizzle.se\/wp-content\/uploads\/2025\/10\/cropped-SWIZZLE.-4.png","width":800,"height":267,"caption":"Swizzle"},"image":{"@id":"https:\/\/staging.swizzle.se\/#\/schema\/logo\/image\/"},"hasMerchantReturnPolicy":{"@type":"MerchantReturnPolicy","merchantReturnLink":"https:\/\/staging.swizzle.se\/dk\/villkor\/"}}]},"product_price_amount":"899.00","product_price_currency":"SEK","og_availability":"instock","product_availability":"instock","product_retailer_item_id":"MF54203-2-1","product_condition":"new"},"tiered_pricing_type":"fixed","tiered_pricing_fixed_rules":[],"tiered_pricing_product_settings":{"layout":"default","base_unit_name":{"singular":null,"plural":null},"default_variation":null},"tiered_pricing_minimum_quantity":null,"tiered_pricing_roles_data":[],"tiered_pricing_percentage_rules":[],"tiered_pricing_maximum_quantity":null,"tiered_pricing_quantity_step":null,"_links":{"self":[{"href":"https:\/\/staging.swizzle.se\/dk\/wp-json\/wp\/v2\/product\/278749","targetHints":{"allow":["GET"]}}],"collection":[{"href":"https:\/\/staging.swizzle.se\/dk\/wp-json\/wp\/v2\/product"}],"about":[{"href":"https:\/\/staging.swizzle.se\/dk\/wp-json\/wp\/v2\/types\/product"}],"replies":[{"embeddable":true,"href":"https:\/\/staging.swizzle.se\/dk\/wp-json\/wp\/v2\/comments?post=278749"}],"version-history":[{"count":0,"href":"https:\/\/staging.swizzle.se\/dk\/wp-json\/wp\/v2\/product\/278749\/revisions"}],"wp:featuredmedia":[{"embeddable":true,"href":"https:\/\/staging.swizzle.se\/dk\/wp-json\/wp\/v2\/media\/279004"}],"wp:attachment":[{"href":"https:\/\/staging.swizzle.se\/dk\/wp-json\/wp\/v2\/media?parent=278749"}],"wp:term":[{"taxonomy":"product_brand","embeddable":true,"href":"https:\/\/staging.swizzle.se\/dk\/wp-json\/wp\/v2\/product_brand?post=278749"},{"taxonomy":"product_cat","embeddable":true,"href":"https:\/\/staging.swizzle.se\/dk\/wp-json\/wp\/v2\/product_cat?post=278749"},{"taxonomy":"product_tag","embeddable":true,"href":"https:\/\/staging.swizzle.se\/dk\/wp-json\/wp\/v2\/product_tag?post=278749"},{"taxonomy":"superdeal","embeddable":true,"href":"https:\/\/staging.swizzle.se\/dk\/wp-json\/wp\/v2\/superdeal?post=278749"},{"taxonomy":"product_variant_id","embeddable":true,"href":"https:\/\/staging.swizzle.se\/dk\/wp-json\/wp\/v2\/product_variant_id?post=278749"}],"curies":[{"name":"wp","href":"https:\/\/api.w.org\/{rel}","templated":true}]}}