{"id":278597,"date":"2025-11-13T12:07:35","date_gmt":"2025-11-13T12:07:35","guid":{"rendered":"https:\/\/staging.swizzle.se\/?post_type=product&#038;p=278597"},"modified":"2026-02-04T13:55:21","modified_gmt":"2026-02-04T13:55:21","slug":"raw-oblekta-hampapiprensare","status":"publish","type":"product","link":"https:\/\/staging.swizzle.se\/dk\/product-2\/raw-oblekta-hampapiprensare\/","title":{"rendered":"RAW Oblekta Hampapiprensare"},"content":{"rendered":"<h2>RAW Oblekta Hampapiprensare<\/h2>\n<p>H\u00e5ll dina pipor i toppskick med <strong>RAW Oblekta Hampapiprensare<\/strong> \u2013 det perfekta tillbeh\u00f6ret f\u00f6r dig som vill ha en <a href=\"https:\/\/staging.swizzle.se\/dk\/collections\/rent-r%C3%B6ktillbeh%C3%B6r\/\">ren och fr\u00e4sch pipa<\/a> utan kr\u00e5ngel. Dessa h\u00f6gkvalitativa reng\u00f6ringspinnar fr\u00e5n det v\u00e4lk\u00e4nda m\u00e4rket RAW \u00e4r tillverkade av naturlig hampa och konstruerade f\u00f6r att effektivt ta bort smuts, tj\u00e4ra och rester i alla typer av pipor.<\/p>\n<h3>Effektiv reng\u00f6ring f\u00f6r alla pipor<\/h3>\n<p>Att h\u00e5lla pipan ren kan vara tidskr\u00e4vande och sv\u00e5rt \u2013 s\u00e4rskilt n\u00e4r smutsen fastnar i b\u00f6jar och kanter. Med <strong>RAW Pipe Cleaners<\/strong> blir det d\u00e4remot enkelt. De \u00e4r <strong>superl\u00e4tta, flexibla och mycket absorberande<\/strong>, vilket g\u00f6r att du n\u00e5r in i varje liten vr\u00e5 av din pipa eller rigg. Resultatet? En fr\u00e4schare och j\u00e4mnare r\u00f6kupplevelse varje g\u00e5ng.<\/p>\n<h3>Varf\u00f6r v\u00e4lja RAW Oblekta Hampaprensare?<\/h3>\n<ul>\n<li>Tillverkade av <strong>ren, oblekt hampa<\/strong> \u2013 helt fria fr\u00e5n kemikalier.<\/li>\n<li><strong>J\u00e4rntr\u00e5dsk\u00e4rna<\/strong> som ger stabilitet och g\u00f6r att de kan b\u00f6jas i \u00f6nskad form.<\/li>\n<li>Finns i tv\u00e5 varianter: <strong>mjuk<\/strong> f\u00f6r k\u00e4nsliga delar och <strong>borstformad<\/strong> f\u00f6r tuffare reng\u00f6ring.<\/li>\n<li>Perfekta f\u00f6r reng\u00f6ring av b\u00e5de <a href=\"https:\/\/staging.swizzle.se\/dk\/collections\/glaspipor\/\">glaspipor<\/a> och <a href=\"https:\/\/staging.swizzle.se\/dk\/collections\/silikonpipor\/\">silikonpipor<\/a>.<\/li>\n<\/ul>\n<h3>Produktinformation<\/h3>\n<ul>\n<li>Varum\u00e4rke: RAW<\/li>\n<li>Material: Oblekt hampa med j\u00e4rntr\u00e5dsk\u00e4rna<\/li>\n<li>Antal per bunt: 24 reng\u00f6ringspinnar<\/li>\n<li>Typ: Mjuka och borstade varianter<\/li>\n<\/ul>\n<hr \/>\n<p><strong>Bem\u00e6rk!<\/strong><br \/>\nDu m\u00e5ste vara minst 18 \u00e5r f\u00f6r att k\u00f6pa denna produkt. Den \u00e4r inte avsedd som l\u00e4kemedel, kosttillskott eller naturprodukt. Vi uppmuntrar inte till konsumtion eller r\u00f6kning av produkten. F\u00f6rvara den utom r\u00e4ckh\u00e5ll f\u00f6r barn. Vi friskriver oss fr\u00e5n hur du som kund anv\u00e4nder v\u00e5ra produkter. Vi s\u00e4ljer dem f\u00f6r samlings- och prydnadssyften.<\/p>","protected":false},"excerpt":{"rendered":"<h6>RAW Oblekta Hampapiprensare- Effektiv reng\u00f6ring f\u00f6r alla pipor<\/h6>\n<p>Att h\u00e5lla pipan ren kan vara tidskr\u00e4vande och sv\u00e5rt \u2013 s\u00e4rskilt n\u00e4r smutsen fastnar i b\u00f6jar och kanter. Med <strong>RAW Pipe Cleaners<\/strong> blir det d\u00e4remot enkelt. De \u00e4r <strong>superl\u00e4tta, flexibla och mycket absorberande<\/strong>, vilket g\u00f6r att du n\u00e5r in i varje liten vr\u00e5 av din pipa eller rigg. Resultatet? En fr\u00e4schare och j\u00e4mnare r\u00f6kupplevelse varje g\u00e5ng.<\/p>\n<ul>\n<li>Varum\u00e4rke: RAW<\/li>\n<li>Material: Oblekt hampa med j\u00e4rntr\u00e5dsk\u00e4rna<\/li>\n<li>Antal per bunt: 24 reng\u00f6ringspinnar<\/li>\n<li>Typ: Mjuka och borstade varianter<\/li>\n<\/ul>","protected":false},"featured_media":278602,"comment_status":"closed","ping_status":"closed","template":"","meta":{"site-sidebar-layout":"default","site-content-layout":"","ast-site-content-layout":"default","site-content-style":"default","site-sidebar-style":"default","ast-global-header-display":"","ast-banner-title-visibility":"","ast-main-header-display":"","ast-hfb-above-header-display":"","ast-hfb-below-header-display":"","ast-hfb-mobile-header-display":"","site-post-title":"","ast-breadcrumbs-content":"","ast-featured-img":"","footer-sml-layout":"","ast-disable-related-posts":"","theme-transparent-header-meta":"default","adv-header-id-meta":"","stick-header-meta":"default","header-above-stick-meta":"","header-main-stick-meta":"","header-below-stick-meta":"","astra-migrate-meta-layouts":"set","ast-page-background-enabled":"default","ast-page-background-meta":{"desktop":{"background-color":"var(--ast-global-color-4)","background-image":"","background-repeat":"repeat","background-position":"center center","background-size":"auto","background-attachment":"scroll","background-type":"","background-media":"","overlay-type":"","overlay-color":"","overlay-opacity":"","overlay-gradient":""},"tablet":{"background-color":"","background-image":"","background-repeat":"repeat","background-position":"center center","background-size":"auto","background-attachment":"scroll","background-type":"","background-media":"","overlay-type":"","overlay-color":"","overlay-opacity":"","overlay-gradient":""},"mobile":{"background-color":"","background-image":"","background-repeat":"repeat","background-position":"center center","background-size":"auto","background-attachment":"scroll","background-type":"","background-media":"","overlay-type":"","overlay-color":"","overlay-opacity":"","overlay-gradient":""}},"ast-content-background-meta":{"desktop":{"background-color":"var(--ast-global-color-5)","background-image":"","background-repeat":"repeat","background-position":"center center","background-size":"auto","background-attachment":"scroll","background-type":"","background-media":"","overlay-type":"","overlay-color":"","overlay-opacity":"","overlay-gradient":""},"tablet":{"background-color":"var(--ast-global-color-5)","background-image":"","background-repeat":"repeat","background-position":"center center","background-size":"auto","background-attachment":"scroll","background-type":"","background-media":"","overlay-type":"","overlay-color":"","overlay-opacity":"","overlay-gradient":""},"mobile":{"background-color":"var(--ast-global-color-5)","background-image":"","background-repeat":"repeat","background-position":"center center","background-size":"auto","background-attachment":"scroll","background-type":"","background-media":"","overlay-type":"","overlay-color":"","overlay-opacity":"","overlay-gradient":""}}},"product_brand":[764],"product_cat":[394,323,284],"product_tag":[],"superdeal":[],"product_variant_id":[],"class_list":{"0":"post-278597","1":"product","2":"type-product","3":"status-publish","4":"has-post-thumbnail","6":"product_brand-raw","7":"product_cat-ovrigt","8":"product_cat-pipor-roktillbehor","9":"product_cat-roktillbehor","10":"desktop-align-center","11":"tablet-align-left","12":"mobile-align-left","13":"ast-product-gallery-layout-horizontal-slider","14":"ast-magnify-disabled","15":"ast-product-tabs-layout-horizontal","17":"first","18":"instock","19":"taxable","20":"shipping-taxable","21":"purchasable","22":"product-type-simple"},"yoast_head":"<!-- This site is optimized with the Yoast SEO Premium plugin v26.9 (Yoast SEO v26.9) - https:\/\/yoast.com\/product\/yoast-seo-premium-wordpress\/ -->\n<title>RAW Oblekta Hampapiprensare<\/title>\n<meta name=\"description\" content=\"RAW Oblekta Hampapiprensare \u2013 H\u00f6gkvalitativa reng\u00f6ringspinnar, det perfekta tillbeh\u00f6ret f\u00f6r dig som vill ha en ren och fr\u00e4sch pipa utan kr\u00e5ngel.\" \/>\n<meta name=\"robots\" content=\"noindex, follow, max-snippet:-1, max-image-preview:large, max-video-preview:-1\" \/>\n<meta property=\"og:locale\" content=\"da_DK\" \/>\n<meta property=\"og:type\" content=\"article\" \/>\n<meta property=\"og:title\" content=\"RAW Oblekta Hampapiprensare\" \/>\n<meta property=\"og:description\" content=\"RAW Oblekta Hampapiprensare \u2013 H\u00f6gkvalitativa reng\u00f6ringspinnar, det perfekta tillbeh\u00f6ret f\u00f6r dig som vill ha en ren och fr\u00e4sch pipa utan kr\u00e5ngel.\" \/>\n<meta property=\"og:url\" content=\"https:\/\/www.swizzle.se\/produkt\/raw-oblekta-hampapiprensare\/\" \/>\n<meta property=\"og:site_name\" content=\"Swizzle\" \/>\n<meta property=\"article:modified_time\" content=\"2026-02-04T13:55:21+00:00\" \/>\n<meta property=\"og:image\" content=\"https:\/\/www.swizzle.se\/wp-content\/uploads\/2025\/11\/raw-pipe-cleaner.webp\" \/>\n\t<meta property=\"og:image:width\" content=\"600\" \/>\n\t<meta property=\"og:image:height\" content=\"600\" \/>\n\t<meta property=\"og:image:type\" content=\"image\/webp\" \/>\n<meta name=\"twitter:card\" content=\"summary_large_image\" \/>\n<meta name=\"twitter:label1\" content=\"Pris\" \/>\n\t<meta name=\"twitter:data1\" content=\"25.00&nbsp;&#107;&#114;\" \/>\n\t<meta name=\"twitter:label2\" content=\"Tilg\u00e6ngelighed\" \/>\n\t<meta name=\"twitter:data2\" content=\"P\u00e5 lager\" \/>\n<script type=\"application\/ld+json\" class=\"yoast-schema-graph\">{\"@context\":\"https:\/\/schema.org\",\"@graph\":[{\"@type\":\"WebPage\",\"@id\":\"https:\/\/www.swizzle.se\/produkt\/raw-oblekta-hampapiprensare\/\",\"url\":\"https:\/\/www.swizzle.se\/produkt\/raw-oblekta-hampapiprensare\/\",\"name\":\"RAW Oblekta Hampapiprensare\",\"isPartOf\":{\"@id\":\"https:\/\/staging.swizzle.se\/#website\"},\"primaryImageOfPage\":{\"@id\":\"https:\/\/www.swizzle.se\/produkt\/raw-oblekta-hampapiprensare\/#primaryimage\"},\"image\":{\"@id\":\"https:\/\/www.swizzle.se\/produkt\/raw-oblekta-hampapiprensare\/#primaryimage\"},\"thumbnailUrl\":\"https:\/\/staging.swizzle.se\/wp-content\/uploads\/2025\/11\/raw-pipe-cleaner.webp\",\"datePublished\":\"2025-11-13T12:07:35+00:00\",\"dateModified\":\"2026-02-04T13:55:21+00:00\",\"description\":\"RAW Oblekta Hampapiprensare \u2013 H\u00f6gkvalitativa reng\u00f6ringspinnar, det perfekta tillbeh\u00f6ret f\u00f6r dig som vill ha en ren och fr\u00e4sch pipa utan kr\u00e5ngel.\",\"breadcrumb\":{\"@id\":\"https:\/\/www.swizzle.se\/produkt\/raw-oblekta-hampapiprensare\/#breadcrumb\"},\"inLanguage\":\"da-DK\",\"potentialAction\":[{\"@type\":\"ReadAction\",\"target\":[\"https:\/\/www.swizzle.se\/produkt\/raw-oblekta-hampapiprensare\/\"]}]},{\"@type\":\"ImageObject\",\"inLanguage\":\"da-DK\",\"@id\":\"https:\/\/www.swizzle.se\/produkt\/raw-oblekta-hampapiprensare\/#primaryimage\",\"url\":\"https:\/\/staging.swizzle.se\/wp-content\/uploads\/2025\/11\/raw-pipe-cleaner.webp\",\"contentUrl\":\"https:\/\/staging.swizzle.se\/wp-content\/uploads\/2025\/11\/raw-pipe-cleaner.webp\",\"width\":600,\"height\":600,\"caption\":\"pipe cleaner effektiv reng\u00f6ring\"},{\"@type\":\"BreadcrumbList\",\"@id\":\"https:\/\/www.swizzle.se\/produkt\/raw-oblekta-hampapiprensare\/#breadcrumb\",\"itemListElement\":[{\"@type\":\"ListItem\",\"position\":1,\"name\":\"Home\",\"item\":\"https:\/\/www.swizzle.se\/\"},{\"@type\":\"ListItem\",\"position\":2,\"name\":\"Shop\",\"item\":\"https:\/\/www.swizzle.se\/shop\/\"},{\"@type\":\"ListItem\",\"position\":3,\"name\":\"R\u00d6KTILLBEH\u00d6R\",\"item\":\"https:\/\/www.swizzle.se\/produkt-kategori\/roktillbehor\/\"},{\"@type\":\"ListItem\",\"position\":4,\"name\":\"RAW Oblekta Hampapiprensare\"}]},{\"@type\":\"WebSite\",\"@id\":\"https:\/\/staging.swizzle.se\/#website\",\"url\":\"https:\/\/staging.swizzle.se\/\",\"name\":\"Swizzle\",\"description\":\"Nikotin CBD Vapes Snus White Portion\",\"publisher\":{\"@id\":\"https:\/\/staging.swizzle.se\/#organization\"},\"potentialAction\":[{\"@type\":\"SearchAction\",\"target\":{\"@type\":\"EntryPoint\",\"urlTemplate\":\"https:\/\/staging.swizzle.se\/?s={search_term_string}\"},\"query-input\":{\"@type\":\"PropertyValueSpecification\",\"valueRequired\":true,\"valueName\":\"search_term_string\"}}],\"inLanguage\":\"da-DK\"},{\"@type\":\"Organization\",\"@id\":\"https:\/\/staging.swizzle.se\/#organization\",\"name\":\"Swizzle\",\"url\":\"https:\/\/staging.swizzle.se\/\",\"logo\":{\"@type\":\"ImageObject\",\"inLanguage\":\"da-DK\",\"@id\":\"https:\/\/staging.swizzle.se\/#\/schema\/logo\/image\/\",\"url\":\"https:\/\/staging.swizzle.se\/wp-content\/uploads\/2025\/10\/cropped-SWIZZLE.-4.png\",\"contentUrl\":\"https:\/\/staging.swizzle.se\/wp-content\/uploads\/2025\/10\/cropped-SWIZZLE.-4.png\",\"width\":800,\"height\":267,\"caption\":\"Swizzle\"},\"image\":{\"@id\":\"https:\/\/staging.swizzle.se\/#\/schema\/logo\/image\/\"},\"hasMerchantReturnPolicy\":{\"@type\":\"MerchantReturnPolicy\",\"merchantReturnLink\":\"https:\/\/staging.swizzle.se\/dk\/villkor\/\"}}]}<\/script>\n<meta property=\"product:price:amount\" content=\"25.00\" \/>\n<meta property=\"product:price:currency\" content=\"SEK\" \/>\n<meta property=\"og:availability\" content=\"instock\" \/>\n<meta property=\"product:availability\" content=\"instock\" \/>\n<meta property=\"product:retailer_item_id\" content=\"41163\" \/>\n<meta property=\"product:condition\" content=\"new\" \/>\n<!-- \/ Yoast SEO Premium plugin. -->","yoast_head_json":{"title":"RAW Oblekta Hampapiprensare","description":"RAW Oblekta Hampapiprensare \u2013 H\u00f6gkvalitativa reng\u00f6ringspinnar, det perfekta tillbeh\u00f6ret f\u00f6r dig som vill ha en ren och fr\u00e4sch pipa utan kr\u00e5ngel.","robots":{"index":"noindex","follow":"follow","max-snippet":"max-snippet:-1","max-image-preview":"max-image-preview:large","max-video-preview":"max-video-preview:-1"},"og_locale":"da_DK","og_type":"article","og_title":"RAW Oblekta Hampapiprensare","og_description":"RAW Oblekta Hampapiprensare \u2013 H\u00f6gkvalitativa reng\u00f6ringspinnar, det perfekta tillbeh\u00f6ret f\u00f6r dig som vill ha en ren och fr\u00e4sch pipa utan kr\u00e5ngel.","og_url":"https:\/\/www.swizzle.se\/produkt\/raw-oblekta-hampapiprensare\/","og_site_name":"Swizzle","article_modified_time":"2026-02-04T13:55:21+00:00","og_image":[{"width":600,"height":600,"url":"https:\/\/www.swizzle.se\/wp-content\/uploads\/2025\/11\/raw-pipe-cleaner.webp","type":"image\/webp"}],"twitter_card":"summary_large_image","twitter_misc":{"Pris":"25.00&nbsp;&#107;&#114;","Tilg\u00e6ngelighed":"P\u00e5 lager"},"schema":{"@context":"https:\/\/schema.org","@graph":[{"@type":"WebPage","@id":"https:\/\/www.swizzle.se\/produkt\/raw-oblekta-hampapiprensare\/","url":"https:\/\/www.swizzle.se\/produkt\/raw-oblekta-hampapiprensare\/","name":"RAW Oblekta Hampapiprensare","isPartOf":{"@id":"https:\/\/staging.swizzle.se\/#website"},"primaryImageOfPage":{"@id":"https:\/\/www.swizzle.se\/produkt\/raw-oblekta-hampapiprensare\/#primaryimage"},"image":{"@id":"https:\/\/www.swizzle.se\/produkt\/raw-oblekta-hampapiprensare\/#primaryimage"},"thumbnailUrl":"https:\/\/staging.swizzle.se\/wp-content\/uploads\/2025\/11\/raw-pipe-cleaner.webp","datePublished":"2025-11-13T12:07:35+00:00","dateModified":"2026-02-04T13:55:21+00:00","description":"RAW Oblekta Hampapiprensare \u2013 H\u00f6gkvalitativa reng\u00f6ringspinnar, det perfekta tillbeh\u00f6ret f\u00f6r dig som vill ha en ren och fr\u00e4sch pipa utan kr\u00e5ngel.","breadcrumb":{"@id":"https:\/\/www.swizzle.se\/produkt\/raw-oblekta-hampapiprensare\/#breadcrumb"},"inLanguage":"da-DK","potentialAction":[{"@type":"ReadAction","target":["https:\/\/www.swizzle.se\/produkt\/raw-oblekta-hampapiprensare\/"]}]},{"@type":"ImageObject","inLanguage":"da-DK","@id":"https:\/\/www.swizzle.se\/produkt\/raw-oblekta-hampapiprensare\/#primaryimage","url":"https:\/\/staging.swizzle.se\/wp-content\/uploads\/2025\/11\/raw-pipe-cleaner.webp","contentUrl":"https:\/\/staging.swizzle.se\/wp-content\/uploads\/2025\/11\/raw-pipe-cleaner.webp","width":600,"height":600,"caption":"pipe cleaner effektiv reng\u00f6ring"},{"@type":"BreadcrumbList","@id":"https:\/\/www.swizzle.se\/produkt\/raw-oblekta-hampapiprensare\/#breadcrumb","itemListElement":[{"@type":"ListItem","position":1,"name":"Home","item":"https:\/\/www.swizzle.se\/"},{"@type":"ListItem","position":2,"name":"Shop","item":"https:\/\/www.swizzle.se\/shop\/"},{"@type":"ListItem","position":3,"name":"R\u00d6KTILLBEH\u00d6R","item":"https:\/\/www.swizzle.se\/produkt-kategori\/roktillbehor\/"},{"@type":"ListItem","position":4,"name":"RAW Oblekta Hampapiprensare"}]},{"@type":"WebSite","@id":"https:\/\/staging.swizzle.se\/#website","url":"https:\/\/staging.swizzle.se\/","name":"Swizzle","description":"Nikotin CBD Vapes Snus Hvid Portion","publisher":{"@id":"https:\/\/staging.swizzle.se\/#organization"},"potentialAction":[{"@type":"SearchAction","target":{"@type":"EntryPoint","urlTemplate":"https:\/\/staging.swizzle.se\/?s={search_term_string}"},"query-input":{"@type":"PropertyValueSpecification","valueRequired":true,"valueName":"search_term_string"}}],"inLanguage":"da-DK"},{"@type":"Organization","@id":"https:\/\/staging.swizzle.se\/#organization","name":"Swizzle","url":"https:\/\/staging.swizzle.se\/","logo":{"@type":"ImageObject","inLanguage":"da-DK","@id":"https:\/\/staging.swizzle.se\/#\/schema\/logo\/image\/","url":"https:\/\/staging.swizzle.se\/wp-content\/uploads\/2025\/10\/cropped-SWIZZLE.-4.png","contentUrl":"https:\/\/staging.swizzle.se\/wp-content\/uploads\/2025\/10\/cropped-SWIZZLE.-4.png","width":800,"height":267,"caption":"Swizzle"},"image":{"@id":"https:\/\/staging.swizzle.se\/#\/schema\/logo\/image\/"},"hasMerchantReturnPolicy":{"@type":"MerchantReturnPolicy","merchantReturnLink":"https:\/\/staging.swizzle.se\/dk\/villkor\/"}}]},"product_price_amount":"25.00","product_price_currency":"SEK","og_availability":"instock","product_availability":"instock","product_retailer_item_id":"41163","product_condition":"new"},"tiered_pricing_type":"fixed","tiered_pricing_fixed_rules":[],"tiered_pricing_product_settings":{"layout":"default","base_unit_name":{"singular":null,"plural":null},"default_variation":null},"tiered_pricing_minimum_quantity":null,"tiered_pricing_roles_data":[],"tiered_pricing_percentage_rules":[],"tiered_pricing_maximum_quantity":null,"tiered_pricing_quantity_step":null,"_links":{"self":[{"href":"https:\/\/staging.swizzle.se\/dk\/wp-json\/wp\/v2\/product\/278597","targetHints":{"allow":["GET"]}}],"collection":[{"href":"https:\/\/staging.swizzle.se\/dk\/wp-json\/wp\/v2\/product"}],"about":[{"href":"https:\/\/staging.swizzle.se\/dk\/wp-json\/wp\/v2\/types\/product"}],"replies":[{"embeddable":true,"href":"https:\/\/staging.swizzle.se\/dk\/wp-json\/wp\/v2\/comments?post=278597"}],"version-history":[{"count":0,"href":"https:\/\/staging.swizzle.se\/dk\/wp-json\/wp\/v2\/product\/278597\/revisions"}],"wp:featuredmedia":[{"embeddable":true,"href":"https:\/\/staging.swizzle.se\/dk\/wp-json\/wp\/v2\/media\/278602"}],"wp:attachment":[{"href":"https:\/\/staging.swizzle.se\/dk\/wp-json\/wp\/v2\/media?parent=278597"}],"wp:term":[{"taxonomy":"product_brand","embeddable":true,"href":"https:\/\/staging.swizzle.se\/dk\/wp-json\/wp\/v2\/product_brand?post=278597"},{"taxonomy":"product_cat","embeddable":true,"href":"https:\/\/staging.swizzle.se\/dk\/wp-json\/wp\/v2\/product_cat?post=278597"},{"taxonomy":"product_tag","embeddable":true,"href":"https:\/\/staging.swizzle.se\/dk\/wp-json\/wp\/v2\/product_tag?post=278597"},{"taxonomy":"superdeal","embeddable":true,"href":"https:\/\/staging.swizzle.se\/dk\/wp-json\/wp\/v2\/superdeal?post=278597"},{"taxonomy":"product_variant_id","embeddable":true,"href":"https:\/\/staging.swizzle.se\/dk\/wp-json\/wp\/v2\/product_variant_id?post=278597"}],"curies":[{"name":"wp","href":"https:\/\/api.w.org\/{rel}","templated":true}]}}