{"id":278586,"date":"2025-11-13T12:15:00","date_gmt":"2025-11-13T12:15:00","guid":{"rendered":"https:\/\/staging.swizzle.se\/?post_type=product&#038;p=278586"},"modified":"2026-02-04T13:53:31","modified_gmt":"2026-02-04T13:53:31","slug":"skull-glass-silicone-pipe-with-removable-pieces","status":"publish","type":"product","link":"https:\/\/staging.swizzle.se\/dk\/product-2\/skull-glass-silicone-pipe-with-removable-pieces\/","title":{"rendered":"Skull Glass-Silicone Pipe with Removable Pieces"},"content":{"rendered":"<h1 class=\"p1\">Skull Glass-Silicone Pipe with Removable Pieces<\/h1>\n<p>Letar du efter ett <strong>i\u00f6gonfallande tillskott <\/strong>till din\u00a0r\u00f6ktillbeh\u00f6rshylla? V\u00e5r <strong>Skull Glass-Silicone Pipe<\/strong> kombinerar stil, kvalitet och funktion i ett \u2013 perfekt f\u00f6r samlare som uppskattar design.<\/p>\n<p>Varje pipa har en unik d\u00f6dskalle-design som direkt drar blickarna till sig. Tack vare kombinationen av <strong>v\u00e4rmet\u00e5ligt glas<\/strong> och <strong>h\u00e5llbart silikon<\/strong> f\u00e5r du en produkt som \u00e4r b\u00e5de t\u00e5lig och l\u00e4tt att reng\u00f6ra. De avtagbara delarna g\u00f6r det enkelt att underh\u00e5lla pipan f\u00f6r upprepad anv\u00e4ndning.<\/p>\n<p>Med en l\u00e4ngd p\u00e5 <strong style=\"font-size: 16px; font-style: normal;\">11,5 cm<\/strong><span style=\"font-size: 16px;\">\u00a0och en vikt p\u00e5 endast <\/span><strong style=\"font-size: 16px;\">60 g<\/strong><span style=\"font-size: 16px;\">\u00a0\u00e4r den smidig att ta med p\u00e5 resan eller ha hemma.<\/span><\/p>\n<p>Vill du bredda ditt sortiment? Uppt\u00e4ck ocks\u00e5 v\u00e5ra popul\u00e4ra produkter inom <a href=\"https:\/\/staging.swizzle.se\/dk\/product-category\/roktillbehor\/pipor-roktillbehor\/\">pipor<\/a> och andra <a href=\"https:\/\/staging.swizzle.se\/dk\/collections\/r%C3%B6ktillbeh%C3%B6r\/\">r\u00f6ktillbeh\u00f6r<\/a> f\u00f6r fler alternativ som passar dina kunder.<\/p>\n<h3>Produktinformation:<\/h3>\n<ul>\n<li>Material: Glas &amp; Silikon<\/li>\n<li>Design: D\u00f6dskallemotiv<\/li>\n<li>Avtagbara delar \u2013 enkel reng\u00f6ring<\/li>\n<li>Vikt: 60 g<\/li>\n<li>M\u00e5tt: 11,5 cm<\/li>\n<li>Varum\u00e4rke: Urban Crew<\/li>\n<\/ul>\n<hr \/>\n<p><strong>Bem\u00e6rk!<\/strong><br \/>\nDu m\u00e5ste vara minst 18 \u00e5r f\u00f6r att k\u00f6pa denna produkt. Den \u00e4r inte avsedd som l\u00e4kemedel, kosttillskott eller naturprodukt. Vi uppmuntrar inte till konsumtion eller r\u00f6kning av produkten. F\u00f6rvara den utom r\u00e4ckh\u00e5ll f\u00f6r barn. Vi friskriver oss fr\u00e5n hur du som kund anv\u00e4nder v\u00e5ra produkter. Vi s\u00e4ljer dem f\u00f6r samlings- och prydnadssyften.<\/p>","protected":false},"excerpt":{"rendered":"<p><strong>Skull Glass-Silicone Pipe with Removable Pieces<\/strong><\/p>\n<p><strong>Skull Glass-Silicone Pipe<\/strong> kombinerar stil, kvalitet och funktion i ett \u2013 perfekt f\u00f6r samlare som uppskattar design.<\/p>\n<p>Varje pipa har en unik d\u00f6dskalle-design som direkt drar blickarna till sig. Tack vare kombinationen av <strong>v\u00e4rmet\u00e5ligt glas<\/strong> och <strong>h\u00e5llbart silikon<\/strong> f\u00e5r du en produkt som \u00e4r b\u00e5de t\u00e5lig och l\u00e4tt att reng\u00f6ra. De avtagbara delarna g\u00f6r det enkelt att underh\u00e5lla pipan f\u00f6r upprepad anv\u00e4ndning.<\/p>\n<p>Med en l\u00e4ngd p\u00e5 <strong style=\"font-size: 16px; font-style: normal;\">11,5 cm<\/strong><span style=\"font-size: 16px;\">\u00a0och en vikt p\u00e5 endast <\/span><strong style=\"font-size: 16px;\">60 g<\/strong><span style=\"font-size: 16px;\">\u00a0\u00e4r den smidig att ta med p\u00e5 resan eller ha hemma.<\/span><\/p>\n<p>&nbsp;<\/p>","protected":false},"featured_media":278590,"comment_status":"closed","ping_status":"closed","template":"","meta":{"site-sidebar-layout":"default","site-content-layout":"","ast-site-content-layout":"default","site-content-style":"default","site-sidebar-style":"default","ast-global-header-display":"","ast-banner-title-visibility":"","ast-main-header-display":"","ast-hfb-above-header-display":"","ast-hfb-below-header-display":"","ast-hfb-mobile-header-display":"","site-post-title":"","ast-breadcrumbs-content":"","ast-featured-img":"","footer-sml-layout":"","ast-disable-related-posts":"","theme-transparent-header-meta":"default","adv-header-id-meta":"","stick-header-meta":"default","header-above-stick-meta":"","header-main-stick-meta":"","header-below-stick-meta":"","astra-migrate-meta-layouts":"set","ast-page-background-enabled":"default","ast-page-background-meta":{"desktop":{"background-color":"var(--ast-global-color-4)","background-image":"","background-repeat":"repeat","background-position":"center center","background-size":"auto","background-attachment":"scroll","background-type":"","background-media":"","overlay-type":"","overlay-color":"","overlay-opacity":"","overlay-gradient":""},"tablet":{"background-color":"","background-image":"","background-repeat":"repeat","background-position":"center center","background-size":"auto","background-attachment":"scroll","background-type":"","background-media":"","overlay-type":"","overlay-color":"","overlay-opacity":"","overlay-gradient":""},"mobile":{"background-color":"","background-image":"","background-repeat":"repeat","background-position":"center center","background-size":"auto","background-attachment":"scroll","background-type":"","background-media":"","overlay-type":"","overlay-color":"","overlay-opacity":"","overlay-gradient":""}},"ast-content-background-meta":{"desktop":{"background-color":"var(--ast-global-color-5)","background-image":"","background-repeat":"repeat","background-position":"center center","background-size":"auto","background-attachment":"scroll","background-type":"","background-media":"","overlay-type":"","overlay-color":"","overlay-opacity":"","overlay-gradient":""},"tablet":{"background-color":"var(--ast-global-color-5)","background-image":"","background-repeat":"repeat","background-position":"center center","background-size":"auto","background-attachment":"scroll","background-type":"","background-media":"","overlay-type":"","overlay-color":"","overlay-opacity":"","overlay-gradient":""},"mobile":{"background-color":"var(--ast-global-color-5)","background-image":"","background-repeat":"repeat","background-position":"center center","background-size":"auto","background-attachment":"scroll","background-type":"","background-media":"","overlay-type":"","overlay-color":"","overlay-opacity":"","overlay-gradient":""}}},"product_brand":[769],"product_cat":[460,284],"product_tag":[],"superdeal":[],"product_variant_id":[],"class_list":{"0":"post-278586","1":"product","2":"type-product","3":"status-publish","4":"has-post-thumbnail","6":"product_brand-urban-crew","7":"product_cat-bongs","8":"product_cat-roktillbehor","9":"desktop-align-center","10":"tablet-align-left","11":"mobile-align-left","12":"ast-product-gallery-layout-horizontal-slider","13":"ast-magnify-disabled","14":"ast-product-tabs-layout-horizontal","16":"first","17":"instock","18":"taxable","19":"shipping-taxable","20":"purchasable","21":"product-type-simple"},"yoast_head":"<!-- This site is optimized with the Yoast SEO Premium plugin v26.9 (Yoast SEO v26.9) - https:\/\/yoast.com\/product\/yoast-seo-premium-wordpress\/ -->\n<title>Skull Glass-Silicone Pipe with Removable Pieces<\/title>\n<meta name=\"description\" content=\"Skull Glass-Silicone Pipe with Removable Pieces kombinerar stil, kvalitet och funktion i ett \u2013 perfekt f\u00f6r samlare som uppskattar design.\" \/>\n<meta name=\"robots\" content=\"noindex, follow, max-snippet:-1, max-image-preview:large, max-video-preview:-1\" \/>\n<meta property=\"og:locale\" content=\"da_DK\" \/>\n<meta property=\"og:type\" content=\"article\" \/>\n<meta property=\"og:title\" content=\"Skull Glass-Silicone Pipe with Removable Pieces\" \/>\n<meta property=\"og:description\" content=\"Skull Glass-Silicone Pipe with Removable Pieces kombinerar stil, kvalitet och funktion i ett \u2013 perfekt f\u00f6r samlare som uppskattar design.\" \/>\n<meta property=\"og:url\" content=\"https:\/\/www.swizzle.se\/produkt\/skull-glass-silicone-pipe-with-removable-pieces\/\" \/>\n<meta property=\"og:site_name\" content=\"Swizzle\" \/>\n<meta property=\"article:modified_time\" content=\"2026-02-04T13:53:31+00:00\" \/>\n<meta property=\"og:image\" content=\"https:\/\/www.swizzle.se\/wp-content\/uploads\/2025\/11\/wholesale-skull-glass-silicone-pipes-removable-pieces-6pcs-display-1.jpg\" \/>\n\t<meta property=\"og:image:width\" content=\"1000\" \/>\n\t<meta property=\"og:image:height\" content=\"1000\" \/>\n\t<meta property=\"og:image:type\" content=\"image\/jpeg\" \/>\n<meta name=\"twitter:card\" content=\"summary_large_image\" \/>\n<meta name=\"twitter:label1\" content=\"Pris\" \/>\n\t<meta name=\"twitter:data1\" content=\"270.00&nbsp;&#107;&#114;\" \/>\n\t<meta name=\"twitter:label2\" content=\"Tilg\u00e6ngelighed\" \/>\n\t<meta name=\"twitter:data2\" content=\"P\u00e5 lager\" \/>\n<script type=\"application\/ld+json\" class=\"yoast-schema-graph\">{\"@context\":\"https:\/\/schema.org\",\"@graph\":[{\"@type\":\"WebPage\",\"@id\":\"https:\/\/www.swizzle.se\/produkt\/skull-glass-silicone-pipe-with-removable-pieces\/\",\"url\":\"https:\/\/www.swizzle.se\/produkt\/skull-glass-silicone-pipe-with-removable-pieces\/\",\"name\":\"Skull Glass-Silicone Pipe with Removable Pieces\",\"isPartOf\":{\"@id\":\"https:\/\/staging.swizzle.se\/#website\"},\"primaryImageOfPage\":{\"@id\":\"https:\/\/www.swizzle.se\/produkt\/skull-glass-silicone-pipe-with-removable-pieces\/#primaryimage\"},\"image\":{\"@id\":\"https:\/\/www.swizzle.se\/produkt\/skull-glass-silicone-pipe-with-removable-pieces\/#primaryimage\"},\"thumbnailUrl\":\"https:\/\/staging.swizzle.se\/wp-content\/uploads\/2025\/11\/wholesale-skull-glass-silicone-pipes-removable-pieces-6pcs-display-1.jpg\",\"datePublished\":\"2025-11-13T12:15:00+00:00\",\"dateModified\":\"2026-02-04T13:53:31+00:00\",\"description\":\"Skull Glass-Silicone Pipe with Removable Pieces kombinerar stil, kvalitet och funktion i ett \u2013 perfekt f\u00f6r samlare som uppskattar design.\",\"breadcrumb\":{\"@id\":\"https:\/\/www.swizzle.se\/produkt\/skull-glass-silicone-pipe-with-removable-pieces\/#breadcrumb\"},\"inLanguage\":\"da-DK\",\"potentialAction\":[{\"@type\":\"ReadAction\",\"target\":[\"https:\/\/www.swizzle.se\/produkt\/skull-glass-silicone-pipe-with-removable-pieces\/\"]}]},{\"@type\":\"ImageObject\",\"inLanguage\":\"da-DK\",\"@id\":\"https:\/\/www.swizzle.se\/produkt\/skull-glass-silicone-pipe-with-removable-pieces\/#primaryimage\",\"url\":\"https:\/\/staging.swizzle.se\/wp-content\/uploads\/2025\/11\/wholesale-skull-glass-silicone-pipes-removable-pieces-6pcs-display-1.jpg\",\"contentUrl\":\"https:\/\/staging.swizzle.se\/wp-content\/uploads\/2025\/11\/wholesale-skull-glass-silicone-pipes-removable-pieces-6pcs-display-1.jpg\",\"width\":1000,\"height\":1000,\"caption\":\"glas pipa med d\u00f6skalle-motiv\"},{\"@type\":\"BreadcrumbList\",\"@id\":\"https:\/\/www.swizzle.se\/produkt\/skull-glass-silicone-pipe-with-removable-pieces\/#breadcrumb\",\"itemListElement\":[{\"@type\":\"ListItem\",\"position\":1,\"name\":\"Home\",\"item\":\"https:\/\/www.swizzle.se\/\"},{\"@type\":\"ListItem\",\"position\":2,\"name\":\"Shop\",\"item\":\"https:\/\/www.swizzle.se\/shop\/\"},{\"@type\":\"ListItem\",\"position\":3,\"name\":\"R\u00d6KTILLBEH\u00d6R\",\"item\":\"https:\/\/www.swizzle.se\/produkt-kategori\/roktillbehor\/\"},{\"@type\":\"ListItem\",\"position\":4,\"name\":\"Skull Glass-Silicone Pipe with Removable Pieces\"}]},{\"@type\":\"WebSite\",\"@id\":\"https:\/\/staging.swizzle.se\/#website\",\"url\":\"https:\/\/staging.swizzle.se\/\",\"name\":\"Swizzle\",\"description\":\"Nikotin CBD Vapes Snus White Portion\",\"publisher\":{\"@id\":\"https:\/\/staging.swizzle.se\/#organization\"},\"potentialAction\":[{\"@type\":\"SearchAction\",\"target\":{\"@type\":\"EntryPoint\",\"urlTemplate\":\"https:\/\/staging.swizzle.se\/?s={search_term_string}\"},\"query-input\":{\"@type\":\"PropertyValueSpecification\",\"valueRequired\":true,\"valueName\":\"search_term_string\"}}],\"inLanguage\":\"da-DK\"},{\"@type\":\"Organization\",\"@id\":\"https:\/\/staging.swizzle.se\/#organization\",\"name\":\"Swizzle\",\"url\":\"https:\/\/staging.swizzle.se\/\",\"logo\":{\"@type\":\"ImageObject\",\"inLanguage\":\"da-DK\",\"@id\":\"https:\/\/staging.swizzle.se\/#\/schema\/logo\/image\/\",\"url\":\"https:\/\/staging.swizzle.se\/wp-content\/uploads\/2025\/10\/cropped-SWIZZLE.-4.png\",\"contentUrl\":\"https:\/\/staging.swizzle.se\/wp-content\/uploads\/2025\/10\/cropped-SWIZZLE.-4.png\",\"width\":800,\"height\":267,\"caption\":\"Swizzle\"},\"image\":{\"@id\":\"https:\/\/staging.swizzle.se\/#\/schema\/logo\/image\/\"},\"hasMerchantReturnPolicy\":{\"@type\":\"MerchantReturnPolicy\",\"merchantReturnLink\":\"https:\/\/staging.swizzle.se\/dk\/villkor\/\"}}]}<\/script>\n<meta property=\"product:price:amount\" content=\"270.00\" \/>\n<meta property=\"product:price:currency\" content=\"SEK\" \/>\n<meta property=\"og:availability\" content=\"instock\" \/>\n<meta property=\"product:availability\" content=\"instock\" \/>\n<meta property=\"product:retailer_item_id\" content=\"66714\" \/>\n<meta property=\"product:condition\" content=\"new\" \/>\n<!-- \/ Yoast SEO Premium plugin. -->","yoast_head_json":{"title":"Skull Glass-Silicone Pipe with Removable Pieces","description":"Skull Glass-Silicone Pipe with Removable Pieces kombinerar stil, kvalitet och funktion i ett \u2013 perfekt f\u00f6r samlare som uppskattar design.","robots":{"index":"noindex","follow":"follow","max-snippet":"max-snippet:-1","max-image-preview":"max-image-preview:large","max-video-preview":"max-video-preview:-1"},"og_locale":"da_DK","og_type":"article","og_title":"Skull Glass-Silicone Pipe with Removable Pieces","og_description":"Skull Glass-Silicone Pipe with Removable Pieces kombinerar stil, kvalitet och funktion i ett \u2013 perfekt f\u00f6r samlare som uppskattar design.","og_url":"https:\/\/www.swizzle.se\/produkt\/skull-glass-silicone-pipe-with-removable-pieces\/","og_site_name":"Swizzle","article_modified_time":"2026-02-04T13:53:31+00:00","og_image":[{"width":1000,"height":1000,"url":"https:\/\/www.swizzle.se\/wp-content\/uploads\/2025\/11\/wholesale-skull-glass-silicone-pipes-removable-pieces-6pcs-display-1.jpg","type":"image\/jpeg"}],"twitter_card":"summary_large_image","twitter_misc":{"Pris":"270.00&nbsp;&#107;&#114;","Tilg\u00e6ngelighed":"P\u00e5 lager"},"schema":{"@context":"https:\/\/schema.org","@graph":[{"@type":"WebPage","@id":"https:\/\/www.swizzle.se\/produkt\/skull-glass-silicone-pipe-with-removable-pieces\/","url":"https:\/\/www.swizzle.se\/produkt\/skull-glass-silicone-pipe-with-removable-pieces\/","name":"Skull Glass-Silicone Pipe with Removable Pieces","isPartOf":{"@id":"https:\/\/staging.swizzle.se\/#website"},"primaryImageOfPage":{"@id":"https:\/\/www.swizzle.se\/produkt\/skull-glass-silicone-pipe-with-removable-pieces\/#primaryimage"},"image":{"@id":"https:\/\/www.swizzle.se\/produkt\/skull-glass-silicone-pipe-with-removable-pieces\/#primaryimage"},"thumbnailUrl":"https:\/\/staging.swizzle.se\/wp-content\/uploads\/2025\/11\/wholesale-skull-glass-silicone-pipes-removable-pieces-6pcs-display-1.jpg","datePublished":"2025-11-13T12:15:00+00:00","dateModified":"2026-02-04T13:53:31+00:00","description":"Skull Glass-Silicone Pipe with Removable Pieces kombinerar stil, kvalitet och funktion i ett \u2013 perfekt f\u00f6r samlare som uppskattar design.","breadcrumb":{"@id":"https:\/\/www.swizzle.se\/produkt\/skull-glass-silicone-pipe-with-removable-pieces\/#breadcrumb"},"inLanguage":"da-DK","potentialAction":[{"@type":"ReadAction","target":["https:\/\/www.swizzle.se\/produkt\/skull-glass-silicone-pipe-with-removable-pieces\/"]}]},{"@type":"ImageObject","inLanguage":"da-DK","@id":"https:\/\/www.swizzle.se\/produkt\/skull-glass-silicone-pipe-with-removable-pieces\/#primaryimage","url":"https:\/\/staging.swizzle.se\/wp-content\/uploads\/2025\/11\/wholesale-skull-glass-silicone-pipes-removable-pieces-6pcs-display-1.jpg","contentUrl":"https:\/\/staging.swizzle.se\/wp-content\/uploads\/2025\/11\/wholesale-skull-glass-silicone-pipes-removable-pieces-6pcs-display-1.jpg","width":1000,"height":1000,"caption":"glas pipa med d\u00f6skalle-motiv"},{"@type":"BreadcrumbList","@id":"https:\/\/www.swizzle.se\/produkt\/skull-glass-silicone-pipe-with-removable-pieces\/#breadcrumb","itemListElement":[{"@type":"ListItem","position":1,"name":"Home","item":"https:\/\/www.swizzle.se\/"},{"@type":"ListItem","position":2,"name":"Shop","item":"https:\/\/www.swizzle.se\/shop\/"},{"@type":"ListItem","position":3,"name":"R\u00d6KTILLBEH\u00d6R","item":"https:\/\/www.swizzle.se\/produkt-kategori\/roktillbehor\/"},{"@type":"ListItem","position":4,"name":"Skull Glass-Silicone Pipe with Removable Pieces"}]},{"@type":"WebSite","@id":"https:\/\/staging.swizzle.se\/#website","url":"https:\/\/staging.swizzle.se\/","name":"Swizzle","description":"Nikotin CBD Vapes Snus Hvid Portion","publisher":{"@id":"https:\/\/staging.swizzle.se\/#organization"},"potentialAction":[{"@type":"SearchAction","target":{"@type":"EntryPoint","urlTemplate":"https:\/\/staging.swizzle.se\/?s={search_term_string}"},"query-input":{"@type":"PropertyValueSpecification","valueRequired":true,"valueName":"search_term_string"}}],"inLanguage":"da-DK"},{"@type":"Organization","@id":"https:\/\/staging.swizzle.se\/#organization","name":"Swizzle","url":"https:\/\/staging.swizzle.se\/","logo":{"@type":"ImageObject","inLanguage":"da-DK","@id":"https:\/\/staging.swizzle.se\/#\/schema\/logo\/image\/","url":"https:\/\/staging.swizzle.se\/wp-content\/uploads\/2025\/10\/cropped-SWIZZLE.-4.png","contentUrl":"https:\/\/staging.swizzle.se\/wp-content\/uploads\/2025\/10\/cropped-SWIZZLE.-4.png","width":800,"height":267,"caption":"Swizzle"},"image":{"@id":"https:\/\/staging.swizzle.se\/#\/schema\/logo\/image\/"},"hasMerchantReturnPolicy":{"@type":"MerchantReturnPolicy","merchantReturnLink":"https:\/\/staging.swizzle.se\/dk\/villkor\/"}}]},"product_price_amount":"270.00","product_price_currency":"SEK","og_availability":"instock","product_availability":"instock","product_retailer_item_id":"66714","product_condition":"new"},"tiered_pricing_type":"fixed","tiered_pricing_fixed_rules":[],"tiered_pricing_product_settings":{"layout":"default","base_unit_name":{"singular":null,"plural":null},"default_variation":null},"tiered_pricing_minimum_quantity":null,"tiered_pricing_roles_data":[],"tiered_pricing_percentage_rules":[],"tiered_pricing_maximum_quantity":null,"tiered_pricing_quantity_step":null,"_links":{"self":[{"href":"https:\/\/staging.swizzle.se\/dk\/wp-json\/wp\/v2\/product\/278586","targetHints":{"allow":["GET"]}}],"collection":[{"href":"https:\/\/staging.swizzle.se\/dk\/wp-json\/wp\/v2\/product"}],"about":[{"href":"https:\/\/staging.swizzle.se\/dk\/wp-json\/wp\/v2\/types\/product"}],"replies":[{"embeddable":true,"href":"https:\/\/staging.swizzle.se\/dk\/wp-json\/wp\/v2\/comments?post=278586"}],"version-history":[{"count":0,"href":"https:\/\/staging.swizzle.se\/dk\/wp-json\/wp\/v2\/product\/278586\/revisions"}],"wp:featuredmedia":[{"embeddable":true,"href":"https:\/\/staging.swizzle.se\/dk\/wp-json\/wp\/v2\/media\/278590"}],"wp:attachment":[{"href":"https:\/\/staging.swizzle.se\/dk\/wp-json\/wp\/v2\/media?parent=278586"}],"wp:term":[{"taxonomy":"product_brand","embeddable":true,"href":"https:\/\/staging.swizzle.se\/dk\/wp-json\/wp\/v2\/product_brand?post=278586"},{"taxonomy":"product_cat","embeddable":true,"href":"https:\/\/staging.swizzle.se\/dk\/wp-json\/wp\/v2\/product_cat?post=278586"},{"taxonomy":"product_tag","embeddable":true,"href":"https:\/\/staging.swizzle.se\/dk\/wp-json\/wp\/v2\/product_tag?post=278586"},{"taxonomy":"superdeal","embeddable":true,"href":"https:\/\/staging.swizzle.se\/dk\/wp-json\/wp\/v2\/superdeal?post=278586"},{"taxonomy":"product_variant_id","embeddable":true,"href":"https:\/\/staging.swizzle.se\/dk\/wp-json\/wp\/v2\/product_variant_id?post=278586"}],"curies":[{"name":"wp","href":"https:\/\/api.w.org\/{rel}","templated":true}]}}