{"id":278166,"date":"2025-11-06T16:26:45","date_gmt":"2025-11-06T16:26:45","guid":{"rendered":"https:\/\/staging.swizzle.se\/?post_type=product&#038;p=278166"},"modified":"2026-02-04T13:49:40","modified_gmt":"2026-02-04T13:49:40","slug":"xqs-citrus-cooling-slim-strong","status":"publish","type":"product","link":"https:\/\/staging.swizzle.se\/dk\/product-2\/xqs-citrus-cooling-slim-strong\/","title":{"rendered":"XQS Citrus Cooling Slim Strong"},"content":{"rendered":"<section class=\"product-xqs-citrus-cooling\">\n<header>\n<h1>XQS Citrus Cooling Slim Strong \u2013 8 mg<\/h1>\n<p><strong>XQS Citrus Cooling Slim Strong \u2013 8 mg<\/strong> \u00e4r ett vitt snusalternativ i slim-format fr\u00e5n varum\u00e4rket XQS. Produkten erbjuder en tydlig smak av citrus kombinerat med en kylande k\u00e4nsla och levereras med en nikotinhalt p\u00e5 <strong>8 mg per prilla (\u2248 16 mg\/g)<\/strong>, klassificerad som stark styrka.<\/p>\n<\/header>\n<section>\n<h2>Smakprofil och format<\/h2>\n<p>Denna slim-portion k\u00e4nnetecknas av sin friska citrussmak och subtila kylande eftersmak, vilket ger ett livfullt och uppfriskande alternativ inom vit snus-kategorin. Formatet \u00e4r smalt och diskret, vilket g\u00f6r att prillorna passar v\u00e4l under \u00f6verl\u00e4ppen med en bekv\u00e4m passform.<\/p>\n<\/section>\n<section>\n<h2>Egenskaper &amp; teknisk information<\/h2>\n<ul>\n<li><strong>Smak:<\/strong> Citrus med cooling-k\u00e4nsla<\/li>\n<li><strong>Styrka:<\/strong> Stark \u2013 8 mg nikotin per prilla<\/li>\n<li><strong>Nikotin per gram:<\/strong> Cirka 16 mg\/g<\/li>\n<li><strong>Format:<\/strong> Slim (smal portionsprofil)<\/li>\n<li><strong>Type:<\/strong> Vitt snus utan tobak<\/li>\n<li><strong>Prillor per dosa:<\/strong> 20 stycken<\/li>\n<li><strong>Dosans vikt:<\/strong> 10 g (0,5 g per portion)<\/li>\n<\/ul>\n<p>Se ogs\u00e5 her:\u00a0<a href=\"https:\/\/staging.swizzle.se\/dk\/product-2\/zyn-spearmint-slim-s2\/\">ZYN Spearmint Slim S2<\/a><\/p>\n<\/section>\n<section>\n<h2>Varum\u00e4rke och bakgrund<\/h2>\n<p>XQS \u00e4r ett svenskt varum\u00e4rke som fokuserar p\u00e5 nikotinp\u00e5sar och vitt snus med innovativa smakprofiler och olika styrkor. Med produkter designade f\u00f6r smak, variation och modern anv\u00e4ndning har XQS etablerat sig inom segmentet f\u00f6r tobaksfria och tobaksminimerade nikotinprodukter.<\/p>\n<\/section>\n<footer><strong><img decoding=\"async\" class=\"emoji\" role=\"img\" draggable=\"false\" src=\"https:\/\/s.w.org\/images\/core\/emoji\/16.0.1\/svg\/26a0.svg\" alt=\"\u26a0\ufe0f\" \/>\u00a0Denna produkt inneh\u00e5ller nikotin som \u00e4r ett mycket beroendeframkallande \u00e4mne. 18 \u00e5rsgr\u00e4ns.<\/strong><\/footer>\n<\/section>","protected":false},"excerpt":{"rendered":"<p><strong>XQS Citrus Cooling Slim Strong \u2013 8 mg<\/strong> \u00e4r ett vitt snusalternativ i slim-format fr\u00e5n varum\u00e4rket XQS. Produkten erbjuder en tydlig smak av citrus kombinerat med en kylande k\u00e4nsla och levereras med en nikotinhalt p\u00e5 <strong>8 mg per prilla (\u2248 16 mg\/g)<\/strong>, klassificerad som stark styrka.<\/p>\n<ul>\n<li><strong>Smak:<\/strong> Citrus med cooling-k\u00e4nsla<\/li>\n<li><strong>Styrka:<\/strong> Stark \u2013 8 mg nikotin per prilla<\/li>\n<li><strong>Nikotin per gram:<\/strong> Cirka 16 mg\/g<\/li>\n<li><strong>Format:<\/strong> Slim (smal portionsprofil)<\/li>\n<li><strong>Type:<\/strong> Vitt snus utan tobak<\/li>\n<li><strong>Prillor per dosa:<\/strong> 20 stycken<\/li>\n<li><strong>Dosans vikt:<\/strong> 10 g (0,5 g per portion)<\/li>\n<\/ul>\n<p><strong><img decoding=\"async\" class=\"emoji\" role=\"img\" draggable=\"false\" src=\"https:\/\/s.w.org\/images\/core\/emoji\/16.0.1\/svg\/26a0.svg\" alt=\"\u26a0\ufe0f\" \/>\u00a0Denna produkt inneh\u00e5ller nikotin som \u00e4r ett mycket beroendeframkallande \u00e4mne. 18 \u00e5rsgr\u00e4ns.<\/strong><\/p>","protected":false},"featured_media":278168,"comment_status":"open","ping_status":"closed","template":"","meta":{"site-sidebar-layout":"default","site-content-layout":"","ast-site-content-layout":"default","site-content-style":"default","site-sidebar-style":"default","ast-global-header-display":"","ast-banner-title-visibility":"","ast-main-header-display":"","ast-hfb-above-header-display":"","ast-hfb-below-header-display":"","ast-hfb-mobile-header-display":"","site-post-title":"","ast-breadcrumbs-content":"","ast-featured-img":"","footer-sml-layout":"","ast-disable-related-posts":"","theme-transparent-header-meta":"default","adv-header-id-meta":"","stick-header-meta":"default","header-above-stick-meta":"","header-main-stick-meta":"","header-below-stick-meta":"","astra-migrate-meta-layouts":"set","ast-page-background-enabled":"default","ast-page-background-meta":{"desktop":{"background-color":"var(--ast-global-color-4)","background-image":"","background-repeat":"repeat","background-position":"center center","background-size":"auto","background-attachment":"scroll","background-type":"","background-media":"","overlay-type":"","overlay-color":"","overlay-opacity":"","overlay-gradient":""},"tablet":{"background-color":"","background-image":"","background-repeat":"repeat","background-position":"center center","background-size":"auto","background-attachment":"scroll","background-type":"","background-media":"","overlay-type":"","overlay-color":"","overlay-opacity":"","overlay-gradient":""},"mobile":{"background-color":"","background-image":"","background-repeat":"repeat","background-position":"center center","background-size":"auto","background-attachment":"scroll","background-type":"","background-media":"","overlay-type":"","overlay-color":"","overlay-opacity":"","overlay-gradient":""}},"ast-content-background-meta":{"desktop":{"background-color":"var(--ast-global-color-5)","background-image":"","background-repeat":"repeat","background-position":"center center","background-size":"auto","background-attachment":"scroll","background-type":"","background-media":"","overlay-type":"","overlay-color":"","overlay-opacity":"","overlay-gradient":""},"tablet":{"background-color":"var(--ast-global-color-5)","background-image":"","background-repeat":"repeat","background-position":"center center","background-size":"auto","background-attachment":"scroll","background-type":"","background-media":"","overlay-type":"","overlay-color":"","overlay-opacity":"","overlay-gradient":""},"mobile":{"background-color":"var(--ast-global-color-5)","background-image":"","background-repeat":"repeat","background-position":"center center","background-size":"auto","background-attachment":"scroll","background-type":"","background-media":"","overlay-type":"","overlay-color":"","overlay-opacity":"","overlay-gradient":""}}},"product_brand":[774],"product_cat":[357,606],"product_tag":[],"superdeal":[],"product_variant_id":[],"class_list":{"0":"post-278166","1":"product","2":"type-product","3":"status-publish","4":"has-post-thumbnail","6":"product_brand-xqs","7":"product_cat-vitt-snus","8":"product_cat-xqs","9":"desktop-align-center","10":"tablet-align-left","11":"mobile-align-left","12":"ast-product-gallery-layout-horizontal-slider","13":"ast-magnify-disabled","14":"ast-product-tabs-layout-horizontal","16":"first","17":"instock","18":"taxable","19":"shipping-taxable","20":"purchasable","21":"product-type-simple"},"yoast_head":"<!-- This site is optimized with the Yoast SEO Premium plugin v26.9 (Yoast SEO v26.9) - https:\/\/yoast.com\/product\/yoast-seo-premium-wordpress\/ -->\n<title>XQS Citrus Cooling Slim Strong<\/title>\n<meta name=\"description\" content=\"XQS Citrus Cooling Slim Strong. Ett vitt snus i slim-format fr\u00e5n XQS. Produkten erbjuder en tydlig smak av citrus kombinerat med en kylande k\u00e4nsla.\" \/>\n<meta name=\"robots\" content=\"noindex, follow, max-snippet:-1, max-image-preview:large, max-video-preview:-1\" \/>\n<meta property=\"og:locale\" content=\"da_DK\" \/>\n<meta property=\"og:type\" content=\"article\" \/>\n<meta property=\"og:title\" content=\"XQS Citrus Cooling Slim Strong\" \/>\n<meta property=\"og:description\" content=\"XQS Citrus Cooling Slim Strong. Ett vitt snus i slim-format fr\u00e5n XQS. Produkten erbjuder en tydlig smak av citrus kombinerat med en kylande k\u00e4nsla.\" \/>\n<meta property=\"og:url\" content=\"https:\/\/www.swizzle.se\/produkt\/xqs-citrus-cooling-slim-strong\/\" \/>\n<meta property=\"og:site_name\" content=\"Swizzle\" \/>\n<meta property=\"article:modified_time\" content=\"2026-02-04T13:49:40+00:00\" \/>\n<meta property=\"og:image\" content=\"https:\/\/www.swizzle.se\/wp-content\/uploads\/2025\/11\/plytix-677e340fb0ede0e047d17afd-png-1.png\" \/>\n\t<meta property=\"og:image:width\" content=\"555\" \/>\n\t<meta property=\"og:image:height\" content=\"555\" \/>\n\t<meta property=\"og:image:type\" content=\"image\/png\" \/>\n<meta name=\"twitter:card\" content=\"summary_large_image\" \/>\n<meta name=\"twitter:label1\" content=\"Pris\" \/>\n\t<meta name=\"twitter:data1\" content=\"42.00&nbsp;&#107;&#114;\" \/>\n\t<meta name=\"twitter:label2\" content=\"Tilg\u00e6ngelighed\" \/>\n\t<meta name=\"twitter:data2\" content=\"P\u00e5 lager\" \/>\n<script type=\"application\/ld+json\" class=\"yoast-schema-graph\">{\"@context\":\"https:\/\/schema.org\",\"@graph\":[{\"@type\":\"WebPage\",\"@id\":\"https:\/\/www.swizzle.se\/produkt\/xqs-citrus-cooling-slim-strong\/\",\"url\":\"https:\/\/www.swizzle.se\/produkt\/xqs-citrus-cooling-slim-strong\/\",\"name\":\"XQS Citrus Cooling Slim Strong\",\"isPartOf\":{\"@id\":\"https:\/\/staging.swizzle.se\/#website\"},\"primaryImageOfPage\":{\"@id\":\"https:\/\/www.swizzle.se\/produkt\/xqs-citrus-cooling-slim-strong\/#primaryimage\"},\"image\":{\"@id\":\"https:\/\/www.swizzle.se\/produkt\/xqs-citrus-cooling-slim-strong\/#primaryimage\"},\"thumbnailUrl\":\"https:\/\/staging.swizzle.se\/wp-content\/uploads\/2025\/11\/plytix-677e340fb0ede0e047d17afd-png-1.png\",\"datePublished\":\"2025-11-06T16:26:45+00:00\",\"dateModified\":\"2026-02-04T13:49:40+00:00\",\"description\":\"XQS Citrus Cooling Slim Strong. Ett vitt snus i slim-format fr\u00e5n XQS. Produkten erbjuder en tydlig smak av citrus kombinerat med en kylande k\u00e4nsla.\",\"breadcrumb\":{\"@id\":\"https:\/\/www.swizzle.se\/produkt\/xqs-citrus-cooling-slim-strong\/#breadcrumb\"},\"inLanguage\":\"da-DK\",\"potentialAction\":[{\"@type\":\"ReadAction\",\"target\":[\"https:\/\/www.swizzle.se\/produkt\/xqs-citrus-cooling-slim-strong\/\"]}]},{\"@type\":\"ImageObject\",\"inLanguage\":\"da-DK\",\"@id\":\"https:\/\/www.swizzle.se\/produkt\/xqs-citrus-cooling-slim-strong\/#primaryimage\",\"url\":\"https:\/\/staging.swizzle.se\/wp-content\/uploads\/2025\/11\/plytix-677e340fb0ede0e047d17afd-png-1.png\",\"contentUrl\":\"https:\/\/staging.swizzle.se\/wp-content\/uploads\/2025\/11\/plytix-677e340fb0ede0e047d17afd-png-1.png\",\"width\":555,\"height\":555,\"caption\":\"Qxs citrus cooling 8mg\"},{\"@type\":\"BreadcrumbList\",\"@id\":\"https:\/\/www.swizzle.se\/produkt\/xqs-citrus-cooling-slim-strong\/#breadcrumb\",\"itemListElement\":[{\"@type\":\"ListItem\",\"position\":1,\"name\":\"Home\",\"item\":\"https:\/\/www.swizzle.se\/\"},{\"@type\":\"ListItem\",\"position\":2,\"name\":\"Shop\",\"item\":\"https:\/\/www.swizzle.se\/shop\/\"},{\"@type\":\"ListItem\",\"position\":3,\"name\":\"VITT SNUS\",\"item\":\"https:\/\/www.swizzle.se\/produkt-kategori\/vitt-snus\/\"},{\"@type\":\"ListItem\",\"position\":4,\"name\":\"XQS\",\"item\":\"https:\/\/www.swizzle.se\/produkt-kategori\/vitt-snus\/xqs\/\"},{\"@type\":\"ListItem\",\"position\":5,\"name\":\"XQS Citrus Cooling Slim Strong\"}]},{\"@type\":\"WebSite\",\"@id\":\"https:\/\/staging.swizzle.se\/#website\",\"url\":\"https:\/\/staging.swizzle.se\/\",\"name\":\"Swizzle\",\"description\":\"Nikotin CBD Vapes Snus White Portion\",\"publisher\":{\"@id\":\"https:\/\/staging.swizzle.se\/#organization\"},\"potentialAction\":[{\"@type\":\"SearchAction\",\"target\":{\"@type\":\"EntryPoint\",\"urlTemplate\":\"https:\/\/staging.swizzle.se\/?s={search_term_string}\"},\"query-input\":{\"@type\":\"PropertyValueSpecification\",\"valueRequired\":true,\"valueName\":\"search_term_string\"}}],\"inLanguage\":\"da-DK\"},{\"@type\":\"Organization\",\"@id\":\"https:\/\/staging.swizzle.se\/#organization\",\"name\":\"Swizzle\",\"url\":\"https:\/\/staging.swizzle.se\/\",\"logo\":{\"@type\":\"ImageObject\",\"inLanguage\":\"da-DK\",\"@id\":\"https:\/\/staging.swizzle.se\/#\/schema\/logo\/image\/\",\"url\":\"https:\/\/staging.swizzle.se\/wp-content\/uploads\/2025\/10\/cropped-SWIZZLE.-4.png\",\"contentUrl\":\"https:\/\/staging.swizzle.se\/wp-content\/uploads\/2025\/10\/cropped-SWIZZLE.-4.png\",\"width\":800,\"height\":267,\"caption\":\"Swizzle\"},\"image\":{\"@id\":\"https:\/\/staging.swizzle.se\/#\/schema\/logo\/image\/\"},\"hasMerchantReturnPolicy\":{\"@type\":\"MerchantReturnPolicy\",\"merchantReturnLink\":\"https:\/\/staging.swizzle.se\/dk\/villkor\/\"}}]}<\/script>\n<meta property=\"product:price:amount\" content=\"42.00\" \/>\n<meta property=\"product:price:currency\" content=\"SEK\" \/>\n<meta property=\"og:availability\" content=\"instock\" \/>\n<meta property=\"product:availability\" content=\"instock\" \/>\n<meta property=\"product:retailer_item_id\" content=\"xqscc\" \/>\n<meta property=\"product:condition\" content=\"new\" \/>\n<!-- \/ Yoast SEO Premium plugin. -->","yoast_head_json":{"title":"XQS Citrus Cooling Slim Strong","description":"XQS Citrus Cooling Slim Strong. Ett vitt snus i slim-format fr\u00e5n XQS. Produkten erbjuder en tydlig smak av citrus kombinerat med en kylande k\u00e4nsla.","robots":{"index":"noindex","follow":"follow","max-snippet":"max-snippet:-1","max-image-preview":"max-image-preview:large","max-video-preview":"max-video-preview:-1"},"og_locale":"da_DK","og_type":"article","og_title":"XQS Citrus Cooling Slim Strong","og_description":"XQS Citrus Cooling Slim Strong. Ett vitt snus i slim-format fr\u00e5n XQS. Produkten erbjuder en tydlig smak av citrus kombinerat med en kylande k\u00e4nsla.","og_url":"https:\/\/www.swizzle.se\/produkt\/xqs-citrus-cooling-slim-strong\/","og_site_name":"Swizzle","article_modified_time":"2026-02-04T13:49:40+00:00","og_image":[{"width":555,"height":555,"url":"https:\/\/www.swizzle.se\/wp-content\/uploads\/2025\/11\/plytix-677e340fb0ede0e047d17afd-png-1.png","type":"image\/png"}],"twitter_card":"summary_large_image","twitter_misc":{"Pris":"42.00&nbsp;&#107;&#114;","Tilg\u00e6ngelighed":"P\u00e5 lager"},"schema":{"@context":"https:\/\/schema.org","@graph":[{"@type":"WebPage","@id":"https:\/\/www.swizzle.se\/produkt\/xqs-citrus-cooling-slim-strong\/","url":"https:\/\/www.swizzle.se\/produkt\/xqs-citrus-cooling-slim-strong\/","name":"XQS Citrus Cooling Slim Strong","isPartOf":{"@id":"https:\/\/staging.swizzle.se\/#website"},"primaryImageOfPage":{"@id":"https:\/\/www.swizzle.se\/produkt\/xqs-citrus-cooling-slim-strong\/#primaryimage"},"image":{"@id":"https:\/\/www.swizzle.se\/produkt\/xqs-citrus-cooling-slim-strong\/#primaryimage"},"thumbnailUrl":"https:\/\/staging.swizzle.se\/wp-content\/uploads\/2025\/11\/plytix-677e340fb0ede0e047d17afd-png-1.png","datePublished":"2025-11-06T16:26:45+00:00","dateModified":"2026-02-04T13:49:40+00:00","description":"XQS Citrus Cooling Slim Strong. Ett vitt snus i slim-format fr\u00e5n XQS. Produkten erbjuder en tydlig smak av citrus kombinerat med en kylande k\u00e4nsla.","breadcrumb":{"@id":"https:\/\/www.swizzle.se\/produkt\/xqs-citrus-cooling-slim-strong\/#breadcrumb"},"inLanguage":"da-DK","potentialAction":[{"@type":"ReadAction","target":["https:\/\/www.swizzle.se\/produkt\/xqs-citrus-cooling-slim-strong\/"]}]},{"@type":"ImageObject","inLanguage":"da-DK","@id":"https:\/\/www.swizzle.se\/produkt\/xqs-citrus-cooling-slim-strong\/#primaryimage","url":"https:\/\/staging.swizzle.se\/wp-content\/uploads\/2025\/11\/plytix-677e340fb0ede0e047d17afd-png-1.png","contentUrl":"https:\/\/staging.swizzle.se\/wp-content\/uploads\/2025\/11\/plytix-677e340fb0ede0e047d17afd-png-1.png","width":555,"height":555,"caption":"Qxs citrus cooling 8mg"},{"@type":"BreadcrumbList","@id":"https:\/\/www.swizzle.se\/produkt\/xqs-citrus-cooling-slim-strong\/#breadcrumb","itemListElement":[{"@type":"ListItem","position":1,"name":"Home","item":"https:\/\/www.swizzle.se\/"},{"@type":"ListItem","position":2,"name":"Shop","item":"https:\/\/www.swizzle.se\/shop\/"},{"@type":"ListItem","position":3,"name":"VITT SNUS","item":"https:\/\/www.swizzle.se\/produkt-kategori\/vitt-snus\/"},{"@type":"ListItem","position":4,"name":"XQS","item":"https:\/\/www.swizzle.se\/produkt-kategori\/vitt-snus\/xqs\/"},{"@type":"ListItem","position":5,"name":"XQS Citrus Cooling Slim Strong"}]},{"@type":"WebSite","@id":"https:\/\/staging.swizzle.se\/#website","url":"https:\/\/staging.swizzle.se\/","name":"Swizzle","description":"Nikotin CBD Vapes Snus Hvid Portion","publisher":{"@id":"https:\/\/staging.swizzle.se\/#organization"},"potentialAction":[{"@type":"SearchAction","target":{"@type":"EntryPoint","urlTemplate":"https:\/\/staging.swizzle.se\/?s={search_term_string}"},"query-input":{"@type":"PropertyValueSpecification","valueRequired":true,"valueName":"search_term_string"}}],"inLanguage":"da-DK"},{"@type":"Organization","@id":"https:\/\/staging.swizzle.se\/#organization","name":"Swizzle","url":"https:\/\/staging.swizzle.se\/","logo":{"@type":"ImageObject","inLanguage":"da-DK","@id":"https:\/\/staging.swizzle.se\/#\/schema\/logo\/image\/","url":"https:\/\/staging.swizzle.se\/wp-content\/uploads\/2025\/10\/cropped-SWIZZLE.-4.png","contentUrl":"https:\/\/staging.swizzle.se\/wp-content\/uploads\/2025\/10\/cropped-SWIZZLE.-4.png","width":800,"height":267,"caption":"Swizzle"},"image":{"@id":"https:\/\/staging.swizzle.se\/#\/schema\/logo\/image\/"},"hasMerchantReturnPolicy":{"@type":"MerchantReturnPolicy","merchantReturnLink":"https:\/\/staging.swizzle.se\/dk\/villkor\/"}}]},"product_price_amount":"42.00","product_price_currency":"SEK","og_availability":"instock","product_availability":"instock","product_retailer_item_id":"xqscc","product_condition":"new"},"tiered_pricing_type":"fixed","tiered_pricing_fixed_rules":[],"tiered_pricing_product_settings":{"layout":"default","base_unit_name":{"singular":null,"plural":null},"default_variation":null},"tiered_pricing_minimum_quantity":null,"tiered_pricing_roles_data":[],"tiered_pricing_percentage_rules":[],"tiered_pricing_maximum_quantity":null,"tiered_pricing_quantity_step":null,"_links":{"self":[{"href":"https:\/\/staging.swizzle.se\/dk\/wp-json\/wp\/v2\/product\/278166","targetHints":{"allow":["GET"]}}],"collection":[{"href":"https:\/\/staging.swizzle.se\/dk\/wp-json\/wp\/v2\/product"}],"about":[{"href":"https:\/\/staging.swizzle.se\/dk\/wp-json\/wp\/v2\/types\/product"}],"replies":[{"embeddable":true,"href":"https:\/\/staging.swizzle.se\/dk\/wp-json\/wp\/v2\/comments?post=278166"}],"version-history":[{"count":0,"href":"https:\/\/staging.swizzle.se\/dk\/wp-json\/wp\/v2\/product\/278166\/revisions"}],"wp:featuredmedia":[{"embeddable":true,"href":"https:\/\/staging.swizzle.se\/dk\/wp-json\/wp\/v2\/media\/278168"}],"wp:attachment":[{"href":"https:\/\/staging.swizzle.se\/dk\/wp-json\/wp\/v2\/media?parent=278166"}],"wp:term":[{"taxonomy":"product_brand","embeddable":true,"href":"https:\/\/staging.swizzle.se\/dk\/wp-json\/wp\/v2\/product_brand?post=278166"},{"taxonomy":"product_cat","embeddable":true,"href":"https:\/\/staging.swizzle.se\/dk\/wp-json\/wp\/v2\/product_cat?post=278166"},{"taxonomy":"product_tag","embeddable":true,"href":"https:\/\/staging.swizzle.se\/dk\/wp-json\/wp\/v2\/product_tag?post=278166"},{"taxonomy":"superdeal","embeddable":true,"href":"https:\/\/staging.swizzle.se\/dk\/wp-json\/wp\/v2\/superdeal?post=278166"},{"taxonomy":"product_variant_id","embeddable":true,"href":"https:\/\/staging.swizzle.se\/dk\/wp-json\/wp\/v2\/product_variant_id?post=278166"}],"curies":[{"name":"wp","href":"https:\/\/api.w.org\/{rel}","templated":true}]}}