{"id":277192,"date":"2025-10-29T11:07:18","date_gmt":"2025-10-29T11:07:18","guid":{"rendered":"https:\/\/staging.swizzle.se\/?post_type=product&#038;p=277192"},"modified":"2026-02-04T13:55:20","modified_gmt":"2026-02-04T13:55:20","slug":"ice-rock-cbd-80-5g","status":"publish","type":"product","link":"https:\/\/staging.swizzle.se\/dk\/product-2\/ice-rock-cbd-80-5g\/","title":{"rendered":"Ice Rock CBD - 80% - 5g"},"content":{"rendered":"<div class=\"flex-1 overflow-hidden\">\n<div class=\"react-scroll-to-bottom--css-eywed-79elbk h-full\">\n<div class=\"react-scroll-to-bottom--css-eywed-1n7m0yu\">\n<div class=\"flex flex-col pb-9 text-sm\">\n<div class=\"w-full text-token-text-primary\" data-testid=\"conversation-turn-11\">\n<div class=\"px-4 py-2 justify-center text-base md:gap-6 m-auto\">\n<div class=\"flex flex-1 text-base mx-auto gap-3 md:px-5 lg:px-1 xl:px-5 md:max-w-3xl lg:max-w-[40rem] xl:max-w-[48rem] group final-completion\">\n<div class=\"relative flex w-full flex-col agent-turn\">\n<div class=\"flex-col gap-1 md:gap-3\">\n<div class=\"flex flex-grow flex-col max-w-full\">\n<div class=\"min-h-[20px] text-message flex flex-col items-start gap-3 whitespace-pre-wrap break-words [.text-message+&amp;]:mt-5 overflow-x-auto\" data-message-author-role=\"assistant\" data-message-id=\"4be6e3e0-2c70-43f8-93e0-23e235b41f71\">\n<div class=\"markdown prose w-full break-words dark:prose-invert dark\">\n<h3>Ice Rock CBD - 80% - 5g<\/h3>\n<ul>\n<li><strong>Stark CBD-effekt:<\/strong> Med mer \u00e4n 80% CBD \u00e4r det h\u00e4r en produkt f\u00f6r dig som redan vet att du gillar CBD och vill ha n\u00e5got starkare.<\/li>\n<li><strong>Hur vi g\u00f6r det:<\/strong> Vi b\u00f6rjar med en fin CBD-blomma, doppar den i vax och rullar den sedan i renaste formen av CBD. Det blir till slut som en liten sten med kraftig effekt.<\/li>\n<li><strong>Bakgrund:<\/strong> Id\u00e9n kommer fr\u00e5n USA d\u00e4r k\u00e4ndisar inom hiphopscenen b\u00f6rjade med liknande produkter. I Europa har vi gjort v\u00e5r egen version med CBD ist\u00e4llet f\u00f6r THC.<\/li>\n<li><strong>Smaken:<\/strong> En blandning mellan vanlig CBD-blomma och hasch. Det b\u00f6rjar med en stark haschsmak som sedan \u00f6verg\u00e5r till en s\u00f6tare blomsmak.<\/li>\n<\/ul>\n<h3>Vad \u00e4r CBD Buds?<\/h3>\n<p>CBD buds, \u00e4ven k\u00e4nda som CBD-blommor, \u00e4r torkade och kurerade knoppar fr\u00e5n hampav\u00e4xter som har h\u00f6gt inneh\u00e5ll av cannabidiol (CBD). Dessa buds ser ut och luktar liknande som traditionella cannabisblommor men ger inte samma &#8221;high&#8221; effekt. Anv\u00e4ndare av CBD buds rapporterar ofta om en k\u00e4nsla av avslappning och v\u00e4lbefinnande utan de psykoaktiva effekterna.<\/p>\n<h3>Vad \u00e4r Hampa Blunts?<\/h3>\n<p>Hampa blunts \u00e4r rullpapper eller bluntwraps gjorda av hampafibrer. De anv\u00e4nds f\u00f6r att rulla cannabis eller CBD buds till en cigarettliknande form, k\u00e4nd som en blunt. Till skillnad fr\u00e5n traditionella bluntwraps som ofta inneh\u00e5ller tobak, \u00e4r hampa blunts ett icke-psykoaktivt, tobaksfritt alternativ som erbjuder en renare r\u00f6kupplevelse och \u00e4r lagligt i m\u00e5nga omr\u00e5den. Hampa blunts har blivit ett popul\u00e4rt val f\u00f6r dem som f\u00f6redrar de naturliga egenskaperna hos hampa.<\/p>\n<p>Att anv\u00e4nda CBD buds med hampa blunts kan vara ett utm\u00e4rkt s\u00e4tt att uppleva de avslappnande effekterna av CBD p\u00e5 ett naturligt och njutbart s\u00e4tt. Det \u00e4r dock viktigt att komma ih\u00e5g att \u00e4ven om CBD anses vara s\u00e4kert f\u00f6r de flesta, b\u00f6r individer som \u00e4r nya till CBD eller har specifika h\u00e4lsotillst\u00e5nd konsultera en l\u00e4kare innan de b\u00f6rjar med n\u00e5gon form av CBD-produkt.<\/p>\n<\/div>\n<p><strong>Bem\u00e6rk!<\/strong><br \/>\nDu skal v\u00e6re mindst 18 \u00e5r gammel for at k\u00f8be dette produkt. Det er ikke beregnet som medicin, kosttilskud eller naturprodukt. Vi opfordrer ikke til at indtage eller ryge dette produkt. Opbevar det utilg\u00e6ngeligt for b\u00f8rn Vi fraskriver os ethvert ansvar for, hvordan du som kunde bruger vores produkter. Vi s\u00e6lger dem til indsamlings- og prydform\u00e5l.<\/p>\n<\/div>\n<\/div>\n<\/div>\n<\/div>\n<\/div>\n<\/div>\n<\/div>\n<\/div>\n<\/div>\n<\/div>\n<\/div>","protected":false},"excerpt":{"rendered":"<h3>Ice Rock CBD - 80% - 5g<\/h3>\n<p>Sixty8&#8217;s Ice Rock CBD 5 gram \u00e4r n\u00e5got ut\u00f6ver det vanliga f\u00f6r dig som gillar CBD. Denna unika Ice Rock i m\u00e4ngden 2 gram anv\u00e4nds av med v\u00e5ra Blunts eller traditionell OCB. Vi rekommenderar starkt att testa v\u00e5rt senaste tillskott av ICE Rock Buds.<\/p>\n<p><strong>Vad du f\u00e5r:<\/strong><\/p>\n<ul>\n<li><strong>Stark CBD-effekt:<\/strong> Med mer \u00e4n 80% CBD \u00e4r det h\u00e4r en produkt f\u00f6r dig som redan vet att du gillar CBD och vill ha n\u00e5got starkare.<\/li>\n<li><strong>Hur vi g\u00f6r det:<\/strong> Vi b\u00f6rjar med en fin CBD-blomma, doppar den i vax och rullar den sedan i renaste formen av CBD. Det blir till slut som en liten sten med kraftig effekt.<\/li>\n<li><strong>Bakgrund:<\/strong> Id\u00e9n kommer fr\u00e5n USA d\u00e4r k\u00e4ndisar inom hiphopscenen b\u00f6rjade med liknande produkter. I Europa har vi gjort v\u00e5r egen version med CBD ist\u00e4llet f\u00f6r THC.<\/li>\n<li><strong>Smaken:<\/strong> En blandning mellan vanlig CBD-blomma och hasch. Det b\u00f6rjar med en stark haschsmak som sedan \u00f6verg\u00e5r till en s\u00f6tare blomsmak.<\/li>\n<\/ul>\n<div class=\"flex-1 overflow-hidden\">\n<div class=\"react-scroll-to-bottom--css-eywed-79elbk h-full\">\n<div class=\"react-scroll-to-bottom--css-eywed-1n7m0yu\">\n<div class=\"flex flex-col pb-9 text-sm\">\n<div class=\"w-full text-token-text-primary\" data-testid=\"conversation-turn-11\">\n<div class=\"px-4 py-2 justify-center text-base md:gap-6 m-auto\">\n<div class=\"flex flex-1 text-base mx-auto gap-3 md:px-5 lg:px-1 xl:px-5 md:max-w-3xl lg:max-w-[40rem] xl:max-w-[48rem] group final-completion\">\n<div class=\"relative flex w-full flex-col agent-turn\">\n<div class=\"flex-col gap-1 md:gap-3\">\n<div class=\"flex flex-grow flex-col max-w-full\">\n<div class=\"min-h-[20px] text-message flex flex-col items-start gap-3 whitespace-pre-wrap break-words [.text-message+&amp;]:mt-5 overflow-x-auto\" data-message-author-role=\"assistant\" data-message-id=\"4be6e3e0-2c70-43f8-93e0-23e235b41f71\"><\/div>\n<\/div>\n<\/div>\n<\/div>\n<\/div>\n<\/div>\n<\/div>\n<\/div>\n<\/div>\n<\/div>\n<\/div>","protected":false},"featured_media":277194,"comment_status":"open","ping_status":"closed","template":"","meta":{"site-sidebar-layout":"default","site-content-layout":"","ast-site-content-layout":"default","site-content-style":"default","site-sidebar-style":"default","ast-global-header-display":"","ast-banner-title-visibility":"","ast-main-header-display":"","ast-hfb-above-header-display":"","ast-hfb-below-header-display":"","ast-hfb-mobile-header-display":"","site-post-title":"","ast-breadcrumbs-content":"","ast-featured-img":"","footer-sml-layout":"","ast-disable-related-posts":"","theme-transparent-header-meta":"default","adv-header-id-meta":"","stick-header-meta":"default","header-above-stick-meta":"","header-main-stick-meta":"","header-below-stick-meta":"","astra-migrate-meta-layouts":"set","ast-page-background-enabled":"default","ast-page-background-meta":{"desktop":{"background-color":"var(--ast-global-color-4)","background-image":"","background-repeat":"repeat","background-position":"center center","background-size":"auto","background-attachment":"scroll","background-type":"","background-media":"","overlay-type":"","overlay-color":"","overlay-opacity":"","overlay-gradient":""},"tablet":{"background-color":"","background-image":"","background-repeat":"repeat","background-position":"center center","background-size":"auto","background-attachment":"scroll","background-type":"","background-media":"","overlay-type":"","overlay-color":"","overlay-opacity":"","overlay-gradient":""},"mobile":{"background-color":"","background-image":"","background-repeat":"repeat","background-position":"center center","background-size":"auto","background-attachment":"scroll","background-type":"","background-media":"","overlay-type":"","overlay-color":"","overlay-opacity":"","overlay-gradient":""}},"ast-content-background-meta":{"desktop":{"background-color":"var(--ast-global-color-5)","background-image":"","background-repeat":"repeat","background-position":"center center","background-size":"auto","background-attachment":"scroll","background-type":"","background-media":"","overlay-type":"","overlay-color":"","overlay-opacity":"","overlay-gradient":""},"tablet":{"background-color":"var(--ast-global-color-5)","background-image":"","background-repeat":"repeat","background-position":"center center","background-size":"auto","background-attachment":"scroll","background-type":"","background-media":"","overlay-type":"","overlay-color":"","overlay-opacity":"","overlay-gradient":""},"mobile":{"background-color":"var(--ast-global-color-5)","background-image":"","background-repeat":"repeat","background-position":"center center","background-size":"auto","background-attachment":"scroll","background-type":"","background-media":"","overlay-type":"","overlay-color":"","overlay-opacity":"","overlay-gradient":""}}},"product_brand":[765],"product_cat":[333,331],"product_tag":[],"superdeal":[],"product_variant_id":[],"class_list":{"0":"post-277192","1":"product","2":"type-product","3":"status-publish","4":"has-post-thumbnail","6":"product_brand-sixty-8","7":"product_cat-cbd-buds","8":"product_cat-cbd-g-n","9":"desktop-align-center","10":"tablet-align-left","11":"mobile-align-left","12":"ast-product-gallery-layout-horizontal-slider","13":"ast-magnify-disabled","14":"ast-product-tabs-layout-horizontal","16":"first","17":"instock","18":"sale","19":"taxable","20":"shipping-taxable","21":"purchasable","22":"product-type-simple"},"yoast_head":"<!-- This site is optimized with the Yoast SEO Premium plugin v26.9 (Yoast SEO v26.9) - https:\/\/yoast.com\/product\/yoast-seo-premium-wordpress\/ -->\n<title>Ice Rock CBD - 80% - 5g<\/title>\n<meta name=\"description\" content=\"Ice Rock CBD - 80% - 5g. CBD buds, torkade och kurerade knoppar fr\u00e5n hampav\u00e4xter som har h\u00f6gt inneh\u00e5ll av cannabidiol (CBD) - K\u00f6p Ice Rock Sverige\" \/>\n<meta name=\"robots\" content=\"noindex, follow, max-snippet:-1, max-image-preview:large, max-video-preview:-1\" \/>\n<meta property=\"og:locale\" content=\"da_DK\" \/>\n<meta property=\"og:type\" content=\"article\" \/>\n<meta property=\"og:title\" content=\"Ice Rock CBD - 80% - 2g\" \/>\n<meta property=\"og:description\" content=\"Ice Rock CBD - 80% - 2g. CBD buds, torkade och kurerade knoppar fr\u00e5n hampav\u00e4xter som har h\u00f6gt inneh\u00e5ll av cannabidiol (CBD) - K\u00f6p Ice Rock Sverige\" \/>\n<meta property=\"og:url\" content=\"https:\/\/www.swizzle.se\/produkt\/ice-rock-cbd-80-5g\/\" \/>\n<meta property=\"og:site_name\" content=\"Swizzle\" \/>\n<meta property=\"article:modified_time\" content=\"2026-02-04T13:55:20+00:00\" \/>\n<meta property=\"og:image\" content=\"https:\/\/www.swizzle.se\/wp-content\/uploads\/2025\/10\/ice-rock-cbd-1-kopia.jpg\" \/>\n\t<meta property=\"og:image:width\" content=\"800\" \/>\n\t<meta property=\"og:image:height\" content=\"800\" \/>\n\t<meta property=\"og:image:type\" content=\"image\/jpeg\" \/>\n<meta name=\"twitter:card\" content=\"summary_large_image\" \/>\n<meta name=\"twitter:title\" content=\"Ice Rock CBD - 80% - 2g\" \/>\n<meta name=\"twitter:description\" content=\"Ice Rock CBD - 80% - 2g. CBD buds, torkade och kurerade knoppar fr\u00e5n hampav\u00e4xter som har h\u00f6gt inneh\u00e5ll av cannabidiol (CBD) - K\u00f6p Ice Rock Sverige\" \/>\n<meta name=\"twitter:label1\" content=\"Pris\" \/>\n\t<meta name=\"twitter:data1\" content=\"225.00&nbsp;&#107;&#114;\" \/>\n\t<meta name=\"twitter:label2\" content=\"Tilg\u00e6ngelighed\" \/>\n\t<meta name=\"twitter:data2\" content=\"P\u00e5 lager\" \/>\n<script type=\"application\/ld+json\" class=\"yoast-schema-graph\">{\"@context\":\"https:\/\/schema.org\",\"@graph\":[{\"@type\":\"WebPage\",\"@id\":\"https:\/\/www.swizzle.se\/produkt\/ice-rock-cbd-80-5g\/\",\"url\":\"https:\/\/www.swizzle.se\/produkt\/ice-rock-cbd-80-5g\/\",\"name\":\"Ice Rock CBD - 80% - 5g\",\"isPartOf\":{\"@id\":\"https:\/\/staging.swizzle.se\/#website\"},\"primaryImageOfPage\":{\"@id\":\"https:\/\/www.swizzle.se\/produkt\/ice-rock-cbd-80-5g\/#primaryimage\"},\"image\":{\"@id\":\"https:\/\/www.swizzle.se\/produkt\/ice-rock-cbd-80-5g\/#primaryimage\"},\"thumbnailUrl\":\"https:\/\/staging.swizzle.se\/wp-content\/uploads\/2025\/10\/ice-rock-cbd-1-kopia.jpg\",\"datePublished\":\"2025-10-29T11:07:18+00:00\",\"dateModified\":\"2026-02-04T13:55:20+00:00\",\"description\":\"Ice Rock CBD - 80% - 5g. CBD buds, torkade och kurerade knoppar fr\u00e5n hampav\u00e4xter som har h\u00f6gt inneh\u00e5ll av cannabidiol (CBD) - K\u00f6p Ice Rock Sverige\",\"breadcrumb\":{\"@id\":\"https:\/\/www.swizzle.se\/produkt\/ice-rock-cbd-80-5g\/#breadcrumb\"},\"inLanguage\":\"da-DK\",\"potentialAction\":[{\"@type\":\"ReadAction\",\"target\":[\"https:\/\/www.swizzle.se\/produkt\/ice-rock-cbd-80-5g\/\"]}]},{\"@type\":\"ImageObject\",\"inLanguage\":\"da-DK\",\"@id\":\"https:\/\/www.swizzle.se\/produkt\/ice-rock-cbd-80-5g\/#primaryimage\",\"url\":\"https:\/\/staging.swizzle.se\/wp-content\/uploads\/2025\/10\/ice-rock-cbd-1-kopia.jpg\",\"contentUrl\":\"https:\/\/staging.swizzle.se\/wp-content\/uploads\/2025\/10\/ice-rock-cbd-1-kopia.jpg\",\"width\":800,\"height\":800,\"caption\":\"Bild ice rock cbd 5g\"},{\"@type\":\"BreadcrumbList\",\"@id\":\"https:\/\/www.swizzle.se\/produkt\/ice-rock-cbd-80-5g\/#breadcrumb\",\"itemListElement\":[{\"@type\":\"ListItem\",\"position\":1,\"name\":\"Home\",\"item\":\"https:\/\/www.swizzle.se\/\"},{\"@type\":\"ListItem\",\"position\":2,\"name\":\"Shop\",\"item\":\"https:\/\/www.swizzle.se\/shop\/\"},{\"@type\":\"ListItem\",\"position\":3,\"name\":\"CANNABINOIDER\",\"item\":\"https:\/\/www.swizzle.se\/produkt-kategori\/cannabinoider\/\"},{\"@type\":\"ListItem\",\"position\":4,\"name\":\"CBD\/G\/N\",\"item\":\"https:\/\/www.swizzle.se\/produkt-kategori\/cannabinoider\/cbd-g-n\/\"},{\"@type\":\"ListItem\",\"position\":5,\"name\":\"CBD BUDS\",\"item\":\"https:\/\/www.swizzle.se\/produkt-kategori\/cannabinoider\/cbd-g-n\/cbd-buds\/\"},{\"@type\":\"ListItem\",\"position\":6,\"name\":\"Ice Rock CBD &#8211; 80% &#8211; 5g\"}]},{\"@type\":\"WebSite\",\"@id\":\"https:\/\/staging.swizzle.se\/#website\",\"url\":\"https:\/\/staging.swizzle.se\/\",\"name\":\"Swizzle\",\"description\":\"Nikotin CBD Vapes Snus White Portion\",\"publisher\":{\"@id\":\"https:\/\/staging.swizzle.se\/#organization\"},\"potentialAction\":[{\"@type\":\"SearchAction\",\"target\":{\"@type\":\"EntryPoint\",\"urlTemplate\":\"https:\/\/staging.swizzle.se\/?s={search_term_string}\"},\"query-input\":{\"@type\":\"PropertyValueSpecification\",\"valueRequired\":true,\"valueName\":\"search_term_string\"}}],\"inLanguage\":\"da-DK\"},{\"@type\":\"Organization\",\"@id\":\"https:\/\/staging.swizzle.se\/#organization\",\"name\":\"Swizzle\",\"url\":\"https:\/\/staging.swizzle.se\/\",\"logo\":{\"@type\":\"ImageObject\",\"inLanguage\":\"da-DK\",\"@id\":\"https:\/\/staging.swizzle.se\/#\/schema\/logo\/image\/\",\"url\":\"https:\/\/staging.swizzle.se\/wp-content\/uploads\/2025\/10\/cropped-SWIZZLE.-4.png\",\"contentUrl\":\"https:\/\/staging.swizzle.se\/wp-content\/uploads\/2025\/10\/cropped-SWIZZLE.-4.png\",\"width\":800,\"height\":267,\"caption\":\"Swizzle\"},\"image\":{\"@id\":\"https:\/\/staging.swizzle.se\/#\/schema\/logo\/image\/\"},\"hasMerchantReturnPolicy\":{\"@type\":\"MerchantReturnPolicy\",\"merchantReturnLink\":\"https:\/\/staging.swizzle.se\/dk\/villkor\/\"}}]}<\/script>\n<meta property=\"product:price:amount\" content=\"225.00\" \/>\n<meta property=\"product:price:currency\" content=\"SEK\" \/>\n<meta property=\"og:availability\" content=\"instock\" \/>\n<meta property=\"product:availability\" content=\"instock\" \/>\n<meta property=\"product:retailer_item_id\" content=\"field_sku\" \/>\n<meta property=\"product:condition\" content=\"new\" \/>\n<!-- \/ Yoast SEO Premium plugin. -->","yoast_head_json":{"title":"Ice Rock CBD - 80% - 5g","description":"Ice Rock CBD - 80% - 5g. CBD buds, torkade och kurerade knoppar fr\u00e5n hampav\u00e4xter som har h\u00f6gt inneh\u00e5ll av cannabidiol (CBD) - K\u00f6p Ice Rock Sverige","robots":{"index":"noindex","follow":"follow","max-snippet":"max-snippet:-1","max-image-preview":"max-image-preview:large","max-video-preview":"max-video-preview:-1"},"og_locale":"da_DK","og_type":"article","og_title":"Ice Rock CBD - 80% - 2g","og_description":"Ice Rock CBD - 80% - 2g. CBD buds, torkade och kurerade knoppar fr\u00e5n hampav\u00e4xter som har h\u00f6gt inneh\u00e5ll av cannabidiol (CBD) - K\u00f6p Ice Rock Sverige","og_url":"https:\/\/www.swizzle.se\/produkt\/ice-rock-cbd-80-5g\/","og_site_name":"Swizzle","article_modified_time":"2026-02-04T13:55:20+00:00","og_image":[{"width":800,"height":800,"url":"https:\/\/www.swizzle.se\/wp-content\/uploads\/2025\/10\/ice-rock-cbd-1-kopia.jpg","type":"image\/jpeg"}],"twitter_card":"summary_large_image","twitter_title":"Ice Rock CBD - 80% - 2g","twitter_description":"Ice Rock CBD - 80% - 2g. CBD buds, torkade och kurerade knoppar fr\u00e5n hampav\u00e4xter som har h\u00f6gt inneh\u00e5ll av cannabidiol (CBD) - K\u00f6p Ice Rock Sverige","twitter_misc":{"Pris":"225.00&nbsp;&#107;&#114;","Tilg\u00e6ngelighed":"P\u00e5 lager"},"schema":{"@context":"https:\/\/schema.org","@graph":[{"@type":"WebPage","@id":"https:\/\/www.swizzle.se\/produkt\/ice-rock-cbd-80-5g\/","url":"https:\/\/www.swizzle.se\/produkt\/ice-rock-cbd-80-5g\/","name":"Ice Rock CBD - 80% - 5g","isPartOf":{"@id":"https:\/\/staging.swizzle.se\/#website"},"primaryImageOfPage":{"@id":"https:\/\/www.swizzle.se\/produkt\/ice-rock-cbd-80-5g\/#primaryimage"},"image":{"@id":"https:\/\/www.swizzle.se\/produkt\/ice-rock-cbd-80-5g\/#primaryimage"},"thumbnailUrl":"https:\/\/staging.swizzle.se\/wp-content\/uploads\/2025\/10\/ice-rock-cbd-1-kopia.jpg","datePublished":"2025-10-29T11:07:18+00:00","dateModified":"2026-02-04T13:55:20+00:00","description":"Ice Rock CBD - 80% - 5g. CBD buds, torkade och kurerade knoppar fr\u00e5n hampav\u00e4xter som har h\u00f6gt inneh\u00e5ll av cannabidiol (CBD) - K\u00f6p Ice Rock Sverige","breadcrumb":{"@id":"https:\/\/www.swizzle.se\/produkt\/ice-rock-cbd-80-5g\/#breadcrumb"},"inLanguage":"da-DK","potentialAction":[{"@type":"ReadAction","target":["https:\/\/www.swizzle.se\/produkt\/ice-rock-cbd-80-5g\/"]}]},{"@type":"ImageObject","inLanguage":"da-DK","@id":"https:\/\/www.swizzle.se\/produkt\/ice-rock-cbd-80-5g\/#primaryimage","url":"https:\/\/staging.swizzle.se\/wp-content\/uploads\/2025\/10\/ice-rock-cbd-1-kopia.jpg","contentUrl":"https:\/\/staging.swizzle.se\/wp-content\/uploads\/2025\/10\/ice-rock-cbd-1-kopia.jpg","width":800,"height":800,"caption":"Bild ice rock cbd 5g"},{"@type":"BreadcrumbList","@id":"https:\/\/www.swizzle.se\/produkt\/ice-rock-cbd-80-5g\/#breadcrumb","itemListElement":[{"@type":"ListItem","position":1,"name":"Home","item":"https:\/\/www.swizzle.se\/"},{"@type":"ListItem","position":2,"name":"Shop","item":"https:\/\/www.swizzle.se\/shop\/"},{"@type":"ListItem","position":3,"name":"CANNABINOIDER","item":"https:\/\/www.swizzle.se\/produkt-kategori\/cannabinoider\/"},{"@type":"ListItem","position":4,"name":"CBD\/G\/N","item":"https:\/\/www.swizzle.se\/produkt-kategori\/cannabinoider\/cbd-g-n\/"},{"@type":"ListItem","position":5,"name":"CBD BUDS","item":"https:\/\/www.swizzle.se\/produkt-kategori\/cannabinoider\/cbd-g-n\/cbd-buds\/"},{"@type":"ListItem","position":6,"name":"Ice Rock CBD &#8211; 80% &#8211; 5g"}]},{"@type":"WebSite","@id":"https:\/\/staging.swizzle.se\/#website","url":"https:\/\/staging.swizzle.se\/","name":"Swizzle","description":"Nikotin CBD Vapes Snus Hvid Portion","publisher":{"@id":"https:\/\/staging.swizzle.se\/#organization"},"potentialAction":[{"@type":"SearchAction","target":{"@type":"EntryPoint","urlTemplate":"https:\/\/staging.swizzle.se\/?s={search_term_string}"},"query-input":{"@type":"PropertyValueSpecification","valueRequired":true,"valueName":"search_term_string"}}],"inLanguage":"da-DK"},{"@type":"Organization","@id":"https:\/\/staging.swizzle.se\/#organization","name":"Swizzle","url":"https:\/\/staging.swizzle.se\/","logo":{"@type":"ImageObject","inLanguage":"da-DK","@id":"https:\/\/staging.swizzle.se\/#\/schema\/logo\/image\/","url":"https:\/\/staging.swizzle.se\/wp-content\/uploads\/2025\/10\/cropped-SWIZZLE.-4.png","contentUrl":"https:\/\/staging.swizzle.se\/wp-content\/uploads\/2025\/10\/cropped-SWIZZLE.-4.png","width":800,"height":267,"caption":"Swizzle"},"image":{"@id":"https:\/\/staging.swizzle.se\/#\/schema\/logo\/image\/"},"hasMerchantReturnPolicy":{"@type":"MerchantReturnPolicy","merchantReturnLink":"https:\/\/staging.swizzle.se\/dk\/villkor\/"}}]},"product_price_amount":"225.00","product_price_currency":"SEK","og_availability":"instock","product_availability":"instock","product_retailer_item_id":"field_sku","product_condition":"new"},"tiered_pricing_type":"fixed","tiered_pricing_fixed_rules":[],"tiered_pricing_product_settings":{"layout":"default","base_unit_name":{"singular":null,"plural":null},"default_variation":null},"tiered_pricing_minimum_quantity":null,"tiered_pricing_roles_data":[],"tiered_pricing_percentage_rules":[],"tiered_pricing_maximum_quantity":null,"tiered_pricing_quantity_step":null,"_links":{"self":[{"href":"https:\/\/staging.swizzle.se\/dk\/wp-json\/wp\/v2\/product\/277192","targetHints":{"allow":["GET"]}}],"collection":[{"href":"https:\/\/staging.swizzle.se\/dk\/wp-json\/wp\/v2\/product"}],"about":[{"href":"https:\/\/staging.swizzle.se\/dk\/wp-json\/wp\/v2\/types\/product"}],"replies":[{"embeddable":true,"href":"https:\/\/staging.swizzle.se\/dk\/wp-json\/wp\/v2\/comments?post=277192"}],"version-history":[{"count":0,"href":"https:\/\/staging.swizzle.se\/dk\/wp-json\/wp\/v2\/product\/277192\/revisions"}],"wp:featuredmedia":[{"embeddable":true,"href":"https:\/\/staging.swizzle.se\/dk\/wp-json\/wp\/v2\/media\/277194"}],"wp:attachment":[{"href":"https:\/\/staging.swizzle.se\/dk\/wp-json\/wp\/v2\/media?parent=277192"}],"wp:term":[{"taxonomy":"product_brand","embeddable":true,"href":"https:\/\/staging.swizzle.se\/dk\/wp-json\/wp\/v2\/product_brand?post=277192"},{"taxonomy":"product_cat","embeddable":true,"href":"https:\/\/staging.swizzle.se\/dk\/wp-json\/wp\/v2\/product_cat?post=277192"},{"taxonomy":"product_tag","embeddable":true,"href":"https:\/\/staging.swizzle.se\/dk\/wp-json\/wp\/v2\/product_tag?post=277192"},{"taxonomy":"superdeal","embeddable":true,"href":"https:\/\/staging.swizzle.se\/dk\/wp-json\/wp\/v2\/superdeal?post=277192"},{"taxonomy":"product_variant_id","embeddable":true,"href":"https:\/\/staging.swizzle.se\/dk\/wp-json\/wp\/v2\/product_variant_id?post=277192"}],"curies":[{"name":"wp","href":"https:\/\/api.w.org\/{rel}","templated":true}]}}