{"id":275171,"date":"2025-09-25T08:42:04","date_gmt":"2025-09-25T08:42:04","guid":{"rendered":"https:\/\/staging.swizzle.se\/?post_type=product&#038;p=275171"},"modified":"2026-02-04T14:03:36","modified_gmt":"2026-02-04T14:03:36","slug":"superdeal-10st-thca-vapes-99-magic-farmers-kopia","status":"publish","type":"product","link":"https:\/\/staging.swizzle.se\/dk\/product-2\/superdeal-10st-thca-vapes-99-magic-farmers-kopia\/","title":{"rendered":"SUPERDEAL! 10 stk THCA vapes 99% - Magic Farmers"},"content":{"rendered":"<div class=\"woocommerce-tabs wc-tabs-wrapper\">\n<div id=\"tab-description\" class=\"woocommerce-Tabs-panel woocommerce-Tabs-panel--description panel entry-content wc-tab\" role=\"tabpanel\" aria-labelledby=\"tab-title-description\">\n<h2>SUPERDEAL! 10 stk THCA vapes 99% - Magic Farmers<\/h2>\n<p>Passa p\u00e5 denna superdeal,<strong>\u00a010 st<\/strong>\u00a0<strong>SLUMPM\u00c4SSIGT UTVALDA<\/strong> THCA VAPES fr\u00e5n Magic Farmers f\u00f6r endast <strong>3999 kr <\/strong>( 55% rabatt).<\/p>\n<p><strong>OBS! SMAKER V\u00c4LJS UT SLUMPM\u00c4SSIGT<\/strong><\/p>\n<p><strong>Potentiella f\u00f6rdelar med THCA vapes<\/strong><\/p>\n<ul>\n<li><strong>Neuroprotektiva egenskaper<br \/>\n<\/strong>THCA-produkter kan ge neuroprotektiva f\u00f6rdelar och hj\u00e4lpa till att f\u00f6rebygga och behandla neurodegenerativa tillst\u00e5nd som Alzheimers och Parkinsons.<\/li>\n<li><strong>Inflammationsreduktion<\/strong><br \/>\nCannabinoiden THCA har naturliga antiinflammatoriska egenskaper. Som s\u00e5dan kan det hj\u00e4lpa till att behandla kroniska tillst\u00e5nd som k\u00e4nnetecknas av svullnad, inklusive multipel skleros, inflammatorisk tarmsjukdom och artrit.<\/li>\n<li><strong>Sm\u00e4rtlindring<\/strong><br \/>\nTHCA kan ge snabb lindring fr\u00e5n inflammation, men det kan ocks\u00e5 ge snabb lindring fr\u00e5n sm\u00e4rta, tack vare f\u00f6reningens sm\u00e4rtstillande egenskaper. Det \u00e4r en lovande potentiell behandling f\u00f6r akut eller kronisk sm\u00e4rta till f\u00f6ljd av skador eller sjukdomar.<\/li>\n<li><strong>Aptitstimulering<\/strong><br \/>\nTHCA kommunicerar med CB1-receptorer i det endocannabinoida systemet, vilket resulterar i fris\u00e4ttning av hormoner som uppmuntrar hunger. Detta g\u00f6r det till ett attraktivt potentiellt aptitstimulerande medel f\u00f6r individer som k\u00e4mpar med oavsiktlig viktminskning p\u00e5 grund av sjukdom eller medicinska behandlingar som kemoterapi.<\/li>\n<li><strong>Lindring av illam\u00e5ende och kr\u00e4kningar<\/strong><br \/>\nF\u00f6rutom att h\u00f6ja aptiten kan THCA-produkter lindra illam\u00e5ende och kr\u00e4kningar. Dess antiemetiska effekter \u00f6kar dess potentiella terapeutiska v\u00e4rde f\u00f6r individer som g\u00e5r igenom kemoterapi eller hanterar medicinska tillst\u00e5nd som orsakar illam\u00e5ende eller kr\u00e4kningar.<\/li>\n<li><strong>Antikonvulsiva och krampl\u00f6sande egenskaper<\/strong><br \/>\nDenna m\u00e5ngsidiga cannabisv\u00e4xtf\u00f6rening unders\u00f6ks ocks\u00e5 f\u00f6r dess potential att f\u00f6rebygga och lindra anfall och spasmer.<\/li>\n<\/ul>\n<p>Popul\u00e4ra smaker:<\/p>\n<p><a href=\"https:\/\/staging.swizzle.se\/dk\/product-2\/thca-vape-99-magic-farmers\/\">THCA Vape 99% Magic Farmers Cherry Sour<\/a><\/p>\n<p><a href=\"https:\/\/staging.swizzle.se\/dk\/product-2\/thca-vape-99-magic-farmers-kiwi-sorbet\/\">THCA Vape 99% Magic Farmers Kiwi Sorbet<\/a><\/p>\n<p>Se hela kategorin h\u00e4r:\u00a0<a href=\"http:\/\/staging.swizzle.se\/dk\/product-category\/thca-2\/thca-vapes\/\">H\u00c4R<\/a><\/p>\n<p>&nbsp;<\/p>\n<p>Bem\u00e6rk!<br \/>\nDu skal v\u00e6re mindst 18 \u00e5r gammel for at k\u00f8be dette produkt. Det er ikke beregnet som medicin, kosttilskud eller naturprodukt. Vi opfordrer ikke til at indtage eller ryge dette produkt. Opbevar det utilg\u00e6ngeligt for b\u00f8rn Vi fraskriver os ethvert ansvar for, hvordan du som kunde bruger vores produkter. Vi s\u00e6lger dem til indsamlings- og prydform\u00e5l.<\/p>\n<\/div>\n<\/div>","protected":false},"excerpt":{"rendered":"<p><strong>SUPERDEAL! 10st THCA vapes 99% &#8211; Magic Farmers.<\/strong><\/p>\n<p>Passa p\u00e5 denna superdeal,<strong>\u00a010 st<\/strong>\u00a0<strong>SLUMPM\u00c4SSIGT UTVALDA<\/strong> THCA VAPES fr\u00e5n Magic Farmers f\u00f6r endast <strong>3999 kr <\/strong>( 55% rabatt).<\/p>\n<p><strong>OBS! SMAKER V\u00c4LJS UT SLUMPM\u00c4SSIGT<\/strong><\/p>\n<p>Smaker:<\/p>\n<p><a href=\"https:\/\/staging.swizzle.se\/dk\/product-2\/thca-vape-magic-farmers-cotton-candy\/\">Cotton Candy<\/a><\/p>\n<p><a href=\"https:\/\/staging.swizzle.se\/dk\/product-2\/thca-vape-99-magic-farmers-kiwi-sorbet\/\">Kiwi Sorbet<\/a><\/p>\n<p><a href=\"https:\/\/staging.swizzle.se\/dk\/product-2\/thca-vape-maui-mango-magic-farmers\/\">Maui Mango<\/a><\/p>\n<p><a href=\"https:\/\/staging.swizzle.se\/dk\/product-2\/thca-vape-99-magic-farmers-2ml-lemon-cheese\/\">Lemon Cheese<\/a><\/p>\n<p><a href=\"https:\/\/staging.swizzle.se\/dk\/product-2\/thca-vape-99-magic-farmers-2ml-cherry-sour\/\">Cherry Sour<\/a><\/p>\n<p><a href=\"https:\/\/staging.swizzle.se\/dk\/product-2\/thca-vape-99-magic-farmers-2ml-blue-razz\/\">Blue Razz<\/a><\/p>\n<p><a href=\"https:\/\/staging.swizzle.se\/dk\/product-2\/thca-vape-99-magic-farmers-2ml-tart-apricot\/\">\u00a0Tart Apricot<\/a><\/p>\n<p><a href=\"https:\/\/staging.swizzle.se\/dk\/product-2\/thca-vape-99-magic-farmers-2ml-m-a-c\/\">M.A.C<\/a><\/p>\n<p><strong>Specifikationer:<br \/>\n<\/strong><\/p>\n<ul>\n<li><strong>Kapacitet:<\/strong> 2 ml \/vape<\/li>\n<li><strong>Puffs:<\/strong> Upp till 1000 \/vape<\/li>\n<li><strong>Inneh\u00e5ll:<\/strong>\u00a099% THCA, fr\u00e5n isolat<\/li>\n<li><strong>THC-fri<\/strong><\/li>\n<\/ul>","protected":false},"featured_media":280255,"comment_status":"open","ping_status":"closed","template":"","meta":{"site-sidebar-layout":"default","site-content-layout":"","ast-site-content-layout":"default","site-content-style":"default","site-sidebar-style":"default","ast-global-header-display":"","ast-banner-title-visibility":"","ast-main-header-display":"","ast-hfb-above-header-display":"","ast-hfb-below-header-display":"","ast-hfb-mobile-header-display":"","site-post-title":"","ast-breadcrumbs-content":"","ast-featured-img":"","footer-sml-layout":"","ast-disable-related-posts":"","theme-transparent-header-meta":"default","adv-header-id-meta":"","stick-header-meta":"default","header-above-stick-meta":"","header-main-stick-meta":"","header-below-stick-meta":"","astra-migrate-meta-layouts":"set","ast-page-background-enabled":"default","ast-page-background-meta":{"desktop":{"background-color":"var(--ast-global-color-4)","background-image":"","background-repeat":"repeat","background-position":"center center","background-size":"auto","background-attachment":"scroll","background-type":"","background-media":"","overlay-type":"","overlay-color":"","overlay-opacity":"","overlay-gradient":""},"tablet":{"background-color":"","background-image":"","background-repeat":"repeat","background-position":"center center","background-size":"auto","background-attachment":"scroll","background-type":"","background-media":"","overlay-type":"","overlay-color":"","overlay-opacity":"","overlay-gradient":""},"mobile":{"background-color":"","background-image":"","background-repeat":"repeat","background-position":"center center","background-size":"auto","background-attachment":"scroll","background-type":"","background-media":"","overlay-type":"","overlay-color":"","overlay-opacity":"","overlay-gradient":""}},"ast-content-background-meta":{"desktop":{"background-color":"var(--ast-global-color-5)","background-image":"","background-repeat":"repeat","background-position":"center center","background-size":"auto","background-attachment":"scroll","background-type":"","background-media":"","overlay-type":"","overlay-color":"","overlay-opacity":"","overlay-gradient":""},"tablet":{"background-color":"var(--ast-global-color-5)","background-image":"","background-repeat":"repeat","background-position":"center center","background-size":"auto","background-attachment":"scroll","background-type":"","background-media":"","overlay-type":"","overlay-color":"","overlay-opacity":"","overlay-gradient":""},"mobile":{"background-color":"var(--ast-global-color-5)","background-image":"","background-repeat":"repeat","background-position":"center center","background-size":"auto","background-attachment":"scroll","background-type":"","background-media":"","overlay-type":"","overlay-color":"","overlay-opacity":"","overlay-gradient":""}}},"product_brand":[756],"product_cat":[338,671,303,464],"product_tag":[],"superdeal":[],"product_variant_id":[],"class_list":{"0":"post-275171","1":"product","2":"type-product","3":"status-publish","4":"has-post-thumbnail","6":"product_brand-magic-farmers","7":"product_cat-deals","8":"product_cat-superdeals","9":"product_cat-thca","10":"product_cat-thca-vapes","11":"desktop-align-center","12":"tablet-align-left","13":"mobile-align-left","14":"ast-product-gallery-layout-horizontal-slider","15":"ast-product-gallery-with-no-image","16":"ast-magnify-disabled","17":"ast-product-tabs-layout-horizontal","19":"first","20":"instock","21":"sale","22":"taxable","23":"shipping-taxable","24":"purchasable","25":"product-type-simple"},"yoast_head":"<!-- This site is optimized with the Yoast SEO Premium plugin v26.9 (Yoast SEO v26.9) - https:\/\/yoast.com\/product\/yoast-seo-premium-wordpress\/ -->\n<title>SUPERDEAL! 10st THCA vapes 99% - Magic Farmers<\/title>\n<meta name=\"description\" content=\"SUPERDEAL! 10st THCA vapes 99% - Magic Farmers. Passa p\u00e5 denna superdeal, 10 st THCA vapes fr\u00e5n Magic Farmers f\u00f6r endast 3999 kr ( 55% rabatt).\" \/>\n<meta name=\"robots\" content=\"noindex, follow, max-snippet:-1, max-image-preview:large, max-video-preview:-1\" \/>\n<meta property=\"og:locale\" content=\"da_DK\" \/>\n<meta property=\"og:type\" content=\"article\" \/>\n<meta property=\"og:title\" content=\"SUPERDEAL! 10st THCA vapes 99% - Magic Farmers\" \/>\n<meta property=\"og:description\" content=\"SUPERDEAL! 10st THCA vapes 99% - Magic Farmers. Passa p\u00e5 denna superdeal, 10 st THCA vapes fr\u00e5n Magic Farmers f\u00f6r endast 3999 kr ( 55% rabatt).\" \/>\n<meta property=\"og:url\" content=\"https:\/\/www.swizzle.se\/produkt\/superdeal-10st-thca-vapes-99-magic-farmers-kopia\/\" \/>\n<meta property=\"og:site_name\" content=\"Swizzle\" \/>\n<meta property=\"article:modified_time\" content=\"2026-02-04T14:03:36+00:00\" \/>\n<meta property=\"og:image\" content=\"https:\/\/www.swizzle.se\/wp-content\/uploads\/2025\/09\/ratt-bakrund-canadips-2025-11-27T131601.449.jpg\" \/>\n\t<meta property=\"og:image:width\" content=\"600\" \/>\n\t<meta property=\"og:image:height\" content=\"600\" \/>\n\t<meta property=\"og:image:type\" content=\"image\/jpeg\" \/>\n<meta name=\"twitter:card\" content=\"summary_large_image\" \/>\n<meta name=\"twitter:label1\" content=\"Pris\" \/>\n\t<meta name=\"twitter:data1\" content=\"3 ,999.00&nbsp;&#107;&#114;\" \/>\n\t<meta name=\"twitter:label2\" content=\"Tilg\u00e6ngelighed\" \/>\n\t<meta name=\"twitter:data2\" content=\"P\u00e5 lager\" \/>\n<script type=\"application\/ld+json\" class=\"yoast-schema-graph\">{\"@context\":\"https:\/\/schema.org\",\"@graph\":[{\"@type\":\"WebPage\",\"@id\":\"https:\/\/www.swizzle.se\/produkt\/superdeal-10st-thca-vapes-99-magic-farmers-kopia\/\",\"url\":\"https:\/\/www.swizzle.se\/produkt\/superdeal-10st-thca-vapes-99-magic-farmers-kopia\/\",\"name\":\"SUPERDEAL! 10st THCA vapes 99% - Magic Farmers\",\"isPartOf\":{\"@id\":\"https:\/\/staging.swizzle.se\/#website\"},\"primaryImageOfPage\":{\"@id\":\"https:\/\/www.swizzle.se\/produkt\/superdeal-10st-thca-vapes-99-magic-farmers-kopia\/#primaryimage\"},\"image\":{\"@id\":\"https:\/\/www.swizzle.se\/produkt\/superdeal-10st-thca-vapes-99-magic-farmers-kopia\/#primaryimage\"},\"thumbnailUrl\":\"https:\/\/staging.swizzle.se\/wp-content\/uploads\/2025\/09\/ratt-bakrund-canadips-2025-11-27T131601.449.jpg\",\"datePublished\":\"2025-09-25T08:42:04+00:00\",\"dateModified\":\"2026-02-04T14:03:36+00:00\",\"description\":\"SUPERDEAL! 10st THCA vapes 99% - Magic Farmers. Passa p\u00e5 denna superdeal, 10 st THCA vapes fr\u00e5n Magic Farmers f\u00f6r endast 3999 kr ( 55% rabatt).\",\"breadcrumb\":{\"@id\":\"https:\/\/www.swizzle.se\/produkt\/superdeal-10st-thca-vapes-99-magic-farmers-kopia\/#breadcrumb\"},\"inLanguage\":\"da-DK\",\"potentialAction\":[{\"@type\":\"ReadAction\",\"target\":[\"https:\/\/www.swizzle.se\/produkt\/superdeal-10st-thca-vapes-99-magic-farmers-kopia\/\"]}]},{\"@type\":\"ImageObject\",\"inLanguage\":\"da-DK\",\"@id\":\"https:\/\/www.swizzle.se\/produkt\/superdeal-10st-thca-vapes-99-magic-farmers-kopia\/#primaryimage\",\"url\":\"https:\/\/staging.swizzle.se\/wp-content\/uploads\/2025\/09\/ratt-bakrund-canadips-2025-11-27T131601.449.jpg\",\"contentUrl\":\"https:\/\/staging.swizzle.se\/wp-content\/uploads\/2025\/09\/ratt-bakrund-canadips-2025-11-27T131601.449.jpg\",\"width\":600,\"height\":600,\"caption\":\"SUPERDEAL! 10st THCA vapes 99% - Magic Farmers\"},{\"@type\":\"BreadcrumbList\",\"@id\":\"https:\/\/www.swizzle.se\/produkt\/superdeal-10st-thca-vapes-99-magic-farmers-kopia\/#breadcrumb\",\"itemListElement\":[{\"@type\":\"ListItem\",\"position\":1,\"name\":\"Home\",\"item\":\"https:\/\/www.swizzle.se\/\"},{\"@type\":\"ListItem\",\"position\":2,\"name\":\"Shop\",\"item\":\"https:\/\/www.swizzle.se\/shop\/\"},{\"@type\":\"ListItem\",\"position\":3,\"name\":\"THCA\",\"item\":\"https:\/\/www.swizzle.se\/produkt-kategori\/thca\/\"},{\"@type\":\"ListItem\",\"position\":4,\"name\":\"SUPERDEAL! 10st THCA vapes 99% &#8211; Magic Farmers\"}]},{\"@type\":\"WebSite\",\"@id\":\"https:\/\/staging.swizzle.se\/#website\",\"url\":\"https:\/\/staging.swizzle.se\/\",\"name\":\"Swizzle\",\"description\":\"Nikotin CBD Vapes Snus White Portion\",\"publisher\":{\"@id\":\"https:\/\/staging.swizzle.se\/#organization\"},\"potentialAction\":[{\"@type\":\"SearchAction\",\"target\":{\"@type\":\"EntryPoint\",\"urlTemplate\":\"https:\/\/staging.swizzle.se\/?s={search_term_string}\"},\"query-input\":{\"@type\":\"PropertyValueSpecification\",\"valueRequired\":true,\"valueName\":\"search_term_string\"}}],\"inLanguage\":\"da-DK\"},{\"@type\":\"Organization\",\"@id\":\"https:\/\/staging.swizzle.se\/#organization\",\"name\":\"Swizzle\",\"url\":\"https:\/\/staging.swizzle.se\/\",\"logo\":{\"@type\":\"ImageObject\",\"inLanguage\":\"da-DK\",\"@id\":\"https:\/\/staging.swizzle.se\/#\/schema\/logo\/image\/\",\"url\":\"https:\/\/staging.swizzle.se\/wp-content\/uploads\/2025\/10\/cropped-SWIZZLE.-4.png\",\"contentUrl\":\"https:\/\/staging.swizzle.se\/wp-content\/uploads\/2025\/10\/cropped-SWIZZLE.-4.png\",\"width\":800,\"height\":267,\"caption\":\"Swizzle\"},\"image\":{\"@id\":\"https:\/\/staging.swizzle.se\/#\/schema\/logo\/image\/\"},\"hasMerchantReturnPolicy\":{\"@type\":\"MerchantReturnPolicy\",\"merchantReturnLink\":\"https:\/\/staging.swizzle.se\/dk\/villkor\/\"}}]}<\/script>\n<meta property=\"product:price:amount\" content=\"3999.00\" \/>\n<meta property=\"product:price:currency\" content=\"SEK\" \/>\n<meta property=\"og:availability\" content=\"instock\" \/>\n<meta property=\"product:availability\" content=\"instock\" \/>\n<meta property=\"product:retailer_item_id\" content=\"dealvapes5-2\" \/>\n<meta property=\"product:condition\" content=\"new\" \/>\n<!-- \/ Yoast SEO Premium plugin. -->","yoast_head_json":{"title":"SUPERDEAL! 10 stk THCA vapes 99% - Magic Farmers","description":"SUPERDEAL! 10st THCA vapes 99% - Magic Farmers. Passa p\u00e5 denna superdeal, 10 st THCA vapes fr\u00e5n Magic Farmers f\u00f6r endast 3999 kr ( 55% rabatt).","robots":{"index":"noindex","follow":"follow","max-snippet":"max-snippet:-1","max-image-preview":"max-image-preview:large","max-video-preview":"max-video-preview:-1"},"og_locale":"da_DK","og_type":"article","og_title":"SUPERDEAL! 10st THCA vapes 99% - Magic Farmers","og_description":"SUPERDEAL! 10st THCA vapes 99% - Magic Farmers. Passa p\u00e5 denna superdeal, 10 st THCA vapes fr\u00e5n Magic Farmers f\u00f6r endast 3999 kr ( 55% rabatt).","og_url":"https:\/\/www.swizzle.se\/produkt\/superdeal-10st-thca-vapes-99-magic-farmers-kopia\/","og_site_name":"Swizzle","article_modified_time":"2026-02-04T14:03:36+00:00","og_image":[{"width":600,"height":600,"url":"https:\/\/www.swizzle.se\/wp-content\/uploads\/2025\/09\/ratt-bakrund-canadips-2025-11-27T131601.449.jpg","type":"image\/jpeg"}],"twitter_card":"summary_large_image","twitter_misc":{"Pris":"3 ,999.00&nbsp;&#107;&#114;","Tilg\u00e6ngelighed":"P\u00e5 lager"},"schema":{"@context":"https:\/\/schema.org","@graph":[{"@type":"WebPage","@id":"https:\/\/www.swizzle.se\/produkt\/superdeal-10st-thca-vapes-99-magic-farmers-kopia\/","url":"https:\/\/www.swizzle.se\/produkt\/superdeal-10st-thca-vapes-99-magic-farmers-kopia\/","name":"SUPERDEAL! 10 stk THCA vapes 99% - Magic Farmers","isPartOf":{"@id":"https:\/\/staging.swizzle.se\/#website"},"primaryImageOfPage":{"@id":"https:\/\/www.swizzle.se\/produkt\/superdeal-10st-thca-vapes-99-magic-farmers-kopia\/#primaryimage"},"image":{"@id":"https:\/\/www.swizzle.se\/produkt\/superdeal-10st-thca-vapes-99-magic-farmers-kopia\/#primaryimage"},"thumbnailUrl":"https:\/\/staging.swizzle.se\/wp-content\/uploads\/2025\/09\/ratt-bakrund-canadips-2025-11-27T131601.449.jpg","datePublished":"2025-09-25T08:42:04+00:00","dateModified":"2026-02-04T14:03:36+00:00","description":"SUPERDEAL! 10st THCA vapes 99% - Magic Farmers. Passa p\u00e5 denna superdeal, 10 st THCA vapes fr\u00e5n Magic Farmers f\u00f6r endast 3999 kr ( 55% rabatt).","breadcrumb":{"@id":"https:\/\/www.swizzle.se\/produkt\/superdeal-10st-thca-vapes-99-magic-farmers-kopia\/#breadcrumb"},"inLanguage":"da-DK","potentialAction":[{"@type":"ReadAction","target":["https:\/\/www.swizzle.se\/produkt\/superdeal-10st-thca-vapes-99-magic-farmers-kopia\/"]}]},{"@type":"ImageObject","inLanguage":"da-DK","@id":"https:\/\/www.swizzle.se\/produkt\/superdeal-10st-thca-vapes-99-magic-farmers-kopia\/#primaryimage","url":"https:\/\/staging.swizzle.se\/wp-content\/uploads\/2025\/09\/ratt-bakrund-canadips-2025-11-27T131601.449.jpg","contentUrl":"https:\/\/staging.swizzle.se\/wp-content\/uploads\/2025\/09\/ratt-bakrund-canadips-2025-11-27T131601.449.jpg","width":600,"height":600,"caption":"SUPERDEAL! 10st THCA vapes 99% - Magic Farmers"},{"@type":"BreadcrumbList","@id":"https:\/\/www.swizzle.se\/produkt\/superdeal-10st-thca-vapes-99-magic-farmers-kopia\/#breadcrumb","itemListElement":[{"@type":"ListItem","position":1,"name":"Home","item":"https:\/\/www.swizzle.se\/"},{"@type":"ListItem","position":2,"name":"Shop","item":"https:\/\/www.swizzle.se\/shop\/"},{"@type":"ListItem","position":3,"name":"THCA","item":"https:\/\/www.swizzle.se\/produkt-kategori\/thca\/"},{"@type":"ListItem","position":4,"name":"SUPERDEAL! 10st THCA vapes 99% &#8211; Magic Farmers"}]},{"@type":"WebSite","@id":"https:\/\/staging.swizzle.se\/#website","url":"https:\/\/staging.swizzle.se\/","name":"Swizzle","description":"Nikotin CBD Vapes Snus Hvid Portion","publisher":{"@id":"https:\/\/staging.swizzle.se\/#organization"},"potentialAction":[{"@type":"SearchAction","target":{"@type":"EntryPoint","urlTemplate":"https:\/\/staging.swizzle.se\/?s={search_term_string}"},"query-input":{"@type":"PropertyValueSpecification","valueRequired":true,"valueName":"search_term_string"}}],"inLanguage":"da-DK"},{"@type":"Organization","@id":"https:\/\/staging.swizzle.se\/#organization","name":"Swizzle","url":"https:\/\/staging.swizzle.se\/","logo":{"@type":"ImageObject","inLanguage":"da-DK","@id":"https:\/\/staging.swizzle.se\/#\/schema\/logo\/image\/","url":"https:\/\/staging.swizzle.se\/wp-content\/uploads\/2025\/10\/cropped-SWIZZLE.-4.png","contentUrl":"https:\/\/staging.swizzle.se\/wp-content\/uploads\/2025\/10\/cropped-SWIZZLE.-4.png","width":800,"height":267,"caption":"Swizzle"},"image":{"@id":"https:\/\/staging.swizzle.se\/#\/schema\/logo\/image\/"},"hasMerchantReturnPolicy":{"@type":"MerchantReturnPolicy","merchantReturnLink":"https:\/\/staging.swizzle.se\/dk\/villkor\/"}}]},"product_price_amount":"3999.00","product_price_currency":"SEK","og_availability":"instock","product_availability":"instock","product_retailer_item_id":"dealvapes5-2","product_condition":"new"},"tiered_pricing_type":"fixed","tiered_pricing_fixed_rules":[],"tiered_pricing_product_settings":{"layout":"default","base_unit_name":{"singular":null,"plural":null},"default_variation":null},"tiered_pricing_minimum_quantity":null,"tiered_pricing_roles_data":[],"tiered_pricing_percentage_rules":[],"tiered_pricing_maximum_quantity":null,"tiered_pricing_quantity_step":null,"_links":{"self":[{"href":"https:\/\/staging.swizzle.se\/dk\/wp-json\/wp\/v2\/product\/275171","targetHints":{"allow":["GET"]}}],"collection":[{"href":"https:\/\/staging.swizzle.se\/dk\/wp-json\/wp\/v2\/product"}],"about":[{"href":"https:\/\/staging.swizzle.se\/dk\/wp-json\/wp\/v2\/types\/product"}],"replies":[{"embeddable":true,"href":"https:\/\/staging.swizzle.se\/dk\/wp-json\/wp\/v2\/comments?post=275171"}],"version-history":[{"count":0,"href":"https:\/\/staging.swizzle.se\/dk\/wp-json\/wp\/v2\/product\/275171\/revisions"}],"wp:featuredmedia":[{"embeddable":true,"href":"https:\/\/staging.swizzle.se\/dk\/wp-json\/wp\/v2\/media\/280255"}],"wp:attachment":[{"href":"https:\/\/staging.swizzle.se\/dk\/wp-json\/wp\/v2\/media?parent=275171"}],"wp:term":[{"taxonomy":"product_brand","embeddable":true,"href":"https:\/\/staging.swizzle.se\/dk\/wp-json\/wp\/v2\/product_brand?post=275171"},{"taxonomy":"product_cat","embeddable":true,"href":"https:\/\/staging.swizzle.se\/dk\/wp-json\/wp\/v2\/product_cat?post=275171"},{"taxonomy":"product_tag","embeddable":true,"href":"https:\/\/staging.swizzle.se\/dk\/wp-json\/wp\/v2\/product_tag?post=275171"},{"taxonomy":"superdeal","embeddable":true,"href":"https:\/\/staging.swizzle.se\/dk\/wp-json\/wp\/v2\/superdeal?post=275171"},{"taxonomy":"product_variant_id","embeddable":true,"href":"https:\/\/staging.swizzle.se\/dk\/wp-json\/wp\/v2\/product_variant_id?post=275171"}],"curies":[{"name":"wp","href":"https:\/\/api.w.org\/{rel}","templated":true}]}}