{"id":273324,"date":"2025-08-21T08:00:16","date_gmt":"2025-08-21T08:00:16","guid":{"rendered":"https:\/\/staging.swizzle.se\/?post_type=product&#038;p=273324"},"modified":"2026-02-05T13:24:38","modified_gmt":"2026-02-05T13:24:38","slug":"thca-buds-og-kush-22","status":"publish","type":"product","link":"https:\/\/staging.swizzle.se\/dk\/product-2\/thca-buds-og-kush-22\/","title":{"rendered":"THCA Buds &#8211; OG Kush 22%"},"content":{"rendered":"<p><!-- SEO-optimerad produktbeskrivning: OG Kush 22 Small THCA Flowers Coated --><\/p>\n<article class=\"product-post thca-buds\">\n<header>\n<h1>THCA Buds OG Kush 22%<\/h1>\n<p><strong>OG Kush 22 Small<\/strong> er kompakte <em>THCA-belagte popcornknopper<\/em> med et imponerende niveau af <strong>22 % THCA<\/strong>.<br \/>\nDisse sm\u00e5, men t\u00e6tte blomster er kendt for deres <strong>krystallinsk overflade<\/strong>, som b\u00e5de forbedrer cannabinoidprofilen og bidrager til en stabil fugtstyring.<br \/>\nOG Kush er en af de mest anerkendte sorter i verden, v\u00e6rdsat for sin karakteristiske aromaprofil og robuste struktur.<\/p>\n<\/header>\n<section>\n<h2>Produktbeskrivelse<\/h2>\n<p><strong>OG Kush 22 Small<\/strong> er en premium-version af <em>THCA-knopper<\/em>. Den unikke bel\u00e6gning af THCA giver en forh\u00f8jet koncentration, hvilket g\u00f8r det interessant<br \/>\ntil indsamlere og analytiske form\u00e5l. Den kompakte popcornst\u00f8rrelse g\u00f8r produktet nemt at h\u00e5ndtere og opbevare.<\/p>\n<\/section>\n<section>\n<h2>Vigtige fakta<\/h2>\n<ul>\n<li><strong>Sortere:<\/strong> OG Kush 22 Small<\/li>\n<li><strong>Type:<\/strong> THCA-belagte popcornknopper<\/li>\n<li><strong>Stop:<\/strong> 22 % THCA<\/li>\n<li><strong>THC:<\/strong> under 0,2 %<\/li>\n<li><strong>Struktur:<\/strong> T\u00e6t, krystalrig og glat<\/li>\n<\/ul>\n<\/section>\n<section>\n<h2>Hvad er THCA?<\/h2>\n<p><strong>THCA (tetrahydrocannabinolisk syre)<\/strong> er en naturligt forekommende cannabinoid, der findes i r\u00e5 hamp- og cannabisplanter.<br \/>\nDet er <strong>ikke-psykoaktiv<\/strong> i sin naturlige tilstand og adskiller sig fra THC, som kun dannes, n\u00e5r det opvarmes af<br \/>\n<em>decarboxylering<\/em>. Det g\u00f8r THCA til et interessant emne for forskning, samlere og aromatiske anvendelser.<\/p>\n<\/section>\n<section>\n<h2>Juridisk information<\/h2>\n<p>Dette produkt kommer fra <strong>EU-certificeret industriel hamp<\/strong> og opfylde kravene i <strong>SOU 2016:93<\/strong><br \/>\nmed et maksimum p\u00e5 0,2 % THC. Industriel hamp er udelukket fra narkotikadefinitionen.<br \/>\nProduktet s\u00e6lges som en <strong>Landbrugsprodukt<\/strong> og b\u00f8r ikke betragtes som mad, kosttilskud eller medicin.<br \/>\nVi fral\u00e6gger os ethvert ansvar for, hvordan den enkelte bruger v\u00e6lger at h\u00e5ndtere produktet.<\/p>\n<p>Se ogs\u00e5 her:\u00a0<a href=\"https:\/\/staging.swizzle.se\/dk\/product-2\/thca-buds-wonderland-haze-21-magic-farmers-2\/\">THCA BUDS - Wonderland Haze 21% - Magiske landm\u00e6nd<\/a><\/p>\n<\/section>\n<footer><em>OG Kush 22 Small - THCA Buds med 22 % THCA, t\u00e6tte popcornblomster med lilla nuancer og krystalrig overflade, perfekt til samlere og aromatiske form\u00e5l.<\/em><\/footer>\n<p>Bem\u00e6rk!<br \/>\nDu skal v\u00e6re mindst 18 \u00e5r gammel for at k\u00f8be dette produkt. Det er ikke beregnet som medicin, kosttilskud eller naturprodukt. Vi opfordrer ikke til at indtage eller ryge dette produkt. Opbevar det utilg\u00e6ngeligt for b\u00f8rn Vi fraskriver os ethvert ansvar for, hvordan du som kunde bruger vores produkter. Vi s\u00e6lger dem til indsamlings- og prydform\u00e5l.<\/p>\n<\/article>","protected":false},"excerpt":{"rendered":"<p><strong>THCA Buds OG Kush 22%<\/strong><\/p>\n<p>S\u00e4ljes per gram. 1 enhet = 1 gram.<\/p>\n<p><strong>OG Kush 22% Lille<\/strong> er kompakte <em>THCA-belagte popcornknopper<\/em> med et imponerende niveau af <strong>22 % THCA<\/strong>.<\/p>\n<ul>\n<li><strong>Sortere:<\/strong> OG Kush 22% Lille<\/li>\n<li><strong>Type:<\/strong> THCA-belagte popcornknopper<\/li>\n<li><strong>Stop:<\/strong> 22 % THCA<\/li>\n<li><strong>THC:<\/strong> under 0,2 %<\/li>\n<li><strong>Struktur:<\/strong> T\u00e6t, krystalrig og glat<\/li>\n<\/ul>\n<p>Dette produkt har en mindsteprisgaranti, l\u00e6s mere om, hvad det betyder.<a href=\"https:\/\/staging.swizzle.se\/dk\/lagsta-pris-garanti\/\"><b> her<\/b><\/a>.<\/p>","protected":false},"featured_media":275388,"comment_status":"open","ping_status":"closed","template":"","meta":{"site-sidebar-layout":"default","site-content-layout":"","ast-site-content-layout":"default","site-content-style":"default","site-sidebar-style":"default","ast-global-header-display":"","ast-banner-title-visibility":"","ast-main-header-display":"","ast-hfb-above-header-display":"","ast-hfb-below-header-display":"","ast-hfb-mobile-header-display":"","site-post-title":"","ast-breadcrumbs-content":"","ast-featured-img":"","footer-sml-layout":"","ast-disable-related-posts":"","theme-transparent-header-meta":"default","adv-header-id-meta":"","stick-header-meta":"default","header-above-stick-meta":"","header-main-stick-meta":"","header-below-stick-meta":"","astra-migrate-meta-layouts":"set","ast-page-background-enabled":"default","ast-page-background-meta":{"desktop":{"background-color":"var(--ast-global-color-4)","background-image":"","background-repeat":"repeat","background-position":"center center","background-size":"auto","background-attachment":"scroll","background-type":"","background-media":"","overlay-type":"","overlay-color":"","overlay-opacity":"","overlay-gradient":""},"tablet":{"background-color":"","background-image":"","background-repeat":"repeat","background-position":"center center","background-size":"auto","background-attachment":"scroll","background-type":"","background-media":"","overlay-type":"","overlay-color":"","overlay-opacity":"","overlay-gradient":""},"mobile":{"background-color":"","background-image":"","background-repeat":"repeat","background-position":"center center","background-size":"auto","background-attachment":"scroll","background-type":"","background-media":"","overlay-type":"","overlay-color":"","overlay-opacity":"","overlay-gradient":""}},"ast-content-background-meta":{"desktop":{"background-color":"var(--ast-global-color-5)","background-image":"","background-repeat":"repeat","background-position":"center center","background-size":"auto","background-attachment":"scroll","background-type":"","background-media":"","overlay-type":"","overlay-color":"","overlay-opacity":"","overlay-gradient":""},"tablet":{"background-color":"var(--ast-global-color-5)","background-image":"","background-repeat":"repeat","background-position":"center center","background-size":"auto","background-attachment":"scroll","background-type":"","background-media":"","overlay-type":"","overlay-color":"","overlay-opacity":"","overlay-gradient":""},"mobile":{"background-color":"var(--ast-global-color-5)","background-image":"","background-repeat":"repeat","background-position":"center center","background-size":"auto","background-attachment":"scroll","background-type":"","background-media":"","overlay-type":"","overlay-color":"","overlay-opacity":"","overlay-gradient":""}}},"product_brand":[],"product_cat":[303,317],"product_tag":[],"superdeal":[],"product_variant_id":[],"class_list":{"0":"post-273324","1":"product","2":"type-product","3":"status-publish","4":"has-post-thumbnail","6":"product_cat-thca","7":"product_cat-thca-buds-blommor","8":"desktop-align-center","9":"tablet-align-left","10":"mobile-align-left","11":"ast-product-gallery-layout-horizontal-slider","12":"ast-magnify-disabled","13":"ast-product-tabs-layout-horizontal","15":"first","16":"instock","17":"taxable","18":"shipping-taxable","19":"purchasable","20":"product-type-simple"},"yoast_head":"<!-- This site is optimized with the Yoast SEO Premium plugin v26.9 (Yoast SEO v26.9) - https:\/\/yoast.com\/product\/yoast-seo-premium-wordpress\/ -->\n<title>THCA Buds OG Kush 22%<\/title>\n<meta name=\"description\" content=\"THCA Buds OG Kush 22%. Kompakta THCA-coatade popcorn buds med en imponerande halt p\u00e5 22 % THCA. Uppskattad f\u00f6r sin distinkta aromprofil.\" \/>\n<meta name=\"robots\" content=\"noindex, follow, max-snippet:-1, max-image-preview:large, max-video-preview:-1\" \/>\n<meta property=\"og:locale\" content=\"da_DK\" \/>\n<meta property=\"og:type\" content=\"article\" \/>\n<meta property=\"og:title\" content=\"THCA Buds - OG Kush 22%\" \/>\n<meta property=\"og:description\" content=\"THCA Buds OG Kush 22%. Kompakta THCA-coatade popcorn buds med en imponerande halt p\u00e5 22 % THCA. Uppskattad f\u00f6r sin distinkta aromprofil.\" \/>\n<meta property=\"og:url\" content=\"https:\/\/www.swizzle.se\/produkt\/thca-buds-og-kush-22\/\" \/>\n<meta property=\"og:site_name\" content=\"Swizzle\" \/>\n<meta property=\"article:modified_time\" content=\"2026-02-05T13:24:38+00:00\" \/>\n<meta property=\"og:image\" content=\"https:\/\/www.swizzle.se\/wp-content\/uploads\/2025\/08\/OGKush-Smalls_11zon.webp\" \/>\n\t<meta property=\"og:image:width\" content=\"1500\" \/>\n\t<meta property=\"og:image:height\" content=\"1500\" \/>\n\t<meta property=\"og:image:type\" content=\"image\/webp\" \/>\n<meta name=\"twitter:card\" content=\"summary_large_image\" \/>\n<meta name=\"twitter:label1\" content=\"Pris\" \/>\n\t<meta name=\"twitter:data1\" content=\"149.00&nbsp;&#107;&#114;\" \/>\n\t<meta name=\"twitter:label2\" content=\"Tilg\u00e6ngelighed\" \/>\n\t<meta name=\"twitter:data2\" content=\"P\u00e5 lager\" \/>\n<script type=\"application\/ld+json\" class=\"yoast-schema-graph\">{\"@context\":\"https:\/\/schema.org\",\"@graph\":[{\"@type\":\"WebPage\",\"@id\":\"https:\/\/www.swizzle.se\/produkt\/thca-buds-og-kush-22\/\",\"url\":\"https:\/\/www.swizzle.se\/produkt\/thca-buds-og-kush-22\/\",\"name\":\"THCA Buds OG Kush 22%\",\"isPartOf\":{\"@id\":\"https:\/\/staging.swizzle.se\/#website\"},\"primaryImageOfPage\":{\"@id\":\"https:\/\/www.swizzle.se\/produkt\/thca-buds-og-kush-22\/#primaryimage\"},\"image\":{\"@id\":\"https:\/\/www.swizzle.se\/produkt\/thca-buds-og-kush-22\/#primaryimage\"},\"thumbnailUrl\":\"https:\/\/staging.swizzle.se\/wp-content\/uploads\/2025\/08\/OGKush-Smalls_11zon.webp\",\"datePublished\":\"2025-08-21T08:00:16+00:00\",\"dateModified\":\"2026-02-05T13:24:38+00:00\",\"description\":\"THCA Buds OG Kush 22%. Kompakta THCA-coatade popcorn buds med en imponerande halt p\u00e5 22 % THCA. Uppskattad f\u00f6r sin distinkta aromprofil.\",\"breadcrumb\":{\"@id\":\"https:\/\/www.swizzle.se\/produkt\/thca-buds-og-kush-22\/#breadcrumb\"},\"inLanguage\":\"da-DK\",\"potentialAction\":[{\"@type\":\"ReadAction\",\"target\":[\"https:\/\/www.swizzle.se\/produkt\/thca-buds-og-kush-22\/\"]}]},{\"@type\":\"ImageObject\",\"inLanguage\":\"da-DK\",\"@id\":\"https:\/\/www.swizzle.se\/produkt\/thca-buds-og-kush-22\/#primaryimage\",\"url\":\"https:\/\/staging.swizzle.se\/wp-content\/uploads\/2025\/08\/OGKush-Smalls_11zon.webp\",\"contentUrl\":\"https:\/\/staging.swizzle.se\/wp-content\/uploads\/2025\/08\/OGKush-Smalls_11zon.webp\",\"width\":1500,\"height\":1500,\"caption\":\"OG kush thca buds\"},{\"@type\":\"BreadcrumbList\",\"@id\":\"https:\/\/www.swizzle.se\/produkt\/thca-buds-og-kush-22\/#breadcrumb\",\"itemListElement\":[{\"@type\":\"ListItem\",\"position\":1,\"name\":\"Home\",\"item\":\"https:\/\/www.swizzle.se\/\"},{\"@type\":\"ListItem\",\"position\":2,\"name\":\"Shop\",\"item\":\"https:\/\/www.swizzle.se\/shop\/\"},{\"@type\":\"ListItem\",\"position\":3,\"name\":\"THCA\",\"item\":\"https:\/\/www.swizzle.se\/produkt-kategori\/thca\/\"},{\"@type\":\"ListItem\",\"position\":4,\"name\":\"THCA Buds &#8211; OG Kush 22%\"}]},{\"@type\":\"WebSite\",\"@id\":\"https:\/\/staging.swizzle.se\/#website\",\"url\":\"https:\/\/staging.swizzle.se\/\",\"name\":\"Swizzle\",\"description\":\"Nikotin CBD Vapes Snus White Portion\",\"publisher\":{\"@id\":\"https:\/\/staging.swizzle.se\/#organization\"},\"potentialAction\":[{\"@type\":\"SearchAction\",\"target\":{\"@type\":\"EntryPoint\",\"urlTemplate\":\"https:\/\/staging.swizzle.se\/?s={search_term_string}\"},\"query-input\":{\"@type\":\"PropertyValueSpecification\",\"valueRequired\":true,\"valueName\":\"search_term_string\"}}],\"inLanguage\":\"da-DK\"},{\"@type\":\"Organization\",\"@id\":\"https:\/\/staging.swizzle.se\/#organization\",\"name\":\"Swizzle\",\"url\":\"https:\/\/staging.swizzle.se\/\",\"logo\":{\"@type\":\"ImageObject\",\"inLanguage\":\"da-DK\",\"@id\":\"https:\/\/staging.swizzle.se\/#\/schema\/logo\/image\/\",\"url\":\"https:\/\/staging.swizzle.se\/wp-content\/uploads\/2025\/10\/cropped-SWIZZLE.-4.png\",\"contentUrl\":\"https:\/\/staging.swizzle.se\/wp-content\/uploads\/2025\/10\/cropped-SWIZZLE.-4.png\",\"width\":800,\"height\":267,\"caption\":\"Swizzle\"},\"image\":{\"@id\":\"https:\/\/staging.swizzle.se\/#\/schema\/logo\/image\/\"},\"hasMerchantReturnPolicy\":{\"@type\":\"MerchantReturnPolicy\",\"merchantReturnLink\":\"https:\/\/staging.swizzle.se\/dk\/villkor\/\"}}]}<\/script>\n<meta property=\"product:price:amount\" content=\"149.00\" \/>\n<meta property=\"product:price:currency\" content=\"SEK\" \/>\n<meta property=\"og:availability\" content=\"instock\" \/>\n<meta property=\"product:availability\" content=\"instock\" \/>\n<meta property=\"product:retailer_item_id\" content=\"budsogkush\" \/>\n<meta property=\"product:condition\" content=\"new\" \/>\n<!-- \/ Yoast SEO Premium plugin. -->","yoast_head_json":{"title":"THCA Buds OG Kush 22%","description":"THCA Buds OG Kush 22%. Kompakta THCA-coatade popcorn buds med en imponerande halt p\u00e5 22 % THCA. Uppskattad f\u00f6r sin distinkta aromprofil.","robots":{"index":"noindex","follow":"follow","max-snippet":"max-snippet:-1","max-image-preview":"max-image-preview:large","max-video-preview":"max-video-preview:-1"},"og_locale":"da_DK","og_type":"article","og_title":"THCA Buds - OG Kush 22%","og_description":"THCA Buds OG Kush 22%. Kompakta THCA-coatade popcorn buds med en imponerande halt p\u00e5 22 % THCA. Uppskattad f\u00f6r sin distinkta aromprofil.","og_url":"https:\/\/www.swizzle.se\/produkt\/thca-buds-og-kush-22\/","og_site_name":"Swizzle","article_modified_time":"2026-02-05T13:24:38+00:00","og_image":[{"width":1500,"height":1500,"url":"https:\/\/www.swizzle.se\/wp-content\/uploads\/2025\/08\/OGKush-Smalls_11zon.webp","type":"image\/webp"}],"twitter_card":"summary_large_image","twitter_misc":{"Pris":"149.00&nbsp;&#107;&#114;","Tilg\u00e6ngelighed":"P\u00e5 lager"},"schema":{"@context":"https:\/\/schema.org","@graph":[{"@type":"WebPage","@id":"https:\/\/www.swizzle.se\/produkt\/thca-buds-og-kush-22\/","url":"https:\/\/www.swizzle.se\/produkt\/thca-buds-og-kush-22\/","name":"THCA Buds OG Kush 22%","isPartOf":{"@id":"https:\/\/staging.swizzle.se\/#website"},"primaryImageOfPage":{"@id":"https:\/\/www.swizzle.se\/produkt\/thca-buds-og-kush-22\/#primaryimage"},"image":{"@id":"https:\/\/www.swizzle.se\/produkt\/thca-buds-og-kush-22\/#primaryimage"},"thumbnailUrl":"https:\/\/staging.swizzle.se\/wp-content\/uploads\/2025\/08\/OGKush-Smalls_11zon.webp","datePublished":"2025-08-21T08:00:16+00:00","dateModified":"2026-02-05T13:24:38+00:00","description":"THCA Buds OG Kush 22%. Kompakta THCA-coatade popcorn buds med en imponerande halt p\u00e5 22 % THCA. Uppskattad f\u00f6r sin distinkta aromprofil.","breadcrumb":{"@id":"https:\/\/www.swizzle.se\/produkt\/thca-buds-og-kush-22\/#breadcrumb"},"inLanguage":"da-DK","potentialAction":[{"@type":"ReadAction","target":["https:\/\/www.swizzle.se\/produkt\/thca-buds-og-kush-22\/"]}]},{"@type":"ImageObject","inLanguage":"da-DK","@id":"https:\/\/www.swizzle.se\/produkt\/thca-buds-og-kush-22\/#primaryimage","url":"https:\/\/staging.swizzle.se\/wp-content\/uploads\/2025\/08\/OGKush-Smalls_11zon.webp","contentUrl":"https:\/\/staging.swizzle.se\/wp-content\/uploads\/2025\/08\/OGKush-Smalls_11zon.webp","width":1500,"height":1500,"caption":"OG kush thca buds"},{"@type":"BreadcrumbList","@id":"https:\/\/www.swizzle.se\/produkt\/thca-buds-og-kush-22\/#breadcrumb","itemListElement":[{"@type":"ListItem","position":1,"name":"Home","item":"https:\/\/www.swizzle.se\/"},{"@type":"ListItem","position":2,"name":"Shop","item":"https:\/\/www.swizzle.se\/shop\/"},{"@type":"ListItem","position":3,"name":"THCA","item":"https:\/\/www.swizzle.se\/produkt-kategori\/thca\/"},{"@type":"ListItem","position":4,"name":"THCA Buds &#8211; OG Kush 22%"}]},{"@type":"WebSite","@id":"https:\/\/staging.swizzle.se\/#website","url":"https:\/\/staging.swizzle.se\/","name":"Swizzle","description":"Nikotin CBD Vapes Snus Hvid Portion","publisher":{"@id":"https:\/\/staging.swizzle.se\/#organization"},"potentialAction":[{"@type":"SearchAction","target":{"@type":"EntryPoint","urlTemplate":"https:\/\/staging.swizzle.se\/?s={search_term_string}"},"query-input":{"@type":"PropertyValueSpecification","valueRequired":true,"valueName":"search_term_string"}}],"inLanguage":"da-DK"},{"@type":"Organization","@id":"https:\/\/staging.swizzle.se\/#organization","name":"Swizzle","url":"https:\/\/staging.swizzle.se\/","logo":{"@type":"ImageObject","inLanguage":"da-DK","@id":"https:\/\/staging.swizzle.se\/#\/schema\/logo\/image\/","url":"https:\/\/staging.swizzle.se\/wp-content\/uploads\/2025\/10\/cropped-SWIZZLE.-4.png","contentUrl":"https:\/\/staging.swizzle.se\/wp-content\/uploads\/2025\/10\/cropped-SWIZZLE.-4.png","width":800,"height":267,"caption":"Swizzle"},"image":{"@id":"https:\/\/staging.swizzle.se\/#\/schema\/logo\/image\/"},"hasMerchantReturnPolicy":{"@type":"MerchantReturnPolicy","merchantReturnLink":"https:\/\/staging.swizzle.se\/dk\/villkor\/"}}]},"product_price_amount":"149.00","product_price_currency":"SEK","og_availability":"instock","product_availability":"instock","product_retailer_item_id":"budsogkush","product_condition":"new"},"tiered_pricing_type":"fixed","tiered_pricing_fixed_rules":[],"tiered_pricing_product_settings":{"layout":"default","base_unit_name":{"singular":null,"plural":null},"default_variation":null},"tiered_pricing_minimum_quantity":null,"tiered_pricing_roles_data":[],"tiered_pricing_percentage_rules":[],"tiered_pricing_maximum_quantity":null,"tiered_pricing_quantity_step":null,"_links":{"self":[{"href":"https:\/\/staging.swizzle.se\/dk\/wp-json\/wp\/v2\/product\/273324","targetHints":{"allow":["GET"]}}],"collection":[{"href":"https:\/\/staging.swizzle.se\/dk\/wp-json\/wp\/v2\/product"}],"about":[{"href":"https:\/\/staging.swizzle.se\/dk\/wp-json\/wp\/v2\/types\/product"}],"replies":[{"embeddable":true,"href":"https:\/\/staging.swizzle.se\/dk\/wp-json\/wp\/v2\/comments?post=273324"}],"version-history":[{"count":0,"href":"https:\/\/staging.swizzle.se\/dk\/wp-json\/wp\/v2\/product\/273324\/revisions"}],"wp:featuredmedia":[{"embeddable":true,"href":"https:\/\/staging.swizzle.se\/dk\/wp-json\/wp\/v2\/media\/275388"}],"wp:attachment":[{"href":"https:\/\/staging.swizzle.se\/dk\/wp-json\/wp\/v2\/media?parent=273324"}],"wp:term":[{"taxonomy":"product_brand","embeddable":true,"href":"https:\/\/staging.swizzle.se\/dk\/wp-json\/wp\/v2\/product_brand?post=273324"},{"taxonomy":"product_cat","embeddable":true,"href":"https:\/\/staging.swizzle.se\/dk\/wp-json\/wp\/v2\/product_cat?post=273324"},{"taxonomy":"product_tag","embeddable":true,"href":"https:\/\/staging.swizzle.se\/dk\/wp-json\/wp\/v2\/product_tag?post=273324"},{"taxonomy":"superdeal","embeddable":true,"href":"https:\/\/staging.swizzle.se\/dk\/wp-json\/wp\/v2\/superdeal?post=273324"},{"taxonomy":"product_variant_id","embeddable":true,"href":"https:\/\/staging.swizzle.se\/dk\/wp-json\/wp\/v2\/product_variant_id?post=273324"}],"curies":[{"name":"wp","href":"https:\/\/api.w.org\/{rel}","templated":true}]}}