{"id":273220,"date":"2025-08-19T09:39:12","date_gmt":"2025-08-19T09:39:12","guid":{"rendered":"https:\/\/staging.swizzle.se\/?post_type=product&#038;p=273220"},"modified":"2026-02-04T14:04:55","modified_gmt":"2026-02-04T14:04:55","slug":"cbd-cbn-vape-tart-apricot-magic-farmers","status":"publish","type":"product","link":"https:\/\/staging.swizzle.se\/dk\/product-2\/cbd-cbn-vape-tart-apricot-magic-farmers\/","title":{"rendered":"CBD-CBN VAPE Tart Apricot &#8211; Magic Farmers"},"content":{"rendered":"<h2>CBD-CBN VAPE Tart Apricot &#8211; Magic Farmers<\/h2>\n<h4>25% CBD &amp; 35% CBN (1000 puffar)<\/h4>\n<p>Upplev en kraftfull och smakrik vape med v\u00e5r CBD-CBN VAPE Tart Apricot &#8211; Magic Farmers. Denna eng\u00e5ngsvape inneh\u00e5ller hela <strong>25 % CBD<\/strong> och <strong>35 % CBN<\/strong>, vilket g\u00f6r den idealisk f\u00f6r dig som s\u00f6ker <em>avslappning, \u00e5terh\u00e4mtning och lugn<\/em> utan psykoaktiv effekt.<\/p>\n<p>Med upp till <strong>1000 puffar<\/strong> per enhet \u00e4r denna vape pen ett <em>l\u00e5ngvarigt och bekv\u00e4mt alternativ<\/em> f\u00f6r b\u00e5de vardag och kv\u00e4llsbruk. Smaken <strong>Tart Apricot<\/strong> bjuder p\u00e5 en frisk, syrlig smak av aprikos f\u00f6r en fr\u00e4sch och njutbar upplevelse vid varje drag.<\/p>\n<ul>\n<li><strong>25 %<\/strong> CBD &amp; <strong>35 %<\/strong> CBN<\/li>\n<li><strong>Volym<\/strong>: 2ml<\/li>\n<li><strong>Smak:<\/strong> Tart Apricot<\/li>\n<li><strong>Puffar:<\/strong> ca 1000 per penna<\/li>\n<li><strong>Type:<\/strong> Eng\u00e5ngsvape \u2013 ingen laddning eller p\u00e5fyllning kr\u00e4vs<\/li>\n<li><strong>Effekt:<\/strong> Lugn, avslappnad &amp; stressreducerande k\u00e4nsla<\/li>\n<\/ul>\n<p>Den h\u00e4r <strong>CBD\/CBN vape pen<\/strong> \u00e4r perfekt f\u00f6r dig som vill <strong>k\u00f6pa CBD-vape online<\/strong> och s\u00f6ker en <em>diskret, r\u00f6kfri och anv\u00e4ndarv\u00e4nlig<\/em> produkt med h\u00f6g styrka och l\u00e5ng h\u00e5llbarhet. Klar att anv\u00e4nda direkt \u2013 bara \u00f6ppna f\u00f6rpackningen och b\u00f6rja puffa.<\/p>\n<p>&nbsp;<\/p>\n<p>Bem\u00e6rk!<br \/>\nDu skal v\u00e6re mindst 18 \u00e5r gammel for at k\u00f8be dette produkt. Det er ikke beregnet som medicin, kosttilskud eller naturprodukt. Vi opfordrer ikke til at indtage eller ryge dette produkt. Opbevar det utilg\u00e6ngeligt for b\u00f8rn Vi fraskriver os ethvert ansvar for, hvordan du som kunde bruger vores produkter. Vi s\u00e6lger dem til indsamlings- og prydform\u00e5l.<\/p>","protected":false},"excerpt":{"rendered":"<p><strong>CBD-CBN VAPE Tart Apricot &#8211; Magic Farmers<\/strong><\/p>\n<p>Upplev en kraftfull och smakrik vape med v\u00e5r <strong>CBD-CBN VAPE Tart Apricot &#8211; Magic Farmers.<\/strong> Denna eng\u00e5ngsvape inneh\u00e5ller hela <strong>25 % CBD<\/strong> och <strong>35 % CBN<\/strong>,<\/p>\n<p>vilket g\u00f6r den idealisk f\u00f6r dig som s\u00f6ker <em>avslappning, \u00e5terh\u00e4mtning och lugn<\/em> utan psykoaktiv effekt.<\/p>\n<ul>\n<li><strong>25 %<\/strong> CBD &amp; <strong>35 %<\/strong> CBN<\/li>\n<li><strong>Smak:<\/strong> Tart Apricot<\/li>\n<li><strong>Puffar:<\/strong> ca 1000 per penna<\/li>\n<li><strong>Type:<\/strong> Eng\u00e5ngsvape \u2013 ingen laddning eller p\u00e5fyllning kr\u00e4vs<\/li>\n<li><strong>Effekt:<\/strong> Lugn, avslappnad &amp; stressreducerande k\u00e4nsla<\/li>\n<\/ul>","protected":false},"featured_media":273407,"comment_status":"open","ping_status":"closed","template":"","meta":{"site-sidebar-layout":"default","site-content-layout":"","ast-site-content-layout":"default","site-content-style":"default","site-sidebar-style":"default","ast-global-header-display":"","ast-banner-title-visibility":"","ast-main-header-display":"","ast-hfb-above-header-display":"","ast-hfb-below-header-display":"","ast-hfb-mobile-header-display":"","site-post-title":"","ast-breadcrumbs-content":"","ast-featured-img":"","footer-sml-layout":"","ast-disable-related-posts":"","theme-transparent-header-meta":"default","adv-header-id-meta":"","stick-header-meta":"","header-above-stick-meta":"","header-main-stick-meta":"","header-below-stick-meta":"","astra-migrate-meta-layouts":"set","ast-page-background-enabled":"default","ast-page-background-meta":{"desktop":{"background-color":"var(--ast-global-color-4)","background-image":"","background-repeat":"repeat","background-position":"center center","background-size":"auto","background-attachment":"scroll","background-type":"","background-media":"","overlay-type":"","overlay-color":"","overlay-opacity":"","overlay-gradient":""},"tablet":{"background-color":"","background-image":"","background-repeat":"repeat","background-position":"center center","background-size":"auto","background-attachment":"scroll","background-type":"","background-media":"","overlay-type":"","overlay-color":"","overlay-opacity":"","overlay-gradient":""},"mobile":{"background-color":"","background-image":"","background-repeat":"repeat","background-position":"center center","background-size":"auto","background-attachment":"scroll","background-type":"","background-media":"","overlay-type":"","overlay-color":"","overlay-opacity":"","overlay-gradient":""}},"ast-content-background-meta":{"desktop":{"background-color":"var(--ast-global-color-5)","background-image":"","background-repeat":"repeat","background-position":"center center","background-size":"auto","background-attachment":"scroll","background-type":"","background-media":"","overlay-type":"","overlay-color":"","overlay-opacity":"","overlay-gradient":""},"tablet":{"background-color":"var(--ast-global-color-5)","background-image":"","background-repeat":"repeat","background-position":"center center","background-size":"auto","background-attachment":"scroll","background-type":"","background-media":"","overlay-type":"","overlay-color":"","overlay-opacity":"","overlay-gradient":""},"mobile":{"background-color":"var(--ast-global-color-5)","background-image":"","background-repeat":"repeat","background-position":"center center","background-size":"auto","background-attachment":"scroll","background-type":"","background-media":"","overlay-type":"","overlay-color":"","overlay-opacity":"","overlay-gradient":""}}},"product_brand":[756],"product_cat":[434,331,411,442],"product_tag":[],"superdeal":[],"product_variant_id":[],"class_list":{"0":"post-273220","1":"product","2":"type-product","3":"status-publish","4":"has-post-thumbnail","6":"product_brand-magic-farmers","7":"product_cat-cbd-vapes","8":"product_cat-cbd-g-n","9":"product_cat-cbg-n","10":"product_cat-cbn","11":"desktop-align-center","12":"tablet-align-left","13":"mobile-align-left","14":"ast-product-gallery-layout-horizontal-slider","15":"ast-magnify-disabled","16":"ast-product-tabs-layout-horizontal","18":"first","19":"instock","20":"taxable","21":"shipping-taxable","22":"purchasable","23":"product-type-simple"},"yoast_head":"<!-- This site is optimized with the Yoast SEO Premium plugin v26.9 (Yoast SEO v26.9) - https:\/\/yoast.com\/product\/yoast-seo-premium-wordpress\/ -->\n<title>CBD-CBN VAPE Tart Apricot - Magic Farmers<\/title>\n<meta name=\"description\" content=\"CBD-CBN VAPE Tart Apricot - Magic Farmers. Upplev en kraftfull och smakrik vape. Denna eng\u00e5ngsvape inneh\u00e5ller hela 25 % CBD och 35 % CBN.\" \/>\n<meta name=\"robots\" content=\"noindex, follow, max-snippet:-1, max-image-preview:large, max-video-preview:-1\" \/>\n<meta property=\"og:locale\" content=\"da_DK\" \/>\n<meta property=\"og:type\" content=\"article\" \/>\n<meta property=\"og:title\" content=\"CBD-CBN VAPE Tart Apricot - Magic Farmers\" \/>\n<meta property=\"og:description\" content=\"CBD-CBN VAPE Tart Apricot - Magic Farmers. Upplev en kraftfull och smakrik vape. Denna eng\u00e5ngsvape inneh\u00e5ller hela 25 % CBD och 35 % CBN.\" \/>\n<meta property=\"og:url\" content=\"https:\/\/www.swizzle.se\/produkt\/cbd-cbn-vape-tart-apricot-magic-farmers\/\" \/>\n<meta property=\"og:site_name\" content=\"Swizzle\" \/>\n<meta property=\"article:modified_time\" content=\"2026-02-04T14:04:55+00:00\" \/>\n<meta property=\"og:image\" content=\"https:\/\/www.swizzle.se\/wp-content\/uploads\/2025\/08\/mockup_CBNCBD_2ml_APRICOT.png\" \/>\n\t<meta property=\"og:image:width\" content=\"800\" \/>\n\t<meta property=\"og:image:height\" content=\"800\" \/>\n\t<meta property=\"og:image:type\" content=\"image\/png\" \/>\n<meta name=\"twitter:card\" content=\"summary_large_image\" \/>\n<meta name=\"twitter:label1\" content=\"Pris\" \/>\n\t<meta name=\"twitter:data1\" content=\"490.00&nbsp;&#107;&#114;\" \/>\n\t<meta name=\"twitter:label2\" content=\"Tilg\u00e6ngelighed\" \/>\n\t<meta name=\"twitter:data2\" content=\"P\u00e5 lager\" \/>\n<script type=\"application\/ld+json\" class=\"yoast-schema-graph\">{\"@context\":\"https:\/\/schema.org\",\"@graph\":[{\"@type\":\"WebPage\",\"@id\":\"https:\/\/www.swizzle.se\/produkt\/cbd-cbn-vape-tart-apricot-magic-farmers\/\",\"url\":\"https:\/\/www.swizzle.se\/produkt\/cbd-cbn-vape-tart-apricot-magic-farmers\/\",\"name\":\"CBD-CBN VAPE Tart Apricot - Magic Farmers\",\"isPartOf\":{\"@id\":\"https:\/\/staging.swizzle.se\/#website\"},\"primaryImageOfPage\":{\"@id\":\"https:\/\/www.swizzle.se\/produkt\/cbd-cbn-vape-tart-apricot-magic-farmers\/#primaryimage\"},\"image\":{\"@id\":\"https:\/\/www.swizzle.se\/produkt\/cbd-cbn-vape-tart-apricot-magic-farmers\/#primaryimage\"},\"thumbnailUrl\":\"https:\/\/staging.swizzle.se\/wp-content\/uploads\/2025\/08\/mockup_CBNCBD_2ml_APRICOT.png\",\"datePublished\":\"2025-08-19T09:39:12+00:00\",\"dateModified\":\"2026-02-04T14:04:55+00:00\",\"description\":\"CBD-CBN VAPE Tart Apricot - Magic Farmers. Upplev en kraftfull och smakrik vape. Denna eng\u00e5ngsvape inneh\u00e5ller hela 25 % CBD och 35 % CBN.\",\"breadcrumb\":{\"@id\":\"https:\/\/www.swizzle.se\/produkt\/cbd-cbn-vape-tart-apricot-magic-farmers\/#breadcrumb\"},\"inLanguage\":\"da-DK\",\"potentialAction\":[{\"@type\":\"ReadAction\",\"target\":[\"https:\/\/www.swizzle.se\/produkt\/cbd-cbn-vape-tart-apricot-magic-farmers\/\"]}]},{\"@type\":\"ImageObject\",\"inLanguage\":\"da-DK\",\"@id\":\"https:\/\/www.swizzle.se\/produkt\/cbd-cbn-vape-tart-apricot-magic-farmers\/#primaryimage\",\"url\":\"https:\/\/staging.swizzle.se\/wp-content\/uploads\/2025\/08\/mockup_CBNCBD_2ml_APRICOT.png\",\"contentUrl\":\"https:\/\/staging.swizzle.se\/wp-content\/uploads\/2025\/08\/mockup_CBNCBD_2ml_APRICOT.png\",\"width\":800,\"height\":800,\"caption\":\"Bild vape\"},{\"@type\":\"BreadcrumbList\",\"@id\":\"https:\/\/www.swizzle.se\/produkt\/cbd-cbn-vape-tart-apricot-magic-farmers\/#breadcrumb\",\"itemListElement\":[{\"@type\":\"ListItem\",\"position\":1,\"name\":\"Home\",\"item\":\"https:\/\/www.swizzle.se\/\"},{\"@type\":\"ListItem\",\"position\":2,\"name\":\"Shop\",\"item\":\"https:\/\/www.swizzle.se\/shop\/\"},{\"@type\":\"ListItem\",\"position\":3,\"name\":\"CANNABINOIDER\",\"item\":\"https:\/\/www.swizzle.se\/produkt-kategori\/cannabinoider\/\"},{\"@type\":\"ListItem\",\"position\":4,\"name\":\"CBD\/G\/N\",\"item\":\"https:\/\/www.swizzle.se\/produkt-kategori\/cannabinoider\/cbd-g-n\/\"},{\"@type\":\"ListItem\",\"position\":5,\"name\":\"CBD-CBN VAPE Tart Apricot &#8211; Magic Farmers\"}]},{\"@type\":\"WebSite\",\"@id\":\"https:\/\/staging.swizzle.se\/#website\",\"url\":\"https:\/\/staging.swizzle.se\/\",\"name\":\"Swizzle\",\"description\":\"Nikotin CBD Vapes Snus White Portion\",\"publisher\":{\"@id\":\"https:\/\/staging.swizzle.se\/#organization\"},\"potentialAction\":[{\"@type\":\"SearchAction\",\"target\":{\"@type\":\"EntryPoint\",\"urlTemplate\":\"https:\/\/staging.swizzle.se\/?s={search_term_string}\"},\"query-input\":{\"@type\":\"PropertyValueSpecification\",\"valueRequired\":true,\"valueName\":\"search_term_string\"}}],\"inLanguage\":\"da-DK\"},{\"@type\":\"Organization\",\"@id\":\"https:\/\/staging.swizzle.se\/#organization\",\"name\":\"Swizzle\",\"url\":\"https:\/\/staging.swizzle.se\/\",\"logo\":{\"@type\":\"ImageObject\",\"inLanguage\":\"da-DK\",\"@id\":\"https:\/\/staging.swizzle.se\/#\/schema\/logo\/image\/\",\"url\":\"https:\/\/staging.swizzle.se\/wp-content\/uploads\/2025\/10\/cropped-SWIZZLE.-4.png\",\"contentUrl\":\"https:\/\/staging.swizzle.se\/wp-content\/uploads\/2025\/10\/cropped-SWIZZLE.-4.png\",\"width\":800,\"height\":267,\"caption\":\"Swizzle\"},\"image\":{\"@id\":\"https:\/\/staging.swizzle.se\/#\/schema\/logo\/image\/\"},\"hasMerchantReturnPolicy\":{\"@type\":\"MerchantReturnPolicy\",\"merchantReturnLink\":\"https:\/\/staging.swizzle.se\/dk\/villkor\/\"}}]}<\/script>\n<meta property=\"product:price:amount\" content=\"490.00\" \/>\n<meta property=\"product:price:currency\" content=\"SEK\" \/>\n<meta property=\"og:availability\" content=\"instock\" \/>\n<meta property=\"product:availability\" content=\"instock\" \/>\n<meta property=\"product:retailer_item_id\" content=\"MFCBDtavape\" \/>\n<meta property=\"product:condition\" content=\"new\" \/>\n<!-- \/ Yoast SEO Premium plugin. -->","yoast_head_json":{"title":"CBD-CBN VAPE Tart Apricot - Magic Farmers","description":"CBD-CBN VAPE Tart Apricot - Magic Farmers. Upplev en kraftfull och smakrik vape. Denna eng\u00e5ngsvape inneh\u00e5ller hela 25 % CBD och 35 % CBN.","robots":{"index":"noindex","follow":"follow","max-snippet":"max-snippet:-1","max-image-preview":"max-image-preview:large","max-video-preview":"max-video-preview:-1"},"og_locale":"da_DK","og_type":"article","og_title":"CBD-CBN VAPE Tart Apricot - Magic Farmers","og_description":"CBD-CBN VAPE Tart Apricot - Magic Farmers. Upplev en kraftfull och smakrik vape. Denna eng\u00e5ngsvape inneh\u00e5ller hela 25 % CBD och 35 % CBN.","og_url":"https:\/\/www.swizzle.se\/produkt\/cbd-cbn-vape-tart-apricot-magic-farmers\/","og_site_name":"Swizzle","article_modified_time":"2026-02-04T14:04:55+00:00","og_image":[{"width":800,"height":800,"url":"https:\/\/www.swizzle.se\/wp-content\/uploads\/2025\/08\/mockup_CBNCBD_2ml_APRICOT.png","type":"image\/png"}],"twitter_card":"summary_large_image","twitter_misc":{"Pris":"490.00&nbsp;&#107;&#114;","Tilg\u00e6ngelighed":"P\u00e5 lager"},"schema":{"@context":"https:\/\/schema.org","@graph":[{"@type":"WebPage","@id":"https:\/\/www.swizzle.se\/produkt\/cbd-cbn-vape-tart-apricot-magic-farmers\/","url":"https:\/\/www.swizzle.se\/produkt\/cbd-cbn-vape-tart-apricot-magic-farmers\/","name":"CBD-CBN VAPE Tart Apricot - Magic Farmers","isPartOf":{"@id":"https:\/\/staging.swizzle.se\/#website"},"primaryImageOfPage":{"@id":"https:\/\/www.swizzle.se\/produkt\/cbd-cbn-vape-tart-apricot-magic-farmers\/#primaryimage"},"image":{"@id":"https:\/\/www.swizzle.se\/produkt\/cbd-cbn-vape-tart-apricot-magic-farmers\/#primaryimage"},"thumbnailUrl":"https:\/\/staging.swizzle.se\/wp-content\/uploads\/2025\/08\/mockup_CBNCBD_2ml_APRICOT.png","datePublished":"2025-08-19T09:39:12+00:00","dateModified":"2026-02-04T14:04:55+00:00","description":"CBD-CBN VAPE Tart Apricot - Magic Farmers. Upplev en kraftfull och smakrik vape. Denna eng\u00e5ngsvape inneh\u00e5ller hela 25 % CBD och 35 % CBN.","breadcrumb":{"@id":"https:\/\/www.swizzle.se\/produkt\/cbd-cbn-vape-tart-apricot-magic-farmers\/#breadcrumb"},"inLanguage":"da-DK","potentialAction":[{"@type":"ReadAction","target":["https:\/\/www.swizzle.se\/produkt\/cbd-cbn-vape-tart-apricot-magic-farmers\/"]}]},{"@type":"ImageObject","inLanguage":"da-DK","@id":"https:\/\/www.swizzle.se\/produkt\/cbd-cbn-vape-tart-apricot-magic-farmers\/#primaryimage","url":"https:\/\/staging.swizzle.se\/wp-content\/uploads\/2025\/08\/mockup_CBNCBD_2ml_APRICOT.png","contentUrl":"https:\/\/staging.swizzle.se\/wp-content\/uploads\/2025\/08\/mockup_CBNCBD_2ml_APRICOT.png","width":800,"height":800,"caption":"Bild vape"},{"@type":"BreadcrumbList","@id":"https:\/\/www.swizzle.se\/produkt\/cbd-cbn-vape-tart-apricot-magic-farmers\/#breadcrumb","itemListElement":[{"@type":"ListItem","position":1,"name":"Home","item":"https:\/\/www.swizzle.se\/"},{"@type":"ListItem","position":2,"name":"Shop","item":"https:\/\/www.swizzle.se\/shop\/"},{"@type":"ListItem","position":3,"name":"CANNABINOIDER","item":"https:\/\/www.swizzle.se\/produkt-kategori\/cannabinoider\/"},{"@type":"ListItem","position":4,"name":"CBD\/G\/N","item":"https:\/\/www.swizzle.se\/produkt-kategori\/cannabinoider\/cbd-g-n\/"},{"@type":"ListItem","position":5,"name":"CBD-CBN VAPE Tart Apricot &#8211; Magic Farmers"}]},{"@type":"WebSite","@id":"https:\/\/staging.swizzle.se\/#website","url":"https:\/\/staging.swizzle.se\/","name":"Swizzle","description":"Nikotin CBD Vapes Snus Hvid Portion","publisher":{"@id":"https:\/\/staging.swizzle.se\/#organization"},"potentialAction":[{"@type":"SearchAction","target":{"@type":"EntryPoint","urlTemplate":"https:\/\/staging.swizzle.se\/?s={search_term_string}"},"query-input":{"@type":"PropertyValueSpecification","valueRequired":true,"valueName":"search_term_string"}}],"inLanguage":"da-DK"},{"@type":"Organization","@id":"https:\/\/staging.swizzle.se\/#organization","name":"Swizzle","url":"https:\/\/staging.swizzle.se\/","logo":{"@type":"ImageObject","inLanguage":"da-DK","@id":"https:\/\/staging.swizzle.se\/#\/schema\/logo\/image\/","url":"https:\/\/staging.swizzle.se\/wp-content\/uploads\/2025\/10\/cropped-SWIZZLE.-4.png","contentUrl":"https:\/\/staging.swizzle.se\/wp-content\/uploads\/2025\/10\/cropped-SWIZZLE.-4.png","width":800,"height":267,"caption":"Swizzle"},"image":{"@id":"https:\/\/staging.swizzle.se\/#\/schema\/logo\/image\/"},"hasMerchantReturnPolicy":{"@type":"MerchantReturnPolicy","merchantReturnLink":"https:\/\/staging.swizzle.se\/dk\/villkor\/"}}]},"product_price_amount":"490.00","product_price_currency":"SEK","og_availability":"instock","product_availability":"instock","product_retailer_item_id":"MFCBDtavape","product_condition":"new"},"tiered_pricing_type":"fixed","tiered_pricing_fixed_rules":[],"tiered_pricing_product_settings":{"layout":"default","base_unit_name":{"singular":null,"plural":null},"default_variation":null},"tiered_pricing_minimum_quantity":null,"tiered_pricing_roles_data":[],"tiered_pricing_percentage_rules":[],"tiered_pricing_maximum_quantity":null,"tiered_pricing_quantity_step":null,"_links":{"self":[{"href":"https:\/\/staging.swizzle.se\/dk\/wp-json\/wp\/v2\/product\/273220","targetHints":{"allow":["GET"]}}],"collection":[{"href":"https:\/\/staging.swizzle.se\/dk\/wp-json\/wp\/v2\/product"}],"about":[{"href":"https:\/\/staging.swizzle.se\/dk\/wp-json\/wp\/v2\/types\/product"}],"replies":[{"embeddable":true,"href":"https:\/\/staging.swizzle.se\/dk\/wp-json\/wp\/v2\/comments?post=273220"}],"version-history":[{"count":0,"href":"https:\/\/staging.swizzle.se\/dk\/wp-json\/wp\/v2\/product\/273220\/revisions"}],"wp:featuredmedia":[{"embeddable":true,"href":"https:\/\/staging.swizzle.se\/dk\/wp-json\/wp\/v2\/media\/273407"}],"wp:attachment":[{"href":"https:\/\/staging.swizzle.se\/dk\/wp-json\/wp\/v2\/media?parent=273220"}],"wp:term":[{"taxonomy":"product_brand","embeddable":true,"href":"https:\/\/staging.swizzle.se\/dk\/wp-json\/wp\/v2\/product_brand?post=273220"},{"taxonomy":"product_cat","embeddable":true,"href":"https:\/\/staging.swizzle.se\/dk\/wp-json\/wp\/v2\/product_cat?post=273220"},{"taxonomy":"product_tag","embeddable":true,"href":"https:\/\/staging.swizzle.se\/dk\/wp-json\/wp\/v2\/product_tag?post=273220"},{"taxonomy":"superdeal","embeddable":true,"href":"https:\/\/staging.swizzle.se\/dk\/wp-json\/wp\/v2\/superdeal?post=273220"},{"taxonomy":"product_variant_id","embeddable":true,"href":"https:\/\/staging.swizzle.se\/dk\/wp-json\/wp\/v2\/product_variant_id?post=273220"}],"curies":[{"name":"wp","href":"https:\/\/api.w.org\/{rel}","templated":true}]}}