{"id":272617,"date":"2025-07-30T14:36:43","date_gmt":"2025-07-30T14:36:43","guid":{"rendered":"https:\/\/staging.swizzle.se\/?post_type=product&#038;p=272617"},"modified":"2026-02-04T14:09:15","modified_gmt":"2026-02-04T14:09:15","slug":"sleep-e-happy-caps-60-kapslar","status":"publish","type":"product","link":"https:\/\/staging.swizzle.se\/dk\/product-2\/sleep-e-happy-caps-60-kapslar\/","title":{"rendered":"Sleep-e Happy Caps 60 kapslar"},"content":{"rendered":"<p><!-- Produktbeskrivning f\u00f6r \"Dream and Restore \u2013 60 kapslar\" i HTML --><\/p>\n<article class=\"product-description\">\n<header>\n<h1>Sleep-e Happy Caps 60 kapslar<\/h1>\n<p>&nbsp;<\/p>\n<h2>Sleep-e Happy Caps \u2013 f\u00f6r s\u00f6mn &amp; \u00e5terh\u00e4mtning<\/h2>\n<p>St\u00f6d kroppens naturliga dygnsrytm med <strong>Sleep-e<\/strong> \u2013 ett noggrant sammansatt kosttillskott med<br \/>\n<strong>kamomill, valerianarot, magnesium, 5-HTP och melatonin<\/strong>. Formulerad f\u00f6r att fr\u00e4mja djupare s\u00f6mn<br \/>\noch nattlig \u00e5terh\u00e4mtning.<\/p>\n<\/header>\n<section id=\"dosering\">\n<h2>Rekommenderad anv\u00e4ndning<\/h2>\n<p>Ta <strong>1 kapsel dagligen<\/strong> strax f\u00f6re s\u00e4ngg\u00e5endet tillsammans med ett glas vatten.<\/p>\n<\/section>\n<section id=\"innehall\">\n<h2>Inneh\u00e5ll per kapsel<\/h2>\n<ul>\n<li>Kamomillextrakt<\/li>\n<li>Valerianarotextrakt<\/li>\n<li>Magnesiumglycinat<\/li>\n<li>5-Hydroxytryptofan (5-HTP)<\/li>\n<li>Melatonin<\/li>\n<li>Vitamin D3<\/li>\n<\/ul>\n<p><strong>F\u00f6rpackningsstorlek:<\/strong> 60 kapslar<\/p>\n<p><strong>Ursprungsland:<\/strong> Nederl\u00e4nderna<\/p>\n<p><strong>Kategori:<\/strong> Kosttillskott<\/p>\n<\/section>\n<section id=\"varningar\">\n<h2>Varningar &amp; s\u00e4kerhetsinformation<\/h2>\n<ul>\n<li>Ej l\u00e4mplig f\u00f6r gravida eller ammande kvinnor.<\/li>\n<li>Undvik att k\u00f6ra bil eller anv\u00e4nda maskiner efter intag.<\/li>\n<li>F\u00f6rvaras o\u00e5tkomligt f\u00f6r barn under 18 \u00e5r.<\/li>\n<li>R\u00e5dg\u00f6r med l\u00e4kare innan anv\u00e4ndning om du tar receptbelagda l\u00e4kemedel eller har ett medicinskt tillst\u00e5nd.<\/li>\n<li>Undvik alkohol och vissa l\u00e4kemedel i samband med anv\u00e4ndning.<\/li>\n<li>Anv\u00e4nd ej om du har nedsatt lever- eller njurfunktion.<\/li>\n<\/ul>\n<\/section>\n<footer><em>Dream and Restore \u2013 f\u00f6r dig som s\u00f6ker en naturligt balanserad v\u00e4g till b\u00e4ttre s\u00f6mn och \u00e5terh\u00e4mtning.<\/em>Se ogs\u00e5 her:\u00a0<a href=\"https:\/\/staging.swizzle.se\/dk\/product-2\/sleepys-melatonin-cbn\/\">Sleepy&#8217;s <\/a>och\u00a0<a href=\"https:\/\/staging.swizzle.se\/dk\/product-2\/euphoria-mushrooms-stress-relief\/\">stress relief<\/a><\/p>\n<p>Bem\u00e6rk!<br \/>\nDu m\u00e5ste vara minst 18 \u00e5r f\u00f6r att k\u00f6pa denna produkt. Den \u00e4r inte avsedd som l\u00e4kemedel, kosttillskott eller naturprodukt. Vi uppmuntrar inte till konsumtion, f\u00f6rt\u00e4ring eller r\u00f6kning av produkten. F\u00f6rvara den utom r\u00e4ckh\u00e5ll f\u00f6r barn.Vi friskriver oss fr\u00e5n hur du som kund anv\u00e4nder v\u00e5ra produkter. Vi s\u00e4ljer dem f\u00f6r samlings- och prydnadssyften.<\/p>\n<\/footer>\n<\/article>","protected":false},"excerpt":{"rendered":"<p><strong>Sleep-e Happy Caps 60 kapslar<\/strong><\/p>\n<p>St\u00f6d kroppens naturliga dygnsrytm med Sleep-e Happy Caps 60 kapslar\u00a0\u2013 ett noggrant sammansatt kosttillskott med<br \/>\n<strong>kamomill, valerianarot, magnesium, 5-HTP och melatonin<\/strong>. Formulerad f\u00f6r att fr\u00e4mja djupare s\u00f6mn<br \/>\noch nattlig \u00e5terh\u00e4mtning.<\/p>","protected":false},"featured_media":272618,"comment_status":"open","ping_status":"closed","template":"","meta":{"site-sidebar-layout":"default","site-content-layout":"","ast-site-content-layout":"default","site-content-style":"default","site-sidebar-style":"default","ast-global-header-display":"","ast-banner-title-visibility":"","ast-main-header-display":"","ast-hfb-above-header-display":"","ast-hfb-below-header-display":"","ast-hfb-mobile-header-display":"","site-post-title":"","ast-breadcrumbs-content":"","ast-featured-img":"","footer-sml-layout":"","ast-disable-related-posts":"","theme-transparent-header-meta":"default","adv-header-id-meta":"","stick-header-meta":"","header-above-stick-meta":"","header-main-stick-meta":"","header-below-stick-meta":"","astra-migrate-meta-layouts":"set","ast-page-background-enabled":"default","ast-page-background-meta":{"desktop":{"background-color":"var(--ast-global-color-4)","background-image":"","background-repeat":"repeat","background-position":"center center","background-size":"auto","background-attachment":"scroll","background-type":"","background-media":"","overlay-type":"","overlay-color":"","overlay-opacity":"","overlay-gradient":""},"tablet":{"background-color":"","background-image":"","background-repeat":"repeat","background-position":"center center","background-size":"auto","background-attachment":"scroll","background-type":"","background-media":"","overlay-type":"","overlay-color":"","overlay-opacity":"","overlay-gradient":""},"mobile":{"background-color":"","background-image":"","background-repeat":"repeat","background-position":"center center","background-size":"auto","background-attachment":"scroll","background-type":"","background-media":"","overlay-type":"","overlay-color":"","overlay-opacity":"","overlay-gradient":""}},"ast-content-background-meta":{"desktop":{"background-color":"var(--ast-global-color-5)","background-image":"","background-repeat":"repeat","background-position":"center center","background-size":"auto","background-attachment":"scroll","background-type":"","background-media":"","overlay-type":"","overlay-color":"","overlay-opacity":"","overlay-gradient":""},"tablet":{"background-color":"var(--ast-global-color-5)","background-image":"","background-repeat":"repeat","background-position":"center center","background-size":"auto","background-attachment":"scroll","background-type":"","background-media":"","overlay-type":"","overlay-color":"","overlay-opacity":"","overlay-gradient":""},"mobile":{"background-color":"var(--ast-global-color-5)","background-image":"","background-repeat":"repeat","background-position":"center center","background-size":"auto","background-attachment":"scroll","background-type":"","background-media":"","overlay-type":"","overlay-color":"","overlay-opacity":"","overlay-gradient":""}}},"product_brand":[745],"product_cat":[354,642],"product_tag":[],"superdeal":[],"product_variant_id":[],"class_list":{"0":"post-272617","1":"product","2":"type-product","3":"status-publish","4":"has-post-thumbnail","6":"product_brand-happy-caps","7":"product_cat-edibles","8":"product_cat-kapslar","9":"desktop-align-center","10":"tablet-align-left","11":"mobile-align-left","12":"ast-product-gallery-layout-horizontal-slider","13":"ast-product-gallery-with-no-image","14":"ast-magnify-disabled","15":"ast-product-tabs-layout-horizontal","17":"first","18":"instock","19":"taxable","20":"shipping-taxable","21":"purchasable","22":"product-type-simple"},"yoast_head":"<!-- This site is optimized with the Yoast SEO Premium plugin v26.9 (Yoast SEO v26.9) - https:\/\/yoast.com\/product\/yoast-seo-premium-wordpress\/ -->\n<title>Sleep-e Happy Caps 60 kapslar<\/title>\n<meta name=\"description\" content=\"Sleep-e Happy Caps 60 kapslar. Ett noggrant sammansatt kosttillskott medkamomill, valerianarot, magnesium, 5-HTP och melatonin.\" \/>\n<meta name=\"robots\" content=\"noindex, follow, max-snippet:-1, max-image-preview:large, max-video-preview:-1\" \/>\n<meta property=\"og:locale\" content=\"da_DK\" \/>\n<meta property=\"og:type\" content=\"article\" \/>\n<meta property=\"og:title\" content=\"Sleep-e Happy Caps 60 kapslar\" \/>\n<meta property=\"og:description\" content=\"Sleep-e Happy Caps 60 kapslar. Ett noggrant sammansatt kosttillskott medkamomill, valerianarot, magnesium, 5-HTP och melatonin.\" \/>\n<meta property=\"og:url\" content=\"https:\/\/www.swizzle.se\/produkt\/sleep-e-happy-caps-60-kapslar\/\" \/>\n<meta property=\"og:site_name\" content=\"Swizzle\" \/>\n<meta property=\"article:modified_time\" content=\"2026-02-04T14:09:15+00:00\" \/>\n<meta property=\"og:image\" content=\"https:\/\/www.swizzle.se\/wp-content\/uploads\/2025\/07\/7a3e34290f7fa473e5e304def7afdf93-happy-caps-sleep-e-60pcs.webp\" \/>\n\t<meta property=\"og:image:width\" content=\"826\" \/>\n\t<meta property=\"og:image:height\" content=\"826\" \/>\n\t<meta property=\"og:image:type\" content=\"image\/webp\" \/>\n<meta name=\"twitter:card\" content=\"summary_large_image\" \/>\n<meta name=\"twitter:label1\" content=\"Pris\" \/>\n\t<meta name=\"twitter:data1\" content=\"385.00&nbsp;&#107;&#114;\" \/>\n\t<meta name=\"twitter:label2\" content=\"Tilg\u00e6ngelighed\" \/>\n\t<meta name=\"twitter:data2\" content=\"P\u00e5 lager\" \/>\n<script type=\"application\/ld+json\" class=\"yoast-schema-graph\">{\"@context\":\"https:\/\/schema.org\",\"@graph\":[{\"@type\":\"WebPage\",\"@id\":\"https:\/\/www.swizzle.se\/produkt\/sleep-e-happy-caps-60-kapslar\/\",\"url\":\"https:\/\/www.swizzle.se\/produkt\/sleep-e-happy-caps-60-kapslar\/\",\"name\":\"Sleep-e Happy Caps 60 kapslar\",\"isPartOf\":{\"@id\":\"https:\/\/staging.swizzle.se\/#website\"},\"primaryImageOfPage\":{\"@id\":\"https:\/\/www.swizzle.se\/produkt\/sleep-e-happy-caps-60-kapslar\/#primaryimage\"},\"image\":{\"@id\":\"https:\/\/www.swizzle.se\/produkt\/sleep-e-happy-caps-60-kapslar\/#primaryimage\"},\"thumbnailUrl\":\"https:\/\/staging.swizzle.se\/wp-content\/uploads\/2025\/07\/7a3e34290f7fa473e5e304def7afdf93-happy-caps-sleep-e-60pcs.webp\",\"datePublished\":\"2025-07-30T14:36:43+00:00\",\"dateModified\":\"2026-02-04T14:09:15+00:00\",\"description\":\"Sleep-e Happy Caps 60 kapslar. Ett noggrant sammansatt kosttillskott medkamomill, valerianarot, magnesium, 5-HTP och melatonin.\",\"breadcrumb\":{\"@id\":\"https:\/\/www.swizzle.se\/produkt\/sleep-e-happy-caps-60-kapslar\/#breadcrumb\"},\"inLanguage\":\"da-DK\",\"potentialAction\":[{\"@type\":\"ReadAction\",\"target\":[\"https:\/\/www.swizzle.se\/produkt\/sleep-e-happy-caps-60-kapslar\/\"]}]},{\"@type\":\"ImageObject\",\"inLanguage\":\"da-DK\",\"@id\":\"https:\/\/www.swizzle.se\/produkt\/sleep-e-happy-caps-60-kapslar\/#primaryimage\",\"url\":\"https:\/\/staging.swizzle.se\/wp-content\/uploads\/2025\/07\/7a3e34290f7fa473e5e304def7afdf93-happy-caps-sleep-e-60pcs.webp\",\"contentUrl\":\"https:\/\/staging.swizzle.se\/wp-content\/uploads\/2025\/07\/7a3e34290f7fa473e5e304def7afdf93-happy-caps-sleep-e-60pcs.webp\",\"width\":826,\"height\":826,\"caption\":\"Bild sleep-e happy caps\"},{\"@type\":\"BreadcrumbList\",\"@id\":\"https:\/\/www.swizzle.se\/produkt\/sleep-e-happy-caps-60-kapslar\/#breadcrumb\",\"itemListElement\":[{\"@type\":\"ListItem\",\"position\":1,\"name\":\"Home\",\"item\":\"https:\/\/www.swizzle.se\/\"},{\"@type\":\"ListItem\",\"position\":2,\"name\":\"Shop\",\"item\":\"https:\/\/www.swizzle.se\/shop\/\"},{\"@type\":\"ListItem\",\"position\":3,\"name\":\"EDIBLES\",\"item\":\"https:\/\/www.swizzle.se\/produkt-kategori\/edibles\/\"},{\"@type\":\"ListItem\",\"position\":4,\"name\":\"Sleep-e Happy Caps 60 kapslar\"}]},{\"@type\":\"WebSite\",\"@id\":\"https:\/\/staging.swizzle.se\/#website\",\"url\":\"https:\/\/staging.swizzle.se\/\",\"name\":\"Swizzle\",\"description\":\"Nikotin CBD Vapes Snus White Portion\",\"publisher\":{\"@id\":\"https:\/\/staging.swizzle.se\/#organization\"},\"potentialAction\":[{\"@type\":\"SearchAction\",\"target\":{\"@type\":\"EntryPoint\",\"urlTemplate\":\"https:\/\/staging.swizzle.se\/?s={search_term_string}\"},\"query-input\":{\"@type\":\"PropertyValueSpecification\",\"valueRequired\":true,\"valueName\":\"search_term_string\"}}],\"inLanguage\":\"da-DK\"},{\"@type\":\"Organization\",\"@id\":\"https:\/\/staging.swizzle.se\/#organization\",\"name\":\"Swizzle\",\"url\":\"https:\/\/staging.swizzle.se\/\",\"logo\":{\"@type\":\"ImageObject\",\"inLanguage\":\"da-DK\",\"@id\":\"https:\/\/staging.swizzle.se\/#\/schema\/logo\/image\/\",\"url\":\"https:\/\/staging.swizzle.se\/wp-content\/uploads\/2025\/10\/cropped-SWIZZLE.-4.png\",\"contentUrl\":\"https:\/\/staging.swizzle.se\/wp-content\/uploads\/2025\/10\/cropped-SWIZZLE.-4.png\",\"width\":800,\"height\":267,\"caption\":\"Swizzle\"},\"image\":{\"@id\":\"https:\/\/staging.swizzle.se\/#\/schema\/logo\/image\/\"},\"hasMerchantReturnPolicy\":{\"@type\":\"MerchantReturnPolicy\",\"merchantReturnLink\":\"https:\/\/staging.swizzle.se\/dk\/villkor\/\"}}]}<\/script>\n<meta property=\"product:price:amount\" content=\"385.00\" \/>\n<meta property=\"product:price:currency\" content=\"SEK\" \/>\n<meta property=\"og:availability\" content=\"instock\" \/>\n<meta property=\"product:availability\" content=\"instock\" \/>\n<meta property=\"product:retailer_item_id\" content=\"hcsleep-e\" \/>\n<meta property=\"product:condition\" content=\"new\" \/>\n<!-- \/ Yoast SEO Premium plugin. -->","yoast_head_json":{"title":"Sleep-e Happy Caps 60 kapslar","description":"Sleep-e Happy Caps 60 kapslar. Ett noggrant sammansatt kosttillskott medkamomill, valerianarot, magnesium, 5-HTP och melatonin.","robots":{"index":"noindex","follow":"follow","max-snippet":"max-snippet:-1","max-image-preview":"max-image-preview:large","max-video-preview":"max-video-preview:-1"},"og_locale":"da_DK","og_type":"article","og_title":"Sleep-e Happy Caps 60 kapslar","og_description":"Sleep-e Happy Caps 60 kapslar. Ett noggrant sammansatt kosttillskott medkamomill, valerianarot, magnesium, 5-HTP och melatonin.","og_url":"https:\/\/www.swizzle.se\/produkt\/sleep-e-happy-caps-60-kapslar\/","og_site_name":"Swizzle","article_modified_time":"2026-02-04T14:09:15+00:00","og_image":[{"width":826,"height":826,"url":"https:\/\/www.swizzle.se\/wp-content\/uploads\/2025\/07\/7a3e34290f7fa473e5e304def7afdf93-happy-caps-sleep-e-60pcs.webp","type":"image\/webp"}],"twitter_card":"summary_large_image","twitter_misc":{"Pris":"385.00&nbsp;&#107;&#114;","Tilg\u00e6ngelighed":"P\u00e5 lager"},"schema":{"@context":"https:\/\/schema.org","@graph":[{"@type":"WebPage","@id":"https:\/\/www.swizzle.se\/produkt\/sleep-e-happy-caps-60-kapslar\/","url":"https:\/\/www.swizzle.se\/produkt\/sleep-e-happy-caps-60-kapslar\/","name":"Sleep-e Happy Caps 60 kapslar","isPartOf":{"@id":"https:\/\/staging.swizzle.se\/#website"},"primaryImageOfPage":{"@id":"https:\/\/www.swizzle.se\/produkt\/sleep-e-happy-caps-60-kapslar\/#primaryimage"},"image":{"@id":"https:\/\/www.swizzle.se\/produkt\/sleep-e-happy-caps-60-kapslar\/#primaryimage"},"thumbnailUrl":"https:\/\/staging.swizzle.se\/wp-content\/uploads\/2025\/07\/7a3e34290f7fa473e5e304def7afdf93-happy-caps-sleep-e-60pcs.webp","datePublished":"2025-07-30T14:36:43+00:00","dateModified":"2026-02-04T14:09:15+00:00","description":"Sleep-e Happy Caps 60 kapslar. Ett noggrant sammansatt kosttillskott medkamomill, valerianarot, magnesium, 5-HTP och melatonin.","breadcrumb":{"@id":"https:\/\/www.swizzle.se\/produkt\/sleep-e-happy-caps-60-kapslar\/#breadcrumb"},"inLanguage":"da-DK","potentialAction":[{"@type":"ReadAction","target":["https:\/\/www.swizzle.se\/produkt\/sleep-e-happy-caps-60-kapslar\/"]}]},{"@type":"ImageObject","inLanguage":"da-DK","@id":"https:\/\/www.swizzle.se\/produkt\/sleep-e-happy-caps-60-kapslar\/#primaryimage","url":"https:\/\/staging.swizzle.se\/wp-content\/uploads\/2025\/07\/7a3e34290f7fa473e5e304def7afdf93-happy-caps-sleep-e-60pcs.webp","contentUrl":"https:\/\/staging.swizzle.se\/wp-content\/uploads\/2025\/07\/7a3e34290f7fa473e5e304def7afdf93-happy-caps-sleep-e-60pcs.webp","width":826,"height":826,"caption":"Bild sleep-e happy caps"},{"@type":"BreadcrumbList","@id":"https:\/\/www.swizzle.se\/produkt\/sleep-e-happy-caps-60-kapslar\/#breadcrumb","itemListElement":[{"@type":"ListItem","position":1,"name":"Home","item":"https:\/\/www.swizzle.se\/"},{"@type":"ListItem","position":2,"name":"Shop","item":"https:\/\/www.swizzle.se\/shop\/"},{"@type":"ListItem","position":3,"name":"EDIBLES","item":"https:\/\/www.swizzle.se\/produkt-kategori\/edibles\/"},{"@type":"ListItem","position":4,"name":"Sleep-e Happy Caps 60 kapslar"}]},{"@type":"WebSite","@id":"https:\/\/staging.swizzle.se\/#website","url":"https:\/\/staging.swizzle.se\/","name":"Swizzle","description":"Nikotin CBD Vapes Snus Hvid Portion","publisher":{"@id":"https:\/\/staging.swizzle.se\/#organization"},"potentialAction":[{"@type":"SearchAction","target":{"@type":"EntryPoint","urlTemplate":"https:\/\/staging.swizzle.se\/?s={search_term_string}"},"query-input":{"@type":"PropertyValueSpecification","valueRequired":true,"valueName":"search_term_string"}}],"inLanguage":"da-DK"},{"@type":"Organization","@id":"https:\/\/staging.swizzle.se\/#organization","name":"Swizzle","url":"https:\/\/staging.swizzle.se\/","logo":{"@type":"ImageObject","inLanguage":"da-DK","@id":"https:\/\/staging.swizzle.se\/#\/schema\/logo\/image\/","url":"https:\/\/staging.swizzle.se\/wp-content\/uploads\/2025\/10\/cropped-SWIZZLE.-4.png","contentUrl":"https:\/\/staging.swizzle.se\/wp-content\/uploads\/2025\/10\/cropped-SWIZZLE.-4.png","width":800,"height":267,"caption":"Swizzle"},"image":{"@id":"https:\/\/staging.swizzle.se\/#\/schema\/logo\/image\/"},"hasMerchantReturnPolicy":{"@type":"MerchantReturnPolicy","merchantReturnLink":"https:\/\/staging.swizzle.se\/dk\/villkor\/"}}]},"product_price_amount":"385.00","product_price_currency":"SEK","og_availability":"instock","product_availability":"instock","product_retailer_item_id":"hcsleep-e","product_condition":"new"},"tiered_pricing_type":"fixed","tiered_pricing_fixed_rules":[],"tiered_pricing_product_settings":{"layout":"default","base_unit_name":{"singular":null,"plural":null},"default_variation":null},"tiered_pricing_minimum_quantity":null,"tiered_pricing_roles_data":[],"tiered_pricing_percentage_rules":[],"tiered_pricing_maximum_quantity":null,"tiered_pricing_quantity_step":null,"_links":{"self":[{"href":"https:\/\/staging.swizzle.se\/dk\/wp-json\/wp\/v2\/product\/272617","targetHints":{"allow":["GET"]}}],"collection":[{"href":"https:\/\/staging.swizzle.se\/dk\/wp-json\/wp\/v2\/product"}],"about":[{"href":"https:\/\/staging.swizzle.se\/dk\/wp-json\/wp\/v2\/types\/product"}],"replies":[{"embeddable":true,"href":"https:\/\/staging.swizzle.se\/dk\/wp-json\/wp\/v2\/comments?post=272617"}],"version-history":[{"count":0,"href":"https:\/\/staging.swizzle.se\/dk\/wp-json\/wp\/v2\/product\/272617\/revisions"}],"wp:featuredmedia":[{"embeddable":true,"href":"https:\/\/staging.swizzle.se\/dk\/wp-json\/wp\/v2\/media\/272618"}],"wp:attachment":[{"href":"https:\/\/staging.swizzle.se\/dk\/wp-json\/wp\/v2\/media?parent=272617"}],"wp:term":[{"taxonomy":"product_brand","embeddable":true,"href":"https:\/\/staging.swizzle.se\/dk\/wp-json\/wp\/v2\/product_brand?post=272617"},{"taxonomy":"product_cat","embeddable":true,"href":"https:\/\/staging.swizzle.se\/dk\/wp-json\/wp\/v2\/product_cat?post=272617"},{"taxonomy":"product_tag","embeddable":true,"href":"https:\/\/staging.swizzle.se\/dk\/wp-json\/wp\/v2\/product_tag?post=272617"},{"taxonomy":"superdeal","embeddable":true,"href":"https:\/\/staging.swizzle.se\/dk\/wp-json\/wp\/v2\/superdeal?post=272617"},{"taxonomy":"product_variant_id","embeddable":true,"href":"https:\/\/staging.swizzle.se\/dk\/wp-json\/wp\/v2\/product_variant_id?post=272617"}],"curies":[{"name":"wp","href":"https:\/\/api.w.org\/{rel}","templated":true}]}}