{"id":272601,"date":"2025-07-30T13:06:16","date_gmt":"2025-07-30T13:06:16","guid":{"rendered":"https:\/\/staging.swizzle.se\/?post_type=product&#038;p=272601"},"modified":"2026-02-05T16:08:27","modified_gmt":"2026-02-05T16:08:27","slug":"gummies-ashwagandha-passionfruit-cannabis-bakehouse","status":"publish","type":"product","link":"https:\/\/staging.swizzle.se\/dk\/product-2\/gummies-ashwagandha-passionfruit-cannabis-bakehouse\/","title":{"rendered":"Gummies Ashwagandha &#8211; Passionfruit Cannabis Bakehouse"},"content":{"rendered":"<p><!-- SEO-optimerad HTML-produkttext: Love Gummies med Ashwagandha --><\/p>\n<article class=\"product-description\">\n<header>\n<h1>Love Gummies med Ashwagandha \u2013 Smak &amp; Avslappning i Perfekt Balans<\/h1>\n<p>Uppt\u00e4ck <strong>Love Gummies<\/strong> \u2013 ett v\u00e4lsmakande tillskott laddat med k\u00e4rlek och lugn.<br \/>\n<strong>150\u202fmg Ashwagandha<\/strong>, en v\u00e4lk\u00e4nd adaptogen \u00f6rt som i \u00e5rhundraden anv\u00e4nts f\u00f6r att st\u00f6dja inre balans och minska stress.<\/p>\n<\/header>\n<section id=\"smak\">\n<h2>Exotisk smak av passionsfrukt<\/h2>\n<p>Med en <strong>intensiv och fruktig smak av passionsfrukt<\/strong> passar dessa gummies perfekt f\u00f6r sensuella kv\u00e4llar,<br \/>\nrogivande stunder eller bara som en lyxig paus i vardagen.<\/p>\n<\/section>\n<section id=\"effekt\">\n<h2>Naturlig harmoni med Ashwagandha<\/h2>\n<p>Ashwagandha \u00e4r k\u00e4nt f\u00f6r sina <strong>avslappnande och balanserande egenskaper<\/strong>. Tillsammans med den goda smaken<br \/>\nskapar den ett litet \u00f6gonblick av v\u00e4lm\u00e5ende \u2013 n\u00e4r du beh\u00f6ver det som mest.<\/p>\n<\/section>\n<section id=\"anvandning\">\n<h2>F\u00f6r dig som vill\u2026<\/h2>\n<ul>\n<li>Varva ner efter en l\u00e5ng dag<\/li>\n<li>Skapa en k\u00e4nsla av n\u00e4rvaro och kontakt<\/li>\n<li>Unna dig ett gott och funktionellt snacks<\/li>\n<\/ul>\n<p>Oavsett om du s\u00f6ker lugn, n\u00e4rhet eller bara n\u00e5got gott \u2013 <strong>Love Gummies<\/strong> finns d\u00e4r f\u00f6r dig.<\/p>\n<\/section>\n<footer><em>Ett harmoniskt m\u00f6te mellan smak, k\u00e4nsla och funktion \u2013 perfekt att ta med eller ge bort som en omt\u00e4nksam present.<\/em><\/p>\n<p>Se ogs\u00e5 her:\u00a0<a href=\"https:\/\/staging.swizzle.se\/dk\/product-2\/cbd-gummy-bears-cannabis-bakehouse\/\">CBD Gummy Bears Cannabis Bakehouse<\/a><\/p>\n<p><strong>Bem\u00e6rk!<\/strong><br \/>\nDu skal v\u00e6re mindst 18 \u00e5r gammel for at k\u00f8be dette produkt. Det er ikke beregnet som medicin, kosttilskud eller naturprodukt. Vi opfordrer ikke til at indtage eller ryge dette produkt. Opbevar det utilg\u00e6ngeligt for b\u00f8rn Vi fraskriver os ethvert ansvar for, hvordan du som kunde bruger vores produkter. Vi s\u00e6lger dem til indsamlings- og prydform\u00e5l.<\/p>\n<\/footer>\n<\/article>","protected":false},"excerpt":{"rendered":"<p><strong>Gummies Ashwagandha &#8211; Passionfruit Cannabis Bakehouse.<\/strong><\/p>\n<p>Love Gummies med Ashwagandha \u2013 Smak &amp; Avslappning i Perfekt Balans.<\/p>\n<p>Uppt\u00e4ck <strong>Love Gummies<\/strong> \u2013 ett v\u00e4lsmakande tillskott laddat med k\u00e4rlek och lugn.<br \/>\n<strong>150\u202fmg Ashwagandha<\/strong>, en v\u00e4lk\u00e4nd adaptogen \u00f6rt som i \u00e5rhundraden anv\u00e4nts f\u00f6r att st\u00f6dja inre balans och minska stress.<\/p>","protected":false},"featured_media":272602,"comment_status":"open","ping_status":"closed","template":"","meta":{"site-sidebar-layout":"default","site-content-layout":"","ast-site-content-layout":"default","site-content-style":"default","site-sidebar-style":"default","ast-global-header-display":"","ast-banner-title-visibility":"","ast-main-header-display":"","ast-hfb-above-header-display":"","ast-hfb-below-header-display":"","ast-hfb-mobile-header-display":"","site-post-title":"","ast-breadcrumbs-content":"","ast-featured-img":"","footer-sml-layout":"","ast-disable-related-posts":"","theme-transparent-header-meta":"default","adv-header-id-meta":"","stick-header-meta":"","header-above-stick-meta":"","header-main-stick-meta":"","header-below-stick-meta":"","astra-migrate-meta-layouts":"set","ast-page-background-enabled":"default","ast-page-background-meta":{"desktop":{"background-color":"var(--ast-global-color-4)","background-image":"","background-repeat":"repeat","background-position":"center center","background-size":"auto","background-attachment":"scroll","background-type":"","background-media":"","overlay-type":"","overlay-color":"","overlay-opacity":"","overlay-gradient":""},"tablet":{"background-color":"","background-image":"","background-repeat":"repeat","background-position":"center center","background-size":"auto","background-attachment":"scroll","background-type":"","background-media":"","overlay-type":"","overlay-color":"","overlay-opacity":"","overlay-gradient":""},"mobile":{"background-color":"","background-image":"","background-repeat":"repeat","background-position":"center center","background-size":"auto","background-attachment":"scroll","background-type":"","background-media":"","overlay-type":"","overlay-color":"","overlay-opacity":"","overlay-gradient":""}},"ast-content-background-meta":{"desktop":{"background-color":"var(--ast-global-color-5)","background-image":"","background-repeat":"repeat","background-position":"center center","background-size":"auto","background-attachment":"scroll","background-type":"","background-media":"","overlay-type":"","overlay-color":"","overlay-opacity":"","overlay-gradient":""},"tablet":{"background-color":"var(--ast-global-color-5)","background-image":"","background-repeat":"repeat","background-position":"center center","background-size":"auto","background-attachment":"scroll","background-type":"","background-media":"","overlay-type":"","overlay-color":"","overlay-opacity":"","overlay-gradient":""},"mobile":{"background-color":"var(--ast-global-color-5)","background-image":"","background-repeat":"repeat","background-position":"center center","background-size":"auto","background-attachment":"scroll","background-type":"","background-media":"","overlay-type":"","overlay-color":"","overlay-opacity":"","overlay-gradient":""}}},"product_brand":[728],"product_cat":[354,355,377],"product_tag":[],"superdeal":[],"product_variant_id":[],"class_list":{"0":"post-272601","1":"product","2":"type-product","3":"status-publish","4":"has-post-thumbnail","6":"product_brand-cannabisbakehouse","7":"product_cat-edibles","8":"product_cat-gummies","9":"product_cat-shroomz","10":"desktop-align-center","11":"tablet-align-left","12":"mobile-align-left","13":"ast-product-gallery-layout-horizontal-slider","14":"ast-product-gallery-with-no-image","15":"ast-magnify-disabled","16":"ast-product-tabs-layout-horizontal","18":"first","19":"instock","20":"taxable","21":"shipping-taxable","22":"purchasable","23":"product-type-simple"},"yoast_head":"<!-- This site is optimized with the Yoast SEO Premium plugin v26.9 (Yoast SEO v26.9) - https:\/\/yoast.com\/product\/yoast-seo-premium-wordpress\/ -->\n<title>Gummies Ashwagandha - Passionfruit Cannabis Bakehouse<\/title>\n<meta name=\"description\" content=\"Gummies Ashwagandha - Passionfruit Cannabis Bakehouse. Love Gummies med Ashwagandha \u2013 Smak &amp; Avslappning i Perfekt Balans.\" \/>\n<meta name=\"robots\" content=\"noindex, follow, max-snippet:-1, max-image-preview:large, max-video-preview:-1\" \/>\n<meta property=\"og:locale\" content=\"da_DK\" \/>\n<meta property=\"og:type\" content=\"article\" \/>\n<meta property=\"og:title\" content=\"Gummies Ashwagandha - Passionfruit Cannabis Bakehouse\" \/>\n<meta property=\"og:description\" content=\"Gummies Ashwagandha - Passionfruit Cannabis Bakehouse. Love Gummies med Ashwagandha \u2013 Smak &amp; Avslappning i Perfekt Balans.\" \/>\n<meta property=\"og:url\" content=\"https:\/\/www.swizzle.se\/produkt\/gummies-ashwagandha-passionfruit-cannabis-bakehouse\/\" \/>\n<meta property=\"og:site_name\" content=\"Swizzle\" \/>\n<meta property=\"article:modified_time\" content=\"2026-02-05T16:08:27+00:00\" \/>\n<meta property=\"og:image\" content=\"https:\/\/www.swizzle.se\/wp-content\/uploads\/2025\/07\/cannabis-bakehouse-ashwagandha-love-gummies-relax.webp\" \/>\n\t<meta property=\"og:image:width\" content=\"465\" \/>\n\t<meta property=\"og:image:height\" content=\"465\" \/>\n\t<meta property=\"og:image:type\" content=\"image\/webp\" \/>\n<meta name=\"twitter:card\" content=\"summary_large_image\" \/>\n<meta name=\"twitter:title\" content=\"Gummies Ashwagandha - Passionfruit Cannabis Bakehouse\" \/>\n<meta name=\"twitter:description\" content=\"Gummies Ashwagandha - Passionfruit Cannabis Bakehouse. Love Gummies med Ashwagandha \u2013 Smak &amp; Avslappning i Perfekt Balans.\" \/>\n<meta name=\"twitter:label1\" content=\"Pris\" \/>\n\t<meta name=\"twitter:data1\" content=\"210.00&nbsp;&#107;&#114;\" \/>\n\t<meta name=\"twitter:label2\" content=\"Tilg\u00e6ngelighed\" \/>\n\t<meta name=\"twitter:data2\" content=\"P\u00e5 lager\" \/>\n<script type=\"application\/ld+json\" class=\"yoast-schema-graph\">{\"@context\":\"https:\/\/schema.org\",\"@graph\":[{\"@type\":\"WebPage\",\"@id\":\"https:\/\/www.swizzle.se\/produkt\/gummies-ashwagandha-passionfruit-cannabis-bakehouse\/\",\"url\":\"https:\/\/www.swizzle.se\/produkt\/gummies-ashwagandha-passionfruit-cannabis-bakehouse\/\",\"name\":\"Gummies Ashwagandha - Passionfruit Cannabis Bakehouse\",\"isPartOf\":{\"@id\":\"https:\/\/staging.swizzle.se\/#website\"},\"primaryImageOfPage\":{\"@id\":\"https:\/\/www.swizzle.se\/produkt\/gummies-ashwagandha-passionfruit-cannabis-bakehouse\/#primaryimage\"},\"image\":{\"@id\":\"https:\/\/www.swizzle.se\/produkt\/gummies-ashwagandha-passionfruit-cannabis-bakehouse\/#primaryimage\"},\"thumbnailUrl\":\"https:\/\/staging.swizzle.se\/wp-content\/uploads\/2025\/07\/cannabis-bakehouse-ashwagandha-love-gummies-relax.webp\",\"datePublished\":\"2025-07-30T13:06:16+00:00\",\"dateModified\":\"2026-02-05T16:08:27+00:00\",\"description\":\"Gummies Ashwagandha - Passionfruit Cannabis Bakehouse. Love Gummies med Ashwagandha \u2013 Smak & Avslappning i Perfekt Balans.\",\"breadcrumb\":{\"@id\":\"https:\/\/www.swizzle.se\/produkt\/gummies-ashwagandha-passionfruit-cannabis-bakehouse\/#breadcrumb\"},\"inLanguage\":\"da-DK\",\"potentialAction\":[{\"@type\":\"ReadAction\",\"target\":[\"https:\/\/www.swizzle.se\/produkt\/gummies-ashwagandha-passionfruit-cannabis-bakehouse\/\"]}]},{\"@type\":\"ImageObject\",\"inLanguage\":\"da-DK\",\"@id\":\"https:\/\/www.swizzle.se\/produkt\/gummies-ashwagandha-passionfruit-cannabis-bakehouse\/#primaryimage\",\"url\":\"https:\/\/staging.swizzle.se\/wp-content\/uploads\/2025\/07\/cannabis-bakehouse-ashwagandha-love-gummies-relax.webp\",\"contentUrl\":\"https:\/\/staging.swizzle.se\/wp-content\/uploads\/2025\/07\/cannabis-bakehouse-ashwagandha-love-gummies-relax.webp\",\"width\":465,\"height\":465,\"caption\":\"Bild cannabis-bakehouse-ashwagandha\"},{\"@type\":\"BreadcrumbList\",\"@id\":\"https:\/\/www.swizzle.se\/produkt\/gummies-ashwagandha-passionfruit-cannabis-bakehouse\/#breadcrumb\",\"itemListElement\":[{\"@type\":\"ListItem\",\"position\":1,\"name\":\"Home\",\"item\":\"https:\/\/www.swizzle.se\/\"},{\"@type\":\"ListItem\",\"position\":2,\"name\":\"Shop\",\"item\":\"https:\/\/www.swizzle.se\/shop\/\"},{\"@type\":\"ListItem\",\"position\":3,\"name\":\"EDIBLES\",\"item\":\"https:\/\/www.swizzle.se\/produkt-kategori\/edibles\/\"},{\"@type\":\"ListItem\",\"position\":4,\"name\":\"GUMMIES\",\"item\":\"https:\/\/www.swizzle.se\/produkt-kategori\/edibles\/gummies\/\"},{\"@type\":\"ListItem\",\"position\":5,\"name\":\"Gummies Ashwagandha &#8211; Passionfruit Cannabis Bakehouse\"}]},{\"@type\":\"WebSite\",\"@id\":\"https:\/\/staging.swizzle.se\/#website\",\"url\":\"https:\/\/staging.swizzle.se\/\",\"name\":\"Swizzle\",\"description\":\"Nikotin CBD Vapes Snus White Portion\",\"publisher\":{\"@id\":\"https:\/\/staging.swizzle.se\/#organization\"},\"potentialAction\":[{\"@type\":\"SearchAction\",\"target\":{\"@type\":\"EntryPoint\",\"urlTemplate\":\"https:\/\/staging.swizzle.se\/?s={search_term_string}\"},\"query-input\":{\"@type\":\"PropertyValueSpecification\",\"valueRequired\":true,\"valueName\":\"search_term_string\"}}],\"inLanguage\":\"da-DK\"},{\"@type\":\"Organization\",\"@id\":\"https:\/\/staging.swizzle.se\/#organization\",\"name\":\"Swizzle\",\"url\":\"https:\/\/staging.swizzle.se\/\",\"logo\":{\"@type\":\"ImageObject\",\"inLanguage\":\"da-DK\",\"@id\":\"https:\/\/staging.swizzle.se\/#\/schema\/logo\/image\/\",\"url\":\"https:\/\/staging.swizzle.se\/wp-content\/uploads\/2025\/10\/cropped-SWIZZLE.-4.png\",\"contentUrl\":\"https:\/\/staging.swizzle.se\/wp-content\/uploads\/2025\/10\/cropped-SWIZZLE.-4.png\",\"width\":800,\"height\":267,\"caption\":\"Swizzle\"},\"image\":{\"@id\":\"https:\/\/staging.swizzle.se\/#\/schema\/logo\/image\/\"},\"hasMerchantReturnPolicy\":{\"@type\":\"MerchantReturnPolicy\",\"merchantReturnLink\":\"https:\/\/staging.swizzle.se\/dk\/villkor\/\"}}]}<\/script>\n<meta property=\"product:price:amount\" content=\"210.00\" \/>\n<meta property=\"product:price:currency\" content=\"SEK\" \/>\n<meta property=\"og:availability\" content=\"instock\" \/>\n<meta property=\"product:availability\" content=\"instock\" \/>\n<meta property=\"product:retailer_item_id\" content=\"CBHpassionfruit\" \/>\n<meta property=\"product:condition\" content=\"new\" \/>\n<!-- \/ Yoast SEO Premium plugin. -->","yoast_head_json":{"title":"Gummies Ashwagandha - Passionfruit Cannabis Bakehouse","description":"Gummies Ashwagandha - Passionfruit Cannabis Bakehouse. Love Gummies med Ashwagandha \u2013 Smak & Avslappning i Perfekt Balans.","robots":{"index":"noindex","follow":"follow","max-snippet":"max-snippet:-1","max-image-preview":"max-image-preview:large","max-video-preview":"max-video-preview:-1"},"og_locale":"da_DK","og_type":"article","og_title":"Gummies Ashwagandha - Passionfruit Cannabis Bakehouse","og_description":"Gummies Ashwagandha - Passionfruit Cannabis Bakehouse. Love Gummies med Ashwagandha \u2013 Smak & Avslappning i Perfekt Balans.","og_url":"https:\/\/www.swizzle.se\/produkt\/gummies-ashwagandha-passionfruit-cannabis-bakehouse\/","og_site_name":"Swizzle","article_modified_time":"2026-02-05T16:08:27+00:00","og_image":[{"width":465,"height":465,"url":"https:\/\/www.swizzle.se\/wp-content\/uploads\/2025\/07\/cannabis-bakehouse-ashwagandha-love-gummies-relax.webp","type":"image\/webp"}],"twitter_card":"summary_large_image","twitter_title":"Gummies Ashwagandha - Passionfruit Cannabis Bakehouse","twitter_description":"Gummies Ashwagandha - Passionfruit Cannabis Bakehouse. Love Gummies med Ashwagandha \u2013 Smak & Avslappning i Perfekt Balans.","twitter_misc":{"Pris":"210.00&nbsp;&#107;&#114;","Tilg\u00e6ngelighed":"P\u00e5 lager"},"schema":{"@context":"https:\/\/schema.org","@graph":[{"@type":"WebPage","@id":"https:\/\/www.swizzle.se\/produkt\/gummies-ashwagandha-passionfruit-cannabis-bakehouse\/","url":"https:\/\/www.swizzle.se\/produkt\/gummies-ashwagandha-passionfruit-cannabis-bakehouse\/","name":"Gummies Ashwagandha - Passionfruit Cannabis Bakehouse","isPartOf":{"@id":"https:\/\/staging.swizzle.se\/#website"},"primaryImageOfPage":{"@id":"https:\/\/www.swizzle.se\/produkt\/gummies-ashwagandha-passionfruit-cannabis-bakehouse\/#primaryimage"},"image":{"@id":"https:\/\/www.swizzle.se\/produkt\/gummies-ashwagandha-passionfruit-cannabis-bakehouse\/#primaryimage"},"thumbnailUrl":"https:\/\/staging.swizzle.se\/wp-content\/uploads\/2025\/07\/cannabis-bakehouse-ashwagandha-love-gummies-relax.webp","datePublished":"2025-07-30T13:06:16+00:00","dateModified":"2026-02-05T16:08:27+00:00","description":"Gummies Ashwagandha - Passionfruit Cannabis Bakehouse. Love Gummies med Ashwagandha \u2013 Smak & Avslappning i Perfekt Balans.","breadcrumb":{"@id":"https:\/\/www.swizzle.se\/produkt\/gummies-ashwagandha-passionfruit-cannabis-bakehouse\/#breadcrumb"},"inLanguage":"da-DK","potentialAction":[{"@type":"ReadAction","target":["https:\/\/www.swizzle.se\/produkt\/gummies-ashwagandha-passionfruit-cannabis-bakehouse\/"]}]},{"@type":"ImageObject","inLanguage":"da-DK","@id":"https:\/\/www.swizzle.se\/produkt\/gummies-ashwagandha-passionfruit-cannabis-bakehouse\/#primaryimage","url":"https:\/\/staging.swizzle.se\/wp-content\/uploads\/2025\/07\/cannabis-bakehouse-ashwagandha-love-gummies-relax.webp","contentUrl":"https:\/\/staging.swizzle.se\/wp-content\/uploads\/2025\/07\/cannabis-bakehouse-ashwagandha-love-gummies-relax.webp","width":465,"height":465,"caption":"Bild cannabis-bakehouse-ashwagandha"},{"@type":"BreadcrumbList","@id":"https:\/\/www.swizzle.se\/produkt\/gummies-ashwagandha-passionfruit-cannabis-bakehouse\/#breadcrumb","itemListElement":[{"@type":"ListItem","position":1,"name":"Home","item":"https:\/\/www.swizzle.se\/"},{"@type":"ListItem","position":2,"name":"Shop","item":"https:\/\/www.swizzle.se\/shop\/"},{"@type":"ListItem","position":3,"name":"EDIBLES","item":"https:\/\/www.swizzle.se\/produkt-kategori\/edibles\/"},{"@type":"ListItem","position":4,"name":"GUMMIES","item":"https:\/\/www.swizzle.se\/produkt-kategori\/edibles\/gummies\/"},{"@type":"ListItem","position":5,"name":"Gummies Ashwagandha &#8211; Passionfruit Cannabis Bakehouse"}]},{"@type":"WebSite","@id":"https:\/\/staging.swizzle.se\/#website","url":"https:\/\/staging.swizzle.se\/","name":"Swizzle","description":"Nikotin CBD Vapes Snus Hvid Portion","publisher":{"@id":"https:\/\/staging.swizzle.se\/#organization"},"potentialAction":[{"@type":"SearchAction","target":{"@type":"EntryPoint","urlTemplate":"https:\/\/staging.swizzle.se\/?s={search_term_string}"},"query-input":{"@type":"PropertyValueSpecification","valueRequired":true,"valueName":"search_term_string"}}],"inLanguage":"da-DK"},{"@type":"Organization","@id":"https:\/\/staging.swizzle.se\/#organization","name":"Swizzle","url":"https:\/\/staging.swizzle.se\/","logo":{"@type":"ImageObject","inLanguage":"da-DK","@id":"https:\/\/staging.swizzle.se\/#\/schema\/logo\/image\/","url":"https:\/\/staging.swizzle.se\/wp-content\/uploads\/2025\/10\/cropped-SWIZZLE.-4.png","contentUrl":"https:\/\/staging.swizzle.se\/wp-content\/uploads\/2025\/10\/cropped-SWIZZLE.-4.png","width":800,"height":267,"caption":"Swizzle"},"image":{"@id":"https:\/\/staging.swizzle.se\/#\/schema\/logo\/image\/"},"hasMerchantReturnPolicy":{"@type":"MerchantReturnPolicy","merchantReturnLink":"https:\/\/staging.swizzle.se\/dk\/villkor\/"}}]},"product_price_amount":"210.00","product_price_currency":"SEK","og_availability":"instock","product_availability":"instock","product_retailer_item_id":"CBHpassionfruit","product_condition":"new"},"tiered_pricing_type":"fixed","tiered_pricing_fixed_rules":[],"tiered_pricing_product_settings":{"layout":"default","base_unit_name":{"singular":null,"plural":null},"default_variation":null},"tiered_pricing_minimum_quantity":null,"tiered_pricing_roles_data":[],"tiered_pricing_percentage_rules":[],"tiered_pricing_maximum_quantity":null,"tiered_pricing_quantity_step":null,"_links":{"self":[{"href":"https:\/\/staging.swizzle.se\/dk\/wp-json\/wp\/v2\/product\/272601","targetHints":{"allow":["GET"]}}],"collection":[{"href":"https:\/\/staging.swizzle.se\/dk\/wp-json\/wp\/v2\/product"}],"about":[{"href":"https:\/\/staging.swizzle.se\/dk\/wp-json\/wp\/v2\/types\/product"}],"replies":[{"embeddable":true,"href":"https:\/\/staging.swizzle.se\/dk\/wp-json\/wp\/v2\/comments?post=272601"}],"version-history":[{"count":0,"href":"https:\/\/staging.swizzle.se\/dk\/wp-json\/wp\/v2\/product\/272601\/revisions"}],"wp:featuredmedia":[{"embeddable":true,"href":"https:\/\/staging.swizzle.se\/dk\/wp-json\/wp\/v2\/media\/272602"}],"wp:attachment":[{"href":"https:\/\/staging.swizzle.se\/dk\/wp-json\/wp\/v2\/media?parent=272601"}],"wp:term":[{"taxonomy":"product_brand","embeddable":true,"href":"https:\/\/staging.swizzle.se\/dk\/wp-json\/wp\/v2\/product_brand?post=272601"},{"taxonomy":"product_cat","embeddable":true,"href":"https:\/\/staging.swizzle.se\/dk\/wp-json\/wp\/v2\/product_cat?post=272601"},{"taxonomy":"product_tag","embeddable":true,"href":"https:\/\/staging.swizzle.se\/dk\/wp-json\/wp\/v2\/product_tag?post=272601"},{"taxonomy":"superdeal","embeddable":true,"href":"https:\/\/staging.swizzle.se\/dk\/wp-json\/wp\/v2\/superdeal?post=272601"},{"taxonomy":"product_variant_id","embeddable":true,"href":"https:\/\/staging.swizzle.se\/dk\/wp-json\/wp\/v2\/product_variant_id?post=272601"}],"curies":[{"name":"wp","href":"https:\/\/api.w.org\/{rel}","templated":true}]}}