{"id":272301,"date":"2025-07-22T15:10:57","date_gmt":"2025-07-22T15:10:57","guid":{"rendered":"https:\/\/staging.swizzle.se\/?post_type=product&#038;p=272301"},"modified":"2026-02-04T14:09:15","modified_gmt":"2026-02-04T14:09:15","slug":"pollen-kief-outdoor-19-4","status":"publish","type":"product","link":"https:\/\/staging.swizzle.se\/dk\/product-2\/pollen-kief-outdoor-19-4\/","title":{"rendered":"CBD Pollen Kief Outdoor 19.4%"},"content":{"rendered":"<p><!-- SEO-optimerad produkttext: Kief 19,62% CBD --><\/p>\n<p><!-- Rekommenderad SEO-titel: Kief 19,62% CBD | Cannabis Pollen \u2013 Anv\u00e4ndning, Egenskaper och Ursprung --><\/p>\n<p><!-- Rekommenderad meta description:\nUppt\u00e4ck Kief med 19,62% CBD och THC <0,2%. H\u00f6g koncentration av cannabinoider och terpener, perfekt f\u00f6r extraktion, hash-tillverkning eller att blanda med blommor. --><\/p>\n<article class=\"product-post kief\">\n<header>\n<h1>Pollen Kief Outdoor 19.4%<\/h1>\n<p><strong>Kief<\/strong>, \u00e4ven kallat cannabis-pollen, best\u00e5r av mikroskopiska trikomer som t\u00e4cker cannabisblommorna. Dessa sm\u00e5 hartsk\u00f6rtlar inneh\u00e5ller en h\u00f6g koncentration av <strong>cannabinoider<\/strong>, <strong>terpener<\/strong> och andra aktiva f\u00f6reningar som bidrar till b\u00e5de arom, smak och effekter.<\/p>\n<\/header>\n<section id=\"vad-ar-kief\">\n<h2>Vad \u00e4r Kief?<\/h2>\n<p>Kief \u00e4r mer \u00e4n bara en biprodukt \u2013 det \u00e4r en <strong>naturlig skatt<\/strong> full av m\u00f6jligheter. Med sin rika kemiska sammans\u00e4ttning anv\u00e4nds Kief flitigt i cannabis-kulturen f\u00f6r att f\u00f6rst\u00e4rka effekter och smakupplevelser.<\/p>\n<\/section>\n<section id=\"ursprung\">\n<h2>Ursprung<\/h2>\n<p>Trikomer utvecklas naturligt n\u00e4r cannabisblommorna mognar. De fungerar som ett skydd mot rovdjur och v\u00e4der. N\u00e4r dessa trikomer samlas upp kallar vi det Kief.<\/p>\n<\/section>\n<section id=\"egenskaper\">\n<h2>Egenskaper och sammans\u00e4ttning<\/h2>\n<p>Kief \u00e4r rikt p\u00e5 <strong>cannabinoider<\/strong> och <strong>terpener<\/strong>, vilket ger en unik arom och smak.<br \/>\nMed en CBD-halt p\u00e5 <strong>19,4%<\/strong> och THC <strong>&lt;0,2%<\/strong> \u00e4r det ett koncentrerat och m\u00e5ngsidigt alternativ f\u00f6r b\u00e5de rekreation och terapeutisk anv\u00e4ndning.<\/p>\n<\/section>\n<section id=\"anvandning\">\n<h2>Anv\u00e4ndningsomr\u00e5den f\u00f6r Kief<\/h2>\n<ul>\n<li><strong>Extraktion:<\/strong> Kan anv\u00e4ndas f\u00f6r att tillverka oljor, tinkturer och \u00e4tbara produkter.<\/li>\n<li><strong>Hash-tillverkning:<\/strong> Genom att pressa och v\u00e4rma Kief skapas hash, en mer koncentrerad form av cannabis.<\/li>\n<\/ul>\n<\/section>\n<section id=\"skord-lagring\">\n<h2>Sk\u00f6rd och f\u00f6rvaring<\/h2>\n<p>F\u00f6r att samla Kief anv\u00e4nds ofta grinders med s\u00e4rskilda filter. F\u00f6r b\u00e4sta h\u00e5llbarhet rekommenderas att f\u00f6rvara Kief i en luftt\u00e4t beh\u00e5llare, skyddad fr\u00e5n ljus och fukt.<\/p>\n<\/section>\n<section id=\"format-funktioner\">\n<h2>Format och funktioner<\/h2>\n<ul>\n<li>CBD: <strong>19,4%<\/strong><\/li>\n<li>THC: <strong>&lt;0,2%<\/strong><\/li>\n<li><strong>Kvalitetstestad:<\/strong> Analyserad av oberoende laboratorier.<\/li>\n<\/ul>\n<\/section>\n<footer class=\"product-cta\"><em><br \/>\nUppt\u00e4ck det b\u00e4sta av <strong>Kief 19,4% CBD<\/strong> \u2013 en koncentrerad och m\u00e5ngsidig produkt f\u00f6r dig som vill ta din cannabisupplevelse till n\u00e4sta niv\u00e5.<br \/>\n<\/em><\/footer>\n<p>Se \u00e4ven\u00a0<a href=\"https:\/\/staging.swizzle.se\/dk\/product-2\/gold-hash-cbd-22-4\/\">Gold Hash CBD 22.4%<\/a><\/p>\n<\/article>\n<div class=\"woocommerce-tabs wc-tabs-wrapper\">\n<div id=\"tab-description\" class=\"woocommerce-Tabs-panel woocommerce-Tabs-panel--description panel entry-content wc-tab\" role=\"tabpanel\" aria-labelledby=\"tab-title-description\">\n<p><strong>Bem\u00e6rk!<\/strong><br \/>\nDu skal v\u00e6re mindst 18 \u00e5r gammel for at k\u00f8be dette produkt. Det er ikke beregnet som medicin, kosttilskud eller naturprodukt. Vi opfordrer ikke til at indtage eller ryge dette produkt. Opbevar det utilg\u00e6ngeligt for b\u00f8rn Vi fraskriver os ethvert ansvar for, hvordan du som kunde bruger vores produkter. Vi s\u00e6lger dem til indsamlings- og prydform\u00e5l.<\/p>\n<\/div>\n<\/div>\n<section class=\"related products\"><\/section>","protected":false},"excerpt":{"rendered":"<p><strong>Pollen Kief Outdoor 19.4%<\/strong><\/p>\n<p><strong>S\u00e4ljes per gram. 1 enhet = 1 gram.<\/strong><\/p>\n<p><strong>Kief<\/strong>, \u00e4ven kallat cannabis-pollen, best\u00e5r av mikroskopiska trikomer som t\u00e4cker cannabisblommorna. Dessa sm\u00e5 hartsk\u00f6rtlar inneh\u00e5ller en h\u00f6g koncentration av <strong>cannabinoider<\/strong>, <strong>terpener<\/strong> och andra aktiva f\u00f6reningar som bidrar till b\u00e5de arom, smak och effekter.<\/p>\n<ul>\n<li>CBD: <strong>19,4%<\/strong><\/li>\n<li>THC: <strong>&lt;0,2%<\/strong><\/li>\n<\/ul>\n<p><strong>S\u00e4ljes per gram<\/strong><\/p>","protected":false},"featured_media":272302,"comment_status":"open","ping_status":"closed","template":"","meta":{"site-sidebar-layout":"default","site-content-layout":"","ast-site-content-layout":"default","site-content-style":"default","site-sidebar-style":"default","ast-global-header-display":"","ast-banner-title-visibility":"","ast-main-header-display":"","ast-hfb-above-header-display":"","ast-hfb-below-header-display":"","ast-hfb-mobile-header-display":"","site-post-title":"","ast-breadcrumbs-content":"","ast-featured-img":"","footer-sml-layout":"","ast-disable-related-posts":"","theme-transparent-header-meta":"default","adv-header-id-meta":"","stick-header-meta":"default","header-above-stick-meta":"","header-main-stick-meta":"","header-below-stick-meta":"","astra-migrate-meta-layouts":"set","ast-page-background-enabled":"default","ast-page-background-meta":{"desktop":{"background-color":"var(--ast-global-color-4)","background-image":"","background-repeat":"repeat","background-position":"center center","background-size":"auto","background-attachment":"scroll","background-type":"","background-media":"","overlay-type":"","overlay-color":"","overlay-opacity":"","overlay-gradient":""},"tablet":{"background-color":"","background-image":"","background-repeat":"repeat","background-position":"center center","background-size":"auto","background-attachment":"scroll","background-type":"","background-media":"","overlay-type":"","overlay-color":"","overlay-opacity":"","overlay-gradient":""},"mobile":{"background-color":"","background-image":"","background-repeat":"repeat","background-position":"center center","background-size":"auto","background-attachment":"scroll","background-type":"","background-media":"","overlay-type":"","overlay-color":"","overlay-opacity":"","overlay-gradient":""}},"ast-content-background-meta":{"desktop":{"background-color":"var(--ast-global-color-5)","background-image":"","background-repeat":"repeat","background-position":"center center","background-size":"auto","background-attachment":"scroll","background-type":"","background-media":"","overlay-type":"","overlay-color":"","overlay-opacity":"","overlay-gradient":""},"tablet":{"background-color":"var(--ast-global-color-5)","background-image":"","background-repeat":"repeat","background-position":"center center","background-size":"auto","background-attachment":"scroll","background-type":"","background-media":"","overlay-type":"","overlay-color":"","overlay-opacity":"","overlay-gradient":""},"mobile":{"background-color":"var(--ast-global-color-5)","background-image":"","background-repeat":"repeat","background-position":"center center","background-size":"auto","background-attachment":"scroll","background-type":"","background-media":"","overlay-type":"","overlay-color":"","overlay-opacity":"","overlay-gradient":""}}},"product_brand":[743],"product_cat":[498,515,331],"product_tag":[],"superdeal":[],"product_variant_id":[],"class_list":{"0":"post-272301","1":"product","2":"type-product","3":"status-publish","4":"has-post-thumbnail","6":"product_brand-green_brothers","7":"product_cat-cbd-pollen","8":"product_cat-cbd-pollen-kief","9":"product_cat-cbd-g-n","10":"desktop-align-center","11":"tablet-align-left","12":"mobile-align-left","13":"ast-product-gallery-layout-horizontal-slider","14":"ast-magnify-disabled","15":"ast-product-tabs-layout-horizontal","17":"first","18":"instock","19":"taxable","20":"shipping-taxable","21":"purchasable","22":"product-type-simple"},"yoast_head":"<!-- This site is optimized with the Yoast SEO Premium plugin v26.9 (Yoast SEO v26.9) - https:\/\/yoast.com\/product\/yoast-seo-premium-wordpress\/ -->\n<title>Pollen Kief Outdoor 19.4%<\/title>\n<meta name=\"description\" content=\"Pollen Kief Outdoor 19.4% , \u00e4ven kallat cannabis-pollen, best\u00e5r av mikroskopiska trikomer som t\u00e4cker cannabisblommorna. CBD: 19,4%.\" \/>\n<meta name=\"robots\" content=\"noindex, follow, max-snippet:-1, max-image-preview:large, max-video-preview:-1\" \/>\n<meta property=\"og:locale\" content=\"da_DK\" \/>\n<meta property=\"og:type\" content=\"article\" \/>\n<meta property=\"og:title\" content=\"CBD Pollen Kief Outdoor 19.4%\" \/>\n<meta property=\"og:description\" content=\"Pollen Kief Outdoor 19.4% Kief, \u00e4ven kallat cannabis-pollen, best\u00e5r av mikroskopiska trikomer som t\u00e4cker cannabisblommorna.\" \/>\n<meta property=\"og:url\" content=\"https:\/\/www.swizzle.se\/produkt\/pollen-kief-outdoor-19-4\/\" \/>\n<meta property=\"og:site_name\" content=\"Swizzle\" \/>\n<meta property=\"article:modified_time\" content=\"2026-02-04T14:09:15+00:00\" \/>\n<meta property=\"og:image\" content=\"https:\/\/www.swizzle.se\/wp-content\/uploads\/2025\/07\/premium-kief-marroqui-600x600-1.jpg\" \/>\n\t<meta property=\"og:image:width\" content=\"600\" \/>\n\t<meta property=\"og:image:height\" content=\"600\" \/>\n\t<meta property=\"og:image:type\" content=\"image\/jpeg\" \/>\n<meta name=\"twitter:card\" content=\"summary_large_image\" \/>\n<meta name=\"twitter:description\" content=\"Pollen Kief Outdoor 19.4% Kief, \u00e4ven kallat cannabis-pollen, best\u00e5r av mikroskopiska trikomer som t\u00e4cker cannabisblommorna.\" \/>\n<meta name=\"twitter:label1\" content=\"Pris\" \/>\n\t<meta name=\"twitter:data1\" content=\"99.00&nbsp;&#107;&#114;\" \/>\n\t<meta name=\"twitter:label2\" content=\"Tilg\u00e6ngelighed\" \/>\n\t<meta name=\"twitter:data2\" content=\"P\u00e5 lager\" \/>\n<script type=\"application\/ld+json\" class=\"yoast-schema-graph\">{\"@context\":\"https:\/\/schema.org\",\"@graph\":[{\"@type\":\"WebPage\",\"@id\":\"https:\/\/www.swizzle.se\/produkt\/pollen-kief-outdoor-19-4\/\",\"url\":\"https:\/\/www.swizzle.se\/produkt\/pollen-kief-outdoor-19-4\/\",\"name\":\"Pollen Kief Outdoor 19.4%\",\"isPartOf\":{\"@id\":\"https:\/\/staging.swizzle.se\/#website\"},\"primaryImageOfPage\":{\"@id\":\"https:\/\/www.swizzle.se\/produkt\/pollen-kief-outdoor-19-4\/#primaryimage\"},\"image\":{\"@id\":\"https:\/\/www.swizzle.se\/produkt\/pollen-kief-outdoor-19-4\/#primaryimage\"},\"thumbnailUrl\":\"https:\/\/staging.swizzle.se\/wp-content\/uploads\/2025\/07\/premium-kief-marroqui-600x600-1.jpg\",\"datePublished\":\"2025-07-22T15:10:57+00:00\",\"dateModified\":\"2026-02-04T14:09:15+00:00\",\"description\":\"Pollen Kief Outdoor 19.4% , \u00e4ven kallat cannabis-pollen, best\u00e5r av mikroskopiska trikomer som t\u00e4cker cannabisblommorna. CBD: 19,4%.\",\"breadcrumb\":{\"@id\":\"https:\/\/www.swizzle.se\/produkt\/pollen-kief-outdoor-19-4\/#breadcrumb\"},\"inLanguage\":\"da-DK\",\"potentialAction\":[{\"@type\":\"ReadAction\",\"target\":[\"https:\/\/www.swizzle.se\/produkt\/pollen-kief-outdoor-19-4\/\"]}]},{\"@type\":\"ImageObject\",\"inLanguage\":\"da-DK\",\"@id\":\"https:\/\/www.swizzle.se\/produkt\/pollen-kief-outdoor-19-4\/#primaryimage\",\"url\":\"https:\/\/staging.swizzle.se\/wp-content\/uploads\/2025\/07\/premium-kief-marroqui-600x600-1.jpg\",\"contentUrl\":\"https:\/\/staging.swizzle.se\/wp-content\/uploads\/2025\/07\/premium-kief-marroqui-600x600-1.jpg\",\"width\":600,\"height\":600,\"caption\":\"Bild pollen\"},{\"@type\":\"BreadcrumbList\",\"@id\":\"https:\/\/www.swizzle.se\/produkt\/pollen-kief-outdoor-19-4\/#breadcrumb\",\"itemListElement\":[{\"@type\":\"ListItem\",\"position\":1,\"name\":\"Home\",\"item\":\"https:\/\/www.swizzle.se\/\"},{\"@type\":\"ListItem\",\"position\":2,\"name\":\"Shop\",\"item\":\"https:\/\/www.swizzle.se\/shop\/\"},{\"@type\":\"ListItem\",\"position\":3,\"name\":\"CANNABINOIDER\",\"item\":\"https:\/\/www.swizzle.se\/produkt-kategori\/cannabinoider\/\"},{\"@type\":\"ListItem\",\"position\":4,\"name\":\"CBD\/G\/N\",\"item\":\"https:\/\/www.swizzle.se\/produkt-kategori\/cannabinoider\/cbd-g-n\/\"},{\"@type\":\"ListItem\",\"position\":5,\"name\":\"CBD Pollen Kief Outdoor 19.4%\"}]},{\"@type\":\"WebSite\",\"@id\":\"https:\/\/staging.swizzle.se\/#website\",\"url\":\"https:\/\/staging.swizzle.se\/\",\"name\":\"Swizzle\",\"description\":\"Nikotin CBD Vapes Snus White Portion\",\"publisher\":{\"@id\":\"https:\/\/staging.swizzle.se\/#organization\"},\"potentialAction\":[{\"@type\":\"SearchAction\",\"target\":{\"@type\":\"EntryPoint\",\"urlTemplate\":\"https:\/\/staging.swizzle.se\/?s={search_term_string}\"},\"query-input\":{\"@type\":\"PropertyValueSpecification\",\"valueRequired\":true,\"valueName\":\"search_term_string\"}}],\"inLanguage\":\"da-DK\"},{\"@type\":\"Organization\",\"@id\":\"https:\/\/staging.swizzle.se\/#organization\",\"name\":\"Swizzle\",\"url\":\"https:\/\/staging.swizzle.se\/\",\"logo\":{\"@type\":\"ImageObject\",\"inLanguage\":\"da-DK\",\"@id\":\"https:\/\/staging.swizzle.se\/#\/schema\/logo\/image\/\",\"url\":\"https:\/\/staging.swizzle.se\/wp-content\/uploads\/2025\/10\/cropped-SWIZZLE.-4.png\",\"contentUrl\":\"https:\/\/staging.swizzle.se\/wp-content\/uploads\/2025\/10\/cropped-SWIZZLE.-4.png\",\"width\":800,\"height\":267,\"caption\":\"Swizzle\"},\"image\":{\"@id\":\"https:\/\/staging.swizzle.se\/#\/schema\/logo\/image\/\"},\"hasMerchantReturnPolicy\":{\"@type\":\"MerchantReturnPolicy\",\"merchantReturnLink\":\"https:\/\/staging.swizzle.se\/dk\/villkor\/\"}}]}<\/script>\n<meta property=\"product:price:amount\" content=\"99.00\" \/>\n<meta property=\"product:price:currency\" content=\"SEK\" \/>\n<meta property=\"og:availability\" content=\"instock\" \/>\n<meta property=\"product:availability\" content=\"instock\" \/>\n<meta property=\"product:retailer_item_id\" content=\"Cbdpollen\" \/>\n<meta property=\"product:condition\" content=\"new\" \/>\n<!-- \/ Yoast SEO Premium plugin. -->","yoast_head_json":{"title":"Pollen Kief Outdoor 19.4%","description":"Pollen Kief Outdoor 19.4% , \u00e4ven kallat cannabis-pollen, best\u00e5r av mikroskopiska trikomer som t\u00e4cker cannabisblommorna. CBD: 19,4%.","robots":{"index":"noindex","follow":"follow","max-snippet":"max-snippet:-1","max-image-preview":"max-image-preview:large","max-video-preview":"max-video-preview:-1"},"og_locale":"da_DK","og_type":"article","og_title":"CBD Pollen Kief Outdoor 19.4%","og_description":"Pollen Kief Outdoor 19.4% Kief, \u00e4ven kallat cannabis-pollen, best\u00e5r av mikroskopiska trikomer som t\u00e4cker cannabisblommorna.","og_url":"https:\/\/www.swizzle.se\/produkt\/pollen-kief-outdoor-19-4\/","og_site_name":"Swizzle","article_modified_time":"2026-02-04T14:09:15+00:00","og_image":[{"width":600,"height":600,"url":"https:\/\/www.swizzle.se\/wp-content\/uploads\/2025\/07\/premium-kief-marroqui-600x600-1.jpg","type":"image\/jpeg"}],"twitter_card":"summary_large_image","twitter_description":"Pollen Kief Outdoor 19.4% Kief, \u00e4ven kallat cannabis-pollen, best\u00e5r av mikroskopiska trikomer som t\u00e4cker cannabisblommorna.","twitter_misc":{"Pris":"99.00&nbsp;&#107;&#114;","Tilg\u00e6ngelighed":"P\u00e5 lager"},"schema":{"@context":"https:\/\/schema.org","@graph":[{"@type":"WebPage","@id":"https:\/\/www.swizzle.se\/produkt\/pollen-kief-outdoor-19-4\/","url":"https:\/\/www.swizzle.se\/produkt\/pollen-kief-outdoor-19-4\/","name":"Pollen Kief Outdoor 19.4%","isPartOf":{"@id":"https:\/\/staging.swizzle.se\/#website"},"primaryImageOfPage":{"@id":"https:\/\/www.swizzle.se\/produkt\/pollen-kief-outdoor-19-4\/#primaryimage"},"image":{"@id":"https:\/\/www.swizzle.se\/produkt\/pollen-kief-outdoor-19-4\/#primaryimage"},"thumbnailUrl":"https:\/\/staging.swizzle.se\/wp-content\/uploads\/2025\/07\/premium-kief-marroqui-600x600-1.jpg","datePublished":"2025-07-22T15:10:57+00:00","dateModified":"2026-02-04T14:09:15+00:00","description":"Pollen Kief Outdoor 19.4% , \u00e4ven kallat cannabis-pollen, best\u00e5r av mikroskopiska trikomer som t\u00e4cker cannabisblommorna. CBD: 19,4%.","breadcrumb":{"@id":"https:\/\/www.swizzle.se\/produkt\/pollen-kief-outdoor-19-4\/#breadcrumb"},"inLanguage":"da-DK","potentialAction":[{"@type":"ReadAction","target":["https:\/\/www.swizzle.se\/produkt\/pollen-kief-outdoor-19-4\/"]}]},{"@type":"ImageObject","inLanguage":"da-DK","@id":"https:\/\/www.swizzle.se\/produkt\/pollen-kief-outdoor-19-4\/#primaryimage","url":"https:\/\/staging.swizzle.se\/wp-content\/uploads\/2025\/07\/premium-kief-marroqui-600x600-1.jpg","contentUrl":"https:\/\/staging.swizzle.se\/wp-content\/uploads\/2025\/07\/premium-kief-marroqui-600x600-1.jpg","width":600,"height":600,"caption":"Bild pollen"},{"@type":"BreadcrumbList","@id":"https:\/\/www.swizzle.se\/produkt\/pollen-kief-outdoor-19-4\/#breadcrumb","itemListElement":[{"@type":"ListItem","position":1,"name":"Home","item":"https:\/\/www.swizzle.se\/"},{"@type":"ListItem","position":2,"name":"Shop","item":"https:\/\/www.swizzle.se\/shop\/"},{"@type":"ListItem","position":3,"name":"CANNABINOIDER","item":"https:\/\/www.swizzle.se\/produkt-kategori\/cannabinoider\/"},{"@type":"ListItem","position":4,"name":"CBD\/G\/N","item":"https:\/\/www.swizzle.se\/produkt-kategori\/cannabinoider\/cbd-g-n\/"},{"@type":"ListItem","position":5,"name":"CBD Pollen Kief Outdoor 19.4%"}]},{"@type":"WebSite","@id":"https:\/\/staging.swizzle.se\/#website","url":"https:\/\/staging.swizzle.se\/","name":"Swizzle","description":"Nikotin CBD Vapes Snus Hvid Portion","publisher":{"@id":"https:\/\/staging.swizzle.se\/#organization"},"potentialAction":[{"@type":"SearchAction","target":{"@type":"EntryPoint","urlTemplate":"https:\/\/staging.swizzle.se\/?s={search_term_string}"},"query-input":{"@type":"PropertyValueSpecification","valueRequired":true,"valueName":"search_term_string"}}],"inLanguage":"da-DK"},{"@type":"Organization","@id":"https:\/\/staging.swizzle.se\/#organization","name":"Swizzle","url":"https:\/\/staging.swizzle.se\/","logo":{"@type":"ImageObject","inLanguage":"da-DK","@id":"https:\/\/staging.swizzle.se\/#\/schema\/logo\/image\/","url":"https:\/\/staging.swizzle.se\/wp-content\/uploads\/2025\/10\/cropped-SWIZZLE.-4.png","contentUrl":"https:\/\/staging.swizzle.se\/wp-content\/uploads\/2025\/10\/cropped-SWIZZLE.-4.png","width":800,"height":267,"caption":"Swizzle"},"image":{"@id":"https:\/\/staging.swizzle.se\/#\/schema\/logo\/image\/"},"hasMerchantReturnPolicy":{"@type":"MerchantReturnPolicy","merchantReturnLink":"https:\/\/staging.swizzle.se\/dk\/villkor\/"}}]},"product_price_amount":"99.00","product_price_currency":"SEK","og_availability":"instock","product_availability":"instock","product_retailer_item_id":"Cbdpollen","product_condition":"new"},"tiered_pricing_type":"fixed","tiered_pricing_fixed_rules":[],"tiered_pricing_product_settings":{"layout":"default","base_unit_name":{"singular":null,"plural":null},"default_variation":null},"tiered_pricing_minimum_quantity":null,"tiered_pricing_roles_data":[],"tiered_pricing_percentage_rules":[],"tiered_pricing_maximum_quantity":null,"tiered_pricing_quantity_step":null,"_links":{"self":[{"href":"https:\/\/staging.swizzle.se\/dk\/wp-json\/wp\/v2\/product\/272301","targetHints":{"allow":["GET"]}}],"collection":[{"href":"https:\/\/staging.swizzle.se\/dk\/wp-json\/wp\/v2\/product"}],"about":[{"href":"https:\/\/staging.swizzle.se\/dk\/wp-json\/wp\/v2\/types\/product"}],"replies":[{"embeddable":true,"href":"https:\/\/staging.swizzle.se\/dk\/wp-json\/wp\/v2\/comments?post=272301"}],"version-history":[{"count":0,"href":"https:\/\/staging.swizzle.se\/dk\/wp-json\/wp\/v2\/product\/272301\/revisions"}],"wp:featuredmedia":[{"embeddable":true,"href":"https:\/\/staging.swizzle.se\/dk\/wp-json\/wp\/v2\/media\/272302"}],"wp:attachment":[{"href":"https:\/\/staging.swizzle.se\/dk\/wp-json\/wp\/v2\/media?parent=272301"}],"wp:term":[{"taxonomy":"product_brand","embeddable":true,"href":"https:\/\/staging.swizzle.se\/dk\/wp-json\/wp\/v2\/product_brand?post=272301"},{"taxonomy":"product_cat","embeddable":true,"href":"https:\/\/staging.swizzle.se\/dk\/wp-json\/wp\/v2\/product_cat?post=272301"},{"taxonomy":"product_tag","embeddable":true,"href":"https:\/\/staging.swizzle.se\/dk\/wp-json\/wp\/v2\/product_tag?post=272301"},{"taxonomy":"superdeal","embeddable":true,"href":"https:\/\/staging.swizzle.se\/dk\/wp-json\/wp\/v2\/superdeal?post=272301"},{"taxonomy":"product_variant_id","embeddable":true,"href":"https:\/\/staging.swizzle.se\/dk\/wp-json\/wp\/v2\/product_variant_id?post=272301"}],"curies":[{"name":"wp","href":"https:\/\/api.w.org\/{rel}","templated":true}]}}