{"id":272284,"date":"2025-07-22T09:39:32","date_gmt":"2025-07-22T09:39:32","guid":{"rendered":"https:\/\/staging.swizzle.se\/?post_type=product&#038;p=272284"},"modified":"2026-02-04T14:09:16","modified_gmt":"2026-02-04T14:09:16","slug":"gold-hash-cbd-22-4","status":"publish","type":"product","link":"https:\/\/staging.swizzle.se\/dk\/product-2\/gold-hash-cbd-22-4\/","title":{"rendered":"Gold Hash CBD 22.4%"},"content":{"rendered":"<p><!-- SEO-optimerad produkttext: Gold Hash 22,4% CBD --><\/p>\n<p><!-- Rekommenderad SEO-titel: Gold Hash 22,4% CBD | Traditionellt marockanskt hantverk --><\/p>\n<p><!-- Rekommenderad meta description:\nGold Hash med 22,4% CBD och THC <0,2%. Tillverkat med traditionella marockanska tekniker f\u00f6r en intensiv och autentisk upplevelse. --><\/p>\n<article class=\"product-post gold-hash\">\n<header>\n<h1>Gold Hash CBD 22.4%<\/h1>\n<p><strong>Gold Hash<\/strong> \u00e4r framtaget med traditionella <strong>marockanska metoder<\/strong> f\u00f6r att ge en<br \/>\nautentisk och smakrik upplevelse. Tillverkat av h\u00f6gkvalitativa blomdelar och raffinerade processer<br \/>\nsom framh\u00e4ver b\u00e5de doft och smak. Med en CBD-halt p\u00e5 <strong>22,4%<\/strong> och THC under <strong>0,2%<\/strong><br \/>\nlevererar denna produkt en intensiv och snabbverkande k\u00e4nsla \u2013 en premiumprodukt f\u00f6r finsmakare.<\/p>\n<p><em>Endast avsedd f\u00f6r vetenskapliga och tekniska \u00e4ndam\u00e5l.<\/em><\/p>\n<\/header>\n<section id=\"egenskaper\">\n<h2>Varf\u00f6r v\u00e4lja Gold Hash CBD 22.4%<\/h2>\n<ul>\n<li><strong>H\u00f6g CBD-halt:<\/strong> 22,4% CBD f\u00f6r kraftfull effekt.<\/li>\n<li><strong>L\u00e5g THC:<\/strong> Mindre \u00e4n 0,2%, lagligt inom EU-standard.<\/li>\n<li><strong>Traditionellt hantverk:<\/strong> Inspirerat av klassiska marockanska tekniker.<\/li>\n<li><strong>Smak &amp; arom:<\/strong> Intensiv och autentisk smakprofil.<\/li>\n<\/ul>\n<\/section>\n<footer class=\"product-cta\"><em><br \/>\nUpplev den traditionella k\u00e4nslan med <strong>Gold Hash 22,4% CBD<\/strong> \u2013 perfekt f\u00f6r dig som s\u00f6ker h\u00f6gsta kvalitet.<br \/>\n<\/em><strong>Bem\u00e6rk!<\/strong><br \/>\nDu skal v\u00e6re mindst 18 \u00e5r gammel for at k\u00f8be dette produkt. Det er ikke beregnet som medicin, kosttilskud eller naturprodukt. Vi opfordrer ikke til at indtage eller ryge dette produkt. Opbevar det utilg\u00e6ngeligt for b\u00f8rn Vi fraskriver os ethvert ansvar for, hvordan du som kunde bruger vores produkter. Vi s\u00e6lger dem til indsamlings- og prydform\u00e5l.<\/footer>\n<\/article>","protected":false},"excerpt":{"rendered":"<p><strong>Gold Hash 22,4% CBD | THC &lt;0,2%<\/strong><\/p>\n<p><strong>S\u00e4ljes per gram. 1 enhet = 1 gram.<\/strong><\/p>\n<p><strong>Gold Hash<\/strong> \u00e4r framtaget med traditionella <strong>marockanska metoder<\/strong> f\u00f6r att ge en autentisk och smakrik upplevelse. Tillverkat av h\u00f6gkvalitativa blomdelar och raffinerade processer som framh\u00e4ver b\u00e5de doft och smak. Med en CBD-halt p\u00e5 <strong>22,4%<\/strong> och THC under <strong>0,2%<\/strong><br \/>\nlevererar denna produkt en intensiv och snabbverkande k\u00e4nsla \u2013 en premiumprodukt f\u00f6r finsmakare.<\/p>\n<p><strong>S\u00e4ljer per gram.<\/strong><\/p>","protected":false},"featured_media":272285,"comment_status":"open","ping_status":"closed","template":"","meta":{"site-sidebar-layout":"default","site-content-layout":"","ast-site-content-layout":"default","site-content-style":"default","site-sidebar-style":"default","ast-global-header-display":"","ast-banner-title-visibility":"","ast-main-header-display":"","ast-hfb-above-header-display":"","ast-hfb-below-header-display":"","ast-hfb-mobile-header-display":"","site-post-title":"","ast-breadcrumbs-content":"","ast-featured-img":"","footer-sml-layout":"","ast-disable-related-posts":"","theme-transparent-header-meta":"default","adv-header-id-meta":"","stick-header-meta":"default","header-above-stick-meta":"","header-main-stick-meta":"","header-below-stick-meta":"","astra-migrate-meta-layouts":"set","ast-page-background-enabled":"default","ast-page-background-meta":{"desktop":{"background-color":"var(--ast-global-color-4)","background-image":"","background-repeat":"repeat","background-position":"center center","background-size":"auto","background-attachment":"scroll","background-type":"","background-media":"","overlay-type":"","overlay-color":"","overlay-opacity":"","overlay-gradient":""},"tablet":{"background-color":"","background-image":"","background-repeat":"repeat","background-position":"center center","background-size":"auto","background-attachment":"scroll","background-type":"","background-media":"","overlay-type":"","overlay-color":"","overlay-opacity":"","overlay-gradient":""},"mobile":{"background-color":"","background-image":"","background-repeat":"repeat","background-position":"center center","background-size":"auto","background-attachment":"scroll","background-type":"","background-media":"","overlay-type":"","overlay-color":"","overlay-opacity":"","overlay-gradient":""}},"ast-content-background-meta":{"desktop":{"background-color":"var(--ast-global-color-5)","background-image":"","background-repeat":"repeat","background-position":"center center","background-size":"auto","background-attachment":"scroll","background-type":"","background-media":"","overlay-type":"","overlay-color":"","overlay-opacity":"","overlay-gradient":""},"tablet":{"background-color":"var(--ast-global-color-5)","background-image":"","background-repeat":"repeat","background-position":"center center","background-size":"auto","background-attachment":"scroll","background-type":"","background-media":"","overlay-type":"","overlay-color":"","overlay-opacity":"","overlay-gradient":""},"mobile":{"background-color":"var(--ast-global-color-5)","background-image":"","background-repeat":"repeat","background-position":"center center","background-size":"auto","background-attachment":"scroll","background-type":"","background-media":"","overlay-type":"","overlay-color":"","overlay-opacity":"","overlay-gradient":""}}},"product_brand":[743],"product_cat":[438,331],"product_tag":[],"superdeal":[],"product_variant_id":[],"class_list":{"0":"post-272284","1":"product","2":"type-product","3":"status-publish","4":"has-post-thumbnail","6":"product_brand-green_brothers","7":"product_cat-cbd-hash","8":"product_cat-cbd-g-n","9":"desktop-align-center","10":"tablet-align-left","11":"mobile-align-left","12":"ast-product-gallery-layout-horizontal-slider","13":"ast-magnify-disabled","14":"ast-product-tabs-layout-horizontal","16":"first","17":"instock","18":"taxable","19":"shipping-taxable","20":"purchasable","21":"product-type-simple"},"yoast_head":"<!-- This site is optimized with the Yoast SEO Premium plugin v26.9 (Yoast SEO v26.9) - https:\/\/yoast.com\/product\/yoast-seo-premium-wordpress\/ -->\n<title>Gold Hash CBD 22.4%<\/title>\n<meta name=\"description\" content=\"Gold Hash CBD 22.4%. Gold Hash 22,4% CBD | THC &lt;0,2%Gold Hash \u00e4r framtaget med traditionella marockanska metoder f\u00f6r att ge en smakrik upplevelse.\" \/>\n<meta name=\"robots\" content=\"noindex, follow, max-snippet:-1, max-image-preview:large, max-video-preview:-1\" \/>\n<meta property=\"og:locale\" content=\"da_DK\" \/>\n<meta property=\"og:type\" content=\"article\" \/>\n<meta property=\"og:title\" content=\"Gold Hash CBD 22.4%\" \/>\n<meta property=\"og:description\" content=\"Gold Hash CBD 22.4%. Gold Hash 22,4% CBD | THC &lt;0,2%Gold Hash \u00e4r framtaget med traditionella marockanska metoder f\u00f6r att ge en smakrik upplevelse.\" \/>\n<meta property=\"og:url\" content=\"https:\/\/www.swizzle.se\/produkt\/gold-hash-cbd-22-4\/\" \/>\n<meta property=\"og:site_name\" content=\"Swizzle\" \/>\n<meta property=\"article:modified_time\" content=\"2026-02-04T14:09:16+00:00\" \/>\n<meta property=\"og:image\" content=\"https:\/\/www.swizzle.se\/wp-content\/uploads\/2025\/07\/resin-cbd-golden-hash.webp\" \/>\n\t<meta property=\"og:image:width\" content=\"700\" \/>\n\t<meta property=\"og:image:height\" content=\"700\" \/>\n\t<meta property=\"og:image:type\" content=\"image\/webp\" \/>\n<meta name=\"twitter:card\" content=\"summary_large_image\" \/>\n<meta name=\"twitter:label1\" content=\"Pris\" \/>\n\t<meta name=\"twitter:data1\" content=\"129.00&nbsp;&#107;&#114;\" \/>\n\t<meta name=\"twitter:label2\" content=\"Tilg\u00e6ngelighed\" \/>\n\t<meta name=\"twitter:data2\" content=\"P\u00e5 lager\" \/>\n<script type=\"application\/ld+json\" class=\"yoast-schema-graph\">{\"@context\":\"https:\/\/schema.org\",\"@graph\":[{\"@type\":\"WebPage\",\"@id\":\"https:\/\/www.swizzle.se\/produkt\/gold-hash-cbd-22-4\/\",\"url\":\"https:\/\/www.swizzle.se\/produkt\/gold-hash-cbd-22-4\/\",\"name\":\"Gold Hash CBD 22.4%\",\"isPartOf\":{\"@id\":\"https:\/\/staging.swizzle.se\/#website\"},\"primaryImageOfPage\":{\"@id\":\"https:\/\/www.swizzle.se\/produkt\/gold-hash-cbd-22-4\/#primaryimage\"},\"image\":{\"@id\":\"https:\/\/www.swizzle.se\/produkt\/gold-hash-cbd-22-4\/#primaryimage\"},\"thumbnailUrl\":\"https:\/\/staging.swizzle.se\/wp-content\/uploads\/2025\/07\/resin-cbd-golden-hash.webp\",\"datePublished\":\"2025-07-22T09:39:32+00:00\",\"dateModified\":\"2026-02-04T14:09:16+00:00\",\"description\":\"Gold Hash CBD 22.4%. Gold Hash 22,4% CBD | THC &lt;0,2%Gold Hash \u00e4r framtaget med traditionella marockanska metoder f\u00f6r att ge en smakrik upplevelse.\",\"breadcrumb\":{\"@id\":\"https:\/\/www.swizzle.se\/produkt\/gold-hash-cbd-22-4\/#breadcrumb\"},\"inLanguage\":\"da-DK\",\"potentialAction\":[{\"@type\":\"ReadAction\",\"target\":[\"https:\/\/www.swizzle.se\/produkt\/gold-hash-cbd-22-4\/\"]}]},{\"@type\":\"ImageObject\",\"inLanguage\":\"da-DK\",\"@id\":\"https:\/\/www.swizzle.se\/produkt\/gold-hash-cbd-22-4\/#primaryimage\",\"url\":\"https:\/\/staging.swizzle.se\/wp-content\/uploads\/2025\/07\/resin-cbd-golden-hash.webp\",\"contentUrl\":\"https:\/\/staging.swizzle.se\/wp-content\/uploads\/2025\/07\/resin-cbd-golden-hash.webp\",\"width\":700,\"height\":700,\"caption\":\"Bild gold cbd\"},{\"@type\":\"BreadcrumbList\",\"@id\":\"https:\/\/www.swizzle.se\/produkt\/gold-hash-cbd-22-4\/#breadcrumb\",\"itemListElement\":[{\"@type\":\"ListItem\",\"position\":1,\"name\":\"Home\",\"item\":\"https:\/\/www.swizzle.se\/\"},{\"@type\":\"ListItem\",\"position\":2,\"name\":\"Shop\",\"item\":\"https:\/\/www.swizzle.se\/shop\/\"},{\"@type\":\"ListItem\",\"position\":3,\"name\":\"CANNABINOIDER\",\"item\":\"https:\/\/www.swizzle.se\/produkt-kategori\/cannabinoider\/\"},{\"@type\":\"ListItem\",\"position\":4,\"name\":\"CBD\/G\/N\",\"item\":\"https:\/\/www.swizzle.se\/produkt-kategori\/cannabinoider\/cbd-g-n\/\"},{\"@type\":\"ListItem\",\"position\":5,\"name\":\"Gold Hash CBD 22.4%\"}]},{\"@type\":\"WebSite\",\"@id\":\"https:\/\/staging.swizzle.se\/#website\",\"url\":\"https:\/\/staging.swizzle.se\/\",\"name\":\"Swizzle\",\"description\":\"Nikotin CBD Vapes Snus White Portion\",\"publisher\":{\"@id\":\"https:\/\/staging.swizzle.se\/#organization\"},\"potentialAction\":[{\"@type\":\"SearchAction\",\"target\":{\"@type\":\"EntryPoint\",\"urlTemplate\":\"https:\/\/staging.swizzle.se\/?s={search_term_string}\"},\"query-input\":{\"@type\":\"PropertyValueSpecification\",\"valueRequired\":true,\"valueName\":\"search_term_string\"}}],\"inLanguage\":\"da-DK\"},{\"@type\":\"Organization\",\"@id\":\"https:\/\/staging.swizzle.se\/#organization\",\"name\":\"Swizzle\",\"url\":\"https:\/\/staging.swizzle.se\/\",\"logo\":{\"@type\":\"ImageObject\",\"inLanguage\":\"da-DK\",\"@id\":\"https:\/\/staging.swizzle.se\/#\/schema\/logo\/image\/\",\"url\":\"https:\/\/staging.swizzle.se\/wp-content\/uploads\/2025\/10\/cropped-SWIZZLE.-4.png\",\"contentUrl\":\"https:\/\/staging.swizzle.se\/wp-content\/uploads\/2025\/10\/cropped-SWIZZLE.-4.png\",\"width\":800,\"height\":267,\"caption\":\"Swizzle\"},\"image\":{\"@id\":\"https:\/\/staging.swizzle.se\/#\/schema\/logo\/image\/\"},\"hasMerchantReturnPolicy\":{\"@type\":\"MerchantReturnPolicy\",\"merchantReturnLink\":\"https:\/\/staging.swizzle.se\/dk\/villkor\/\"}}]}<\/script>\n<meta property=\"product:price:amount\" content=\"129.00\" \/>\n<meta property=\"product:price:currency\" content=\"SEK\" \/>\n<meta property=\"og:availability\" content=\"instock\" \/>\n<meta property=\"product:availability\" content=\"instock\" \/>\n<meta property=\"product:retailer_item_id\" content=\"129\" \/>\n<meta property=\"product:condition\" content=\"new\" \/>\n<!-- \/ Yoast SEO Premium plugin. -->","yoast_head_json":{"title":"Gold Hash CBD 22.4%","description":"Gold Hash CBD 22.4%. Gold Hash 22,4% CBD | THC &lt;0,2%Gold Hash \u00e4r framtaget med traditionella marockanska metoder f\u00f6r att ge en smakrik upplevelse.","robots":{"index":"noindex","follow":"follow","max-snippet":"max-snippet:-1","max-image-preview":"max-image-preview:large","max-video-preview":"max-video-preview:-1"},"og_locale":"da_DK","og_type":"article","og_title":"Gold Hash CBD 22.4%","og_description":"Gold Hash CBD 22.4%. Gold Hash 22,4% CBD | THC &lt;0,2%Gold Hash \u00e4r framtaget med traditionella marockanska metoder f\u00f6r att ge en smakrik upplevelse.","og_url":"https:\/\/www.swizzle.se\/produkt\/gold-hash-cbd-22-4\/","og_site_name":"Swizzle","article_modified_time":"2026-02-04T14:09:16+00:00","og_image":[{"width":700,"height":700,"url":"https:\/\/www.swizzle.se\/wp-content\/uploads\/2025\/07\/resin-cbd-golden-hash.webp","type":"image\/webp"}],"twitter_card":"summary_large_image","twitter_misc":{"Pris":"129.00&nbsp;&#107;&#114;","Tilg\u00e6ngelighed":"P\u00e5 lager"},"schema":{"@context":"https:\/\/schema.org","@graph":[{"@type":"WebPage","@id":"https:\/\/www.swizzle.se\/produkt\/gold-hash-cbd-22-4\/","url":"https:\/\/www.swizzle.se\/produkt\/gold-hash-cbd-22-4\/","name":"Gold Hash CBD 22.4%","isPartOf":{"@id":"https:\/\/staging.swizzle.se\/#website"},"primaryImageOfPage":{"@id":"https:\/\/www.swizzle.se\/produkt\/gold-hash-cbd-22-4\/#primaryimage"},"image":{"@id":"https:\/\/www.swizzle.se\/produkt\/gold-hash-cbd-22-4\/#primaryimage"},"thumbnailUrl":"https:\/\/staging.swizzle.se\/wp-content\/uploads\/2025\/07\/resin-cbd-golden-hash.webp","datePublished":"2025-07-22T09:39:32+00:00","dateModified":"2026-02-04T14:09:16+00:00","description":"Gold Hash CBD 22.4%. Gold Hash 22,4% CBD | THC &lt;0,2%Gold Hash \u00e4r framtaget med traditionella marockanska metoder f\u00f6r att ge en smakrik upplevelse.","breadcrumb":{"@id":"https:\/\/www.swizzle.se\/produkt\/gold-hash-cbd-22-4\/#breadcrumb"},"inLanguage":"da-DK","potentialAction":[{"@type":"ReadAction","target":["https:\/\/www.swizzle.se\/produkt\/gold-hash-cbd-22-4\/"]}]},{"@type":"ImageObject","inLanguage":"da-DK","@id":"https:\/\/www.swizzle.se\/produkt\/gold-hash-cbd-22-4\/#primaryimage","url":"https:\/\/staging.swizzle.se\/wp-content\/uploads\/2025\/07\/resin-cbd-golden-hash.webp","contentUrl":"https:\/\/staging.swizzle.se\/wp-content\/uploads\/2025\/07\/resin-cbd-golden-hash.webp","width":700,"height":700,"caption":"Bild gold cbd"},{"@type":"BreadcrumbList","@id":"https:\/\/www.swizzle.se\/produkt\/gold-hash-cbd-22-4\/#breadcrumb","itemListElement":[{"@type":"ListItem","position":1,"name":"Home","item":"https:\/\/www.swizzle.se\/"},{"@type":"ListItem","position":2,"name":"Shop","item":"https:\/\/www.swizzle.se\/shop\/"},{"@type":"ListItem","position":3,"name":"CANNABINOIDER","item":"https:\/\/www.swizzle.se\/produkt-kategori\/cannabinoider\/"},{"@type":"ListItem","position":4,"name":"CBD\/G\/N","item":"https:\/\/www.swizzle.se\/produkt-kategori\/cannabinoider\/cbd-g-n\/"},{"@type":"ListItem","position":5,"name":"Gold Hash CBD 22.4%"}]},{"@type":"WebSite","@id":"https:\/\/staging.swizzle.se\/#website","url":"https:\/\/staging.swizzle.se\/","name":"Swizzle","description":"Nikotin CBD Vapes Snus Hvid Portion","publisher":{"@id":"https:\/\/staging.swizzle.se\/#organization"},"potentialAction":[{"@type":"SearchAction","target":{"@type":"EntryPoint","urlTemplate":"https:\/\/staging.swizzle.se\/?s={search_term_string}"},"query-input":{"@type":"PropertyValueSpecification","valueRequired":true,"valueName":"search_term_string"}}],"inLanguage":"da-DK"},{"@type":"Organization","@id":"https:\/\/staging.swizzle.se\/#organization","name":"Swizzle","url":"https:\/\/staging.swizzle.se\/","logo":{"@type":"ImageObject","inLanguage":"da-DK","@id":"https:\/\/staging.swizzle.se\/#\/schema\/logo\/image\/","url":"https:\/\/staging.swizzle.se\/wp-content\/uploads\/2025\/10\/cropped-SWIZZLE.-4.png","contentUrl":"https:\/\/staging.swizzle.se\/wp-content\/uploads\/2025\/10\/cropped-SWIZZLE.-4.png","width":800,"height":267,"caption":"Swizzle"},"image":{"@id":"https:\/\/staging.swizzle.se\/#\/schema\/logo\/image\/"},"hasMerchantReturnPolicy":{"@type":"MerchantReturnPolicy","merchantReturnLink":"https:\/\/staging.swizzle.se\/dk\/villkor\/"}}]},"product_price_amount":"129.00","product_price_currency":"SEK","og_availability":"instock","product_availability":"instock","product_retailer_item_id":"129","product_condition":"new"},"tiered_pricing_type":"fixed","tiered_pricing_fixed_rules":[],"tiered_pricing_product_settings":{"layout":"default","base_unit_name":{"singular":null,"plural":null},"default_variation":null},"tiered_pricing_minimum_quantity":null,"tiered_pricing_roles_data":[],"tiered_pricing_percentage_rules":[],"tiered_pricing_maximum_quantity":null,"tiered_pricing_quantity_step":null,"_links":{"self":[{"href":"https:\/\/staging.swizzle.se\/dk\/wp-json\/wp\/v2\/product\/272284","targetHints":{"allow":["GET"]}}],"collection":[{"href":"https:\/\/staging.swizzle.se\/dk\/wp-json\/wp\/v2\/product"}],"about":[{"href":"https:\/\/staging.swizzle.se\/dk\/wp-json\/wp\/v2\/types\/product"}],"replies":[{"embeddable":true,"href":"https:\/\/staging.swizzle.se\/dk\/wp-json\/wp\/v2\/comments?post=272284"}],"version-history":[{"count":0,"href":"https:\/\/staging.swizzle.se\/dk\/wp-json\/wp\/v2\/product\/272284\/revisions"}],"wp:featuredmedia":[{"embeddable":true,"href":"https:\/\/staging.swizzle.se\/dk\/wp-json\/wp\/v2\/media\/272285"}],"wp:attachment":[{"href":"https:\/\/staging.swizzle.se\/dk\/wp-json\/wp\/v2\/media?parent=272284"}],"wp:term":[{"taxonomy":"product_brand","embeddable":true,"href":"https:\/\/staging.swizzle.se\/dk\/wp-json\/wp\/v2\/product_brand?post=272284"},{"taxonomy":"product_cat","embeddable":true,"href":"https:\/\/staging.swizzle.se\/dk\/wp-json\/wp\/v2\/product_cat?post=272284"},{"taxonomy":"product_tag","embeddable":true,"href":"https:\/\/staging.swizzle.se\/dk\/wp-json\/wp\/v2\/product_tag?post=272284"},{"taxonomy":"superdeal","embeddable":true,"href":"https:\/\/staging.swizzle.se\/dk\/wp-json\/wp\/v2\/superdeal?post=272284"},{"taxonomy":"product_variant_id","embeddable":true,"href":"https:\/\/staging.swizzle.se\/dk\/wp-json\/wp\/v2\/product_variant_id?post=272284"}],"curies":[{"name":"wp","href":"https:\/\/api.w.org\/{rel}","templated":true}]}}