{"id":272281,"date":"2025-07-22T09:13:56","date_gmt":"2025-07-22T09:13:56","guid":{"rendered":"https:\/\/staging.swizzle.se\/?post_type=product&#038;p=272281"},"modified":"2026-02-04T15:46:12","modified_gmt":"2026-02-04T15:46:12","slug":"ccell-th2-evo-cartridge","status":"publish","type":"product","link":"https:\/\/staging.swizzle.se\/dk\/product-2\/ccell-th2-evo-cartridge\/","title":{"rendered":"CCELL TH2 EVO Cartridge"},"content":{"rendered":"<p><!-- SEO-optimerad produkttext: CCELL TH2 EVO Cartridge --><\/p>\n<p><!-- Rekommenderad SEO-titel: CCELL TH2 EVO Patron | Premium Smak och \u00c5ngproduktion --><\/p>\n<p><!-- Rekommenderad meta description: CCELL TH2 EVO-patronen med patenterat keramiskt v\u00e4rmeelement levererar \u00f6verl\u00e4gsen smak och rik \u00e5ngproduktion. Upplev en helt ny niv\u00e5 av vaping. --><\/p>\n<article class=\"product-post ccell-th2-evo\">\n<header>\n<h1>CCELL TH2 EVO Cartridge<\/h1>\n<p>P\u00e5fyllningsbar cartridge 1ml, v\u00e4lj ditt eget inneh\u00e5ll! H\u00f6j din vapingupplevelse till nya niv\u00e5er med<strong> TH2 EVO Cartridge<\/strong>.<br \/>\nDenna premium-patron \u00e4r designad f\u00f6r att leverera <strong>o\u00f6vertr\u00e4ffad smak<\/strong> och <strong>kraftfull \u00e5ngproduktion<\/strong>. Med sin patenterade <strong>keramiska v\u00e4rmeteknik<\/strong> f\u00e5r du en mjuk, j\u00e4mn och extra smakrik vaping \u2013 l\u00e5ngt bortom det vanliga.<\/p>\n<\/header>\n<section id=\"funktioner\">\n<h2>Varf\u00f6r v\u00e4lja CCELL TH2 EVO?<\/h2>\n<ul>\n<li><strong>Premiumkeramik:<\/strong> Patenterat keramiskt v\u00e4rmeelement som bevarar smaken i dina oljor.<\/li>\n<li><strong>\u00d6verl\u00e4gsen smak &amp; \u00e5nga:<\/strong> Kraftfull och j\u00e4mn \u00e5ngproduktion vid varje drag.<\/li>\n<li><strong>Optimal upplevelse:<\/strong> Ger en mjuk och v\u00e4lbalanserad vaping utan br\u00e4nda toner.<\/li>\n<li><strong>Avancerad teknik:<\/strong> Designad f\u00f6r att s\u00e4tta en ny standard inom vape-patroner.<\/li>\n<\/ul>\n<\/section>\n<section id=\"fordelar\">\n<h2>F\u00f6rdelar med TH2 EVO<\/h2>\n<ul>\n<li><strong>Lyxig vapingupplevelse:<\/strong> Upplev n\u00e4sta niv\u00e5 av smak och k\u00e4nsla.<\/li>\n<li><strong>H\u00e5llbar kvalitet:<\/strong> Tillverkad av CCELL \u2013 en ledande akt\u00f6r inom vape-teknik.<\/li>\n<li><strong>Passar f\u00f6r finare oljor:<\/strong> Utm\u00e4rkt f\u00f6r h\u00f6gvisk\u00f6sa oljor och e-v\u00e4tskor.<\/li>\n<\/ul>\n<\/section>\n<footer class=\"product-cta\"><em><br \/>\nL\u00e4mna tr\u00e5kiga vapingupplevelser bakom dig \u2013 best\u00e4ll <strong>CCELL TH2 EVO Cartridge<\/strong> idag och uppt\u00e4ck skillnaden.<\/em><\/footer>\n<\/article>","protected":false},"excerpt":{"rendered":"<p><strong>CCELL TH2 EVO Cartridge<\/strong><\/p>\n<p>P\u00e5fyllningsbar cartridge 1ml, v\u00e4lj ditt eget inneh\u00e5ll! H\u00f6j din vapingupplevelse till nya niv\u00e5er med<strong> TH2 EVO Cartridge fr\u00e5n CCELL<\/strong>.<br \/>\nDenna premium-patron \u00e4r designad f\u00f6r att leverera <strong>o\u00f6vertr\u00e4ffad smak<\/strong> och <strong>kraftfull \u00e5ngproduktion<\/strong>. Med sin patenterade <strong>keramiska v\u00e4rmeteknik<\/strong> f\u00e5r du en mjuk, j\u00e4mn och extra smakrik vaping \u2013 l\u00e5ngt bortom det vanliga.<\/p>","protected":false},"featured_media":272282,"comment_status":"open","ping_status":"closed","template":"","meta":{"site-sidebar-layout":"default","site-content-layout":"","ast-site-content-layout":"default","site-content-style":"default","site-sidebar-style":"default","ast-global-header-display":"","ast-banner-title-visibility":"","ast-main-header-display":"","ast-hfb-above-header-display":"","ast-hfb-below-header-display":"","ast-hfb-mobile-header-display":"","site-post-title":"","ast-breadcrumbs-content":"","ast-featured-img":"","footer-sml-layout":"","ast-disable-related-posts":"","theme-transparent-header-meta":"default","adv-header-id-meta":"","stick-header-meta":"","header-above-stick-meta":"","header-main-stick-meta":"","header-below-stick-meta":"","astra-migrate-meta-layouts":"set","ast-page-background-enabled":"default","ast-page-background-meta":{"desktop":{"background-color":"var(--ast-global-color-4)","background-image":"","background-repeat":"repeat","background-position":"center center","background-size":"auto","background-attachment":"scroll","background-type":"","background-media":"","overlay-type":"","overlay-color":"","overlay-opacity":"","overlay-gradient":""},"tablet":{"background-color":"","background-image":"","background-repeat":"repeat","background-position":"center center","background-size":"auto","background-attachment":"scroll","background-type":"","background-media":"","overlay-type":"","overlay-color":"","overlay-opacity":"","overlay-gradient":""},"mobile":{"background-color":"","background-image":"","background-repeat":"repeat","background-position":"center center","background-size":"auto","background-attachment":"scroll","background-type":"","background-media":"","overlay-type":"","overlay-color":"","overlay-opacity":"","overlay-gradient":""}},"ast-content-background-meta":{"desktop":{"background-color":"var(--ast-global-color-5)","background-image":"","background-repeat":"repeat","background-position":"center center","background-size":"auto","background-attachment":"scroll","background-type":"","background-media":"","overlay-type":"","overlay-color":"","overlay-opacity":"","overlay-gradient":""},"tablet":{"background-color":"var(--ast-global-color-5)","background-image":"","background-repeat":"repeat","background-position":"center center","background-size":"auto","background-attachment":"scroll","background-type":"","background-media":"","overlay-type":"","overlay-color":"","overlay-opacity":"","overlay-gradient":""},"mobile":{"background-color":"var(--ast-global-color-5)","background-image":"","background-repeat":"repeat","background-position":"center center","background-size":"auto","background-attachment":"scroll","background-type":"","background-media":"","overlay-type":"","overlay-color":"","overlay-opacity":"","overlay-gradient":""}}},"product_brand":[729],"product_cat":[497,444,329,394,284,490],"product_tag":[],"superdeal":[],"product_variant_id":[],"class_list":{"0":"post-272281","1":"product","2":"type-product","3":"status-publish","4":"has-post-thumbnail","6":"product_brand-ccell","7":"product_cat-cartridges","8":"product_cat-carts","9":"product_cat-nikotin-2","10":"product_cat-ovrigt","11":"product_cat-roktillbehor","12":"product_cat-vapes-nikotin","13":"desktop-align-center","14":"tablet-align-left","15":"mobile-align-left","16":"ast-product-gallery-layout-horizontal-slider","17":"ast-product-gallery-with-no-image","18":"ast-magnify-disabled","19":"ast-product-tabs-layout-horizontal","21":"first","22":"instock","23":"taxable","24":"shipping-taxable","25":"purchasable","26":"product-type-simple"},"yoast_head":"<!-- This site is optimized with the Yoast SEO Premium plugin v26.9 (Yoast SEO v26.9) - https:\/\/yoast.com\/product\/yoast-seo-premium-wordpress\/ -->\n<title>CCELL TH2 EVO Cartridge<\/title>\n<meta name=\"description\" content=\"CCELL TH2 EVO Cartridge. P\u00e5fyllningsbar cartridge, v\u00e4lj ditt eget inneh\u00e5ll! H\u00f6j din vapingupplevelse till nya niv\u00e5er med CCELL TH2 EVO Cartridge.\" \/>\n<meta name=\"robots\" content=\"noindex, follow, max-snippet:-1, max-image-preview:large, max-video-preview:-1\" \/>\n<meta property=\"og:locale\" content=\"da_DK\" \/>\n<meta property=\"og:type\" content=\"article\" \/>\n<meta property=\"og:title\" content=\"CCELL TH2 EVO Cartridge\" \/>\n<meta property=\"og:description\" content=\"CCELL TH2 EVO Cartridge. P\u00e5fyllningsbar cartridge, v\u00e4lj ditt eget inneh\u00e5ll! H\u00f6j din vapingupplevelse till nya niv\u00e5er med CCELL TH2 EVO Cartridge.\" \/>\n<meta property=\"og:url\" content=\"https:\/\/www.swizzle.se\/produkt\/ccell-th2-evo-cartridge\/\" \/>\n<meta property=\"og:site_name\" content=\"Swizzle\" \/>\n<meta property=\"article:modified_time\" content=\"2026-02-04T15:46:12+00:00\" \/>\n<meta property=\"og:image\" content=\"https:\/\/www.swizzle.se\/wp-content\/uploads\/2025\/07\/CCELL-TH2-EVO-1ml-Black-Default-Image.webp\" \/>\n\t<meta property=\"og:image:width\" content=\"600\" \/>\n\t<meta property=\"og:image:height\" content=\"600\" \/>\n\t<meta property=\"og:image:type\" content=\"image\/webp\" \/>\n<meta name=\"twitter:card\" content=\"summary_large_image\" \/>\n<meta name=\"twitter:title\" content=\"CCELL TH2 EVO Cartridge\" \/>\n<meta name=\"twitter:description\" content=\"CCELL TH2 EVO Cartridge. P\u00e5fyllningsbar cartridge, v\u00e4lj ditt eget inneh\u00e5ll! H\u00f6j din vapingupplevelse till nya niv\u00e5er med CCELL TH2 EVO Cartridge.\" \/>\n<meta name=\"twitter:label1\" content=\"Pris\" \/>\n\t<meta name=\"twitter:data1\" content=\"89.00&nbsp;&#107;&#114;\" \/>\n\t<meta name=\"twitter:label2\" content=\"Tilg\u00e6ngelighed\" \/>\n\t<meta name=\"twitter:data2\" content=\"P\u00e5 lager\" \/>\n<script type=\"application\/ld+json\" class=\"yoast-schema-graph\">{\"@context\":\"https:\/\/schema.org\",\"@graph\":[{\"@type\":\"WebPage\",\"@id\":\"https:\/\/www.swizzle.se\/produkt\/ccell-th2-evo-cartridge\/\",\"url\":\"https:\/\/www.swizzle.se\/produkt\/ccell-th2-evo-cartridge\/\",\"name\":\"CCELL TH2 EVO Cartridge\",\"isPartOf\":{\"@id\":\"https:\/\/staging.swizzle.se\/#website\"},\"primaryImageOfPage\":{\"@id\":\"https:\/\/www.swizzle.se\/produkt\/ccell-th2-evo-cartridge\/#primaryimage\"},\"image\":{\"@id\":\"https:\/\/www.swizzle.se\/produkt\/ccell-th2-evo-cartridge\/#primaryimage\"},\"thumbnailUrl\":\"https:\/\/staging.swizzle.se\/wp-content\/uploads\/2025\/07\/CCELL-TH2-EVO-1ml-Black-Default-Image.webp\",\"datePublished\":\"2025-07-22T09:13:56+00:00\",\"dateModified\":\"2026-02-04T15:46:12+00:00\",\"description\":\"CCELL TH2 EVO Cartridge. P\u00e5fyllningsbar cartridge, v\u00e4lj ditt eget inneh\u00e5ll! H\u00f6j din vapingupplevelse till nya niv\u00e5er med CCELL TH2 EVO Cartridge.\",\"breadcrumb\":{\"@id\":\"https:\/\/www.swizzle.se\/produkt\/ccell-th2-evo-cartridge\/#breadcrumb\"},\"inLanguage\":\"da-DK\",\"potentialAction\":[{\"@type\":\"ReadAction\",\"target\":[\"https:\/\/www.swizzle.se\/produkt\/ccell-th2-evo-cartridge\/\"]}]},{\"@type\":\"ImageObject\",\"inLanguage\":\"da-DK\",\"@id\":\"https:\/\/www.swizzle.se\/produkt\/ccell-th2-evo-cartridge\/#primaryimage\",\"url\":\"https:\/\/staging.swizzle.se\/wp-content\/uploads\/2025\/07\/CCELL-TH2-EVO-1ml-Black-Default-Image.webp\",\"contentUrl\":\"https:\/\/staging.swizzle.se\/wp-content\/uploads\/2025\/07\/CCELL-TH2-EVO-1ml-Black-Default-Image.webp\",\"width\":600,\"height\":600,\"caption\":\"Bild cart\"},{\"@type\":\"BreadcrumbList\",\"@id\":\"https:\/\/www.swizzle.se\/produkt\/ccell-th2-evo-cartridge\/#breadcrumb\",\"itemListElement\":[{\"@type\":\"ListItem\",\"position\":1,\"name\":\"Home\",\"item\":\"https:\/\/www.swizzle.se\/\"},{\"@type\":\"ListItem\",\"position\":2,\"name\":\"Shop\",\"item\":\"https:\/\/www.swizzle.se\/shop\/\"},{\"@type\":\"ListItem\",\"position\":3,\"name\":\"R\u00d6KTILLBEH\u00d6R\",\"item\":\"https:\/\/www.swizzle.se\/produkt-kategori\/roktillbehor\/\"},{\"@type\":\"ListItem\",\"position\":4,\"name\":\"CCELL TH2 EVO Cartridge\"}]},{\"@type\":\"WebSite\",\"@id\":\"https:\/\/staging.swizzle.se\/#website\",\"url\":\"https:\/\/staging.swizzle.se\/\",\"name\":\"Swizzle\",\"description\":\"Nikotin CBD Vapes Snus White Portion\",\"publisher\":{\"@id\":\"https:\/\/staging.swizzle.se\/#organization\"},\"potentialAction\":[{\"@type\":\"SearchAction\",\"target\":{\"@type\":\"EntryPoint\",\"urlTemplate\":\"https:\/\/staging.swizzle.se\/?s={search_term_string}\"},\"query-input\":{\"@type\":\"PropertyValueSpecification\",\"valueRequired\":true,\"valueName\":\"search_term_string\"}}],\"inLanguage\":\"da-DK\"},{\"@type\":\"Organization\",\"@id\":\"https:\/\/staging.swizzle.se\/#organization\",\"name\":\"Swizzle\",\"url\":\"https:\/\/staging.swizzle.se\/\",\"logo\":{\"@type\":\"ImageObject\",\"inLanguage\":\"da-DK\",\"@id\":\"https:\/\/staging.swizzle.se\/#\/schema\/logo\/image\/\",\"url\":\"https:\/\/staging.swizzle.se\/wp-content\/uploads\/2025\/10\/cropped-SWIZZLE.-4.png\",\"contentUrl\":\"https:\/\/staging.swizzle.se\/wp-content\/uploads\/2025\/10\/cropped-SWIZZLE.-4.png\",\"width\":800,\"height\":267,\"caption\":\"Swizzle\"},\"image\":{\"@id\":\"https:\/\/staging.swizzle.se\/#\/schema\/logo\/image\/\"},\"hasMerchantReturnPolicy\":{\"@type\":\"MerchantReturnPolicy\",\"merchantReturnLink\":\"https:\/\/staging.swizzle.se\/dk\/villkor\/\"}}]}<\/script>\n<meta property=\"product:price:amount\" content=\"89.00\" \/>\n<meta property=\"product:price:currency\" content=\"SEK\" \/>\n<meta property=\"og:availability\" content=\"instock\" \/>\n<meta property=\"product:availability\" content=\"instock\" \/>\n<meta property=\"product:retailer_item_id\" content=\"Ccellcart\" \/>\n<meta property=\"product:condition\" content=\"new\" \/>\n<!-- \/ Yoast SEO Premium plugin. -->","yoast_head_json":{"title":"CCELL TH2 EVO Cartridge","description":"CCELL TH2 EVO Cartridge. P\u00e5fyllningsbar cartridge, v\u00e4lj ditt eget inneh\u00e5ll! H\u00f6j din vapingupplevelse till nya niv\u00e5er med CCELL TH2 EVO Cartridge.","robots":{"index":"noindex","follow":"follow","max-snippet":"max-snippet:-1","max-image-preview":"max-image-preview:large","max-video-preview":"max-video-preview:-1"},"og_locale":"da_DK","og_type":"article","og_title":"CCELL TH2 EVO Cartridge","og_description":"CCELL TH2 EVO Cartridge. P\u00e5fyllningsbar cartridge, v\u00e4lj ditt eget inneh\u00e5ll! H\u00f6j din vapingupplevelse till nya niv\u00e5er med CCELL TH2 EVO Cartridge.","og_url":"https:\/\/www.swizzle.se\/produkt\/ccell-th2-evo-cartridge\/","og_site_name":"Swizzle","article_modified_time":"2026-02-04T15:46:12+00:00","og_image":[{"width":600,"height":600,"url":"https:\/\/www.swizzle.se\/wp-content\/uploads\/2025\/07\/CCELL-TH2-EVO-1ml-Black-Default-Image.webp","type":"image\/webp"}],"twitter_card":"summary_large_image","twitter_title":"CCELL TH2 EVO Cartridge","twitter_description":"CCELL TH2 EVO Cartridge. P\u00e5fyllningsbar cartridge, v\u00e4lj ditt eget inneh\u00e5ll! H\u00f6j din vapingupplevelse till nya niv\u00e5er med CCELL TH2 EVO Cartridge.","twitter_misc":{"Pris":"89.00&nbsp;&#107;&#114;","Tilg\u00e6ngelighed":"P\u00e5 lager"},"schema":{"@context":"https:\/\/schema.org","@graph":[{"@type":"WebPage","@id":"https:\/\/www.swizzle.se\/produkt\/ccell-th2-evo-cartridge\/","url":"https:\/\/www.swizzle.se\/produkt\/ccell-th2-evo-cartridge\/","name":"CCELL TH2 EVO Cartridge","isPartOf":{"@id":"https:\/\/staging.swizzle.se\/#website"},"primaryImageOfPage":{"@id":"https:\/\/www.swizzle.se\/produkt\/ccell-th2-evo-cartridge\/#primaryimage"},"image":{"@id":"https:\/\/www.swizzle.se\/produkt\/ccell-th2-evo-cartridge\/#primaryimage"},"thumbnailUrl":"https:\/\/staging.swizzle.se\/wp-content\/uploads\/2025\/07\/CCELL-TH2-EVO-1ml-Black-Default-Image.webp","datePublished":"2025-07-22T09:13:56+00:00","dateModified":"2026-02-04T15:46:12+00:00","description":"CCELL TH2 EVO Cartridge. P\u00e5fyllningsbar cartridge, v\u00e4lj ditt eget inneh\u00e5ll! H\u00f6j din vapingupplevelse till nya niv\u00e5er med CCELL TH2 EVO Cartridge.","breadcrumb":{"@id":"https:\/\/www.swizzle.se\/produkt\/ccell-th2-evo-cartridge\/#breadcrumb"},"inLanguage":"da-DK","potentialAction":[{"@type":"ReadAction","target":["https:\/\/www.swizzle.se\/produkt\/ccell-th2-evo-cartridge\/"]}]},{"@type":"ImageObject","inLanguage":"da-DK","@id":"https:\/\/www.swizzle.se\/produkt\/ccell-th2-evo-cartridge\/#primaryimage","url":"https:\/\/staging.swizzle.se\/wp-content\/uploads\/2025\/07\/CCELL-TH2-EVO-1ml-Black-Default-Image.webp","contentUrl":"https:\/\/staging.swizzle.se\/wp-content\/uploads\/2025\/07\/CCELL-TH2-EVO-1ml-Black-Default-Image.webp","width":600,"height":600,"caption":"Bild cart"},{"@type":"BreadcrumbList","@id":"https:\/\/www.swizzle.se\/produkt\/ccell-th2-evo-cartridge\/#breadcrumb","itemListElement":[{"@type":"ListItem","position":1,"name":"Home","item":"https:\/\/www.swizzle.se\/"},{"@type":"ListItem","position":2,"name":"Shop","item":"https:\/\/www.swizzle.se\/shop\/"},{"@type":"ListItem","position":3,"name":"R\u00d6KTILLBEH\u00d6R","item":"https:\/\/www.swizzle.se\/produkt-kategori\/roktillbehor\/"},{"@type":"ListItem","position":4,"name":"CCELL TH2 EVO Cartridge"}]},{"@type":"WebSite","@id":"https:\/\/staging.swizzle.se\/#website","url":"https:\/\/staging.swizzle.se\/","name":"Swizzle","description":"Nikotin CBD Vapes Snus Hvid Portion","publisher":{"@id":"https:\/\/staging.swizzle.se\/#organization"},"potentialAction":[{"@type":"SearchAction","target":{"@type":"EntryPoint","urlTemplate":"https:\/\/staging.swizzle.se\/?s={search_term_string}"},"query-input":{"@type":"PropertyValueSpecification","valueRequired":true,"valueName":"search_term_string"}}],"inLanguage":"da-DK"},{"@type":"Organization","@id":"https:\/\/staging.swizzle.se\/#organization","name":"Swizzle","url":"https:\/\/staging.swizzle.se\/","logo":{"@type":"ImageObject","inLanguage":"da-DK","@id":"https:\/\/staging.swizzle.se\/#\/schema\/logo\/image\/","url":"https:\/\/staging.swizzle.se\/wp-content\/uploads\/2025\/10\/cropped-SWIZZLE.-4.png","contentUrl":"https:\/\/staging.swizzle.se\/wp-content\/uploads\/2025\/10\/cropped-SWIZZLE.-4.png","width":800,"height":267,"caption":"Swizzle"},"image":{"@id":"https:\/\/staging.swizzle.se\/#\/schema\/logo\/image\/"},"hasMerchantReturnPolicy":{"@type":"MerchantReturnPolicy","merchantReturnLink":"https:\/\/staging.swizzle.se\/dk\/villkor\/"}}]},"product_price_amount":"89.00","product_price_currency":"SEK","og_availability":"instock","product_availability":"instock","product_retailer_item_id":"Ccellcart","product_condition":"new"},"tiered_pricing_type":"fixed","tiered_pricing_fixed_rules":[],"tiered_pricing_product_settings":{"layout":"default","base_unit_name":{"singular":null,"plural":null},"default_variation":null},"tiered_pricing_minimum_quantity":null,"tiered_pricing_roles_data":[],"tiered_pricing_percentage_rules":[],"tiered_pricing_maximum_quantity":null,"tiered_pricing_quantity_step":null,"_links":{"self":[{"href":"https:\/\/staging.swizzle.se\/dk\/wp-json\/wp\/v2\/product\/272281","targetHints":{"allow":["GET"]}}],"collection":[{"href":"https:\/\/staging.swizzle.se\/dk\/wp-json\/wp\/v2\/product"}],"about":[{"href":"https:\/\/staging.swizzle.se\/dk\/wp-json\/wp\/v2\/types\/product"}],"replies":[{"embeddable":true,"href":"https:\/\/staging.swizzle.se\/dk\/wp-json\/wp\/v2\/comments?post=272281"}],"version-history":[{"count":0,"href":"https:\/\/staging.swizzle.se\/dk\/wp-json\/wp\/v2\/product\/272281\/revisions"}],"wp:featuredmedia":[{"embeddable":true,"href":"https:\/\/staging.swizzle.se\/dk\/wp-json\/wp\/v2\/media\/272282"}],"wp:attachment":[{"href":"https:\/\/staging.swizzle.se\/dk\/wp-json\/wp\/v2\/media?parent=272281"}],"wp:term":[{"taxonomy":"product_brand","embeddable":true,"href":"https:\/\/staging.swizzle.se\/dk\/wp-json\/wp\/v2\/product_brand?post=272281"},{"taxonomy":"product_cat","embeddable":true,"href":"https:\/\/staging.swizzle.se\/dk\/wp-json\/wp\/v2\/product_cat?post=272281"},{"taxonomy":"product_tag","embeddable":true,"href":"https:\/\/staging.swizzle.se\/dk\/wp-json\/wp\/v2\/product_tag?post=272281"},{"taxonomy":"superdeal","embeddable":true,"href":"https:\/\/staging.swizzle.se\/dk\/wp-json\/wp\/v2\/superdeal?post=272281"},{"taxonomy":"product_variant_id","embeddable":true,"href":"https:\/\/staging.swizzle.se\/dk\/wp-json\/wp\/v2\/product_variant_id?post=272281"}],"curies":[{"name":"wp","href":"https:\/\/api.w.org\/{rel}","templated":true}]}}