{"id":272161,"date":"2025-07-21T08:54:09","date_gmt":"2025-07-21T08:54:09","guid":{"rendered":"https:\/\/staging.swizzle.se\/?post_type=product&#038;p=272161"},"modified":"2026-01-30T06:05:13","modified_gmt":"2026-01-30T06:05:13","slug":"clipper-classic-tandare-pafyllningsbar-kopia","status":"publish","type":"product","link":"https:\/\/staging.swizzle.se\/dk\/product-2\/clipper-classic-tandare-pafyllningsbar-kopia\/","title":{"rendered":"Clipper Classic T\u00e4ndare &#8211; p\u00e5fyllningsbar"},"content":{"rendered":"<div class=\"clipper-cute-weed-description\">\n<h2>Clipper Classic T\u00e4ndare &#8211; p\u00e5fyllningsbar<\/h2>\n<p>V\u00e4lkommen till <strong>Clipper classic-kollektionen<\/strong> \u2013 d\u00e4r statements f\u00e5ngar blicken i stilrena designs.<\/p>\n<h3>V\u00e4lj din favorit \u2013 eller samla hela g\u00e4nget!<\/h3>\n<p>Kollektionen best\u00e5r av olika statements. V\u00e4lj din personliga favorit eller samla hela kollektionen \u2013 varje t\u00e4ndare har sin egen unika text!<\/p>\n<h3>Clipper \u2013 en ikon bland t\u00e4ndare<\/h3>\n<p><strong>Klipper<\/strong> \u00e4r v\u00e4rldens ledande varum\u00e4rke inom p\u00e5fyllningsbara t\u00e4ndare och ett sj\u00e4lvklart val f\u00f6r b\u00e5de entusiaster och vardagsanv\u00e4ndare. Deras ikoniska design \u00e4r inte bara snygg \u2013 den \u00e4r ocks\u00e5 smart och h\u00e5llbar.<\/p>\n<ul>\n<li>\u2714 P\u00e5fyllningsbar \u2013 milj\u00f6v\u00e4nligt och ekonomiskt<\/li>\n<li>\u2714 Fast flamma f\u00f6r extra s\u00e4kerhet<\/li>\n<li>\u2714 Tillverkad i slitstarkt nylonmaterial<\/li>\n<li>\u2714 Barns\u00e4ker t\u00e4ndningsmekanism<\/li>\n<li>\u2714 Utbytbar flintmekanism<\/li>\n<\/ul>\n<p>Clipper-t\u00e4ndare \u00e4r tillverkade av material av h\u00f6gsta kvalitet och \u00e4r byggda f\u00f6r att h\u00e5lla l\u00e4nge. De \u00e4r ocks\u00e5 k\u00e4nda f\u00f6r sin smarta funktion d\u00e4r man enkelt kan ta ur flintan \u2013 perfekt f\u00f6r att packa en r\u00f6k eller justera tobak. En favorit bland b\u00e5de samlare och r\u00f6kare v\u00e4rlden \u00f6ver.<\/p>\n<h3>Sammanfattning<\/h3>\n<p>Clipper Classic \u00e4r mer \u00e4n bara en t\u00e4ndare \u2013 det \u00e4r en hum\u00f6rh\u00f6jare i fickformat. Med en statement design, h\u00f6g kvalitet och p\u00e5litlig prestanda \u00e4r det en perfekt f\u00f6ljeslagare f\u00f6r varje stoner med stil.<\/p>\n<p><strong>Skaffa din favorit idag!<\/strong><\/p>\n<\/div>\n<p><strong>Vid \u00f6nskem\u00e5l om design, v\u00e4nligen ange i meddelande i kassan. Om ditt \u00f6nskem\u00e5l \u00e4r slut i lager skickar vi en annan.<\/strong><\/p>","protected":false},"excerpt":{"rendered":"<h3>Clipper Classic T\u00e4ndare &#8211; p\u00e5fyllningsbar<\/h3>\n<p><strong>Klipper<\/strong> \u00e4r v\u00e4rldens ledande varum\u00e4rke inom p\u00e5fyllningsbara t\u00e4ndare och ett sj\u00e4lvklart val f\u00f6r b\u00e5de entusiaster och vardagsanv\u00e4ndare. Deras ikoniska design \u00e4r inte bara snygg \u2013 den \u00e4r ocks\u00e5 smart och h\u00e5llbar.<\/p>\n<ul>\n<li>\u2714 P\u00e5fyllningsbar \u2013 milj\u00f6v\u00e4nligt och ekonomiskt<\/li>\n<li>\u2714 Fast flamma f\u00f6r extra s\u00e4kerhet<\/li>\n<li>\u2714 Tillverkad i slitstarkt nylonmaterial<\/li>\n<li>\u2714 Barns\u00e4ker t\u00e4ndningsmekanism<\/li>\n<li>\u2714 Utbytbar flintmekanism<\/li>\n<\/ul>\n<p>Vid \u00f6nskem\u00e5l om design, v\u00e4nligen ange i meddelande i kassan. Om ditt \u00f6nskem\u00e5l \u00e4r slut i lager skickar vi en annan.<\/p>","protected":false},"featured_media":272162,"comment_status":"open","ping_status":"closed","template":"","meta":{"site-sidebar-layout":"default","site-content-layout":"","ast-site-content-layout":"default","site-content-style":"default","site-sidebar-style":"default","ast-global-header-display":"","ast-banner-title-visibility":"","ast-main-header-display":"","ast-hfb-above-header-display":"","ast-hfb-below-header-display":"","ast-hfb-mobile-header-display":"","site-post-title":"","ast-breadcrumbs-content":"","ast-featured-img":"","footer-sml-layout":"","ast-disable-related-posts":"","theme-transparent-header-meta":"default","adv-header-id-meta":"","stick-header-meta":"","header-above-stick-meta":"","header-main-stick-meta":"","header-below-stick-meta":"","astra-migrate-meta-layouts":"set","ast-page-background-enabled":"default","ast-page-background-meta":{"desktop":{"background-color":"var(--ast-global-color-4)","background-image":"","background-repeat":"repeat","background-position":"center center","background-size":"auto","background-attachment":"scroll","background-type":"","background-media":"","overlay-type":"","overlay-color":"","overlay-opacity":"","overlay-gradient":""},"tablet":{"background-color":"","background-image":"","background-repeat":"repeat","background-position":"center center","background-size":"auto","background-attachment":"scroll","background-type":"","background-media":"","overlay-type":"","overlay-color":"","overlay-opacity":"","overlay-gradient":""},"mobile":{"background-color":"","background-image":"","background-repeat":"repeat","background-position":"center center","background-size":"auto","background-attachment":"scroll","background-type":"","background-media":"","overlay-type":"","overlay-color":"","overlay-opacity":"","overlay-gradient":""}},"ast-content-background-meta":{"desktop":{"background-color":"var(--ast-global-color-5)","background-image":"","background-repeat":"repeat","background-position":"center center","background-size":"auto","background-attachment":"scroll","background-type":"","background-media":"","overlay-type":"","overlay-color":"","overlay-opacity":"","overlay-gradient":""},"tablet":{"background-color":"var(--ast-global-color-5)","background-image":"","background-repeat":"repeat","background-position":"center center","background-size":"auto","background-attachment":"scroll","background-type":"","background-media":"","overlay-type":"","overlay-color":"","overlay-opacity":"","overlay-gradient":""},"mobile":{"background-color":"var(--ast-global-color-5)","background-image":"","background-repeat":"repeat","background-position":"center center","background-size":"auto","background-attachment":"scroll","background-type":"","background-media":"","overlay-type":"","overlay-color":"","overlay-opacity":"","overlay-gradient":""}}},"product_brand":[],"product_cat":[284,322],"product_tag":[],"superdeal":[],"product_variant_id":[],"class_list":{"0":"post-272161","1":"product","2":"type-product","3":"status-publish","4":"has-post-thumbnail","6":"product_cat-roktillbehor","7":"product_cat-tandare-roktillbehor","8":"desktop-align-center","9":"tablet-align-left","10":"mobile-align-left","11":"ast-product-gallery-layout-horizontal-slider","12":"ast-product-gallery-with-no-image","13":"ast-magnify-disabled","14":"ast-product-tabs-layout-horizontal","16":"first","17":"instock","18":"taxable","19":"shipping-taxable","20":"purchasable","21":"product-type-simple"},"yoast_head":"<!-- This site is optimized with the Yoast SEO Premium plugin v26.9 (Yoast SEO v26.9) - https:\/\/yoast.com\/product\/yoast-seo-premium-wordpress\/ -->\n<title>Clipper Classic T\u00e4ndare - p\u00e5fyllningsbar<\/title>\n<meta name=\"description\" content=\"Clipper Classic T\u00e4ndare - p\u00e5fyllningsbar. Clipper \u00e4r v\u00e4rldens ledande varum\u00e4rke inom p\u00e5fyllningsbara t\u00e4ndare, ett sj\u00e4lvklart val.\" \/>\n<meta name=\"robots\" content=\"noindex, follow, max-snippet:-1, max-image-preview:large, max-video-preview:-1\" \/>\n<meta property=\"og:locale\" content=\"da_DK\" \/>\n<meta property=\"og:type\" content=\"article\" \/>\n<meta property=\"og:title\" content=\"Clipper Cute T\u00e4ndare - p\u00e5fyllningsbar\" \/>\n<meta property=\"og:description\" content=\"Clipper Cute T\u00e4ndare - p\u00e5fyllningsbar. Clipper \u00e4r v\u00e4rldens ledande varum\u00e4rke inom p\u00e5fyllningsbara t\u00e4ndare, ett sj\u00e4lvklart val.\" \/>\n<meta property=\"og:url\" content=\"https:\/\/www.swizzle.se\/produkt\/clipper-classic-tandare-pafyllningsbar-kopia\/\" \/>\n<meta property=\"og:site_name\" content=\"Swizzle\" \/>\n<meta property=\"article:modified_time\" content=\"2026-01-30T06:05:13+00:00\" \/>\n<meta property=\"og:image\" content=\"https:\/\/www.swizzle.se\/wp-content\/uploads\/2025\/07\/Clipper-Lighters-Classic-Statements-12-48pcsdisplay-Wholesale-3-768x768-1.jpg\" \/>\n\t<meta property=\"og:image:width\" content=\"768\" \/>\n\t<meta property=\"og:image:height\" content=\"768\" \/>\n\t<meta property=\"og:image:type\" content=\"image\/jpeg\" \/>\n<meta name=\"twitter:card\" content=\"summary_large_image\" \/>\n<meta name=\"twitter:title\" content=\"Clipper Cute T\u00e4ndare - p\u00e5fyllningsbar\" \/>\n<meta name=\"twitter:description\" content=\"Clipper Cute T\u00e4ndare - p\u00e5fyllningsbar. Clipper \u00e4r v\u00e4rldens ledande varum\u00e4rke inom p\u00e5fyllningsbara t\u00e4ndare, ett sj\u00e4lvklart val.\" \/>\n<meta name=\"twitter:label1\" content=\"Pris\" \/>\n\t<meta name=\"twitter:data1\" content=\"34.00&nbsp;&#107;&#114;\" \/>\n\t<meta name=\"twitter:label2\" content=\"Tilg\u00e6ngelighed\" \/>\n\t<meta name=\"twitter:data2\" content=\"P\u00e5 lager\" \/>\n<script type=\"application\/ld+json\" class=\"yoast-schema-graph\">{\"@context\":\"https:\/\/schema.org\",\"@graph\":[{\"@type\":\"WebPage\",\"@id\":\"https:\/\/www.swizzle.se\/produkt\/clipper-classic-tandare-pafyllningsbar-kopia\/\",\"url\":\"https:\/\/www.swizzle.se\/produkt\/clipper-classic-tandare-pafyllningsbar-kopia\/\",\"name\":\"Clipper Classic T\u00e4ndare - p\u00e5fyllningsbar\",\"isPartOf\":{\"@id\":\"https:\/\/staging.swizzle.se\/#website\"},\"primaryImageOfPage\":{\"@id\":\"https:\/\/www.swizzle.se\/produkt\/clipper-classic-tandare-pafyllningsbar-kopia\/#primaryimage\"},\"image\":{\"@id\":\"https:\/\/www.swizzle.se\/produkt\/clipper-classic-tandare-pafyllningsbar-kopia\/#primaryimage\"},\"thumbnailUrl\":\"https:\/\/staging.swizzle.se\/wp-content\/uploads\/2025\/07\/Clipper-Lighters-Classic-Statements-12-48pcsdisplay-Wholesale-3-768x768-1.jpg\",\"datePublished\":\"2025-07-21T08:54:09+00:00\",\"dateModified\":\"2026-01-30T06:05:13+00:00\",\"description\":\"Clipper Classic T\u00e4ndare - p\u00e5fyllningsbar. Clipper \u00e4r v\u00e4rldens ledande varum\u00e4rke inom p\u00e5fyllningsbara t\u00e4ndare, ett sj\u00e4lvklart val.\",\"breadcrumb\":{\"@id\":\"https:\/\/www.swizzle.se\/produkt\/clipper-classic-tandare-pafyllningsbar-kopia\/#breadcrumb\"},\"inLanguage\":\"da-DK\",\"potentialAction\":[{\"@type\":\"ReadAction\",\"target\":[\"https:\/\/www.swizzle.se\/produkt\/clipper-classic-tandare-pafyllningsbar-kopia\/\"]}]},{\"@type\":\"ImageObject\",\"inLanguage\":\"da-DK\",\"@id\":\"https:\/\/www.swizzle.se\/produkt\/clipper-classic-tandare-pafyllningsbar-kopia\/#primaryimage\",\"url\":\"https:\/\/staging.swizzle.se\/wp-content\/uploads\/2025\/07\/Clipper-Lighters-Classic-Statements-12-48pcsdisplay-Wholesale-3-768x768-1.jpg\",\"contentUrl\":\"https:\/\/staging.swizzle.se\/wp-content\/uploads\/2025\/07\/Clipper-Lighters-Classic-Statements-12-48pcsdisplay-Wholesale-3-768x768-1.jpg\",\"width\":768,\"height\":768,\"caption\":\"Bild clipper lighter\"},{\"@type\":\"BreadcrumbList\",\"@id\":\"https:\/\/www.swizzle.se\/produkt\/clipper-classic-tandare-pafyllningsbar-kopia\/#breadcrumb\",\"itemListElement\":[{\"@type\":\"ListItem\",\"position\":1,\"name\":\"Home\",\"item\":\"https:\/\/www.swizzle.se\/\"},{\"@type\":\"ListItem\",\"position\":2,\"name\":\"Shop\",\"item\":\"https:\/\/www.swizzle.se\/shop\/\"},{\"@type\":\"ListItem\",\"position\":3,\"name\":\"R\u00d6KTILLBEH\u00d6R\",\"item\":\"https:\/\/www.swizzle.se\/produkt-kategori\/roktillbehor\/\"},{\"@type\":\"ListItem\",\"position\":4,\"name\":\"Clipper Classic T\u00e4ndare &#8211; p\u00e5fyllningsbar\"}]},{\"@type\":\"WebSite\",\"@id\":\"https:\/\/staging.swizzle.se\/#website\",\"url\":\"https:\/\/staging.swizzle.se\/\",\"name\":\"Swizzle\",\"description\":\"Nikotin CBD Vapes Snus White Portion\",\"publisher\":{\"@id\":\"https:\/\/staging.swizzle.se\/#organization\"},\"potentialAction\":[{\"@type\":\"SearchAction\",\"target\":{\"@type\":\"EntryPoint\",\"urlTemplate\":\"https:\/\/staging.swizzle.se\/?s={search_term_string}\"},\"query-input\":{\"@type\":\"PropertyValueSpecification\",\"valueRequired\":true,\"valueName\":\"search_term_string\"}}],\"inLanguage\":\"da-DK\"},{\"@type\":\"Organization\",\"@id\":\"https:\/\/staging.swizzle.se\/#organization\",\"name\":\"Swizzle\",\"url\":\"https:\/\/staging.swizzle.se\/\",\"logo\":{\"@type\":\"ImageObject\",\"inLanguage\":\"da-DK\",\"@id\":\"https:\/\/staging.swizzle.se\/#\/schema\/logo\/image\/\",\"url\":\"https:\/\/staging.swizzle.se\/wp-content\/uploads\/2025\/10\/cropped-SWIZZLE.-4.png\",\"contentUrl\":\"https:\/\/staging.swizzle.se\/wp-content\/uploads\/2025\/10\/cropped-SWIZZLE.-4.png\",\"width\":800,\"height\":267,\"caption\":\"Swizzle\"},\"image\":{\"@id\":\"https:\/\/staging.swizzle.se\/#\/schema\/logo\/image\/\"},\"hasMerchantReturnPolicy\":{\"@type\":\"MerchantReturnPolicy\",\"merchantReturnLink\":\"https:\/\/staging.swizzle.se\/dk\/villkor\/\"}}]}<\/script>\n<meta property=\"product:price:amount\" content=\"34.00\" \/>\n<meta property=\"product:price:currency\" content=\"SEK\" \/>\n<meta property=\"og:availability\" content=\"instock\" \/>\n<meta property=\"product:availability\" content=\"instock\" \/>\n<meta property=\"product:retailer_item_id\" content=\"Clipper01-1\" \/>\n<meta property=\"product:condition\" content=\"new\" \/>\n<!-- \/ Yoast SEO Premium plugin. -->","yoast_head_json":{"title":"Clipper Classic T\u00e4ndare - p\u00e5fyllningsbar","description":"Clipper Classic T\u00e4ndare - p\u00e5fyllningsbar. Clipper \u00e4r v\u00e4rldens ledande varum\u00e4rke inom p\u00e5fyllningsbara t\u00e4ndare, ett sj\u00e4lvklart val.","robots":{"index":"noindex","follow":"follow","max-snippet":"max-snippet:-1","max-image-preview":"max-image-preview:large","max-video-preview":"max-video-preview:-1"},"og_locale":"da_DK","og_type":"article","og_title":"Clipper Cute T\u00e4ndare - p\u00e5fyllningsbar","og_description":"Clipper Cute T\u00e4ndare - p\u00e5fyllningsbar. Clipper \u00e4r v\u00e4rldens ledande varum\u00e4rke inom p\u00e5fyllningsbara t\u00e4ndare, ett sj\u00e4lvklart val.","og_url":"https:\/\/www.swizzle.se\/produkt\/clipper-classic-tandare-pafyllningsbar-kopia\/","og_site_name":"Swizzle","article_modified_time":"2026-01-30T06:05:13+00:00","og_image":[{"width":768,"height":768,"url":"https:\/\/www.swizzle.se\/wp-content\/uploads\/2025\/07\/Clipper-Lighters-Classic-Statements-12-48pcsdisplay-Wholesale-3-768x768-1.jpg","type":"image\/jpeg"}],"twitter_card":"summary_large_image","twitter_title":"Clipper Cute T\u00e4ndare - p\u00e5fyllningsbar","twitter_description":"Clipper Cute T\u00e4ndare - p\u00e5fyllningsbar. Clipper \u00e4r v\u00e4rldens ledande varum\u00e4rke inom p\u00e5fyllningsbara t\u00e4ndare, ett sj\u00e4lvklart val.","twitter_misc":{"Pris":"34.00&nbsp;&#107;&#114;","Tilg\u00e6ngelighed":"P\u00e5 lager"},"schema":{"@context":"https:\/\/schema.org","@graph":[{"@type":"WebPage","@id":"https:\/\/www.swizzle.se\/produkt\/clipper-classic-tandare-pafyllningsbar-kopia\/","url":"https:\/\/www.swizzle.se\/produkt\/clipper-classic-tandare-pafyllningsbar-kopia\/","name":"Clipper Classic T\u00e4ndare - p\u00e5fyllningsbar","isPartOf":{"@id":"https:\/\/staging.swizzle.se\/#website"},"primaryImageOfPage":{"@id":"https:\/\/www.swizzle.se\/produkt\/clipper-classic-tandare-pafyllningsbar-kopia\/#primaryimage"},"image":{"@id":"https:\/\/www.swizzle.se\/produkt\/clipper-classic-tandare-pafyllningsbar-kopia\/#primaryimage"},"thumbnailUrl":"https:\/\/staging.swizzle.se\/wp-content\/uploads\/2025\/07\/Clipper-Lighters-Classic-Statements-12-48pcsdisplay-Wholesale-3-768x768-1.jpg","datePublished":"2025-07-21T08:54:09+00:00","dateModified":"2026-01-30T06:05:13+00:00","description":"Clipper Classic T\u00e4ndare - p\u00e5fyllningsbar. Clipper \u00e4r v\u00e4rldens ledande varum\u00e4rke inom p\u00e5fyllningsbara t\u00e4ndare, ett sj\u00e4lvklart val.","breadcrumb":{"@id":"https:\/\/www.swizzle.se\/produkt\/clipper-classic-tandare-pafyllningsbar-kopia\/#breadcrumb"},"inLanguage":"da-DK","potentialAction":[{"@type":"ReadAction","target":["https:\/\/www.swizzle.se\/produkt\/clipper-classic-tandare-pafyllningsbar-kopia\/"]}]},{"@type":"ImageObject","inLanguage":"da-DK","@id":"https:\/\/www.swizzle.se\/produkt\/clipper-classic-tandare-pafyllningsbar-kopia\/#primaryimage","url":"https:\/\/staging.swizzle.se\/wp-content\/uploads\/2025\/07\/Clipper-Lighters-Classic-Statements-12-48pcsdisplay-Wholesale-3-768x768-1.jpg","contentUrl":"https:\/\/staging.swizzle.se\/wp-content\/uploads\/2025\/07\/Clipper-Lighters-Classic-Statements-12-48pcsdisplay-Wholesale-3-768x768-1.jpg","width":768,"height":768,"caption":"Bild clipper lighter"},{"@type":"BreadcrumbList","@id":"https:\/\/www.swizzle.se\/produkt\/clipper-classic-tandare-pafyllningsbar-kopia\/#breadcrumb","itemListElement":[{"@type":"ListItem","position":1,"name":"Home","item":"https:\/\/www.swizzle.se\/"},{"@type":"ListItem","position":2,"name":"Shop","item":"https:\/\/www.swizzle.se\/shop\/"},{"@type":"ListItem","position":3,"name":"R\u00d6KTILLBEH\u00d6R","item":"https:\/\/www.swizzle.se\/produkt-kategori\/roktillbehor\/"},{"@type":"ListItem","position":4,"name":"Clipper Classic T\u00e4ndare &#8211; p\u00e5fyllningsbar"}]},{"@type":"WebSite","@id":"https:\/\/staging.swizzle.se\/#website","url":"https:\/\/staging.swizzle.se\/","name":"Swizzle","description":"Nikotin CBD Vapes Snus Hvid Portion","publisher":{"@id":"https:\/\/staging.swizzle.se\/#organization"},"potentialAction":[{"@type":"SearchAction","target":{"@type":"EntryPoint","urlTemplate":"https:\/\/staging.swizzle.se\/?s={search_term_string}"},"query-input":{"@type":"PropertyValueSpecification","valueRequired":true,"valueName":"search_term_string"}}],"inLanguage":"da-DK"},{"@type":"Organization","@id":"https:\/\/staging.swizzle.se\/#organization","name":"Swizzle","url":"https:\/\/staging.swizzle.se\/","logo":{"@type":"ImageObject","inLanguage":"da-DK","@id":"https:\/\/staging.swizzle.se\/#\/schema\/logo\/image\/","url":"https:\/\/staging.swizzle.se\/wp-content\/uploads\/2025\/10\/cropped-SWIZZLE.-4.png","contentUrl":"https:\/\/staging.swizzle.se\/wp-content\/uploads\/2025\/10\/cropped-SWIZZLE.-4.png","width":800,"height":267,"caption":"Swizzle"},"image":{"@id":"https:\/\/staging.swizzle.se\/#\/schema\/logo\/image\/"},"hasMerchantReturnPolicy":{"@type":"MerchantReturnPolicy","merchantReturnLink":"https:\/\/staging.swizzle.se\/dk\/villkor\/"}}]},"product_price_amount":"34.00","product_price_currency":"SEK","og_availability":"instock","product_availability":"instock","product_retailer_item_id":"Clipper01-1","product_condition":"new"},"tiered_pricing_type":"fixed","tiered_pricing_fixed_rules":[],"tiered_pricing_product_settings":{"layout":"default","base_unit_name":{"singular":null,"plural":null},"default_variation":null},"tiered_pricing_minimum_quantity":null,"tiered_pricing_roles_data":[],"tiered_pricing_percentage_rules":[],"tiered_pricing_maximum_quantity":null,"tiered_pricing_quantity_step":null,"_links":{"self":[{"href":"https:\/\/staging.swizzle.se\/dk\/wp-json\/wp\/v2\/product\/272161","targetHints":{"allow":["GET"]}}],"collection":[{"href":"https:\/\/staging.swizzle.se\/dk\/wp-json\/wp\/v2\/product"}],"about":[{"href":"https:\/\/staging.swizzle.se\/dk\/wp-json\/wp\/v2\/types\/product"}],"replies":[{"embeddable":true,"href":"https:\/\/staging.swizzle.se\/dk\/wp-json\/wp\/v2\/comments?post=272161"}],"version-history":[{"count":0,"href":"https:\/\/staging.swizzle.se\/dk\/wp-json\/wp\/v2\/product\/272161\/revisions"}],"wp:featuredmedia":[{"embeddable":true,"href":"https:\/\/staging.swizzle.se\/dk\/wp-json\/wp\/v2\/media\/272162"}],"wp:attachment":[{"href":"https:\/\/staging.swizzle.se\/dk\/wp-json\/wp\/v2\/media?parent=272161"}],"wp:term":[{"taxonomy":"product_brand","embeddable":true,"href":"https:\/\/staging.swizzle.se\/dk\/wp-json\/wp\/v2\/product_brand?post=272161"},{"taxonomy":"product_cat","embeddable":true,"href":"https:\/\/staging.swizzle.se\/dk\/wp-json\/wp\/v2\/product_cat?post=272161"},{"taxonomy":"product_tag","embeddable":true,"href":"https:\/\/staging.swizzle.se\/dk\/wp-json\/wp\/v2\/product_tag?post=272161"},{"taxonomy":"superdeal","embeddable":true,"href":"https:\/\/staging.swizzle.se\/dk\/wp-json\/wp\/v2\/superdeal?post=272161"},{"taxonomy":"product_variant_id","embeddable":true,"href":"https:\/\/staging.swizzle.se\/dk\/wp-json\/wp\/v2\/product_variant_id?post=272161"}],"curies":[{"name":"wp","href":"https:\/\/api.w.org\/{rel}","templated":true}]}}