{"id":271563,"date":"2025-07-07T09:21:58","date_gmt":"2025-07-07T09:21:58","guid":{"rendered":"https:\/\/vpn.staging.swizzle.se\/?post_type=product&#038;p=271563"},"modified":"2026-02-04T13:51:38","modified_gmt":"2026-02-04T13:51:38","slug":"vozol-puff-15k-cherry-cola","status":"publish","type":"product","link":"https:\/\/staging.swizzle.se\/dk\/product-2\/vozol-puff-15k-cherry-cola\/","title":{"rendered":"Vozol Puff 15k &#8211; kit &#8211; Cherry Cola"},"content":{"rendered":"<h1>Vozol Puff 15k &#8211; Cherry Cola<\/h1>\n<h6>(CERISE COLA)<\/h6>\n<p>Upplev en nostalgisk smakresa med Vozol Puff 15k &#8211;\u00a0Cherry Cola. Denna vape kombinerar den klassiska smaken av s\u00f6t kola med en frisk ton av k\u00f6rsb\u00e4r, vilket skapar en l\u00e4skande och fyllig smakprofil som b\u00e5de \u00f6verraskar och tillfredsst\u00e4ller. Perfekt f\u00f6r dig som \u00e4lskar unika och retroinspirerade vapes.<\/p>\n<ul>\n<li><strong>Vegetabiliskt glycerin<\/strong><\/li>\n<li><strong>Propylenglykol<\/strong><\/li>\n<li><strong>Aromer<\/strong><\/li>\n<li><strong>Nikotin 20 mg<\/strong><\/li>\n<li><strong>Uppladdningsbart batteri 650 mAh<\/strong><\/li>\n<li><strong>1 neutral munstycksdel<\/strong><\/li>\n<li><strong>1 munstycksdel som inneh\u00e5ller 2 ml e-v\u00e4tska<\/strong><\/li>\n<li><strong>1 e-v\u00e4tskebeh\u00e5llare p\u00e5 10 ml<\/strong><\/li>\n<li><strong>1 USB-C-port<\/strong><\/li>\n<li><strong>Laddare medf\u00f6ljer ej<\/strong><\/li>\n<\/ul>\n<h2>Intensiv smak med l\u00e5ng h\u00e5llbarhet<\/h2>\n<p>Med upp till <strong>15 000 puffar<\/strong> erbjuder denna vape en l\u00e5ngvarig och njutbar upplevelse. Den kommer med totalt <strong>12 ml e-v\u00e4tska<\/strong> \u2013 2 ml f\u00f6rfylld och en 10 ml p\u00e5fyllningsbar kapsel. Du f\u00e5r en stadig och konsekvent smak fr\u00e5n f\u00f6rsta till sista puff.<\/p>\n<h2>Kompakt och \u00e5teruppladdningsbar vape<\/h2>\n<p><strong>Vozol Vista<\/strong> har en smidig och kompakt design som \u00e4r enkel att ta med sig. Den \u00e4r b\u00e5de <strong>\u00e5teruppladdningsbar<\/strong> och <strong>p\u00e5fyllningsbar<\/strong>, vilket g\u00f6r den till ett mer h\u00e5llbart alternativ j\u00e4mf\u00f6rt med eng\u00e5ngsvapes. Ladda upp och fyll p\u00e5 \u2013 enkelt och smidigt.<\/p>\n<h2>Smakprofil<\/h2>\n<p>Den unika blandningen av <strong>k\u00f6rsb\u00e4r och cola<\/strong> bjuder p\u00e5 en l\u00e4skande och nostalgisk smakupplevelse med b\u00e5de s\u00f6tma och friskhet i perfekt balans. En vape perfekt f\u00f6r b\u00e5de vardag och fest \u2013 n\u00e4r du vill ha n\u00e5got som sticker ut.<br \/>\n<strong>Denna produkt inneh\u00e5ller nikotin (20 mg\/ml) och \u00e4r endast avsedd f\u00f6r vuxna. Den \u00e4r inte l\u00e4mplig f\u00f6r minder\u00e5riga eller gravida\/ammande kvinnor.<\/strong><\/p>\n<hr \/>\n<h2>Viktig information och varning<\/h2>\n<p><strong>Bem\u00e6rk!<\/strong> Du m\u00e5ste vara minst 18 \u00e5r f\u00f6r att k\u00f6pa denna produkt. Den \u00e4r inte avsedd som l\u00e4kemedel, kosttillskott eller naturprodukt. Vi uppmuntrar inte till konsumtion eller r\u00f6kning av produkten. F\u00f6rvara den utom r\u00e4ckh\u00e5ll f\u00f6r barn. Vi friskriver oss fr\u00e5n hur du som kund anv\u00e4nder v\u00e5ra produkter.<\/p>\n<h3>Varningar \u2013 Nikotin<\/h3>\n<ul>\n<li>Nikotin \u00e4r ett mycket beroendeframkallande \u00e4mne.<\/li>\n<li>Nikotin \u00e4r giftigt i ren form. Denna produkt \u00e4r utsp\u00e4dd men ska anv\u00e4ndas med f\u00f6rsiktighet.<\/li>\n<li>Vid kontakt av nikotin p\u00e5 huden b\u00f6r du alltid noggrant tv\u00e4tta den del som exponerats.<\/li>\n<li>Anv\u00e4nd g\u00e4rna handskar och undvik att r\u00f6ra dina \u00f6gon och ditt ansikte vid hantering av nikotin.<\/li>\n<li>F\u00f6rvara all din utrustning och alla nikotinvaror utom r\u00e4ckh\u00e5ll f\u00f6r barn och husdjur.<\/li>\n<li>Upps\u00f6k alltid l\u00e4kare och\/eller akutmottagning om du misst\u00e4nker att ditt barn f\u00e5tt i sig nikotin, d\u00e5 det \u00e4r v\u00e4ldigt skadligt f\u00f6r icke-vuxna personer.<\/li>\n<\/ul>","protected":false},"excerpt":{"rendered":"<p><strong>Vozol Puff 15k &#8211; Cherry Cola.<\/strong> (CERISE COLA)<\/p>\n<p>Upplev en nostalgisk smakresa med Vozol Puff 15k &#8211;\u00a0Cherry Cola. Denna vape kombinerar den klassiska smaken av s\u00f6t kola med en frisk ton av k\u00f6rsb\u00e4r, vilket skapar en l\u00e4skande och fyllig smakprofil som b\u00e5de \u00f6verraskar och tillfredsst\u00e4ller. Perfekt f\u00f6r dig som \u00e4lskar unika och retroinspirerade vapes.<\/p>","protected":false},"featured_media":271564,"comment_status":"open","ping_status":"closed","template":"","meta":{"site-sidebar-layout":"default","site-content-layout":"","ast-site-content-layout":"default","site-content-style":"default","site-sidebar-style":"default","ast-global-header-display":"","ast-banner-title-visibility":"","ast-main-header-display":"","ast-hfb-above-header-display":"","ast-hfb-below-header-display":"","ast-hfb-mobile-header-display":"","site-post-title":"","ast-breadcrumbs-content":"","ast-featured-img":"","footer-sml-layout":"","ast-disable-related-posts":"","theme-transparent-header-meta":"default","adv-header-id-meta":"","stick-header-meta":"","header-above-stick-meta":"","header-main-stick-meta":"","header-below-stick-meta":"","astra-migrate-meta-layouts":"set","ast-page-background-enabled":"default","ast-page-background-meta":{"desktop":{"background-color":"var(--ast-global-color-4)","background-image":"","background-repeat":"repeat","background-position":"center center","background-size":"auto","background-attachment":"scroll","background-type":"","background-media":"","overlay-type":"","overlay-color":"","overlay-opacity":"","overlay-gradient":""},"tablet":{"background-color":"","background-image":"","background-repeat":"repeat","background-position":"center center","background-size":"auto","background-attachment":"scroll","background-type":"","background-media":"","overlay-type":"","overlay-color":"","overlay-opacity":"","overlay-gradient":""},"mobile":{"background-color":"","background-image":"","background-repeat":"repeat","background-position":"center center","background-size":"auto","background-attachment":"scroll","background-type":"","background-media":"","overlay-type":"","overlay-color":"","overlay-opacity":"","overlay-gradient":""}},"ast-content-background-meta":{"desktop":{"background-color":"var(--ast-global-color-5)","background-image":"","background-repeat":"repeat","background-position":"center center","background-size":"auto","background-attachment":"scroll","background-type":"","background-media":"","overlay-type":"","overlay-color":"","overlay-opacity":"","overlay-gradient":""},"tablet":{"background-color":"var(--ast-global-color-5)","background-image":"","background-repeat":"repeat","background-position":"center center","background-size":"auto","background-attachment":"scroll","background-type":"","background-media":"","overlay-type":"","overlay-color":"","overlay-opacity":"","overlay-gradient":""},"mobile":{"background-color":"var(--ast-global-color-5)","background-image":"","background-repeat":"repeat","background-position":"center center","background-size":"auto","background-attachment":"scroll","background-type":"","background-media":"","overlay-type":"","overlay-color":"","overlay-opacity":"","overlay-gradient":""}}},"product_brand":[773],"product_cat":[592,329,381,490],"product_tag":[],"superdeal":[],"product_variant_id":[],"class_list":{"0":"post-271563","1":"product","2":"type-product","3":"status-publish","4":"has-post-thumbnail","6":"product_brand-vozol","7":"product_cat-engangsvapes","8":"product_cat-nikotin-2","9":"product_cat-vapes","10":"product_cat-vapes-nikotin","11":"desktop-align-center","12":"tablet-align-left","13":"mobile-align-left","14":"ast-product-gallery-layout-horizontal-slider","15":"ast-product-gallery-with-no-image","16":"ast-magnify-disabled","17":"ast-product-tabs-layout-horizontal","19":"first","20":"outofstock","21":"taxable","22":"shipping-taxable","23":"purchasable","24":"product-type-simple"},"yoast_head":"<!-- This site is optimized with the Yoast SEO Premium plugin v26.9 (Yoast SEO v26.9) - https:\/\/yoast.com\/product\/yoast-seo-premium-wordpress\/ -->\n<title>Vozol Puff 15k - Cherry Cola<\/title>\n<meta name=\"description\" content=\"Vozol Puff 15k - Cherry Cola. Upplev en nostalgisk smakresa Denna vape kombinerar den klassiska smaken av s\u00f6t kola med en frisk ton av k\u00f6rsb\u00e4r\" \/>\n<meta name=\"robots\" content=\"noindex, follow, max-snippet:-1, max-image-preview:large, max-video-preview:-1\" \/>\n<meta property=\"og:locale\" content=\"da_DK\" \/>\n<meta property=\"og:type\" content=\"article\" \/>\n<meta property=\"og:title\" content=\"Vozol Puff 15k - Cherry Cola\" \/>\n<meta property=\"og:description\" content=\"Vozol Puff 15k - Cherry Cola. Upplev en nostalgisk smakresa Denna vape kombinerar den klassiska smaken av s\u00f6t kola med en frisk ton av k\u00f6rsb\u00e4r\" \/>\n<meta property=\"og:url\" content=\"https:\/\/www.swizzle.se\/produkt\/vozol-puff-15k-cherry-cola\/\" \/>\n<meta property=\"og:site_name\" content=\"Swizzle\" \/>\n<meta property=\"article:modified_time\" content=\"2026-02-04T13:51:38+00:00\" \/>\n<meta property=\"og:image\" content=\"https:\/\/www.swizzle.se\/wp-content\/uploads\/2025\/07\/puff-15k-recharge-cerise-cola-1.webp\" \/>\n\t<meta property=\"og:image:width\" content=\"800\" \/>\n\t<meta property=\"og:image:height\" content=\"800\" \/>\n\t<meta property=\"og:image:type\" content=\"image\/webp\" \/>\n<meta name=\"twitter:card\" content=\"summary_large_image\" \/>\n<meta name=\"twitter:title\" content=\"Vozol Puff 15k - Cherry Cola\" \/>\n<meta name=\"twitter:description\" content=\"Vozol Puff 15k - Cherry Cola. Upplev en nostalgisk smakresa Denna vape kombinerar den klassiska smaken av s\u00f6t kola med en frisk ton av k\u00f6rsb\u00e4r\" \/>\n<meta name=\"twitter:label1\" content=\"Pris\" \/>\n\t<meta name=\"twitter:data1\" content=\"299.00&nbsp;&#107;&#114;\" \/>\n\t<meta name=\"twitter:label2\" content=\"Tilg\u00e6ngelighed\" \/>\n\t<meta name=\"twitter:data2\" content=\"Ikke p\u00e5 lager\" \/>\n<script type=\"application\/ld+json\" class=\"yoast-schema-graph\">{\"@context\":\"https:\/\/schema.org\",\"@graph\":[{\"@type\":\"WebPage\",\"@id\":\"https:\/\/www.swizzle.se\/produkt\/vozol-puff-15k-cherry-cola\/\",\"url\":\"https:\/\/www.swizzle.se\/produkt\/vozol-puff-15k-cherry-cola\/\",\"name\":\"Vozol Puff 15k - Cherry Cola\",\"isPartOf\":{\"@id\":\"https:\/\/staging.swizzle.se\/#website\"},\"primaryImageOfPage\":{\"@id\":\"https:\/\/www.swizzle.se\/produkt\/vozol-puff-15k-cherry-cola\/#primaryimage\"},\"image\":{\"@id\":\"https:\/\/www.swizzle.se\/produkt\/vozol-puff-15k-cherry-cola\/#primaryimage\"},\"thumbnailUrl\":\"https:\/\/staging.swizzle.se\/wp-content\/uploads\/2025\/07\/puff-15k-recharge-cerise-cola-1.webp\",\"datePublished\":\"2025-07-07T09:21:58+00:00\",\"dateModified\":\"2026-02-04T13:51:38+00:00\",\"description\":\"Vozol Puff 15k - Cherry Cola. Upplev en nostalgisk smakresa Denna vape kombinerar den klassiska smaken av s\u00f6t kola med en frisk ton av k\u00f6rsb\u00e4r\",\"breadcrumb\":{\"@id\":\"https:\/\/www.swizzle.se\/produkt\/vozol-puff-15k-cherry-cola\/#breadcrumb\"},\"inLanguage\":\"da-DK\",\"potentialAction\":[{\"@type\":\"ReadAction\",\"target\":[\"https:\/\/www.swizzle.se\/produkt\/vozol-puff-15k-cherry-cola\/\"]}]},{\"@type\":\"ImageObject\",\"inLanguage\":\"da-DK\",\"@id\":\"https:\/\/www.swizzle.se\/produkt\/vozol-puff-15k-cherry-cola\/#primaryimage\",\"url\":\"https:\/\/staging.swizzle.se\/wp-content\/uploads\/2025\/07\/puff-15k-recharge-cerise-cola-1.webp\",\"contentUrl\":\"https:\/\/staging.swizzle.se\/wp-content\/uploads\/2025\/07\/puff-15k-recharge-cerise-cola-1.webp\",\"width\":800,\"height\":800,\"caption\":\"Vozol cherry cola\"},{\"@type\":\"BreadcrumbList\",\"@id\":\"https:\/\/www.swizzle.se\/produkt\/vozol-puff-15k-cherry-cola\/#breadcrumb\",\"itemListElement\":[{\"@type\":\"ListItem\",\"position\":1,\"name\":\"Home\",\"item\":\"https:\/\/www.swizzle.se\/\"},{\"@type\":\"ListItem\",\"position\":2,\"name\":\"Shop\",\"item\":\"https:\/\/www.swizzle.se\/shop\/\"},{\"@type\":\"ListItem\",\"position\":3,\"name\":\"Vape &amp; E-cigg online\",\"item\":\"https:\/\/www.swizzle.se\/produkt-kategori\/vapes\/\"},{\"@type\":\"ListItem\",\"position\":4,\"name\":\"Vozol Puff 15k &#8211; kit &#8211; Cherry Cola\"}]},{\"@type\":\"WebSite\",\"@id\":\"https:\/\/staging.swizzle.se\/#website\",\"url\":\"https:\/\/staging.swizzle.se\/\",\"name\":\"Swizzle\",\"description\":\"Nikotin CBD Vapes Snus White Portion\",\"publisher\":{\"@id\":\"https:\/\/staging.swizzle.se\/#organization\"},\"potentialAction\":[{\"@type\":\"SearchAction\",\"target\":{\"@type\":\"EntryPoint\",\"urlTemplate\":\"https:\/\/staging.swizzle.se\/?s={search_term_string}\"},\"query-input\":{\"@type\":\"PropertyValueSpecification\",\"valueRequired\":true,\"valueName\":\"search_term_string\"}}],\"inLanguage\":\"da-DK\"},{\"@type\":\"Organization\",\"@id\":\"https:\/\/staging.swizzle.se\/#organization\",\"name\":\"Swizzle\",\"url\":\"https:\/\/staging.swizzle.se\/\",\"logo\":{\"@type\":\"ImageObject\",\"inLanguage\":\"da-DK\",\"@id\":\"https:\/\/staging.swizzle.se\/#\/schema\/logo\/image\/\",\"url\":\"https:\/\/staging.swizzle.se\/wp-content\/uploads\/2025\/10\/cropped-SWIZZLE.-4.png\",\"contentUrl\":\"https:\/\/staging.swizzle.se\/wp-content\/uploads\/2025\/10\/cropped-SWIZZLE.-4.png\",\"width\":800,\"height\":267,\"caption\":\"Swizzle\"},\"image\":{\"@id\":\"https:\/\/staging.swizzle.se\/#\/schema\/logo\/image\/\"},\"hasMerchantReturnPolicy\":{\"@type\":\"MerchantReturnPolicy\",\"merchantReturnLink\":\"https:\/\/staging.swizzle.se\/dk\/villkor\/\"}}]}<\/script>\n<meta property=\"product:price:amount\" content=\"299.00\" \/>\n<meta property=\"product:price:currency\" content=\"SEK\" \/>\n<meta property=\"og:availability\" content=\"out of stock\" \/>\n<meta property=\"product:availability\" content=\"out of stock\" \/>\n<meta property=\"product:retailer_item_id\" content=\"vozol03\" \/>\n<meta property=\"product:condition\" content=\"new\" \/>\n<!-- \/ Yoast SEO Premium plugin. -->","yoast_head_json":{"title":"Vozol Puff 15k - Cherry Cola","description":"Vozol Puff 15k - Cherry Cola. Upplev en nostalgisk smakresa Denna vape kombinerar den klassiska smaken av s\u00f6t kola med en frisk ton av k\u00f6rsb\u00e4r","robots":{"index":"noindex","follow":"follow","max-snippet":"max-snippet:-1","max-image-preview":"max-image-preview:large","max-video-preview":"max-video-preview:-1"},"og_locale":"da_DK","og_type":"article","og_title":"Vozol Puff 15k - Cherry Cola","og_description":"Vozol Puff 15k - Cherry Cola. Upplev en nostalgisk smakresa Denna vape kombinerar den klassiska smaken av s\u00f6t kola med en frisk ton av k\u00f6rsb\u00e4r","og_url":"https:\/\/www.swizzle.se\/produkt\/vozol-puff-15k-cherry-cola\/","og_site_name":"Swizzle","article_modified_time":"2026-02-04T13:51:38+00:00","og_image":[{"width":800,"height":800,"url":"https:\/\/www.swizzle.se\/wp-content\/uploads\/2025\/07\/puff-15k-recharge-cerise-cola-1.webp","type":"image\/webp"}],"twitter_card":"summary_large_image","twitter_title":"Vozol Puff 15k - Cherry Cola","twitter_description":"Vozol Puff 15k - Cherry Cola. Upplev en nostalgisk smakresa Denna vape kombinerar den klassiska smaken av s\u00f6t kola med en frisk ton av k\u00f6rsb\u00e4r","twitter_misc":{"Pris":"299.00&nbsp;&#107;&#114;","Tilg\u00e6ngelighed":"Ikke p\u00e5 lager"},"schema":{"@context":"https:\/\/schema.org","@graph":[{"@type":"WebPage","@id":"https:\/\/www.swizzle.se\/produkt\/vozol-puff-15k-cherry-cola\/","url":"https:\/\/www.swizzle.se\/produkt\/vozol-puff-15k-cherry-cola\/","name":"Vozol Puff 15k - Cherry Cola","isPartOf":{"@id":"https:\/\/staging.swizzle.se\/#website"},"primaryImageOfPage":{"@id":"https:\/\/www.swizzle.se\/produkt\/vozol-puff-15k-cherry-cola\/#primaryimage"},"image":{"@id":"https:\/\/www.swizzle.se\/produkt\/vozol-puff-15k-cherry-cola\/#primaryimage"},"thumbnailUrl":"https:\/\/staging.swizzle.se\/wp-content\/uploads\/2025\/07\/puff-15k-recharge-cerise-cola-1.webp","datePublished":"2025-07-07T09:21:58+00:00","dateModified":"2026-02-04T13:51:38+00:00","description":"Vozol Puff 15k - Cherry Cola. Upplev en nostalgisk smakresa Denna vape kombinerar den klassiska smaken av s\u00f6t kola med en frisk ton av k\u00f6rsb\u00e4r","breadcrumb":{"@id":"https:\/\/www.swizzle.se\/produkt\/vozol-puff-15k-cherry-cola\/#breadcrumb"},"inLanguage":"da-DK","potentialAction":[{"@type":"ReadAction","target":["https:\/\/www.swizzle.se\/produkt\/vozol-puff-15k-cherry-cola\/"]}]},{"@type":"ImageObject","inLanguage":"da-DK","@id":"https:\/\/www.swizzle.se\/produkt\/vozol-puff-15k-cherry-cola\/#primaryimage","url":"https:\/\/staging.swizzle.se\/wp-content\/uploads\/2025\/07\/puff-15k-recharge-cerise-cola-1.webp","contentUrl":"https:\/\/staging.swizzle.se\/wp-content\/uploads\/2025\/07\/puff-15k-recharge-cerise-cola-1.webp","width":800,"height":800,"caption":"Vozol cherry cola"},{"@type":"BreadcrumbList","@id":"https:\/\/www.swizzle.se\/produkt\/vozol-puff-15k-cherry-cola\/#breadcrumb","itemListElement":[{"@type":"ListItem","position":1,"name":"Home","item":"https:\/\/www.swizzle.se\/"},{"@type":"ListItem","position":2,"name":"Shop","item":"https:\/\/www.swizzle.se\/shop\/"},{"@type":"ListItem","position":3,"name":"Vape &amp; E-cigg online","item":"https:\/\/www.swizzle.se\/produkt-kategori\/vapes\/"},{"@type":"ListItem","position":4,"name":"Vozol Puff 15k &#8211; kit &#8211; Cherry Cola"}]},{"@type":"WebSite","@id":"https:\/\/staging.swizzle.se\/#website","url":"https:\/\/staging.swizzle.se\/","name":"Swizzle","description":"Nikotin CBD Vapes Snus Hvid Portion","publisher":{"@id":"https:\/\/staging.swizzle.se\/#organization"},"potentialAction":[{"@type":"SearchAction","target":{"@type":"EntryPoint","urlTemplate":"https:\/\/staging.swizzle.se\/?s={search_term_string}"},"query-input":{"@type":"PropertyValueSpecification","valueRequired":true,"valueName":"search_term_string"}}],"inLanguage":"da-DK"},{"@type":"Organization","@id":"https:\/\/staging.swizzle.se\/#organization","name":"Swizzle","url":"https:\/\/staging.swizzle.se\/","logo":{"@type":"ImageObject","inLanguage":"da-DK","@id":"https:\/\/staging.swizzle.se\/#\/schema\/logo\/image\/","url":"https:\/\/staging.swizzle.se\/wp-content\/uploads\/2025\/10\/cropped-SWIZZLE.-4.png","contentUrl":"https:\/\/staging.swizzle.se\/wp-content\/uploads\/2025\/10\/cropped-SWIZZLE.-4.png","width":800,"height":267,"caption":"Swizzle"},"image":{"@id":"https:\/\/staging.swizzle.se\/#\/schema\/logo\/image\/"},"hasMerchantReturnPolicy":{"@type":"MerchantReturnPolicy","merchantReturnLink":"https:\/\/staging.swizzle.se\/dk\/villkor\/"}}]},"product_price_amount":"299.00","product_price_currency":"SEK","og_availability":"out of stock","product_availability":"out of stock","product_retailer_item_id":"vozol03","product_condition":"new"},"tiered_pricing_type":"fixed","tiered_pricing_fixed_rules":[],"tiered_pricing_product_settings":{"layout":"default","base_unit_name":{"singular":null,"plural":null},"default_variation":null},"tiered_pricing_minimum_quantity":null,"tiered_pricing_roles_data":[],"tiered_pricing_percentage_rules":[],"tiered_pricing_maximum_quantity":null,"tiered_pricing_quantity_step":null,"_links":{"self":[{"href":"https:\/\/staging.swizzle.se\/dk\/wp-json\/wp\/v2\/product\/271563","targetHints":{"allow":["GET"]}}],"collection":[{"href":"https:\/\/staging.swizzle.se\/dk\/wp-json\/wp\/v2\/product"}],"about":[{"href":"https:\/\/staging.swizzle.se\/dk\/wp-json\/wp\/v2\/types\/product"}],"replies":[{"embeddable":true,"href":"https:\/\/staging.swizzle.se\/dk\/wp-json\/wp\/v2\/comments?post=271563"}],"version-history":[{"count":0,"href":"https:\/\/staging.swizzle.se\/dk\/wp-json\/wp\/v2\/product\/271563\/revisions"}],"wp:featuredmedia":[{"embeddable":true,"href":"https:\/\/staging.swizzle.se\/dk\/wp-json\/wp\/v2\/media\/271564"}],"wp:attachment":[{"href":"https:\/\/staging.swizzle.se\/dk\/wp-json\/wp\/v2\/media?parent=271563"}],"wp:term":[{"taxonomy":"product_brand","embeddable":true,"href":"https:\/\/staging.swizzle.se\/dk\/wp-json\/wp\/v2\/product_brand?post=271563"},{"taxonomy":"product_cat","embeddable":true,"href":"https:\/\/staging.swizzle.se\/dk\/wp-json\/wp\/v2\/product_cat?post=271563"},{"taxonomy":"product_tag","embeddable":true,"href":"https:\/\/staging.swizzle.se\/dk\/wp-json\/wp\/v2\/product_tag?post=271563"},{"taxonomy":"superdeal","embeddable":true,"href":"https:\/\/staging.swizzle.se\/dk\/wp-json\/wp\/v2\/superdeal?post=271563"},{"taxonomy":"product_variant_id","embeddable":true,"href":"https:\/\/staging.swizzle.se\/dk\/wp-json\/wp\/v2\/product_variant_id?post=271563"}],"curies":[{"name":"wp","href":"https:\/\/api.w.org\/{rel}","templated":true}]}}