{"id":261486,"date":"2025-05-14T09:29:15","date_gmt":"2025-05-14T09:29:15","guid":{"rendered":"https:\/\/new.staging.swizzle.se\/produkt\/euphoria-mushrooms-immunity\/"},"modified":"2026-02-04T14:10:25","modified_gmt":"2026-02-04T14:10:25","slug":"euphoria-mushrooms-immunity","status":"publish","type":"product","link":"https:\/\/staging.swizzle.se\/dk\/product-2\/euphoria-mushrooms-immunity\/","title":{"rendered":"Euphoria Mushrooms Immunity"},"content":{"rendered":"<p><strong>Euphoria Mushrooms Immunity\u00a0<\/strong>\u2013 St\u00f6d f\u00f6r ditt immunsystem och allm\u00e4nna h\u00e4lsa<\/p>\n<p>Immunity Blend \u00e4r skapad med inspiration fr\u00e5n \u00e5rhundraden av traditionell visdom och \u00e4r utformad f\u00f6r att ge ditt immunsystem det st\u00f6d det beh\u00f6ver f\u00f6r att h\u00e5lla sig starkt och motst\u00e5ndskraftigt. Den unika blandningen av Echinacea, Lion\u2019s Mane och sibirisk ginseng ger kraftfullt naturligt st\u00f6d f\u00f6r att:<\/p>\n<ul>\n<li>St\u00e4rka immunf\u00f6rsvaret och skydda mot p\u00e5frestningar<\/li>\n<li>Fr\u00e4mja allm\u00e4n h\u00e4lsa och vitalitet<\/li>\n<li>\u00d6ka energi och motst\u00e5ndskraft vid stressiga perioder<\/li>\n<\/ul>\n<p>Naturliga ingredienser som st\u00e4rker din h\u00e4lsa:<\/p>\n<p><strong>Echinacea:<\/strong> K\u00e4nd f\u00f6r sina immunst\u00e4rkande egenskaper, och traditionellt anv\u00e4nd f\u00f6r att f\u00f6rebygga och lindra f\u00f6rkylningar och infektioner.<\/p>\n<p><strong>Lion\u2019s Mane:<\/strong> F\u00f6rutom sina kognitiva f\u00f6rdelar, har Lion\u2019s Mane ocks\u00e5 visat sig st\u00f6dja kroppens naturliga f\u00f6rsvar och minska inflammation.<\/p>\n<p><strong>Sibirisk ginseng:<\/strong> En adaptogen som st\u00e4rker kroppens f\u00f6rm\u00e5ga att hantera stress och tr\u00f6tthet, samtidigt som den fr\u00e4mjar allm\u00e4n vitalitet.<\/p>\n<p>Immunity Blend \u00e4r din dagliga naturliga allierade f\u00f6r att h\u00e5lla dig frisk, energisk och balanserad \u2013 b\u00e5de kroppsligt och mentalt.<\/p>\n<p>F\u00f6rpackning: 30 kapslar<\/p>\n<p>Bem\u00e6rk!<br \/>\nDu m\u00e5ste vara minst 18 \u00e5r f\u00f6r att k\u00f6pa denna produkt. Den \u00e4r inte avsedd som l\u00e4kemedel, kosttillskott eller naturprodukt. Vi uppmuntrar inte till konsumtion, f\u00f6rt\u00e4ring eller r\u00f6kning av produkten. F\u00f6rvara den utom r\u00e4ckh\u00e5ll f\u00f6r barn.Vi friskriver oss fr\u00e5n hur du som kund anv\u00e4nder v\u00e5ra produkter. Vi s\u00e4ljer dem f\u00f6r samlings- och prydnadssyften.<\/p>","protected":false},"excerpt":{"rendered":"<p>Euphoria Mushrooms Immunity<\/p>\n<p>Immunity blend \u00e4r framtagen med inspiration fr\u00e5n traditionell visdom som f\u00f6rts vidare genom generationer, och \u00e4r utformad f\u00f6r att st\u00f6dja immunf\u00f6rsvarets v\u00e4lbefinnande. Blandningen av Echinacea, Lions Mane och sibirisk ginseng st\u00e4rker kroppens f\u00f6rsvar, st\u00e4rker den allm\u00e4nna h\u00e4lsan och fr\u00e4mjar vitaliteten.<\/p>\n<p><strong>30 kapslar per f\u00f6rpackning<\/strong><\/p>","protected":false},"featured_media":261483,"comment_status":"open","ping_status":"closed","template":"","meta":{"site-sidebar-layout":"default","site-content-layout":"","ast-site-content-layout":"default","site-content-style":"default","site-sidebar-style":"default","ast-global-header-display":"","ast-banner-title-visibility":"","ast-main-header-display":"","ast-hfb-above-header-display":"","ast-hfb-below-header-display":"","ast-hfb-mobile-header-display":"","site-post-title":"","ast-breadcrumbs-content":"","ast-featured-img":"","footer-sml-layout":"","ast-disable-related-posts":"","theme-transparent-header-meta":"","adv-header-id-meta":"","stick-header-meta":"","header-above-stick-meta":"","header-main-stick-meta":"","header-below-stick-meta":"","astra-migrate-meta-layouts":"default","ast-page-background-enabled":"default","ast-page-background-meta":{"desktop":{"background-color":"var(--ast-global-color-4)","background-image":"","background-repeat":"repeat","background-position":"center center","background-size":"auto","background-attachment":"scroll","background-type":"","background-media":"","overlay-type":"","overlay-color":"","overlay-opacity":"","overlay-gradient":""},"tablet":{"background-color":"","background-image":"","background-repeat":"repeat","background-position":"center center","background-size":"auto","background-attachment":"scroll","background-type":"","background-media":"","overlay-type":"","overlay-color":"","overlay-opacity":"","overlay-gradient":""},"mobile":{"background-color":"","background-image":"","background-repeat":"repeat","background-position":"center center","background-size":"auto","background-attachment":"scroll","background-type":"","background-media":"","overlay-type":"","overlay-color":"","overlay-opacity":"","overlay-gradient":""}},"ast-content-background-meta":{"desktop":{"background-color":"var(--ast-global-color-5)","background-image":"","background-repeat":"repeat","background-position":"center center","background-size":"auto","background-attachment":"scroll","background-type":"","background-media":"","overlay-type":"","overlay-color":"","overlay-opacity":"","overlay-gradient":""},"tablet":{"background-color":"var(--ast-global-color-5)","background-image":"","background-repeat":"repeat","background-position":"center center","background-size":"auto","background-attachment":"scroll","background-type":"","background-media":"","overlay-type":"","overlay-color":"","overlay-opacity":"","overlay-gradient":""},"mobile":{"background-color":"var(--ast-global-color-5)","background-image":"","background-repeat":"repeat","background-position":"center center","background-size":"auto","background-attachment":"scroll","background-type":"","background-media":"","overlay-type":"","overlay-color":"","overlay-opacity":"","overlay-gradient":""}}},"product_brand":[738],"product_cat":[455,377],"product_tag":[],"superdeal":[],"product_variant_id":[],"class_list":{"0":"post-261486","1":"product","2":"type-product","3":"status-publish","4":"has-post-thumbnail","6":"product_brand-euphoria","7":"product_cat-lions-mane","8":"product_cat-shroomz","9":"desktop-align-center","10":"tablet-align-left","11":"mobile-align-left","12":"ast-product-gallery-layout-horizontal-slider","13":"ast-product-gallery-with-no-image","14":"ast-magnify-disabled","15":"ast-product-tabs-layout-horizontal","17":"first","18":"instock","19":"taxable","20":"shipping-taxable","21":"purchasable","22":"product-type-simple"},"yoast_head":"<!-- This site is optimized with the Yoast SEO Premium plugin v26.9 (Yoast SEO v26.9) - https:\/\/yoast.com\/product\/yoast-seo-premium-wordpress\/ -->\n<title>Euphoria Mushrooms Immunity<\/title>\n<meta name=\"description\" content=\"Euphoria Mushrooms Immunity - Blandningen av Echinacea, Lions Mane och sibirisk ginseng st\u00e4rker kroppens f\u00f6rsvar &amp; den allm\u00e4nna h\u00e4lsan.\" \/>\n<meta name=\"robots\" content=\"noindex, follow, max-snippet:-1, max-image-preview:large, max-video-preview:-1\" \/>\n<meta property=\"og:locale\" content=\"da_DK\" \/>\n<meta property=\"og:type\" content=\"article\" \/>\n<meta property=\"og:title\" content=\"Euphoria Mushrooms Immunity\" \/>\n<meta property=\"og:description\" content=\"Euphoria Mushrooms Immunity - Blandningen av Echinacea, Lions Mane och sibirisk ginseng st\u00e4rker kroppens f\u00f6rsvar &amp; den allm\u00e4nna h\u00e4lsan.\" \/>\n<meta property=\"og:url\" content=\"https:\/\/www.swizzle.se\/produkt\/euphoria-mushrooms-immunity\/\" \/>\n<meta property=\"og:site_name\" content=\"Swizzle\" \/>\n<meta property=\"article:modified_time\" content=\"2026-02-04T14:10:25+00:00\" \/>\n<meta property=\"og:image\" content=\"https:\/\/www.swizzle.se\/wp-content\/uploads\/2025\/06\/79fcb5f5891f11b529c960439c3872b9-euphoria-mushrooms-immunity.png\" \/>\n\t<meta property=\"og:image:width\" content=\"500\" \/>\n\t<meta property=\"og:image:height\" content=\"500\" \/>\n\t<meta property=\"og:image:type\" content=\"image\/png\" \/>\n<meta name=\"twitter:card\" content=\"summary_large_image\" \/>\n<meta name=\"twitter:title\" content=\"Euphoria Mushrooms Immunity\" \/>\n<meta name=\"twitter:description\" content=\"Euphoria Mushrooms Immunity - Blandningen av Echinacea, Lions Mane och sibirisk ginseng st\u00e4rker kroppens f\u00f6rsvar &amp; den allm\u00e4nna h\u00e4lsan.\" \/>\n<meta name=\"twitter:label1\" content=\"Pris\" \/>\n\t<meta name=\"twitter:data1\" content=\"209.00&nbsp;&#107;&#114;\" \/>\n\t<meta name=\"twitter:label2\" content=\"Tilg\u00e6ngelighed\" \/>\n\t<meta name=\"twitter:data2\" content=\"P\u00e5 lager\" \/>\n<script type=\"application\/ld+json\" class=\"yoast-schema-graph\">{\"@context\":\"https:\/\/schema.org\",\"@graph\":[{\"@type\":\"WebPage\",\"@id\":\"https:\/\/www.swizzle.se\/produkt\/euphoria-mushrooms-immunity\/\",\"url\":\"https:\/\/www.swizzle.se\/produkt\/euphoria-mushrooms-immunity\/\",\"name\":\"Euphoria Mushrooms Immunity\",\"isPartOf\":{\"@id\":\"https:\/\/staging.swizzle.se\/#website\"},\"primaryImageOfPage\":{\"@id\":\"https:\/\/www.swizzle.se\/produkt\/euphoria-mushrooms-immunity\/#primaryimage\"},\"image\":{\"@id\":\"https:\/\/www.swizzle.se\/produkt\/euphoria-mushrooms-immunity\/#primaryimage\"},\"thumbnailUrl\":\"https:\/\/staging.swizzle.se\/wp-content\/uploads\/2025\/06\/79fcb5f5891f11b529c960439c3872b9-euphoria-mushrooms-immunity.png\",\"datePublished\":\"2025-05-14T09:29:15+00:00\",\"dateModified\":\"2026-02-04T14:10:25+00:00\",\"description\":\"Euphoria Mushrooms Immunity - Blandningen av Echinacea, Lions Mane och sibirisk ginseng st\u00e4rker kroppens f\u00f6rsvar & den allm\u00e4nna h\u00e4lsan.\",\"breadcrumb\":{\"@id\":\"https:\/\/www.swizzle.se\/produkt\/euphoria-mushrooms-immunity\/#breadcrumb\"},\"inLanguage\":\"da-DK\",\"potentialAction\":[{\"@type\":\"ReadAction\",\"target\":[\"https:\/\/www.swizzle.se\/produkt\/euphoria-mushrooms-immunity\/\"]}]},{\"@type\":\"ImageObject\",\"inLanguage\":\"da-DK\",\"@id\":\"https:\/\/www.swizzle.se\/produkt\/euphoria-mushrooms-immunity\/#primaryimage\",\"url\":\"https:\/\/staging.swizzle.se\/wp-content\/uploads\/2025\/06\/79fcb5f5891f11b529c960439c3872b9-euphoria-mushrooms-immunity.png\",\"contentUrl\":\"https:\/\/staging.swizzle.se\/wp-content\/uploads\/2025\/06\/79fcb5f5891f11b529c960439c3872b9-euphoria-mushrooms-immunity.png\",\"width\":500,\"height\":500,\"caption\":\"Bild mushrooms immunity\"},{\"@type\":\"BreadcrumbList\",\"@id\":\"https:\/\/www.swizzle.se\/produkt\/euphoria-mushrooms-immunity\/#breadcrumb\",\"itemListElement\":[{\"@type\":\"ListItem\",\"position\":1,\"name\":\"Home\",\"item\":\"https:\/\/www.swizzle.se\/\"},{\"@type\":\"ListItem\",\"position\":2,\"name\":\"Shop\",\"item\":\"https:\/\/www.swizzle.se\/shop\/\"},{\"@type\":\"ListItem\",\"position\":3,\"name\":\"SHROOMZ\",\"item\":\"https:\/\/www.swizzle.se\/produkt-kategori\/shroomz\/\"},{\"@type\":\"ListItem\",\"position\":4,\"name\":\"LIONS MANE\",\"item\":\"https:\/\/www.swizzle.se\/produkt-kategori\/shroomz\/lions-mane\/\"},{\"@type\":\"ListItem\",\"position\":5,\"name\":\"Euphoria Mushrooms Immunity\"}]},{\"@type\":\"WebSite\",\"@id\":\"https:\/\/staging.swizzle.se\/#website\",\"url\":\"https:\/\/staging.swizzle.se\/\",\"name\":\"Swizzle\",\"description\":\"Nikotin CBD Vapes Snus White Portion\",\"publisher\":{\"@id\":\"https:\/\/staging.swizzle.se\/#organization\"},\"potentialAction\":[{\"@type\":\"SearchAction\",\"target\":{\"@type\":\"EntryPoint\",\"urlTemplate\":\"https:\/\/staging.swizzle.se\/?s={search_term_string}\"},\"query-input\":{\"@type\":\"PropertyValueSpecification\",\"valueRequired\":true,\"valueName\":\"search_term_string\"}}],\"inLanguage\":\"da-DK\"},{\"@type\":\"Organization\",\"@id\":\"https:\/\/staging.swizzle.se\/#organization\",\"name\":\"Swizzle\",\"url\":\"https:\/\/staging.swizzle.se\/\",\"logo\":{\"@type\":\"ImageObject\",\"inLanguage\":\"da-DK\",\"@id\":\"https:\/\/staging.swizzle.se\/#\/schema\/logo\/image\/\",\"url\":\"https:\/\/staging.swizzle.se\/wp-content\/uploads\/2025\/10\/cropped-SWIZZLE.-4.png\",\"contentUrl\":\"https:\/\/staging.swizzle.se\/wp-content\/uploads\/2025\/10\/cropped-SWIZZLE.-4.png\",\"width\":800,\"height\":267,\"caption\":\"Swizzle\"},\"image\":{\"@id\":\"https:\/\/staging.swizzle.se\/#\/schema\/logo\/image\/\"},\"hasMerchantReturnPolicy\":{\"@type\":\"MerchantReturnPolicy\",\"merchantReturnLink\":\"https:\/\/staging.swizzle.se\/dk\/villkor\/\"}}]}<\/script>\n<meta property=\"product:price:amount\" content=\"209.00\" \/>\n<meta property=\"product:price:currency\" content=\"SEK\" \/>\n<meta property=\"og:availability\" content=\"instock\" \/>\n<meta property=\"product:availability\" content=\"instock\" \/>\n<meta property=\"product:retailer_item_id\" content=\"Euphoriaimmunity\" \/>\n<meta property=\"product:condition\" content=\"new\" \/>\n<!-- \/ Yoast SEO Premium plugin. -->","yoast_head_json":{"title":"Euphoria Mushrooms Immunity","description":"Euphoria Mushrooms Immunity - Blandningen av Echinacea, Lions Mane och sibirisk ginseng st\u00e4rker kroppens f\u00f6rsvar & den allm\u00e4nna h\u00e4lsan.","robots":{"index":"noindex","follow":"follow","max-snippet":"max-snippet:-1","max-image-preview":"max-image-preview:large","max-video-preview":"max-video-preview:-1"},"og_locale":"da_DK","og_type":"article","og_title":"Euphoria Mushrooms Immunity","og_description":"Euphoria Mushrooms Immunity - Blandningen av Echinacea, Lions Mane och sibirisk ginseng st\u00e4rker kroppens f\u00f6rsvar & den allm\u00e4nna h\u00e4lsan.","og_url":"https:\/\/www.swizzle.se\/produkt\/euphoria-mushrooms-immunity\/","og_site_name":"Swizzle","article_modified_time":"2026-02-04T14:10:25+00:00","og_image":[{"width":500,"height":500,"url":"https:\/\/www.swizzle.se\/wp-content\/uploads\/2025\/06\/79fcb5f5891f11b529c960439c3872b9-euphoria-mushrooms-immunity.png","type":"image\/png"}],"twitter_card":"summary_large_image","twitter_title":"Euphoria Mushrooms Immunity","twitter_description":"Euphoria Mushrooms Immunity - Blandningen av Echinacea, Lions Mane och sibirisk ginseng st\u00e4rker kroppens f\u00f6rsvar & den allm\u00e4nna h\u00e4lsan.","twitter_misc":{"Pris":"209.00&nbsp;&#107;&#114;","Tilg\u00e6ngelighed":"P\u00e5 lager"},"schema":{"@context":"https:\/\/schema.org","@graph":[{"@type":"WebPage","@id":"https:\/\/www.swizzle.se\/produkt\/euphoria-mushrooms-immunity\/","url":"https:\/\/www.swizzle.se\/produkt\/euphoria-mushrooms-immunity\/","name":"Euphoria Mushrooms Immunity","isPartOf":{"@id":"https:\/\/staging.swizzle.se\/#website"},"primaryImageOfPage":{"@id":"https:\/\/www.swizzle.se\/produkt\/euphoria-mushrooms-immunity\/#primaryimage"},"image":{"@id":"https:\/\/www.swizzle.se\/produkt\/euphoria-mushrooms-immunity\/#primaryimage"},"thumbnailUrl":"https:\/\/staging.swizzle.se\/wp-content\/uploads\/2025\/06\/79fcb5f5891f11b529c960439c3872b9-euphoria-mushrooms-immunity.png","datePublished":"2025-05-14T09:29:15+00:00","dateModified":"2026-02-04T14:10:25+00:00","description":"Euphoria Mushrooms Immunity - Blandningen av Echinacea, Lions Mane och sibirisk ginseng st\u00e4rker kroppens f\u00f6rsvar & den allm\u00e4nna h\u00e4lsan.","breadcrumb":{"@id":"https:\/\/www.swizzle.se\/produkt\/euphoria-mushrooms-immunity\/#breadcrumb"},"inLanguage":"da-DK","potentialAction":[{"@type":"ReadAction","target":["https:\/\/www.swizzle.se\/produkt\/euphoria-mushrooms-immunity\/"]}]},{"@type":"ImageObject","inLanguage":"da-DK","@id":"https:\/\/www.swizzle.se\/produkt\/euphoria-mushrooms-immunity\/#primaryimage","url":"https:\/\/staging.swizzle.se\/wp-content\/uploads\/2025\/06\/79fcb5f5891f11b529c960439c3872b9-euphoria-mushrooms-immunity.png","contentUrl":"https:\/\/staging.swizzle.se\/wp-content\/uploads\/2025\/06\/79fcb5f5891f11b529c960439c3872b9-euphoria-mushrooms-immunity.png","width":500,"height":500,"caption":"Bild mushrooms immunity"},{"@type":"BreadcrumbList","@id":"https:\/\/www.swizzle.se\/produkt\/euphoria-mushrooms-immunity\/#breadcrumb","itemListElement":[{"@type":"ListItem","position":1,"name":"Home","item":"https:\/\/www.swizzle.se\/"},{"@type":"ListItem","position":2,"name":"Shop","item":"https:\/\/www.swizzle.se\/shop\/"},{"@type":"ListItem","position":3,"name":"SHROOMZ","item":"https:\/\/www.swizzle.se\/produkt-kategori\/shroomz\/"},{"@type":"ListItem","position":4,"name":"LIONS MANE","item":"https:\/\/www.swizzle.se\/produkt-kategori\/shroomz\/lions-mane\/"},{"@type":"ListItem","position":5,"name":"Euphoria Mushrooms Immunity"}]},{"@type":"WebSite","@id":"https:\/\/staging.swizzle.se\/#website","url":"https:\/\/staging.swizzle.se\/","name":"Swizzle","description":"Nikotin CBD Vapes Snus Hvid Portion","publisher":{"@id":"https:\/\/staging.swizzle.se\/#organization"},"potentialAction":[{"@type":"SearchAction","target":{"@type":"EntryPoint","urlTemplate":"https:\/\/staging.swizzle.se\/?s={search_term_string}"},"query-input":{"@type":"PropertyValueSpecification","valueRequired":true,"valueName":"search_term_string"}}],"inLanguage":"da-DK"},{"@type":"Organization","@id":"https:\/\/staging.swizzle.se\/#organization","name":"Swizzle","url":"https:\/\/staging.swizzle.se\/","logo":{"@type":"ImageObject","inLanguage":"da-DK","@id":"https:\/\/staging.swizzle.se\/#\/schema\/logo\/image\/","url":"https:\/\/staging.swizzle.se\/wp-content\/uploads\/2025\/10\/cropped-SWIZZLE.-4.png","contentUrl":"https:\/\/staging.swizzle.se\/wp-content\/uploads\/2025\/10\/cropped-SWIZZLE.-4.png","width":800,"height":267,"caption":"Swizzle"},"image":{"@id":"https:\/\/staging.swizzle.se\/#\/schema\/logo\/image\/"},"hasMerchantReturnPolicy":{"@type":"MerchantReturnPolicy","merchantReturnLink":"https:\/\/staging.swizzle.se\/dk\/villkor\/"}}]},"product_price_amount":"209.00","product_price_currency":"SEK","og_availability":"instock","product_availability":"instock","product_retailer_item_id":"Euphoriaimmunity","product_condition":"new"},"tiered_pricing_type":"fixed","tiered_pricing_fixed_rules":[],"tiered_pricing_product_settings":{"layout":"default","base_unit_name":{"singular":null,"plural":null},"default_variation":null},"tiered_pricing_minimum_quantity":null,"tiered_pricing_roles_data":[],"tiered_pricing_percentage_rules":[],"tiered_pricing_maximum_quantity":null,"tiered_pricing_quantity_step":null,"_links":{"self":[{"href":"https:\/\/staging.swizzle.se\/dk\/wp-json\/wp\/v2\/product\/261486","targetHints":{"allow":["GET"]}}],"collection":[{"href":"https:\/\/staging.swizzle.se\/dk\/wp-json\/wp\/v2\/product"}],"about":[{"href":"https:\/\/staging.swizzle.se\/dk\/wp-json\/wp\/v2\/types\/product"}],"replies":[{"embeddable":true,"href":"https:\/\/staging.swizzle.se\/dk\/wp-json\/wp\/v2\/comments?post=261486"}],"version-history":[{"count":0,"href":"https:\/\/staging.swizzle.se\/dk\/wp-json\/wp\/v2\/product\/261486\/revisions"}],"wp:featuredmedia":[{"embeddable":true,"href":"https:\/\/staging.swizzle.se\/dk\/wp-json\/wp\/v2\/media\/261483"}],"wp:attachment":[{"href":"https:\/\/staging.swizzle.se\/dk\/wp-json\/wp\/v2\/media?parent=261486"}],"wp:term":[{"taxonomy":"product_brand","embeddable":true,"href":"https:\/\/staging.swizzle.se\/dk\/wp-json\/wp\/v2\/product_brand?post=261486"},{"taxonomy":"product_cat","embeddable":true,"href":"https:\/\/staging.swizzle.se\/dk\/wp-json\/wp\/v2\/product_cat?post=261486"},{"taxonomy":"product_tag","embeddable":true,"href":"https:\/\/staging.swizzle.se\/dk\/wp-json\/wp\/v2\/product_tag?post=261486"},{"taxonomy":"superdeal","embeddable":true,"href":"https:\/\/staging.swizzle.se\/dk\/wp-json\/wp\/v2\/superdeal?post=261486"},{"taxonomy":"product_variant_id","embeddable":true,"href":"https:\/\/staging.swizzle.se\/dk\/wp-json\/wp\/v2\/product_variant_id?post=261486"}],"curies":[{"name":"wp","href":"https:\/\/api.w.org\/{rel}","templated":true}]}}