{"id":261480,"date":"2025-05-14T09:17:29","date_gmt":"2025-05-14T09:17:29","guid":{"rendered":"https:\/\/new.staging.swizzle.se\/produkt\/euphoria-mushrooms-stress-relief\/"},"modified":"2026-02-04T14:10:25","modified_gmt":"2026-02-04T14:10:25","slug":"euphoria-mushrooms-stress-relief","status":"publish","type":"product","link":"https:\/\/staging.swizzle.se\/dk\/product-2\/euphoria-mushrooms-stress-relief\/","title":{"rendered":"Euphoria Mushrooms Stress Relief"},"content":{"rendered":"<p><strong>Euphoria Mushrooms Stress Relief<\/strong><\/p>\n<p>Lugn &amp; Balans \u2013 F\u00f6r stressfri vardag och inre ro<\/p>\n<p>K\u00e4nner du dig ofta stressad, \u00f6verv\u00e4ldigad eller har sv\u00e5rt att slappna av? Lugn &amp; Balans \u00e4r en naturlig blandning som hj\u00e4lper dig att \u00e5terst\u00e4lla den inre balansen och lindra vardagens sp\u00e4nningar. Med en kraftfull kombination av Ashwagandha, Valerianarot och organisk Brahmi, ger denna formel ett naturligt st\u00f6d f\u00f6r att:<\/p>\n<ul>\n<li>Minska stress och \u00e5ngest<\/li>\n<li>Lindra sp\u00e4nningar i b\u00e5de kropp och sinne<\/li>\n<li>Fr\u00e4mja mental klarhet och fokusering<\/li>\n<li>\u00c5terst\u00e4lla inre balans och v\u00e4lm\u00e5ende<\/li>\n<\/ul>\n<p><!--more--><\/p>\n<p>Naturliga ingredienser f\u00f6r din inre harmoni:<\/p>\n<p><strong>Ashwagandha:<\/strong> En kraftfull adaptogen som hj\u00e4lper kroppen att hantera stress och \u00e5terst\u00e4lla energiniv\u00e5erna.<\/p>\n<p><strong>Valerianarot:<\/strong> K\u00e4nd f\u00f6r sina lugnande egenskaper, lindrar \u00e5ngest och fr\u00e4mjar b\u00e4ttre s\u00f6mn.<\/p>\n<p><strong>Organisk Brahmi:<\/strong> Traditionellt anv\u00e4nd f\u00f6r att fr\u00e4mja mental sk\u00e4rpa, minne och inre ro.<\/p>\n<p>L\u00e5t Lugn &amp; Balans hj\u00e4lpa dig att hitta lugnet i vardagen, minska stress och \u00e5teruppr\u00e4tta ditt v\u00e4lm\u00e5ende \u2013 p\u00e5 ett naturligt s\u00e4tt.<\/p>\n<p><strong>F\u00f6rpackning: 30 kapslar<\/strong><\/p>\n<p>Bem\u00e6rk!<br \/>\nDu m\u00e5ste vara minst 18 \u00e5r f\u00f6r att k\u00f6pa denna produkt. Den \u00e4r inte avsedd som l\u00e4kemedel, kosttillskott eller naturprodukt. Vi uppmuntrar inte till konsumtion, f\u00f6rt\u00e4ring eller r\u00f6kning av produkten. F\u00f6rvara den utom r\u00e4ckh\u00e5ll f\u00f6r barn.Vi friskriver oss fr\u00e5n hur du som kund anv\u00e4nder v\u00e5ra produkter. Vi s\u00e4ljer dem f\u00f6r samlings- och prydnadssyften.<\/p>","protected":false},"excerpt":{"rendered":"<p>Euphoria Mushrooms Stress Relief<\/p>\n<p>T\u00e4nker du f\u00f6r mycket och \u00e4r st\u00e4ndigt stressad av vardagen? Ashwagandha- och valerianar\u00f6tter tillsammans med organisk brahmi ger lugn, lindrar sp\u00e4nningar och \u00e5terst\u00e4ller den inre balansen.<\/p>\n<p><strong>30 kapslar per f\u00f6rpackning<\/strong><\/p>","protected":false},"featured_media":261482,"comment_status":"open","ping_status":"closed","template":"","meta":{"site-sidebar-layout":"default","site-content-layout":"","ast-site-content-layout":"default","site-content-style":"default","site-sidebar-style":"default","ast-global-header-display":"","ast-banner-title-visibility":"","ast-main-header-display":"","ast-hfb-above-header-display":"","ast-hfb-below-header-display":"","ast-hfb-mobile-header-display":"","site-post-title":"","ast-breadcrumbs-content":"","ast-featured-img":"","footer-sml-layout":"","ast-disable-related-posts":"","theme-transparent-header-meta":"","adv-header-id-meta":"","stick-header-meta":"","header-above-stick-meta":"","header-main-stick-meta":"","header-below-stick-meta":"","astra-migrate-meta-layouts":"default","ast-page-background-enabled":"default","ast-page-background-meta":{"desktop":{"background-color":"var(--ast-global-color-4)","background-image":"","background-repeat":"repeat","background-position":"center center","background-size":"auto","background-attachment":"scroll","background-type":"","background-media":"","overlay-type":"","overlay-color":"","overlay-opacity":"","overlay-gradient":""},"tablet":{"background-color":"","background-image":"","background-repeat":"repeat","background-position":"center center","background-size":"auto","background-attachment":"scroll","background-type":"","background-media":"","overlay-type":"","overlay-color":"","overlay-opacity":"","overlay-gradient":""},"mobile":{"background-color":"","background-image":"","background-repeat":"repeat","background-position":"center center","background-size":"auto","background-attachment":"scroll","background-type":"","background-media":"","overlay-type":"","overlay-color":"","overlay-opacity":"","overlay-gradient":""}},"ast-content-background-meta":{"desktop":{"background-color":"var(--ast-global-color-5)","background-image":"","background-repeat":"repeat","background-position":"center center","background-size":"auto","background-attachment":"scroll","background-type":"","background-media":"","overlay-type":"","overlay-color":"","overlay-opacity":"","overlay-gradient":""},"tablet":{"background-color":"var(--ast-global-color-5)","background-image":"","background-repeat":"repeat","background-position":"center center","background-size":"auto","background-attachment":"scroll","background-type":"","background-media":"","overlay-type":"","overlay-color":"","overlay-opacity":"","overlay-gradient":""},"mobile":{"background-color":"var(--ast-global-color-5)","background-image":"","background-repeat":"repeat","background-position":"center center","background-size":"auto","background-attachment":"scroll","background-type":"","background-media":"","overlay-type":"","overlay-color":"","overlay-opacity":"","overlay-gradient":""}}},"product_brand":[738],"product_cat":[377],"product_tag":[],"superdeal":[],"product_variant_id":[],"class_list":{"0":"post-261480","1":"product","2":"type-product","3":"status-publish","4":"has-post-thumbnail","6":"product_brand-euphoria","7":"product_cat-shroomz","8":"desktop-align-center","9":"tablet-align-left","10":"mobile-align-left","11":"ast-product-gallery-layout-horizontal-slider","12":"ast-magnify-disabled","13":"ast-product-tabs-layout-horizontal","15":"first","16":"outofstock","17":"taxable","18":"shipping-taxable","19":"purchasable","20":"product-type-simple"},"yoast_head":"<!-- This site is optimized with the Yoast SEO Premium plugin v26.9 (Yoast SEO v26.9) - https:\/\/yoast.com\/product\/yoast-seo-premium-wordpress\/ -->\n<title>Euphoria Mushrooms Stress Relief<\/title>\n<meta name=\"description\" content=\"Euphoria Mushrooms Stress Relief - Ashwagandha- och valerianar\u00f6tter tillsammans med organisk Brahmi lindrar sp\u00e4nningar och \u00e5terst\u00e4ller den inre balansen.\" \/>\n<meta name=\"robots\" content=\"noindex, follow, max-snippet:-1, max-image-preview:large, max-video-preview:-1\" \/>\n<meta property=\"og:locale\" content=\"da_DK\" \/>\n<meta property=\"og:type\" content=\"article\" \/>\n<meta property=\"og:title\" content=\"Euphoria Mushrooms Stress Relief\" \/>\n<meta property=\"og:description\" content=\"Euphoria Mushrooms Stress Relief Ashwagandha- och valerianar\u00f6tter tillsammans med organisk Brahmi lindrar sp\u00e4nningar och \u00e5terst\u00e4ller den inre balansen.\" \/>\n<meta property=\"og:url\" content=\"https:\/\/www.swizzle.se\/produkt\/euphoria-mushrooms-stress-relief\/\" \/>\n<meta property=\"og:site_name\" content=\"Swizzle\" \/>\n<meta property=\"article:modified_time\" content=\"2026-02-04T14:10:25+00:00\" \/>\n<meta property=\"og:image\" content=\"https:\/\/www.swizzle.se\/wp-content\/uploads\/2025\/06\/0dfdeb0717ea1ee31cff6e4de9dabfb4-euphoria-mushrooms-stress-relief-1.png\" \/>\n\t<meta property=\"og:image:width\" content=\"500\" \/>\n\t<meta property=\"og:image:height\" content=\"500\" \/>\n\t<meta property=\"og:image:type\" content=\"image\/png\" \/>\n<meta name=\"twitter:card\" content=\"summary_large_image\" \/>\n<meta name=\"twitter:title\" content=\"Euphoria Mushrooms Stress Relief\" \/>\n<meta name=\"twitter:description\" content=\"Euphoria Mushrooms Stress Relief Ashwagandha- och valerianar\u00f6tter tillsammans med organisk Brahmi lindrar sp\u00e4nningar och \u00e5terst\u00e4ller den inre balansen.\" \/>\n<meta name=\"twitter:label1\" content=\"Pris\" \/>\n\t<meta name=\"twitter:data1\" content=\"209.00&nbsp;&#107;&#114;\" \/>\n\t<meta name=\"twitter:label2\" content=\"Tilg\u00e6ngelighed\" \/>\n\t<meta name=\"twitter:data2\" content=\"Ikke p\u00e5 lager\" \/>\n<script type=\"application\/ld+json\" class=\"yoast-schema-graph\">{\"@context\":\"https:\/\/schema.org\",\"@graph\":[{\"@type\":\"WebPage\",\"@id\":\"https:\/\/www.swizzle.se\/produkt\/euphoria-mushrooms-stress-relief\/\",\"url\":\"https:\/\/www.swizzle.se\/produkt\/euphoria-mushrooms-stress-relief\/\",\"name\":\"Euphoria Mushrooms Stress Relief\",\"isPartOf\":{\"@id\":\"https:\/\/staging.swizzle.se\/#website\"},\"primaryImageOfPage\":{\"@id\":\"https:\/\/www.swizzle.se\/produkt\/euphoria-mushrooms-stress-relief\/#primaryimage\"},\"image\":{\"@id\":\"https:\/\/www.swizzle.se\/produkt\/euphoria-mushrooms-stress-relief\/#primaryimage\"},\"thumbnailUrl\":\"https:\/\/staging.swizzle.se\/wp-content\/uploads\/2025\/06\/0dfdeb0717ea1ee31cff6e4de9dabfb4-euphoria-mushrooms-stress-relief-1.png\",\"datePublished\":\"2025-05-14T09:17:29+00:00\",\"dateModified\":\"2026-02-04T14:10:25+00:00\",\"description\":\"Euphoria Mushrooms Stress Relief - Ashwagandha- och valerianar\u00f6tter tillsammans med organisk Brahmi lindrar sp\u00e4nningar och \u00e5terst\u00e4ller den inre balansen.\",\"breadcrumb\":{\"@id\":\"https:\/\/www.swizzle.se\/produkt\/euphoria-mushrooms-stress-relief\/#breadcrumb\"},\"inLanguage\":\"da-DK\",\"potentialAction\":[{\"@type\":\"ReadAction\",\"target\":[\"https:\/\/www.swizzle.se\/produkt\/euphoria-mushrooms-stress-relief\/\"]}]},{\"@type\":\"ImageObject\",\"inLanguage\":\"da-DK\",\"@id\":\"https:\/\/www.swizzle.se\/produkt\/euphoria-mushrooms-stress-relief\/#primaryimage\",\"url\":\"https:\/\/staging.swizzle.se\/wp-content\/uploads\/2025\/06\/0dfdeb0717ea1ee31cff6e4de9dabfb4-euphoria-mushrooms-stress-relief-1.png\",\"contentUrl\":\"https:\/\/staging.swizzle.se\/wp-content\/uploads\/2025\/06\/0dfdeb0717ea1ee31cff6e4de9dabfb4-euphoria-mushrooms-stress-relief-1.png\",\"width\":500,\"height\":500,\"caption\":\"Bild stress relief\"},{\"@type\":\"BreadcrumbList\",\"@id\":\"https:\/\/www.swizzle.se\/produkt\/euphoria-mushrooms-stress-relief\/#breadcrumb\",\"itemListElement\":[{\"@type\":\"ListItem\",\"position\":1,\"name\":\"Home\",\"item\":\"https:\/\/www.swizzle.se\/\"},{\"@type\":\"ListItem\",\"position\":2,\"name\":\"Shop\",\"item\":\"https:\/\/www.swizzle.se\/shop\/\"},{\"@type\":\"ListItem\",\"position\":3,\"name\":\"SHROOMZ\",\"item\":\"https:\/\/www.swizzle.se\/produkt-kategori\/shroomz\/\"},{\"@type\":\"ListItem\",\"position\":4,\"name\":\"Euphoria Mushrooms Stress Relief\"}]},{\"@type\":\"WebSite\",\"@id\":\"https:\/\/staging.swizzle.se\/#website\",\"url\":\"https:\/\/staging.swizzle.se\/\",\"name\":\"Swizzle\",\"description\":\"Nikotin CBD Vapes Snus White Portion\",\"publisher\":{\"@id\":\"https:\/\/staging.swizzle.se\/#organization\"},\"potentialAction\":[{\"@type\":\"SearchAction\",\"target\":{\"@type\":\"EntryPoint\",\"urlTemplate\":\"https:\/\/staging.swizzle.se\/?s={search_term_string}\"},\"query-input\":{\"@type\":\"PropertyValueSpecification\",\"valueRequired\":true,\"valueName\":\"search_term_string\"}}],\"inLanguage\":\"da-DK\"},{\"@type\":\"Organization\",\"@id\":\"https:\/\/staging.swizzle.se\/#organization\",\"name\":\"Swizzle\",\"url\":\"https:\/\/staging.swizzle.se\/\",\"logo\":{\"@type\":\"ImageObject\",\"inLanguage\":\"da-DK\",\"@id\":\"https:\/\/staging.swizzle.se\/#\/schema\/logo\/image\/\",\"url\":\"https:\/\/staging.swizzle.se\/wp-content\/uploads\/2025\/10\/cropped-SWIZZLE.-4.png\",\"contentUrl\":\"https:\/\/staging.swizzle.se\/wp-content\/uploads\/2025\/10\/cropped-SWIZZLE.-4.png\",\"width\":800,\"height\":267,\"caption\":\"Swizzle\"},\"image\":{\"@id\":\"https:\/\/staging.swizzle.se\/#\/schema\/logo\/image\/\"},\"hasMerchantReturnPolicy\":{\"@type\":\"MerchantReturnPolicy\",\"merchantReturnLink\":\"https:\/\/staging.swizzle.se\/dk\/villkor\/\"}}]}<\/script>\n<meta property=\"product:price:amount\" content=\"209.00\" \/>\n<meta property=\"product:price:currency\" content=\"SEK\" \/>\n<meta property=\"og:availability\" content=\"out of stock\" \/>\n<meta property=\"product:availability\" content=\"out of stock\" \/>\n<meta property=\"product:retailer_item_id\" content=\"Euphoriastress\" \/>\n<meta property=\"product:condition\" content=\"new\" \/>\n<!-- \/ Yoast SEO Premium plugin. -->","yoast_head_json":{"title":"Euphoria Mushrooms Stress Relief","description":"Euphoria Mushrooms Stress Relief - Ashwagandha- och valerianar\u00f6tter tillsammans med organisk Brahmi lindrar sp\u00e4nningar och \u00e5terst\u00e4ller den inre balansen.","robots":{"index":"noindex","follow":"follow","max-snippet":"max-snippet:-1","max-image-preview":"max-image-preview:large","max-video-preview":"max-video-preview:-1"},"og_locale":"da_DK","og_type":"article","og_title":"Euphoria Mushrooms Stress Relief","og_description":"Euphoria Mushrooms Stress Relief Ashwagandha- och valerianar\u00f6tter tillsammans med organisk Brahmi lindrar sp\u00e4nningar och \u00e5terst\u00e4ller den inre balansen.","og_url":"https:\/\/www.swizzle.se\/produkt\/euphoria-mushrooms-stress-relief\/","og_site_name":"Swizzle","article_modified_time":"2026-02-04T14:10:25+00:00","og_image":[{"width":500,"height":500,"url":"https:\/\/www.swizzle.se\/wp-content\/uploads\/2025\/06\/0dfdeb0717ea1ee31cff6e4de9dabfb4-euphoria-mushrooms-stress-relief-1.png","type":"image\/png"}],"twitter_card":"summary_large_image","twitter_title":"Euphoria Mushrooms Stress Relief","twitter_description":"Euphoria Mushrooms Stress Relief Ashwagandha- och valerianar\u00f6tter tillsammans med organisk Brahmi lindrar sp\u00e4nningar och \u00e5terst\u00e4ller den inre balansen.","twitter_misc":{"Pris":"209.00&nbsp;&#107;&#114;","Tilg\u00e6ngelighed":"Ikke p\u00e5 lager"},"schema":{"@context":"https:\/\/schema.org","@graph":[{"@type":"WebPage","@id":"https:\/\/www.swizzle.se\/produkt\/euphoria-mushrooms-stress-relief\/","url":"https:\/\/www.swizzle.se\/produkt\/euphoria-mushrooms-stress-relief\/","name":"Euphoria Mushrooms Stress Relief","isPartOf":{"@id":"https:\/\/staging.swizzle.se\/#website"},"primaryImageOfPage":{"@id":"https:\/\/www.swizzle.se\/produkt\/euphoria-mushrooms-stress-relief\/#primaryimage"},"image":{"@id":"https:\/\/www.swizzle.se\/produkt\/euphoria-mushrooms-stress-relief\/#primaryimage"},"thumbnailUrl":"https:\/\/staging.swizzle.se\/wp-content\/uploads\/2025\/06\/0dfdeb0717ea1ee31cff6e4de9dabfb4-euphoria-mushrooms-stress-relief-1.png","datePublished":"2025-05-14T09:17:29+00:00","dateModified":"2026-02-04T14:10:25+00:00","description":"Euphoria Mushrooms Stress Relief - Ashwagandha- och valerianar\u00f6tter tillsammans med organisk Brahmi lindrar sp\u00e4nningar och \u00e5terst\u00e4ller den inre balansen.","breadcrumb":{"@id":"https:\/\/www.swizzle.se\/produkt\/euphoria-mushrooms-stress-relief\/#breadcrumb"},"inLanguage":"da-DK","potentialAction":[{"@type":"ReadAction","target":["https:\/\/www.swizzle.se\/produkt\/euphoria-mushrooms-stress-relief\/"]}]},{"@type":"ImageObject","inLanguage":"da-DK","@id":"https:\/\/www.swizzle.se\/produkt\/euphoria-mushrooms-stress-relief\/#primaryimage","url":"https:\/\/staging.swizzle.se\/wp-content\/uploads\/2025\/06\/0dfdeb0717ea1ee31cff6e4de9dabfb4-euphoria-mushrooms-stress-relief-1.png","contentUrl":"https:\/\/staging.swizzle.se\/wp-content\/uploads\/2025\/06\/0dfdeb0717ea1ee31cff6e4de9dabfb4-euphoria-mushrooms-stress-relief-1.png","width":500,"height":500,"caption":"Bild stress relief"},{"@type":"BreadcrumbList","@id":"https:\/\/www.swizzle.se\/produkt\/euphoria-mushrooms-stress-relief\/#breadcrumb","itemListElement":[{"@type":"ListItem","position":1,"name":"Home","item":"https:\/\/www.swizzle.se\/"},{"@type":"ListItem","position":2,"name":"Shop","item":"https:\/\/www.swizzle.se\/shop\/"},{"@type":"ListItem","position":3,"name":"SHROOMZ","item":"https:\/\/www.swizzle.se\/produkt-kategori\/shroomz\/"},{"@type":"ListItem","position":4,"name":"Euphoria Mushrooms Stress Relief"}]},{"@type":"WebSite","@id":"https:\/\/staging.swizzle.se\/#website","url":"https:\/\/staging.swizzle.se\/","name":"Swizzle","description":"Nikotin CBD Vapes Snus Hvid Portion","publisher":{"@id":"https:\/\/staging.swizzle.se\/#organization"},"potentialAction":[{"@type":"SearchAction","target":{"@type":"EntryPoint","urlTemplate":"https:\/\/staging.swizzle.se\/?s={search_term_string}"},"query-input":{"@type":"PropertyValueSpecification","valueRequired":true,"valueName":"search_term_string"}}],"inLanguage":"da-DK"},{"@type":"Organization","@id":"https:\/\/staging.swizzle.se\/#organization","name":"Swizzle","url":"https:\/\/staging.swizzle.se\/","logo":{"@type":"ImageObject","inLanguage":"da-DK","@id":"https:\/\/staging.swizzle.se\/#\/schema\/logo\/image\/","url":"https:\/\/staging.swizzle.se\/wp-content\/uploads\/2025\/10\/cropped-SWIZZLE.-4.png","contentUrl":"https:\/\/staging.swizzle.se\/wp-content\/uploads\/2025\/10\/cropped-SWIZZLE.-4.png","width":800,"height":267,"caption":"Swizzle"},"image":{"@id":"https:\/\/staging.swizzle.se\/#\/schema\/logo\/image\/"},"hasMerchantReturnPolicy":{"@type":"MerchantReturnPolicy","merchantReturnLink":"https:\/\/staging.swizzle.se\/dk\/villkor\/"}}]},"product_price_amount":"209.00","product_price_currency":"SEK","og_availability":"out of stock","product_availability":"out of stock","product_retailer_item_id":"Euphoriastress","product_condition":"new"},"tiered_pricing_type":"fixed","tiered_pricing_fixed_rules":[],"tiered_pricing_product_settings":{"layout":"default","base_unit_name":{"singular":null,"plural":null},"default_variation":null},"tiered_pricing_minimum_quantity":null,"tiered_pricing_roles_data":[],"tiered_pricing_percentage_rules":[],"tiered_pricing_maximum_quantity":null,"tiered_pricing_quantity_step":null,"_links":{"self":[{"href":"https:\/\/staging.swizzle.se\/dk\/wp-json\/wp\/v2\/product\/261480","targetHints":{"allow":["GET"]}}],"collection":[{"href":"https:\/\/staging.swizzle.se\/dk\/wp-json\/wp\/v2\/product"}],"about":[{"href":"https:\/\/staging.swizzle.se\/dk\/wp-json\/wp\/v2\/types\/product"}],"replies":[{"embeddable":true,"href":"https:\/\/staging.swizzle.se\/dk\/wp-json\/wp\/v2\/comments?post=261480"}],"version-history":[{"count":0,"href":"https:\/\/staging.swizzle.se\/dk\/wp-json\/wp\/v2\/product\/261480\/revisions"}],"wp:featuredmedia":[{"embeddable":true,"href":"https:\/\/staging.swizzle.se\/dk\/wp-json\/wp\/v2\/media\/261482"}],"wp:attachment":[{"href":"https:\/\/staging.swizzle.se\/dk\/wp-json\/wp\/v2\/media?parent=261480"}],"wp:term":[{"taxonomy":"product_brand","embeddable":true,"href":"https:\/\/staging.swizzle.se\/dk\/wp-json\/wp\/v2\/product_brand?post=261480"},{"taxonomy":"product_cat","embeddable":true,"href":"https:\/\/staging.swizzle.se\/dk\/wp-json\/wp\/v2\/product_cat?post=261480"},{"taxonomy":"product_tag","embeddable":true,"href":"https:\/\/staging.swizzle.se\/dk\/wp-json\/wp\/v2\/product_tag?post=261480"},{"taxonomy":"superdeal","embeddable":true,"href":"https:\/\/staging.swizzle.se\/dk\/wp-json\/wp\/v2\/superdeal?post=261480"},{"taxonomy":"product_variant_id","embeddable":true,"href":"https:\/\/staging.swizzle.se\/dk\/wp-json\/wp\/v2\/product_variant_id?post=261480"}],"curies":[{"name":"wp","href":"https:\/\/api.w.org\/{rel}","templated":true}]}}