{"id":260139,"date":"2025-04-26T16:41:08","date_gmt":"2025-04-26T16:41:08","guid":{"rendered":"https:\/\/new.staging.swizzle.se\/produkt\/hash-magic-farmers-prova-pa\/"},"modified":"2025-11-04T15:46:01","modified_gmt":"2025-11-04T15:46:01","slug":"hash-magic-farmers-prova-pa","status":"publish","type":"product","link":"https:\/\/staging.swizzle.se\/dk\/product-2\/hash-magic-farmers-prova-pa\/","title":{"rendered":"Pr\u00f6va p\u00e5 Hash &#8211; Paket Litet"},"content":{"rendered":"<div data-elementor-type=\"product-post\" data-elementor-id=\"260139\" class=\"elementor elementor-260139\" data-elementor-post-type=\"product\">\n\t\t\t\t<div class=\"elementor-element elementor-element-103febf5 e-flex e-con-boxed e-con e-parent\" data-id=\"103febf5\" data-element_type=\"container\" data-e-type=\"container\">\n\t\t\t\t\t<div class=\"e-con-inner\">\n\t\t\t\t<div class=\"elementor-element elementor-element-298d9cea elementor-widget elementor-widget-text-editor\" data-id=\"298d9cea\" data-element_type=\"widget\" data-e-type=\"widget\" data-widget_type=\"text-editor.default\">\n\t\t\t\t<div class=\"elementor-widget-container\">\n\t\t\t\t\t\t\t\t\t<p>Hash Gold Bar 33% THCA &#8211; Magic Farmers<\/p><p>Fu00f6rvaring:<\/p><ul><li>Torrt<\/li><li>Lufttu00e4t och helst vacuum.<\/li><li>THC-fri<\/li><\/ul><p>u00a0<\/p><p><strong>Bem\u00e6rk!<\/strong><br \/>Du mu00e5ste vara minst 18 u00e5r fu00f6r att ku00f6pa denna produkt. Den u00e4r inte avsedd som lu00e4kemedel, kosttillskott eller naturprodukt. Vi uppmuntrar inte till konsumtion eller ru00f6kning av produkten. Fu00f6rvara den utom ru00e4ckhu00e5ll fu00f6r barn.Vi friskriver oss fru00e5n hur du som kund anvu00e4nder vu00e5ra produkter. Vi su00e4ljer dem fu00f6r samlings- och prydnadssyften.<\/p>\t\t\t\t\t\t\t\t<\/div>\n\t\t\t\t<\/div>\n\t\t\t\t\t<\/div>\n\t\t\t\t<\/div>\n\t\t\t\t<\/div>","protected":false},"excerpt":{"rendered":"<p>Hash &#8211; Magic Farmers &#8211; Pr\u00f6va p\u00e5<\/p>\n<p>F\u00f6r dig som vill pr\u00f6va p\u00e5 Magic Farmers Hash. Nu kan du pr\u00f6va p\u00e5 3 olika sorter och dessutom f\u00e5 med 10g CBD buds. B\u00e4ttre blir det knappast.<\/p>\n<p>Paketet inneh\u00e5ller:<\/p>\n<p>&#8211; 2g Gold Bar 33% THCA<br \/>\n&#8211; 2g Royal Rif 27% THCA<br \/>\n&#8211; 2g Mazar Sharif 31% THCA<\/p>\n<ul>\n<li>10g CBD Buds &#8211; Magic Farmers<\/li>\n<li>1st King Palm Rullpapper<\/li>\n<\/ul>","protected":false},"featured_media":260141,"comment_status":"open","ping_status":"closed","template":"","meta":{"site-sidebar-layout":"default","site-content-layout":"","ast-site-content-layout":"default","site-content-style":"default","site-sidebar-style":"default","ast-global-header-display":"","ast-banner-title-visibility":"","ast-main-header-display":"","ast-hfb-above-header-display":"","ast-hfb-below-header-display":"","ast-hfb-mobile-header-display":"","site-post-title":"","ast-breadcrumbs-content":"","ast-featured-img":"","footer-sml-layout":"","ast-disable-related-posts":"","theme-transparent-header-meta":"","adv-header-id-meta":"","stick-header-meta":"","header-above-stick-meta":"","header-main-stick-meta":"","header-below-stick-meta":"","astra-migrate-meta-layouts":"default","ast-page-background-enabled":"default","ast-page-background-meta":{"desktop":{"background-color":"var(--ast-global-color-4)","background-image":"","background-repeat":"repeat","background-position":"center center","background-size":"auto","background-attachment":"scroll","background-type":"","background-media":"","overlay-type":"","overlay-color":"","overlay-opacity":"","overlay-gradient":""},"tablet":{"background-color":"","background-image":"","background-repeat":"repeat","background-position":"center center","background-size":"auto","background-attachment":"scroll","background-type":"","background-media":"","overlay-type":"","overlay-color":"","overlay-opacity":"","overlay-gradient":""},"mobile":{"background-color":"","background-image":"","background-repeat":"repeat","background-position":"center center","background-size":"auto","background-attachment":"scroll","background-type":"","background-media":"","overlay-type":"","overlay-color":"","overlay-opacity":"","overlay-gradient":""}},"ast-content-background-meta":{"desktop":{"background-color":"var(--ast-global-color-5)","background-image":"","background-repeat":"repeat","background-position":"center center","background-size":"auto","background-attachment":"scroll","background-type":"","background-media":"","overlay-type":"","overlay-color":"","overlay-opacity":"","overlay-gradient":""},"tablet":{"background-color":"var(--ast-global-color-5)","background-image":"","background-repeat":"repeat","background-position":"center center","background-size":"auto","background-attachment":"scroll","background-type":"","background-media":"","overlay-type":"","overlay-color":"","overlay-opacity":"","overlay-gradient":""},"mobile":{"background-color":"var(--ast-global-color-5)","background-image":"","background-repeat":"repeat","background-position":"center center","background-size":"auto","background-attachment":"scroll","background-type":"","background-media":"","overlay-type":"","overlay-color":"","overlay-opacity":"","overlay-gradient":""}}},"product_brand":[],"product_cat":[338,303,317,325],"product_tag":[],"superdeal":[],"product_variant_id":[],"class_list":{"0":"post-260139","1":"product","2":"type-product","3":"status-publish","4":"has-post-thumbnail","6":"product_cat-deals","7":"product_cat-thca","8":"product_cat-thca-buds-blommor","9":"product_cat-thca-hash","10":"desktop-align-center","11":"tablet-align-left","12":"mobile-align-left","13":"ast-product-gallery-layout-horizontal-slider","14":"ast-magnify-disabled","15":"ast-product-tabs-layout-horizontal","17":"first","18":"outofstock","19":"taxable","20":"shipping-taxable","21":"purchasable","22":"product-type-simple"},"yoast_head":"<!-- This site is optimized with the Yoast SEO Premium plugin v26.9 (Yoast SEO v26.9) - https:\/\/yoast.com\/product\/yoast-seo-premium-wordpress\/ -->\n<title>Hash - Magic Farmers - Pr\u00f6va p\u00e5<\/title>\n<meta name=\"description\" content=\"Hash - Magic Farmers - Pr\u00f6va p\u00e5. 3st olika Hash fr\u00e5n kvalitetsm\u00e4rket Magic Farmers. Gold Bar, Royal Rif och Mazar Sharif. 2g av varje + 10g CBD.\" \/>\n<meta name=\"robots\" content=\"noindex, follow, max-snippet:-1, max-image-preview:large, max-video-preview:-1\" \/>\n<meta property=\"og:locale\" content=\"da_DK\" \/>\n<meta property=\"og:type\" content=\"article\" \/>\n<meta property=\"og:title\" content=\"Hash Gold Bar 33% THCA - Magic Farmers\" \/>\n<meta property=\"og:description\" content=\"Hash Gold Bar 33% THCA - Magic Farmers. H\u00f6gkvalitets hash fr\u00e5n schweiziska Magic Farmers. En len sm\u00f6rig smak med mjuka honungstoner.\" \/>\n<meta property=\"og:url\" content=\"https:\/\/www.swizzle.se\/produkt\/hash-magic-farmers-prova-pa\/\" \/>\n<meta property=\"og:site_name\" content=\"Swizzle\" \/>\n<meta property=\"article:modified_time\" content=\"2025-11-04T15:46:01+00:00\" \/>\n<meta property=\"og:image\" content=\"https:\/\/www.swizzle.se\/wp-content\/uploads\/2025\/05\/ratt-bakrund-canadips-15.jpg\" \/>\n\t<meta property=\"og:image:width\" content=\"600\" \/>\n\t<meta property=\"og:image:height\" content=\"600\" \/>\n\t<meta property=\"og:image:type\" content=\"image\/jpeg\" \/>\n<meta name=\"twitter:card\" content=\"summary_large_image\" \/>\n<meta name=\"twitter:title\" content=\"Hash Gold Bar 33% THCA - Magic Farmers\" \/>\n<meta name=\"twitter:description\" content=\"Hash Gold Bar 33% THCA - Magic Farmers. H\u00f6gkvalitets hash fr\u00e5n schweiziska Magic Farmers. En len sm\u00f6rig smak med mjuka honungstoner.\" \/>\n<meta name=\"twitter:label1\" content=\"Pris\" \/>\n\t<meta name=\"twitter:data1\" content=\"159.00&nbsp;&#107;&#114;\" \/>\n\t<meta name=\"twitter:label2\" content=\"Tilg\u00e6ngelighed\" \/>\n\t<meta name=\"twitter:data2\" content=\"Ikke p\u00e5 lager\" \/>\n<script type=\"application\/ld+json\" class=\"yoast-schema-graph\">{\"@context\":\"https:\/\/schema.org\",\"@graph\":[{\"@type\":\"WebPage\",\"@id\":\"https:\/\/www.swizzle.se\/produkt\/hash-magic-farmers-prova-pa\/\",\"url\":\"https:\/\/www.swizzle.se\/produkt\/hash-magic-farmers-prova-pa\/\",\"name\":\"Hash - Magic Farmers - Pr\u00f6va p\u00e5\",\"isPartOf\":{\"@id\":\"https:\/\/staging.swizzle.se\/#website\"},\"primaryImageOfPage\":{\"@id\":\"https:\/\/www.swizzle.se\/produkt\/hash-magic-farmers-prova-pa\/#primaryimage\"},\"image\":{\"@id\":\"https:\/\/www.swizzle.se\/produkt\/hash-magic-farmers-prova-pa\/#primaryimage\"},\"thumbnailUrl\":\"https:\/\/staging.swizzle.se\/wp-content\/uploads\/2025\/05\/ratt-bakrund-canadips-15.jpg\",\"datePublished\":\"2025-04-26T16:41:08+00:00\",\"dateModified\":\"2025-11-04T15:46:01+00:00\",\"description\":\"Hash - Magic Farmers - Pr\u00f6va p\u00e5. 3st olika Hash fr\u00e5n kvalitetsm\u00e4rket Magic Farmers. Gold Bar, Royal Rif och Mazar Sharif. 2g av varje + 10g CBD.\",\"breadcrumb\":{\"@id\":\"https:\/\/www.swizzle.se\/produkt\/hash-magic-farmers-prova-pa\/#breadcrumb\"},\"inLanguage\":\"da-DK\",\"potentialAction\":[{\"@type\":\"ReadAction\",\"target\":[\"https:\/\/www.swizzle.se\/produkt\/hash-magic-farmers-prova-pa\/\"]}]},{\"@type\":\"ImageObject\",\"inLanguage\":\"da-DK\",\"@id\":\"https:\/\/www.swizzle.se\/produkt\/hash-magic-farmers-prova-pa\/#primaryimage\",\"url\":\"https:\/\/staging.swizzle.se\/wp-content\/uploads\/2025\/05\/ratt-bakrund-canadips-15.jpg\",\"contentUrl\":\"https:\/\/staging.swizzle.se\/wp-content\/uploads\/2025\/05\/ratt-bakrund-canadips-15.jpg\",\"width\":600,\"height\":600,\"caption\":\"Bild pr\u00f6va p\u00e5 paket litet\"},{\"@type\":\"BreadcrumbList\",\"@id\":\"https:\/\/www.swizzle.se\/produkt\/hash-magic-farmers-prova-pa\/#breadcrumb\",\"itemListElement\":[{\"@type\":\"ListItem\",\"position\":1,\"name\":\"Home\",\"item\":\"https:\/\/www.swizzle.se\/\"},{\"@type\":\"ListItem\",\"position\":2,\"name\":\"Shop\",\"item\":\"https:\/\/www.swizzle.se\/shop\/\"},{\"@type\":\"ListItem\",\"position\":3,\"name\":\"THCA\",\"item\":\"https:\/\/www.swizzle.se\/produkt-kategori\/thca\/\"},{\"@type\":\"ListItem\",\"position\":4,\"name\":\"THCA BUDS \/ BLOMMOR\",\"item\":\"https:\/\/www.swizzle.se\/produkt-kategori\/thca\/thca-buds-blommor\/\"},{\"@type\":\"ListItem\",\"position\":5,\"name\":\"Pr\u00f6va p\u00e5 Hash &#8211; Paket Litet\"}]},{\"@type\":\"WebSite\",\"@id\":\"https:\/\/staging.swizzle.se\/#website\",\"url\":\"https:\/\/staging.swizzle.se\/\",\"name\":\"Swizzle\",\"description\":\"Nikotin CBD Vapes Snus White Portion\",\"publisher\":{\"@id\":\"https:\/\/staging.swizzle.se\/#organization\"},\"potentialAction\":[{\"@type\":\"SearchAction\",\"target\":{\"@type\":\"EntryPoint\",\"urlTemplate\":\"https:\/\/staging.swizzle.se\/?s={search_term_string}\"},\"query-input\":{\"@type\":\"PropertyValueSpecification\",\"valueRequired\":true,\"valueName\":\"search_term_string\"}}],\"inLanguage\":\"da-DK\"},{\"@type\":\"Organization\",\"@id\":\"https:\/\/staging.swizzle.se\/#organization\",\"name\":\"Swizzle\",\"url\":\"https:\/\/staging.swizzle.se\/\",\"logo\":{\"@type\":\"ImageObject\",\"inLanguage\":\"da-DK\",\"@id\":\"https:\/\/staging.swizzle.se\/#\/schema\/logo\/image\/\",\"url\":\"https:\/\/staging.swizzle.se\/wp-content\/uploads\/2025\/10\/cropped-SWIZZLE.-4.png\",\"contentUrl\":\"https:\/\/staging.swizzle.se\/wp-content\/uploads\/2025\/10\/cropped-SWIZZLE.-4.png\",\"width\":800,\"height\":267,\"caption\":\"Swizzle\"},\"image\":{\"@id\":\"https:\/\/staging.swizzle.se\/#\/schema\/logo\/image\/\"},\"hasMerchantReturnPolicy\":{\"@type\":\"MerchantReturnPolicy\",\"merchantReturnLink\":\"https:\/\/staging.swizzle.se\/dk\/villkor\/\"}}]}<\/script>\n<meta property=\"product:price:amount\" content=\"159.00\" \/>\n<meta property=\"product:price:currency\" content=\"SEK\" \/>\n<meta property=\"og:availability\" content=\"out of stock\" \/>\n<meta property=\"product:availability\" content=\"out of stock\" \/>\n<meta property=\"product:condition\" content=\"new\" \/>\n<!-- \/ Yoast SEO Premium plugin. -->","yoast_head_json":{"title":"Hash - Magic Farmers - Pr\u00f6va p\u00e5","description":"Hash - Magic Farmers - Pr\u00f6va p\u00e5. 3st olika Hash fr\u00e5n kvalitetsm\u00e4rket Magic Farmers. Gold Bar, Royal Rif och Mazar Sharif. 2g av varje + 10g CBD.","robots":{"index":"noindex","follow":"follow","max-snippet":"max-snippet:-1","max-image-preview":"max-image-preview:large","max-video-preview":"max-video-preview:-1"},"og_locale":"da_DK","og_type":"article","og_title":"Hash Gold Bar 33% THCA - Magic Farmers","og_description":"Hash Gold Bar 33% THCA - Magic Farmers. H\u00f6gkvalitets hash fr\u00e5n schweiziska Magic Farmers. En len sm\u00f6rig smak med mjuka honungstoner.","og_url":"https:\/\/www.swizzle.se\/produkt\/hash-magic-farmers-prova-pa\/","og_site_name":"Swizzle","article_modified_time":"2025-11-04T15:46:01+00:00","og_image":[{"width":600,"height":600,"url":"https:\/\/www.swizzle.se\/wp-content\/uploads\/2025\/05\/ratt-bakrund-canadips-15.jpg","type":"image\/jpeg"}],"twitter_card":"summary_large_image","twitter_title":"Hash Gold Bar 33% THCA - Magic Farmers","twitter_description":"Hash Gold Bar 33% THCA - Magic Farmers. H\u00f6gkvalitets hash fr\u00e5n schweiziska Magic Farmers. En len sm\u00f6rig smak med mjuka honungstoner.","twitter_misc":{"Pris":"159.00&nbsp;&#107;&#114;","Tilg\u00e6ngelighed":"Ikke p\u00e5 lager"},"schema":{"@context":"https:\/\/schema.org","@graph":[{"@type":"WebPage","@id":"https:\/\/www.swizzle.se\/produkt\/hash-magic-farmers-prova-pa\/","url":"https:\/\/www.swizzle.se\/produkt\/hash-magic-farmers-prova-pa\/","name":"Hash - Magic Farmers - Pr\u00f6va p\u00e5","isPartOf":{"@id":"https:\/\/staging.swizzle.se\/#website"},"primaryImageOfPage":{"@id":"https:\/\/www.swizzle.se\/produkt\/hash-magic-farmers-prova-pa\/#primaryimage"},"image":{"@id":"https:\/\/www.swizzle.se\/produkt\/hash-magic-farmers-prova-pa\/#primaryimage"},"thumbnailUrl":"https:\/\/staging.swizzle.se\/wp-content\/uploads\/2025\/05\/ratt-bakrund-canadips-15.jpg","datePublished":"2025-04-26T16:41:08+00:00","dateModified":"2025-11-04T15:46:01+00:00","description":"Hash - Magic Farmers - Pr\u00f6va p\u00e5. 3st olika Hash fr\u00e5n kvalitetsm\u00e4rket Magic Farmers. Gold Bar, Royal Rif och Mazar Sharif. 2g av varje + 10g CBD.","breadcrumb":{"@id":"https:\/\/www.swizzle.se\/produkt\/hash-magic-farmers-prova-pa\/#breadcrumb"},"inLanguage":"da-DK","potentialAction":[{"@type":"ReadAction","target":["https:\/\/www.swizzle.se\/produkt\/hash-magic-farmers-prova-pa\/"]}]},{"@type":"ImageObject","inLanguage":"da-DK","@id":"https:\/\/www.swizzle.se\/produkt\/hash-magic-farmers-prova-pa\/#primaryimage","url":"https:\/\/staging.swizzle.se\/wp-content\/uploads\/2025\/05\/ratt-bakrund-canadips-15.jpg","contentUrl":"https:\/\/staging.swizzle.se\/wp-content\/uploads\/2025\/05\/ratt-bakrund-canadips-15.jpg","width":600,"height":600,"caption":"Bild pr\u00f6va p\u00e5 paket litet"},{"@type":"BreadcrumbList","@id":"https:\/\/www.swizzle.se\/produkt\/hash-magic-farmers-prova-pa\/#breadcrumb","itemListElement":[{"@type":"ListItem","position":1,"name":"Home","item":"https:\/\/www.swizzle.se\/"},{"@type":"ListItem","position":2,"name":"Shop","item":"https:\/\/www.swizzle.se\/shop\/"},{"@type":"ListItem","position":3,"name":"THCA","item":"https:\/\/www.swizzle.se\/produkt-kategori\/thca\/"},{"@type":"ListItem","position":4,"name":"THCA BUDS \/ BLOMMOR","item":"https:\/\/www.swizzle.se\/produkt-kategori\/thca\/thca-buds-blommor\/"},{"@type":"ListItem","position":5,"name":"Pr\u00f6va p\u00e5 Hash &#8211; Paket Litet"}]},{"@type":"WebSite","@id":"https:\/\/staging.swizzle.se\/#website","url":"https:\/\/staging.swizzle.se\/","name":"Swizzle","description":"Nikotin CBD Vapes Snus Hvid Portion","publisher":{"@id":"https:\/\/staging.swizzle.se\/#organization"},"potentialAction":[{"@type":"SearchAction","target":{"@type":"EntryPoint","urlTemplate":"https:\/\/staging.swizzle.se\/?s={search_term_string}"},"query-input":{"@type":"PropertyValueSpecification","valueRequired":true,"valueName":"search_term_string"}}],"inLanguage":"da-DK"},{"@type":"Organization","@id":"https:\/\/staging.swizzle.se\/#organization","name":"Swizzle","url":"https:\/\/staging.swizzle.se\/","logo":{"@type":"ImageObject","inLanguage":"da-DK","@id":"https:\/\/staging.swizzle.se\/#\/schema\/logo\/image\/","url":"https:\/\/staging.swizzle.se\/wp-content\/uploads\/2025\/10\/cropped-SWIZZLE.-4.png","contentUrl":"https:\/\/staging.swizzle.se\/wp-content\/uploads\/2025\/10\/cropped-SWIZZLE.-4.png","width":800,"height":267,"caption":"Swizzle"},"image":{"@id":"https:\/\/staging.swizzle.se\/#\/schema\/logo\/image\/"},"hasMerchantReturnPolicy":{"@type":"MerchantReturnPolicy","merchantReturnLink":"https:\/\/staging.swizzle.se\/dk\/villkor\/"}}]},"product_price_amount":"159.00","product_price_currency":"SEK","og_availability":"out of stock","product_availability":"out of stock","product_condition":"new"},"tiered_pricing_type":"fixed","tiered_pricing_fixed_rules":[],"tiered_pricing_product_settings":{"layout":"default","base_unit_name":{"singular":null,"plural":null},"default_variation":null},"tiered_pricing_minimum_quantity":null,"tiered_pricing_roles_data":[],"tiered_pricing_percentage_rules":[],"tiered_pricing_maximum_quantity":null,"tiered_pricing_quantity_step":null,"_links":{"self":[{"href":"https:\/\/staging.swizzle.se\/dk\/wp-json\/wp\/v2\/product\/260139","targetHints":{"allow":["GET"]}}],"collection":[{"href":"https:\/\/staging.swizzle.se\/dk\/wp-json\/wp\/v2\/product"}],"about":[{"href":"https:\/\/staging.swizzle.se\/dk\/wp-json\/wp\/v2\/types\/product"}],"replies":[{"embeddable":true,"href":"https:\/\/staging.swizzle.se\/dk\/wp-json\/wp\/v2\/comments?post=260139"}],"version-history":[{"count":0,"href":"https:\/\/staging.swizzle.se\/dk\/wp-json\/wp\/v2\/product\/260139\/revisions"}],"wp:featuredmedia":[{"embeddable":true,"href":"https:\/\/staging.swizzle.se\/dk\/wp-json\/wp\/v2\/media\/260141"}],"wp:attachment":[{"href":"https:\/\/staging.swizzle.se\/dk\/wp-json\/wp\/v2\/media?parent=260139"}],"wp:term":[{"taxonomy":"product_brand","embeddable":true,"href":"https:\/\/staging.swizzle.se\/dk\/wp-json\/wp\/v2\/product_brand?post=260139"},{"taxonomy":"product_cat","embeddable":true,"href":"https:\/\/staging.swizzle.se\/dk\/wp-json\/wp\/v2\/product_cat?post=260139"},{"taxonomy":"product_tag","embeddable":true,"href":"https:\/\/staging.swizzle.se\/dk\/wp-json\/wp\/v2\/product_tag?post=260139"},{"taxonomy":"superdeal","embeddable":true,"href":"https:\/\/staging.swizzle.se\/dk\/wp-json\/wp\/v2\/superdeal?post=260139"},{"taxonomy":"product_variant_id","embeddable":true,"href":"https:\/\/staging.swizzle.se\/dk\/wp-json\/wp\/v2\/product_variant_id?post=260139"}],"curies":[{"name":"wp","href":"https:\/\/api.w.org\/{rel}","templated":true}]}}