{"id":260109,"date":"2025-04-23T14:17:42","date_gmt":"2025-04-23T14:17:42","guid":{"rendered":"https:\/\/new.staging.swizzle.se\/produkt\/cookies-puff-15k-rainbow-candy\/"},"modified":"2026-02-04T14:16:52","modified_gmt":"2026-02-04T14:16:52","slug":"cookies-puff-15k-rainbow-candy","status":"publish","type":"product","link":"https:\/\/staging.swizzle.se\/dk\/product-2\/cookies-puff-15k-rainbow-candy\/","title":{"rendered":"Cookies &#8211; Puff 15k &#8211; Rainbow Candy"},"content":{"rendered":"<p>Cookies &#8211; Puff 15k &#8211; Rainbow Candy.<\/p>\n<p>Uppt\u00e4ck Puff Rainbow Candy by Cookies, en uppladdningsbar e-cigarett med en imponerande livsl\u00e4ngd p\u00e5 15 000 bloss, perfekt f\u00f6r en l\u00e5ngvarig vapingupplevelse.<\/p>\n<p>Dess kompakta och l\u00e4tta format \u00e4r designat f\u00f6r att f\u00f6lja dig \u00f6verallt och erbjuder praktisk anv\u00e4ndning.<\/p>\n<p>Inspirerad av f\u00e4rgglada godisar drar dess roliga och lekfulla design omedelbart uppm\u00e4rksamhet, medan dess s\u00f6ta och fruktiga smaker framkallar smaken av m\u00e5ngf\u00e4rgat godis, vilket ger en uts\u00f6kt nostalgisk vapingupplevelse.<\/p>\n<p>Denna produkt inneh\u00e5ller nikotin (20 mg\/ml) och \u00e4r endast avsedd f\u00f6r vuxna. Det \u00e4r inte l\u00e4mpligt f\u00f6r minder\u00e5riga eller gravida eller ammande kvinnor.<\/p>\n<p>18-\u00e5rsgr\u00e4ns<\/p>","protected":false},"excerpt":{"rendered":"<p class=\"ai-optimize-37\">Uppt\u00e4ck Puff Rainbow Candy by Cookies, en uppladdningsbar e-cigarett med en imponerande livsl\u00e4ngd p\u00e5 15 000 bloss, perfekt f\u00f6r en l\u00e5ngvarig vapingupplevelse.<\/p>\n<p class=\"ai-optimize-40\">Denna produkt inneh\u00e5ller nikotin (20 mg\/ml) och \u00e4r endast avsedd f\u00f6r vuxna. Det \u00e4r inte l\u00e4mpligt f\u00f6r minder\u00e5riga eller gravida eller ammande kvinnor.<\/p>\n<p class=\"ai-optimize-41\">18-\u00e5rsgr\u00e4ns<\/p>","protected":false},"featured_media":260084,"comment_status":"open","ping_status":"closed","template":"","meta":{"site-sidebar-layout":"default","site-content-layout":"","ast-site-content-layout":"default","site-content-style":"default","site-sidebar-style":"default","ast-global-header-display":"","ast-banner-title-visibility":"","ast-main-header-display":"","ast-hfb-above-header-display":"","ast-hfb-below-header-display":"","ast-hfb-mobile-header-display":"","site-post-title":"","ast-breadcrumbs-content":"","ast-featured-img":"","footer-sml-layout":"","ast-disable-related-posts":"","theme-transparent-header-meta":"","adv-header-id-meta":"","stick-header-meta":"","header-above-stick-meta":"","header-main-stick-meta":"","header-below-stick-meta":"","astra-migrate-meta-layouts":"default","ast-page-background-enabled":"default","ast-page-background-meta":{"desktop":{"background-color":"var(--ast-global-color-4)","background-image":"","background-repeat":"repeat","background-position":"center center","background-size":"auto","background-attachment":"scroll","background-type":"","background-media":"","overlay-type":"","overlay-color":"","overlay-opacity":"","overlay-gradient":""},"tablet":{"background-color":"","background-image":"","background-repeat":"repeat","background-position":"center center","background-size":"auto","background-attachment":"scroll","background-type":"","background-media":"","overlay-type":"","overlay-color":"","overlay-opacity":"","overlay-gradient":""},"mobile":{"background-color":"","background-image":"","background-repeat":"repeat","background-position":"center center","background-size":"auto","background-attachment":"scroll","background-type":"","background-media":"","overlay-type":"","overlay-color":"","overlay-opacity":"","overlay-gradient":""}},"ast-content-background-meta":{"desktop":{"background-color":"var(--ast-global-color-5)","background-image":"","background-repeat":"repeat","background-position":"center center","background-size":"auto","background-attachment":"scroll","background-type":"","background-media":"","overlay-type":"","overlay-color":"","overlay-opacity":"","overlay-gradient":""},"tablet":{"background-color":"var(--ast-global-color-5)","background-image":"","background-repeat":"repeat","background-position":"center center","background-size":"auto","background-attachment":"scroll","background-type":"","background-media":"","overlay-type":"","overlay-color":"","overlay-opacity":"","overlay-gradient":""},"mobile":{"background-color":"var(--ast-global-color-5)","background-image":"","background-repeat":"repeat","background-position":"center center","background-size":"auto","background-attachment":"scroll","background-type":"","background-media":"","overlay-type":"","overlay-color":"","overlay-opacity":"","overlay-gradient":""}}},"product_brand":[733],"product_cat":[592,329,381,490],"product_tag":[],"superdeal":[],"product_variant_id":[],"class_list":{"0":"post-260109","1":"product","2":"type-product","3":"status-publish","4":"has-post-thumbnail","6":"product_brand-cookies","7":"product_cat-engangsvapes","8":"product_cat-nikotin-2","9":"product_cat-vapes","10":"product_cat-vapes-nikotin","11":"desktop-align-center","12":"tablet-align-left","13":"mobile-align-left","14":"ast-product-gallery-layout-horizontal-slider","15":"ast-product-gallery-with-no-image","16":"ast-magnify-disabled","17":"ast-product-tabs-layout-horizontal","19":"first","20":"outofstock","21":"taxable","22":"shipping-taxable","23":"purchasable","24":"product-type-simple"},"yoast_head":"<!-- This site is optimized with the Yoast SEO Premium plugin v26.9 (Yoast SEO v26.9) - https:\/\/yoast.com\/product\/yoast-seo-premium-wordpress\/ -->\n<title>Cookies - Puff 15k - Rainbow Candy<\/title>\n<meta name=\"description\" content=\"Cookies - Puff 15k - Rainbow Candy. Uppt\u00e4ck The puff Rainbow Candy fr\u00e5n Cookies, s\u00f6ta smaker av m\u00e5ngf\u00e4rgat godis. 15 000 puffar.\" \/>\n<meta name=\"robots\" content=\"noindex, follow, max-snippet:-1, max-image-preview:large, max-video-preview:-1\" \/>\n<meta property=\"og:locale\" content=\"da_DK\" \/>\n<meta property=\"og:type\" content=\"article\" \/>\n<meta property=\"og:title\" content=\"Cookies - Puff 15k - Rainbow Candy\" \/>\n<meta property=\"og:description\" content=\"Cookies - Puff 15k - Rainbow Candy. Uppt\u00e4ck The puff Rainbow Candy fr\u00e5n Cookies, s\u00f6ta smaker av m\u00e5ngf\u00e4rgat godis. 15 000 puffar.\" \/>\n<meta property=\"og:url\" content=\"https:\/\/www.swizzle.se\/produkt\/cookies-puff-15k-rainbow-candy\/\" \/>\n<meta property=\"og:site_name\" content=\"Swizzle\" \/>\n<meta property=\"article:modified_time\" content=\"2026-02-04T14:16:52+00:00\" \/>\n<meta property=\"og:image\" content=\"https:\/\/www.swizzle.se\/wp-content\/uploads\/2025\/05\/PUFF15_RAINBOWCANDY.png\" \/>\n\t<meta property=\"og:image:width\" content=\"800\" \/>\n\t<meta property=\"og:image:height\" content=\"800\" \/>\n\t<meta property=\"og:image:type\" content=\"image\/png\" \/>\n<meta name=\"twitter:card\" content=\"summary_large_image\" \/>\n<meta name=\"twitter:title\" content=\"Cookies - Puff 15k - Rainbow Candy\" \/>\n<meta name=\"twitter:description\" content=\"Cookies - Puff 15k - Rainbow Candy. Uppt\u00e4ck The puff Rainbow Candy fr\u00e5n Cookies, s\u00f6ta smaker av m\u00e5ngf\u00e4rgat godis. 15 000 puffar.\" \/>\n<meta name=\"twitter:label1\" content=\"Pris\" \/>\n\t<meta name=\"twitter:data1\" content=\"249.00&nbsp;&#107;&#114;\" \/>\n\t<meta name=\"twitter:label2\" content=\"Tilg\u00e6ngelighed\" \/>\n\t<meta name=\"twitter:data2\" content=\"Ikke p\u00e5 lager\" \/>\n<script type=\"application\/ld+json\" class=\"yoast-schema-graph\">{\"@context\":\"https:\/\/schema.org\",\"@graph\":[{\"@type\":\"WebPage\",\"@id\":\"https:\/\/www.swizzle.se\/produkt\/cookies-puff-15k-rainbow-candy\/\",\"url\":\"https:\/\/www.swizzle.se\/produkt\/cookies-puff-15k-rainbow-candy\/\",\"name\":\"Cookies - Puff 15k - Rainbow Candy\",\"isPartOf\":{\"@id\":\"https:\/\/staging.swizzle.se\/#website\"},\"primaryImageOfPage\":{\"@id\":\"https:\/\/www.swizzle.se\/produkt\/cookies-puff-15k-rainbow-candy\/#primaryimage\"},\"image\":{\"@id\":\"https:\/\/www.swizzle.se\/produkt\/cookies-puff-15k-rainbow-candy\/#primaryimage\"},\"thumbnailUrl\":\"https:\/\/staging.swizzle.se\/wp-content\/uploads\/2025\/05\/PUFF15_RAINBOWCANDY.png\",\"datePublished\":\"2025-04-23T14:17:42+00:00\",\"dateModified\":\"2026-02-04T14:16:52+00:00\",\"description\":\"Cookies - Puff 15k - Rainbow Candy. Uppt\u00e4ck The puff Rainbow Candy fr\u00e5n Cookies, s\u00f6ta smaker av m\u00e5ngf\u00e4rgat godis. 15 000 puffar.\",\"breadcrumb\":{\"@id\":\"https:\/\/www.swizzle.se\/produkt\/cookies-puff-15k-rainbow-candy\/#breadcrumb\"},\"inLanguage\":\"da-DK\",\"potentialAction\":[{\"@type\":\"ReadAction\",\"target\":[\"https:\/\/www.swizzle.se\/produkt\/cookies-puff-15k-rainbow-candy\/\"]}]},{\"@type\":\"ImageObject\",\"inLanguage\":\"da-DK\",\"@id\":\"https:\/\/www.swizzle.se\/produkt\/cookies-puff-15k-rainbow-candy\/#primaryimage\",\"url\":\"https:\/\/staging.swizzle.se\/wp-content\/uploads\/2025\/05\/PUFF15_RAINBOWCANDY.png\",\"contentUrl\":\"https:\/\/staging.swizzle.se\/wp-content\/uploads\/2025\/05\/PUFF15_RAINBOWCANDY.png\",\"width\":800,\"height\":800,\"caption\":\"Bild Rainbow Candy\"},{\"@type\":\"BreadcrumbList\",\"@id\":\"https:\/\/www.swizzle.se\/produkt\/cookies-puff-15k-rainbow-candy\/#breadcrumb\",\"itemListElement\":[{\"@type\":\"ListItem\",\"position\":1,\"name\":\"Home\",\"item\":\"https:\/\/www.swizzle.se\/\"},{\"@type\":\"ListItem\",\"position\":2,\"name\":\"Shop\",\"item\":\"https:\/\/www.swizzle.se\/shop\/\"},{\"@type\":\"ListItem\",\"position\":3,\"name\":\"Vape &amp; E-cigg online\",\"item\":\"https:\/\/www.swizzle.se\/produkt-kategori\/vapes\/\"},{\"@type\":\"ListItem\",\"position\":4,\"name\":\"Eng\u00e5ngsvapes\",\"item\":\"https:\/\/www.swizzle.se\/produkt-kategori\/vapes\/engangsvapes\/\"},{\"@type\":\"ListItem\",\"position\":5,\"name\":\"Cookies &#8211; Puff 15k &#8211; Rainbow Candy\"}]},{\"@type\":\"WebSite\",\"@id\":\"https:\/\/staging.swizzle.se\/#website\",\"url\":\"https:\/\/staging.swizzle.se\/\",\"name\":\"Swizzle\",\"description\":\"Nikotin CBD Vapes Snus White Portion\",\"publisher\":{\"@id\":\"https:\/\/staging.swizzle.se\/#organization\"},\"potentialAction\":[{\"@type\":\"SearchAction\",\"target\":{\"@type\":\"EntryPoint\",\"urlTemplate\":\"https:\/\/staging.swizzle.se\/?s={search_term_string}\"},\"query-input\":{\"@type\":\"PropertyValueSpecification\",\"valueRequired\":true,\"valueName\":\"search_term_string\"}}],\"inLanguage\":\"da-DK\"},{\"@type\":\"Organization\",\"@id\":\"https:\/\/staging.swizzle.se\/#organization\",\"name\":\"Swizzle\",\"url\":\"https:\/\/staging.swizzle.se\/\",\"logo\":{\"@type\":\"ImageObject\",\"inLanguage\":\"da-DK\",\"@id\":\"https:\/\/staging.swizzle.se\/#\/schema\/logo\/image\/\",\"url\":\"https:\/\/staging.swizzle.se\/wp-content\/uploads\/2025\/10\/cropped-SWIZZLE.-4.png\",\"contentUrl\":\"https:\/\/staging.swizzle.se\/wp-content\/uploads\/2025\/10\/cropped-SWIZZLE.-4.png\",\"width\":800,\"height\":267,\"caption\":\"Swizzle\"},\"image\":{\"@id\":\"https:\/\/staging.swizzle.se\/#\/schema\/logo\/image\/\"},\"hasMerchantReturnPolicy\":{\"@type\":\"MerchantReturnPolicy\",\"merchantReturnLink\":\"https:\/\/staging.swizzle.se\/dk\/villkor\/\"}}]}<\/script>\n<meta property=\"product:price:amount\" content=\"249.00\" \/>\n<meta property=\"product:price:currency\" content=\"SEK\" \/>\n<meta property=\"og:availability\" content=\"out of stock\" \/>\n<meta property=\"product:availability\" content=\"out of stock\" \/>\n<meta property=\"product:retailer_item_id\" content=\"cookie15k4\" \/>\n<meta property=\"product:condition\" content=\"new\" \/>\n<!-- \/ Yoast SEO Premium plugin. -->","yoast_head_json":{"title":"Cookies - Puff 15k - Rainbow Candy","description":"Cookies - Puff 15k - Rainbow Candy. Uppt\u00e4ck The puff Rainbow Candy fr\u00e5n Cookies, s\u00f6ta smaker av m\u00e5ngf\u00e4rgat godis. 15 000 puffar.","robots":{"index":"noindex","follow":"follow","max-snippet":"max-snippet:-1","max-image-preview":"max-image-preview:large","max-video-preview":"max-video-preview:-1"},"og_locale":"da_DK","og_type":"article","og_title":"Cookies - Puff 15k - Rainbow Candy","og_description":"Cookies - Puff 15k - Rainbow Candy. Uppt\u00e4ck The puff Rainbow Candy fr\u00e5n Cookies, s\u00f6ta smaker av m\u00e5ngf\u00e4rgat godis. 15 000 puffar.","og_url":"https:\/\/www.swizzle.se\/produkt\/cookies-puff-15k-rainbow-candy\/","og_site_name":"Swizzle","article_modified_time":"2026-02-04T14:16:52+00:00","og_image":[{"width":800,"height":800,"url":"https:\/\/www.swizzle.se\/wp-content\/uploads\/2025\/05\/PUFF15_RAINBOWCANDY.png","type":"image\/png"}],"twitter_card":"summary_large_image","twitter_title":"Cookies - Puff 15k - Rainbow Candy","twitter_description":"Cookies - Puff 15k - Rainbow Candy. Uppt\u00e4ck The puff Rainbow Candy fr\u00e5n Cookies, s\u00f6ta smaker av m\u00e5ngf\u00e4rgat godis. 15 000 puffar.","twitter_misc":{"Pris":"249.00&nbsp;&#107;&#114;","Tilg\u00e6ngelighed":"Ikke p\u00e5 lager"},"schema":{"@context":"https:\/\/schema.org","@graph":[{"@type":"WebPage","@id":"https:\/\/www.swizzle.se\/produkt\/cookies-puff-15k-rainbow-candy\/","url":"https:\/\/www.swizzle.se\/produkt\/cookies-puff-15k-rainbow-candy\/","name":"Cookies - Puff 15k - Rainbow Candy","isPartOf":{"@id":"https:\/\/staging.swizzle.se\/#website"},"primaryImageOfPage":{"@id":"https:\/\/www.swizzle.se\/produkt\/cookies-puff-15k-rainbow-candy\/#primaryimage"},"image":{"@id":"https:\/\/www.swizzle.se\/produkt\/cookies-puff-15k-rainbow-candy\/#primaryimage"},"thumbnailUrl":"https:\/\/staging.swizzle.se\/wp-content\/uploads\/2025\/05\/PUFF15_RAINBOWCANDY.png","datePublished":"2025-04-23T14:17:42+00:00","dateModified":"2026-02-04T14:16:52+00:00","description":"Cookies - Puff 15k - Rainbow Candy. Uppt\u00e4ck The puff Rainbow Candy fr\u00e5n Cookies, s\u00f6ta smaker av m\u00e5ngf\u00e4rgat godis. 15 000 puffar.","breadcrumb":{"@id":"https:\/\/www.swizzle.se\/produkt\/cookies-puff-15k-rainbow-candy\/#breadcrumb"},"inLanguage":"da-DK","potentialAction":[{"@type":"ReadAction","target":["https:\/\/www.swizzle.se\/produkt\/cookies-puff-15k-rainbow-candy\/"]}]},{"@type":"ImageObject","inLanguage":"da-DK","@id":"https:\/\/www.swizzle.se\/produkt\/cookies-puff-15k-rainbow-candy\/#primaryimage","url":"https:\/\/staging.swizzle.se\/wp-content\/uploads\/2025\/05\/PUFF15_RAINBOWCANDY.png","contentUrl":"https:\/\/staging.swizzle.se\/wp-content\/uploads\/2025\/05\/PUFF15_RAINBOWCANDY.png","width":800,"height":800,"caption":"Bild Rainbow Candy"},{"@type":"BreadcrumbList","@id":"https:\/\/www.swizzle.se\/produkt\/cookies-puff-15k-rainbow-candy\/#breadcrumb","itemListElement":[{"@type":"ListItem","position":1,"name":"Home","item":"https:\/\/www.swizzle.se\/"},{"@type":"ListItem","position":2,"name":"Shop","item":"https:\/\/www.swizzle.se\/shop\/"},{"@type":"ListItem","position":3,"name":"Vape &amp; E-cigg online","item":"https:\/\/www.swizzle.se\/produkt-kategori\/vapes\/"},{"@type":"ListItem","position":4,"name":"Eng\u00e5ngsvapes","item":"https:\/\/www.swizzle.se\/produkt-kategori\/vapes\/engangsvapes\/"},{"@type":"ListItem","position":5,"name":"Cookies &#8211; Puff 15k &#8211; Rainbow Candy"}]},{"@type":"WebSite","@id":"https:\/\/staging.swizzle.se\/#website","url":"https:\/\/staging.swizzle.se\/","name":"Swizzle","description":"Nikotin CBD Vapes Snus Hvid Portion","publisher":{"@id":"https:\/\/staging.swizzle.se\/#organization"},"potentialAction":[{"@type":"SearchAction","target":{"@type":"EntryPoint","urlTemplate":"https:\/\/staging.swizzle.se\/?s={search_term_string}"},"query-input":{"@type":"PropertyValueSpecification","valueRequired":true,"valueName":"search_term_string"}}],"inLanguage":"da-DK"},{"@type":"Organization","@id":"https:\/\/staging.swizzle.se\/#organization","name":"Swizzle","url":"https:\/\/staging.swizzle.se\/","logo":{"@type":"ImageObject","inLanguage":"da-DK","@id":"https:\/\/staging.swizzle.se\/#\/schema\/logo\/image\/","url":"https:\/\/staging.swizzle.se\/wp-content\/uploads\/2025\/10\/cropped-SWIZZLE.-4.png","contentUrl":"https:\/\/staging.swizzle.se\/wp-content\/uploads\/2025\/10\/cropped-SWIZZLE.-4.png","width":800,"height":267,"caption":"Swizzle"},"image":{"@id":"https:\/\/staging.swizzle.se\/#\/schema\/logo\/image\/"},"hasMerchantReturnPolicy":{"@type":"MerchantReturnPolicy","merchantReturnLink":"https:\/\/staging.swizzle.se\/dk\/villkor\/"}}]},"product_price_amount":"249.00","product_price_currency":"SEK","og_availability":"out of stock","product_availability":"out of stock","product_retailer_item_id":"cookie15k4","product_condition":"new"},"tiered_pricing_type":"fixed","tiered_pricing_fixed_rules":[],"tiered_pricing_product_settings":{"layout":"default","base_unit_name":{"singular":null,"plural":null},"default_variation":null},"tiered_pricing_minimum_quantity":null,"tiered_pricing_roles_data":[],"tiered_pricing_percentage_rules":[],"tiered_pricing_maximum_quantity":null,"tiered_pricing_quantity_step":null,"_links":{"self":[{"href":"https:\/\/staging.swizzle.se\/dk\/wp-json\/wp\/v2\/product\/260109","targetHints":{"allow":["GET"]}}],"collection":[{"href":"https:\/\/staging.swizzle.se\/dk\/wp-json\/wp\/v2\/product"}],"about":[{"href":"https:\/\/staging.swizzle.se\/dk\/wp-json\/wp\/v2\/types\/product"}],"replies":[{"embeddable":true,"href":"https:\/\/staging.swizzle.se\/dk\/wp-json\/wp\/v2\/comments?post=260109"}],"version-history":[{"count":0,"href":"https:\/\/staging.swizzle.se\/dk\/wp-json\/wp\/v2\/product\/260109\/revisions"}],"wp:featuredmedia":[{"embeddable":true,"href":"https:\/\/staging.swizzle.se\/dk\/wp-json\/wp\/v2\/media\/260084"}],"wp:attachment":[{"href":"https:\/\/staging.swizzle.se\/dk\/wp-json\/wp\/v2\/media?parent=260109"}],"wp:term":[{"taxonomy":"product_brand","embeddable":true,"href":"https:\/\/staging.swizzle.se\/dk\/wp-json\/wp\/v2\/product_brand?post=260109"},{"taxonomy":"product_cat","embeddable":true,"href":"https:\/\/staging.swizzle.se\/dk\/wp-json\/wp\/v2\/product_cat?post=260109"},{"taxonomy":"product_tag","embeddable":true,"href":"https:\/\/staging.swizzle.se\/dk\/wp-json\/wp\/v2\/product_tag?post=260109"},{"taxonomy":"superdeal","embeddable":true,"href":"https:\/\/staging.swizzle.se\/dk\/wp-json\/wp\/v2\/superdeal?post=260109"},{"taxonomy":"product_variant_id","embeddable":true,"href":"https:\/\/staging.swizzle.se\/dk\/wp-json\/wp\/v2\/product_variant_id?post=260109"}],"curies":[{"name":"wp","href":"https:\/\/api.w.org\/{rel}","templated":true}]}}