{"id":260066,"date":"2025-04-15T06:53:15","date_gmt":"2025-04-15T06:53:15","guid":{"rendered":"https:\/\/new.staging.swizzle.se\/produkt\/thca-live-resin-70\/"},"modified":"2026-02-04T18:46:55","modified_gmt":"2026-02-04T18:46:55","slug":"thca-live-resin-70","status":"publish","type":"product","link":"https:\/\/staging.swizzle.se\/dk\/product-2\/thca-live-resin-70\/","title":{"rendered":"THCA levende harpiks - 70%"},"content":{"rendered":"<p>THCA Live Resin &#8211; 70%. Detta koncentrat \u00e4r tillverkat av f\u00e4rska v\u00e4xter och bevarar cannabisplantans fulla spektrum av cannabinoider och terpener.<\/p>\n<p><strong>Varf\u00f6r v\u00e4lja\u00a0 THCA Live Resin &#8211; 70%<\/strong><br \/>\nRent och fr\u00e4scht: Levande resin tillverkas direkt efter sk\u00f6rd och f\u00e5ngar v\u00e4xtens naturliga essens, vilket s\u00e4kerst\u00e4ller en rik och aromatisk profil.<\/p>\n<ul>\n<li>Strain: Hybrid<\/li>\n<li>Tillverkad av f\u00e4rska v\u00e4xter<\/li>\n<li>Bevarar hela spektrumet av cannabinoider och terpener<\/li>\n<li>Rik aromatisk profil<\/li>\n<li>THC-fri<\/li>\n<\/ul>\n<p>Se ogs\u00e5 her:\u00a0<a href=\"https:\/\/staging.swizzle.se\/dk\/product-2\/thca-badder-60\/\">THCA Badder\u00a0<\/a><\/p>\n<p><strong>Bem\u00e6rk!<\/strong><br \/>\nDu skal v\u00e6re mindst 18 \u00e5r gammel for at k\u00f8be dette produkt. Det er ikke beregnet som medicin, kosttilskud eller naturprodukt. Vi opfordrer ikke til at indtage eller ryge dette produkt. Opbevar det utilg\u00e6ngeligt for b\u00f8rn Vi fraskriver os ethvert ansvar for, hvordan du som kunde bruger vores produkter. Vi s\u00e6lger dem til indsamlings- og prydform\u00e5l.<\/p>","protected":false},"excerpt":{"rendered":"<p class=\"ai-optimize-36 ai-optimize-introduction\">THCA Live Resin &#8211; 70%.<\/p>\n<p><strong>S\u00e4ljes minimum om 3g. 1 enhet = 1 gram.<\/strong><\/p>\n<p class=\"ai-optimize-36 ai-optimize-introduction\">Detta koncentrat \u00e4r tillverkat av f\u00e4rska v\u00e4xter och bevarar cannabisplantans fulla spektrum av cannabinoider och terpener.<\/p>\n<ul>\n<li>Tillverkad av f\u00e4rska v\u00e4xter<\/li>\n<li>Bevarar hela spektrumet av cannabinoider och terpener<\/li>\n<li>Rik aromatisk profil<\/li>\n<li>THC-fri<\/li>\n<\/ul>\n<p>Dette produkt har en mindsteprisgaranti, l\u00e6s mere om, hvad det betyder.<a href=\"https:\/\/staging.swizzle.se\/dk\/lagsta-pris-garanti\/\"><b> her<\/b><\/a>.<\/p>","protected":false},"featured_media":261413,"comment_status":"open","ping_status":"closed","template":"","meta":{"site-sidebar-layout":"default","site-content-layout":"","ast-site-content-layout":"default","site-content-style":"default","site-sidebar-style":"default","ast-global-header-display":"","ast-banner-title-visibility":"","ast-main-header-display":"","ast-hfb-above-header-display":"","ast-hfb-below-header-display":"","ast-hfb-mobile-header-display":"","site-post-title":"","ast-breadcrumbs-content":"","ast-featured-img":"","footer-sml-layout":"","ast-disable-related-posts":"","theme-transparent-header-meta":"default","adv-header-id-meta":"","stick-header-meta":"default","header-above-stick-meta":"","header-main-stick-meta":"","header-below-stick-meta":"","astra-migrate-meta-layouts":"set","ast-page-background-enabled":"default","ast-page-background-meta":{"desktop":{"background-color":"var(--ast-global-color-4)","background-image":"","background-repeat":"repeat","background-position":"center center","background-size":"auto","background-attachment":"scroll","background-type":"","background-media":"","overlay-type":"","overlay-color":"","overlay-opacity":"","overlay-gradient":""},"tablet":{"background-color":"","background-image":"","background-repeat":"repeat","background-position":"center center","background-size":"auto","background-attachment":"scroll","background-type":"","background-media":"","overlay-type":"","overlay-color":"","overlay-opacity":"","overlay-gradient":""},"mobile":{"background-color":"","background-image":"","background-repeat":"repeat","background-position":"center center","background-size":"auto","background-attachment":"scroll","background-type":"","background-media":"","overlay-type":"","overlay-color":"","overlay-opacity":"","overlay-gradient":""}},"ast-content-background-meta":{"desktop":{"background-color":"var(--ast-global-color-5)","background-image":"","background-repeat":"repeat","background-position":"center center","background-size":"auto","background-attachment":"scroll","background-type":"","background-media":"","overlay-type":"","overlay-color":"","overlay-opacity":"","overlay-gradient":""},"tablet":{"background-color":"var(--ast-global-color-5)","background-image":"","background-repeat":"repeat","background-position":"center center","background-size":"auto","background-attachment":"scroll","background-type":"","background-media":"","overlay-type":"","overlay-color":"","overlay-opacity":"","overlay-gradient":""},"mobile":{"background-color":"var(--ast-global-color-5)","background-image":"","background-repeat":"repeat","background-position":"center center","background-size":"auto","background-attachment":"scroll","background-type":"","background-media":"","overlay-type":"","overlay-color":"","overlay-opacity":"","overlay-gradient":""}}},"product_brand":[],"product_cat":[303,328],"product_tag":[],"superdeal":[],"product_variant_id":[],"class_list":{"0":"post-260066","1":"product","2":"type-product","3":"status-publish","4":"has-post-thumbnail","6":"product_cat-thca","7":"product_cat-thca-live-resin","8":"desktop-align-center","9":"tablet-align-left","10":"mobile-align-left","11":"ast-product-gallery-layout-horizontal-slider","12":"ast-magnify-disabled","13":"ast-product-tabs-layout-horizontal","15":"first","16":"instock","17":"taxable","18":"shipping-taxable","19":"purchasable","20":"product-type-simple"},"yoast_head":"<!-- This site is optimized with the Yoast SEO Premium plugin v26.9 (Yoast SEO v26.9) - https:\/\/yoast.com\/product\/yoast-seo-premium-wordpress\/ -->\n<title>THCA Live Resin - 70%<\/title>\n<meta name=\"description\" content=\"THCA Live Resin - 70%. Detta koncentrat \u00e4r tillverkat av f\u00e4rska, otorkade v\u00e4xter och bevarar cannabisplantans fulla spektrum av cannabinoider och terpener.\" \/>\n<meta name=\"robots\" content=\"noindex, follow, max-snippet:-1, max-image-preview:large, max-video-preview:-1\" \/>\n<meta property=\"og:locale\" content=\"da_DK\" \/>\n<meta property=\"og:type\" content=\"article\" \/>\n<meta property=\"og:title\" content=\"THCA Live Resin - 70%\" \/>\n<meta property=\"og:description\" content=\"THCA Live Resin - 70%. Detta koncentrat \u00e4r tillverkat av f\u00e4rska, otorkade v\u00e4xter och bevarar cannabisplantans fulla spektrum av cannabinoider och terpener.\" \/>\n<meta property=\"og:url\" content=\"https:\/\/www.swizzle.se\/produkt\/thca-live-resin-70\/\" \/>\n<meta property=\"og:site_name\" content=\"Swizzle\" \/>\n<meta property=\"article:modified_time\" content=\"2026-02-04T18:46:55+00:00\" \/>\n<meta property=\"og:image\" content=\"https:\/\/www.swizzle.se\/wp-content\/uploads\/2025\/06\/1744055358-screenshot_2025-04-07_at_12-45-11_pm.jpeg\" \/>\n\t<meta property=\"og:image:width\" content=\"800\" \/>\n\t<meta property=\"og:image:height\" content=\"757\" \/>\n\t<meta property=\"og:image:type\" content=\"image\/jpeg\" \/>\n<meta name=\"twitter:card\" content=\"summary_large_image\" \/>\n<meta name=\"twitter:title\" content=\"THCA Live Resin - 70%\" \/>\n<meta name=\"twitter:description\" content=\"THCA Live Resin - 70%. Detta koncentrat \u00e4r tillverkat av f\u00e4rska, otorkade v\u00e4xter och bevarar cannabisplantans fulla spektrum av cannabinoider och terpener.\" \/>\n<meta name=\"twitter:label1\" content=\"Pris\" \/>\n\t<meta name=\"twitter:data1\" content=\"449.00&nbsp;&#107;&#114;\" \/>\n\t<meta name=\"twitter:label2\" content=\"Tilg\u00e6ngelighed\" \/>\n\t<meta name=\"twitter:data2\" content=\"P\u00e5 lager\" \/>\n<script type=\"application\/ld+json\" class=\"yoast-schema-graph\">{\"@context\":\"https:\/\/schema.org\",\"@graph\":[{\"@type\":\"WebPage\",\"@id\":\"https:\/\/www.swizzle.se\/produkt\/thca-live-resin-70\/\",\"url\":\"https:\/\/www.swizzle.se\/produkt\/thca-live-resin-70\/\",\"name\":\"THCA Live Resin - 70%\",\"isPartOf\":{\"@id\":\"https:\/\/staging.swizzle.se\/#website\"},\"primaryImageOfPage\":{\"@id\":\"https:\/\/www.swizzle.se\/produkt\/thca-live-resin-70\/#primaryimage\"},\"image\":{\"@id\":\"https:\/\/www.swizzle.se\/produkt\/thca-live-resin-70\/#primaryimage\"},\"thumbnailUrl\":\"https:\/\/staging.swizzle.se\/wp-content\/uploads\/2025\/06\/1744055358-screenshot_2025-04-07_at_12-45-11_pm.jpeg\",\"datePublished\":\"2025-04-15T06:53:15+00:00\",\"dateModified\":\"2026-02-04T18:46:55+00:00\",\"description\":\"THCA Live Resin - 70%. Detta koncentrat \u00e4r tillverkat av f\u00e4rska, otorkade v\u00e4xter och bevarar cannabisplantans fulla spektrum av cannabinoider och terpener.\",\"breadcrumb\":{\"@id\":\"https:\/\/www.swizzle.se\/produkt\/thca-live-resin-70\/#breadcrumb\"},\"inLanguage\":\"da-DK\",\"potentialAction\":[{\"@type\":\"ReadAction\",\"target\":[\"https:\/\/www.swizzle.se\/produkt\/thca-live-resin-70\/\"]}]},{\"@type\":\"ImageObject\",\"inLanguage\":\"da-DK\",\"@id\":\"https:\/\/www.swizzle.se\/produkt\/thca-live-resin-70\/#primaryimage\",\"url\":\"https:\/\/staging.swizzle.se\/wp-content\/uploads\/2025\/06\/1744055358-screenshot_2025-04-07_at_12-45-11_pm.jpeg\",\"contentUrl\":\"https:\/\/staging.swizzle.se\/wp-content\/uploads\/2025\/06\/1744055358-screenshot_2025-04-07_at_12-45-11_pm.jpeg\",\"width\":800,\"height\":757,\"caption\":\"Bild THCA Live Resin\"},{\"@type\":\"BreadcrumbList\",\"@id\":\"https:\/\/www.swizzle.se\/produkt\/thca-live-resin-70\/#breadcrumb\",\"itemListElement\":[{\"@type\":\"ListItem\",\"position\":1,\"name\":\"Home\",\"item\":\"https:\/\/www.swizzle.se\/\"},{\"@type\":\"ListItem\",\"position\":2,\"name\":\"Shop\",\"item\":\"https:\/\/www.swizzle.se\/shop\/\"},{\"@type\":\"ListItem\",\"position\":3,\"name\":\"THCA\",\"item\":\"https:\/\/www.swizzle.se\/produkt-kategori\/thca\/\"},{\"@type\":\"ListItem\",\"position\":4,\"name\":\"THCA Live Resin &#8211; 70%\"}]},{\"@type\":\"WebSite\",\"@id\":\"https:\/\/staging.swizzle.se\/#website\",\"url\":\"https:\/\/staging.swizzle.se\/\",\"name\":\"Swizzle\",\"description\":\"Nikotin CBD Vapes Snus White Portion\",\"publisher\":{\"@id\":\"https:\/\/staging.swizzle.se\/#organization\"},\"potentialAction\":[{\"@type\":\"SearchAction\",\"target\":{\"@type\":\"EntryPoint\",\"urlTemplate\":\"https:\/\/staging.swizzle.se\/?s={search_term_string}\"},\"query-input\":{\"@type\":\"PropertyValueSpecification\",\"valueRequired\":true,\"valueName\":\"search_term_string\"}}],\"inLanguage\":\"da-DK\"},{\"@type\":\"Organization\",\"@id\":\"https:\/\/staging.swizzle.se\/#organization\",\"name\":\"Swizzle\",\"url\":\"https:\/\/staging.swizzle.se\/\",\"logo\":{\"@type\":\"ImageObject\",\"inLanguage\":\"da-DK\",\"@id\":\"https:\/\/staging.swizzle.se\/#\/schema\/logo\/image\/\",\"url\":\"https:\/\/staging.swizzle.se\/wp-content\/uploads\/2025\/10\/cropped-SWIZZLE.-4.png\",\"contentUrl\":\"https:\/\/staging.swizzle.se\/wp-content\/uploads\/2025\/10\/cropped-SWIZZLE.-4.png\",\"width\":800,\"height\":267,\"caption\":\"Swizzle\"},\"image\":{\"@id\":\"https:\/\/staging.swizzle.se\/#\/schema\/logo\/image\/\"},\"hasMerchantReturnPolicy\":{\"@type\":\"MerchantReturnPolicy\",\"merchantReturnLink\":\"https:\/\/staging.swizzle.se\/dk\/villkor\/\"}}]}<\/script>\n<meta property=\"product:price:amount\" content=\"449.00\" \/>\n<meta property=\"product:price:currency\" content=\"SEK\" \/>\n<meta property=\"og:availability\" content=\"instock\" \/>\n<meta property=\"product:availability\" content=\"instock\" \/>\n<meta property=\"product:retailer_item_id\" content=\"field_sku\" \/>\n<meta property=\"product:condition\" content=\"new\" \/>\n<!-- \/ Yoast SEO Premium plugin. -->","yoast_head_json":{"title":"THCA Live Resin - 70%","description":"THCA Live Resin - 70%. Detta koncentrat \u00e4r tillverkat av f\u00e4rska, otorkade v\u00e4xter och bevarar cannabisplantans fulla spektrum av cannabinoider och terpener.","robots":{"index":"noindex","follow":"follow","max-snippet":"max-snippet:-1","max-image-preview":"max-image-preview:large","max-video-preview":"max-video-preview:-1"},"og_locale":"da_DK","og_type":"article","og_title":"THCA Live Resin - 70%","og_description":"THCA Live Resin - 70%. Detta koncentrat \u00e4r tillverkat av f\u00e4rska, otorkade v\u00e4xter och bevarar cannabisplantans fulla spektrum av cannabinoider och terpener.","og_url":"https:\/\/www.swizzle.se\/produkt\/thca-live-resin-70\/","og_site_name":"Swizzle","article_modified_time":"2026-02-04T18:46:55+00:00","og_image":[{"width":800,"height":757,"url":"https:\/\/www.swizzle.se\/wp-content\/uploads\/2025\/06\/1744055358-screenshot_2025-04-07_at_12-45-11_pm.jpeg","type":"image\/jpeg"}],"twitter_card":"summary_large_image","twitter_title":"THCA Live Resin - 70%","twitter_description":"THCA Live Resin - 70%. Detta koncentrat \u00e4r tillverkat av f\u00e4rska, otorkade v\u00e4xter och bevarar cannabisplantans fulla spektrum av cannabinoider och terpener.","twitter_misc":{"Pris":"449.00&nbsp;&#107;&#114;","Tilg\u00e6ngelighed":"P\u00e5 lager"},"schema":{"@context":"https:\/\/schema.org","@graph":[{"@type":"WebPage","@id":"https:\/\/www.swizzle.se\/produkt\/thca-live-resin-70\/","url":"https:\/\/www.swizzle.se\/produkt\/thca-live-resin-70\/","name":"THCA Live Resin - 70%","isPartOf":{"@id":"https:\/\/staging.swizzle.se\/#website"},"primaryImageOfPage":{"@id":"https:\/\/www.swizzle.se\/produkt\/thca-live-resin-70\/#primaryimage"},"image":{"@id":"https:\/\/www.swizzle.se\/produkt\/thca-live-resin-70\/#primaryimage"},"thumbnailUrl":"https:\/\/staging.swizzle.se\/wp-content\/uploads\/2025\/06\/1744055358-screenshot_2025-04-07_at_12-45-11_pm.jpeg","datePublished":"2025-04-15T06:53:15+00:00","dateModified":"2026-02-04T18:46:55+00:00","description":"THCA Live Resin - 70%. Detta koncentrat \u00e4r tillverkat av f\u00e4rska, otorkade v\u00e4xter och bevarar cannabisplantans fulla spektrum av cannabinoider och terpener.","breadcrumb":{"@id":"https:\/\/www.swizzle.se\/produkt\/thca-live-resin-70\/#breadcrumb"},"inLanguage":"da-DK","potentialAction":[{"@type":"ReadAction","target":["https:\/\/www.swizzle.se\/produkt\/thca-live-resin-70\/"]}]},{"@type":"ImageObject","inLanguage":"da-DK","@id":"https:\/\/www.swizzle.se\/produkt\/thca-live-resin-70\/#primaryimage","url":"https:\/\/staging.swizzle.se\/wp-content\/uploads\/2025\/06\/1744055358-screenshot_2025-04-07_at_12-45-11_pm.jpeg","contentUrl":"https:\/\/staging.swizzle.se\/wp-content\/uploads\/2025\/06\/1744055358-screenshot_2025-04-07_at_12-45-11_pm.jpeg","width":800,"height":757,"caption":"Bild THCA Live Resin"},{"@type":"BreadcrumbList","@id":"https:\/\/www.swizzle.se\/produkt\/thca-live-resin-70\/#breadcrumb","itemListElement":[{"@type":"ListItem","position":1,"name":"Home","item":"https:\/\/www.swizzle.se\/"},{"@type":"ListItem","position":2,"name":"Shop","item":"https:\/\/www.swizzle.se\/shop\/"},{"@type":"ListItem","position":3,"name":"THCA","item":"https:\/\/www.swizzle.se\/produkt-kategori\/thca\/"},{"@type":"ListItem","position":4,"name":"THCA Live Resin &#8211; 70%"}]},{"@type":"WebSite","@id":"https:\/\/staging.swizzle.se\/#website","url":"https:\/\/staging.swizzle.se\/","name":"Swizzle","description":"Nikotin CBD Vapes Snus Hvid Portion","publisher":{"@id":"https:\/\/staging.swizzle.se\/#organization"},"potentialAction":[{"@type":"SearchAction","target":{"@type":"EntryPoint","urlTemplate":"https:\/\/staging.swizzle.se\/?s={search_term_string}"},"query-input":{"@type":"PropertyValueSpecification","valueRequired":true,"valueName":"search_term_string"}}],"inLanguage":"da-DK"},{"@type":"Organization","@id":"https:\/\/staging.swizzle.se\/#organization","name":"Swizzle","url":"https:\/\/staging.swizzle.se\/","logo":{"@type":"ImageObject","inLanguage":"da-DK","@id":"https:\/\/staging.swizzle.se\/#\/schema\/logo\/image\/","url":"https:\/\/staging.swizzle.se\/wp-content\/uploads\/2025\/10\/cropped-SWIZZLE.-4.png","contentUrl":"https:\/\/staging.swizzle.se\/wp-content\/uploads\/2025\/10\/cropped-SWIZZLE.-4.png","width":800,"height":267,"caption":"Swizzle"},"image":{"@id":"https:\/\/staging.swizzle.se\/#\/schema\/logo\/image\/"},"hasMerchantReturnPolicy":{"@type":"MerchantReturnPolicy","merchantReturnLink":"https:\/\/staging.swizzle.se\/dk\/villkor\/"}}]},"product_price_amount":"449.00","product_price_currency":"SEK","og_availability":"instock","product_availability":"instock","product_retailer_item_id":"field_sku","product_condition":"new"},"tiered_pricing_type":"fixed","tiered_pricing_fixed_rules":[],"tiered_pricing_product_settings":{"layout":"default","base_unit_name":{"singular":null,"plural":null},"default_variation":null},"tiered_pricing_minimum_quantity":null,"tiered_pricing_roles_data":[],"tiered_pricing_percentage_rules":[],"tiered_pricing_maximum_quantity":null,"tiered_pricing_quantity_step":null,"_links":{"self":[{"href":"https:\/\/staging.swizzle.se\/dk\/wp-json\/wp\/v2\/product\/260066","targetHints":{"allow":["GET"]}}],"collection":[{"href":"https:\/\/staging.swizzle.se\/dk\/wp-json\/wp\/v2\/product"}],"about":[{"href":"https:\/\/staging.swizzle.se\/dk\/wp-json\/wp\/v2\/types\/product"}],"replies":[{"embeddable":true,"href":"https:\/\/staging.swizzle.se\/dk\/wp-json\/wp\/v2\/comments?post=260066"}],"version-history":[{"count":0,"href":"https:\/\/staging.swizzle.se\/dk\/wp-json\/wp\/v2\/product\/260066\/revisions"}],"wp:featuredmedia":[{"embeddable":true,"href":"https:\/\/staging.swizzle.se\/dk\/wp-json\/wp\/v2\/media\/261413"}],"wp:attachment":[{"href":"https:\/\/staging.swizzle.se\/dk\/wp-json\/wp\/v2\/media?parent=260066"}],"wp:term":[{"taxonomy":"product_brand","embeddable":true,"href":"https:\/\/staging.swizzle.se\/dk\/wp-json\/wp\/v2\/product_brand?post=260066"},{"taxonomy":"product_cat","embeddable":true,"href":"https:\/\/staging.swizzle.se\/dk\/wp-json\/wp\/v2\/product_cat?post=260066"},{"taxonomy":"product_tag","embeddable":true,"href":"https:\/\/staging.swizzle.se\/dk\/wp-json\/wp\/v2\/product_tag?post=260066"},{"taxonomy":"superdeal","embeddable":true,"href":"https:\/\/staging.swizzle.se\/dk\/wp-json\/wp\/v2\/superdeal?post=260066"},{"taxonomy":"product_variant_id","embeddable":true,"href":"https:\/\/staging.swizzle.se\/dk\/wp-json\/wp\/v2\/product_variant_id?post=260066"}],"curies":[{"name":"wp","href":"https:\/\/api.w.org\/{rel}","templated":true}]}}