{"id":260047,"date":"2025-04-12T08:26:27","date_gmt":"2025-04-12T08:26:27","guid":{"rendered":"https:\/\/new.staging.swizzle.se\/produkt\/hash-roayl-rif-27-thca-magic-farmers\/"},"modified":"2025-11-04T15:46:03","modified_gmt":"2025-11-04T15:46:03","slug":"hash-roayl-rif-27-thca-magic-farmers","status":"publish","type":"product","link":"https:\/\/staging.swizzle.se\/dk\/product-2\/hash-roayl-rif-27-thca-magic-farmers\/","title":{"rendered":"Hash Royal Rif 27% THCA &#8211; Magic Farmers"},"content":{"rendered":"<div data-elementor-type=\"product-post\" data-elementor-id=\"260047\" class=\"elementor elementor-260047\" data-elementor-post-type=\"product\">\n\t\t\t\t<div class=\"elementor-element elementor-element-103febf5 e-flex e-con-boxed e-con e-parent\" data-id=\"103febf5\" data-element_type=\"container\" data-e-type=\"container\">\n\t\t\t\t\t<div class=\"e-con-inner\">\n\t\t\t\t<div class=\"elementor-element elementor-element-298d9cea elementor-widget elementor-widget-text-editor\" data-id=\"298d9cea\" data-element_type=\"widget\" data-e-type=\"widget\" data-widget_type=\"text-editor.default\">\n\t\t\t\t<div class=\"elementor-widget-container\">\n\t\t\t\t\t\t\t\t\t<p>Hash Royal Rif 27% THCA u2013 Magic Farmers<\/p><p>Fu00f6rvaring:<\/p><ul><li>Torrt<\/li><li>Lufttu00e4t och helst vacuum.<\/li><li>THC-fri<\/li><\/ul><p><strong>Bem\u00e6rk!<\/strong><br \/>Du mu00e5ste vara minst 18 u00e5r fu00f6r att ku00f6pa denna produkt. Den u00e4r inte avsedd som lu00e4kemedel, kosttillskott eller naturprodukt. Vi uppmuntrar inte till konsumtion eller ru00f6kning av produkten. Fu00f6rvara den utom ru00e4ckhu00e5ll fu00f6r barn.Vi friskriver oss fru00e5n hur du som kund anvu00e4nder vu00e5ra produkter. Vi su00e4ljer dem fu00f6r samlings- och prydnadssyften.<\/p>\t\t\t\t\t\t\t\t<\/div>\n\t\t\t\t<\/div>\n\t\t\t\t\t<\/div>\n\t\t\t\t<\/div>\n\t\t\t\t<\/div>","protected":false},"excerpt":{"rendered":"<p>Hash Royal Rif 27% THCA &#8211; Magic Farmers<br \/>\nUpplev den m\u00e4ktiga smaken hos Royal Rif 27% THCA hash, en lyxig upplevelse designad f\u00f6r att ge avkoppling och smak!<\/p>\n<p>Varje andetag framkallar robusta, jordiga aromer, balanserade med subtila kryddtoner och en touch av v\u00e4rme som p\u00e5minner om traditionell marockansk hash, vilket ger den en dj\u00e4rv och raffinerad karakt\u00e4r.<\/p>\n<p>Med sin t\u00e4ta och klibbiga konsistens Royal Rif en fyllig upplevelse.L\u00e5t dig f\u00f6rf\u00f6ras av detta harts med dess omslutande aromer och silkeslena konsistens som kommer att gl\u00e4dja b\u00e5de finsmakare och nyfikna personer som letar efter nyheter. Prova det och f\u00f6rst\u00e5 varf\u00f6r Royal Rif \u00e4r s\u00e5 uppskattad!<\/p>","protected":false},"featured_media":260049,"comment_status":"open","ping_status":"closed","template":"","meta":{"site-sidebar-layout":"default","site-content-layout":"","ast-site-content-layout":"default","site-content-style":"default","site-sidebar-style":"default","ast-global-header-display":"","ast-banner-title-visibility":"","ast-main-header-display":"","ast-hfb-above-header-display":"","ast-hfb-below-header-display":"","ast-hfb-mobile-header-display":"","site-post-title":"","ast-breadcrumbs-content":"","ast-featured-img":"","footer-sml-layout":"","ast-disable-related-posts":"","theme-transparent-header-meta":"","adv-header-id-meta":"","stick-header-meta":"","header-above-stick-meta":"","header-main-stick-meta":"","header-below-stick-meta":"","astra-migrate-meta-layouts":"default","ast-page-background-enabled":"default","ast-page-background-meta":{"desktop":{"background-color":"var(--ast-global-color-4)","background-image":"","background-repeat":"repeat","background-position":"center center","background-size":"auto","background-attachment":"scroll","background-type":"","background-media":"","overlay-type":"","overlay-color":"","overlay-opacity":"","overlay-gradient":""},"tablet":{"background-color":"","background-image":"","background-repeat":"repeat","background-position":"center center","background-size":"auto","background-attachment":"scroll","background-type":"","background-media":"","overlay-type":"","overlay-color":"","overlay-opacity":"","overlay-gradient":""},"mobile":{"background-color":"","background-image":"","background-repeat":"repeat","background-position":"center center","background-size":"auto","background-attachment":"scroll","background-type":"","background-media":"","overlay-type":"","overlay-color":"","overlay-opacity":"","overlay-gradient":""}},"ast-content-background-meta":{"desktop":{"background-color":"var(--ast-global-color-5)","background-image":"","background-repeat":"repeat","background-position":"center center","background-size":"auto","background-attachment":"scroll","background-type":"","background-media":"","overlay-type":"","overlay-color":"","overlay-opacity":"","overlay-gradient":""},"tablet":{"background-color":"var(--ast-global-color-5)","background-image":"","background-repeat":"repeat","background-position":"center center","background-size":"auto","background-attachment":"scroll","background-type":"","background-media":"","overlay-type":"","overlay-color":"","overlay-opacity":"","overlay-gradient":""},"mobile":{"background-color":"var(--ast-global-color-5)","background-image":"","background-repeat":"repeat","background-position":"center center","background-size":"auto","background-attachment":"scroll","background-type":"","background-media":"","overlay-type":"","overlay-color":"","overlay-opacity":"","overlay-gradient":""}}},"product_brand":[],"product_cat":[303,325],"product_tag":[],"superdeal":[],"product_variant_id":[],"class_list":{"0":"post-260047","1":"product","2":"type-product","3":"status-publish","4":"has-post-thumbnail","6":"product_cat-thca","7":"product_cat-thca-hash","8":"desktop-align-center","9":"tablet-align-left","10":"mobile-align-left","11":"ast-product-gallery-layout-horizontal-slider","12":"ast-magnify-disabled","13":"ast-product-tabs-layout-horizontal","15":"first","16":"outofstock","17":"taxable","18":"shipping-taxable","19":"purchasable","20":"product-type-simple"},"yoast_head":"<!-- This site is optimized with the Yoast SEO Premium plugin v26.9 (Yoast SEO v26.9) - https:\/\/yoast.com\/product\/yoast-seo-premium-wordpress\/ -->\n<title>Hash Royal Rif 27% THCA - Magic Farmers<\/title>\n<meta name=\"description\" content=\"Hash Royal Rif 27% THCA - Magic Farmers. H\u00f6gkvalitets hash fr\u00e5n schweiziska Magic Farmers. Balanserade kryddiga och jordiga toner.\" \/>\n<meta name=\"robots\" content=\"noindex, follow, max-snippet:-1, max-image-preview:large, max-video-preview:-1\" \/>\n<meta property=\"og:locale\" content=\"da_DK\" \/>\n<meta property=\"og:type\" content=\"article\" \/>\n<meta property=\"og:title\" content=\"Hash Gold Bar 33% THCA - Magic Farmers\" \/>\n<meta property=\"og:description\" content=\"Hash Gold Bar 33% THCA - Magic Farmers. H\u00f6gkvalitets hash fr\u00e5n schweiziska Magic Farmers. En len sm\u00f6rig smak med mjuka honungstoner.\" \/>\n<meta property=\"og:url\" content=\"https:\/\/www.swizzle.se\/produkt\/hash-roayl-rif-27-thca-magic-farmers\/\" \/>\n<meta property=\"og:site_name\" content=\"Swizzle\" \/>\n<meta property=\"article:modified_time\" content=\"2025-11-04T15:46:03+00:00\" \/>\n<meta property=\"og:image\" content=\"https:\/\/www.swizzle.se\/wp-content\/uploads\/2025\/05\/ratt-bakrund-canadips-13.jpg\" \/>\n\t<meta property=\"og:image:width\" content=\"600\" \/>\n\t<meta property=\"og:image:height\" content=\"600\" \/>\n\t<meta property=\"og:image:type\" content=\"image\/jpeg\" \/>\n<meta name=\"twitter:card\" content=\"summary_large_image\" \/>\n<meta name=\"twitter:title\" content=\"Hash Gold Bar 33% THCA - Magic Farmers\" \/>\n<meta name=\"twitter:description\" content=\"Hash Gold Bar 33% THCA - Magic Farmers. H\u00f6gkvalitets hash fr\u00e5n schweiziska Magic Farmers. En len sm\u00f6rig smak med mjuka honungstoner.\" \/>\n<meta name=\"twitter:label1\" content=\"Pris\" \/>\n\t<meta name=\"twitter:data1\" content=\"159.00&nbsp;&#107;&#114;\" \/>\n\t<meta name=\"twitter:label2\" content=\"Tilg\u00e6ngelighed\" \/>\n\t<meta name=\"twitter:data2\" content=\"Ikke p\u00e5 lager\" \/>\n<script type=\"application\/ld+json\" class=\"yoast-schema-graph\">{\"@context\":\"https:\/\/schema.org\",\"@graph\":[{\"@type\":\"WebPage\",\"@id\":\"https:\/\/www.swizzle.se\/produkt\/hash-roayl-rif-27-thca-magic-farmers\/\",\"url\":\"https:\/\/www.swizzle.se\/produkt\/hash-roayl-rif-27-thca-magic-farmers\/\",\"name\":\"Hash Royal Rif 27% THCA - Magic Farmers\",\"isPartOf\":{\"@id\":\"https:\/\/staging.swizzle.se\/#website\"},\"primaryImageOfPage\":{\"@id\":\"https:\/\/www.swizzle.se\/produkt\/hash-roayl-rif-27-thca-magic-farmers\/#primaryimage\"},\"image\":{\"@id\":\"https:\/\/www.swizzle.se\/produkt\/hash-roayl-rif-27-thca-magic-farmers\/#primaryimage\"},\"thumbnailUrl\":\"https:\/\/staging.swizzle.se\/wp-content\/uploads\/2025\/05\/ratt-bakrund-canadips-13.jpg\",\"datePublished\":\"2025-04-12T08:26:27+00:00\",\"dateModified\":\"2025-11-04T15:46:03+00:00\",\"description\":\"Hash Royal Rif 27% THCA - Magic Farmers. H\u00f6gkvalitets hash fr\u00e5n schweiziska Magic Farmers. Balanserade kryddiga och jordiga toner.\",\"breadcrumb\":{\"@id\":\"https:\/\/www.swizzle.se\/produkt\/hash-roayl-rif-27-thca-magic-farmers\/#breadcrumb\"},\"inLanguage\":\"da-DK\",\"potentialAction\":[{\"@type\":\"ReadAction\",\"target\":[\"https:\/\/www.swizzle.se\/produkt\/hash-roayl-rif-27-thca-magic-farmers\/\"]}]},{\"@type\":\"ImageObject\",\"inLanguage\":\"da-DK\",\"@id\":\"https:\/\/www.swizzle.se\/produkt\/hash-roayl-rif-27-thca-magic-farmers\/#primaryimage\",\"url\":\"https:\/\/staging.swizzle.se\/wp-content\/uploads\/2025\/05\/ratt-bakrund-canadips-13.jpg\",\"contentUrl\":\"https:\/\/staging.swizzle.se\/wp-content\/uploads\/2025\/05\/ratt-bakrund-canadips-13.jpg\",\"width\":600,\"height\":600,\"caption\":\"bild Hash Royal Rif\"},{\"@type\":\"BreadcrumbList\",\"@id\":\"https:\/\/www.swizzle.se\/produkt\/hash-roayl-rif-27-thca-magic-farmers\/#breadcrumb\",\"itemListElement\":[{\"@type\":\"ListItem\",\"position\":1,\"name\":\"Home\",\"item\":\"https:\/\/www.swizzle.se\/\"},{\"@type\":\"ListItem\",\"position\":2,\"name\":\"Shop\",\"item\":\"https:\/\/www.swizzle.se\/shop\/\"},{\"@type\":\"ListItem\",\"position\":3,\"name\":\"THCA\",\"item\":\"https:\/\/www.swizzle.se\/produkt-kategori\/thca\/\"},{\"@type\":\"ListItem\",\"position\":4,\"name\":\"THCA HASH\",\"item\":\"https:\/\/www.swizzle.se\/produkt-kategori\/thca\/thca-hash\/\"},{\"@type\":\"ListItem\",\"position\":5,\"name\":\"Hash Royal Rif 27% THCA &#8211; Magic Farmers\"}]},{\"@type\":\"WebSite\",\"@id\":\"https:\/\/staging.swizzle.se\/#website\",\"url\":\"https:\/\/staging.swizzle.se\/\",\"name\":\"Swizzle\",\"description\":\"Nikotin CBD Vapes Snus White Portion\",\"publisher\":{\"@id\":\"https:\/\/staging.swizzle.se\/#organization\"},\"potentialAction\":[{\"@type\":\"SearchAction\",\"target\":{\"@type\":\"EntryPoint\",\"urlTemplate\":\"https:\/\/staging.swizzle.se\/?s={search_term_string}\"},\"query-input\":{\"@type\":\"PropertyValueSpecification\",\"valueRequired\":true,\"valueName\":\"search_term_string\"}}],\"inLanguage\":\"da-DK\"},{\"@type\":\"Organization\",\"@id\":\"https:\/\/staging.swizzle.se\/#organization\",\"name\":\"Swizzle\",\"url\":\"https:\/\/staging.swizzle.se\/\",\"logo\":{\"@type\":\"ImageObject\",\"inLanguage\":\"da-DK\",\"@id\":\"https:\/\/staging.swizzle.se\/#\/schema\/logo\/image\/\",\"url\":\"https:\/\/staging.swizzle.se\/wp-content\/uploads\/2025\/10\/cropped-SWIZZLE.-4.png\",\"contentUrl\":\"https:\/\/staging.swizzle.se\/wp-content\/uploads\/2025\/10\/cropped-SWIZZLE.-4.png\",\"width\":800,\"height\":267,\"caption\":\"Swizzle\"},\"image\":{\"@id\":\"https:\/\/staging.swizzle.se\/#\/schema\/logo\/image\/\"},\"hasMerchantReturnPolicy\":{\"@type\":\"MerchantReturnPolicy\",\"merchantReturnLink\":\"https:\/\/staging.swizzle.se\/dk\/villkor\/\"}}]}<\/script>\n<meta property=\"product:price:amount\" content=\"159.00\" \/>\n<meta property=\"product:price:currency\" content=\"SEK\" \/>\n<meta property=\"og:availability\" content=\"out of stock\" \/>\n<meta property=\"product:availability\" content=\"out of stock\" \/>\n<meta property=\"product:retailer_item_id\" content=\"MFhash2\" \/>\n<meta property=\"product:condition\" content=\"new\" \/>\n<!-- \/ Yoast SEO Premium plugin. -->","yoast_head_json":{"title":"Hash Royal Rif 27% THCA - Magic Farmers","description":"Hash Royal Rif 27% THCA - Magic Farmers. H\u00f6gkvalitets hash fr\u00e5n schweiziska Magic Farmers. Balanserade kryddiga och jordiga toner.","robots":{"index":"noindex","follow":"follow","max-snippet":"max-snippet:-1","max-image-preview":"max-image-preview:large","max-video-preview":"max-video-preview:-1"},"og_locale":"da_DK","og_type":"article","og_title":"Hash Gold Bar 33% THCA - Magic Farmers","og_description":"Hash Gold Bar 33% THCA - Magic Farmers. H\u00f6gkvalitets hash fr\u00e5n schweiziska Magic Farmers. En len sm\u00f6rig smak med mjuka honungstoner.","og_url":"https:\/\/www.swizzle.se\/produkt\/hash-roayl-rif-27-thca-magic-farmers\/","og_site_name":"Swizzle","article_modified_time":"2025-11-04T15:46:03+00:00","og_image":[{"width":600,"height":600,"url":"https:\/\/www.swizzle.se\/wp-content\/uploads\/2025\/05\/ratt-bakrund-canadips-13.jpg","type":"image\/jpeg"}],"twitter_card":"summary_large_image","twitter_title":"Hash Gold Bar 33% THCA - Magic Farmers","twitter_description":"Hash Gold Bar 33% THCA - Magic Farmers. H\u00f6gkvalitets hash fr\u00e5n schweiziska Magic Farmers. En len sm\u00f6rig smak med mjuka honungstoner.","twitter_misc":{"Pris":"159.00&nbsp;&#107;&#114;","Tilg\u00e6ngelighed":"Ikke p\u00e5 lager"},"schema":{"@context":"https:\/\/schema.org","@graph":[{"@type":"WebPage","@id":"https:\/\/www.swizzle.se\/produkt\/hash-roayl-rif-27-thca-magic-farmers\/","url":"https:\/\/www.swizzle.se\/produkt\/hash-roayl-rif-27-thca-magic-farmers\/","name":"Hash Royal Rif 27% THCA - Magic Farmers","isPartOf":{"@id":"https:\/\/staging.swizzle.se\/#website"},"primaryImageOfPage":{"@id":"https:\/\/www.swizzle.se\/produkt\/hash-roayl-rif-27-thca-magic-farmers\/#primaryimage"},"image":{"@id":"https:\/\/www.swizzle.se\/produkt\/hash-roayl-rif-27-thca-magic-farmers\/#primaryimage"},"thumbnailUrl":"https:\/\/staging.swizzle.se\/wp-content\/uploads\/2025\/05\/ratt-bakrund-canadips-13.jpg","datePublished":"2025-04-12T08:26:27+00:00","dateModified":"2025-11-04T15:46:03+00:00","description":"Hash Royal Rif 27% THCA - Magic Farmers. H\u00f6gkvalitets hash fr\u00e5n schweiziska Magic Farmers. Balanserade kryddiga och jordiga toner.","breadcrumb":{"@id":"https:\/\/www.swizzle.se\/produkt\/hash-roayl-rif-27-thca-magic-farmers\/#breadcrumb"},"inLanguage":"da-DK","potentialAction":[{"@type":"ReadAction","target":["https:\/\/www.swizzle.se\/produkt\/hash-roayl-rif-27-thca-magic-farmers\/"]}]},{"@type":"ImageObject","inLanguage":"da-DK","@id":"https:\/\/www.swizzle.se\/produkt\/hash-roayl-rif-27-thca-magic-farmers\/#primaryimage","url":"https:\/\/staging.swizzle.se\/wp-content\/uploads\/2025\/05\/ratt-bakrund-canadips-13.jpg","contentUrl":"https:\/\/staging.swizzle.se\/wp-content\/uploads\/2025\/05\/ratt-bakrund-canadips-13.jpg","width":600,"height":600,"caption":"bild Hash Royal Rif"},{"@type":"BreadcrumbList","@id":"https:\/\/www.swizzle.se\/produkt\/hash-roayl-rif-27-thca-magic-farmers\/#breadcrumb","itemListElement":[{"@type":"ListItem","position":1,"name":"Home","item":"https:\/\/www.swizzle.se\/"},{"@type":"ListItem","position":2,"name":"Shop","item":"https:\/\/www.swizzle.se\/shop\/"},{"@type":"ListItem","position":3,"name":"THCA","item":"https:\/\/www.swizzle.se\/produkt-kategori\/thca\/"},{"@type":"ListItem","position":4,"name":"THCA HASH","item":"https:\/\/www.swizzle.se\/produkt-kategori\/thca\/thca-hash\/"},{"@type":"ListItem","position":5,"name":"Hash Royal Rif 27% THCA &#8211; Magic Farmers"}]},{"@type":"WebSite","@id":"https:\/\/staging.swizzle.se\/#website","url":"https:\/\/staging.swizzle.se\/","name":"Swizzle","description":"Nikotin CBD Vapes Snus Hvid Portion","publisher":{"@id":"https:\/\/staging.swizzle.se\/#organization"},"potentialAction":[{"@type":"SearchAction","target":{"@type":"EntryPoint","urlTemplate":"https:\/\/staging.swizzle.se\/?s={search_term_string}"},"query-input":{"@type":"PropertyValueSpecification","valueRequired":true,"valueName":"search_term_string"}}],"inLanguage":"da-DK"},{"@type":"Organization","@id":"https:\/\/staging.swizzle.se\/#organization","name":"Swizzle","url":"https:\/\/staging.swizzle.se\/","logo":{"@type":"ImageObject","inLanguage":"da-DK","@id":"https:\/\/staging.swizzle.se\/#\/schema\/logo\/image\/","url":"https:\/\/staging.swizzle.se\/wp-content\/uploads\/2025\/10\/cropped-SWIZZLE.-4.png","contentUrl":"https:\/\/staging.swizzle.se\/wp-content\/uploads\/2025\/10\/cropped-SWIZZLE.-4.png","width":800,"height":267,"caption":"Swizzle"},"image":{"@id":"https:\/\/staging.swizzle.se\/#\/schema\/logo\/image\/"},"hasMerchantReturnPolicy":{"@type":"MerchantReturnPolicy","merchantReturnLink":"https:\/\/staging.swizzle.se\/dk\/villkor\/"}}]},"product_price_amount":"159.00","product_price_currency":"SEK","og_availability":"out of stock","product_availability":"out of stock","product_retailer_item_id":"MFhash2","product_condition":"new"},"tiered_pricing_type":"fixed","tiered_pricing_fixed_rules":[],"tiered_pricing_product_settings":{"layout":"default","base_unit_name":{"singular":null,"plural":null},"default_variation":null},"tiered_pricing_minimum_quantity":null,"tiered_pricing_roles_data":[],"tiered_pricing_percentage_rules":[],"tiered_pricing_maximum_quantity":null,"tiered_pricing_quantity_step":null,"_links":{"self":[{"href":"https:\/\/staging.swizzle.se\/dk\/wp-json\/wp\/v2\/product\/260047","targetHints":{"allow":["GET"]}}],"collection":[{"href":"https:\/\/staging.swizzle.se\/dk\/wp-json\/wp\/v2\/product"}],"about":[{"href":"https:\/\/staging.swizzle.se\/dk\/wp-json\/wp\/v2\/types\/product"}],"replies":[{"embeddable":true,"href":"https:\/\/staging.swizzle.se\/dk\/wp-json\/wp\/v2\/comments?post=260047"}],"version-history":[{"count":0,"href":"https:\/\/staging.swizzle.se\/dk\/wp-json\/wp\/v2\/product\/260047\/revisions"}],"wp:featuredmedia":[{"embeddable":true,"href":"https:\/\/staging.swizzle.se\/dk\/wp-json\/wp\/v2\/media\/260049"}],"wp:attachment":[{"href":"https:\/\/staging.swizzle.se\/dk\/wp-json\/wp\/v2\/media?parent=260047"}],"wp:term":[{"taxonomy":"product_brand","embeddable":true,"href":"https:\/\/staging.swizzle.se\/dk\/wp-json\/wp\/v2\/product_brand?post=260047"},{"taxonomy":"product_cat","embeddable":true,"href":"https:\/\/staging.swizzle.se\/dk\/wp-json\/wp\/v2\/product_cat?post=260047"},{"taxonomy":"product_tag","embeddable":true,"href":"https:\/\/staging.swizzle.se\/dk\/wp-json\/wp\/v2\/product_tag?post=260047"},{"taxonomy":"superdeal","embeddable":true,"href":"https:\/\/staging.swizzle.se\/dk\/wp-json\/wp\/v2\/superdeal?post=260047"},{"taxonomy":"product_variant_id","embeddable":true,"href":"https:\/\/staging.swizzle.se\/dk\/wp-json\/wp\/v2\/product_variant_id?post=260047"}],"curies":[{"name":"wp","href":"https:\/\/api.w.org\/{rel}","templated":true}]}}