{"id":260041,"date":"2025-03-26T13:23:59","date_gmt":"2025-03-26T13:23:59","guid":{"rendered":"https:\/\/new.staging.swizzle.se\/produkt\/thca-dab-vape-74-live-resin\/"},"modified":"2025-09-08T11:24:23","modified_gmt":"2025-09-08T11:24:23","slug":"thca-dab-vape-74-live-resin","status":"publish","type":"product","link":"https:\/\/staging.swizzle.se\/dk\/product-2\/thca-dab-vape-74-live-resin\/","title":{"rendered":"THCA DAB LIVE RESIN VAPE &#8211; 74% &#8211; 0,5g"},"content":{"rendered":"<p>THCA DAB Vape 74% Live resin. Upplev den sk\u00f6na k\u00e4nslan av THCA live resin. Pennan \u00e4r fylld med 74% THCA live resin. Bara ladda och njuta.<\/p>\n<p>OBS! Specificera smak vid best\u00e4llning. L\u00e4gg till i anteckning p\u00e5 orderformul\u00e4ret.<\/p>\n<h5 data-start=\"420\" data-end=\"624\"><strong data-start=\"420\" data-end=\"455\">Smaker<br \/>\nIce Cream Live Resin (74% THCA)<\/strong><\/h5>\n<p data-start=\"420\" data-end=\"624\">En kr\u00e4mig och len smakupplevelse med inslag av vanilj och jordiga undertoner. Ice Cream Live Resin \u00e4r perfekt f\u00f6r den som vill ha en avslappnande och lyxig session.<\/p>\n<p data-start=\"626\" data-end=\"839\"><strong data-start=\"626\" data-end=\"668\">Chocolate Diesel Live Resin (74% THCA)<br \/>\n<\/strong>En intensiv och dj\u00e4rv smakprofil med chokladiga, jordiga toner och en subtil dieselaktig eftersmak. Chocolate Diesel \u00e4r k\u00e4nd f\u00f6r sin uppiggande effekt och djupa arom.<\/p>\n<ul>\n<li data-start=\"876\" data-end=\"1245\"><strong data-start=\"878\" data-end=\"907\">0,5 g premium live resin:<\/strong> Ger en kraftfull upplevelse d\u00e4r antalet hits kan variera.<\/li>\n<li data-start=\"876\" data-end=\"1245\"><strong data-start=\"970\" data-end=\"993\">H\u00f6gpotenta extrakt:<\/strong> B\u00e5da smakerna inneh\u00e5ller 74% THCA, vilket garanterar en intensiv effekt.<\/li>\n<li data-start=\"876\" data-end=\"1245\"><strong data-start=\"1071\" data-end=\"1095\">Effektiv f\u00f6r\u00e5ngning:<\/strong> J\u00e4mn och smakrik inhalation utan att kompromissa med kvalitet.<\/li>\n<\/ul>\n<p data-start=\"1247\" data-end=\"1446\">Tryck 5 g\u00e5nger i f\u00f6ljd p\u00e5 knappen f\u00f6r on\/off<\/p>\n<p><strong>Bem\u00e6rk!<\/strong><br \/>\nDu skal v\u00e6re mindst 18 \u00e5r gammel for at k\u00f8be dette produkt. Det er ikke beregnet som medicin, kosttilskud eller naturprodukt. Vi opfordrer ikke til at indtage eller ryge dette produkt. Opbevar det utilg\u00e6ngeligt for b\u00f8rn Vi fraskriver os ethvert ansvar for, hvordan du som kunde bruger vores produkter. Vi s\u00e6lger dem til indsamlings- og prydform\u00e5l.<\/p>\n<p>THC-fri<\/p>\n<p>En bra instruktionsmanual finns <a href=\"https:\/\/www.dieselhemp.com\/wp-content\/uploads\/Dab-Pro-Instructions-Live-Rosin.pdf\">her<\/a><\/p>","protected":false},"excerpt":{"rendered":"<p class=\"ai-optimize-44 ai-optimize-introduction\">THCA DAB Vape 74% Live resin. Upplev den sk\u00f6na k\u00e4nslan av THCA live resin. Pennan \u00e4r fylld med 74% THCA live resin. Bara ladda och njuta.<\/p>\n<ul>\n<li class=\"ai-optimize-49\" data-start=\"876\" data-end=\"1245\"><strong data-start=\"878\" data-end=\"907\">0,5 g premium live resin:<\/strong> Ger en kraftfull upplevelse d\u00e4r antalet hits kan variera.<\/li>\n<li class=\"ai-optimize-50\" data-start=\"876\" data-end=\"1245\"><strong data-start=\"970\" data-end=\"993\">H\u00f6gpotenta extrakt:<\/strong> B\u00e5da smakerna inneh\u00e5ller 74% THCA, vilket garanterar en intensiv effekt.<\/li>\n<li class=\"ai-optimize-51\" data-start=\"876\" data-end=\"1245\"><strong data-start=\"1071\" data-end=\"1095\">Effektiv f\u00f6r\u00e5ngning:<\/strong> J\u00e4mn och smakrik inhalation utan att kompromissa med kvalitet.<\/li>\n<\/ul>\n<p class=\"ai-optimize-52\" data-start=\"1247\" data-end=\"1446\">Tryck 5 g\u00e5nger i f\u00f6ljd p\u00e5 knappen f\u00f6r on\/off<\/p>\n<p data-start=\"1448\" data-end=\"1495\">","protected":false},"featured_media":260043,"comment_status":"open","ping_status":"closed","template":"","meta":{"site-sidebar-layout":"default","site-content-layout":"","ast-site-content-layout":"default","site-content-style":"default","site-sidebar-style":"default","ast-global-header-display":"","ast-banner-title-visibility":"","ast-main-header-display":"","ast-hfb-above-header-display":"","ast-hfb-below-header-display":"","ast-hfb-mobile-header-display":"","site-post-title":"","ast-breadcrumbs-content":"","ast-featured-img":"","footer-sml-layout":"","ast-disable-related-posts":"","theme-transparent-header-meta":"","adv-header-id-meta":"","stick-header-meta":"","header-above-stick-meta":"","header-main-stick-meta":"","header-below-stick-meta":"","astra-migrate-meta-layouts":"default","ast-page-background-enabled":"default","ast-page-background-meta":{"desktop":{"background-color":"var(--ast-global-color-4)","background-image":"","background-repeat":"repeat","background-position":"center center","background-size":"auto","background-attachment":"scroll","background-type":"","background-media":"","overlay-type":"","overlay-color":"","overlay-opacity":"","overlay-gradient":""},"tablet":{"background-color":"","background-image":"","background-repeat":"repeat","background-position":"center center","background-size":"auto","background-attachment":"scroll","background-type":"","background-media":"","overlay-type":"","overlay-color":"","overlay-opacity":"","overlay-gradient":""},"mobile":{"background-color":"","background-image":"","background-repeat":"repeat","background-position":"center center","background-size":"auto","background-attachment":"scroll","background-type":"","background-media":"","overlay-type":"","overlay-color":"","overlay-opacity":"","overlay-gradient":""}},"ast-content-background-meta":{"desktop":{"background-color":"var(--ast-global-color-5)","background-image":"","background-repeat":"repeat","background-position":"center center","background-size":"auto","background-attachment":"scroll","background-type":"","background-media":"","overlay-type":"","overlay-color":"","overlay-opacity":"","overlay-gradient":""},"tablet":{"background-color":"var(--ast-global-color-5)","background-image":"","background-repeat":"repeat","background-position":"center center","background-size":"auto","background-attachment":"scroll","background-type":"","background-media":"","overlay-type":"","overlay-color":"","overlay-opacity":"","overlay-gradient":""},"mobile":{"background-color":"var(--ast-global-color-5)","background-image":"","background-repeat":"repeat","background-position":"center center","background-size":"auto","background-attachment":"scroll","background-type":"","background-media":"","overlay-type":"","overlay-color":"","overlay-opacity":"","overlay-gradient":""}}},"product_brand":[],"product_cat":[303,327,328],"product_tag":[],"superdeal":[],"product_variant_id":[],"class_list":{"0":"post-260041","1":"product","2":"type-product","3":"status-publish","4":"has-post-thumbnail","6":"product_cat-thca","7":"product_cat-thca-dabs","8":"product_cat-thca-live-resin","9":"desktop-align-center","10":"tablet-align-left","11":"mobile-align-left","12":"ast-product-gallery-layout-horizontal-slider","13":"ast-magnify-disabled","14":"ast-product-tabs-layout-horizontal","16":"first","17":"outofstock","18":"taxable","19":"shipping-taxable","20":"purchasable","21":"product-type-simple"},"yoast_head":"<!-- This site is optimized with the Yoast SEO Premium plugin v26.9 (Yoast SEO v26.9) - https:\/\/yoast.com\/product\/yoast-seo-premium-wordpress\/ -->\n<title>THCA DAB Vape 74% Live resin<\/title>\n<meta name=\"description\" content=\"THCA DAB Vape 74% Live resin. Upplev den sk\u00f6na k\u00e4nslan av THCA live resin. Pennan \u00e4r fylld med 74% THCA live resin. Bara ladda och njuta.\" \/>\n<meta name=\"robots\" content=\"noindex, follow, max-snippet:-1, max-image-preview:large, max-video-preview:-1\" \/>\n<meta property=\"og:locale\" content=\"da_DK\" \/>\n<meta property=\"og:type\" content=\"article\" \/>\n<meta property=\"og:title\" content=\"THCA DAB Vape 74% Live resin\" \/>\n<meta property=\"og:description\" content=\"THCA DAB Vape 74% Live resin. Upplev den sk\u00f6na k\u00e4nslan av THCA live resin. Pennan \u00e4r fylld med 74% THCA live resin. Bara ladda och njuta.\" \/>\n<meta property=\"og:url\" content=\"https:\/\/www.swizzle.se\/produkt\/thca-dab-vape-74-live-resin\/\" \/>\n<meta property=\"og:site_name\" content=\"Swizzle\" \/>\n<meta property=\"article:modified_time\" content=\"2025-09-08T11:24:23+00:00\" \/>\n<meta property=\"og:image\" content=\"https:\/\/www.swizzle.se\/wp-content\/uploads\/2025\/05\/THCA-Dab-vape-pen.png\" \/>\n\t<meta property=\"og:image:width\" content=\"400\" \/>\n\t<meta property=\"og:image:height\" content=\"400\" \/>\n\t<meta property=\"og:image:type\" content=\"image\/png\" \/>\n<meta name=\"twitter:card\" content=\"summary_large_image\" \/>\n<meta name=\"twitter:title\" content=\"THCA DAB Vape 74% Live resin\" \/>\n<meta name=\"twitter:description\" content=\"THCA DAB Vape 74% Live resin. Upplev den sk\u00f6na k\u00e4nslan av THCA live resin. Pennan \u00e4r fylld med 74% THCA live resin. Bara ladda och njuta.\" \/>\n<meta name=\"twitter:label1\" content=\"Pris\" \/>\n\t<meta name=\"twitter:data1\" content=\"786.00&nbsp;&#107;&#114;\" \/>\n\t<meta name=\"twitter:label2\" content=\"Tilg\u00e6ngelighed\" \/>\n\t<meta name=\"twitter:data2\" content=\"Ikke p\u00e5 lager\" \/>\n<script type=\"application\/ld+json\" class=\"yoast-schema-graph\">{\"@context\":\"https:\/\/schema.org\",\"@graph\":[{\"@type\":\"WebPage\",\"@id\":\"https:\/\/www.swizzle.se\/produkt\/thca-dab-vape-74-live-resin\/\",\"url\":\"https:\/\/www.swizzle.se\/produkt\/thca-dab-vape-74-live-resin\/\",\"name\":\"THCA DAB Vape 74% Live resin\",\"isPartOf\":{\"@id\":\"https:\/\/staging.swizzle.se\/#website\"},\"primaryImageOfPage\":{\"@id\":\"https:\/\/www.swizzle.se\/produkt\/thca-dab-vape-74-live-resin\/#primaryimage\"},\"image\":{\"@id\":\"https:\/\/www.swizzle.se\/produkt\/thca-dab-vape-74-live-resin\/#primaryimage\"},\"thumbnailUrl\":\"https:\/\/staging.swizzle.se\/wp-content\/uploads\/2025\/05\/THCA-Dab-vape-pen.png\",\"datePublished\":\"2025-03-26T13:23:59+00:00\",\"dateModified\":\"2025-09-08T11:24:23+00:00\",\"description\":\"THCA DAB Vape 74% Live resin. Upplev den sk\u00f6na k\u00e4nslan av THCA live resin. Pennan \u00e4r fylld med 74% THCA live resin. Bara ladda och njuta.\",\"breadcrumb\":{\"@id\":\"https:\/\/www.swizzle.se\/produkt\/thca-dab-vape-74-live-resin\/#breadcrumb\"},\"inLanguage\":\"da-DK\",\"potentialAction\":[{\"@type\":\"ReadAction\",\"target\":[\"https:\/\/www.swizzle.se\/produkt\/thca-dab-vape-74-live-resin\/\"]}]},{\"@type\":\"ImageObject\",\"inLanguage\":\"da-DK\",\"@id\":\"https:\/\/www.swizzle.se\/produkt\/thca-dab-vape-74-live-resin\/#primaryimage\",\"url\":\"https:\/\/staging.swizzle.se\/wp-content\/uploads\/2025\/05\/THCA-Dab-vape-pen.png\",\"contentUrl\":\"https:\/\/staging.swizzle.se\/wp-content\/uploads\/2025\/05\/THCA-Dab-vape-pen.png\",\"width\":400,\"height\":400,\"caption\":\"thca dab vape pen LIve resin\"},{\"@type\":\"BreadcrumbList\",\"@id\":\"https:\/\/www.swizzle.se\/produkt\/thca-dab-vape-74-live-resin\/#breadcrumb\",\"itemListElement\":[{\"@type\":\"ListItem\",\"position\":1,\"name\":\"Home\",\"item\":\"https:\/\/www.swizzle.se\/\"},{\"@type\":\"ListItem\",\"position\":2,\"name\":\"Shop\",\"item\":\"https:\/\/www.swizzle.se\/shop\/\"},{\"@type\":\"ListItem\",\"position\":3,\"name\":\"THCA\",\"item\":\"https:\/\/www.swizzle.se\/produkt-kategori\/thca\/\"},{\"@type\":\"ListItem\",\"position\":4,\"name\":\"THCA DABS\",\"item\":\"https:\/\/www.swizzle.se\/produkt-kategori\/thca\/thca-dabs\/\"},{\"@type\":\"ListItem\",\"position\":5,\"name\":\"THCA DAB LIVE RESIN VAPE &#8211; 74% &#8211; 0,5g\"}]},{\"@type\":\"WebSite\",\"@id\":\"https:\/\/staging.swizzle.se\/#website\",\"url\":\"https:\/\/staging.swizzle.se\/\",\"name\":\"Swizzle\",\"description\":\"Nikotin CBD Vapes Snus White Portion\",\"publisher\":{\"@id\":\"https:\/\/staging.swizzle.se\/#organization\"},\"potentialAction\":[{\"@type\":\"SearchAction\",\"target\":{\"@type\":\"EntryPoint\",\"urlTemplate\":\"https:\/\/staging.swizzle.se\/?s={search_term_string}\"},\"query-input\":{\"@type\":\"PropertyValueSpecification\",\"valueRequired\":true,\"valueName\":\"search_term_string\"}}],\"inLanguage\":\"da-DK\"},{\"@type\":\"Organization\",\"@id\":\"https:\/\/staging.swizzle.se\/#organization\",\"name\":\"Swizzle\",\"url\":\"https:\/\/staging.swizzle.se\/\",\"logo\":{\"@type\":\"ImageObject\",\"inLanguage\":\"da-DK\",\"@id\":\"https:\/\/staging.swizzle.se\/#\/schema\/logo\/image\/\",\"url\":\"https:\/\/staging.swizzle.se\/wp-content\/uploads\/2025\/10\/cropped-SWIZZLE.-4.png\",\"contentUrl\":\"https:\/\/staging.swizzle.se\/wp-content\/uploads\/2025\/10\/cropped-SWIZZLE.-4.png\",\"width\":800,\"height\":267,\"caption\":\"Swizzle\"},\"image\":{\"@id\":\"https:\/\/staging.swizzle.se\/#\/schema\/logo\/image\/\"},\"hasMerchantReturnPolicy\":{\"@type\":\"MerchantReturnPolicy\",\"merchantReturnLink\":\"https:\/\/staging.swizzle.se\/dk\/villkor\/\"}}]}<\/script>\n<meta property=\"product:price:amount\" content=\"786.00\" \/>\n<meta property=\"product:price:currency\" content=\"SEK\" \/>\n<meta property=\"og:availability\" content=\"out of stock\" \/>\n<meta property=\"product:availability\" content=\"out of stock\" \/>\n<meta property=\"product:retailer_item_id\" content=\"dabvthca1\" \/>\n<meta property=\"product:condition\" content=\"new\" \/>\n<!-- \/ Yoast SEO Premium plugin. -->","yoast_head_json":{"title":"THCA DAB Vape 74% Live resin","description":"THCA DAB Vape 74% Live resin. Upplev den sk\u00f6na k\u00e4nslan av THCA live resin. Pennan \u00e4r fylld med 74% THCA live resin. Bara ladda och njuta.","robots":{"index":"noindex","follow":"follow","max-snippet":"max-snippet:-1","max-image-preview":"max-image-preview:large","max-video-preview":"max-video-preview:-1"},"og_locale":"da_DK","og_type":"article","og_title":"THCA DAB Vape 74% Live resin","og_description":"THCA DAB Vape 74% Live resin. Upplev den sk\u00f6na k\u00e4nslan av THCA live resin. Pennan \u00e4r fylld med 74% THCA live resin. Bara ladda och njuta.","og_url":"https:\/\/www.swizzle.se\/produkt\/thca-dab-vape-74-live-resin\/","og_site_name":"Swizzle","article_modified_time":"2025-09-08T11:24:23+00:00","og_image":[{"width":400,"height":400,"url":"https:\/\/www.swizzle.se\/wp-content\/uploads\/2025\/05\/THCA-Dab-vape-pen.png","type":"image\/png"}],"twitter_card":"summary_large_image","twitter_title":"THCA DAB Vape 74% Live resin","twitter_description":"THCA DAB Vape 74% Live resin. Upplev den sk\u00f6na k\u00e4nslan av THCA live resin. Pennan \u00e4r fylld med 74% THCA live resin. Bara ladda och njuta.","twitter_misc":{"Pris":"786.00&nbsp;&#107;&#114;","Tilg\u00e6ngelighed":"Ikke p\u00e5 lager"},"schema":{"@context":"https:\/\/schema.org","@graph":[{"@type":"WebPage","@id":"https:\/\/www.swizzle.se\/produkt\/thca-dab-vape-74-live-resin\/","url":"https:\/\/www.swizzle.se\/produkt\/thca-dab-vape-74-live-resin\/","name":"THCA DAB Vape 74% Live resin","isPartOf":{"@id":"https:\/\/staging.swizzle.se\/#website"},"primaryImageOfPage":{"@id":"https:\/\/www.swizzle.se\/produkt\/thca-dab-vape-74-live-resin\/#primaryimage"},"image":{"@id":"https:\/\/www.swizzle.se\/produkt\/thca-dab-vape-74-live-resin\/#primaryimage"},"thumbnailUrl":"https:\/\/staging.swizzle.se\/wp-content\/uploads\/2025\/05\/THCA-Dab-vape-pen.png","datePublished":"2025-03-26T13:23:59+00:00","dateModified":"2025-09-08T11:24:23+00:00","description":"THCA DAB Vape 74% Live resin. Upplev den sk\u00f6na k\u00e4nslan av THCA live resin. Pennan \u00e4r fylld med 74% THCA live resin. Bara ladda och njuta.","breadcrumb":{"@id":"https:\/\/www.swizzle.se\/produkt\/thca-dab-vape-74-live-resin\/#breadcrumb"},"inLanguage":"da-DK","potentialAction":[{"@type":"ReadAction","target":["https:\/\/www.swizzle.se\/produkt\/thca-dab-vape-74-live-resin\/"]}]},{"@type":"ImageObject","inLanguage":"da-DK","@id":"https:\/\/www.swizzle.se\/produkt\/thca-dab-vape-74-live-resin\/#primaryimage","url":"https:\/\/staging.swizzle.se\/wp-content\/uploads\/2025\/05\/THCA-Dab-vape-pen.png","contentUrl":"https:\/\/staging.swizzle.se\/wp-content\/uploads\/2025\/05\/THCA-Dab-vape-pen.png","width":400,"height":400,"caption":"thca dab vape pen LIve resin"},{"@type":"BreadcrumbList","@id":"https:\/\/www.swizzle.se\/produkt\/thca-dab-vape-74-live-resin\/#breadcrumb","itemListElement":[{"@type":"ListItem","position":1,"name":"Home","item":"https:\/\/www.swizzle.se\/"},{"@type":"ListItem","position":2,"name":"Shop","item":"https:\/\/www.swizzle.se\/shop\/"},{"@type":"ListItem","position":3,"name":"THCA","item":"https:\/\/www.swizzle.se\/produkt-kategori\/thca\/"},{"@type":"ListItem","position":4,"name":"THCA DABS","item":"https:\/\/www.swizzle.se\/produkt-kategori\/thca\/thca-dabs\/"},{"@type":"ListItem","position":5,"name":"THCA DAB LIVE RESIN VAPE &#8211; 74% &#8211; 0,5g"}]},{"@type":"WebSite","@id":"https:\/\/staging.swizzle.se\/#website","url":"https:\/\/staging.swizzle.se\/","name":"Swizzle","description":"Nikotin CBD Vapes Snus Hvid Portion","publisher":{"@id":"https:\/\/staging.swizzle.se\/#organization"},"potentialAction":[{"@type":"SearchAction","target":{"@type":"EntryPoint","urlTemplate":"https:\/\/staging.swizzle.se\/?s={search_term_string}"},"query-input":{"@type":"PropertyValueSpecification","valueRequired":true,"valueName":"search_term_string"}}],"inLanguage":"da-DK"},{"@type":"Organization","@id":"https:\/\/staging.swizzle.se\/#organization","name":"Swizzle","url":"https:\/\/staging.swizzle.se\/","logo":{"@type":"ImageObject","inLanguage":"da-DK","@id":"https:\/\/staging.swizzle.se\/#\/schema\/logo\/image\/","url":"https:\/\/staging.swizzle.se\/wp-content\/uploads\/2025\/10\/cropped-SWIZZLE.-4.png","contentUrl":"https:\/\/staging.swizzle.se\/wp-content\/uploads\/2025\/10\/cropped-SWIZZLE.-4.png","width":800,"height":267,"caption":"Swizzle"},"image":{"@id":"https:\/\/staging.swizzle.se\/#\/schema\/logo\/image\/"},"hasMerchantReturnPolicy":{"@type":"MerchantReturnPolicy","merchantReturnLink":"https:\/\/staging.swizzle.se\/dk\/villkor\/"}}]},"product_price_amount":"786.00","product_price_currency":"SEK","og_availability":"out of stock","product_availability":"out of stock","product_retailer_item_id":"dabvthca1","product_condition":"new"},"tiered_pricing_type":"fixed","tiered_pricing_fixed_rules":[],"tiered_pricing_product_settings":{"layout":"default","base_unit_name":{"singular":null,"plural":null},"default_variation":null},"tiered_pricing_minimum_quantity":null,"tiered_pricing_roles_data":[],"tiered_pricing_percentage_rules":[],"tiered_pricing_maximum_quantity":null,"tiered_pricing_quantity_step":null,"_links":{"self":[{"href":"https:\/\/staging.swizzle.se\/dk\/wp-json\/wp\/v2\/product\/260041","targetHints":{"allow":["GET"]}}],"collection":[{"href":"https:\/\/staging.swizzle.se\/dk\/wp-json\/wp\/v2\/product"}],"about":[{"href":"https:\/\/staging.swizzle.se\/dk\/wp-json\/wp\/v2\/types\/product"}],"replies":[{"embeddable":true,"href":"https:\/\/staging.swizzle.se\/dk\/wp-json\/wp\/v2\/comments?post=260041"}],"version-history":[{"count":0,"href":"https:\/\/staging.swizzle.se\/dk\/wp-json\/wp\/v2\/product\/260041\/revisions"}],"wp:featuredmedia":[{"embeddable":true,"href":"https:\/\/staging.swizzle.se\/dk\/wp-json\/wp\/v2\/media\/260043"}],"wp:attachment":[{"href":"https:\/\/staging.swizzle.se\/dk\/wp-json\/wp\/v2\/media?parent=260041"}],"wp:term":[{"taxonomy":"product_brand","embeddable":true,"href":"https:\/\/staging.swizzle.se\/dk\/wp-json\/wp\/v2\/product_brand?post=260041"},{"taxonomy":"product_cat","embeddable":true,"href":"https:\/\/staging.swizzle.se\/dk\/wp-json\/wp\/v2\/product_cat?post=260041"},{"taxonomy":"product_tag","embeddable":true,"href":"https:\/\/staging.swizzle.se\/dk\/wp-json\/wp\/v2\/product_tag?post=260041"},{"taxonomy":"superdeal","embeddable":true,"href":"https:\/\/staging.swizzle.se\/dk\/wp-json\/wp\/v2\/superdeal?post=260041"},{"taxonomy":"product_variant_id","embeddable":true,"href":"https:\/\/staging.swizzle.se\/dk\/wp-json\/wp\/v2\/product_variant_id?post=260041"}],"curies":[{"name":"wp","href":"https:\/\/api.w.org\/{rel}","templated":true}]}}