{"id":260034,"date":"2025-03-22T20:30:18","date_gmt":"2025-03-22T20:30:18","guid":{"rendered":"https:\/\/new.staging.swizzle.se\/produkt\/pre-rolled-thca-magic-farmers\/"},"modified":"2026-02-05T23:47:39","modified_gmt":"2026-02-05T23:47:39","slug":"pre-rolled-thca-super-lemon-haze","status":"publish","type":"product","link":"https:\/\/staging.swizzle.se\/dk\/product-2\/pre-rolled-thca-super-lemon-haze\/","title":{"rendered":"Pre-Rolled THCA &#8211; Super Lemon Haze (Sativa)"},"content":{"rendered":"<p>Pre-Rolled THCA. Uppt\u00e4ck den ultimata cannabisupplevelsen med\u00a0 THCA pre-rolls! F\u00f6rbered dig p\u00e5 ett \u00f6gonblick av ren njutning d\u00e4r f\u00f6rstklassig kvalitet m\u00f6ter enkelhet. Varje pre-roll \u00e4r noggrant rullad f\u00f6r att ge dig en perfekt blunt. En f\u00e4rdig att anv\u00e4nda produkt designad f\u00f6r b\u00e5de riktiga finsmakare och nyfikna sinnen som s\u00f6ker ett samlarobjekt.<\/p>\n<p>FAKTA:<\/p>\n<ul>\n<li>25,3% THCA<\/li>\n<li>Totalt ca 30% cannabinoider<\/li>\n<li>Sativa<\/li>\n<li>1g blommor<\/li>\n<li>Har en svag doft av gr\u00f6nt te och mango<\/li>\n<li>Kommer i ett h\u00e5rt plasth\u00f6lje<\/li>\n<\/ul>\n<p>Se ogs\u00e5 her:\u00a0<a href=\"https:\/\/staging.swizzle.se\/dk\/product-2\/thca-buds-wonderland-haze-21-magic-farmers\/\">THCA BUDS Wonderland Haze 21%<\/a> &amp;\u00a0<a href=\"https:\/\/staging.swizzle.se\/dk\/product-2\/thca-moon-rocks-65-magic-farmers\/\">THCA Moon Rocks 65%<\/a><\/p>\n<p>THC fri<\/p>\n<p>Bem\u00e6rk!<br \/>\nDu skal v\u00e6re mindst 18 \u00e5r gammel for at k\u00f8be dette produkt. Det er ikke beregnet som medicin, kosttilskud eller naturprodukt. Vi opfordrer ikke til at indtage eller ryge dette produkt. Opbevar det utilg\u00e6ngeligt for b\u00f8rn Vi fraskriver os ethvert ansvar for, hvordan du som kunde bruger vores produkter. Vi s\u00e6lger dem til indsamlings- og prydform\u00e5l.<\/p>","protected":false},"excerpt":{"rendered":"<p class=\"ai-optimize-37 ai-optimize-introduction\">Pre-Rolled THCA Super Lemon Haze (Sativa) . Uppt\u00e4ck den ultimata cannabisupplevelsen med\u00a0 THCA pre-rolls.<\/p>\n<ul>\n<li class=\"ai-optimize-38\">25,3% THCA<\/li>\n<li class=\"ai-optimize-39\">1g blommor<\/li>\n<li>Har en svag doft av gr\u00f6nt te och mango<\/li>\n<li class=\"ai-optimize-40\">Kommer i ett h\u00e5rt plasth\u00f6lje, genomskinligt eller svart<\/li>\n<li>Samlarobjekt<\/li>\n<\/ul>\n<p>Dette produkt har en mindsteprisgaranti, l\u00e6s mere om, hvad det betyder.<a href=\"https:\/\/staging.swizzle.se\/dk\/lagsta-pris-garanti\/\"><b> her<\/b><\/a>.<\/p>\n<p class=\"ai-optimize-41\">THC fri<\/p>","protected":false},"featured_media":295001,"comment_status":"open","ping_status":"closed","template":"","meta":{"site-sidebar-layout":"default","site-content-layout":"","ast-site-content-layout":"default","site-content-style":"default","site-sidebar-style":"default","ast-global-header-display":"","ast-banner-title-visibility":"","ast-main-header-display":"","ast-hfb-above-header-display":"","ast-hfb-below-header-display":"","ast-hfb-mobile-header-display":"","site-post-title":"","ast-breadcrumbs-content":"","ast-featured-img":"","footer-sml-layout":"","ast-disable-related-posts":"","theme-transparent-header-meta":"default","adv-header-id-meta":"","stick-header-meta":"default","header-above-stick-meta":"","header-main-stick-meta":"","header-below-stick-meta":"","astra-migrate-meta-layouts":"set","ast-page-background-enabled":"default","ast-page-background-meta":{"desktop":{"background-color":"var(--ast-global-color-4)","background-image":"","background-repeat":"repeat","background-position":"center center","background-size":"auto","background-attachment":"scroll","background-type":"","background-media":"","overlay-type":"","overlay-color":"","overlay-opacity":"","overlay-gradient":""},"tablet":{"background-color":"","background-image":"","background-repeat":"repeat","background-position":"center center","background-size":"auto","background-attachment":"scroll","background-type":"","background-media":"","overlay-type":"","overlay-color":"","overlay-opacity":"","overlay-gradient":""},"mobile":{"background-color":"","background-image":"","background-repeat":"repeat","background-position":"center center","background-size":"auto","background-attachment":"scroll","background-type":"","background-media":"","overlay-type":"","overlay-color":"","overlay-opacity":"","overlay-gradient":""}},"ast-content-background-meta":{"desktop":{"background-color":"var(--ast-global-color-5)","background-image":"","background-repeat":"repeat","background-position":"center center","background-size":"auto","background-attachment":"scroll","background-type":"","background-media":"","overlay-type":"","overlay-color":"","overlay-opacity":"","overlay-gradient":""},"tablet":{"background-color":"var(--ast-global-color-5)","background-image":"","background-repeat":"repeat","background-position":"center center","background-size":"auto","background-attachment":"scroll","background-type":"","background-media":"","overlay-type":"","overlay-color":"","overlay-opacity":"","overlay-gradient":""},"mobile":{"background-color":"var(--ast-global-color-5)","background-image":"","background-repeat":"repeat","background-position":"center center","background-size":"auto","background-attachment":"scroll","background-type":"","background-media":"","overlay-type":"","overlay-color":"","overlay-opacity":"","overlay-gradient":""}}},"product_brand":[],"product_cat":[478,303,326],"product_tag":[],"superdeal":[],"product_variant_id":[],"class_list":{"0":"post-260034","1":"product","2":"type-product","3":"status-publish","4":"has-post-thumbnail","6":"product_cat-pre-rolls","7":"product_cat-thca","8":"product_cat-thca-pre-roll","9":"desktop-align-center","10":"tablet-align-left","11":"mobile-align-left","12":"ast-product-gallery-layout-horizontal-slider","13":"ast-magnify-disabled","14":"ast-product-tabs-layout-horizontal","16":"first","17":"instock","18":"taxable","19":"shipping-taxable","20":"purchasable","21":"product-type-simple"},"yoast_head":"<!-- This site is optimized with the Yoast SEO Premium plugin v26.9 (Yoast SEO v26.9) - https:\/\/yoast.com\/product\/yoast-seo-premium-wordpress\/ -->\n<title>Pre-Rolled THCA-super-lemon-haze<\/title>\n<meta name=\"description\" content=\"Pre-Rolled THCA. Upplev kvaliteten hos pre roll. Varje pre-roll \u00e4r noggrant rullad med oemotst\u00e5ndliga smaker. 25,3% THCA.\" \/>\n<meta name=\"robots\" content=\"noindex, follow, max-snippet:-1, max-image-preview:large, max-video-preview:-1\" \/>\n<meta property=\"og:locale\" content=\"da_DK\" \/>\n<meta property=\"og:type\" content=\"article\" \/>\n<meta property=\"og:title\" content=\"Pre-Rolled THCA MAGIC FARMERS\" \/>\n<meta property=\"og:description\" content=\"Pre-Rolled THCA MAGIC FARMERS. Upplev kvaliteten hos pre roll fr\u00e5nMagic Farmers. Varje pre-roll \u00e4r noggrant rullad med oemotst\u00e5ndliga smaker.\" \/>\n<meta property=\"og:url\" content=\"https:\/\/www.swizzle.se\/produkt\/pre-rolled-thca-super-lemon-haze\/\" \/>\n<meta property=\"og:site_name\" content=\"Swizzle\" \/>\n<meta property=\"article:modified_time\" content=\"2026-02-05T23:47:39+00:00\" \/>\n<meta property=\"og:image\" content=\"https:\/\/www.swizzle.se\/wp-content\/uploads\/2026\/01\/Pre-roll-Super-Lemon-Haze.jpg\" \/>\n\t<meta property=\"og:image:width\" content=\"600\" \/>\n\t<meta property=\"og:image:height\" content=\"600\" \/>\n\t<meta property=\"og:image:type\" content=\"image\/jpeg\" \/>\n<meta name=\"twitter:card\" content=\"summary_large_image\" \/>\n<meta name=\"twitter:title\" content=\"Pre-Rolled THCA MAGIC FARMERS\" \/>\n<meta name=\"twitter:description\" content=\"Pre-Rolled THCA MAGIC FARMERS. Upplev kvaliteten hos pre roll fr\u00e5nMagic Farmers. Varje pre-roll \u00e4r noggrant rullad med oemotst\u00e5ndliga smaker.\" \/>\n<meta name=\"twitter:label1\" content=\"Pris\" \/>\n\t<meta name=\"twitter:data1\" content=\"159.00&nbsp;&#107;&#114;\" \/>\n\t<meta name=\"twitter:label2\" content=\"Tilg\u00e6ngelighed\" \/>\n\t<meta name=\"twitter:data2\" content=\"P\u00e5 lager\" \/>\n<script type=\"application\/ld+json\" class=\"yoast-schema-graph\">{\"@context\":\"https:\/\/schema.org\",\"@graph\":[{\"@type\":\"WebPage\",\"@id\":\"https:\/\/www.swizzle.se\/produkt\/pre-rolled-thca-super-lemon-haze\/\",\"url\":\"https:\/\/www.swizzle.se\/produkt\/pre-rolled-thca-super-lemon-haze\/\",\"name\":\"Pre-Rolled THCA-super-lemon-haze\",\"isPartOf\":{\"@id\":\"https:\/\/staging.swizzle.se\/#website\"},\"primaryImageOfPage\":{\"@id\":\"https:\/\/www.swizzle.se\/produkt\/pre-rolled-thca-super-lemon-haze\/#primaryimage\"},\"image\":{\"@id\":\"https:\/\/www.swizzle.se\/produkt\/pre-rolled-thca-super-lemon-haze\/#primaryimage\"},\"thumbnailUrl\":\"https:\/\/staging.swizzle.se\/wp-content\/uploads\/2026\/01\/Pre-roll-Super-Lemon-Haze.jpg\",\"datePublished\":\"2025-03-22T20:30:18+00:00\",\"dateModified\":\"2026-02-05T23:47:39+00:00\",\"description\":\"Pre-Rolled THCA. Upplev kvaliteten hos pre roll. Varje pre-roll \u00e4r noggrant rullad med oemotst\u00e5ndliga smaker. 25,3% THCA.\",\"breadcrumb\":{\"@id\":\"https:\/\/www.swizzle.se\/produkt\/pre-rolled-thca-super-lemon-haze\/#breadcrumb\"},\"inLanguage\":\"da-DK\",\"potentialAction\":[{\"@type\":\"ReadAction\",\"target\":[\"https:\/\/www.swizzle.se\/produkt\/pre-rolled-thca-super-lemon-haze\/\"]}]},{\"@type\":\"ImageObject\",\"inLanguage\":\"da-DK\",\"@id\":\"https:\/\/www.swizzle.se\/produkt\/pre-rolled-thca-super-lemon-haze\/#primaryimage\",\"url\":\"https:\/\/staging.swizzle.se\/wp-content\/uploads\/2026\/01\/Pre-roll-Super-Lemon-Haze.jpg\",\"contentUrl\":\"https:\/\/staging.swizzle.se\/wp-content\/uploads\/2026\/01\/Pre-roll-Super-Lemon-Haze.jpg\",\"width\":600,\"height\":600,\"caption\":\"Pre-roll Super Lemon Haze THCA\"},{\"@type\":\"BreadcrumbList\",\"@id\":\"https:\/\/www.swizzle.se\/produkt\/pre-rolled-thca-super-lemon-haze\/#breadcrumb\",\"itemListElement\":[{\"@type\":\"ListItem\",\"position\":1,\"name\":\"Home\",\"item\":\"https:\/\/www.swizzle.se\/\"},{\"@type\":\"ListItem\",\"position\":2,\"name\":\"Shop\",\"item\":\"https:\/\/www.swizzle.se\/shop\/\"},{\"@type\":\"ListItem\",\"position\":3,\"name\":\"THCA\",\"item\":\"https:\/\/www.swizzle.se\/produkt-kategori\/thca\/\"},{\"@type\":\"ListItem\",\"position\":4,\"name\":\"THCA PRE-ROLL\",\"item\":\"https:\/\/www.swizzle.se\/produkt-kategori\/thca\/thca-pre-roll\/\"},{\"@type\":\"ListItem\",\"position\":5,\"name\":\"Pre-Rolled THCA &#8211; Super Lemon Haze (Sativa)\"}]},{\"@type\":\"WebSite\",\"@id\":\"https:\/\/staging.swizzle.se\/#website\",\"url\":\"https:\/\/staging.swizzle.se\/\",\"name\":\"Swizzle\",\"description\":\"Nikotin CBD Vapes Snus White Portion\",\"publisher\":{\"@id\":\"https:\/\/staging.swizzle.se\/#organization\"},\"potentialAction\":[{\"@type\":\"SearchAction\",\"target\":{\"@type\":\"EntryPoint\",\"urlTemplate\":\"https:\/\/staging.swizzle.se\/?s={search_term_string}\"},\"query-input\":{\"@type\":\"PropertyValueSpecification\",\"valueRequired\":true,\"valueName\":\"search_term_string\"}}],\"inLanguage\":\"da-DK\"},{\"@type\":\"Organization\",\"@id\":\"https:\/\/staging.swizzle.se\/#organization\",\"name\":\"Swizzle\",\"url\":\"https:\/\/staging.swizzle.se\/\",\"logo\":{\"@type\":\"ImageObject\",\"inLanguage\":\"da-DK\",\"@id\":\"https:\/\/staging.swizzle.se\/#\/schema\/logo\/image\/\",\"url\":\"https:\/\/staging.swizzle.se\/wp-content\/uploads\/2025\/10\/cropped-SWIZZLE.-4.png\",\"contentUrl\":\"https:\/\/staging.swizzle.se\/wp-content\/uploads\/2025\/10\/cropped-SWIZZLE.-4.png\",\"width\":800,\"height\":267,\"caption\":\"Swizzle\"},\"image\":{\"@id\":\"https:\/\/staging.swizzle.se\/#\/schema\/logo\/image\/\"},\"hasMerchantReturnPolicy\":{\"@type\":\"MerchantReturnPolicy\",\"merchantReturnLink\":\"https:\/\/staging.swizzle.se\/dk\/villkor\/\"}}]}<\/script>\n<meta property=\"product:price:amount\" content=\"159.00\" \/>\n<meta property=\"product:price:currency\" content=\"SEK\" \/>\n<meta property=\"og:availability\" content=\"instock\" \/>\n<meta property=\"product:availability\" content=\"instock\" \/>\n<meta property=\"product:retailer_item_id\" content=\"MFprerollthca\" \/>\n<meta property=\"product:condition\" content=\"new\" \/>\n<!-- \/ Yoast SEO Premium plugin. -->","yoast_head_json":{"title":"Pre-Rolled THCA-super-lemon-haze","description":"Pre-Rolled THCA. Upplev kvaliteten hos pre roll. Varje pre-roll \u00e4r noggrant rullad med oemotst\u00e5ndliga smaker. 25,3% THCA.","robots":{"index":"noindex","follow":"follow","max-snippet":"max-snippet:-1","max-image-preview":"max-image-preview:large","max-video-preview":"max-video-preview:-1"},"og_locale":"da_DK","og_type":"article","og_title":"Pre-Rolled THCA MAGIC FARMERS","og_description":"Pre-Rolled THCA MAGIC FARMERS. Upplev kvaliteten hos pre roll fr\u00e5nMagic Farmers. Varje pre-roll \u00e4r noggrant rullad med oemotst\u00e5ndliga smaker.","og_url":"https:\/\/www.swizzle.se\/produkt\/pre-rolled-thca-super-lemon-haze\/","og_site_name":"Swizzle","article_modified_time":"2026-02-05T23:47:39+00:00","og_image":[{"width":600,"height":600,"url":"https:\/\/www.swizzle.se\/wp-content\/uploads\/2026\/01\/Pre-roll-Super-Lemon-Haze.jpg","type":"image\/jpeg"}],"twitter_card":"summary_large_image","twitter_title":"Pre-Rolled THCA MAGIC FARMERS","twitter_description":"Pre-Rolled THCA MAGIC FARMERS. Upplev kvaliteten hos pre roll fr\u00e5nMagic Farmers. Varje pre-roll \u00e4r noggrant rullad med oemotst\u00e5ndliga smaker.","twitter_misc":{"Pris":"159.00&nbsp;&#107;&#114;","Tilg\u00e6ngelighed":"P\u00e5 lager"},"schema":{"@context":"https:\/\/schema.org","@graph":[{"@type":"WebPage","@id":"https:\/\/www.swizzle.se\/produkt\/pre-rolled-thca-super-lemon-haze\/","url":"https:\/\/www.swizzle.se\/produkt\/pre-rolled-thca-super-lemon-haze\/","name":"Pre-Rolled THCA-super-lemon-haze","isPartOf":{"@id":"https:\/\/staging.swizzle.se\/#website"},"primaryImageOfPage":{"@id":"https:\/\/www.swizzle.se\/produkt\/pre-rolled-thca-super-lemon-haze\/#primaryimage"},"image":{"@id":"https:\/\/www.swizzle.se\/produkt\/pre-rolled-thca-super-lemon-haze\/#primaryimage"},"thumbnailUrl":"https:\/\/staging.swizzle.se\/wp-content\/uploads\/2026\/01\/Pre-roll-Super-Lemon-Haze.jpg","datePublished":"2025-03-22T20:30:18+00:00","dateModified":"2026-02-05T23:47:39+00:00","description":"Pre-Rolled THCA. Upplev kvaliteten hos pre roll. Varje pre-roll \u00e4r noggrant rullad med oemotst\u00e5ndliga smaker. 25,3% THCA.","breadcrumb":{"@id":"https:\/\/www.swizzle.se\/produkt\/pre-rolled-thca-super-lemon-haze\/#breadcrumb"},"inLanguage":"da-DK","potentialAction":[{"@type":"ReadAction","target":["https:\/\/www.swizzle.se\/produkt\/pre-rolled-thca-super-lemon-haze\/"]}]},{"@type":"ImageObject","inLanguage":"da-DK","@id":"https:\/\/www.swizzle.se\/produkt\/pre-rolled-thca-super-lemon-haze\/#primaryimage","url":"https:\/\/staging.swizzle.se\/wp-content\/uploads\/2026\/01\/Pre-roll-Super-Lemon-Haze.jpg","contentUrl":"https:\/\/staging.swizzle.se\/wp-content\/uploads\/2026\/01\/Pre-roll-Super-Lemon-Haze.jpg","width":600,"height":600,"caption":"Pre-roll Super Lemon Haze THCA"},{"@type":"BreadcrumbList","@id":"https:\/\/www.swizzle.se\/produkt\/pre-rolled-thca-super-lemon-haze\/#breadcrumb","itemListElement":[{"@type":"ListItem","position":1,"name":"Home","item":"https:\/\/www.swizzle.se\/"},{"@type":"ListItem","position":2,"name":"Shop","item":"https:\/\/www.swizzle.se\/shop\/"},{"@type":"ListItem","position":3,"name":"THCA","item":"https:\/\/www.swizzle.se\/produkt-kategori\/thca\/"},{"@type":"ListItem","position":4,"name":"THCA PRE-ROLL","item":"https:\/\/www.swizzle.se\/produkt-kategori\/thca\/thca-pre-roll\/"},{"@type":"ListItem","position":5,"name":"Pre-Rolled THCA &#8211; Super Lemon Haze (Sativa)"}]},{"@type":"WebSite","@id":"https:\/\/staging.swizzle.se\/#website","url":"https:\/\/staging.swizzle.se\/","name":"Swizzle","description":"Nikotin CBD Vapes Snus Hvid Portion","publisher":{"@id":"https:\/\/staging.swizzle.se\/#organization"},"potentialAction":[{"@type":"SearchAction","target":{"@type":"EntryPoint","urlTemplate":"https:\/\/staging.swizzle.se\/?s={search_term_string}"},"query-input":{"@type":"PropertyValueSpecification","valueRequired":true,"valueName":"search_term_string"}}],"inLanguage":"da-DK"},{"@type":"Organization","@id":"https:\/\/staging.swizzle.se\/#organization","name":"Swizzle","url":"https:\/\/staging.swizzle.se\/","logo":{"@type":"ImageObject","inLanguage":"da-DK","@id":"https:\/\/staging.swizzle.se\/#\/schema\/logo\/image\/","url":"https:\/\/staging.swizzle.se\/wp-content\/uploads\/2025\/10\/cropped-SWIZZLE.-4.png","contentUrl":"https:\/\/staging.swizzle.se\/wp-content\/uploads\/2025\/10\/cropped-SWIZZLE.-4.png","width":800,"height":267,"caption":"Swizzle"},"image":{"@id":"https:\/\/staging.swizzle.se\/#\/schema\/logo\/image\/"},"hasMerchantReturnPolicy":{"@type":"MerchantReturnPolicy","merchantReturnLink":"https:\/\/staging.swizzle.se\/dk\/villkor\/"}}]},"product_price_amount":"159.00","product_price_currency":"SEK","og_availability":"instock","product_availability":"instock","product_retailer_item_id":"MFprerollthca","product_condition":"new"},"tiered_pricing_type":"fixed","tiered_pricing_fixed_rules":[],"tiered_pricing_product_settings":{"layout":"default","base_unit_name":{"singular":null,"plural":null},"default_variation":null},"tiered_pricing_minimum_quantity":null,"tiered_pricing_roles_data":[],"tiered_pricing_percentage_rules":[],"tiered_pricing_maximum_quantity":null,"tiered_pricing_quantity_step":null,"_links":{"self":[{"href":"https:\/\/staging.swizzle.se\/dk\/wp-json\/wp\/v2\/product\/260034","targetHints":{"allow":["GET"]}}],"collection":[{"href":"https:\/\/staging.swizzle.se\/dk\/wp-json\/wp\/v2\/product"}],"about":[{"href":"https:\/\/staging.swizzle.se\/dk\/wp-json\/wp\/v2\/types\/product"}],"replies":[{"embeddable":true,"href":"https:\/\/staging.swizzle.se\/dk\/wp-json\/wp\/v2\/comments?post=260034"}],"version-history":[{"count":0,"href":"https:\/\/staging.swizzle.se\/dk\/wp-json\/wp\/v2\/product\/260034\/revisions"}],"wp:featuredmedia":[{"embeddable":true,"href":"https:\/\/staging.swizzle.se\/dk\/wp-json\/wp\/v2\/media\/295001"}],"wp:attachment":[{"href":"https:\/\/staging.swizzle.se\/dk\/wp-json\/wp\/v2\/media?parent=260034"}],"wp:term":[{"taxonomy":"product_brand","embeddable":true,"href":"https:\/\/staging.swizzle.se\/dk\/wp-json\/wp\/v2\/product_brand?post=260034"},{"taxonomy":"product_cat","embeddable":true,"href":"https:\/\/staging.swizzle.se\/dk\/wp-json\/wp\/v2\/product_cat?post=260034"},{"taxonomy":"product_tag","embeddable":true,"href":"https:\/\/staging.swizzle.se\/dk\/wp-json\/wp\/v2\/product_tag?post=260034"},{"taxonomy":"superdeal","embeddable":true,"href":"https:\/\/staging.swizzle.se\/dk\/wp-json\/wp\/v2\/superdeal?post=260034"},{"taxonomy":"product_variant_id","embeddable":true,"href":"https:\/\/staging.swizzle.se\/dk\/wp-json\/wp\/v2\/product_variant_id?post=260034"}],"curies":[{"name":"wp","href":"https:\/\/api.w.org\/{rel}","templated":true}]}}