{"id":260003,"date":"2025-03-18T22:09:14","date_gmt":"2025-03-18T22:09:14","guid":{"rendered":"https:\/\/new.staging.swizzle.se\/produkt\/pipa-champ-high\/"},"modified":"2026-02-04T14:19:18","modified_gmt":"2026-02-04T14:19:18","slug":"pipa-champ-high","status":"publish","type":"product","link":"https:\/\/staging.swizzle.se\/dk\/product-2\/pipa-champ-high\/","title":{"rendered":"Pipa &#8211; Champ High Metal Pure med tr\u00e4skaft"},"content":{"rendered":"<p data-start=\"90\" data-end=\"158\">Pipa Champ High<\/p>\n<p data-start=\"90\" data-end=\"158\"><strong data-start=\"90\" data-end=\"158\">Champ High Tr\u00e4pipa 12 cm \u2013 Stilren, bekv\u00e4m och redo att anv\u00e4ndas<\/strong><\/p>\n<p data-start=\"160\" data-end=\"558\">Upplev en klassisk och stilfull r\u00f6kupplevelse med denna eleganta <strong data-start=\"225\" data-end=\"264\">12 cm l\u00e5nga tr\u00e4pipa fr\u00e5n Champ High<\/strong>, perfekt f\u00f6r r\u00f6kning av torra \u00f6rtblandningar och tobak. Pipan kombinerar ett traditionellt hantverk med modern funktion \u2013 det silverf\u00e4rgade metalldelarna \u00e4r omsorgsfullt inkapslade i ett dekorativt tr\u00e4skaft som inte bara ser vackert ut, utan ocks\u00e5 ligger bekv\u00e4mt i handen vid varje anv\u00e4ndning.<\/p>\n<p data-start=\"560\" data-end=\"907\">Pipan finns i tv\u00e5 stilrena utf\u00f6randen: <strong data-start=\"599\" data-end=\"629\">m\u00f6rkt tr\u00e4 med ljus logotyp<\/strong> eller <strong data-start=\"636\" data-end=\"666\">ljust tr\u00e4 med m\u00f6rk logotyp<\/strong>, vilket ger en vacker kontrast och en k\u00e4nsla av personlighet. F\u00e4rgen p\u00e5 pipan v\u00e4ljs slumpm\u00e4ssigt vid leverans, men du \u00e4r alltid v\u00e4lkommen att \u00f6nska en specifik variant \u2013 vi f\u00f6rs\u00f6ker sj\u00e4lvklart tillgodose dina \u00f6nskem\u00e5l i st\u00f6rsta m\u00f6jliga m\u00e5n.<\/p>\n<p data-start=\"909\" data-end=\"1170\">F\u00f6r din bekv\u00e4mlighet levereras pipan <strong data-start=\"946\" data-end=\"981\">f\u00e4rdigmonterad med en metallsil<\/strong> i sk\u00e5len, vilket g\u00f6r att du kan b\u00f6rja anv\u00e4nda den direkt. Dessutom medf\u00f6ljer <strong data-start=\"1059\" data-end=\"1100\">ett paket med 5 extra silar (\u00d8 20 mm)<\/strong>, s\u00e5 att du enkelt kan h\u00e5lla din pipa fr\u00e4sch och funktionell \u00f6ver tid.<\/p>\n<p data-start=\"1172\" data-end=\"1259\" data-is-last-node=\"\" data-is-only-node=\"\">En perfekt g\u00e5va till dig sj\u00e4lv eller en stilmedveten v\u00e4n \u2013 b\u00e5de praktisk och dekorativ.<\/p>\n<ul>\n<li>2 f\u00e4rger. M\u00f6rkbrun eller Ljusbrun<\/li>\n<li>Levereras slumpvis men \u00f6nskem\u00e5l kan tas emot.<\/li>\n<\/ul>","protected":false},"excerpt":{"rendered":"<p class=\"ai-optimize-46\" data-start=\"90\" data-end=\"158\">Pipa Champ High<\/p>\n<p class=\"ai-optimize-37 ai-optimize-introduction\" data-start=\"90\" data-end=\"158\"><strong data-start=\"90\" data-end=\"158\">Champ High Tr\u00e4pipa 12 cm \u2013 Stilren, bekv\u00e4m och redo att anv\u00e4ndas<\/strong><\/p>\n<p class=\"ai-optimize-38\" data-start=\"160\" data-end=\"558\">Upplev en klassisk och stilfull r\u00f6kupplevelse med denna eleganta <strong data-start=\"225\" data-end=\"264\">12 cm l\u00e5nga tr\u00e4pipa fr\u00e5n Champ High<\/strong>, perfekt f\u00f6r r\u00f6kning av torra \u00f6rtblandningar och tobak. Pipan kombinerar ett traditionellt hantverk med modern funktion \u2013 det silverf\u00e4rgade metalldelarna \u00e4r omsorgsfullt inkapslade i ett dekorativt tr\u00e4skaft som inte bara ser vackert ut, utan ocks\u00e5 ligger bekv\u00e4mt i handen vid varje anv\u00e4ndning.<\/p>\n<ul>\n<li class=\"ai-optimize-42\">2 f\u00e4rger. M\u00f6rkbrun eller Ljusbrun<\/li>\n<li class=\"ai-optimize-43\">Levereras slumpvis men \u00f6nskem\u00e5l kan tas emot.<\/li>\n<\/ul>","protected":false},"featured_media":260005,"comment_status":"open","ping_status":"closed","template":"","meta":{"site-sidebar-layout":"default","site-content-layout":"","ast-site-content-layout":"default","site-content-style":"default","site-sidebar-style":"default","ast-global-header-display":"","ast-banner-title-visibility":"","ast-main-header-display":"","ast-hfb-above-header-display":"","ast-hfb-below-header-display":"","ast-hfb-mobile-header-display":"","site-post-title":"","ast-breadcrumbs-content":"","ast-featured-img":"","footer-sml-layout":"","ast-disable-related-posts":"","theme-transparent-header-meta":"","adv-header-id-meta":"","stick-header-meta":"","header-above-stick-meta":"","header-main-stick-meta":"","header-below-stick-meta":"","astra-migrate-meta-layouts":"default","ast-page-background-enabled":"default","ast-page-background-meta":{"desktop":{"background-color":"var(--ast-global-color-4)","background-image":"","background-repeat":"repeat","background-position":"center center","background-size":"auto","background-attachment":"scroll","background-type":"","background-media":"","overlay-type":"","overlay-color":"","overlay-opacity":"","overlay-gradient":""},"tablet":{"background-color":"","background-image":"","background-repeat":"repeat","background-position":"center center","background-size":"auto","background-attachment":"scroll","background-type":"","background-media":"","overlay-type":"","overlay-color":"","overlay-opacity":"","overlay-gradient":""},"mobile":{"background-color":"","background-image":"","background-repeat":"repeat","background-position":"center center","background-size":"auto","background-attachment":"scroll","background-type":"","background-media":"","overlay-type":"","overlay-color":"","overlay-opacity":"","overlay-gradient":""}},"ast-content-background-meta":{"desktop":{"background-color":"var(--ast-global-color-5)","background-image":"","background-repeat":"repeat","background-position":"center center","background-size":"auto","background-attachment":"scroll","background-type":"","background-media":"","overlay-type":"","overlay-color":"","overlay-opacity":"","overlay-gradient":""},"tablet":{"background-color":"var(--ast-global-color-5)","background-image":"","background-repeat":"repeat","background-position":"center center","background-size":"auto","background-attachment":"scroll","background-type":"","background-media":"","overlay-type":"","overlay-color":"","overlay-opacity":"","overlay-gradient":""},"mobile":{"background-color":"var(--ast-global-color-5)","background-image":"","background-repeat":"repeat","background-position":"center center","background-size":"auto","background-attachment":"scroll","background-type":"","background-media":"","overlay-type":"","overlay-color":"","overlay-opacity":"","overlay-gradient":""}}},"product_brand":[730],"product_cat":[323,284],"product_tag":[],"superdeal":[],"product_variant_id":[],"class_list":{"0":"post-260003","1":"product","2":"type-product","3":"status-publish","4":"has-post-thumbnail","6":"product_brand-champ-high","7":"product_cat-pipor-roktillbehor","8":"product_cat-roktillbehor","9":"desktop-align-center","10":"tablet-align-left","11":"mobile-align-left","12":"ast-product-gallery-layout-horizontal-slider","13":"ast-magnify-disabled","14":"ast-product-tabs-layout-horizontal","16":"first","17":"instock","18":"taxable","19":"shipping-taxable","20":"purchasable","21":"product-type-simple"},"yoast_head":"<!-- This site is optimized with the Yoast SEO Premium plugin v26.9 (Yoast SEO v26.9) - https:\/\/yoast.com\/product\/yoast-seo-premium-wordpress\/ -->\n<title>Pipa Champ High<\/title>\n<meta name=\"description\" content=\"Pipa Champ High med tr\u00e4skaft. Njut av r\u00f6kning av torra \u00f6rtblandningar och tobak idag med denna 12 cm l\u00e5nga rena pipa fr\u00e5n Champ High.\" \/>\n<meta name=\"robots\" content=\"noindex, follow, max-snippet:-1, max-image-preview:large, max-video-preview:-1\" \/>\n<meta property=\"og:locale\" content=\"da_DK\" \/>\n<meta property=\"og:type\" content=\"article\" \/>\n<meta property=\"og:title\" content=\"Pipa Champ High\" \/>\n<meta property=\"og:description\" content=\"Pipa Champ High med tr\u00e4skaft. Njut av r\u00f6kning av torra \u00f6rtblandningar och tobak idag med denna 12 cm l\u00e5nga rena pipa fr\u00e5n Champ High.\" \/>\n<meta property=\"og:url\" content=\"https:\/\/www.swizzle.se\/produkt\/pipa-champ-high\/\" \/>\n<meta property=\"og:site_name\" content=\"Swizzle\" \/>\n<meta property=\"article:modified_time\" content=\"2026-02-04T14:19:18+00:00\" \/>\n<meta property=\"og:image\" content=\"https:\/\/www.swizzle.se\/wp-content\/uploads\/2025\/05\/wholesale-wooden-metal-pipe-champ-high-4.jpg\" \/>\n\t<meta property=\"og:image:width\" content=\"1000\" \/>\n\t<meta property=\"og:image:height\" content=\"1000\" \/>\n\t<meta property=\"og:image:type\" content=\"image\/jpeg\" \/>\n<meta name=\"twitter:card\" content=\"summary_large_image\" \/>\n<meta name=\"twitter:title\" content=\"Pipa Champ High\" \/>\n<meta name=\"twitter:description\" content=\"Pipa Champ High med tr\u00e4skaft. Njut av r\u00f6kning av torra \u00f6rtblandningar och tobak idag med denna 12 cm l\u00e5nga rena pipa fr\u00e5n Champ High.\" \/>\n<meta name=\"twitter:label1\" content=\"Pris\" \/>\n\t<meta name=\"twitter:data1\" content=\"99.00&nbsp;&#107;&#114;\" \/>\n\t<meta name=\"twitter:label2\" content=\"Tilg\u00e6ngelighed\" \/>\n\t<meta name=\"twitter:data2\" content=\"P\u00e5 lager\" \/>\n<script type=\"application\/ld+json\" class=\"yoast-schema-graph\">{\"@context\":\"https:\/\/schema.org\",\"@graph\":[{\"@type\":\"WebPage\",\"@id\":\"https:\/\/www.swizzle.se\/produkt\/pipa-champ-high\/\",\"url\":\"https:\/\/www.swizzle.se\/produkt\/pipa-champ-high\/\",\"name\":\"Pipa Champ High\",\"isPartOf\":{\"@id\":\"https:\/\/staging.swizzle.se\/#website\"},\"primaryImageOfPage\":{\"@id\":\"https:\/\/www.swizzle.se\/produkt\/pipa-champ-high\/#primaryimage\"},\"image\":{\"@id\":\"https:\/\/www.swizzle.se\/produkt\/pipa-champ-high\/#primaryimage\"},\"thumbnailUrl\":\"https:\/\/staging.swizzle.se\/wp-content\/uploads\/2025\/05\/wholesale-wooden-metal-pipe-champ-high-4.jpg\",\"datePublished\":\"2025-03-18T22:09:14+00:00\",\"dateModified\":\"2026-02-04T14:19:18+00:00\",\"description\":\"Pipa Champ High med tr\u00e4skaft. Njut av r\u00f6kning av torra \u00f6rtblandningar och tobak idag med denna 12 cm l\u00e5nga rena pipa fr\u00e5n Champ High.\",\"breadcrumb\":{\"@id\":\"https:\/\/www.swizzle.se\/produkt\/pipa-champ-high\/#breadcrumb\"},\"inLanguage\":\"da-DK\",\"potentialAction\":[{\"@type\":\"ReadAction\",\"target\":[\"https:\/\/www.swizzle.se\/produkt\/pipa-champ-high\/\"]}]},{\"@type\":\"ImageObject\",\"inLanguage\":\"da-DK\",\"@id\":\"https:\/\/www.swizzle.se\/produkt\/pipa-champ-high\/#primaryimage\",\"url\":\"https:\/\/staging.swizzle.se\/wp-content\/uploads\/2025\/05\/wholesale-wooden-metal-pipe-champ-high-4.jpg\",\"contentUrl\":\"https:\/\/staging.swizzle.se\/wp-content\/uploads\/2025\/05\/wholesale-wooden-metal-pipe-champ-high-4.jpg\",\"width\":1000,\"height\":1000,\"caption\":\"Bild pipa\"},{\"@type\":\"BreadcrumbList\",\"@id\":\"https:\/\/www.swizzle.se\/produkt\/pipa-champ-high\/#breadcrumb\",\"itemListElement\":[{\"@type\":\"ListItem\",\"position\":1,\"name\":\"Home\",\"item\":\"https:\/\/www.swizzle.se\/\"},{\"@type\":\"ListItem\",\"position\":2,\"name\":\"Shop\",\"item\":\"https:\/\/www.swizzle.se\/shop\/\"},{\"@type\":\"ListItem\",\"position\":3,\"name\":\"R\u00d6KTILLBEH\u00d6R\",\"item\":\"https:\/\/www.swizzle.se\/produkt-kategori\/roktillbehor\/\"},{\"@type\":\"ListItem\",\"position\":4,\"name\":\"PIPOR\",\"item\":\"https:\/\/www.swizzle.se\/produkt-kategori\/roktillbehor\/pipor-roktillbehor\/\"},{\"@type\":\"ListItem\",\"position\":5,\"name\":\"Pipa &#8211; Champ High Metal Pure med tr\u00e4skaft\"}]},{\"@type\":\"WebSite\",\"@id\":\"https:\/\/staging.swizzle.se\/#website\",\"url\":\"https:\/\/staging.swizzle.se\/\",\"name\":\"Swizzle\",\"description\":\"Nikotin CBD Vapes Snus White Portion\",\"publisher\":{\"@id\":\"https:\/\/staging.swizzle.se\/#organization\"},\"potentialAction\":[{\"@type\":\"SearchAction\",\"target\":{\"@type\":\"EntryPoint\",\"urlTemplate\":\"https:\/\/staging.swizzle.se\/?s={search_term_string}\"},\"query-input\":{\"@type\":\"PropertyValueSpecification\",\"valueRequired\":true,\"valueName\":\"search_term_string\"}}],\"inLanguage\":\"da-DK\"},{\"@type\":\"Organization\",\"@id\":\"https:\/\/staging.swizzle.se\/#organization\",\"name\":\"Swizzle\",\"url\":\"https:\/\/staging.swizzle.se\/\",\"logo\":{\"@type\":\"ImageObject\",\"inLanguage\":\"da-DK\",\"@id\":\"https:\/\/staging.swizzle.se\/#\/schema\/logo\/image\/\",\"url\":\"https:\/\/staging.swizzle.se\/wp-content\/uploads\/2025\/10\/cropped-SWIZZLE.-4.png\",\"contentUrl\":\"https:\/\/staging.swizzle.se\/wp-content\/uploads\/2025\/10\/cropped-SWIZZLE.-4.png\",\"width\":800,\"height\":267,\"caption\":\"Swizzle\"},\"image\":{\"@id\":\"https:\/\/staging.swizzle.se\/#\/schema\/logo\/image\/\"},\"hasMerchantReturnPolicy\":{\"@type\":\"MerchantReturnPolicy\",\"merchantReturnLink\":\"https:\/\/staging.swizzle.se\/dk\/villkor\/\"}}]}<\/script>\n<meta property=\"product:price:amount\" content=\"99.00\" \/>\n<meta property=\"product:price:currency\" content=\"SEK\" \/>\n<meta property=\"og:availability\" content=\"instock\" \/>\n<meta property=\"product:availability\" content=\"instock\" \/>\n<meta property=\"product:retailer_item_id\" content=\"49676\" \/>\n<meta property=\"product:condition\" content=\"new\" \/>\n<!-- \/ Yoast SEO Premium plugin. -->","yoast_head_json":{"title":"Pipa Champ High","description":"Pipa Champ High med tr\u00e4skaft. Njut av r\u00f6kning av torra \u00f6rtblandningar och tobak idag med denna 12 cm l\u00e5nga rena pipa fr\u00e5n Champ High.","robots":{"index":"noindex","follow":"follow","max-snippet":"max-snippet:-1","max-image-preview":"max-image-preview:large","max-video-preview":"max-video-preview:-1"},"og_locale":"da_DK","og_type":"article","og_title":"Pipa Champ High","og_description":"Pipa Champ High med tr\u00e4skaft. Njut av r\u00f6kning av torra \u00f6rtblandningar och tobak idag med denna 12 cm l\u00e5nga rena pipa fr\u00e5n Champ High.","og_url":"https:\/\/www.swizzle.se\/produkt\/pipa-champ-high\/","og_site_name":"Swizzle","article_modified_time":"2026-02-04T14:19:18+00:00","og_image":[{"width":1000,"height":1000,"url":"https:\/\/www.swizzle.se\/wp-content\/uploads\/2025\/05\/wholesale-wooden-metal-pipe-champ-high-4.jpg","type":"image\/jpeg"}],"twitter_card":"summary_large_image","twitter_title":"Pipa Champ High","twitter_description":"Pipa Champ High med tr\u00e4skaft. Njut av r\u00f6kning av torra \u00f6rtblandningar och tobak idag med denna 12 cm l\u00e5nga rena pipa fr\u00e5n Champ High.","twitter_misc":{"Pris":"99.00&nbsp;&#107;&#114;","Tilg\u00e6ngelighed":"P\u00e5 lager"},"schema":{"@context":"https:\/\/schema.org","@graph":[{"@type":"WebPage","@id":"https:\/\/www.swizzle.se\/produkt\/pipa-champ-high\/","url":"https:\/\/www.swizzle.se\/produkt\/pipa-champ-high\/","name":"Pipa Champ High","isPartOf":{"@id":"https:\/\/staging.swizzle.se\/#website"},"primaryImageOfPage":{"@id":"https:\/\/www.swizzle.se\/produkt\/pipa-champ-high\/#primaryimage"},"image":{"@id":"https:\/\/www.swizzle.se\/produkt\/pipa-champ-high\/#primaryimage"},"thumbnailUrl":"https:\/\/staging.swizzle.se\/wp-content\/uploads\/2025\/05\/wholesale-wooden-metal-pipe-champ-high-4.jpg","datePublished":"2025-03-18T22:09:14+00:00","dateModified":"2026-02-04T14:19:18+00:00","description":"Pipa Champ High med tr\u00e4skaft. Njut av r\u00f6kning av torra \u00f6rtblandningar och tobak idag med denna 12 cm l\u00e5nga rena pipa fr\u00e5n Champ High.","breadcrumb":{"@id":"https:\/\/www.swizzle.se\/produkt\/pipa-champ-high\/#breadcrumb"},"inLanguage":"da-DK","potentialAction":[{"@type":"ReadAction","target":["https:\/\/www.swizzle.se\/produkt\/pipa-champ-high\/"]}]},{"@type":"ImageObject","inLanguage":"da-DK","@id":"https:\/\/www.swizzle.se\/produkt\/pipa-champ-high\/#primaryimage","url":"https:\/\/staging.swizzle.se\/wp-content\/uploads\/2025\/05\/wholesale-wooden-metal-pipe-champ-high-4.jpg","contentUrl":"https:\/\/staging.swizzle.se\/wp-content\/uploads\/2025\/05\/wholesale-wooden-metal-pipe-champ-high-4.jpg","width":1000,"height":1000,"caption":"Bild pipa"},{"@type":"BreadcrumbList","@id":"https:\/\/www.swizzle.se\/produkt\/pipa-champ-high\/#breadcrumb","itemListElement":[{"@type":"ListItem","position":1,"name":"Home","item":"https:\/\/www.swizzle.se\/"},{"@type":"ListItem","position":2,"name":"Shop","item":"https:\/\/www.swizzle.se\/shop\/"},{"@type":"ListItem","position":3,"name":"R\u00d6KTILLBEH\u00d6R","item":"https:\/\/www.swizzle.se\/produkt-kategori\/roktillbehor\/"},{"@type":"ListItem","position":4,"name":"PIPOR","item":"https:\/\/www.swizzle.se\/produkt-kategori\/roktillbehor\/pipor-roktillbehor\/"},{"@type":"ListItem","position":5,"name":"Pipa &#8211; Champ High Metal Pure med tr\u00e4skaft"}]},{"@type":"WebSite","@id":"https:\/\/staging.swizzle.se\/#website","url":"https:\/\/staging.swizzle.se\/","name":"Swizzle","description":"Nikotin CBD Vapes Snus Hvid Portion","publisher":{"@id":"https:\/\/staging.swizzle.se\/#organization"},"potentialAction":[{"@type":"SearchAction","target":{"@type":"EntryPoint","urlTemplate":"https:\/\/staging.swizzle.se\/?s={search_term_string}"},"query-input":{"@type":"PropertyValueSpecification","valueRequired":true,"valueName":"search_term_string"}}],"inLanguage":"da-DK"},{"@type":"Organization","@id":"https:\/\/staging.swizzle.se\/#organization","name":"Swizzle","url":"https:\/\/staging.swizzle.se\/","logo":{"@type":"ImageObject","inLanguage":"da-DK","@id":"https:\/\/staging.swizzle.se\/#\/schema\/logo\/image\/","url":"https:\/\/staging.swizzle.se\/wp-content\/uploads\/2025\/10\/cropped-SWIZZLE.-4.png","contentUrl":"https:\/\/staging.swizzle.se\/wp-content\/uploads\/2025\/10\/cropped-SWIZZLE.-4.png","width":800,"height":267,"caption":"Swizzle"},"image":{"@id":"https:\/\/staging.swizzle.se\/#\/schema\/logo\/image\/"},"hasMerchantReturnPolicy":{"@type":"MerchantReturnPolicy","merchantReturnLink":"https:\/\/staging.swizzle.se\/dk\/villkor\/"}}]},"product_price_amount":"99.00","product_price_currency":"SEK","og_availability":"instock","product_availability":"instock","product_retailer_item_id":"49676","product_condition":"new"},"tiered_pricing_type":"fixed","tiered_pricing_fixed_rules":[],"tiered_pricing_product_settings":{"layout":"default","base_unit_name":{"singular":null,"plural":null},"default_variation":null},"tiered_pricing_minimum_quantity":null,"tiered_pricing_roles_data":[],"tiered_pricing_percentage_rules":[],"tiered_pricing_maximum_quantity":null,"tiered_pricing_quantity_step":null,"_links":{"self":[{"href":"https:\/\/staging.swizzle.se\/dk\/wp-json\/wp\/v2\/product\/260003","targetHints":{"allow":["GET"]}}],"collection":[{"href":"https:\/\/staging.swizzle.se\/dk\/wp-json\/wp\/v2\/product"}],"about":[{"href":"https:\/\/staging.swizzle.se\/dk\/wp-json\/wp\/v2\/types\/product"}],"replies":[{"embeddable":true,"href":"https:\/\/staging.swizzle.se\/dk\/wp-json\/wp\/v2\/comments?post=260003"}],"version-history":[{"count":0,"href":"https:\/\/staging.swizzle.se\/dk\/wp-json\/wp\/v2\/product\/260003\/revisions"}],"wp:featuredmedia":[{"embeddable":true,"href":"https:\/\/staging.swizzle.se\/dk\/wp-json\/wp\/v2\/media\/260005"}],"wp:attachment":[{"href":"https:\/\/staging.swizzle.se\/dk\/wp-json\/wp\/v2\/media?parent=260003"}],"wp:term":[{"taxonomy":"product_brand","embeddable":true,"href":"https:\/\/staging.swizzle.se\/dk\/wp-json\/wp\/v2\/product_brand?post=260003"},{"taxonomy":"product_cat","embeddable":true,"href":"https:\/\/staging.swizzle.se\/dk\/wp-json\/wp\/v2\/product_cat?post=260003"},{"taxonomy":"product_tag","embeddable":true,"href":"https:\/\/staging.swizzle.se\/dk\/wp-json\/wp\/v2\/product_tag?post=260003"},{"taxonomy":"superdeal","embeddable":true,"href":"https:\/\/staging.swizzle.se\/dk\/wp-json\/wp\/v2\/superdeal?post=260003"},{"taxonomy":"product_variant_id","embeddable":true,"href":"https:\/\/staging.swizzle.se\/dk\/wp-json\/wp\/v2\/product_variant_id?post=260003"}],"curies":[{"name":"wp","href":"https:\/\/api.w.org\/{rel}","templated":true}]}}