{"id":259969,"date":"2025-03-17T20:46:47","date_gmt":"2025-03-17T20:46:47","guid":{"rendered":"https:\/\/new.staging.swizzle.se\/produkt\/dynavap-the-b-vaporizer-for-dry-herb\/"},"modified":"2026-02-04T14:11:05","modified_gmt":"2026-02-04T14:11:05","slug":"dynavap-the-b-dry-herb-vaporizer","status":"publish","type":"product","link":"https:\/\/staging.swizzle.se\/dk\/product-2\/dynavap-the-b-dry-herb-vaporizer\/","title":{"rendered":"Dynavap The &#8221;B&#8221; Dry Herb Vaporizer"},"content":{"rendered":"<p data-start=\"113\" data-end=\"141\">Dynavap The &#8221;B&#8221; Dry Herb Vaporizer<\/p>\n<p data-start=\"113\" data-end=\"141\"><strong data-start=\"113\" data-end=\"141\">F\u00f6rdelarna med DynaVap B<\/strong><\/p>\n<p data-start=\"143\" data-end=\"280\"><strong data-start=\"143\" data-end=\"158\">H\u00e5llbarhet:<\/strong><br data-start=\"158\" data-end=\"161\" \/>Utformad med nyb\u00f6rjare i \u00e5tanke \u2013 \u201dB\u201d \u00e4r tillverkad av rostfritt st\u00e5l i medicinsk kvalitet och livsmedelss\u00e4ker silikon.<\/p>\n<p data-start=\"282\" data-end=\"398\"><strong data-start=\"282\" data-end=\"301\">Smakupplevelse:<\/strong><br data-start=\"301\" data-end=\"304\" \/>Lyft fram terpenerna i dina \u00f6rter! Upplev smaker p\u00e5 ett helt nytt s\u00e4tt med dina favoritv\u00e4xter.<\/p>\n<p data-start=\"400\" data-end=\"570\"><strong data-start=\"400\" data-end=\"431\">S\u00e4g hejd\u00e5 till f\u00f6rbr\u00e4nning:<\/strong><br data-start=\"431\" data-end=\"434\" \/>Njut av en r\u00f6kfri upplevelse! N\u00e4r du v\u00e4l provat en DynaVap-f\u00f6r\u00e5ngare kommer du uppt\u00e4cka en ny, renare v\u00e4rld av njutning \u2013 helt utan r\u00f6k.<\/p>\n<p data-start=\"572\" data-end=\"696\"><strong data-start=\"572\" data-end=\"606\">Kompakt, b\u00e4rbar och m\u00e5ngsidig:<\/strong><br data-start=\"606\" data-end=\"609\" \/>V\u00e5ra f\u00f6r\u00e5ngare \u00e4r s\u00e5 sm\u00e5 att de f\u00e5r plats i fickan \u2013 perfekta att ta med var du \u00e4n g\u00e5r!<\/p>\n<p data-start=\"698\" data-end=\"828\"><strong data-start=\"698\" data-end=\"726\">F\u00e5 ut mer av dina \u00f6rter:<\/strong><br data-start=\"726\" data-end=\"729\" \/>Med DynaVap-f\u00f6r\u00e5ngare anv\u00e4nder du \u00f6ver 50\u202f% mindre material \u2013 men f\u00e5r \u00e4nd\u00e5 ut fantastiska resultat.<\/p>\n<p data-start=\"830\" data-end=\"976\"><strong data-start=\"830\" data-end=\"852\">Helt utan batteri:<\/strong><br data-start=\"852\" data-end=\"855\" \/>DynaVap-enheter kr\u00e4ver inga batterier! Allt du beh\u00f6ver \u00e4r en v\u00e4rmek\u00e4lla, som en t\u00e4ndare eller bl\u00e5slampa \u2013 sen \u00e4r du redo!<\/p>","protected":false},"excerpt":{"rendered":"<p class=\"ai-optimize-52\"><strong>Dynavap The &#8221;B&#8221; Dry Herb Vaporizer<\/strong><br \/>\nLetar du efter ett enkelt och anv\u00e4ndarv\u00e4nligt s\u00e4tt att njuta av f\u00f6rdelarna med f\u00f6r\u00e5ngade extrakt? Se inte l\u00e4ngre \u00e4n till &#8221;B&#8221; fr\u00e5n DynaVap! Deras senaste skapelse av torr\u00f6rtvaporizer, &#8221;B&#8221; \u00e4r designad med f\u00f6rstag\u00e5ngsanv\u00e4ndare i \u00e5tanke, vilket g\u00f6r den till den perfekta ing\u00e5ngen till DynaVerse.<\/p>\n<p class=\"ai-optimize-53\"><strong>The &#8221;B&#8221;-funktioner<\/strong><\/p>\n<ul>\n<li class=\"ai-optimize-54\">Spetskammaren \u00e4r optimerad f\u00f6r utsugningseffektivitet<\/li>\n<li class=\"ai-optimize-55\">Anti-roll design<\/li>\n<li class=\"ai-optimize-56\">Silikonh\u00f6lje av livsmedelskvalitet<\/li>\n<li class=\"ai-optimize-57\">10 mm avsmalnande munstycke<\/li>\n<li class=\"ai-optimize-58\">O-ring valfri design f\u00f6r enkel montering och demontering<\/li>\n<li class=\"ai-optimize-59\">Silikonskaftet har femkantig anti-roll design och spetsh\u00f6jdsgeometri<\/li>\n<li class=\"ai-optimize-60\">Kondensorn kan justeras f\u00f6r att anpassa luftfl\u00f6de och kyla<\/li>\n<li class=\"ai-optimize-61\">Tip \u00e4r bak\u00e5tkompatibel med DynaVap-enheter och tillbeh\u00f6r<\/li>\n<li><\/li>\n<\/ul>\n<p><!--more--><\/p>\n<p class=\"ai-optimize-62\"><strong>Medf\u00f6ljer:<\/strong><br \/>\nDynavap The B<br \/>\nDynavap Cap<br \/>\nDricks<br \/>\nKondensor<br \/>\nCCD i rostfritt st\u00e5l<br \/>\nSilikon \u00e5nga<\/p>","protected":false},"featured_media":259971,"comment_status":"open","ping_status":"closed","template":"","meta":{"site-sidebar-layout":"default","site-content-layout":"","ast-site-content-layout":"default","site-content-style":"default","site-sidebar-style":"default","ast-global-header-display":"","ast-banner-title-visibility":"","ast-main-header-display":"","ast-hfb-above-header-display":"","ast-hfb-below-header-display":"","ast-hfb-mobile-header-display":"","site-post-title":"","ast-breadcrumbs-content":"","ast-featured-img":"","footer-sml-layout":"","ast-disable-related-posts":"","theme-transparent-header-meta":"","adv-header-id-meta":"","stick-header-meta":"","header-above-stick-meta":"","header-main-stick-meta":"","header-below-stick-meta":"","astra-migrate-meta-layouts":"default","ast-page-background-enabled":"default","ast-page-background-meta":{"desktop":{"background-color":"var(--ast-global-color-4)","background-image":"","background-repeat":"repeat","background-position":"center center","background-size":"auto","background-attachment":"scroll","background-type":"","background-media":"","overlay-type":"","overlay-color":"","overlay-opacity":"","overlay-gradient":""},"tablet":{"background-color":"","background-image":"","background-repeat":"repeat","background-position":"center center","background-size":"auto","background-attachment":"scroll","background-type":"","background-media":"","overlay-type":"","overlay-color":"","overlay-opacity":"","overlay-gradient":""},"mobile":{"background-color":"","background-image":"","background-repeat":"repeat","background-position":"center center","background-size":"auto","background-attachment":"scroll","background-type":"","background-media":"","overlay-type":"","overlay-color":"","overlay-opacity":"","overlay-gradient":""}},"ast-content-background-meta":{"desktop":{"background-color":"var(--ast-global-color-5)","background-image":"","background-repeat":"repeat","background-position":"center center","background-size":"auto","background-attachment":"scroll","background-type":"","background-media":"","overlay-type":"","overlay-color":"","overlay-opacity":"","overlay-gradient":""},"tablet":{"background-color":"var(--ast-global-color-5)","background-image":"","background-repeat":"repeat","background-position":"center center","background-size":"auto","background-attachment":"scroll","background-type":"","background-media":"","overlay-type":"","overlay-color":"","overlay-opacity":"","overlay-gradient":""},"mobile":{"background-color":"var(--ast-global-color-5)","background-image":"","background-repeat":"repeat","background-position":"center center","background-size":"auto","background-attachment":"scroll","background-type":"","background-media":"","overlay-type":"","overlay-color":"","overlay-opacity":"","overlay-gradient":""}}},"product_brand":[737],"product_cat":[284,395],"product_tag":[],"superdeal":[],"product_variant_id":[],"class_list":{"0":"post-259969","1":"product","2":"type-product","3":"status-publish","4":"has-post-thumbnail","6":"product_brand-dynavap","7":"product_cat-roktillbehor","8":"product_cat-vaporizer","9":"desktop-align-center","10":"tablet-align-left","11":"mobile-align-left","12":"ast-product-gallery-layout-horizontal-slider","13":"ast-magnify-disabled","14":"ast-product-tabs-layout-horizontal","16":"first","17":"outofstock","18":"taxable","19":"shipping-taxable","20":"purchasable","21":"product-type-simple"},"yoast_head":"<!-- This site is optimized with the Yoast SEO Premium plugin v26.9 (Yoast SEO v26.9) - https:\/\/yoast.com\/product\/yoast-seo-premium-wordpress\/ -->\n<title>Dynavap The &quot;B&quot; Dry Herb Vaporizer<\/title>\n<meta name=\"description\" content=\"Dynavap The &quot;B&quot; Dry Herb Vaporizer. Letar du efter ett enkelt och anv\u00e4ndarv\u00e4nligt s\u00e4tt att njuta av f\u00f6rdelarna med f\u00f6r\u00e5ngade extrakt?\" \/>\n<meta name=\"robots\" content=\"noindex, follow, max-snippet:-1, max-image-preview:large, max-video-preview:-1\" \/>\n<meta property=\"og:locale\" content=\"da_DK\" \/>\n<meta property=\"og:type\" content=\"article\" \/>\n<meta property=\"og:title\" content=\"Dynavap The &quot;B&quot; Dry Herb Vaporizer\" \/>\n<meta property=\"og:description\" content=\"DynaVap - The BLetar du efter ett enkelt och anv\u00e4ndarv\u00e4nligt s\u00e4tt att njuta av f\u00f6rdelarna med f\u00f6r\u00e5ngade extrakt? Se inte l\u00e4ngre \u00e4n till &quot;B&quot; fr\u00e5n DynaVap!\" \/>\n<meta property=\"og:url\" content=\"https:\/\/www.swizzle.se\/produkt\/dynavap-the-b-dry-herb-vaporizer\/\" \/>\n<meta property=\"og:site_name\" content=\"Swizzle\" \/>\n<meta property=\"article:modified_time\" content=\"2026-02-04T14:11:05+00:00\" \/>\n<meta property=\"og:image\" content=\"https:\/\/www.swizzle.se\/wp-content\/uploads\/2025\/05\/Dynavap-the-B-vape-pen_3024x.webp\" \/>\n\t<meta property=\"og:image:width\" content=\"770\" \/>\n\t<meta property=\"og:image:height\" content=\"770\" \/>\n\t<meta property=\"og:image:type\" content=\"image\/webp\" \/>\n<meta name=\"twitter:card\" content=\"summary_large_image\" \/>\n<meta name=\"twitter:title\" content=\"Dynavap The &quot;B&quot; Dry Herb Vaporizer\" \/>\n<meta name=\"twitter:description\" content=\"DynaVap - The BLetar du efter ett enkelt och anv\u00e4ndarv\u00e4nligt s\u00e4tt att njuta av f\u00f6rdelarna med f\u00f6r\u00e5ngade extrakt? Se inte l\u00e4ngre \u00e4n till &quot;B&quot; fr\u00e5n DynaVap!\" \/>\n<meta name=\"twitter:label1\" content=\"Pris\" \/>\n\t<meta name=\"twitter:data1\" content=\"479.00&nbsp;&#107;&#114;\" \/>\n\t<meta name=\"twitter:label2\" content=\"Tilg\u00e6ngelighed\" \/>\n\t<meta name=\"twitter:data2\" content=\"Ikke p\u00e5 lager\" \/>\n<script type=\"application\/ld+json\" class=\"yoast-schema-graph\">{\"@context\":\"https:\/\/schema.org\",\"@graph\":[{\"@type\":\"WebPage\",\"@id\":\"https:\/\/www.swizzle.se\/produkt\/dynavap-the-b-dry-herb-vaporizer\/\",\"url\":\"https:\/\/www.swizzle.se\/produkt\/dynavap-the-b-dry-herb-vaporizer\/\",\"name\":\"Dynavap The \\\"B\\\" Dry Herb Vaporizer\",\"isPartOf\":{\"@id\":\"https:\/\/staging.swizzle.se\/#website\"},\"primaryImageOfPage\":{\"@id\":\"https:\/\/www.swizzle.se\/produkt\/dynavap-the-b-dry-herb-vaporizer\/#primaryimage\"},\"image\":{\"@id\":\"https:\/\/www.swizzle.se\/produkt\/dynavap-the-b-dry-herb-vaporizer\/#primaryimage\"},\"thumbnailUrl\":\"https:\/\/staging.swizzle.se\/wp-content\/uploads\/2025\/05\/Dynavap-the-B-vape-pen_3024x.webp\",\"datePublished\":\"2025-03-17T20:46:47+00:00\",\"dateModified\":\"2026-02-04T14:11:05+00:00\",\"description\":\"Dynavap The \\\"B\\\" Dry Herb Vaporizer. Letar du efter ett enkelt och anv\u00e4ndarv\u00e4nligt s\u00e4tt att njuta av f\u00f6rdelarna med f\u00f6r\u00e5ngade extrakt?\",\"breadcrumb\":{\"@id\":\"https:\/\/www.swizzle.se\/produkt\/dynavap-the-b-dry-herb-vaporizer\/#breadcrumb\"},\"inLanguage\":\"da-DK\",\"potentialAction\":[{\"@type\":\"ReadAction\",\"target\":[\"https:\/\/www.swizzle.se\/produkt\/dynavap-the-b-dry-herb-vaporizer\/\"]}]},{\"@type\":\"ImageObject\",\"inLanguage\":\"da-DK\",\"@id\":\"https:\/\/www.swizzle.se\/produkt\/dynavap-the-b-dry-herb-vaporizer\/#primaryimage\",\"url\":\"https:\/\/staging.swizzle.se\/wp-content\/uploads\/2025\/05\/Dynavap-the-B-vape-pen_3024x.webp\",\"contentUrl\":\"https:\/\/staging.swizzle.se\/wp-content\/uploads\/2025\/05\/Dynavap-the-B-vape-pen_3024x.webp\",\"width\":770,\"height\":770,\"caption\":\"Dynavap the B\"},{\"@type\":\"BreadcrumbList\",\"@id\":\"https:\/\/www.swizzle.se\/produkt\/dynavap-the-b-dry-herb-vaporizer\/#breadcrumb\",\"itemListElement\":[{\"@type\":\"ListItem\",\"position\":1,\"name\":\"Home\",\"item\":\"https:\/\/www.swizzle.se\/\"},{\"@type\":\"ListItem\",\"position\":2,\"name\":\"Shop\",\"item\":\"https:\/\/www.swizzle.se\/shop\/\"},{\"@type\":\"ListItem\",\"position\":3,\"name\":\"R\u00d6KTILLBEH\u00d6R\",\"item\":\"https:\/\/www.swizzle.se\/produkt-kategori\/roktillbehor\/\"},{\"@type\":\"ListItem\",\"position\":4,\"name\":\"VAPORIZER\",\"item\":\"https:\/\/www.swizzle.se\/produkt-kategori\/roktillbehor\/vaporizer\/\"},{\"@type\":\"ListItem\",\"position\":5,\"name\":\"Dynavap The &#8221;B&#8221; Dry Herb Vaporizer\"}]},{\"@type\":\"WebSite\",\"@id\":\"https:\/\/staging.swizzle.se\/#website\",\"url\":\"https:\/\/staging.swizzle.se\/\",\"name\":\"Swizzle\",\"description\":\"Nikotin CBD Vapes Snus White Portion\",\"publisher\":{\"@id\":\"https:\/\/staging.swizzle.se\/#organization\"},\"potentialAction\":[{\"@type\":\"SearchAction\",\"target\":{\"@type\":\"EntryPoint\",\"urlTemplate\":\"https:\/\/staging.swizzle.se\/?s={search_term_string}\"},\"query-input\":{\"@type\":\"PropertyValueSpecification\",\"valueRequired\":true,\"valueName\":\"search_term_string\"}}],\"inLanguage\":\"da-DK\"},{\"@type\":\"Organization\",\"@id\":\"https:\/\/staging.swizzle.se\/#organization\",\"name\":\"Swizzle\",\"url\":\"https:\/\/staging.swizzle.se\/\",\"logo\":{\"@type\":\"ImageObject\",\"inLanguage\":\"da-DK\",\"@id\":\"https:\/\/staging.swizzle.se\/#\/schema\/logo\/image\/\",\"url\":\"https:\/\/staging.swizzle.se\/wp-content\/uploads\/2025\/10\/cropped-SWIZZLE.-4.png\",\"contentUrl\":\"https:\/\/staging.swizzle.se\/wp-content\/uploads\/2025\/10\/cropped-SWIZZLE.-4.png\",\"width\":800,\"height\":267,\"caption\":\"Swizzle\"},\"image\":{\"@id\":\"https:\/\/staging.swizzle.se\/#\/schema\/logo\/image\/\"},\"hasMerchantReturnPolicy\":{\"@type\":\"MerchantReturnPolicy\",\"merchantReturnLink\":\"https:\/\/staging.swizzle.se\/dk\/villkor\/\"}}]}<\/script>\n<meta property=\"product:price:amount\" content=\"479.00\" \/>\n<meta property=\"product:price:currency\" content=\"SEK\" \/>\n<meta property=\"og:availability\" content=\"out of stock\" \/>\n<meta property=\"product:availability\" content=\"out of stock\" \/>\n<meta property=\"product:retailer_item_id\" content=\"294766\" \/>\n<meta property=\"product:condition\" content=\"new\" \/>\n<!-- \/ Yoast SEO Premium plugin. -->","yoast_head_json":{"title":"Dynavap The \"B\" Dry Herb Vaporizer","description":"Dynavap The \"B\" Dry Herb Vaporizer. Letar du efter ett enkelt och anv\u00e4ndarv\u00e4nligt s\u00e4tt att njuta av f\u00f6rdelarna med f\u00f6r\u00e5ngade extrakt?","robots":{"index":"noindex","follow":"follow","max-snippet":"max-snippet:-1","max-image-preview":"max-image-preview:large","max-video-preview":"max-video-preview:-1"},"og_locale":"da_DK","og_type":"article","og_title":"Dynavap The \"B\" Dry Herb Vaporizer","og_description":"DynaVap - The BLetar du efter ett enkelt och anv\u00e4ndarv\u00e4nligt s\u00e4tt att njuta av f\u00f6rdelarna med f\u00f6r\u00e5ngade extrakt? Se inte l\u00e4ngre \u00e4n till \"B\" fr\u00e5n DynaVap!","og_url":"https:\/\/www.swizzle.se\/produkt\/dynavap-the-b-dry-herb-vaporizer\/","og_site_name":"Swizzle","article_modified_time":"2026-02-04T14:11:05+00:00","og_image":[{"width":770,"height":770,"url":"https:\/\/www.swizzle.se\/wp-content\/uploads\/2025\/05\/Dynavap-the-B-vape-pen_3024x.webp","type":"image\/webp"}],"twitter_card":"summary_large_image","twitter_title":"Dynavap The \"B\" Dry Herb Vaporizer","twitter_description":"DynaVap - The BLetar du efter ett enkelt och anv\u00e4ndarv\u00e4nligt s\u00e4tt att njuta av f\u00f6rdelarna med f\u00f6r\u00e5ngade extrakt? Se inte l\u00e4ngre \u00e4n till \"B\" fr\u00e5n DynaVap!","twitter_misc":{"Pris":"479.00&nbsp;&#107;&#114;","Tilg\u00e6ngelighed":"Ikke p\u00e5 lager"},"schema":{"@context":"https:\/\/schema.org","@graph":[{"@type":"WebPage","@id":"https:\/\/www.swizzle.se\/produkt\/dynavap-the-b-dry-herb-vaporizer\/","url":"https:\/\/www.swizzle.se\/produkt\/dynavap-the-b-dry-herb-vaporizer\/","name":"Dynavap The \"B\" Dry Herb Vaporizer","isPartOf":{"@id":"https:\/\/staging.swizzle.se\/#website"},"primaryImageOfPage":{"@id":"https:\/\/www.swizzle.se\/produkt\/dynavap-the-b-dry-herb-vaporizer\/#primaryimage"},"image":{"@id":"https:\/\/www.swizzle.se\/produkt\/dynavap-the-b-dry-herb-vaporizer\/#primaryimage"},"thumbnailUrl":"https:\/\/staging.swizzle.se\/wp-content\/uploads\/2025\/05\/Dynavap-the-B-vape-pen_3024x.webp","datePublished":"2025-03-17T20:46:47+00:00","dateModified":"2026-02-04T14:11:05+00:00","description":"Dynavap The \"B\" Dry Herb Vaporizer. Letar du efter ett enkelt och anv\u00e4ndarv\u00e4nligt s\u00e4tt att njuta av f\u00f6rdelarna med f\u00f6r\u00e5ngade extrakt?","breadcrumb":{"@id":"https:\/\/www.swizzle.se\/produkt\/dynavap-the-b-dry-herb-vaporizer\/#breadcrumb"},"inLanguage":"da-DK","potentialAction":[{"@type":"ReadAction","target":["https:\/\/www.swizzle.se\/produkt\/dynavap-the-b-dry-herb-vaporizer\/"]}]},{"@type":"ImageObject","inLanguage":"da-DK","@id":"https:\/\/www.swizzle.se\/produkt\/dynavap-the-b-dry-herb-vaporizer\/#primaryimage","url":"https:\/\/staging.swizzle.se\/wp-content\/uploads\/2025\/05\/Dynavap-the-B-vape-pen_3024x.webp","contentUrl":"https:\/\/staging.swizzle.se\/wp-content\/uploads\/2025\/05\/Dynavap-the-B-vape-pen_3024x.webp","width":770,"height":770,"caption":"Dynavap the B"},{"@type":"BreadcrumbList","@id":"https:\/\/www.swizzle.se\/produkt\/dynavap-the-b-dry-herb-vaporizer\/#breadcrumb","itemListElement":[{"@type":"ListItem","position":1,"name":"Home","item":"https:\/\/www.swizzle.se\/"},{"@type":"ListItem","position":2,"name":"Shop","item":"https:\/\/www.swizzle.se\/shop\/"},{"@type":"ListItem","position":3,"name":"R\u00d6KTILLBEH\u00d6R","item":"https:\/\/www.swizzle.se\/produkt-kategori\/roktillbehor\/"},{"@type":"ListItem","position":4,"name":"VAPORIZER","item":"https:\/\/www.swizzle.se\/produkt-kategori\/roktillbehor\/vaporizer\/"},{"@type":"ListItem","position":5,"name":"Dynavap The &#8221;B&#8221; Dry Herb Vaporizer"}]},{"@type":"WebSite","@id":"https:\/\/staging.swizzle.se\/#website","url":"https:\/\/staging.swizzle.se\/","name":"Swizzle","description":"Nikotin CBD Vapes Snus Hvid Portion","publisher":{"@id":"https:\/\/staging.swizzle.se\/#organization"},"potentialAction":[{"@type":"SearchAction","target":{"@type":"EntryPoint","urlTemplate":"https:\/\/staging.swizzle.se\/?s={search_term_string}"},"query-input":{"@type":"PropertyValueSpecification","valueRequired":true,"valueName":"search_term_string"}}],"inLanguage":"da-DK"},{"@type":"Organization","@id":"https:\/\/staging.swizzle.se\/#organization","name":"Swizzle","url":"https:\/\/staging.swizzle.se\/","logo":{"@type":"ImageObject","inLanguage":"da-DK","@id":"https:\/\/staging.swizzle.se\/#\/schema\/logo\/image\/","url":"https:\/\/staging.swizzle.se\/wp-content\/uploads\/2025\/10\/cropped-SWIZZLE.-4.png","contentUrl":"https:\/\/staging.swizzle.se\/wp-content\/uploads\/2025\/10\/cropped-SWIZZLE.-4.png","width":800,"height":267,"caption":"Swizzle"},"image":{"@id":"https:\/\/staging.swizzle.se\/#\/schema\/logo\/image\/"},"hasMerchantReturnPolicy":{"@type":"MerchantReturnPolicy","merchantReturnLink":"https:\/\/staging.swizzle.se\/dk\/villkor\/"}}]},"product_price_amount":"479.00","product_price_currency":"SEK","og_availability":"out of stock","product_availability":"out of stock","product_retailer_item_id":"294766","product_condition":"new"},"tiered_pricing_type":"fixed","tiered_pricing_fixed_rules":[],"tiered_pricing_product_settings":{"layout":"default","base_unit_name":{"singular":null,"plural":null},"default_variation":null},"tiered_pricing_minimum_quantity":null,"tiered_pricing_roles_data":[],"tiered_pricing_percentage_rules":[],"tiered_pricing_maximum_quantity":null,"tiered_pricing_quantity_step":null,"_links":{"self":[{"href":"https:\/\/staging.swizzle.se\/dk\/wp-json\/wp\/v2\/product\/259969","targetHints":{"allow":["GET"]}}],"collection":[{"href":"https:\/\/staging.swizzle.se\/dk\/wp-json\/wp\/v2\/product"}],"about":[{"href":"https:\/\/staging.swizzle.se\/dk\/wp-json\/wp\/v2\/types\/product"}],"replies":[{"embeddable":true,"href":"https:\/\/staging.swizzle.se\/dk\/wp-json\/wp\/v2\/comments?post=259969"}],"version-history":[{"count":0,"href":"https:\/\/staging.swizzle.se\/dk\/wp-json\/wp\/v2\/product\/259969\/revisions"}],"wp:featuredmedia":[{"embeddable":true,"href":"https:\/\/staging.swizzle.se\/dk\/wp-json\/wp\/v2\/media\/259971"}],"wp:attachment":[{"href":"https:\/\/staging.swizzle.se\/dk\/wp-json\/wp\/v2\/media?parent=259969"}],"wp:term":[{"taxonomy":"product_brand","embeddable":true,"href":"https:\/\/staging.swizzle.se\/dk\/wp-json\/wp\/v2\/product_brand?post=259969"},{"taxonomy":"product_cat","embeddable":true,"href":"https:\/\/staging.swizzle.se\/dk\/wp-json\/wp\/v2\/product_cat?post=259969"},{"taxonomy":"product_tag","embeddable":true,"href":"https:\/\/staging.swizzle.se\/dk\/wp-json\/wp\/v2\/product_tag?post=259969"},{"taxonomy":"superdeal","embeddable":true,"href":"https:\/\/staging.swizzle.se\/dk\/wp-json\/wp\/v2\/superdeal?post=259969"},{"taxonomy":"product_variant_id","embeddable":true,"href":"https:\/\/staging.swizzle.se\/dk\/wp-json\/wp\/v2\/product_variant_id?post=259969"}],"curies":[{"name":"wp","href":"https:\/\/api.w.org\/{rel}","templated":true}]}}