{"id":259959,"date":"2025-03-17T20:24:17","date_gmt":"2025-03-17T20:24:17","guid":{"rendered":"https:\/\/new.staging.swizzle.se\/produkt\/flowermate-wix-vaporizer\/"},"modified":"2026-02-04T18:46:54","modified_gmt":"2026-02-04T18:46:54","slug":"flowermate-wix-vaporizer","status":"publish","type":"product","link":"https:\/\/staging.swizzle.se\/dk\/product-2\/flowermate-wix-vaporizer\/","title":{"rendered":"Flowermate WIX Vaporizer"},"content":{"rendered":"<p>Flowermate WIX Vaporizer\u00a0\u00e4r en av de b\u00e4sta pennf\u00f6r\u00e5ngarna speciellt designade f\u00f6r koncentrat, vax och extrakt. Den har en elegant och kompakt design, vilket g\u00f6r den superportabel! Med sin rena keramiska v\u00e4rmeslinga kan du v\u00e4lja mellan tre bekv\u00e4ma temperaturinst\u00e4llningar \u2013 h\u00f6g, medium och l\u00e5g \u2013 och skr\u00e4ddarsy din upplevelse precis som du vill ha den.<\/p>\n<p>Tillverkad av h\u00f6gkvalitativa material, den har ett elegant svart keramiskt munstycke och en robust v\u00e4rmekammare av borosilikat. Dessutom kommer WIX med laddning av typ C f\u00f6r extra bekv\u00e4mlighet, ett 350 mAh batteri och en imponerande 10-sekunders f\u00f6rv\u00e4rmningsfunktion, s\u00e5 att du kan njuta av dabs n\u00e4r du \u00e4r p\u00e5 spr\u00e5ng, n\u00e4r som helst och var som helst!<\/p>\n<ul>\n<li>G\u00e4nga: 510<\/li>\n<li>F\u00f6ruppv\u00e4rmning: 10 sek<\/li>\n<li>Effektval: 3,3V \/ 3,6V \/ 3,8V<\/li>\n<li>Batteri: 350 mAh<\/li>\n<li>Laddning: USB-C<\/li>\n<li>H\u00f6jd: 122 mm<\/li>\n<\/ul>\n<p><strong>Inkluderat:<\/strong><br \/>\nFlowermate Wix<br \/>\nMunstycks-filter<br \/>\nPackingsverktyg<br \/>\nReng\u00f6ringspinne<br \/>\nUSB-C kabel<br \/>\nAnv\u00e4ndarmanual<\/p>\n<p><strong>V\u00e4nligen notera:<\/strong> med koncentrat menas exempelvis rosin, olja, vax, BHO (Butane Honey Oil), shatter och budder. Garantin g\u00e4ller inte om vaporizern g\u00e5r s\u00f6nder f\u00f6r att man f\u00f6rs\u00f6kt f\u00f6r\u00e5nga n\u00e5got annat \u00e4n just ett \u00e4kta koncentrat.<\/p>","protected":false},"excerpt":{"rendered":"<p class=\"ai-optimize-28\"><span class=\"Y2IQFc\" lang=\"sv\"><strong>Flowermate WIX Nyckelfunktioner<\/strong> <\/span><\/p>\n<p class=\"ai-optimize-29\"><span class=\"Y2IQFc\" lang=\"sv\">Flowermate \u00e4r k\u00e4nda f\u00f6r att g\u00f6ra anv\u00e4ndarv\u00e4nliga vaporizers som \u00e4r enkla att anv\u00e4nda och underh\u00e5lla, och WIX lever verkligen upp till ryktet. H\u00e4r \u00e4r n\u00e5gra av de mest anm\u00e4rkningsv\u00e4rda sakerna med denna vape i fickstorlek: <\/span><\/p>\n<ul>\n<li class=\"ai-optimize-30\"><span class=\"Y2IQFc\" lang=\"sv\">Zirconia munstycke <\/span><\/li>\n<li class=\"ai-optimize-31\"><span class=\"Y2IQFc\" lang=\"sv\">Ren keramisk v\u00e4rmeslinga <\/span><\/li>\n<li class=\"ai-optimize-32\"><span class=\"Y2IQFc\" lang=\"sv\">Utbytbar Atomizer <\/span><\/li>\n<li class=\"ai-optimize-33\"><span class=\"Y2IQFc\" lang=\"sv\">3 F\u00f6rinst\u00e4llda temperaturer<\/span><\/li>\n<li class=\"ai-optimize-34\"><span class=\"Y2IQFc\" lang=\"sv\">10 sekunder F\u00f6rv\u00e4rmning <\/span><\/li>\n<li class=\"ai-optimize-35\"><span class=\"Y2IQFc\" lang=\"sv\">510-g\u00e4ngning <\/span><\/li>\n<li class=\"ai-optimize-36\"><span class=\"Y2IQFc\" lang=\"sv\">Typ-C laddning<\/span><\/li>\n<\/ul>","protected":false},"featured_media":259961,"comment_status":"open","ping_status":"closed","template":"","meta":{"site-sidebar-layout":"default","site-content-layout":"","ast-site-content-layout":"default","site-content-style":"default","site-sidebar-style":"default","ast-global-header-display":"","ast-banner-title-visibility":"","ast-main-header-display":"","ast-hfb-above-header-display":"","ast-hfb-below-header-display":"","ast-hfb-mobile-header-display":"","site-post-title":"","ast-breadcrumbs-content":"","ast-featured-img":"","footer-sml-layout":"","ast-disable-related-posts":"","theme-transparent-header-meta":"default","adv-header-id-meta":"","stick-header-meta":"default","header-above-stick-meta":"","header-main-stick-meta":"","header-below-stick-meta":"","astra-migrate-meta-layouts":"set","ast-page-background-enabled":"default","ast-page-background-meta":{"desktop":{"background-color":"var(--ast-global-color-4)","background-image":"","background-repeat":"repeat","background-position":"center center","background-size":"auto","background-attachment":"scroll","background-type":"","background-media":"","overlay-type":"","overlay-color":"","overlay-opacity":"","overlay-gradient":""},"tablet":{"background-color":"","background-image":"","background-repeat":"repeat","background-position":"center center","background-size":"auto","background-attachment":"scroll","background-type":"","background-media":"","overlay-type":"","overlay-color":"","overlay-opacity":"","overlay-gradient":""},"mobile":{"background-color":"","background-image":"","background-repeat":"repeat","background-position":"center center","background-size":"auto","background-attachment":"scroll","background-type":"","background-media":"","overlay-type":"","overlay-color":"","overlay-opacity":"","overlay-gradient":""}},"ast-content-background-meta":{"desktop":{"background-color":"var(--ast-global-color-5)","background-image":"","background-repeat":"repeat","background-position":"center center","background-size":"auto","background-attachment":"scroll","background-type":"","background-media":"","overlay-type":"","overlay-color":"","overlay-opacity":"","overlay-gradient":""},"tablet":{"background-color":"var(--ast-global-color-5)","background-image":"","background-repeat":"repeat","background-position":"center center","background-size":"auto","background-attachment":"scroll","background-type":"","background-media":"","overlay-type":"","overlay-color":"","overlay-opacity":"","overlay-gradient":""},"mobile":{"background-color":"var(--ast-global-color-5)","background-image":"","background-repeat":"repeat","background-position":"center center","background-size":"auto","background-attachment":"scroll","background-type":"","background-media":"","overlay-type":"","overlay-color":"","overlay-opacity":"","overlay-gradient":""}}},"product_brand":[740],"product_cat":[284,395],"product_tag":[],"superdeal":[],"product_variant_id":[],"class_list":{"0":"post-259959","1":"product","2":"type-product","3":"status-publish","4":"has-post-thumbnail","6":"product_brand-flowermate","7":"product_cat-roktillbehor","8":"product_cat-vaporizer","9":"desktop-align-center","10":"tablet-align-left","11":"mobile-align-left","12":"ast-product-gallery-layout-horizontal-slider","13":"ast-magnify-disabled","14":"ast-product-tabs-layout-horizontal","16":"first","17":"instock","18":"taxable","19":"shipping-taxable","20":"purchasable","21":"product-type-simple"},"yoast_head":"<!-- This site is optimized with the Yoast SEO Premium plugin v26.9 (Yoast SEO v26.9) - https:\/\/yoast.com\/product\/yoast-seo-premium-wordpress\/ -->\n<title>Flowermate WIX Vaporizer<\/title>\n<meta name=\"description\" content=\"Flowermate WIX Vaporizer \u00e4r en av de b\u00e4sta vaporizerna speciellt designade f\u00f6r koncentrat, vax och extrakt. Tillverkad med h\u00f6g kvalitet och tre v\u00e4rmel\u00e4gen.\" \/>\n<meta name=\"robots\" content=\"noindex, follow, max-snippet:-1, max-image-preview:large, max-video-preview:-1\" \/>\n<meta property=\"og:locale\" content=\"da_DK\" \/>\n<meta property=\"og:type\" content=\"article\" \/>\n<meta property=\"og:title\" content=\"Flowermate WIX Vaporizer\" \/>\n<meta property=\"og:description\" content=\"Flowermate WIX Vaporizer \u00e4r en av de b\u00e4sta vaporizerna speciellt designade f\u00f6r koncentrat, vax och extrakt. Tillverkad med h\u00f6g kvalitet och tre v\u00e4rmel\u00e4gen.\" \/>\n<meta property=\"og:url\" content=\"https:\/\/www.swizzle.se\/produkt\/flowermate-wix-vaporizer\/\" \/>\n<meta property=\"og:site_name\" content=\"Swizzle\" \/>\n<meta property=\"article:modified_time\" content=\"2026-02-04T18:46:54+00:00\" \/>\n<meta property=\"og:image\" content=\"https:\/\/www.swizzle.se\/wp-content\/uploads\/2025\/05\/6554fa60717d0.webp\" \/>\n\t<meta property=\"og:image:width\" content=\"770\" \/>\n\t<meta property=\"og:image:height\" content=\"770\" \/>\n\t<meta property=\"og:image:type\" content=\"image\/webp\" \/>\n<meta name=\"twitter:card\" content=\"summary_large_image\" \/>\n<meta name=\"twitter:title\" content=\"Flowermate WIX Vaporizer\" \/>\n<meta name=\"twitter:description\" content=\"Flowermate WIX Vaporizer \u00e4r en av de b\u00e4sta vaporizerna speciellt designade f\u00f6r koncentrat, vax och extrakt. Tillverkad med h\u00f6g kvalitet och tre v\u00e4rmel\u00e4gen.\" \/>\n<meta name=\"twitter:label1\" content=\"Pris\" \/>\n\t<meta name=\"twitter:data1\" content=\"679.00&nbsp;&#107;&#114;\" \/>\n\t<meta name=\"twitter:label2\" content=\"Tilg\u00e6ngelighed\" \/>\n\t<meta name=\"twitter:data2\" content=\"P\u00e5 lager\" \/>\n<script type=\"application\/ld+json\" class=\"yoast-schema-graph\">{\"@context\":\"https:\/\/schema.org\",\"@graph\":[{\"@type\":\"WebPage\",\"@id\":\"https:\/\/www.swizzle.se\/produkt\/flowermate-wix-vaporizer\/\",\"url\":\"https:\/\/www.swizzle.se\/produkt\/flowermate-wix-vaporizer\/\",\"name\":\"Flowermate WIX Vaporizer\",\"isPartOf\":{\"@id\":\"https:\/\/staging.swizzle.se\/#website\"},\"primaryImageOfPage\":{\"@id\":\"https:\/\/www.swizzle.se\/produkt\/flowermate-wix-vaporizer\/#primaryimage\"},\"image\":{\"@id\":\"https:\/\/www.swizzle.se\/produkt\/flowermate-wix-vaporizer\/#primaryimage\"},\"thumbnailUrl\":\"https:\/\/staging.swizzle.se\/wp-content\/uploads\/2025\/05\/6554fa60717d0.webp\",\"datePublished\":\"2025-03-17T20:24:17+00:00\",\"dateModified\":\"2026-02-04T18:46:54+00:00\",\"description\":\"Flowermate WIX Vaporizer \u00e4r en av de b\u00e4sta vaporizerna speciellt designade f\u00f6r koncentrat, vax och extrakt. Tillverkad med h\u00f6g kvalitet och tre v\u00e4rmel\u00e4gen.\",\"breadcrumb\":{\"@id\":\"https:\/\/www.swizzle.se\/produkt\/flowermate-wix-vaporizer\/#breadcrumb\"},\"inLanguage\":\"da-DK\",\"potentialAction\":[{\"@type\":\"ReadAction\",\"target\":[\"https:\/\/www.swizzle.se\/produkt\/flowermate-wix-vaporizer\/\"]}]},{\"@type\":\"ImageObject\",\"inLanguage\":\"da-DK\",\"@id\":\"https:\/\/www.swizzle.se\/produkt\/flowermate-wix-vaporizer\/#primaryimage\",\"url\":\"https:\/\/staging.swizzle.se\/wp-content\/uploads\/2025\/05\/6554fa60717d0.webp\",\"contentUrl\":\"https:\/\/staging.swizzle.se\/wp-content\/uploads\/2025\/05\/6554fa60717d0.webp\",\"width\":770,\"height\":770,\"caption\":\"flowermate-wix-1\"},{\"@type\":\"BreadcrumbList\",\"@id\":\"https:\/\/www.swizzle.se\/produkt\/flowermate-wix-vaporizer\/#breadcrumb\",\"itemListElement\":[{\"@type\":\"ListItem\",\"position\":1,\"name\":\"Home\",\"item\":\"https:\/\/www.swizzle.se\/\"},{\"@type\":\"ListItem\",\"position\":2,\"name\":\"Shop\",\"item\":\"https:\/\/www.swizzle.se\/shop\/\"},{\"@type\":\"ListItem\",\"position\":3,\"name\":\"R\u00d6KTILLBEH\u00d6R\",\"item\":\"https:\/\/www.swizzle.se\/produkt-kategori\/roktillbehor\/\"},{\"@type\":\"ListItem\",\"position\":4,\"name\":\"VAPORIZER\",\"item\":\"https:\/\/www.swizzle.se\/produkt-kategori\/roktillbehor\/vaporizer\/\"},{\"@type\":\"ListItem\",\"position\":5,\"name\":\"Flowermate WIX Vaporizer\"}]},{\"@type\":\"WebSite\",\"@id\":\"https:\/\/staging.swizzle.se\/#website\",\"url\":\"https:\/\/staging.swizzle.se\/\",\"name\":\"Swizzle\",\"description\":\"Nikotin CBD Vapes Snus White Portion\",\"publisher\":{\"@id\":\"https:\/\/staging.swizzle.se\/#organization\"},\"potentialAction\":[{\"@type\":\"SearchAction\",\"target\":{\"@type\":\"EntryPoint\",\"urlTemplate\":\"https:\/\/staging.swizzle.se\/?s={search_term_string}\"},\"query-input\":{\"@type\":\"PropertyValueSpecification\",\"valueRequired\":true,\"valueName\":\"search_term_string\"}}],\"inLanguage\":\"da-DK\"},{\"@type\":\"Organization\",\"@id\":\"https:\/\/staging.swizzle.se\/#organization\",\"name\":\"Swizzle\",\"url\":\"https:\/\/staging.swizzle.se\/\",\"logo\":{\"@type\":\"ImageObject\",\"inLanguage\":\"da-DK\",\"@id\":\"https:\/\/staging.swizzle.se\/#\/schema\/logo\/image\/\",\"url\":\"https:\/\/staging.swizzle.se\/wp-content\/uploads\/2025\/10\/cropped-SWIZZLE.-4.png\",\"contentUrl\":\"https:\/\/staging.swizzle.se\/wp-content\/uploads\/2025\/10\/cropped-SWIZZLE.-4.png\",\"width\":800,\"height\":267,\"caption\":\"Swizzle\"},\"image\":{\"@id\":\"https:\/\/staging.swizzle.se\/#\/schema\/logo\/image\/\"},\"hasMerchantReturnPolicy\":{\"@type\":\"MerchantReturnPolicy\",\"merchantReturnLink\":\"https:\/\/staging.swizzle.se\/dk\/villkor\/\"}}]}<\/script>\n<meta property=\"product:price:amount\" content=\"679.00\" \/>\n<meta property=\"product:price:currency\" content=\"SEK\" \/>\n<meta property=\"og:availability\" content=\"instock\" \/>\n<meta property=\"product:availability\" content=\"instock\" \/>\n<meta property=\"product:retailer_item_id\" content=\"294551\" \/>\n<meta property=\"product:condition\" content=\"new\" \/>\n<!-- \/ Yoast SEO Premium plugin. -->","yoast_head_json":{"title":"Flowermate WIX Vaporizer","description":"Flowermate WIX Vaporizer \u00e4r en av de b\u00e4sta vaporizerna speciellt designade f\u00f6r koncentrat, vax och extrakt. Tillverkad med h\u00f6g kvalitet och tre v\u00e4rmel\u00e4gen.","robots":{"index":"noindex","follow":"follow","max-snippet":"max-snippet:-1","max-image-preview":"max-image-preview:large","max-video-preview":"max-video-preview:-1"},"og_locale":"da_DK","og_type":"article","og_title":"Flowermate WIX Vaporizer","og_description":"Flowermate WIX Vaporizer \u00e4r en av de b\u00e4sta vaporizerna speciellt designade f\u00f6r koncentrat, vax och extrakt. Tillverkad med h\u00f6g kvalitet och tre v\u00e4rmel\u00e4gen.","og_url":"https:\/\/www.swizzle.se\/produkt\/flowermate-wix-vaporizer\/","og_site_name":"Swizzle","article_modified_time":"2026-02-04T18:46:54+00:00","og_image":[{"width":770,"height":770,"url":"https:\/\/www.swizzle.se\/wp-content\/uploads\/2025\/05\/6554fa60717d0.webp","type":"image\/webp"}],"twitter_card":"summary_large_image","twitter_title":"Flowermate WIX Vaporizer","twitter_description":"Flowermate WIX Vaporizer \u00e4r en av de b\u00e4sta vaporizerna speciellt designade f\u00f6r koncentrat, vax och extrakt. Tillverkad med h\u00f6g kvalitet och tre v\u00e4rmel\u00e4gen.","twitter_misc":{"Pris":"679.00&nbsp;&#107;&#114;","Tilg\u00e6ngelighed":"P\u00e5 lager"},"schema":{"@context":"https:\/\/schema.org","@graph":[{"@type":"WebPage","@id":"https:\/\/www.swizzle.se\/produkt\/flowermate-wix-vaporizer\/","url":"https:\/\/www.swizzle.se\/produkt\/flowermate-wix-vaporizer\/","name":"Flowermate WIX Vaporizer","isPartOf":{"@id":"https:\/\/staging.swizzle.se\/#website"},"primaryImageOfPage":{"@id":"https:\/\/www.swizzle.se\/produkt\/flowermate-wix-vaporizer\/#primaryimage"},"image":{"@id":"https:\/\/www.swizzle.se\/produkt\/flowermate-wix-vaporizer\/#primaryimage"},"thumbnailUrl":"https:\/\/staging.swizzle.se\/wp-content\/uploads\/2025\/05\/6554fa60717d0.webp","datePublished":"2025-03-17T20:24:17+00:00","dateModified":"2026-02-04T18:46:54+00:00","description":"Flowermate WIX Vaporizer \u00e4r en av de b\u00e4sta vaporizerna speciellt designade f\u00f6r koncentrat, vax och extrakt. Tillverkad med h\u00f6g kvalitet och tre v\u00e4rmel\u00e4gen.","breadcrumb":{"@id":"https:\/\/www.swizzle.se\/produkt\/flowermate-wix-vaporizer\/#breadcrumb"},"inLanguage":"da-DK","potentialAction":[{"@type":"ReadAction","target":["https:\/\/www.swizzle.se\/produkt\/flowermate-wix-vaporizer\/"]}]},{"@type":"ImageObject","inLanguage":"da-DK","@id":"https:\/\/www.swizzle.se\/produkt\/flowermate-wix-vaporizer\/#primaryimage","url":"https:\/\/staging.swizzle.se\/wp-content\/uploads\/2025\/05\/6554fa60717d0.webp","contentUrl":"https:\/\/staging.swizzle.se\/wp-content\/uploads\/2025\/05\/6554fa60717d0.webp","width":770,"height":770,"caption":"flowermate-wix-1"},{"@type":"BreadcrumbList","@id":"https:\/\/www.swizzle.se\/produkt\/flowermate-wix-vaporizer\/#breadcrumb","itemListElement":[{"@type":"ListItem","position":1,"name":"Home","item":"https:\/\/www.swizzle.se\/"},{"@type":"ListItem","position":2,"name":"Shop","item":"https:\/\/www.swizzle.se\/shop\/"},{"@type":"ListItem","position":3,"name":"R\u00d6KTILLBEH\u00d6R","item":"https:\/\/www.swizzle.se\/produkt-kategori\/roktillbehor\/"},{"@type":"ListItem","position":4,"name":"VAPORIZER","item":"https:\/\/www.swizzle.se\/produkt-kategori\/roktillbehor\/vaporizer\/"},{"@type":"ListItem","position":5,"name":"Flowermate WIX Vaporizer"}]},{"@type":"WebSite","@id":"https:\/\/staging.swizzle.se\/#website","url":"https:\/\/staging.swizzle.se\/","name":"Swizzle","description":"Nikotin CBD Vapes Snus Hvid Portion","publisher":{"@id":"https:\/\/staging.swizzle.se\/#organization"},"potentialAction":[{"@type":"SearchAction","target":{"@type":"EntryPoint","urlTemplate":"https:\/\/staging.swizzle.se\/?s={search_term_string}"},"query-input":{"@type":"PropertyValueSpecification","valueRequired":true,"valueName":"search_term_string"}}],"inLanguage":"da-DK"},{"@type":"Organization","@id":"https:\/\/staging.swizzle.se\/#organization","name":"Swizzle","url":"https:\/\/staging.swizzle.se\/","logo":{"@type":"ImageObject","inLanguage":"da-DK","@id":"https:\/\/staging.swizzle.se\/#\/schema\/logo\/image\/","url":"https:\/\/staging.swizzle.se\/wp-content\/uploads\/2025\/10\/cropped-SWIZZLE.-4.png","contentUrl":"https:\/\/staging.swizzle.se\/wp-content\/uploads\/2025\/10\/cropped-SWIZZLE.-4.png","width":800,"height":267,"caption":"Swizzle"},"image":{"@id":"https:\/\/staging.swizzle.se\/#\/schema\/logo\/image\/"},"hasMerchantReturnPolicy":{"@type":"MerchantReturnPolicy","merchantReturnLink":"https:\/\/staging.swizzle.se\/dk\/villkor\/"}}]},"product_price_amount":"679.00","product_price_currency":"SEK","og_availability":"instock","product_availability":"instock","product_retailer_item_id":"294551","product_condition":"new"},"tiered_pricing_type":"fixed","tiered_pricing_fixed_rules":[],"tiered_pricing_product_settings":{"layout":"default","base_unit_name":{"singular":null,"plural":null},"default_variation":null},"tiered_pricing_minimum_quantity":null,"tiered_pricing_roles_data":[],"tiered_pricing_percentage_rules":[],"tiered_pricing_maximum_quantity":null,"tiered_pricing_quantity_step":null,"_links":{"self":[{"href":"https:\/\/staging.swizzle.se\/dk\/wp-json\/wp\/v2\/product\/259959","targetHints":{"allow":["GET"]}}],"collection":[{"href":"https:\/\/staging.swizzle.se\/dk\/wp-json\/wp\/v2\/product"}],"about":[{"href":"https:\/\/staging.swizzle.se\/dk\/wp-json\/wp\/v2\/types\/product"}],"replies":[{"embeddable":true,"href":"https:\/\/staging.swizzle.se\/dk\/wp-json\/wp\/v2\/comments?post=259959"}],"version-history":[{"count":0,"href":"https:\/\/staging.swizzle.se\/dk\/wp-json\/wp\/v2\/product\/259959\/revisions"}],"wp:featuredmedia":[{"embeddable":true,"href":"https:\/\/staging.swizzle.se\/dk\/wp-json\/wp\/v2\/media\/259961"}],"wp:attachment":[{"href":"https:\/\/staging.swizzle.se\/dk\/wp-json\/wp\/v2\/media?parent=259959"}],"wp:term":[{"taxonomy":"product_brand","embeddable":true,"href":"https:\/\/staging.swizzle.se\/dk\/wp-json\/wp\/v2\/product_brand?post=259959"},{"taxonomy":"product_cat","embeddable":true,"href":"https:\/\/staging.swizzle.se\/dk\/wp-json\/wp\/v2\/product_cat?post=259959"},{"taxonomy":"product_tag","embeddable":true,"href":"https:\/\/staging.swizzle.se\/dk\/wp-json\/wp\/v2\/product_tag?post=259959"},{"taxonomy":"superdeal","embeddable":true,"href":"https:\/\/staging.swizzle.se\/dk\/wp-json\/wp\/v2\/superdeal?post=259959"},{"taxonomy":"product_variant_id","embeddable":true,"href":"https:\/\/staging.swizzle.se\/dk\/wp-json\/wp\/v2\/product_variant_id?post=259959"}],"curies":[{"name":"wp","href":"https:\/\/api.w.org\/{rel}","templated":true}]}}