{"id":259947,"date":"2025-03-16T19:05:10","date_gmt":"2025-03-16T19:05:10","guid":{"rendered":"https:\/\/new.staging.swizzle.se\/produkt\/ocb-cigarettmaskin\/"},"modified":"2026-01-06T10:33:16","modified_gmt":"2026-01-06T10:33:16","slug":"ocb-cigarettmaskin","status":"publish","type":"product","link":"https:\/\/staging.swizzle.se\/dk\/product-2\/ocb-cigarettmaskin\/","title":{"rendered":"OCB Cigarettmaskin"},"content":{"rendered":"<p><strong>OCB Cigarettmaskin \u2013 Perfekt resultat, varje g\u00e5ng<\/strong><\/p>\n<p>Vill du rulla dina egna cigaretter med precision, enkelhet och professionellt resultat? D\u00e5 \u00e4r <strong>OCB Cigarettmaskin<\/strong> det sj\u00e4lvklara valet f\u00f6r dig. Den h\u00e4r smidiga maskinen \u00e4r designad f\u00f6r att g\u00f6ra cigarettrullning till en enkel och snabb process \u2013 oavsett om du \u00e4r nyb\u00f6rjare eller har erfarenhet sedan tidigare.<\/p>\n<p>Tack vare de tydliga och l\u00e4ttf\u00f6rst\u00e5eliga instruktionerna kommer du snabbt ig\u00e5ng med perfekta resultat varje g\u00e5ng. Maskinen kr\u00e4ver minimalt med anstr\u00e4ngning och ger en konsekvent packning \u2013 n\u00e5got som b\u00e5de f\u00f6rb\u00e4ttrar r\u00f6kningen och sparar pengar i l\u00e4ngden.<\/p>\n<p><strong>Egenskaper:<\/strong><\/p>\n<ul>\n<li>Enkel att anv\u00e4nda \u2013 perfekt \u00e4ven f\u00f6r nyb\u00f6rjare<\/li>\n<li>Ger ett j\u00e4mnt och proffsigt resultat<\/li>\n<li>Kompakt och h\u00e5llbar design f\u00f6r l\u00e5ngvarig anv\u00e4ndning<\/li>\n<li>Fr\u00e5n det v\u00e4lrenommerade varum\u00e4rket <strong>CCO<\/strong> \u2013 experter p\u00e5 r\u00f6kprodukter sedan 1918<\/li>\n<\/ul>\n<p>Slipp kr\u00e5nglet med handrullning och ta kontroll \u00f6ver inneh\u00e5llet i dina cigaretter. Med <strong>OCB Cigarettmaskin<\/strong> f\u00e5r du en kostnadseffektiv, anv\u00e4ndarv\u00e4nlig och stilren l\u00f6sning som g\u00f6r din r\u00f6kupplevelse b\u00e5de enklare och b\u00e4ttre.<\/p>","protected":false},"excerpt":{"rendered":"<p class=\"ai-optimize-39 ai-optimize-introduction\"><strong>OCB Cigarettmaskin \u2013 Perfekt resultat, varje g\u00e5ng<\/strong><\/p>\n<p class=\"ai-optimize-40\">Vill du rulla dina egna cigaretter med precision, enkelhet och professionellt resultat? D\u00e5 \u00e4r <strong>OCB Cigarettmaskin<\/strong> det sj\u00e4lvklara valet f\u00f6r dig.<\/p>\n<ul>\n<li class=\"ai-optimize-43\">Enkel att anv\u00e4nda \u2013 perfekt \u00e4ven f\u00f6r nyb\u00f6rjare<\/li>\n<li class=\"ai-optimize-44\">Ger ett j\u00e4mnt och proffsigt resultat<\/li>\n<li class=\"ai-optimize-45\">Kompakt och h\u00e5llbar design f\u00f6r l\u00e5ngvarig anv\u00e4ndning<\/li>\n<li class=\"ai-optimize-46\">Fr\u00e5n det v\u00e4lrenommerade varum\u00e4rket <strong>CCO<\/strong> \u2013 experter p\u00e5 r\u00f6kprodukter sedan 1918<\/li>\n<\/ul>\n<p>&nbsp;<\/p>","protected":false},"featured_media":259949,"comment_status":"open","ping_status":"open","template":"","meta":{"site-sidebar-layout":"default","site-content-layout":"","ast-site-content-layout":"default","site-content-style":"default","site-sidebar-style":"default","ast-global-header-display":"","ast-banner-title-visibility":"","ast-main-header-display":"","ast-hfb-above-header-display":"","ast-hfb-below-header-display":"","ast-hfb-mobile-header-display":"","site-post-title":"","ast-breadcrumbs-content":"","ast-featured-img":"","footer-sml-layout":"","ast-disable-related-posts":"","theme-transparent-header-meta":"","adv-header-id-meta":"","stick-header-meta":"","header-above-stick-meta":"","header-main-stick-meta":"","header-below-stick-meta":"","astra-migrate-meta-layouts":"default","ast-page-background-enabled":"default","ast-page-background-meta":{"desktop":{"background-color":"var(--ast-global-color-4)","background-image":"","background-repeat":"repeat","background-position":"center center","background-size":"auto","background-attachment":"scroll","background-type":"","background-media":"","overlay-type":"","overlay-color":"","overlay-opacity":"","overlay-gradient":""},"tablet":{"background-color":"","background-image":"","background-repeat":"repeat","background-position":"center center","background-size":"auto","background-attachment":"scroll","background-type":"","background-media":"","overlay-type":"","overlay-color":"","overlay-opacity":"","overlay-gradient":""},"mobile":{"background-color":"","background-image":"","background-repeat":"repeat","background-position":"center center","background-size":"auto","background-attachment":"scroll","background-type":"","background-media":"","overlay-type":"","overlay-color":"","overlay-opacity":"","overlay-gradient":""}},"ast-content-background-meta":{"desktop":{"background-color":"var(--ast-global-color-5)","background-image":"","background-repeat":"repeat","background-position":"center center","background-size":"auto","background-attachment":"scroll","background-type":"","background-media":"","overlay-type":"","overlay-color":"","overlay-opacity":"","overlay-gradient":""},"tablet":{"background-color":"var(--ast-global-color-5)","background-image":"","background-repeat":"repeat","background-position":"center center","background-size":"auto","background-attachment":"scroll","background-type":"","background-media":"","overlay-type":"","overlay-color":"","overlay-opacity":"","overlay-gradient":""},"mobile":{"background-color":"var(--ast-global-color-5)","background-image":"","background-repeat":"repeat","background-position":"center center","background-size":"auto","background-attachment":"scroll","background-type":"","background-media":"","overlay-type":"","overlay-color":"","overlay-opacity":"","overlay-gradient":""}}},"product_brand":[],"product_cat":[320,284],"product_tag":[],"superdeal":[],"product_variant_id":[],"class_list":{"0":"post-259947","1":"product","2":"type-product","3":"status-publish","4":"has-post-thumbnail","6":"product_cat-cigarettmaskiner-roktillbehor","7":"product_cat-roktillbehor","8":"desktop-align-center","9":"tablet-align-left","10":"mobile-align-left","11":"ast-product-gallery-layout-horizontal-slider","12":"ast-magnify-disabled","13":"ast-product-tabs-layout-horizontal","15":"first","16":"instock","17":"taxable","18":"shipping-taxable","19":"purchasable","20":"product-type-simple"},"yoast_head":"<!-- This site is optimized with the Yoast SEO Premium plugin v26.9 (Yoast SEO v26.9) - https:\/\/yoast.com\/product\/yoast-seo-premium-wordpress\/ -->\n<title>OCB Cigarettmaskin<\/title>\n<meta name=\"description\" content=\"OCB Cigarettmaskin \u00e4r enkelt och kr\u00e4ver inte mycket anstr\u00e4ngning. Tydliga instruktioner som g\u00f6r att \u00e4ven nyb\u00f6rjare kan rulla perfekta cigaretter.\" \/>\n<meta name=\"robots\" content=\"noindex, follow, max-snippet:-1, max-image-preview:large, max-video-preview:-1\" \/>\n<meta property=\"og:locale\" content=\"da_DK\" \/>\n<meta property=\"og:type\" content=\"article\" \/>\n<meta property=\"og:title\" content=\"OCB Cigarettmaskin\" \/>\n<meta property=\"og:description\" content=\"OCB Cigarettmaskin \u00e4r enkelt och kr\u00e4ver inte mycket anstr\u00e4ngning. Tydliga instruktioner som g\u00f6r att \u00e4ven nyb\u00f6rjare kan rulla perfekta cigaretter.\" \/>\n<meta property=\"og:url\" content=\"https:\/\/www.swizzle.se\/produkt\/ocb-cigarettmaskin\/\" \/>\n<meta property=\"og:site_name\" content=\"Swizzle\" \/>\n<meta property=\"article:modified_time\" content=\"2026-01-06T10:33:16+00:00\" \/>\n<meta property=\"og:image\" content=\"https:\/\/www.swizzle.se\/wp-content\/uploads\/2025\/05\/OCB-Cigarettmarskin-Cigarett-2-350x350-1.webp\" \/>\n\t<meta property=\"og:image:width\" content=\"350\" \/>\n\t<meta property=\"og:image:height\" content=\"350\" \/>\n\t<meta property=\"og:image:type\" content=\"image\/webp\" \/>\n<meta name=\"twitter:card\" content=\"summary_large_image\" \/>\n<meta name=\"twitter:title\" content=\"OCB Cigarettmaskin\" \/>\n<meta name=\"twitter:description\" content=\"OCB Cigarettmaskin \u00e4r enkelt och kr\u00e4ver inte mycket anstr\u00e4ngning. Tydliga instruktioner som g\u00f6r att \u00e4ven nyb\u00f6rjare kan rulla perfekta cigaretter.\" \/>\n<meta name=\"twitter:label1\" content=\"Pris\" \/>\n\t<meta name=\"twitter:data1\" content=\"56.00&nbsp;&#107;&#114;\" \/>\n\t<meta name=\"twitter:label2\" content=\"Tilg\u00e6ngelighed\" \/>\n\t<meta name=\"twitter:data2\" content=\"P\u00e5 lager\" \/>\n<script type=\"application\/ld+json\" class=\"yoast-schema-graph\">{\"@context\":\"https:\/\/schema.org\",\"@graph\":[{\"@type\":\"WebPage\",\"@id\":\"https:\/\/www.swizzle.se\/produkt\/ocb-cigarettmaskin\/\",\"url\":\"https:\/\/www.swizzle.se\/produkt\/ocb-cigarettmaskin\/\",\"name\":\"OCB Cigarettmaskin\",\"isPartOf\":{\"@id\":\"https:\/\/staging.swizzle.se\/#website\"},\"primaryImageOfPage\":{\"@id\":\"https:\/\/www.swizzle.se\/produkt\/ocb-cigarettmaskin\/#primaryimage\"},\"image\":{\"@id\":\"https:\/\/www.swizzle.se\/produkt\/ocb-cigarettmaskin\/#primaryimage\"},\"thumbnailUrl\":\"https:\/\/staging.swizzle.se\/wp-content\/uploads\/2025\/05\/OCB-Cigarettmarskin-Cigarett-2-350x350-1.webp\",\"datePublished\":\"2025-03-16T19:05:10+00:00\",\"dateModified\":\"2026-01-06T10:33:16+00:00\",\"description\":\"OCB Cigarettmaskin \u00e4r enkelt och kr\u00e4ver inte mycket anstr\u00e4ngning. Tydliga instruktioner som g\u00f6r att \u00e4ven nyb\u00f6rjare kan rulla perfekta cigaretter.\",\"breadcrumb\":{\"@id\":\"https:\/\/www.swizzle.se\/produkt\/ocb-cigarettmaskin\/#breadcrumb\"},\"inLanguage\":\"da-DK\",\"potentialAction\":[{\"@type\":\"ReadAction\",\"target\":[\"https:\/\/www.swizzle.se\/produkt\/ocb-cigarettmaskin\/\"]}]},{\"@type\":\"ImageObject\",\"inLanguage\":\"da-DK\",\"@id\":\"https:\/\/www.swizzle.se\/produkt\/ocb-cigarettmaskin\/#primaryimage\",\"url\":\"https:\/\/staging.swizzle.se\/wp-content\/uploads\/2025\/05\/OCB-Cigarettmarskin-Cigarett-2-350x350-1.webp\",\"contentUrl\":\"https:\/\/staging.swizzle.se\/wp-content\/uploads\/2025\/05\/OCB-Cigarettmarskin-Cigarett-2-350x350-1.webp\",\"width\":350,\"height\":350,\"caption\":\"OCB-Cigarettmarskin-Cigarett-2-350x350\"},{\"@type\":\"BreadcrumbList\",\"@id\":\"https:\/\/www.swizzle.se\/produkt\/ocb-cigarettmaskin\/#breadcrumb\",\"itemListElement\":[{\"@type\":\"ListItem\",\"position\":1,\"name\":\"Home\",\"item\":\"https:\/\/www.swizzle.se\/\"},{\"@type\":\"ListItem\",\"position\":2,\"name\":\"Shop\",\"item\":\"https:\/\/www.swizzle.se\/shop\/\"},{\"@type\":\"ListItem\",\"position\":3,\"name\":\"R\u00d6KTILLBEH\u00d6R\",\"item\":\"https:\/\/www.swizzle.se\/produkt-kategori\/roktillbehor\/\"},{\"@type\":\"ListItem\",\"position\":4,\"name\":\"CIGARETTMASKINER\",\"item\":\"https:\/\/www.swizzle.se\/produkt-kategori\/roktillbehor\/cigarettmaskiner-roktillbehor\/\"},{\"@type\":\"ListItem\",\"position\":5,\"name\":\"OCB Cigarettmaskin\"}]},{\"@type\":\"WebSite\",\"@id\":\"https:\/\/staging.swizzle.se\/#website\",\"url\":\"https:\/\/staging.swizzle.se\/\",\"name\":\"Swizzle\",\"description\":\"Nikotin CBD Vapes Snus White Portion\",\"publisher\":{\"@id\":\"https:\/\/staging.swizzle.se\/#organization\"},\"potentialAction\":[{\"@type\":\"SearchAction\",\"target\":{\"@type\":\"EntryPoint\",\"urlTemplate\":\"https:\/\/staging.swizzle.se\/?s={search_term_string}\"},\"query-input\":{\"@type\":\"PropertyValueSpecification\",\"valueRequired\":true,\"valueName\":\"search_term_string\"}}],\"inLanguage\":\"da-DK\"},{\"@type\":\"Organization\",\"@id\":\"https:\/\/staging.swizzle.se\/#organization\",\"name\":\"Swizzle\",\"url\":\"https:\/\/staging.swizzle.se\/\",\"logo\":{\"@type\":\"ImageObject\",\"inLanguage\":\"da-DK\",\"@id\":\"https:\/\/staging.swizzle.se\/#\/schema\/logo\/image\/\",\"url\":\"https:\/\/staging.swizzle.se\/wp-content\/uploads\/2025\/10\/cropped-SWIZZLE.-4.png\",\"contentUrl\":\"https:\/\/staging.swizzle.se\/wp-content\/uploads\/2025\/10\/cropped-SWIZZLE.-4.png\",\"width\":800,\"height\":267,\"caption\":\"Swizzle\"},\"image\":{\"@id\":\"https:\/\/staging.swizzle.se\/#\/schema\/logo\/image\/\"},\"hasMerchantReturnPolicy\":{\"@type\":\"MerchantReturnPolicy\",\"merchantReturnLink\":\"https:\/\/staging.swizzle.se\/dk\/villkor\/\"}}]}<\/script>\n<meta property=\"product:price:amount\" content=\"56.00\" \/>\n<meta property=\"product:price:currency\" content=\"SEK\" \/>\n<meta property=\"og:availability\" content=\"instock\" \/>\n<meta property=\"product:availability\" content=\"instock\" \/>\n<meta property=\"product:retailer_item_id\" content=\"oc123\" \/>\n<meta property=\"product:condition\" content=\"new\" \/>\n<!-- \/ Yoast SEO Premium plugin. -->","yoast_head_json":{"title":"OCB Cigarettmaskin","description":"OCB Cigarettmaskin \u00e4r enkelt och kr\u00e4ver inte mycket anstr\u00e4ngning. Tydliga instruktioner som g\u00f6r att \u00e4ven nyb\u00f6rjare kan rulla perfekta cigaretter.","robots":{"index":"noindex","follow":"follow","max-snippet":"max-snippet:-1","max-image-preview":"max-image-preview:large","max-video-preview":"max-video-preview:-1"},"og_locale":"da_DK","og_type":"article","og_title":"OCB Cigarettmaskin","og_description":"OCB Cigarettmaskin \u00e4r enkelt och kr\u00e4ver inte mycket anstr\u00e4ngning. Tydliga instruktioner som g\u00f6r att \u00e4ven nyb\u00f6rjare kan rulla perfekta cigaretter.","og_url":"https:\/\/www.swizzle.se\/produkt\/ocb-cigarettmaskin\/","og_site_name":"Swizzle","article_modified_time":"2026-01-06T10:33:16+00:00","og_image":[{"width":350,"height":350,"url":"https:\/\/www.swizzle.se\/wp-content\/uploads\/2025\/05\/OCB-Cigarettmarskin-Cigarett-2-350x350-1.webp","type":"image\/webp"}],"twitter_card":"summary_large_image","twitter_title":"OCB Cigarettmaskin","twitter_description":"OCB Cigarettmaskin \u00e4r enkelt och kr\u00e4ver inte mycket anstr\u00e4ngning. Tydliga instruktioner som g\u00f6r att \u00e4ven nyb\u00f6rjare kan rulla perfekta cigaretter.","twitter_misc":{"Pris":"56.00&nbsp;&#107;&#114;","Tilg\u00e6ngelighed":"P\u00e5 lager"},"schema":{"@context":"https:\/\/schema.org","@graph":[{"@type":"WebPage","@id":"https:\/\/www.swizzle.se\/produkt\/ocb-cigarettmaskin\/","url":"https:\/\/www.swizzle.se\/produkt\/ocb-cigarettmaskin\/","name":"OCB Cigarettmaskin","isPartOf":{"@id":"https:\/\/staging.swizzle.se\/#website"},"primaryImageOfPage":{"@id":"https:\/\/www.swizzle.se\/produkt\/ocb-cigarettmaskin\/#primaryimage"},"image":{"@id":"https:\/\/www.swizzle.se\/produkt\/ocb-cigarettmaskin\/#primaryimage"},"thumbnailUrl":"https:\/\/staging.swizzle.se\/wp-content\/uploads\/2025\/05\/OCB-Cigarettmarskin-Cigarett-2-350x350-1.webp","datePublished":"2025-03-16T19:05:10+00:00","dateModified":"2026-01-06T10:33:16+00:00","description":"OCB Cigarettmaskin \u00e4r enkelt och kr\u00e4ver inte mycket anstr\u00e4ngning. Tydliga instruktioner som g\u00f6r att \u00e4ven nyb\u00f6rjare kan rulla perfekta cigaretter.","breadcrumb":{"@id":"https:\/\/www.swizzle.se\/produkt\/ocb-cigarettmaskin\/#breadcrumb"},"inLanguage":"da-DK","potentialAction":[{"@type":"ReadAction","target":["https:\/\/www.swizzle.se\/produkt\/ocb-cigarettmaskin\/"]}]},{"@type":"ImageObject","inLanguage":"da-DK","@id":"https:\/\/www.swizzle.se\/produkt\/ocb-cigarettmaskin\/#primaryimage","url":"https:\/\/staging.swizzle.se\/wp-content\/uploads\/2025\/05\/OCB-Cigarettmarskin-Cigarett-2-350x350-1.webp","contentUrl":"https:\/\/staging.swizzle.se\/wp-content\/uploads\/2025\/05\/OCB-Cigarettmarskin-Cigarett-2-350x350-1.webp","width":350,"height":350,"caption":"OCB-Cigarettmarskin-Cigarett-2-350x350"},{"@type":"BreadcrumbList","@id":"https:\/\/www.swizzle.se\/produkt\/ocb-cigarettmaskin\/#breadcrumb","itemListElement":[{"@type":"ListItem","position":1,"name":"Home","item":"https:\/\/www.swizzle.se\/"},{"@type":"ListItem","position":2,"name":"Shop","item":"https:\/\/www.swizzle.se\/shop\/"},{"@type":"ListItem","position":3,"name":"R\u00d6KTILLBEH\u00d6R","item":"https:\/\/www.swizzle.se\/produkt-kategori\/roktillbehor\/"},{"@type":"ListItem","position":4,"name":"CIGARETTMASKINER","item":"https:\/\/www.swizzle.se\/produkt-kategori\/roktillbehor\/cigarettmaskiner-roktillbehor\/"},{"@type":"ListItem","position":5,"name":"OCB Cigarettmaskin"}]},{"@type":"WebSite","@id":"https:\/\/staging.swizzle.se\/#website","url":"https:\/\/staging.swizzle.se\/","name":"Swizzle","description":"Nikotin CBD Vapes Snus Hvid Portion","publisher":{"@id":"https:\/\/staging.swizzle.se\/#organization"},"potentialAction":[{"@type":"SearchAction","target":{"@type":"EntryPoint","urlTemplate":"https:\/\/staging.swizzle.se\/?s={search_term_string}"},"query-input":{"@type":"PropertyValueSpecification","valueRequired":true,"valueName":"search_term_string"}}],"inLanguage":"da-DK"},{"@type":"Organization","@id":"https:\/\/staging.swizzle.se\/#organization","name":"Swizzle","url":"https:\/\/staging.swizzle.se\/","logo":{"@type":"ImageObject","inLanguage":"da-DK","@id":"https:\/\/staging.swizzle.se\/#\/schema\/logo\/image\/","url":"https:\/\/staging.swizzle.se\/wp-content\/uploads\/2025\/10\/cropped-SWIZZLE.-4.png","contentUrl":"https:\/\/staging.swizzle.se\/wp-content\/uploads\/2025\/10\/cropped-SWIZZLE.-4.png","width":800,"height":267,"caption":"Swizzle"},"image":{"@id":"https:\/\/staging.swizzle.se\/#\/schema\/logo\/image\/"},"hasMerchantReturnPolicy":{"@type":"MerchantReturnPolicy","merchantReturnLink":"https:\/\/staging.swizzle.se\/dk\/villkor\/"}}]},"product_price_amount":"56.00","product_price_currency":"SEK","og_availability":"instock","product_availability":"instock","product_retailer_item_id":"oc123","product_condition":"new"},"tiered_pricing_type":"fixed","tiered_pricing_fixed_rules":[],"tiered_pricing_product_settings":{"layout":"default","base_unit_name":{"singular":null,"plural":null},"default_variation":null},"tiered_pricing_minimum_quantity":null,"tiered_pricing_roles_data":[],"tiered_pricing_percentage_rules":[],"tiered_pricing_maximum_quantity":null,"tiered_pricing_quantity_step":null,"_links":{"self":[{"href":"https:\/\/staging.swizzle.se\/dk\/wp-json\/wp\/v2\/product\/259947","targetHints":{"allow":["GET"]}}],"collection":[{"href":"https:\/\/staging.swizzle.se\/dk\/wp-json\/wp\/v2\/product"}],"about":[{"href":"https:\/\/staging.swizzle.se\/dk\/wp-json\/wp\/v2\/types\/product"}],"replies":[{"embeddable":true,"href":"https:\/\/staging.swizzle.se\/dk\/wp-json\/wp\/v2\/comments?post=259947"}],"version-history":[{"count":0,"href":"https:\/\/staging.swizzle.se\/dk\/wp-json\/wp\/v2\/product\/259947\/revisions"}],"wp:featuredmedia":[{"embeddable":true,"href":"https:\/\/staging.swizzle.se\/dk\/wp-json\/wp\/v2\/media\/259949"}],"wp:attachment":[{"href":"https:\/\/staging.swizzle.se\/dk\/wp-json\/wp\/v2\/media?parent=259947"}],"wp:term":[{"taxonomy":"product_brand","embeddable":true,"href":"https:\/\/staging.swizzle.se\/dk\/wp-json\/wp\/v2\/product_brand?post=259947"},{"taxonomy":"product_cat","embeddable":true,"href":"https:\/\/staging.swizzle.se\/dk\/wp-json\/wp\/v2\/product_cat?post=259947"},{"taxonomy":"product_tag","embeddable":true,"href":"https:\/\/staging.swizzle.se\/dk\/wp-json\/wp\/v2\/product_tag?post=259947"},{"taxonomy":"superdeal","embeddable":true,"href":"https:\/\/staging.swizzle.se\/dk\/wp-json\/wp\/v2\/superdeal?post=259947"},{"taxonomy":"product_variant_id","embeddable":true,"href":"https:\/\/staging.swizzle.se\/dk\/wp-json\/wp\/v2\/product_variant_id?post=259947"}],"curies":[{"name":"wp","href":"https:\/\/api.w.org\/{rel}","templated":true}]}}