{"id":259943,"date":"2025-03-16T18:57:46","date_gmt":"2025-03-16T18:57:46","guid":{"rendered":"https:\/\/new.staging.swizzle.se\/produkt\/ocb-crystal-rullmaskin\/"},"modified":"2025-09-08T11:24:43","modified_gmt":"2025-09-08T11:24:43","slug":"ocb-crystal-rullmaskin","status":"publish","type":"product","link":"https:\/\/staging.swizzle.se\/dk\/product-2\/ocb-crystal-rullmaskin\/","title":{"rendered":"OCB Crystal Rullmaskin"},"content":{"rendered":"<p>Om du letar efter en rullmaskin som kan konkurrera med fabrikstillverkade cigaretter, kommer OCB Crystal Rullmaskin inte att g\u00f6ra dig besviken. Denna cigarettmaskin \u00e4r ett utm\u00e4rkt val f\u00f6r alla som vill ha kontroll \u00f6ver sina cigaretter.<\/p>\n<p><strong>Varf\u00f6r v\u00e4lja OCB Crystal rullmaskin &#8211; 67mm?<\/strong><\/p>\n<ul>\n<li>Passar standardpapper upp till 67 mm<\/li>\n<li>Genomskinlig design \u2013 snygg och praktisk<\/li>\n<li>Perfekt f\u00f6r nyb\u00f6rjare och vana anv\u00e4ndare<\/li>\n<li>G\u00f6r rullningen snabb, enkel och exakt<\/li>\n<li>Inkluderar anv\u00e4ndarmanual f\u00f6r att komma ig\u00e5ng direkt<\/li>\n<li>Fr\u00e5n OCB \u2013 ett av v\u00e4rldens mest respekterade varum\u00e4rken inom r\u00f6kprodukter<\/li>\n<\/ul>\n<p>G\u00f6r din r\u00f6kning smartare, snyggare och smidigare \u2013 med <strong>OCB Crystal 67mm<\/strong>.<\/p>","protected":false},"excerpt":{"rendered":"<p class=\"ai-optimize-31 ai-optimize-introduction\">\n<ul>\n<li class=\"ai-optimize-32\">Passar standardpapper upp till 67 mm<\/li>\n<li class=\"ai-optimize-33\">Genomskinlig design \u2013 snygg och praktisk<\/li>\n<li class=\"ai-optimize-34\">Perfekt f\u00f6r nyb\u00f6rjare och vana anv\u00e4ndare<\/li>\n<li class=\"ai-optimize-35\">G\u00f6r rullningen snabb, enkel och exakt<\/li>\n<li class=\"ai-optimize-36\">Inkluderar anv\u00e4ndarmanual f\u00f6r att komma ig\u00e5ng direkt<\/li>\n<li class=\"ai-optimize-37\">Fr\u00e5n OCB \u2013 ett av v\u00e4rldens mest respekterade varum\u00e4rken inom r\u00f6kprodukter<\/li>\n<\/ul>","protected":false},"featured_media":261337,"comment_status":"open","ping_status":"open","template":"","meta":{"site-sidebar-layout":"default","site-content-layout":"","ast-site-content-layout":"default","site-content-style":"default","site-sidebar-style":"default","ast-global-header-display":"","ast-banner-title-visibility":"","ast-main-header-display":"","ast-hfb-above-header-display":"","ast-hfb-below-header-display":"","ast-hfb-mobile-header-display":"","site-post-title":"","ast-breadcrumbs-content":"","ast-featured-img":"","footer-sml-layout":"","ast-disable-related-posts":"","theme-transparent-header-meta":"","adv-header-id-meta":"","stick-header-meta":"","header-above-stick-meta":"","header-main-stick-meta":"","header-below-stick-meta":"","astra-migrate-meta-layouts":"default","ast-page-background-enabled":"default","ast-page-background-meta":{"desktop":{"background-color":"var(--ast-global-color-4)","background-image":"","background-repeat":"repeat","background-position":"center center","background-size":"auto","background-attachment":"scroll","background-type":"","background-media":"","overlay-type":"","overlay-color":"","overlay-opacity":"","overlay-gradient":""},"tablet":{"background-color":"","background-image":"","background-repeat":"repeat","background-position":"center center","background-size":"auto","background-attachment":"scroll","background-type":"","background-media":"","overlay-type":"","overlay-color":"","overlay-opacity":"","overlay-gradient":""},"mobile":{"background-color":"","background-image":"","background-repeat":"repeat","background-position":"center center","background-size":"auto","background-attachment":"scroll","background-type":"","background-media":"","overlay-type":"","overlay-color":"","overlay-opacity":"","overlay-gradient":""}},"ast-content-background-meta":{"desktop":{"background-color":"var(--ast-global-color-5)","background-image":"","background-repeat":"repeat","background-position":"center center","background-size":"auto","background-attachment":"scroll","background-type":"","background-media":"","overlay-type":"","overlay-color":"","overlay-opacity":"","overlay-gradient":""},"tablet":{"background-color":"var(--ast-global-color-5)","background-image":"","background-repeat":"repeat","background-position":"center center","background-size":"auto","background-attachment":"scroll","background-type":"","background-media":"","overlay-type":"","overlay-color":"","overlay-opacity":"","overlay-gradient":""},"mobile":{"background-color":"var(--ast-global-color-5)","background-image":"","background-repeat":"repeat","background-position":"center center","background-size":"auto","background-attachment":"scroll","background-type":"","background-media":"","overlay-type":"","overlay-color":"","overlay-opacity":"","overlay-gradient":""}}},"product_brand":[],"product_cat":[320,284],"product_tag":[],"superdeal":[],"product_variant_id":[],"class_list":{"0":"post-259943","1":"product","2":"type-product","3":"status-publish","4":"has-post-thumbnail","6":"product_cat-cigarettmaskiner-roktillbehor","7":"product_cat-roktillbehor","8":"desktop-align-center","9":"tablet-align-left","10":"mobile-align-left","11":"ast-product-gallery-layout-horizontal-slider","12":"ast-product-gallery-with-no-image","13":"ast-magnify-disabled","14":"ast-product-tabs-layout-horizontal","16":"first","17":"instock","18":"taxable","19":"shipping-taxable","20":"purchasable","21":"product-type-simple"},"yoast_head":"<!-- This site is optimized with the Yoast SEO Premium plugin v26.9 (Yoast SEO v26.9) - https:\/\/yoast.com\/product\/yoast-seo-premium-wordpress\/ -->\n<title>OCB Crystal Rullmaskin<\/title>\n<meta name=\"description\" content=\"OCB Crystal Rullmaskin. En rullmaskin som kan konkurrera med fabrikstillverkade cigaretter, utm\u00e4rkt f\u00f6r alla som vill ha kontroll \u00f6ver sina cigaretter.\" \/>\n<meta name=\"robots\" content=\"noindex, follow, max-snippet:-1, max-image-preview:large, max-video-preview:-1\" \/>\n<meta property=\"og:locale\" content=\"da_DK\" \/>\n<meta property=\"og:type\" content=\"article\" \/>\n<meta property=\"og:title\" content=\"OCB Crystal Rullmaskin\" \/>\n<meta property=\"og:description\" content=\"OCB Crystal Rullmaskin. En rullmaskin som kan konkurrera med fabrikstillverkade cigaretter, utm\u00e4rkt f\u00f6r alla som vill ha kontroll \u00f6ver sina cigaretter.\" \/>\n<meta property=\"og:url\" content=\"https:\/\/www.swizzle.se\/produkt\/ocb-crystal-rullmaskin\/\" \/>\n<meta property=\"og:site_name\" content=\"Swizzle\" \/>\n<meta property=\"article:modified_time\" content=\"2025-09-08T11:24:43+00:00\" \/>\n<meta property=\"og:image\" content=\"https:\/\/www.swizzle.se\/wp-content\/uploads\/2025\/06\/ocb-crystal-rolling-machine-e1749042926266.jpg\" \/>\n\t<meta property=\"og:image:width\" content=\"342\" \/>\n\t<meta property=\"og:image:height\" content=\"219\" \/>\n\t<meta property=\"og:image:type\" content=\"image\/jpeg\" \/>\n<meta name=\"twitter:card\" content=\"summary_large_image\" \/>\n<meta name=\"twitter:title\" content=\"OCB Crystal Rullmaskin\" \/>\n<meta name=\"twitter:description\" content=\"OCB Crystal Rullmaskin. En rullmaskin som kan konkurrera med fabrikstillverkade cigaretter, utm\u00e4rkt f\u00f6r alla som vill ha kontroll \u00f6ver sina cigaretter.\" \/>\n<meta name=\"twitter:label1\" content=\"Pris\" \/>\n\t<meta name=\"twitter:data1\" content=\"46.00&nbsp;&#107;&#114;\" \/>\n\t<meta name=\"twitter:label2\" content=\"Tilg\u00e6ngelighed\" \/>\n\t<meta name=\"twitter:data2\" content=\"P\u00e5 lager\" \/>\n<script type=\"application\/ld+json\" class=\"yoast-schema-graph\">{\"@context\":\"https:\/\/schema.org\",\"@graph\":[{\"@type\":\"WebPage\",\"@id\":\"https:\/\/www.swizzle.se\/produkt\/ocb-crystal-rullmaskin\/\",\"url\":\"https:\/\/www.swizzle.se\/produkt\/ocb-crystal-rullmaskin\/\",\"name\":\"OCB Crystal Rullmaskin\",\"isPartOf\":{\"@id\":\"https:\/\/staging.swizzle.se\/#website\"},\"primaryImageOfPage\":{\"@id\":\"https:\/\/www.swizzle.se\/produkt\/ocb-crystal-rullmaskin\/#primaryimage\"},\"image\":{\"@id\":\"https:\/\/www.swizzle.se\/produkt\/ocb-crystal-rullmaskin\/#primaryimage\"},\"thumbnailUrl\":\"https:\/\/staging.swizzle.se\/wp-content\/uploads\/2025\/06\/ocb-crystal-rolling-machine-e1749042926266.jpg\",\"datePublished\":\"2025-03-16T18:57:46+00:00\",\"dateModified\":\"2025-09-08T11:24:43+00:00\",\"description\":\"OCB Crystal Rullmaskin. En rullmaskin som kan konkurrera med fabrikstillverkade cigaretter, utm\u00e4rkt f\u00f6r alla som vill ha kontroll \u00f6ver sina cigaretter.\",\"breadcrumb\":{\"@id\":\"https:\/\/www.swizzle.se\/produkt\/ocb-crystal-rullmaskin\/#breadcrumb\"},\"inLanguage\":\"da-DK\",\"potentialAction\":[{\"@type\":\"ReadAction\",\"target\":[\"https:\/\/www.swizzle.se\/produkt\/ocb-crystal-rullmaskin\/\"]}]},{\"@type\":\"ImageObject\",\"inLanguage\":\"da-DK\",\"@id\":\"https:\/\/www.swizzle.se\/produkt\/ocb-crystal-rullmaskin\/#primaryimage\",\"url\":\"https:\/\/staging.swizzle.se\/wp-content\/uploads\/2025\/06\/ocb-crystal-rolling-machine-e1749042926266.jpg\",\"contentUrl\":\"https:\/\/staging.swizzle.se\/wp-content\/uploads\/2025\/06\/ocb-crystal-rolling-machine-e1749042926266.jpg\",\"width\":342,\"height\":219,\"caption\":\"Crystal Rolling Machine\"},{\"@type\":\"BreadcrumbList\",\"@id\":\"https:\/\/www.swizzle.se\/produkt\/ocb-crystal-rullmaskin\/#breadcrumb\",\"itemListElement\":[{\"@type\":\"ListItem\",\"position\":1,\"name\":\"Home\",\"item\":\"https:\/\/www.swizzle.se\/\"},{\"@type\":\"ListItem\",\"position\":2,\"name\":\"Shop\",\"item\":\"https:\/\/www.swizzle.se\/shop\/\"},{\"@type\":\"ListItem\",\"position\":3,\"name\":\"R\u00d6KTILLBEH\u00d6R\",\"item\":\"https:\/\/www.swizzle.se\/produkt-kategori\/roktillbehor\/\"},{\"@type\":\"ListItem\",\"position\":4,\"name\":\"CIGARETTMASKINER\",\"item\":\"https:\/\/www.swizzle.se\/produkt-kategori\/roktillbehor\/cigarettmaskiner-roktillbehor\/\"},{\"@type\":\"ListItem\",\"position\":5,\"name\":\"OCB Crystal Rullmaskin\"}]},{\"@type\":\"WebSite\",\"@id\":\"https:\/\/staging.swizzle.se\/#website\",\"url\":\"https:\/\/staging.swizzle.se\/\",\"name\":\"Swizzle\",\"description\":\"Nikotin CBD Vapes Snus White Portion\",\"publisher\":{\"@id\":\"https:\/\/staging.swizzle.se\/#organization\"},\"potentialAction\":[{\"@type\":\"SearchAction\",\"target\":{\"@type\":\"EntryPoint\",\"urlTemplate\":\"https:\/\/staging.swizzle.se\/?s={search_term_string}\"},\"query-input\":{\"@type\":\"PropertyValueSpecification\",\"valueRequired\":true,\"valueName\":\"search_term_string\"}}],\"inLanguage\":\"da-DK\"},{\"@type\":\"Organization\",\"@id\":\"https:\/\/staging.swizzle.se\/#organization\",\"name\":\"Swizzle\",\"url\":\"https:\/\/staging.swizzle.se\/\",\"logo\":{\"@type\":\"ImageObject\",\"inLanguage\":\"da-DK\",\"@id\":\"https:\/\/staging.swizzle.se\/#\/schema\/logo\/image\/\",\"url\":\"https:\/\/staging.swizzle.se\/wp-content\/uploads\/2025\/10\/cropped-SWIZZLE.-4.png\",\"contentUrl\":\"https:\/\/staging.swizzle.se\/wp-content\/uploads\/2025\/10\/cropped-SWIZZLE.-4.png\",\"width\":800,\"height\":267,\"caption\":\"Swizzle\"},\"image\":{\"@id\":\"https:\/\/staging.swizzle.se\/#\/schema\/logo\/image\/\"},\"hasMerchantReturnPolicy\":{\"@type\":\"MerchantReturnPolicy\",\"merchantReturnLink\":\"https:\/\/staging.swizzle.se\/dk\/villkor\/\"}}]}<\/script>\n<meta property=\"product:price:amount\" content=\"46.00\" \/>\n<meta property=\"product:price:currency\" content=\"SEK\" \/>\n<meta property=\"og:availability\" content=\"instock\" \/>\n<meta property=\"product:availability\" content=\"instock\" \/>\n<meta property=\"product:retailer_item_id\" content=\"OCROLL\" \/>\n<meta property=\"product:condition\" content=\"new\" \/>\n<!-- \/ Yoast SEO Premium plugin. -->","yoast_head_json":{"title":"OCB Crystal Rullmaskin","description":"OCB Crystal Rullmaskin. En rullmaskin som kan konkurrera med fabrikstillverkade cigaretter, utm\u00e4rkt f\u00f6r alla som vill ha kontroll \u00f6ver sina cigaretter.","robots":{"index":"noindex","follow":"follow","max-snippet":"max-snippet:-1","max-image-preview":"max-image-preview:large","max-video-preview":"max-video-preview:-1"},"og_locale":"da_DK","og_type":"article","og_title":"OCB Crystal Rullmaskin","og_description":"OCB Crystal Rullmaskin. En rullmaskin som kan konkurrera med fabrikstillverkade cigaretter, utm\u00e4rkt f\u00f6r alla som vill ha kontroll \u00f6ver sina cigaretter.","og_url":"https:\/\/www.swizzle.se\/produkt\/ocb-crystal-rullmaskin\/","og_site_name":"Swizzle","article_modified_time":"2025-09-08T11:24:43+00:00","og_image":[{"width":342,"height":219,"url":"https:\/\/www.swizzle.se\/wp-content\/uploads\/2025\/06\/ocb-crystal-rolling-machine-e1749042926266.jpg","type":"image\/jpeg"}],"twitter_card":"summary_large_image","twitter_title":"OCB Crystal Rullmaskin","twitter_description":"OCB Crystal Rullmaskin. En rullmaskin som kan konkurrera med fabrikstillverkade cigaretter, utm\u00e4rkt f\u00f6r alla som vill ha kontroll \u00f6ver sina cigaretter.","twitter_misc":{"Pris":"46.00&nbsp;&#107;&#114;","Tilg\u00e6ngelighed":"P\u00e5 lager"},"schema":{"@context":"https:\/\/schema.org","@graph":[{"@type":"WebPage","@id":"https:\/\/www.swizzle.se\/produkt\/ocb-crystal-rullmaskin\/","url":"https:\/\/www.swizzle.se\/produkt\/ocb-crystal-rullmaskin\/","name":"OCB Crystal Rullmaskin","isPartOf":{"@id":"https:\/\/staging.swizzle.se\/#website"},"primaryImageOfPage":{"@id":"https:\/\/www.swizzle.se\/produkt\/ocb-crystal-rullmaskin\/#primaryimage"},"image":{"@id":"https:\/\/www.swizzle.se\/produkt\/ocb-crystal-rullmaskin\/#primaryimage"},"thumbnailUrl":"https:\/\/staging.swizzle.se\/wp-content\/uploads\/2025\/06\/ocb-crystal-rolling-machine-e1749042926266.jpg","datePublished":"2025-03-16T18:57:46+00:00","dateModified":"2025-09-08T11:24:43+00:00","description":"OCB Crystal Rullmaskin. En rullmaskin som kan konkurrera med fabrikstillverkade cigaretter, utm\u00e4rkt f\u00f6r alla som vill ha kontroll \u00f6ver sina cigaretter.","breadcrumb":{"@id":"https:\/\/www.swizzle.se\/produkt\/ocb-crystal-rullmaskin\/#breadcrumb"},"inLanguage":"da-DK","potentialAction":[{"@type":"ReadAction","target":["https:\/\/www.swizzle.se\/produkt\/ocb-crystal-rullmaskin\/"]}]},{"@type":"ImageObject","inLanguage":"da-DK","@id":"https:\/\/www.swizzle.se\/produkt\/ocb-crystal-rullmaskin\/#primaryimage","url":"https:\/\/staging.swizzle.se\/wp-content\/uploads\/2025\/06\/ocb-crystal-rolling-machine-e1749042926266.jpg","contentUrl":"https:\/\/staging.swizzle.se\/wp-content\/uploads\/2025\/06\/ocb-crystal-rolling-machine-e1749042926266.jpg","width":342,"height":219,"caption":"Crystal Rolling Machine"},{"@type":"BreadcrumbList","@id":"https:\/\/www.swizzle.se\/produkt\/ocb-crystal-rullmaskin\/#breadcrumb","itemListElement":[{"@type":"ListItem","position":1,"name":"Home","item":"https:\/\/www.swizzle.se\/"},{"@type":"ListItem","position":2,"name":"Shop","item":"https:\/\/www.swizzle.se\/shop\/"},{"@type":"ListItem","position":3,"name":"R\u00d6KTILLBEH\u00d6R","item":"https:\/\/www.swizzle.se\/produkt-kategori\/roktillbehor\/"},{"@type":"ListItem","position":4,"name":"CIGARETTMASKINER","item":"https:\/\/www.swizzle.se\/produkt-kategori\/roktillbehor\/cigarettmaskiner-roktillbehor\/"},{"@type":"ListItem","position":5,"name":"OCB Crystal Rullmaskin"}]},{"@type":"WebSite","@id":"https:\/\/staging.swizzle.se\/#website","url":"https:\/\/staging.swizzle.se\/","name":"Swizzle","description":"Nikotin CBD Vapes Snus Hvid Portion","publisher":{"@id":"https:\/\/staging.swizzle.se\/#organization"},"potentialAction":[{"@type":"SearchAction","target":{"@type":"EntryPoint","urlTemplate":"https:\/\/staging.swizzle.se\/?s={search_term_string}"},"query-input":{"@type":"PropertyValueSpecification","valueRequired":true,"valueName":"search_term_string"}}],"inLanguage":"da-DK"},{"@type":"Organization","@id":"https:\/\/staging.swizzle.se\/#organization","name":"Swizzle","url":"https:\/\/staging.swizzle.se\/","logo":{"@type":"ImageObject","inLanguage":"da-DK","@id":"https:\/\/staging.swizzle.se\/#\/schema\/logo\/image\/","url":"https:\/\/staging.swizzle.se\/wp-content\/uploads\/2025\/10\/cropped-SWIZZLE.-4.png","contentUrl":"https:\/\/staging.swizzle.se\/wp-content\/uploads\/2025\/10\/cropped-SWIZZLE.-4.png","width":800,"height":267,"caption":"Swizzle"},"image":{"@id":"https:\/\/staging.swizzle.se\/#\/schema\/logo\/image\/"},"hasMerchantReturnPolicy":{"@type":"MerchantReturnPolicy","merchantReturnLink":"https:\/\/staging.swizzle.se\/dk\/villkor\/"}}]},"product_price_amount":"46.00","product_price_currency":"SEK","og_availability":"instock","product_availability":"instock","product_retailer_item_id":"OCROLL","product_condition":"new"},"tiered_pricing_type":"fixed","tiered_pricing_fixed_rules":[],"tiered_pricing_product_settings":{"layout":"default","base_unit_name":{"singular":null,"plural":null},"default_variation":null},"tiered_pricing_minimum_quantity":null,"tiered_pricing_roles_data":[],"tiered_pricing_percentage_rules":[],"tiered_pricing_maximum_quantity":null,"tiered_pricing_quantity_step":null,"_links":{"self":[{"href":"https:\/\/staging.swizzle.se\/dk\/wp-json\/wp\/v2\/product\/259943","targetHints":{"allow":["GET"]}}],"collection":[{"href":"https:\/\/staging.swizzle.se\/dk\/wp-json\/wp\/v2\/product"}],"about":[{"href":"https:\/\/staging.swizzle.se\/dk\/wp-json\/wp\/v2\/types\/product"}],"replies":[{"embeddable":true,"href":"https:\/\/staging.swizzle.se\/dk\/wp-json\/wp\/v2\/comments?post=259943"}],"version-history":[{"count":0,"href":"https:\/\/staging.swizzle.se\/dk\/wp-json\/wp\/v2\/product\/259943\/revisions"}],"wp:featuredmedia":[{"embeddable":true,"href":"https:\/\/staging.swizzle.se\/dk\/wp-json\/wp\/v2\/media\/261337"}],"wp:attachment":[{"href":"https:\/\/staging.swizzle.se\/dk\/wp-json\/wp\/v2\/media?parent=259943"}],"wp:term":[{"taxonomy":"product_brand","embeddable":true,"href":"https:\/\/staging.swizzle.se\/dk\/wp-json\/wp\/v2\/product_brand?post=259943"},{"taxonomy":"product_cat","embeddable":true,"href":"https:\/\/staging.swizzle.se\/dk\/wp-json\/wp\/v2\/product_cat?post=259943"},{"taxonomy":"product_tag","embeddable":true,"href":"https:\/\/staging.swizzle.se\/dk\/wp-json\/wp\/v2\/product_tag?post=259943"},{"taxonomy":"superdeal","embeddable":true,"href":"https:\/\/staging.swizzle.se\/dk\/wp-json\/wp\/v2\/superdeal?post=259943"},{"taxonomy":"product_variant_id","embeddable":true,"href":"https:\/\/staging.swizzle.se\/dk\/wp-json\/wp\/v2\/product_variant_id?post=259943"}],"curies":[{"name":"wp","href":"https:\/\/api.w.org\/{rel}","templated":true}]}}